{"id":9138,"date":"2016-03-04T14:50:54","date_gmt":"2016-03-04T22:50:54","guid":{"rendered":"https:\/\/vermont.salk.edu\/?page_id=9138"},"modified":"2024-01-03T21:50:01","modified_gmt":"2024-01-04T05:50:01","slug":"salk-medal-for-research-excellence","status":"publish","type":"page","link":"https:\/\/www.salk.edu\/es\/events\/science-events\/salk-medal-for-research-excellence\/","title":{"rendered":"Medalla Salk por Excelencia en Investigaci\u00f3n"},"content":{"rendered":"<div class=\"col-md-6\">\n<p><strong>Robert A. Weinberg, PhD<\/strong><br \/>\nMi\u00e9rcoles, 13 de abril \u2013 2:30 p.m.<br \/>\nAuditorio Conrad T. Prebys<\/p>\n<p><a href=\"https:\/\/www.salk.edu\/wp-content\/uploads\/2016\/03\/weinberg.jpg\"><img loading=\"lazy\" decoding=\"async\" width=\"200\" height=\"246\" src=\"https:\/\/www.salk.edu\/wp-content\/uploads\/2016\/03\/weinberg.jpg\" alt=\"weinberg\" class=\"alignleft size-full wp-image-9147\" srcset=\"https:\/\/www.salk.edu\/wp-content\/uploads\/2016\/03\/weinberg.jpg 200w, https:\/\/www.salk.edu\/wp-content\/uploads\/2016\/03\/weinberg-147x181.jpg 147w\" sizes=\"auto, (max-width: 200px) 100vw, 200px\" \/><\/a><\/p>\n<p>Robert A. Weinberg, PhD<br \/>\nWhitehead Institute for Biomedical Research<br \/>\nCambridge, Massachusetts<\/p>\n<div class=\"clearfix\"><\/div>\n<p><\/p>\n<p>T\u00edtulo de la charla: <em>C\u00e9lulas Madre Cancerosas (CSC, por sus siglas en ingl\u00e9s) y los mecanismos de<br \/>\nProgresi\u00f3n maligna<\/em><\/p>\n<p>\nUna autoridad reconocida internacionalmente en la base gen\u00e9tica del c\u00e1ncer humano, Robert A. Weinberg es miembro fundador del Whitehead Institute for Biomedical Research y Profesor Daniel K. Ludwig de Investigaci\u00f3n del C\u00e1ncer en el Instituto Tecnol\u00f3gico de Massachusetts (MIT). En 1992, recibi\u00f3 el premio Gairdner Foundation International Award por<br \/>\nLogros en Ciencias M\u00e9dicas. Tambi\u00e9n es galardonado con la Medalla Nacional de Ciencias, el Premio Wolf y el Breakthrough Prize en Ciencias de la Vida. Es el primer Director del Ludwig Cancer Center del MIT. Durante las \u00faltimas tres d\u00e9cadas, Weinberg ha realizado descubrimientos revolucionarios en las bases moleculares y gen\u00e9ticas del c\u00e1ncer. Su laboratorio descubri\u00f3 el primer oncog\u00e9n en 1982 y el primer gen supresor de tumores en 1986. M\u00e1s recientemente, Weinberg y sus colegas fueron los primeros en definir las caracter\u00edsticas gen\u00e9ticas que una c\u00e9lula humana normal debe adquirir para transformarse en una c\u00e9lula de c\u00e1ncer humano.<\/p>\n<p>\n<em>\u201cMe complace que Robert Weinberg reciba la Medalla Salk, no solo por sus incre\u00edbles contribuciones cient\u00edficas, sino tambi\u00e9n porque tiene v\u00ednculos con el Instituto como investigador postdoctoral en el laboratorio de Renato Dulbecco a principios de la d\u00e9cada de 1970.\u2019<\/em><br \/>\n\u2014<strong>Inder Verma<\/strong>, profesor en el Laboratorio de Gen\u00e9tica de Salk y miembro del comit\u00e9 de selecci\u00f3n de la medalla\n<\/div>\n<div class=\"col-md-6\">\n<p><strong>SOLOMON H. SNYDER, MD, DSc, DPhil<\/strong><br \/>\nMi\u00e9rcoles, 13 de abril \u2013 4:00 p. m.<br \/>\nAuditorio Conrad T. Prebys<\/p>\n<p><a href=\"https:\/\/www.salk.edu\/wp-content\/uploads\/2016\/03\/solomon.jpg\"><img loading=\"lazy\" decoding=\"async\" width=\"200\" height=\"246\" src=\"https:\/\/www.salk.edu\/wp-content\/uploads\/2016\/03\/solomon.jpg\" alt=\"solomon\" class=\"alignleft size-full wp-image-9146\" srcset=\"https:\/\/www.salk.edu\/wp-content\/uploads\/2016\/03\/solomon.jpg 200w, https:\/\/www.salk.edu\/wp-content\/uploads\/2016\/03\/solomon-147x181.jpg 147w\" sizes=\"auto, (max-width: 200px) 100vw, 200px\" \/><\/a><\/p>\n<p>SOLOMON H. SNYDER, MD, DSc, DPhil<br \/>\nCatedr\u00e1tico de Neurociencia por Servicios Distinguidos<br \/>\nFarmacolog\u00eda y Psiquiatr\u00eda en la Facultad de Medicina de la Universidad Johns Hopkins<\/p>\n<div class=\"clearfix\"><\/div>\n<p><\/p>\n<p>T\u00edtulo de la charla: <em>Nuevos mensajeros neuronales<\/em><\/p>\n<p>Solomon H. Snyder, miembro de la Academia Nacional de Ciencias de EE. UU., es reconocido internacionalmente por su investigaci\u00f3n en neurofarmacolog\u00eda, buscando los mecanismos celulares por los cuales los neurotransmisores y los f\u00e1rmacos alteran la funci\u00f3n cerebral. A principios de la d\u00e9cada de 1970, descubri\u00f3 los receptores opi\u00e1ceos del cerebro y se le atribuye el impulso a una generaci\u00f3n de investigaci\u00f3n en neurop\u00e9ptidos, receptores y comportamiento. Es el destinatario del Premio Albert Lasker de Investigaci\u00f3n M\u00e9dica B\u00e1sica, el Premio Wolf, el Premio Bower, la Medalla Nacional de Ciencia y el Premio Albany Medical Center en Medicina e Investigaci\u00f3n Biom\u00e9dica.<\/p>\n<p>\nGraduado de la Universidad de Georgetown, Snyder es Profesor de Servicio Distinguido de Neurociencia, Farmacolog\u00eda y Psiquiatr\u00eda en la Facultad de Medicina de la Universidad Johns Hopkins. En 1980, fund\u00f3 el Departamento de Neurociencia, del cual fue director hasta 2006, cuando el departamento fue renombrado en su honor. Ayud\u00f3 a fundar las compa\u00f1\u00edas Nova Pharmaceuticals y Guilford Pharmaceuticals, y es el Director de Descubrimiento de F\u00e1rmacos en el Lieber Institute for Brain Development en Baltimore, MD.<\/p>\n<p>\n<em>\u201cSol Snyder es uno de los gigantes de la neurociencia moderna. Su trabajo ha definido la farmacolog\u00eda b\u00e1sica de la mayor\u00eda de los neurotransmisores cerebrales, sus receptores y sus transportadores, y se ha traducido en importantes terapias. Si se ha beneficiado de inhibidores selectivos de la recaptaci\u00f3n de serotonina como el Prozac, puede agradecer a Sol.\u201d<\/em><\/p>\n<p>\n\u2014<strong>Greg Lemke<\/strong>, profesor en el Laboratorio de Neurobiolog\u00eda Molecular de Salk y miembro del comit\u00e9 de selecci\u00f3n de la medalla<\/p>","protected":false},"excerpt":{"rendered":"<div class=\"col-md-6\">\n<p><strong>Robert A. Weinberg, PhD<\/strong><br \/>\nMi\u00e9rcoles, 13 de abril \u2013 2:30 p.m.<br \/>\nAuditorio Conrad T. Prebys<\/p>","protected":false},"author":3,"featured_media":0,"parent":46,"menu_order":0,"comment_status":"closed","ping_status":"closed","template":"","meta":{"_acf_changed":false,"footnotes":""},"folder":[509],"class_list":["post-9138","page","type-page","status-publish","hentry"],"acf":[],"yoast_head":"<!-- This site is optimized with the Yoast SEO plugin v27.3 - https:\/\/yoast.com\/product\/yoast-seo-wordpress\/ -->\n<title>Salk Medal for Research Excellence - Salk Institute for Biological Studies<\/title>\n<meta name=\"robots\" content=\"index, follow, max-snippet:-1, max-image-preview:large, max-video-preview:-1\" \/>\n<link rel=\"canonical\" href=\"https:\/\/www.salk.edu\/es\/events\/science-events\/salk-medal-for-research-excellence\/\" \/>\n<meta property=\"og:locale\" content=\"es_MX\" \/>\n<meta property=\"og:type\" content=\"article\" \/>\n<meta property=\"og:title\" content=\"Salk Medal for Research Excellence - Salk Institute for Biological Studies\" \/>\n<meta property=\"og:description\" content=\"ROBERT A. WEINBERG, PhD Wednesday, April 13 &#8211; 2:30 p.m. Conrad T. Prebys Auditorium\" \/>\n<meta property=\"og:url\" content=\"https:\/\/www.salk.edu\/es\/events\/science-events\/salk-medal-for-research-excellence\/\" \/>\n<meta property=\"og:site_name\" content=\"Salk Institute for Biological Studies\" \/>\n<meta property=\"article:modified_time\" content=\"2024-01-04T05:50:01+00:00\" \/>\n<meta property=\"og:image\" content=\"http:\/\/www.salk.edu\/wp-content\/uploads\/2016\/03\/weinberg.jpg\" \/>\n<meta name=\"twitter:card\" content=\"summary_large_image\" \/>\n<meta name=\"twitter:label1\" content=\"Est. reading time\" \/>\n\t<meta name=\"twitter:data1\" content=\"3 minutes\" \/>\n<script type=\"application\/ld+json\" class=\"yoast-schema-graph\">{\"@context\":\"https:\\\/\\\/schema.org\",\"@graph\":[{\"@type\":\"WebPage\",\"@id\":\"https:\\\/\\\/www.salk.edu\\\/events\\\/science-events\\\/salk-medal-for-research-excellence\\\/\",\"url\":\"https:\\\/\\\/www.salk.edu\\\/events\\\/science-events\\\/salk-medal-for-research-excellence\\\/\",\"name\":\"Salk Medal for Research Excellence - Salk Institute for Biological Studies\",\"isPartOf\":{\"@id\":\"https:\\\/\\\/www.salk.edu\\\/#website\"},\"primaryImageOfPage\":{\"@id\":\"https:\\\/\\\/www.salk.edu\\\/events\\\/science-events\\\/salk-medal-for-research-excellence\\\/#primaryimage\"},\"image\":{\"@id\":\"https:\\\/\\\/www.salk.edu\\\/events\\\/science-events\\\/salk-medal-for-research-excellence\\\/#primaryimage\"},\"thumbnailUrl\":\"http:\\\/\\\/www.salk.edu\\\/wp-content\\\/uploads\\\/2016\\\/03\\\/weinberg.jpg\",\"datePublished\":\"2016-03-04T22:50:54+00:00\",\"dateModified\":\"2024-01-04T05:50:01+00:00\",\"breadcrumb\":{\"@id\":\"https:\\\/\\\/www.salk.edu\\\/events\\\/science-events\\\/salk-medal-for-research-excellence\\\/#breadcrumb\"},\"inLanguage\":\"es-MX\",\"potentialAction\":[{\"@type\":\"ReadAction\",\"target\":[\"https:\\\/\\\/www.salk.edu\\\/events\\\/science-events\\\/salk-medal-for-research-excellence\\\/\"]}]},{\"@type\":\"ImageObject\",\"inLanguage\":\"es-MX\",\"@id\":\"https:\\\/\\\/www.salk.edu\\\/events\\\/science-events\\\/salk-medal-for-research-excellence\\\/#primaryimage\",\"url\":\"http:\\\/\\\/www.salk.edu\\\/wp-content\\\/uploads\\\/2016\\\/03\\\/weinberg.jpg\",\"contentUrl\":\"http:\\\/\\\/www.salk.edu\\\/wp-content\\\/uploads\\\/2016\\\/03\\\/weinberg.jpg\"},{\"@type\":\"BreadcrumbList\",\"@id\":\"https:\\\/\\\/www.salk.edu\\\/events\\\/science-events\\\/salk-medal-for-research-excellence\\\/#breadcrumb\",\"itemListElement\":[{\"@type\":\"ListItem\",\"position\":1,\"name\":\"Home\",\"item\":\"https:\\\/\\\/www.salk.edu\\\/\"},{\"@type\":\"ListItem\",\"position\":2,\"name\":\"Events\",\"item\":\"https:\\\/\\\/www.salk.edu\\\/events\\\/\"},{\"@type\":\"ListItem\",\"position\":3,\"name\":\"Science Events\",\"item\":\"https:\\\/\\\/www.salk.edu\\\/events\\\/science-events\\\/\"},{\"@type\":\"ListItem\",\"position\":4,\"name\":\"Salk Medal for Research Excellence\"}]},{\"@type\":\"WebSite\",\"@id\":\"https:\\\/\\\/www.salk.edu\\\/#website\",\"url\":\"https:\\\/\\\/www.salk.edu\\\/\",\"name\":\"Salk Institute for Biological Studies\",\"description\":\"The Power of Science\",\"publisher\":{\"@id\":\"https:\\\/\\\/www.salk.edu\\\/#organization\"},\"potentialAction\":[{\"@type\":\"SearchAction\",\"target\":{\"@type\":\"EntryPoint\",\"urlTemplate\":\"https:\\\/\\\/www.salk.edu\\\/?s={search_term_string}\"},\"query-input\":{\"@type\":\"PropertyValueSpecification\",\"valueRequired\":true,\"valueName\":\"search_term_string\"}}],\"inLanguage\":\"es-MX\"},{\"@type\":\"Organization\",\"@id\":\"https:\\\/\\\/www.salk.edu\\\/#organization\",\"name\":\"Salk Institute for Biological Studies\",\"url\":\"https:\\\/\\\/www.salk.edu\\\/\",\"logo\":{\"@type\":\"ImageObject\",\"inLanguage\":\"es-MX\",\"@id\":\"https:\\\/\\\/www.salk.edu\\\/#\\\/schema\\\/logo\\\/image\\\/\",\"url\":\"http:\\\/\\\/www.salk.edu\\\/wp-content\\\/uploads\\\/2023\\\/03\\\/salk_logo_696.jpg\",\"contentUrl\":\"http:\\\/\\\/www.salk.edu\\\/wp-content\\\/uploads\\\/2023\\\/03\\\/salk_logo_696.jpg\",\"width\":696,\"height\":696,\"caption\":\"Salk Institute for Biological Studies\"},\"image\":{\"@id\":\"https:\\\/\\\/www.salk.edu\\\/#\\\/schema\\\/logo\\\/image\\\/\"}}]}<\/script>\n<!-- \/ Yoast SEO plugin. -->","yoast_head_json":{"title":"Salk Medal for Research Excellence - Salk Institute for Biological Studies","robots":{"index":"index","follow":"follow","max-snippet":"max-snippet:-1","max-image-preview":"max-image-preview:large","max-video-preview":"max-video-preview:-1"},"canonical":"https:\/\/www.salk.edu\/es\/events\/science-events\/salk-medal-for-research-excellence\/","og_locale":"es_MX","og_type":"article","og_title":"Salk Medal for Research Excellence - Salk Institute for Biological Studies","og_description":"ROBERT A. WEINBERG, PhD Wednesday, April 13 &#8211; 2:30 p.m. Conrad T. Prebys Auditorium","og_url":"https:\/\/www.salk.edu\/es\/events\/science-events\/salk-medal-for-research-excellence\/","og_site_name":"Salk Institute for Biological Studies","article_modified_time":"2024-01-04T05:50:01+00:00","og_image":[{"url":"http:\/\/www.salk.edu\/wp-content\/uploads\/2016\/03\/weinberg.jpg","type":"","width":"","height":""}],"twitter_card":"summary_large_image","twitter_misc":{"Est. reading time":"3 minutes"},"schema":{"@context":"https:\/\/schema.org","@graph":[{"@type":"WebPage","@id":"https:\/\/www.salk.edu\/events\/science-events\/salk-medal-for-research-excellence\/","url":"https:\/\/www.salk.edu\/events\/science-events\/salk-medal-for-research-excellence\/","name":"Salk Medal for Research Excellence - Salk Institute for Biological Studies","isPartOf":{"@id":"https:\/\/www.salk.edu\/#website"},"primaryImageOfPage":{"@id":"https:\/\/www.salk.edu\/events\/science-events\/salk-medal-for-research-excellence\/#primaryimage"},"image":{"@id":"https:\/\/www.salk.edu\/events\/science-events\/salk-medal-for-research-excellence\/#primaryimage"},"thumbnailUrl":"http:\/\/www.salk.edu\/wp-content\/uploads\/2016\/03\/weinberg.jpg","datePublished":"2016-03-04T22:50:54+00:00","dateModified":"2024-01-04T05:50:01+00:00","breadcrumb":{"@id":"https:\/\/www.salk.edu\/events\/science-events\/salk-medal-for-research-excellence\/#breadcrumb"},"inLanguage":"es-MX","potentialAction":[{"@type":"ReadAction","target":["https:\/\/www.salk.edu\/events\/science-events\/salk-medal-for-research-excellence\/"]}]},{"@type":"ImageObject","inLanguage":"es-MX","@id":"https:\/\/www.salk.edu\/events\/science-events\/salk-medal-for-research-excellence\/#primaryimage","url":"http:\/\/www.salk.edu\/wp-content\/uploads\/2016\/03\/weinberg.jpg","contentUrl":"http:\/\/www.salk.edu\/wp-content\/uploads\/2016\/03\/weinberg.jpg"},{"@type":"BreadcrumbList","@id":"https:\/\/www.salk.edu\/events\/science-events\/salk-medal-for-research-excellence\/#breadcrumb","itemListElement":[{"@type":"ListItem","position":1,"name":"Home","item":"https:\/\/www.salk.edu\/"},{"@type":"ListItem","position":2,"name":"Events","item":"https:\/\/www.salk.edu\/events\/"},{"@type":"ListItem","position":3,"name":"Science Events","item":"https:\/\/www.salk.edu\/events\/science-events\/"},{"@type":"ListItem","position":4,"name":"Salk Medal for Research Excellence"}]},{"@type":"WebSite","@id":"https:\/\/www.salk.edu\/#website","url":"https:\/\/www.salk.edu\/","name":"Instituto Salk de Estudios Biol\u00f3gicos","description":"El Poder de la Ciencia","publisher":{"@id":"https:\/\/www.salk.edu\/#organization"},"potentialAction":[{"@type":"SearchAction","target":{"@type":"EntryPoint","urlTemplate":"https:\/\/www.salk.edu\/?s={search_term_string}"},"query-input":{"@type":"PropertyValueSpecification","valueRequired":true,"valueName":"search_term_string"}}],"inLanguage":"es-MX"},{"@type":"Organization","@id":"https:\/\/www.salk.edu\/#organization","name":"Instituto Salk de Estudios Biol\u00f3gicos","url":"https:\/\/www.salk.edu\/","logo":{"@type":"ImageObject","inLanguage":"es-MX","@id":"https:\/\/www.salk.edu\/#\/schema\/logo\/image\/","url":"http:\/\/www.salk.edu\/wp-content\/uploads\/2023\/03\/salk_logo_696.jpg","contentUrl":"http:\/\/www.salk.edu\/wp-content\/uploads\/2023\/03\/salk_logo_696.jpg","width":696,"height":696,"caption":"Salk Institute for Biological Studies"},"image":{"@id":"https:\/\/www.salk.edu\/#\/schema\/logo\/image\/"}}]}},"ACF":{"gallery":false,"secondary_navigation":false},"_links":{"self":[{"href":"https:\/\/www.salk.edu\/es\/wp-json\/wp\/v2\/pages\/9138","targetHints":{"allow":["GET"]}}],"collection":[{"href":"https:\/\/www.salk.edu\/es\/wp-json\/wp\/v2\/pages"}],"about":[{"href":"https:\/\/www.salk.edu\/es\/wp-json\/wp\/v2\/types\/page"}],"author":[{"embeddable":true,"href":"https:\/\/www.salk.edu\/es\/wp-json\/wp\/v2\/users\/3"}],"replies":[{"embeddable":true,"href":"https:\/\/www.salk.edu\/es\/wp-json\/wp\/v2\/comments?post=9138"}],"version-history":[{"count":16,"href":"https:\/\/www.salk.edu\/es\/wp-json\/wp\/v2\/pages\/9138\/revisions"}],"predecessor-version":[{"id":9191,"href":"https:\/\/www.salk.edu\/es\/wp-json\/wp\/v2\/pages\/9138\/revisions\/9191"}],"up":[{"embeddable":true,"href":"https:\/\/www.salk.edu\/es\/wp-json\/wp\/v2\/pages\/46"}],"wp:attachment":[{"href":"https:\/\/www.salk.edu\/es\/wp-json\/wp\/v2\/media?parent=9138"}],"wp:term":[{"taxonomy":"folder","embeddable":true,"href":"https:\/\/www.salk.edu\/es\/wp-json\/wp\/v2\/folder?post=9138"}],"curies":[{"name":"la hora de","href":"https:\/\/api.w.org\/{rel}","templated":true}]}}