{"id":7422,"date":"2015-11-12T21:52:56","date_gmt":"2015-11-13T05:52:56","guid":{"rendered":"https:\/\/vermont.salk.edu\/?page_id=7422"},"modified":"2024-02-12T21:55:11","modified_gmt":"2024-02-13T05:55:11","slug":"location-2","status":"publish","type":"page","link":"https:\/\/www.salk.edu\/es\/events\/science-events\/salk-ipsen-science-2018\/location-2\/","title":{"rendered":"Ubicaci\u00f3n y Alojamiento"},"content":{"rendered":"<h2>Informaci\u00f3n de viaje<\/h2>\n<p><strong>Direcci\u00f3n\/n\u00fameros de tel\u00e9fono de contacto mientras asistes a la reuni\u00f3n<\/strong><br \/>\n Instituto Salk de Estudios Biol\u00f3gicos <br \/>\n  10010 N. Torrey Pines Road <\/p>\n<p> La Jolla, CA 92037<br \/>\n +1 (858) 453-4100 (tel\u00e9fono) <br \/>\n +1 (858) 625-2404 (fax)<\/p>\n<p>\n <strong>Sitio web del Aeropuerto Internacional de San Diego:<\/strong><br \/>\n <a href=\"http:\/\/www.san.org\/\" target=\"_blank\" rel=\"noopener\">www.san.org<\/a> <\/p>\n<p><\/p>\n<p>\n <strong>servicio de taxi<\/strong><br \/>\n Yellow Cab +1 (619) 234-6161<\/p>\n<p><\/p>\n<p>\n <strong>Servicio de tren:<\/strong><br \/>\n Amtrak +1 (800) 872-7245 <\/p>\n<p><\/p>\n<p>\n <strong>Transporte P\u00fablico de San Diego<\/strong><br \/>\n +1 (619) 233-3004<\/p>\n<p><\/p>\n<p>\n <strong>Servicio de transporte<\/strong>\n<\/p>\n<ul class=\"indent\">\n<li><strong>Cloud 9 Shuttle<br \/>\n <\/strong>+1 (800) 974-8885 <a href=\"http:\/\/www.cloud9shuttle.com\/\" target=\"_blank\" rel=\"noopener\"><br \/>\n www.cloud9shuttle.com<\/a><\/li>\n<li><strong>Super Shuttle<\/strong> \n<p>   +1 (800) 900-7433<br \/>\n   <a href=\"http:\/\/www.supershuttle.com\/\" target=\"_blank\" rel=\"noopener\">www.supershuttle.com\/<\/a><\/li>\n<\/ul>\n<p><\/p>\n<p>Al reservar el servicio de transporte, use la direcci\u00f3n del Instituto Salk indicada arriba si sale del Instituto.<\/p>\n<p>&nbsp;<\/p>\n<h2>Direcciones al Instituto Salk<\/h2>\n<p><a href=\"https:\/\/www.salk.edu\/wp-content\/uploads\/2015\/11\/MAPsalkcampus.jpg\" target=\"_blank\" rel=\"noopener\">Ver mapa Salk\u00bb<\/a><\/p>\n<p> El Instituto Salk se asoma al Oc\u00e9ano Pac\u00edfico, justo al oeste de la Universidad de California en San Diego.<br \/>\n Nuestra direcci\u00f3n es:<br \/>\n 10010 N Torrey Pines Rd<br \/>\n La Jolla, CA 92037<\/p>\n<p>\n<\/p>\n<p>\n <strong>C\u00f3mo llegar al Instituto Salk<\/strong><\/p>\n<p> <strong>Desde el Norte:<\/strong><br \/>\n Use la I-5 Sur<br \/>\n Sal de Genesee Ave y gira a la derecha (en direcci\u00f3n Oeste)<br \/>\n Dobla a la izquierda en North Torrey Pines Road<br \/>\n Conduce 1\/8 de milla, el Instituto estar\u00e1 a tu derecha<\/p>\n<p>\n<\/p>\n<p>\n <strong>Desde el Sur:<\/strong><br \/>\n Usa la I-5 Norte<br \/>\n Sal de Genesee Ave y gira a la izquierda (direcci\u00f3n Oeste)<br \/>\n Dobla a la izquierda en North Torrey Pines Road<br \/>\n Conduce 1\/8 de milla, el Instituto estar\u00e1 a tu derecha\n<\/p>\n<\/p>\n<p>\n El estacionamiento est\u00e1 disponible justo al oeste del Instituto en Torrey Pines Scenic Drive, en el lote de grava.<br \/>\n El \u00e1rea de recepci\u00f3n se encuentra en el ala sur.<br \/>\n La reuni\u00f3n ser\u00e1 en el vest\u00edbulo, bajando la escalera.<\/p>\n<h2>Alojamiento<\/h2>\n<p><a href=\"https:\/\/www.salk.edu\/es\/about\/hotels\/\">Haga clic aqu\u00ed para ver tarifas e informaci\u00f3n de hoteles\u00bb<\/a><\/p>","protected":false},"excerpt":{"rendered":"<h2>Informaci\u00f3n de viaje<\/h2>\n<p><strong>Direcci\u00f3n\/n\u00fameros de tel\u00e9fono de contacto mientras asistes a la reuni\u00f3n<\/strong><br \/>\n Instituto Salk de Estudios Biol\u00f3gicos <br \/>\n  10010 N. Torrey Pines Road <\/p>","protected":false},"author":3,"featured_media":0,"parent":7411,"menu_order":0,"comment_status":"closed","ping_status":"closed","template":"","meta":{"_acf_changed":false,"footnotes":""},"folder":[496],"class_list":["post-7422","page","type-page","status-publish","hentry"],"acf":[],"yoast_head":"<!-- This site is optimized with the Yoast SEO plugin v27.3 - https:\/\/yoast.com\/product\/yoast-seo-wordpress\/ -->\n<title>Location and Accommodations - Salk Institute for Biological Studies<\/title>\n<meta name=\"robots\" content=\"index, follow, max-snippet:-1, max-image-preview:large, max-video-preview:-1\" \/>\n<link rel=\"canonical\" href=\"https:\/\/www.salk.edu\/es\/events\/science-events\/salk-ipsen-science-2018\/location-2\/\" \/>\n<meta property=\"og:locale\" content=\"es_MX\" \/>\n<meta property=\"og:type\" content=\"article\" \/>\n<meta property=\"og:title\" content=\"Location and Accommodations - Salk Institute for Biological Studies\" \/>\n<meta property=\"og:description\" content=\"Travel Information Contact address\/phone numbers while you&#8217;re attending the meeting Salk Institute for Biological Studies  10010 N. Torrey Pines Road\" \/>\n<meta property=\"og:url\" content=\"https:\/\/www.salk.edu\/es\/events\/science-events\/salk-ipsen-science-2018\/location-2\/\" \/>\n<meta property=\"og:site_name\" content=\"Salk Institute for Biological Studies\" \/>\n<meta property=\"article:modified_time\" content=\"2024-02-13T05:55:11+00:00\" \/>\n<meta property=\"og:image\" content=\"https:\/\/www.salk.edu\/wp-content\/uploads\/2023\/03\/salk-institute-preview-image.jpg\" \/>\n\t<meta property=\"og:image:width\" content=\"628\" \/>\n\t<meta property=\"og:image:height\" content=\"329\" \/>\n\t<meta property=\"og:image:type\" content=\"image\/jpeg\" \/>\n<meta name=\"twitter:card\" content=\"summary_large_image\" \/>\n<meta name=\"twitter:label1\" content=\"Est. reading time\" \/>\n\t<meta name=\"twitter:data1\" content=\"2 minutes\" \/>\n<script type=\"application\/ld+json\" class=\"yoast-schema-graph\">{\"@context\":\"https:\\\/\\\/schema.org\",\"@graph\":[{\"@type\":\"WebPage\",\"@id\":\"https:\\\/\\\/www.salk.edu\\\/events\\\/science-events\\\/salk-ipsen-science-2018\\\/location-2\\\/\",\"url\":\"https:\\\/\\\/www.salk.edu\\\/events\\\/science-events\\\/salk-ipsen-science-2018\\\/location-2\\\/\",\"name\":\"Location and Accommodations - Salk Institute for Biological Studies\",\"isPartOf\":{\"@id\":\"https:\\\/\\\/www.salk.edu\\\/#website\"},\"datePublished\":\"2015-11-13T05:52:56+00:00\",\"dateModified\":\"2024-02-13T05:55:11+00:00\",\"breadcrumb\":{\"@id\":\"https:\\\/\\\/www.salk.edu\\\/events\\\/science-events\\\/salk-ipsen-science-2018\\\/location-2\\\/#breadcrumb\"},\"inLanguage\":\"es-MX\",\"potentialAction\":[{\"@type\":\"ReadAction\",\"target\":[\"https:\\\/\\\/www.salk.edu\\\/events\\\/science-events\\\/salk-ipsen-science-2018\\\/location-2\\\/\"]}]},{\"@type\":\"BreadcrumbList\",\"@id\":\"https:\\\/\\\/www.salk.edu\\\/events\\\/science-events\\\/salk-ipsen-science-2018\\\/location-2\\\/#breadcrumb\",\"itemListElement\":[{\"@type\":\"ListItem\",\"position\":1,\"name\":\"Home\",\"item\":\"https:\\\/\\\/www.salk.edu\\\/\"},{\"@type\":\"ListItem\",\"position\":2,\"name\":\"Events\",\"item\":\"https:\\\/\\\/www.salk.edu\\\/events\\\/\"},{\"@type\":\"ListItem\",\"position\":3,\"name\":\"Science Events\",\"item\":\"https:\\\/\\\/www.salk.edu\\\/events\\\/science-events\\\/\"},{\"@type\":\"ListItem\",\"position\":4,\"name\":\"January 22-24, 2018\",\"item\":\"https:\\\/\\\/www.salk.edu\\\/events\\\/science-events\\\/salk-ipsen-science-2018\\\/\"},{\"@type\":\"ListItem\",\"position\":5,\"name\":\"Location and Accommodations\"}]},{\"@type\":\"WebSite\",\"@id\":\"https:\\\/\\\/www.salk.edu\\\/#website\",\"url\":\"https:\\\/\\\/www.salk.edu\\\/\",\"name\":\"Salk Institute for Biological Studies\",\"description\":\"The Power of Science\",\"publisher\":{\"@id\":\"https:\\\/\\\/www.salk.edu\\\/#organization\"},\"potentialAction\":[{\"@type\":\"SearchAction\",\"target\":{\"@type\":\"EntryPoint\",\"urlTemplate\":\"https:\\\/\\\/www.salk.edu\\\/?s={search_term_string}\"},\"query-input\":{\"@type\":\"PropertyValueSpecification\",\"valueRequired\":true,\"valueName\":\"search_term_string\"}}],\"inLanguage\":\"es-MX\"},{\"@type\":\"Organization\",\"@id\":\"https:\\\/\\\/www.salk.edu\\\/#organization\",\"name\":\"Salk Institute for Biological Studies\",\"url\":\"https:\\\/\\\/www.salk.edu\\\/\",\"logo\":{\"@type\":\"ImageObject\",\"inLanguage\":\"es-MX\",\"@id\":\"https:\\\/\\\/www.salk.edu\\\/#\\\/schema\\\/logo\\\/image\\\/\",\"url\":\"http:\\\/\\\/www.salk.edu\\\/wp-content\\\/uploads\\\/2023\\\/03\\\/salk_logo_696.jpg\",\"contentUrl\":\"http:\\\/\\\/www.salk.edu\\\/wp-content\\\/uploads\\\/2023\\\/03\\\/salk_logo_696.jpg\",\"width\":696,\"height\":696,\"caption\":\"Salk Institute for Biological Studies\"},\"image\":{\"@id\":\"https:\\\/\\\/www.salk.edu\\\/#\\\/schema\\\/logo\\\/image\\\/\"}}]}<\/script>\n<!-- \/ Yoast SEO plugin. -->","yoast_head_json":{"title":"Location and Accommodations - Salk Institute for Biological Studies","robots":{"index":"index","follow":"follow","max-snippet":"max-snippet:-1","max-image-preview":"max-image-preview:large","max-video-preview":"max-video-preview:-1"},"canonical":"https:\/\/www.salk.edu\/es\/events\/science-events\/salk-ipsen-science-2018\/location-2\/","og_locale":"es_MX","og_type":"article","og_title":"Location and Accommodations - Salk Institute for Biological Studies","og_description":"Travel Information Contact address\/phone numbers while you&#8217;re attending the meeting Salk Institute for Biological Studies  10010 N. Torrey Pines Road","og_url":"https:\/\/www.salk.edu\/es\/events\/science-events\/salk-ipsen-science-2018\/location-2\/","og_site_name":"Salk Institute for Biological Studies","article_modified_time":"2024-02-13T05:55:11+00:00","og_image":[{"width":628,"height":329,"url":"https:\/\/www.salk.edu\/wp-content\/uploads\/2023\/03\/salk-institute-preview-image.jpg","type":"image\/jpeg"}],"twitter_card":"summary_large_image","twitter_misc":{"Est. reading time":"2 minutes"},"schema":{"@context":"https:\/\/schema.org","@graph":[{"@type":"WebPage","@id":"https:\/\/www.salk.edu\/events\/science-events\/salk-ipsen-science-2018\/location-2\/","url":"https:\/\/www.salk.edu\/events\/science-events\/salk-ipsen-science-2018\/location-2\/","name":"Location and Accommodations - Salk Institute for Biological Studies","isPartOf":{"@id":"https:\/\/www.salk.edu\/#website"},"datePublished":"2015-11-13T05:52:56+00:00","dateModified":"2024-02-13T05:55:11+00:00","breadcrumb":{"@id":"https:\/\/www.salk.edu\/events\/science-events\/salk-ipsen-science-2018\/location-2\/#breadcrumb"},"inLanguage":"es-MX","potentialAction":[{"@type":"ReadAction","target":["https:\/\/www.salk.edu\/events\/science-events\/salk-ipsen-science-2018\/location-2\/"]}]},{"@type":"BreadcrumbList","@id":"https:\/\/www.salk.edu\/events\/science-events\/salk-ipsen-science-2018\/location-2\/#breadcrumb","itemListElement":[{"@type":"ListItem","position":1,"name":"Home","item":"https:\/\/www.salk.edu\/"},{"@type":"ListItem","position":2,"name":"Events","item":"https:\/\/www.salk.edu\/events\/"},{"@type":"ListItem","position":3,"name":"Science Events","item":"https:\/\/www.salk.edu\/events\/science-events\/"},{"@type":"ListItem","position":4,"name":"January 22-24, 2018","item":"https:\/\/www.salk.edu\/events\/science-events\/salk-ipsen-science-2018\/"},{"@type":"ListItem","position":5,"name":"Location and Accommodations"}]},{"@type":"WebSite","@id":"https:\/\/www.salk.edu\/#website","url":"https:\/\/www.salk.edu\/","name":"Instituto Salk de Estudios Biol\u00f3gicos","description":"El Poder de la Ciencia","publisher":{"@id":"https:\/\/www.salk.edu\/#organization"},"potentialAction":[{"@type":"SearchAction","target":{"@type":"EntryPoint","urlTemplate":"https:\/\/www.salk.edu\/?s={search_term_string}"},"query-input":{"@type":"PropertyValueSpecification","valueRequired":true,"valueName":"search_term_string"}}],"inLanguage":"es-MX"},{"@type":"Organization","@id":"https:\/\/www.salk.edu\/#organization","name":"Instituto Salk de Estudios Biol\u00f3gicos","url":"https:\/\/www.salk.edu\/","logo":{"@type":"ImageObject","inLanguage":"es-MX","@id":"https:\/\/www.salk.edu\/#\/schema\/logo\/image\/","url":"http:\/\/www.salk.edu\/wp-content\/uploads\/2023\/03\/salk_logo_696.jpg","contentUrl":"http:\/\/www.salk.edu\/wp-content\/uploads\/2023\/03\/salk_logo_696.jpg","width":696,"height":696,"caption":"Salk Institute for Biological Studies"},"image":{"@id":"https:\/\/www.salk.edu\/#\/schema\/logo\/image\/"}}]}},"ACF":{"hero":"https:\/\/www.salk.edu\/wp-content\/uploads\/2015\/11\/IPSEN-2018-websm.jpg","line_1":"","line_2":"","gallery":false,"secondary_navigation":"<div class=\"menu-salk-nature-ipsen-2016-container\"><ul id=\"menu-salk-nature-ipsen-2016\" class=\"menu\"><li class=\"menu-item menu-item-type-post_type menu-item-object-page menu-item-7432\"><a href=\"https:\/\/www.salk.edu\/es\/events\/science-events\/salk-ipsen-science-2018\/\">Overview<\/a><\/li>\n<li class=\"menu-item menu-item-type-post_type menu-item-object-page menu-item-7433\"><a href=\"https:\/\/www.salk.edu\/es\/events\/science-events\/salk-ipsen-science-2018\/program\/\">Program<\/a><\/li>\n<li class=\"menu-item menu-item-type-post_type menu-item-object-page menu-item-7430\"><a href=\"https:\/\/www.salk.edu\/es\/events\/science-events\/salk-ipsen-science-2018\/register\/\">Register<\/a><\/li>\n<li class=\"menu-item menu-item-type-post_type menu-item-object-page menu-item-7429\"><a href=\"https:\/\/www.salk.edu\/es\/events\/science-events\/salk-ipsen-science-2018\/abstract-submission-3\/\">Abstracts<\/a><\/li>\n<li class=\"menu-item menu-item-type-post_type menu-item-object-page menu-item-11308\"><a href=\"https:\/\/www.salk.edu\/es\/events\/science-events\/salk-ipsen-science-2018\/organizers\/\">Organizers<\/a><\/li>\n<li class=\"menu-item menu-item-type-post_type menu-item-object-page menu-item-7427\"><a href=\"https:\/\/www.salk.edu\/es\/events\/science-events\/salk-ipsen-science-2018\/location-2\/\">Location<\/a><\/li>\n<li class=\"menu-item menu-item-type-post_type menu-item-object-page menu-item-7426\"><a href=\"https:\/\/www.salk.edu\/es\/events\/science-events\/salk-ipsen-science-2018\/contact\/\">Contact<\/a><\/li>\n<\/ul><\/div>","salk_custom_body_class":"","poster_quote":""},"_links":{"self":[{"href":"https:\/\/www.salk.edu\/es\/wp-json\/wp\/v2\/pages\/7422","targetHints":{"allow":["GET"]}}],"collection":[{"href":"https:\/\/www.salk.edu\/es\/wp-json\/wp\/v2\/pages"}],"about":[{"href":"https:\/\/www.salk.edu\/es\/wp-json\/wp\/v2\/types\/page"}],"author":[{"embeddable":true,"href":"https:\/\/www.salk.edu\/es\/wp-json\/wp\/v2\/users\/3"}],"replies":[{"embeddable":true,"href":"https:\/\/www.salk.edu\/es\/wp-json\/wp\/v2\/comments?post=7422"}],"version-history":[{"count":16,"href":"https:\/\/www.salk.edu\/es\/wp-json\/wp\/v2\/pages\/7422\/revisions"}],"predecessor-version":[{"id":47587,"href":"https:\/\/www.salk.edu\/es\/wp-json\/wp\/v2\/pages\/7422\/revisions\/47587"}],"up":[{"embeddable":true,"href":"https:\/\/www.salk.edu\/es\/wp-json\/wp\/v2\/pages\/7411"}],"wp:attachment":[{"href":"https:\/\/www.salk.edu\/es\/wp-json\/wp\/v2\/media?parent=7422"}],"wp:term":[{"taxonomy":"folder","embeddable":true,"href":"https:\/\/www.salk.edu\/es\/wp-json\/wp\/v2\/folder?post=7422"}],"curies":[{"name":"la hora de","href":"https:\/\/api.w.org\/{rel}","templated":true}]}}