{"id":56319,"date":"2026-03-24T17:48:07","date_gmt":"2026-03-25T00:48:07","guid":{"rendered":"https:\/\/www.salk.edu\/?page_id=56319"},"modified":"2026-03-27T15:32:39","modified_gmt":"2026-03-27T22:32:39","slug":"partners-in-research","status":"publish","type":"page","link":"https:\/\/www.salk.edu\/es\/support-us\/partners-in-research\/","title":{"rendered":"Donaciones de Legado: Socios en Investigaci\u00f3n"},"content":{"rendered":"<p>\u00danete a Socios en Investigaci\u00f3n de Salk y forma parte de una comunidad de simpatizantes que ayudan a hacer posibles los descubrimientos del ma\u00f1ana. Al incluir al Instituto Salk en tus planes patrimoniales, creas un legado que impulsa la ciencia impulsada por la curiosidad, bas\u00e1ndote en la tradici\u00f3n de Jonas Salk de hacer las preguntas fundamentales que conducen a futuros avances.<\/p>\r\n\r\n<p>En agradecimiento, los Socios en Investigaci\u00f3n reciben invitaciones a recepciones especiales, conferencias y experiencias entre bastidores, oportunidades para mantenerse cerca de los descubrimientos m\u00e1s recientes de Salk y las personas que los hacen. De todos los legados que puedes dejar, el conocimiento es uno de los m\u00e1s perdurables.<\/p>\r\n\r\n<h2 style=\"text-align: center; margin-bottom: 20px;\">\u00bfTienes una pregunta?<\/h2>\r\n\r\n<p style=\"text-align: center;\"><a href=\"https:\/\/www.salk.edu\/es\/support-us\/contact-us\/\" class=\"btn -expand\">Cont\u00e1ctanos<\/a><\/p>\r\n\r\n<hr>\r\n\r\n<p style=\"font-size: 20px; text-transform: uppercase; margin-bottom: 5px;\"><strong>Activos de Planificaci\u00f3n Patrimonial<\/strong><\/p>\r\n\r\n<div class=\"row\">\r\n<!-- Cash -->\r\n<div class=\"col-sm-12 col-md-4 col-lg-4\" style=\"margin-bottom: 40px;\">\r\n<figure><img decoding=\"async\" class=\"img-responsive center-block\" src=\"https:\/\/www.salk.edu\/wp-content\/uploads\/2026\/03\/26-pir-img-1.jpg\" alt=\"Cash\" \/><\/figure>\r\n\r\n<h2 style=\"margin-top: 10px;\">Efectivo<\/h2>\r\n\r\n<p style=\"margin-bottom: 0;\">Las formas m\u00e1s populares de dar este activo:<\/p>\r\n\r\n<ul style=\"margin-top: 0;\">\r\n<li>Regalo en efectivo<\/li>\r\n<li>Legado en su testamento o fideicomiso en vida<\/li>\r\n<li>Anualidad de donaci\u00f3n caritativa<\/li>\r\n<li>Fondo asesorado por el donante<\/li>\r\n<li>Fideicomiso de remanente caritativo<\/li>\r\n<li>Fideicomiso ben\u00e9fico con pago anticipado<\/li>\r\n<\/ul>\r\n<\/div>\r\n<!-- End Cash -->\r\n\r\n<!-- Appreciated Securities -->\r\n<div class=\"col-sm-12 col-md-4 col-lg-4\" style=\"margin-bottom: 40px;\">\r\n<figure><img decoding=\"async\" class=\"img-responsive center-block\" src=\"https:\/\/www.salk.edu\/wp-content\/uploads\/2026\/03\/26-pir-img-2.jpg\" alt=\"Appreciated Securities\" \/><\/figure>\r\n\r\n<h2 style=\"margin-top: 10px;\">Valores apreciados<\/h2>\r\n\r\n<p style=\"margin-bottom: 0;\">Las formas m\u00e1s populares de dar este activo:<\/p>\r\n\r\n<ul style=\"margin-top: 0;\">\r\n<li>Donaci\u00f3n directa de valores apreciados<\/li>\r\n<li>Legado en su testamento o fideicomiso en vida<\/li>\r\n<li>Anualidad de donaci\u00f3n caritativa<\/li>\r\n<li>Fondo asesorado por el donante<\/li>\r\n<li>Fideicomiso de remanente caritativo<\/li>\r\n<li>Fideicomiso ben\u00e9fico con pago anticipado<\/li>\r\n<\/ul>\r\n<\/div>\r\n<!-- End Appreciated Securities -->\r\n\r\n<!-- Retirement Plan Assets -->\r\n<div class=\"col-sm-12 col-md-4 col-lg-4\" style=\"margin-bottom: 40px;\">\r\n<figure><img decoding=\"async\" class=\"img-responsive center-block\" src=\"https:\/\/www.salk.edu\/wp-content\/uploads\/2026\/03\/26-pir-img-3.jpg\" alt=\"Retirement Plan Assets\" \/><\/figure>\r\n\r\n<h2 style=\"margin-top: 10px;\">Activos del plan de jubilaci\u00f3n<\/h2>\r\n\r\n<p style=\"margin-bottom: 0;\">Las formas m\u00e1s populares de dar este activo:<\/p>\r\n\r\n<ul style=\"margin-top: 0;\">\r\n<li>Designaciones de beneficiarios<\/li>\r\n<li>Donaciones inteligentes desde tu IRA<\/li>\r\n<li>Fideicomiso de remanente caritativo<\/li>\r\n<li>Fondo asesorado por el donante<\/li>\r\n<\/ul>\r\n<\/div>\r\n<!-- End Retirement Plan Assets -->\r\n<\/div>\r\n\r\n<div class=\"row\">\r\n<!-- Life Insurances -->\r\n<div class=\"col-sm-12 col-md-4 col-lg-4\" style=\"margin-bottom: 40px;\">\r\n<figure><img decoding=\"async\" class=\"img-responsive center-block\" src=\"https:\/\/www.salk.edu\/wp-content\/uploads\/2026\/03\/26-pir-img-4.jpg\" alt=\"Life Insurance\" \/><\/figure>\r\n\r\n<h2 style=\"margin-top: 10px;\">Seguro de vida<\/h2>\r\n\r\n<p style=\"margin-bottom: 0;\">Las formas m\u00e1s populares de dar este activo:<\/p>\r\n\r\n<ul style=\"margin-top: 0;\">\r\n<li>Donaci\u00f3n en vida de seguro de vida<\/li>\r\n<li>Designaciones de beneficiarios<\/li>\r\n<\/ul>\r\n<\/div>\r\n<!-- End Life Insurance -->\r\n\r\n<!-- Real Estate -->\r\n<div class=\"col-sm-12 col-md-4 col-lg-4\" style=\"margin-bottom: 40px;\">\r\n<figure><img decoding=\"async\" class=\"img-responsive center-block\" src=\"https:\/\/www.salk.edu\/wp-content\/uploads\/2026\/03\/26-pir-img-5.jpg\" alt=\"Real Estate\" \/><\/figure>\r\n\r\n<h2 style=\"margin-top: 10px;\">Bienes ra\u00edces<\/h2>\r\n\r\n<p style=\"margin-bottom: 0;\">Las formas m\u00e1s populares de dar este activo:<\/p>\r\n\r\n<ul style=\"margin-top: 0;\">\r\n<li>Bienes ra\u00edces<\/li>\r\n<li>Legado en su testamento o fideicomiso en vida<\/li>\r\n<li>Anualidad de donaci\u00f3n caritativa<\/li>\r\n<li>Fideicomiso de remanente caritativo<\/li>\r\n<li>Fideicomiso ben\u00e9fico con pago anticipado<\/li>\r\n<\/ul>\r\n<\/div>\r\n<!-- End Real Estate -->\r\n\r\n<!-- Donor Advised Fund -->\r\n<div class=\"col-sm-12 col-md-4 col-lg-4\" style=\"margin-bottom: 40px;\">\r\n<figure><img decoding=\"async\" class=\"img-responsive center-block\" src=\"https:\/\/www.salk.edu\/wp-content\/uploads\/2026\/03\/26-pir-img-6.jpg\" alt=\"Donor Advised Fund\" \/><\/figure>\r\n\r\n<h2 style=\"margin-top: 10px;\">Fondo asesorado por el donante<\/h2>\r\n<\/div>\r\n<!-- End Donor Advised Fund -->\r\n<\/div>\r\n\r\n<hr>\r\n\r\n<p style=\"text-align: center;\"><strong>N\u00famero de identificaci\u00f3n fiscal federal: #95-2160097<\/strong><\/p>","protected":false},"excerpt":{"rendered":"<p>\u00danete a Socios en Investigaci\u00f3n de Salk y forma parte de una comunidad de simpatizantes que ayudan a hacer posibles los descubrimientos del ma\u00f1ana. Al incluir al Instituto Salk en tus planes patrimoniales, creas un legado que impulsa la ciencia impulsada por la curiosidad, bas\u00e1ndote en la tradici\u00f3n de Jonas Salk de hacer las preguntas fundamentales que conducen a futuros avances.<\/p>","protected":false},"author":91,"featured_media":0,"parent":54522,"menu_order":0,"comment_status":"closed","ping_status":"closed","template":"","meta":{"_acf_changed":false,"footnotes":""},"folder":[518],"class_list":["post-56319","page","type-page","status-publish","hentry"],"acf":[],"yoast_head":"<!-- This site is optimized with the Yoast SEO plugin v27.3 - https:\/\/yoast.com\/product\/yoast-seo-wordpress\/ -->\n<title>Legacy Giving: Partners in Research - Salk Institute for Biological Studies<\/title>\n<meta name=\"robots\" content=\"index, follow, max-snippet:-1, max-image-preview:large, max-video-preview:-1\" \/>\n<link rel=\"canonical\" href=\"https:\/\/www.salk.edu\/es\/support-us\/partners-in-research\/\" \/>\n<meta property=\"og:locale\" content=\"es_MX\" \/>\n<meta property=\"og:type\" content=\"article\" \/>\n<meta property=\"og:title\" content=\"Legacy Giving: Partners in Research - Salk Institute for Biological Studies\" \/>\n<meta property=\"og:description\" content=\"Join Salk\u2019s Partners in Research and become part of a community of supporters who help make tomorrow\u2019s discoveries possible. By including the Salk Institute in your estate plans, you create a legacy that keeps curiosity-driven science moving forward, building on Jonas Salk\u2019s tradition of asking the foundational questions that lead to future breakthroughs.\" \/>\n<meta property=\"og:url\" content=\"https:\/\/www.salk.edu\/es\/support-us\/partners-in-research\/\" \/>\n<meta property=\"og:site_name\" content=\"Salk Institute for Biological Studies\" \/>\n<meta property=\"article:modified_time\" content=\"2026-03-27T22:32:39+00:00\" \/>\n<meta property=\"og:image\" content=\"https:\/\/www.salk.edu\/wp-content\/uploads\/2026\/03\/26-pir-img-1.jpg\" \/>\n<meta name=\"twitter:card\" content=\"summary_large_image\" \/>\n<meta name=\"twitter:label1\" content=\"Est. reading time\" \/>\n\t<meta name=\"twitter:data1\" content=\"3 minutes\" \/>\n<script type=\"application\/ld+json\" class=\"yoast-schema-graph\">{\"@context\":\"https:\\\/\\\/schema.org\",\"@graph\":[{\"@type\":\"WebPage\",\"@id\":\"https:\\\/\\\/www.salk.edu\\\/support-us\\\/partners-in-research\\\/\",\"url\":\"https:\\\/\\\/www.salk.edu\\\/support-us\\\/partners-in-research\\\/\",\"name\":\"Legacy Giving: Partners in Research - Salk Institute for Biological Studies\",\"isPartOf\":{\"@id\":\"https:\\\/\\\/www.salk.edu\\\/#website\"},\"primaryImageOfPage\":{\"@id\":\"https:\\\/\\\/www.salk.edu\\\/support-us\\\/partners-in-research\\\/#primaryimage\"},\"image\":{\"@id\":\"https:\\\/\\\/www.salk.edu\\\/support-us\\\/partners-in-research\\\/#primaryimage\"},\"thumbnailUrl\":\"https:\\\/\\\/www.salk.edu\\\/wp-content\\\/uploads\\\/2026\\\/03\\\/26-pir-img-1.jpg\",\"datePublished\":\"2026-03-25T00:48:07+00:00\",\"dateModified\":\"2026-03-27T22:32:39+00:00\",\"breadcrumb\":{\"@id\":\"https:\\\/\\\/www.salk.edu\\\/support-us\\\/partners-in-research\\\/#breadcrumb\"},\"inLanguage\":\"es-MX\",\"potentialAction\":[{\"@type\":\"ReadAction\",\"target\":[\"https:\\\/\\\/www.salk.edu\\\/support-us\\\/partners-in-research\\\/\"]}]},{\"@type\":\"ImageObject\",\"inLanguage\":\"es-MX\",\"@id\":\"https:\\\/\\\/www.salk.edu\\\/support-us\\\/partners-in-research\\\/#primaryimage\",\"url\":\"https:\\\/\\\/www.salk.edu\\\/wp-content\\\/uploads\\\/2026\\\/03\\\/26-pir-img-1.jpg\",\"contentUrl\":\"https:\\\/\\\/www.salk.edu\\\/wp-content\\\/uploads\\\/2026\\\/03\\\/26-pir-img-1.jpg\"},{\"@type\":\"BreadcrumbList\",\"@id\":\"https:\\\/\\\/www.salk.edu\\\/support-us\\\/partners-in-research\\\/#breadcrumb\",\"itemListElement\":[{\"@type\":\"ListItem\",\"position\":1,\"name\":\"Home\",\"item\":\"https:\\\/\\\/www.salk.edu\\\/\"},{\"@type\":\"ListItem\",\"position\":2,\"name\":\"Support Us\",\"item\":\"https:\\\/\\\/www.salk.edu\\\/support-us\\\/\"},{\"@type\":\"ListItem\",\"position\":3,\"name\":\"Legacy Giving: Partners in Research\"}]},{\"@type\":\"WebSite\",\"@id\":\"https:\\\/\\\/www.salk.edu\\\/#website\",\"url\":\"https:\\\/\\\/www.salk.edu\\\/\",\"name\":\"Salk Institute for Biological Studies\",\"description\":\"The Power of Science\",\"publisher\":{\"@id\":\"https:\\\/\\\/www.salk.edu\\\/#organization\"},\"potentialAction\":[{\"@type\":\"SearchAction\",\"target\":{\"@type\":\"EntryPoint\",\"urlTemplate\":\"https:\\\/\\\/www.salk.edu\\\/?s={search_term_string}\"},\"query-input\":{\"@type\":\"PropertyValueSpecification\",\"valueRequired\":true,\"valueName\":\"search_term_string\"}}],\"inLanguage\":\"es-MX\"},{\"@type\":\"Organization\",\"@id\":\"https:\\\/\\\/www.salk.edu\\\/#organization\",\"name\":\"Salk Institute for Biological Studies\",\"url\":\"https:\\\/\\\/www.salk.edu\\\/\",\"logo\":{\"@type\":\"ImageObject\",\"inLanguage\":\"es-MX\",\"@id\":\"https:\\\/\\\/www.salk.edu\\\/#\\\/schema\\\/logo\\\/image\\\/\",\"url\":\"http:\\\/\\\/www.salk.edu\\\/wp-content\\\/uploads\\\/2023\\\/03\\\/salk_logo_696.jpg\",\"contentUrl\":\"http:\\\/\\\/www.salk.edu\\\/wp-content\\\/uploads\\\/2023\\\/03\\\/salk_logo_696.jpg\",\"width\":696,\"height\":696,\"caption\":\"Salk Institute for Biological Studies\"},\"image\":{\"@id\":\"https:\\\/\\\/www.salk.edu\\\/#\\\/schema\\\/logo\\\/image\\\/\"}}]}<\/script>\n<!-- \/ Yoast SEO plugin. -->","yoast_head_json":{"title":"Legacy Giving: Partners in Research - Salk Institute for Biological Studies","robots":{"index":"index","follow":"follow","max-snippet":"max-snippet:-1","max-image-preview":"max-image-preview:large","max-video-preview":"max-video-preview:-1"},"canonical":"https:\/\/www.salk.edu\/es\/support-us\/partners-in-research\/","og_locale":"es_MX","og_type":"article","og_title":"Legacy Giving: Partners in Research - Salk Institute for Biological Studies","og_description":"Join Salk\u2019s Partners in Research and become part of a community of supporters who help make tomorrow\u2019s discoveries possible. By including the Salk Institute in your estate plans, you create a legacy that keeps curiosity-driven science moving forward, building on Jonas Salk\u2019s tradition of asking the foundational questions that lead to future breakthroughs.","og_url":"https:\/\/www.salk.edu\/es\/support-us\/partners-in-research\/","og_site_name":"Salk Institute for Biological Studies","article_modified_time":"2026-03-27T22:32:39+00:00","og_image":[{"url":"https:\/\/www.salk.edu\/wp-content\/uploads\/2026\/03\/26-pir-img-1.jpg","type":"","width":"","height":""}],"twitter_card":"summary_large_image","twitter_misc":{"Est. reading time":"3 minutes"},"schema":{"@context":"https:\/\/schema.org","@graph":[{"@type":"WebPage","@id":"https:\/\/www.salk.edu\/support-us\/partners-in-research\/","url":"https:\/\/www.salk.edu\/support-us\/partners-in-research\/","name":"Legacy Giving: Partners in Research - Salk Institute for Biological Studies","isPartOf":{"@id":"https:\/\/www.salk.edu\/#website"},"primaryImageOfPage":{"@id":"https:\/\/www.salk.edu\/support-us\/partners-in-research\/#primaryimage"},"image":{"@id":"https:\/\/www.salk.edu\/support-us\/partners-in-research\/#primaryimage"},"thumbnailUrl":"https:\/\/www.salk.edu\/wp-content\/uploads\/2026\/03\/26-pir-img-1.jpg","datePublished":"2026-03-25T00:48:07+00:00","dateModified":"2026-03-27T22:32:39+00:00","breadcrumb":{"@id":"https:\/\/www.salk.edu\/support-us\/partners-in-research\/#breadcrumb"},"inLanguage":"es-MX","potentialAction":[{"@type":"ReadAction","target":["https:\/\/www.salk.edu\/support-us\/partners-in-research\/"]}]},{"@type":"ImageObject","inLanguage":"es-MX","@id":"https:\/\/www.salk.edu\/support-us\/partners-in-research\/#primaryimage","url":"https:\/\/www.salk.edu\/wp-content\/uploads\/2026\/03\/26-pir-img-1.jpg","contentUrl":"https:\/\/www.salk.edu\/wp-content\/uploads\/2026\/03\/26-pir-img-1.jpg"},{"@type":"BreadcrumbList","@id":"https:\/\/www.salk.edu\/support-us\/partners-in-research\/#breadcrumb","itemListElement":[{"@type":"ListItem","position":1,"name":"Home","item":"https:\/\/www.salk.edu\/"},{"@type":"ListItem","position":2,"name":"Support Us","item":"https:\/\/www.salk.edu\/support-us\/"},{"@type":"ListItem","position":3,"name":"Legacy Giving: Partners in Research"}]},{"@type":"WebSite","@id":"https:\/\/www.salk.edu\/#website","url":"https:\/\/www.salk.edu\/","name":"Instituto Salk de Estudios Biol\u00f3gicos","description":"El Poder de la Ciencia","publisher":{"@id":"https:\/\/www.salk.edu\/#organization"},"potentialAction":[{"@type":"SearchAction","target":{"@type":"EntryPoint","urlTemplate":"https:\/\/www.salk.edu\/?s={search_term_string}"},"query-input":{"@type":"PropertyValueSpecification","valueRequired":true,"valueName":"search_term_string"}}],"inLanguage":"es-MX"},{"@type":"Organization","@id":"https:\/\/www.salk.edu\/#organization","name":"Instituto Salk de Estudios Biol\u00f3gicos","url":"https:\/\/www.salk.edu\/","logo":{"@type":"ImageObject","inLanguage":"es-MX","@id":"https:\/\/www.salk.edu\/#\/schema\/logo\/image\/","url":"http:\/\/www.salk.edu\/wp-content\/uploads\/2023\/03\/salk_logo_696.jpg","contentUrl":"http:\/\/www.salk.edu\/wp-content\/uploads\/2023\/03\/salk_logo_696.jpg","width":696,"height":696,"caption":"Salk Institute for Biological Studies"},"image":{"@id":"https:\/\/www.salk.edu\/#\/schema\/logo\/image\/"}}]}},"ACF":{"hero":"https:\/\/www.salk.edu\/wp-content\/uploads\/2026\/03\/26-courtyard-shadows-header-1.jpg","line_1":"Partners in Research","line_2":"Legacy Giving","poster_quote":"","gallery":false,"salk_custom_body_class":"","secondary_navigation":"<div class=\"menu-support-us-container\"><ul id=\"menu-support-us\" class=\"menu\"><li class=\"menu-item menu-item-type-post_type menu-item-object-page menu-item-54666\"><a href=\"https:\/\/www.salk.edu\/es\/support-us\/\">Overview<\/a><\/li>\n<li class=\"menu-item menu-item-type-post_type menu-item-object-page menu-item-54861\"><a href=\"https:\/\/www.salk.edu\/es\/support-us\/science-cant-wait\/\">Science Can\u2019t Wait<\/a><\/li>\n<li class=\"menu-item menu-item-type-post_type menu-item-object-page menu-item-54531\"><a href=\"https:\/\/www.salk.edu\/es\/support-us\/discovery-society\/\">Discovery Society<\/a><\/li>\n<li class=\"menu-item menu-item-type-post_type menu-item-object-page menu-item-55201\"><a href=\"https:\/\/www.salk.edu\/es\/support-us\/corporate-discovery-partners\/\">Corporate Discovery Partners<\/a><\/li>\n<li class=\"menu-item menu-item-type-post_type menu-item-object-page menu-item-56379\"><a href=\"https:\/\/www.salk.edu\/es\/support-us\/partners-in-research\/\">Partners in Research<\/a><\/li>\n<li class=\"menu-item menu-item-type-post_type menu-item-object-page menu-item-54664\"><a href=\"https:\/\/www.salk.edu\/es\/support-us\/ways-to-give\/\">Ways to Give<\/a><\/li>\n<li class=\"menu-item menu-item-type-post_type menu-item-object-page menu-item-54668\"><a href=\"https:\/\/www.salk.edu\/es\/support-us\/contact-us\/\">Contact Us<\/a><\/li>\n<\/ul><\/div>","research":[{"title":"Laureate's Circle","content":"<p><strong>Lifetime Giving to Any Fund<\/strong><br \/>\nThe Laureates Circle is the pinnacle of philanthropic leadership at Salk. These visionary donors share an unshakable belief in the potential of science to change the world and leave a lasting legacy for generations to come.<\/p>","image":{"ID":53604,"id":53604,"title":"25-ds-laureates-circle","filename":"25-ds-laureates-circle.jpg","filesize":31061,"url":"https:\/\/www.salk.edu\/wp-content\/uploads\/2025\/06\/25-ds-laureates-circle.jpg","link":"https:\/\/www.salk.edu\/es\/?attachment_id=53604","alt":"","author":"91","description":"","caption":"","name":"25-ds-laureates-circle","status":"inherit","uploaded_to":52717,"date":"2025-06-10 01:46:39","modified":"2025-06-10 02:15:00","menu_order":0,"mime_type":"image\/jpeg","type":"image","subtype":"jpeg","icon":"https:\/\/www.salk.edu\/wp-includes\/images\/media\/default.png","width":767,"height":767,"sizes":{"thumbnail":"https:\/\/www.salk.edu\/wp-content\/uploads\/2025\/06\/25-ds-laureates-circle-150x150.jpg","thumbnail-width":150,"thumbnail-height":150,"medium":"https:\/\/www.salk.edu\/wp-content\/uploads\/2025\/06\/25-ds-laureates-circle-300x300.jpg","medium-width":300,"medium-height":300,"medium_large":"https:\/\/www.salk.edu\/wp-content\/uploads\/2025\/06\/25-ds-laureates-circle.jpg","medium_large-width":767,"medium_large-height":767,"large":"https:\/\/www.salk.edu\/wp-content\/uploads\/2025\/06\/25-ds-laureates-circle.jpg","large-width":767,"large-height":767,"1536x1536":"https:\/\/www.salk.edu\/wp-content\/uploads\/2025\/06\/25-ds-laureates-circle.jpg","1536x1536-width":767,"1536x1536-height":767,"2048x2048":"https:\/\/www.salk.edu\/wp-content\/uploads\/2025\/06\/25-ds-laureates-circle.jpg","2048x2048-width":767,"2048x2048-height":767,"trp-custom-language-flag":"https:\/\/www.salk.edu\/wp-content\/uploads\/2025\/06\/25-ds-laureates-circle.jpg","trp-custom-language-flag-width":12,"trp-custom-language-flag-height":12,"hero":"https:\/\/www.salk.edu\/wp-content\/uploads\/2025\/06\/25-ds-laureates-circle-767x550.jpg","hero-width":767,"hero-height":550,"square":"https:\/\/www.salk.edu\/wp-content\/uploads\/2025\/06\/25-ds-laureates-circle.jpg","square-width":767,"square-height":767,"cision-147":"https:\/\/www.salk.edu\/wp-content\/uploads\/2025\/06\/25-ds-laureates-circle-147x147.jpg","cision-147-width":147,"cision-147-height":147,"pr-300":"https:\/\/www.salk.edu\/wp-content\/uploads\/2025\/06\/25-ds-laureates-circle-300x300.jpg","pr-300-width":300,"pr-300-height":300,"col-md-5":"https:\/\/www.salk.edu\/wp-content\/uploads\/2025\/06\/25-ds-laureates-circle-458x458.jpg","col-md-5-width":458,"col-md-5-height":458,"col-md-6":"https:\/\/www.salk.edu\/wp-content\/uploads\/2025\/06\/25-ds-laureates-circle-585x585.jpg","col-md-6-width":585,"col-md-6-height":585,"col-md-7":"https:\/\/www.salk.edu\/wp-content\/uploads\/2025\/06\/25-ds-laureates-circle-553x553.jpg","col-md-7-width":553,"col-md-7-height":553,"col-md-8":"https:\/\/www.salk.edu\/wp-content\/uploads\/2025\/06\/25-ds-laureates-circle-750x750.jpg","col-md-8-width":750,"col-md-8-height":750,"grid-767":"https:\/\/www.salk.edu\/wp-content\/uploads\/2025\/06\/25-ds-laureates-circle.jpg","grid-767-width":767,"grid-767-height":767,"col-md-10":"https:\/\/www.salk.edu\/wp-content\/uploads\/2025\/06\/25-ds-laureates-circle.jpg","col-md-10-width":767,"col-md-10-height":767,"gform-image-choice-sm":"https:\/\/www.salk.edu\/wp-content\/uploads\/2025\/06\/25-ds-laureates-circle.jpg","gform-image-choice-sm-width":300,"gform-image-choice-sm-height":300,"gform-image-choice-md":"https:\/\/www.salk.edu\/wp-content\/uploads\/2025\/06\/25-ds-laureates-circle.jpg","gform-image-choice-md-width":400,"gform-image-choice-md-height":400,"gform-image-choice-lg":"https:\/\/www.salk.edu\/wp-content\/uploads\/2025\/06\/25-ds-laureates-circle.jpg","gform-image-choice-lg-width":600,"gform-image-choice-lg-height":600}},"faculty":""}],"featured_image_link":""},"_links":{"self":[{"href":"https:\/\/www.salk.edu\/es\/wp-json\/wp\/v2\/pages\/56319","targetHints":{"allow":["GET"]}}],"collection":[{"href":"https:\/\/www.salk.edu\/es\/wp-json\/wp\/v2\/pages"}],"about":[{"href":"https:\/\/www.salk.edu\/es\/wp-json\/wp\/v2\/types\/page"}],"author":[{"embeddable":true,"href":"https:\/\/www.salk.edu\/es\/wp-json\/wp\/v2\/users\/91"}],"replies":[{"embeddable":true,"href":"https:\/\/www.salk.edu\/es\/wp-json\/wp\/v2\/comments?post=56319"}],"version-history":[{"count":24,"href":"https:\/\/www.salk.edu\/es\/wp-json\/wp\/v2\/pages\/56319\/revisions"}],"predecessor-version":[{"id":56376,"href":"https:\/\/www.salk.edu\/es\/wp-json\/wp\/v2\/pages\/56319\/revisions\/56376"}],"up":[{"embeddable":true,"href":"https:\/\/www.salk.edu\/es\/wp-json\/wp\/v2\/pages\/54522"}],"wp:attachment":[{"href":"https:\/\/www.salk.edu\/es\/wp-json\/wp\/v2\/media?parent=56319"}],"wp:term":[{"taxonomy":"folder","embeddable":true,"href":"https:\/\/www.salk.edu\/es\/wp-json\/wp\/v2\/folder?post=56319"}],"curies":[{"name":"la hora de","href":"https:\/\/api.w.org\/{rel}","templated":true}]}}