{"id":56098,"date":"2026-03-02T17:43:50","date_gmt":"2026-03-03T01:43:50","guid":{"rendered":"https:\/\/www.salk.edu\/?page_id=56098"},"modified":"2026-03-08T12:00:12","modified_gmt":"2026-03-08T19:00:12","slug":"registration","status":"publish","type":"page","link":"https:\/\/www.salk.edu\/es\/events\/science-events\/salk-neuroscience-symposium\/registration\/","title":{"rendered":"Salk Neuroscience Symposium Registration"},"content":{"rendered":"<p><strong>Date<\/strong>: Monday, May 4, 2026<br \/>\n<strong>Ubicaci\u00f3n<\/strong>: Conrad T. Prebys Auditorium, Salk Institute, La Jolla<br \/>\n<strong>Registration deadline<\/strong>: April 20, 2026<\/p>\n<p><!--<strong>Registration is now closed.<\/strong>\n\nRegistration information coming soon.--><\/p>\n<h5>Instrucciones importantes para el registro<\/h5>\n<p><strong>Por favor, lea esto antes de registrarse para esta reuni\u00f3n:<\/strong><\/p>\n<ul class=\"indent\">\n<li>Si tu p\u00e1gina de env\u00edo se reinicia al presionar el bot\u00f3n \u201cenviar\u201d, tu registro no se complet\u00f3 <strong>NO<\/strong> completa.<\/li>\n<li>Una vez que hayas enviado tu registro con el pago (si aplica), recibir\u00e1s una confirmaci\u00f3n por correo electr\u00f3nico en menos de 10 minutos.<\/li>\n<li><span class=\"highlight\">NOTA: SI NO RECIBE UN CORREO ELECTR\u00d3NICO DE CONFIRMACI\u00d3N, NO EST\u00c1 REGISTRADO.<\/span><\/li>\n<li>If you need assistance with this form, please contact events at <a href=\"mailto:events@salk.edu?subject=Salk Neuroscience Symposium\">events@salk.edu<\/a>.<\/li>\n<li class=\"text-danger\"><span style=\"color: #ff0000;\"><strong>Registration Deadline: Monday, April 20, 2026<\/strong><\/span><\/li>\n<\/ul>\n<p><a href=\"https:\/\/na.eventscloud.com\/sns2026\" target=\"_blank\" class=\"btn -expand\" rel=\"noopener\">Click Here to Register<\/a> <\/p>\n<p><!--Registration is closed. We\u2019re very sorry, but due to room capacity limits, we are unable to accept late or on-site registrations for this meeting. --><\/p>","protected":false},"excerpt":{"rendered":"<p><strong>Date<\/strong>: Monday, May 4, 2026<br \/>\n<strong>Ubicaci\u00f3n<\/strong>: Conrad T. Prebys Auditorium, Salk Institute, La Jolla<br \/>\n<strong>Registration deadline<\/strong>: April 20, 2026<\/p>","protected":false},"author":91,"featured_media":0,"parent":56085,"menu_order":0,"comment_status":"closed","ping_status":"closed","template":"","meta":{"_acf_changed":false,"footnotes":""},"folder":[618],"class_list":["post-56098","page","type-page","status-publish","hentry"],"acf":[],"yoast_head":"<!-- This site is optimized with the Yoast SEO plugin v27.3 - https:\/\/yoast.com\/product\/yoast-seo-wordpress\/ -->\n<title>Salk Neuroscience Symposium Registration - Salk Institute for Biological Studies<\/title>\n<meta name=\"robots\" content=\"index, follow, max-snippet:-1, max-image-preview:large, max-video-preview:-1\" \/>\n<link rel=\"canonical\" href=\"https:\/\/www.salk.edu\/es\/events\/science-events\/salk-neuroscience-symposium\/registration\/\" \/>\n<meta property=\"og:locale\" content=\"es_MX\" \/>\n<meta property=\"og:type\" content=\"article\" \/>\n<meta property=\"og:title\" content=\"Salk Neuroscience Symposium Registration - Salk Institute for Biological Studies\" \/>\n<meta property=\"og:description\" content=\"Date: Monday, May 4, 2026 Location: Conrad T. Prebys Auditorium, Salk Institute, La Jolla Registration deadline: April 20, 2026\" \/>\n<meta property=\"og:url\" content=\"https:\/\/www.salk.edu\/es\/events\/science-events\/salk-neuroscience-symposium\/registration\/\" \/>\n<meta property=\"og:site_name\" content=\"Salk Institute for Biological Studies\" \/>\n<meta property=\"article:modified_time\" content=\"2026-03-08T19:00:12+00:00\" \/>\n<meta property=\"og:image\" content=\"https:\/\/www.salk.edu\/wp-content\/uploads\/2023\/03\/salk-institute-preview-image.jpg\" \/>\n\t<meta property=\"og:image:width\" content=\"628\" \/>\n\t<meta property=\"og:image:height\" content=\"329\" \/>\n\t<meta property=\"og:image:type\" content=\"image\/jpeg\" \/>\n<meta name=\"twitter:card\" content=\"summary_large_image\" \/>\n<meta name=\"twitter:label1\" content=\"Est. reading time\" \/>\n\t<meta name=\"twitter:data1\" content=\"1 minute\" \/>\n<script type=\"application\/ld+json\" class=\"yoast-schema-graph\">{\"@context\":\"https:\\\/\\\/schema.org\",\"@graph\":[{\"@type\":\"WebPage\",\"@id\":\"https:\\\/\\\/www.salk.edu\\\/events\\\/science-events\\\/salk-neuroscience-symposium\\\/registration\\\/\",\"url\":\"https:\\\/\\\/www.salk.edu\\\/events\\\/science-events\\\/salk-neuroscience-symposium\\\/registration\\\/\",\"name\":\"Salk Neuroscience Symposium Registration - Salk Institute for Biological Studies\",\"isPartOf\":{\"@id\":\"https:\\\/\\\/www.salk.edu\\\/#website\"},\"datePublished\":\"2026-03-03T01:43:50+00:00\",\"dateModified\":\"2026-03-08T19:00:12+00:00\",\"breadcrumb\":{\"@id\":\"https:\\\/\\\/www.salk.edu\\\/events\\\/science-events\\\/salk-neuroscience-symposium\\\/registration\\\/#breadcrumb\"},\"inLanguage\":\"es-MX\",\"potentialAction\":[{\"@type\":\"ReadAction\",\"target\":[\"https:\\\/\\\/www.salk.edu\\\/events\\\/science-events\\\/salk-neuroscience-symposium\\\/registration\\\/\"]}]},{\"@type\":\"BreadcrumbList\",\"@id\":\"https:\\\/\\\/www.salk.edu\\\/events\\\/science-events\\\/salk-neuroscience-symposium\\\/registration\\\/#breadcrumb\",\"itemListElement\":[{\"@type\":\"ListItem\",\"position\":1,\"name\":\"Home\",\"item\":\"https:\\\/\\\/www.salk.edu\\\/\"},{\"@type\":\"ListItem\",\"position\":2,\"name\":\"Events\",\"item\":\"https:\\\/\\\/www.salk.edu\\\/events\\\/\"},{\"@type\":\"ListItem\",\"position\":3,\"name\":\"Science Events\",\"item\":\"https:\\\/\\\/www.salk.edu\\\/events\\\/science-events\\\/\"},{\"@type\":\"ListItem\",\"position\":4,\"name\":\"Salk Neuroscience Symposium\",\"item\":\"https:\\\/\\\/www.salk.edu\\\/events\\\/science-events\\\/salk-neuroscience-symposium\\\/\"},{\"@type\":\"ListItem\",\"position\":5,\"name\":\"Salk Neuroscience Symposium Registration\"}]},{\"@type\":\"WebSite\",\"@id\":\"https:\\\/\\\/www.salk.edu\\\/#website\",\"url\":\"https:\\\/\\\/www.salk.edu\\\/\",\"name\":\"Salk Institute for Biological Studies\",\"description\":\"The Power of Science\",\"publisher\":{\"@id\":\"https:\\\/\\\/www.salk.edu\\\/#organization\"},\"potentialAction\":[{\"@type\":\"SearchAction\",\"target\":{\"@type\":\"EntryPoint\",\"urlTemplate\":\"https:\\\/\\\/www.salk.edu\\\/?s={search_term_string}\"},\"query-input\":{\"@type\":\"PropertyValueSpecification\",\"valueRequired\":true,\"valueName\":\"search_term_string\"}}],\"inLanguage\":\"es-MX\"},{\"@type\":\"Organization\",\"@id\":\"https:\\\/\\\/www.salk.edu\\\/#organization\",\"name\":\"Salk Institute for Biological Studies\",\"url\":\"https:\\\/\\\/www.salk.edu\\\/\",\"logo\":{\"@type\":\"ImageObject\",\"inLanguage\":\"es-MX\",\"@id\":\"https:\\\/\\\/www.salk.edu\\\/#\\\/schema\\\/logo\\\/image\\\/\",\"url\":\"http:\\\/\\\/www.salk.edu\\\/wp-content\\\/uploads\\\/2023\\\/03\\\/salk_logo_696.jpg\",\"contentUrl\":\"http:\\\/\\\/www.salk.edu\\\/wp-content\\\/uploads\\\/2023\\\/03\\\/salk_logo_696.jpg\",\"width\":696,\"height\":696,\"caption\":\"Salk Institute for Biological Studies\"},\"image\":{\"@id\":\"https:\\\/\\\/www.salk.edu\\\/#\\\/schema\\\/logo\\\/image\\\/\"}}]}<\/script>\n<!-- \/ Yoast SEO plugin. -->","yoast_head_json":{"title":"Salk Neuroscience Symposium Registration - Salk Institute for Biological Studies","robots":{"index":"index","follow":"follow","max-snippet":"max-snippet:-1","max-image-preview":"max-image-preview:large","max-video-preview":"max-video-preview:-1"},"canonical":"https:\/\/www.salk.edu\/es\/events\/science-events\/salk-neuroscience-symposium\/registration\/","og_locale":"es_MX","og_type":"article","og_title":"Salk Neuroscience Symposium Registration - Salk Institute for Biological Studies","og_description":"Date: Monday, May 4, 2026 Location: Conrad T. Prebys Auditorium, Salk Institute, La Jolla Registration deadline: April 20, 2026","og_url":"https:\/\/www.salk.edu\/es\/events\/science-events\/salk-neuroscience-symposium\/registration\/","og_site_name":"Salk Institute for Biological Studies","article_modified_time":"2026-03-08T19:00:12+00:00","og_image":[{"width":628,"height":329,"url":"https:\/\/www.salk.edu\/wp-content\/uploads\/2023\/03\/salk-institute-preview-image.jpg","type":"image\/jpeg"}],"twitter_card":"summary_large_image","twitter_misc":{"Est. reading time":"1 minute"},"schema":{"@context":"https:\/\/schema.org","@graph":[{"@type":"WebPage","@id":"https:\/\/www.salk.edu\/events\/science-events\/salk-neuroscience-symposium\/registration\/","url":"https:\/\/www.salk.edu\/events\/science-events\/salk-neuroscience-symposium\/registration\/","name":"Salk Neuroscience Symposium Registration - Salk Institute for Biological Studies","isPartOf":{"@id":"https:\/\/www.salk.edu\/#website"},"datePublished":"2026-03-03T01:43:50+00:00","dateModified":"2026-03-08T19:00:12+00:00","breadcrumb":{"@id":"https:\/\/www.salk.edu\/events\/science-events\/salk-neuroscience-symposium\/registration\/#breadcrumb"},"inLanguage":"es-MX","potentialAction":[{"@type":"ReadAction","target":["https:\/\/www.salk.edu\/events\/science-events\/salk-neuroscience-symposium\/registration\/"]}]},{"@type":"BreadcrumbList","@id":"https:\/\/www.salk.edu\/events\/science-events\/salk-neuroscience-symposium\/registration\/#breadcrumb","itemListElement":[{"@type":"ListItem","position":1,"name":"Home","item":"https:\/\/www.salk.edu\/"},{"@type":"ListItem","position":2,"name":"Events","item":"https:\/\/www.salk.edu\/events\/"},{"@type":"ListItem","position":3,"name":"Science Events","item":"https:\/\/www.salk.edu\/events\/science-events\/"},{"@type":"ListItem","position":4,"name":"Salk Neuroscience Symposium","item":"https:\/\/www.salk.edu\/events\/science-events\/salk-neuroscience-symposium\/"},{"@type":"ListItem","position":5,"name":"Salk Neuroscience Symposium Registration"}]},{"@type":"WebSite","@id":"https:\/\/www.salk.edu\/#website","url":"https:\/\/www.salk.edu\/","name":"Instituto Salk de Estudios Biol\u00f3gicos","description":"The Power of Science","publisher":{"@id":"https:\/\/www.salk.edu\/#organization"},"potentialAction":[{"@type":"SearchAction","target":{"@type":"EntryPoint","urlTemplate":"https:\/\/www.salk.edu\/?s={search_term_string}"},"query-input":{"@type":"PropertyValueSpecification","valueRequired":true,"valueName":"search_term_string"}}],"inLanguage":"es-MX"},{"@type":"Organization","@id":"https:\/\/www.salk.edu\/#organization","name":"Instituto Salk de Estudios Biol\u00f3gicos","url":"https:\/\/www.salk.edu\/","logo":{"@type":"ImageObject","inLanguage":"es-MX","@id":"https:\/\/www.salk.edu\/#\/schema\/logo\/image\/","url":"http:\/\/www.salk.edu\/wp-content\/uploads\/2023\/03\/salk_logo_696.jpg","contentUrl":"http:\/\/www.salk.edu\/wp-content\/uploads\/2023\/03\/salk_logo_696.jpg","width":696,"height":696,"caption":"Salk Institute for Biological Studies"},"image":{"@id":"https:\/\/www.salk.edu\/#\/schema\/logo\/image\/"}}]}},"ACF":{"hero":"https:\/\/www.salk.edu\/wp-content\/uploads\/2026\/03\/26-neuro-symposium-header-2.jpg","line_1":"Salk Neuroscience Symposium","line_2":"Registration","gallery":false,"secondary_navigation":"<div class=\"menu-salk-neuroscience-symposium-container\"><ul id=\"menu-salk-neuroscience-symposium\" class=\"menu\"><li class=\"menu-item menu-item-type-post_type menu-item-object-page menu-item-56106\"><a href=\"https:\/\/www.salk.edu\/es\/events\/science-events\/salk-neuroscience-symposium\/\">Overview<\/a><\/li>\n<li class=\"menu-item menu-item-type-post_type menu-item-object-page menu-item-56105\"><a href=\"https:\/\/www.salk.edu\/es\/events\/science-events\/salk-neuroscience-symposium\/program\/\">Program<\/a><\/li>\n<li class=\"menu-item menu-item-type-post_type menu-item-object-page menu-item-56104\"><a href=\"https:\/\/www.salk.edu\/es\/events\/science-events\/salk-neuroscience-symposium\/registration\/\">Registration<\/a><\/li>\n<li class=\"menu-item menu-item-type-post_type menu-item-object-page menu-item-56103\"><a href=\"https:\/\/www.salk.edu\/es\/events\/science-events\/salk-neuroscience-symposium\/contact\/\">Contact<\/a><\/li>\n<\/ul><\/div>","salk_custom_body_class":"","poster_quote":""},"_links":{"self":[{"href":"https:\/\/www.salk.edu\/es\/wp-json\/wp\/v2\/pages\/56098","targetHints":{"allow":["GET"]}}],"collection":[{"href":"https:\/\/www.salk.edu\/es\/wp-json\/wp\/v2\/pages"}],"about":[{"href":"https:\/\/www.salk.edu\/es\/wp-json\/wp\/v2\/types\/page"}],"author":[{"embeddable":true,"href":"https:\/\/www.salk.edu\/es\/wp-json\/wp\/v2\/users\/91"}],"replies":[{"embeddable":true,"href":"https:\/\/www.salk.edu\/es\/wp-json\/wp\/v2\/comments?post=56098"}],"version-history":[{"count":4,"href":"https:\/\/www.salk.edu\/es\/wp-json\/wp\/v2\/pages\/56098\/revisions"}],"predecessor-version":[{"id":56188,"href":"https:\/\/www.salk.edu\/es\/wp-json\/wp\/v2\/pages\/56098\/revisions\/56188"}],"up":[{"embeddable":true,"href":"https:\/\/www.salk.edu\/es\/wp-json\/wp\/v2\/pages\/56085"}],"wp:attachment":[{"href":"https:\/\/www.salk.edu\/es\/wp-json\/wp\/v2\/media?parent=56098"}],"wp:term":[{"taxonomy":"folder","embeddable":true,"href":"https:\/\/www.salk.edu\/es\/wp-json\/wp\/v2\/folder?post=56098"}],"curies":[{"name":"wp","href":"https:\/\/api.w.org\/{rel}","templated":true}]}}