{"id":54476,"date":"2025-09-04T17:46:04","date_gmt":"2025-09-05T00:46:04","guid":{"rendered":"https:\/\/www.salk.edu\/?page_id=54476"},"modified":"2026-04-20T15:27:09","modified_gmt":"2026-04-20T22:27:09","slug":"contact-us","status":"publish","type":"page","link":"https:\/\/www.salk.edu\/es\/support-us\/contact-us\/","title":{"rendered":"Cont\u00e1ctanos"},"content":{"rendered":"<style>\r\n.headshot-img {\r\nwidth: 75%;\r\n}\r\n\r\n@media (max-width: 991px){\r\n.headshot-img {\r\nwidth: 100%;\r\n}\r\n}\r\n<\/style>\r\n\r\n<p><span style=\"font-size: 20px; text-transform: uppercase;\"><strong>Oficina de Promoci\u00f3n<\/strong><\/span><br>\r\n10010 N Torrey Pines Rd<br>\r\nLa Jolla, CA 92037<br>\r\nTel\u00e9fono: (858) 453-4100 ext. 2068<\/p>\r\n\r\n<p>Horario de oficina: 8:30 a.m. a 5:00 p.m., lunes a viernes<br>\r\nEl n\u00famero de identificaci\u00f3n fiscal del Instituto Salk es 95-2160097.<\/p>\r\n\r\n<p>Bienvenidos a la Oficina de Desarrollo del Instituto Salk. Estamos dedicados a fomentar conexiones y colaboraciones impactantes que apoyen nuestra misi\u00f3n de descubrimiento cient\u00edfico. No duden en contactarnos con cualquier consulta, idea o asociaci\u00f3n que pueda ayudar a avanzar en nuestra investigaci\u00f3n innovadora.<\/p>\r\n\r\n<hr>\r\n\r\n<div class=\"row\">\r\n<div class=\"col-sm-12 col-md-5 col-lg-5\">\r\n<figure><img decoding=\"async\" src=\"\/wp-content\/uploads\/2025\/09\/michelle-chamberlain.jpg\" style=\"width: 100%; margin-bottom: 10px;\"><\/figure>\r\n<\/div>\r\n\r\n<div class=\"col-sm-12 col-md-7 col-lg-7\">\r\n<h2>Michelle Chamberlain<\/h2>\r\n<p>Vicepresidente de Desarrollo<br>\r\n(858) 453-4100 x2291<br>\r\n<a href=\"mailto:mchamberlain@salk.edu\">mchamberlain@salk.edu<\/a><\/p>\r\n\r\n<p>Michelle dirige la Oficina de Desarrollo del Instituto, la cual comprende los siguientes equipos: Desarrollo, Administraci\u00f3n de Relaciones con Donantes, Relaciones con Fundaciones y Comunicaciones.<\/p>\r\n\r\n<h2 style=\"margin-top: 40px;\">Dacia Sandero<\/h2>\r\n<p>Coordinador Ejecutivo, Oficina de Desarrollo<br>\r\n(858) 453-4100 x2068<br>\r\n<a href=\"mailto:dsamilo@salk.edu\">dsamilo@salk.edu<\/a><\/p>\r\n\r\n<\/div>\r\n<\/div>\r\n\r\n<hr>\r\n\r\n<p style=\"font-size: 20px; text-transform: uppercase;\"><strong>Desarrollo<\/strong><\/p>\r\n\r\n<!-- development heads -->\r\n\r\n\r\n<div class=\"row\">\r\n<div class=\"col-sm-12 col-md-5 col-lg-5\" style=\"margin-bottom: 60px;\">\r\n<figure><img decoding=\"async\" src=\"\/wp-content\/uploads\/2025\/09\/Kira-Foody.jpg\" class=\"headshot-img\" style=\"width: 100%; padding-bottom: 10px;\"><\/figure>\r\n<\/div>\r\n\r\n<div class=\"col-sm-12 col-md-7 col-lg-7\">\r\n<h2>Kira Foody<\/h2>\r\n<p>Director Senior de Desarrollo<br>\r\n(858) 453-4100 x2089<br>\r\n<a href=\"mailto:kfoody@salk.edu\">kfoody@salk.edu<\/a><\/p>\r\n\r\n<p>Kira dirige la estrategia filantr\u00f3pica general del Instituto Salk, incluyendo donaciones transformacionales, donaciones planificadas y donaciones corporativas.<\/p>\r\n\r\n<h2 style=\"margin-top: 40px;\">Lia DiRico <\/h2>\r\n<p>Development and Office of Technology Development Administrator<br>\r\n(858) 453-4100 x1119<br>\r\n<a href=\"mailto:ldirico@salk.edu\">ldirico@salk.edu<\/a><\/p>\r\n\r\n\r\n<\/div>\r\n<\/div>\r\n\r\n<!-- end development heads -->\r\n\r\n<!-- development officers -->\r\n<div class=\"row\">\r\n<!-- left col -->\r\n<div class=\"col-sm-12 col-md-6 col-lg-6\" style=\"margin-bottom: 60px;\">\r\n\r\n\r\n<!-- person 1 -->\r\n<div class=\"row\" style=\"margin-bottom: 60px;\">\r\n<div class=\"col-sm-12 col-md-5 col-lg-5\">\r\n<figure><img decoding=\"async\" src=\"\/wp-content\/uploads\/2025\/09\/Samantha-Galaz.jpg\" style=\"width: 100%; margin-bottom: 10px;\"><\/figure>\r\n<\/div>\r\n\r\n<div class=\"col-sm-12 col-md-7 col-lg-7\">\r\n<h2>Samantha Galaz<\/h2>\r\n<p>Director, Relaciones con Fundaciones<br>\r\n(858) 453-4100 x2050<br>\r\n<a href=\"mailto:sgalaz@salk.edu\">sgalaz@salk.edu<\/a><\/p>\r\n<\/div>\r\n<\/div>\r\n<!-- end person 1 -->\r\n\r\n\r\n<!-- person 2 -->\r\n<div class=\"row\" style=\"margin-bottom: 60px;\">\r\n<div class=\"col-sm-12 col-md-5 col-lg-5\">\r\n<figure><img decoding=\"async\" src=\"\/wp-content\/uploads\/2025\/11\/Lucia-Burrafato.jpg\" style=\"width: 100%; margin-bottom: 10px;\"><\/figure>\r\n<\/div>\r\n\r\n<div class=\"col-sm-12 col-md-7 col-lg-7\">\r\n<h2>Lucia Burrafato<\/h2>\r\n<p>Oficial de donaciones<br>\r\n(858) 453-4100 x1467<br>\r\n<a href=\"mailto:lburrafato@salk.edu\">lburrafato@salk.edu<\/a><\/p>\r\n<\/div>\r\n<\/div>\r\n<!-- end person 2 -->\r\n\r\n<!-- person 3 -->\r\n<div class=\"row\" style=\"margin-bottom: 60px;\">\r\n<div class=\"col-sm-12 col-md-5 col-lg-5\">\r\n<figure><img decoding=\"async\" src=\"\/wp-content\/uploads\/2026\/04\/Marc-Belanger.jpeg\" style=\"width: 100%; margin-bottom: 10px;\"><\/figure>\r\n<\/div>\r\n\r\n<div class=\"col-sm-12 col-md-7 col-lg-7\">\r\n<h2>Marc Belanger<\/h2>\r\n<p>Principal Gift Officer<br>\r\n(413) 512-0168<br>\r\n<a href=\"mailto:mbelanger@salk.edu\">mbelanger@salk.edu<\/a><\/p>\r\n<\/div>\r\n<\/div>\r\n<!-- end person 3 -->\r\n\r\n<\/div>\r\n<!-- end left col -->\r\n\r\n<!-- right col -->\r\n<div class=\"col-sm-12 col-md-6 col-lg-6\" style=\"margin-bottom: 60px;\">\r\n\r\n<!-- person 4 -->\r\n<div class=\"row\" style=\"margin-bottom: 60px;\">\r\n<div class=\"col-sm-12 col-md-5 col-lg-5\">\r\n<figure><img decoding=\"async\" src=\"\/wp-content\/uploads\/2025\/09\/Jovanny-Perez.jpg\" style=\"width: 100%; margin-bottom: 10px;\"><\/figure>\r\n<\/div>\r\n\r\n<div class=\"col-sm-12 col-md-7 col-lg-7\">\r\n<h2>Jovanny P\u00e9rez<\/h2>\r\n<p>Oficial de Compromiso Corporativo<br>\r\n(858) 453-4100 x1556<br>\r\n<a href=\"mailto:jovperez@salk.edu\">jovperez@salk.edu<\/a><\/p>\r\n<\/div>\r\n<\/div>\r\n<!-- end person 4 -->\r\n\r\n<!-- person 5 -->\r\n<div class=\"row\" style=\"margin-bottom: 60px;\">\r\n<div class=\"col-sm-12 col-md-5 col-lg-5\">\r\n<figure><img decoding=\"async\" src=\"\/wp-content\/uploads\/2026\/04\/McVey-Ayres.jpg\" style=\"width: 100%; margin-bottom: 10px;\"><\/figure>\r\n<\/div>\r\n\r\n<div class=\"col-sm-12 col-md-7 col-lg-7\">\r\n<h2>McVey Ayres<\/h2>\r\n<p>Oficial de Dones de Liderazgo<br>\r\n(858) 314-0853<br>\r\n<a href=\"mailto:mayres@salk.edu\">mayres@salk.edu<\/a><\/p>\r\n<\/div>\r\n<\/div>\r\n<!-- end person 5 -->\r\n\r\n<\/div>\r\n<!-- end right col -->\r\n<\/div>\r\n<!-- development officers -->\r\n\r\n<hr>\r\n\r\n<p style=\"font-size: 20px; text-transform: uppercase;\"><strong>Administraci\u00f3n<\/strong><\/p>\r\n\r\n<!-- stewardship head -->\r\n<div class=\"row\">\r\n<div class=\"col-sm-12 col-md-6 col-lg-6\" style=\"margin-bottom: 60px;\">\r\n<figure><img decoding=\"async\" src=\"\/wp-content\/uploads\/2025\/09\/Mike-OMalley.jpg\" class=\"headshot-img\" style=\"padding-bottom: 10px;\"><\/figure>\r\n\r\n<h2>Mike O\u2019Malley<\/h2>\r\n<p>Director Senior, Administraci\u00f3n<br>\r\n(858) 453-4100 x2067<br>\r\n<a href=\"mailto:momalley@salk.edu\">momalley@salk.edu<\/a><\/p>\r\n\r\n<p>Mike administra eventos de gesti\u00f3n y supervisa informes y propuestas de donantes.<\/p>\r\n<\/div>\r\n<\/div>\r\n<!-- end development heads -->\r\n\r\n<hr>\r\n\r\n<p style=\"font-size: 20px; text-transform: uppercase;\"><strong>Comunicaciones<\/strong><\/p>\r\n\r\n<!-- stewardship head -->\r\n<div class=\"row\">\r\n<div class=\"col-sm-12 col-md-6 col-lg-6\" style=\"margin-bottom: 60px;\">\r\n<figure><img decoding=\"async\" src=\"\/wp-content\/uploads\/2025\/09\/Heather-Buschman.jpg\" class=\"headshot-img\" style=\"padding-bottom: 10px;\"><\/figure>\r\n\r\n<h2>Heather Buschman, doctora<\/h2>\r\n<p>Jefe de Comunicaciones<br>\r\n<a href=\"mailto:hbuschman@salk.edu\">hbuschman@salk.edu<\/a><\/p>\r\n\r\n<p>Heather dirige el galardonado equipo de comunicaciones de Salk, que narra las importantes historias de la ciencia de Salk.<\/p>\r\n<\/div>\r\n<\/div>\r\n<!-- end development heads -->","protected":false},"excerpt":{"rendered":"<style>\r\n.headshot-img {\r\nwidth: 75%;\r\n}\r\n\r\n@media (max-width: 991px){\r\n.headshot-img {\r\nwidth: 100%;\r\n}\r\n}\r\n<\/style>\r\n\r\n<p><span style=\"font-size: 20px; text-transform: uppercase;\"><strong>Oficina de Promoci\u00f3n<\/strong><\/span><br>\r\n10010 N Torrey Pines Rd<br>\r\nLa Jolla, CA 92037<br>\r\nTel\u00e9fono: (858) 453-4100 ext. 2068<\/p>","protected":false},"author":91,"featured_media":0,"parent":54522,"menu_order":0,"comment_status":"closed","ping_status":"closed","template":"","meta":{"_acf_changed":false,"footnotes":""},"folder":[518],"class_list":["post-54476","page","type-page","status-publish","hentry"],"acf":[],"yoast_head":"<!-- This site is optimized with the Yoast SEO plugin v27.3 - https:\/\/yoast.com\/product\/yoast-seo-wordpress\/ -->\n<title>Contact Us - Salk Institute for Biological Studies<\/title>\n<meta name=\"robots\" content=\"index, follow, max-snippet:-1, max-image-preview:large, max-video-preview:-1\" \/>\n<link rel=\"canonical\" href=\"https:\/\/www.salk.edu\/es\/support-us\/contact-us\/\" \/>\n<meta property=\"og:locale\" content=\"es_MX\" \/>\n<meta property=\"og:type\" content=\"article\" \/>\n<meta property=\"og:title\" content=\"Contact Us - Salk Institute for Biological Studies\" \/>\n<meta property=\"og:description\" content=\"Office of Advancement 10010 N Torrey Pines Rd La Jolla, CA 92037 Telephone: (858) 453-4100 x2068\" \/>\n<meta property=\"og:url\" content=\"https:\/\/www.salk.edu\/es\/support-us\/contact-us\/\" \/>\n<meta property=\"og:site_name\" content=\"Salk Institute for Biological Studies\" \/>\n<meta property=\"article:modified_time\" content=\"2026-04-20T22:27:09+00:00\" \/>\n<meta property=\"og:image\" content=\"https:\/\/www.salk.edu\/wp-content\/uploads\/2023\/03\/salk-institute-preview-image.jpg\" \/>\n\t<meta property=\"og:image:width\" content=\"628\" \/>\n\t<meta property=\"og:image:height\" content=\"329\" \/>\n\t<meta property=\"og:image:type\" content=\"image\/jpeg\" \/>\n<meta name=\"twitter:card\" content=\"summary_large_image\" \/>\n<meta name=\"twitter:label1\" content=\"Est. reading time\" \/>\n\t<meta name=\"twitter:data1\" content=\"3 minutes\" \/>\n<script type=\"application\/ld+json\" class=\"yoast-schema-graph\">{\"@context\":\"https:\\\/\\\/schema.org\",\"@graph\":[{\"@type\":\"WebPage\",\"@id\":\"https:\\\/\\\/www.salk.edu\\\/support-us\\\/contact-us\\\/\",\"url\":\"https:\\\/\\\/www.salk.edu\\\/support-us\\\/contact-us\\\/\",\"name\":\"Contact Us - Salk Institute for Biological Studies\",\"isPartOf\":{\"@id\":\"https:\\\/\\\/www.salk.edu\\\/#website\"},\"datePublished\":\"2025-09-05T00:46:04+00:00\",\"dateModified\":\"2026-04-20T22:27:09+00:00\",\"breadcrumb\":{\"@id\":\"https:\\\/\\\/www.salk.edu\\\/support-us\\\/contact-us\\\/#breadcrumb\"},\"inLanguage\":\"es-MX\",\"potentialAction\":[{\"@type\":\"ReadAction\",\"target\":[\"https:\\\/\\\/www.salk.edu\\\/support-us\\\/contact-us\\\/\"]}]},{\"@type\":\"BreadcrumbList\",\"@id\":\"https:\\\/\\\/www.salk.edu\\\/support-us\\\/contact-us\\\/#breadcrumb\",\"itemListElement\":[{\"@type\":\"ListItem\",\"position\":1,\"name\":\"Home\",\"item\":\"https:\\\/\\\/www.salk.edu\\\/\"},{\"@type\":\"ListItem\",\"position\":2,\"name\":\"Support Us\",\"item\":\"https:\\\/\\\/www.salk.edu\\\/support-us\\\/\"},{\"@type\":\"ListItem\",\"position\":3,\"name\":\"Contact Us\"}]},{\"@type\":\"WebSite\",\"@id\":\"https:\\\/\\\/www.salk.edu\\\/#website\",\"url\":\"https:\\\/\\\/www.salk.edu\\\/\",\"name\":\"Salk Institute for Biological Studies\",\"description\":\"The Power of Science\",\"publisher\":{\"@id\":\"https:\\\/\\\/www.salk.edu\\\/#organization\"},\"potentialAction\":[{\"@type\":\"SearchAction\",\"target\":{\"@type\":\"EntryPoint\",\"urlTemplate\":\"https:\\\/\\\/www.salk.edu\\\/?s={search_term_string}\"},\"query-input\":{\"@type\":\"PropertyValueSpecification\",\"valueRequired\":true,\"valueName\":\"search_term_string\"}}],\"inLanguage\":\"es-MX\"},{\"@type\":\"Organization\",\"@id\":\"https:\\\/\\\/www.salk.edu\\\/#organization\",\"name\":\"Salk Institute for Biological Studies\",\"url\":\"https:\\\/\\\/www.salk.edu\\\/\",\"logo\":{\"@type\":\"ImageObject\",\"inLanguage\":\"es-MX\",\"@id\":\"https:\\\/\\\/www.salk.edu\\\/#\\\/schema\\\/logo\\\/image\\\/\",\"url\":\"http:\\\/\\\/www.salk.edu\\\/wp-content\\\/uploads\\\/2023\\\/03\\\/salk_logo_696.jpg\",\"contentUrl\":\"http:\\\/\\\/www.salk.edu\\\/wp-content\\\/uploads\\\/2023\\\/03\\\/salk_logo_696.jpg\",\"width\":696,\"height\":696,\"caption\":\"Salk Institute for Biological Studies\"},\"image\":{\"@id\":\"https:\\\/\\\/www.salk.edu\\\/#\\\/schema\\\/logo\\\/image\\\/\"}}]}<\/script>\n<!-- \/ Yoast SEO plugin. -->","yoast_head_json":{"title":"Contact Us - Salk Institute for Biological Studies","robots":{"index":"index","follow":"follow","max-snippet":"max-snippet:-1","max-image-preview":"max-image-preview:large","max-video-preview":"max-video-preview:-1"},"canonical":"https:\/\/www.salk.edu\/es\/support-us\/contact-us\/","og_locale":"es_MX","og_type":"article","og_title":"Contact Us - Salk Institute for Biological Studies","og_description":"Office of Advancement 10010 N Torrey Pines Rd La Jolla, CA 92037 Telephone: (858) 453-4100 x2068","og_url":"https:\/\/www.salk.edu\/es\/support-us\/contact-us\/","og_site_name":"Salk Institute for Biological Studies","article_modified_time":"2026-04-20T22:27:09+00:00","og_image":[{"width":628,"height":329,"url":"https:\/\/www.salk.edu\/wp-content\/uploads\/2023\/03\/salk-institute-preview-image.jpg","type":"image\/jpeg"}],"twitter_card":"summary_large_image","twitter_misc":{"Est. reading time":"3 minutes"},"schema":{"@context":"https:\/\/schema.org","@graph":[{"@type":"WebPage","@id":"https:\/\/www.salk.edu\/support-us\/contact-us\/","url":"https:\/\/www.salk.edu\/support-us\/contact-us\/","name":"Contact Us - Salk Institute for Biological Studies","isPartOf":{"@id":"https:\/\/www.salk.edu\/#website"},"datePublished":"2025-09-05T00:46:04+00:00","dateModified":"2026-04-20T22:27:09+00:00","breadcrumb":{"@id":"https:\/\/www.salk.edu\/support-us\/contact-us\/#breadcrumb"},"inLanguage":"es-MX","potentialAction":[{"@type":"ReadAction","target":["https:\/\/www.salk.edu\/support-us\/contact-us\/"]}]},{"@type":"BreadcrumbList","@id":"https:\/\/www.salk.edu\/support-us\/contact-us\/#breadcrumb","itemListElement":[{"@type":"ListItem","position":1,"name":"Home","item":"https:\/\/www.salk.edu\/"},{"@type":"ListItem","position":2,"name":"Support Us","item":"https:\/\/www.salk.edu\/support-us\/"},{"@type":"ListItem","position":3,"name":"Contact Us"}]},{"@type":"WebSite","@id":"https:\/\/www.salk.edu\/#website","url":"https:\/\/www.salk.edu\/","name":"Instituto Salk de Estudios Biol\u00f3gicos","description":"El Poder de la Ciencia","publisher":{"@id":"https:\/\/www.salk.edu\/#organization"},"potentialAction":[{"@type":"SearchAction","target":{"@type":"EntryPoint","urlTemplate":"https:\/\/www.salk.edu\/?s={search_term_string}"},"query-input":{"@type":"PropertyValueSpecification","valueRequired":true,"valueName":"search_term_string"}}],"inLanguage":"es-MX"},{"@type":"Organization","@id":"https:\/\/www.salk.edu\/#organization","name":"Instituto Salk de Estudios Biol\u00f3gicos","url":"https:\/\/www.salk.edu\/","logo":{"@type":"ImageObject","inLanguage":"es-MX","@id":"https:\/\/www.salk.edu\/#\/schema\/logo\/image\/","url":"http:\/\/www.salk.edu\/wp-content\/uploads\/2023\/03\/salk_logo_696.jpg","contentUrl":"http:\/\/www.salk.edu\/wp-content\/uploads\/2023\/03\/salk_logo_696.jpg","width":696,"height":696,"caption":"Salk Institute for Biological Studies"},"image":{"@id":"https:\/\/www.salk.edu\/#\/schema\/logo\/image\/"}}]}},"ACF":{"hero":"https:\/\/www.salk.edu\/wp-content\/uploads\/2020\/01\/Salk_Institute_Courtyard_Sunset_Drone_0031bweb.jpg","line_1":"Support Us","line_2":"Contact Us","poster_quote":"","gallery":false,"salk_custom_body_class":"","secondary_navigation":"<div class=\"menu-support-us-container\"><ul id=\"menu-support-us\" class=\"menu\"><li class=\"menu-item menu-item-type-post_type menu-item-object-page menu-item-54666\"><a href=\"https:\/\/www.salk.edu\/es\/support-us\/\">Overview<\/a><\/li>\n<li class=\"menu-item menu-item-type-post_type menu-item-object-page menu-item-54861\"><a href=\"https:\/\/www.salk.edu\/es\/support-us\/science-cant-wait\/\">Science Can\u2019t Wait<\/a><\/li>\n<li class=\"menu-item menu-item-type-post_type menu-item-object-page menu-item-54531\"><a href=\"https:\/\/www.salk.edu\/es\/support-us\/discovery-society\/\">Discovery Society<\/a><\/li>\n<li class=\"menu-item menu-item-type-post_type menu-item-object-page menu-item-55201\"><a href=\"https:\/\/www.salk.edu\/es\/support-us\/corporate-discovery-partners\/\">Corporate Discovery Partners<\/a><\/li>\n<li class=\"menu-item menu-item-type-post_type menu-item-object-page menu-item-56379\"><a href=\"https:\/\/www.salk.edu\/es\/support-us\/partners-in-research\/\">Partners in Research<\/a><\/li>\n<li class=\"menu-item menu-item-type-post_type menu-item-object-page menu-item-54664\"><a href=\"https:\/\/www.salk.edu\/es\/support-us\/ways-to-give\/\">Ways to Give<\/a><\/li>\n<li class=\"menu-item menu-item-type-post_type menu-item-object-page menu-item-54668\"><a href=\"https:\/\/www.salk.edu\/es\/support-us\/contact-us\/\">Contact Us<\/a><\/li>\n<\/ul><\/div>"},"_links":{"self":[{"href":"https:\/\/www.salk.edu\/es\/wp-json\/wp\/v2\/pages\/54476","targetHints":{"allow":["GET"]}}],"collection":[{"href":"https:\/\/www.salk.edu\/es\/wp-json\/wp\/v2\/pages"}],"about":[{"href":"https:\/\/www.salk.edu\/es\/wp-json\/wp\/v2\/types\/page"}],"author":[{"embeddable":true,"href":"https:\/\/www.salk.edu\/es\/wp-json\/wp\/v2\/users\/91"}],"replies":[{"embeddable":true,"href":"https:\/\/www.salk.edu\/es\/wp-json\/wp\/v2\/comments?post=54476"}],"version-history":[{"count":27,"href":"https:\/\/www.salk.edu\/es\/wp-json\/wp\/v2\/pages\/54476\/revisions"}],"predecessor-version":[{"id":56555,"href":"https:\/\/www.salk.edu\/es\/wp-json\/wp\/v2\/pages\/54476\/revisions\/56555"}],"up":[{"embeddable":true,"href":"https:\/\/www.salk.edu\/es\/wp-json\/wp\/v2\/pages\/54522"}],"wp:attachment":[{"href":"https:\/\/www.salk.edu\/es\/wp-json\/wp\/v2\/media?parent=54476"}],"wp:term":[{"taxonomy":"folder","embeddable":true,"href":"https:\/\/www.salk.edu\/es\/wp-json\/wp\/v2\/folder?post=54476"}],"curies":[{"name":"la hora de","href":"https:\/\/api.w.org\/{rel}","templated":true}]}}