{"id":53300,"date":"2025-05-08T17:18:15","date_gmt":"2025-05-09T00:18:15","guid":{"rendered":"https:\/\/www.salk.edu\/?page_id=53300"},"modified":"2025-05-08T17:25:55","modified_gmt":"2025-05-09T00:25:55","slug":"location-and-accommodations","status":"publish","type":"page","link":"https:\/\/www.salk.edu\/es\/events\/science-events\/joanne-chory-tribute-symposium\/location-and-accommodations\/","title":{"rendered":"Joanne Chory Tribute Symposium \u2013 Location and Accommodations"},"content":{"rendered":"<h2>Informaci\u00f3n de viaje<\/h2>\r\n<p><strong>Contact address\/phone numbers while you're attending the meeting<\/strong><br>\r\n Instituto Salk de Estudios Biol\u00f3gicos <br>\r\n  10010 N. Torrey Pines Road <br>\r\n\r\n La Jolla, CA 92037<br>\r\n +1 (858) 453-4100 (tel\u00e9fono) <\/p>\r\n\r\n<h2>Hotel Information<\/h2>\r\n<p><a href=\"https:\/\/www.salk.edu\/es\/hotels\/\">Click here for the list &raquo;<\/a><\/p>\r\n<p>\r\n <strong>Sitio web del Aeropuerto Internacional de San Diego:<\/strong><br>\r\n <a href=\"http:\/\/www.san.org\/\" target=\"_blank\" rel=\"noopener\">www.san.org<\/a> <\/p>\r\n\r\n\r\n<p>\r\n <strong>servicio de taxi<\/strong><br>\r\n Yellow Cab +1 (619) 234-6161<\/p>\r\n\r\n\r\n<p>\r\n <strong>Servicio de tren:<\/strong><br>\r\n Amtrak +1 (800) 872-7245 <\/p>\r\n\r\n\r\n\r\n<p>\r\n <strong>Transporte P\u00fablico de San Diego<\/strong><br>\r\n +1 (619) 233-3004<\/p>\r\n\r\n\r\n<p>\r\n <strong>Servicio de transporte<\/strong><br>\r\n<\/p><ul class=\"indent\">\r\n  <li> <strong>Transporte Selam<\/strong>, Tarifa Fija de Auto de Lujo, Servicio de Sed\u00e1n Aeropuerto<br>\r\n\r\n    +1 (800) 504-5190<br>\r\n    <a href=\"http:\/\/www.selamtransportation.com\/\" target=\"_blank\" rel=\"noopener\">www.selamtransportation.com\/<\/a><\/li>\r\n <li><strong>Cloud 9 Shuttle<br>\r\n <\/strong>+1 (800) 974-8885 <a href=\"http:\/\/www.cloud9shuttle.com\/\" target=\"_blank\" rel=\"noopener\"><br>\r\n www.cloud9shuttle.com<\/a><\/li>\r\n <li><strong>Super Shuttle<\/strong> <br>\r\n\r\n   +1 (800) 900-7433<br>\r\n   <a href=\"http:\/\/www.supershuttle.com\/\" target=\"_blank\" rel=\"noopener\">www.supershuttle.com\/<\/a><\/li><\/ul>\r\n\r\n\r\n\r\n<p>Al reservar el servicio de transporte, use la direcci\u00f3n del Instituto Salk indicada arriba si sale del Instituto.<\/p>\r\n<p>Para el servicio de taxi, te preguntar\u00e1n el n\u00famero de tel\u00e9fono desde el que llamas. Diles +1 (858) 453-4100.<\/p>\r\n<p>&nbsp;<\/p>\r\n<h2>Direcciones al Instituto Salk<\/h2>\r\n\r\n<a href=\"https:\/\/www.salk.edu\/wp-content\/uploads\/2015\/11\/MAPsalkcampus.jpg\" target=\"_blank\" rel=\"noopener\">Ver mapa Salk\u00bb<\/a>\r\n<p>\r\n\r\n El Instituto Salk se asoma al Oc\u00e9ano Pac\u00edfico, justo al oeste de la Universidad de California en San Diego.<br>\r\n Nuestra direcci\u00f3n es:<br>\r\n 10010 N Torrey Pines Rd<br>\r\n La Jolla, CA 92037<\/p>\r\n\r\n<p>\r\n <strong>C\u00f3mo llegar al Instituto Salk<\/strong><br>\r\n\r\n <strong>Desde el Norte:<\/strong><br>\r\n Use la I-5 Sur<br>\r\n Sal de Genesee Ave y gira a la derecha (en direcci\u00f3n Oeste)<br>\r\n Dobla a la izquierda en North Torrey Pines Road<br>\r\n Conduce 1\/8 de milla, el Instituto estar\u00e1 a tu derecha<\/p>\r\n\r\n\r\n<p>\r\n <strong>Desde el Sur:<\/strong><br>\r\n Usa la I-5 Norte<br>\r\n Sal de Genesee Ave y gira a la izquierda (direcci\u00f3n Oeste)<br>\r\n Dobla a la izquierda en North Torrey Pines Road<br>\r\n Conduce 1\/8 de milla, el Instituto estar\u00e1 a tu derecha<br>\r\n<\/p>\r\n\r\n\r\n<\/p><p>\r\n El estacionamiento est\u00e1 disponible justo al oeste del Instituto en Torrey Pines Scenic Drive, en el lote de grava.<br>\r\n El \u00e1rea de recepci\u00f3n se encuentra en el ala sur.<br>\r\n La reuni\u00f3n ser\u00e1 en el vest\u00edbulo, bajando la escalera.\r\n\r\n<h2>Alojamiento<\/h2>\r\n<a href=\"https:\/\/www.salk.edu\/es\/about\/hotels\/\">Haga clic aqu\u00ed para ver tarifas e informaci\u00f3n de hoteles\u00bb<\/a>","protected":false},"excerpt":{"rendered":"<h2>Informaci\u00f3n de viaje<\/h2>\r\n<p><strong>Contact address\/phone numbers while you're attending the meeting<\/strong><br>\r\n Instituto Salk de Estudios Biol\u00f3gicos <br>\r\n  10010 N. Torrey Pines Road <br>\r\n\r\n La Jolla, CA 92037<br>\r\n +1 (858) 453-4100 (tel\u00e9fono) <\/p>","protected":false},"author":91,"featured_media":0,"parent":53285,"menu_order":0,"comment_status":"closed","ping_status":"closed","template":"","meta":{"_acf_changed":false,"footnotes":""},"folder":[606],"class_list":["post-53300","page","type-page","status-publish","hentry"],"acf":[],"yoast_head":"<!-- This site is optimized with the Yoast SEO plugin v27.3 - https:\/\/yoast.com\/product\/yoast-seo-wordpress\/ -->\n<title>Joanne Chory Tribute Symposium \u2013 Location and Accommodations - Salk Institute for Biological Studies<\/title>\n<meta name=\"robots\" content=\"index, follow, max-snippet:-1, max-image-preview:large, max-video-preview:-1\" \/>\n<link rel=\"canonical\" href=\"https:\/\/www.salk.edu\/es\/events\/science-events\/joanne-chory-tribute-symposium\/location-and-accommodations\/\" \/>\n<meta property=\"og:locale\" content=\"es_MX\" \/>\n<meta property=\"og:type\" content=\"article\" \/>\n<meta property=\"og:title\" content=\"Joanne Chory Tribute Symposium \u2013 Location and Accommodations - Salk Institute for Biological Studies\" \/>\n<meta property=\"og:description\" content=\"Travel Information Contact address\/phone numbers while you&#039;re attending the meeting  Salk Institute for Biological Studies   10010 N. Torrey Pines Road   La Jolla, CA 92037  +1 (858) 453-4100 (tel)\" \/>\n<meta property=\"og:url\" content=\"https:\/\/www.salk.edu\/es\/events\/science-events\/joanne-chory-tribute-symposium\/location-and-accommodations\/\" \/>\n<meta property=\"og:site_name\" content=\"Salk Institute for Biological Studies\" \/>\n<meta property=\"article:modified_time\" content=\"2025-05-09T00:25:55+00:00\" \/>\n<meta property=\"og:image\" content=\"https:\/\/www.salk.edu\/wp-content\/uploads\/2023\/03\/salk-institute-preview-image.jpg\" \/>\n\t<meta property=\"og:image:width\" content=\"628\" \/>\n\t<meta property=\"og:image:height\" content=\"329\" \/>\n\t<meta property=\"og:image:type\" content=\"image\/jpeg\" \/>\n<meta name=\"twitter:card\" content=\"summary_large_image\" \/>\n<meta name=\"twitter:label1\" content=\"Est. reading time\" \/>\n\t<meta name=\"twitter:data1\" content=\"2 minutes\" \/>\n<script type=\"application\/ld+json\" class=\"yoast-schema-graph\">{\"@context\":\"https:\\\/\\\/schema.org\",\"@graph\":[{\"@type\":\"WebPage\",\"@id\":\"https:\\\/\\\/www.salk.edu\\\/events\\\/science-events\\\/joanne-chory-tribute-symposium\\\/location-and-accommodations\\\/\",\"url\":\"https:\\\/\\\/www.salk.edu\\\/events\\\/science-events\\\/joanne-chory-tribute-symposium\\\/location-and-accommodations\\\/\",\"name\":\"Joanne Chory Tribute Symposium \u2013 Location and Accommodations - Salk Institute for Biological Studies\",\"isPartOf\":{\"@id\":\"https:\\\/\\\/www.salk.edu\\\/#website\"},\"datePublished\":\"2025-05-09T00:18:15+00:00\",\"dateModified\":\"2025-05-09T00:25:55+00:00\",\"breadcrumb\":{\"@id\":\"https:\\\/\\\/www.salk.edu\\\/events\\\/science-events\\\/joanne-chory-tribute-symposium\\\/location-and-accommodations\\\/#breadcrumb\"},\"inLanguage\":\"es-MX\",\"potentialAction\":[{\"@type\":\"ReadAction\",\"target\":[\"https:\\\/\\\/www.salk.edu\\\/events\\\/science-events\\\/joanne-chory-tribute-symposium\\\/location-and-accommodations\\\/\"]}]},{\"@type\":\"BreadcrumbList\",\"@id\":\"https:\\\/\\\/www.salk.edu\\\/events\\\/science-events\\\/joanne-chory-tribute-symposium\\\/location-and-accommodations\\\/#breadcrumb\",\"itemListElement\":[{\"@type\":\"ListItem\",\"position\":1,\"name\":\"Home\",\"item\":\"https:\\\/\\\/www.salk.edu\\\/\"},{\"@type\":\"ListItem\",\"position\":2,\"name\":\"Events\",\"item\":\"https:\\\/\\\/www.salk.edu\\\/events\\\/\"},{\"@type\":\"ListItem\",\"position\":3,\"name\":\"Science Events\",\"item\":\"https:\\\/\\\/www.salk.edu\\\/events\\\/science-events\\\/\"},{\"@type\":\"ListItem\",\"position\":4,\"name\":\"Joanne Chory Tribute Symposium\",\"item\":\"https:\\\/\\\/www.salk.edu\\\/events\\\/science-events\\\/joanne-chory-tribute-symposium\\\/\"},{\"@type\":\"ListItem\",\"position\":5,\"name\":\"Joanne Chory Tribute Symposium \u2013 Location and Accommodations\"}]},{\"@type\":\"WebSite\",\"@id\":\"https:\\\/\\\/www.salk.edu\\\/#website\",\"url\":\"https:\\\/\\\/www.salk.edu\\\/\",\"name\":\"Salk Institute for Biological Studies\",\"description\":\"The Power of Science\",\"publisher\":{\"@id\":\"https:\\\/\\\/www.salk.edu\\\/#organization\"},\"potentialAction\":[{\"@type\":\"SearchAction\",\"target\":{\"@type\":\"EntryPoint\",\"urlTemplate\":\"https:\\\/\\\/www.salk.edu\\\/?s={search_term_string}\"},\"query-input\":{\"@type\":\"PropertyValueSpecification\",\"valueRequired\":true,\"valueName\":\"search_term_string\"}}],\"inLanguage\":\"es-MX\"},{\"@type\":\"Organization\",\"@id\":\"https:\\\/\\\/www.salk.edu\\\/#organization\",\"name\":\"Salk Institute for Biological Studies\",\"url\":\"https:\\\/\\\/www.salk.edu\\\/\",\"logo\":{\"@type\":\"ImageObject\",\"inLanguage\":\"es-MX\",\"@id\":\"https:\\\/\\\/www.salk.edu\\\/#\\\/schema\\\/logo\\\/image\\\/\",\"url\":\"http:\\\/\\\/www.salk.edu\\\/wp-content\\\/uploads\\\/2023\\\/03\\\/salk_logo_696.jpg\",\"contentUrl\":\"http:\\\/\\\/www.salk.edu\\\/wp-content\\\/uploads\\\/2023\\\/03\\\/salk_logo_696.jpg\",\"width\":696,\"height\":696,\"caption\":\"Salk Institute for Biological Studies\"},\"image\":{\"@id\":\"https:\\\/\\\/www.salk.edu\\\/#\\\/schema\\\/logo\\\/image\\\/\"}}]}<\/script>\n<!-- \/ Yoast SEO plugin. -->","yoast_head_json":{"title":"Joanne Chory Tribute Symposium \u2013 Location and Accommodations - Salk Institute for Biological Studies","robots":{"index":"index","follow":"follow","max-snippet":"max-snippet:-1","max-image-preview":"max-image-preview:large","max-video-preview":"max-video-preview:-1"},"canonical":"https:\/\/www.salk.edu\/es\/events\/science-events\/joanne-chory-tribute-symposium\/location-and-accommodations\/","og_locale":"es_MX","og_type":"article","og_title":"Joanne Chory Tribute Symposium \u2013 Location and Accommodations - Salk Institute for Biological Studies","og_description":"Travel Information Contact address\/phone numbers while you're attending the meeting  Salk Institute for Biological Studies   10010 N. Torrey Pines Road   La Jolla, CA 92037  +1 (858) 453-4100 (tel)","og_url":"https:\/\/www.salk.edu\/es\/events\/science-events\/joanne-chory-tribute-symposium\/location-and-accommodations\/","og_site_name":"Salk Institute for Biological Studies","article_modified_time":"2025-05-09T00:25:55+00:00","og_image":[{"width":628,"height":329,"url":"https:\/\/www.salk.edu\/wp-content\/uploads\/2023\/03\/salk-institute-preview-image.jpg","type":"image\/jpeg"}],"twitter_card":"summary_large_image","twitter_misc":{"Est. reading time":"2 minutes"},"schema":{"@context":"https:\/\/schema.org","@graph":[{"@type":"WebPage","@id":"https:\/\/www.salk.edu\/events\/science-events\/joanne-chory-tribute-symposium\/location-and-accommodations\/","url":"https:\/\/www.salk.edu\/events\/science-events\/joanne-chory-tribute-symposium\/location-and-accommodations\/","name":"Joanne Chory Tribute Symposium \u2013 Location and Accommodations - Salk Institute for Biological Studies","isPartOf":{"@id":"https:\/\/www.salk.edu\/#website"},"datePublished":"2025-05-09T00:18:15+00:00","dateModified":"2025-05-09T00:25:55+00:00","breadcrumb":{"@id":"https:\/\/www.salk.edu\/events\/science-events\/joanne-chory-tribute-symposium\/location-and-accommodations\/#breadcrumb"},"inLanguage":"es-MX","potentialAction":[{"@type":"ReadAction","target":["https:\/\/www.salk.edu\/events\/science-events\/joanne-chory-tribute-symposium\/location-and-accommodations\/"]}]},{"@type":"BreadcrumbList","@id":"https:\/\/www.salk.edu\/events\/science-events\/joanne-chory-tribute-symposium\/location-and-accommodations\/#breadcrumb","itemListElement":[{"@type":"ListItem","position":1,"name":"Home","item":"https:\/\/www.salk.edu\/"},{"@type":"ListItem","position":2,"name":"Events","item":"https:\/\/www.salk.edu\/events\/"},{"@type":"ListItem","position":3,"name":"Science Events","item":"https:\/\/www.salk.edu\/events\/science-events\/"},{"@type":"ListItem","position":4,"name":"Joanne Chory Tribute Symposium","item":"https:\/\/www.salk.edu\/events\/science-events\/joanne-chory-tribute-symposium\/"},{"@type":"ListItem","position":5,"name":"Joanne Chory Tribute Symposium \u2013 Location and Accommodations"}]},{"@type":"WebSite","@id":"https:\/\/www.salk.edu\/#website","url":"https:\/\/www.salk.edu\/","name":"Instituto Salk de Estudios Biol\u00f3gicos","description":"The Power of Science","publisher":{"@id":"https:\/\/www.salk.edu\/#organization"},"potentialAction":[{"@type":"SearchAction","target":{"@type":"EntryPoint","urlTemplate":"https:\/\/www.salk.edu\/?s={search_term_string}"},"query-input":{"@type":"PropertyValueSpecification","valueRequired":true,"valueName":"search_term_string"}}],"inLanguage":"es-MX"},{"@type":"Organization","@id":"https:\/\/www.salk.edu\/#organization","name":"Instituto Salk de Estudios Biol\u00f3gicos","url":"https:\/\/www.salk.edu\/","logo":{"@type":"ImageObject","inLanguage":"es-MX","@id":"https:\/\/www.salk.edu\/#\/schema\/logo\/image\/","url":"http:\/\/www.salk.edu\/wp-content\/uploads\/2023\/03\/salk_logo_696.jpg","contentUrl":"http:\/\/www.salk.edu\/wp-content\/uploads\/2023\/03\/salk_logo_696.jpg","width":696,"height":696,"caption":"Salk Institute for Biological Studies"},"image":{"@id":"https:\/\/www.salk.edu\/#\/schema\/logo\/image\/"}}]}},"ACF":{"hero":"https:\/\/www.salk.edu\/wp-content\/uploads\/2025\/05\/25-chory-symposium-header-2.jpg","line_1":"","line_2":"","poster_quote":"","salk_custom_body_class":"","gallery":false,"secondary_navigation":"<div class=\"menu-chory-tribute-symposium-container\"><ul id=\"menu-chory-tribute-symposium\" class=\"menu\"><li class=\"menu-item menu-item-type-post_type menu-item-object-page menu-item-53305\"><a href=\"https:\/\/www.salk.edu\/es\/events\/science-events\/joanne-chory-tribute-symposium\/\">Home<\/a><\/li>\n<li class=\"menu-item menu-item-type-post_type menu-item-object-page menu-item-53304\"><a href=\"https:\/\/www.salk.edu\/es\/events\/science-events\/joanne-chory-tribute-symposium\/program\/\">Program<\/a><\/li>\n<li class=\"menu-item menu-item-type-post_type menu-item-object-page menu-item-53303\"><a href=\"https:\/\/www.salk.edu\/es\/events\/science-events\/joanne-chory-tribute-symposium\/registration\/\">Registration<\/a><\/li>\n<li class=\"menu-item menu-item-type-post_type menu-item-object-page menu-item-53302\"><a href=\"https:\/\/www.salk.edu\/es\/events\/science-events\/joanne-chory-tribute-symposium\/location-and-accommodations\/\">Location and Accommodations<\/a><\/li>\n<\/ul><\/div>"},"_links":{"self":[{"href":"https:\/\/www.salk.edu\/es\/wp-json\/wp\/v2\/pages\/53300","targetHints":{"allow":["GET"]}}],"collection":[{"href":"https:\/\/www.salk.edu\/es\/wp-json\/wp\/v2\/pages"}],"about":[{"href":"https:\/\/www.salk.edu\/es\/wp-json\/wp\/v2\/types\/page"}],"author":[{"embeddable":true,"href":"https:\/\/www.salk.edu\/es\/wp-json\/wp\/v2\/users\/91"}],"replies":[{"embeddable":true,"href":"https:\/\/www.salk.edu\/es\/wp-json\/wp\/v2\/comments?post=53300"}],"version-history":[{"count":3,"href":"https:\/\/www.salk.edu\/es\/wp-json\/wp\/v2\/pages\/53300\/revisions"}],"predecessor-version":[{"id":53312,"href":"https:\/\/www.salk.edu\/es\/wp-json\/wp\/v2\/pages\/53300\/revisions\/53312"}],"up":[{"embeddable":true,"href":"https:\/\/www.salk.edu\/es\/wp-json\/wp\/v2\/pages\/53285"}],"wp:attachment":[{"href":"https:\/\/www.salk.edu\/es\/wp-json\/wp\/v2\/media?parent=53300"}],"wp:term":[{"taxonomy":"folder","embeddable":true,"href":"https:\/\/www.salk.edu\/es\/wp-json\/wp\/v2\/folder?post=53300"}],"curies":[{"name":"wp","href":"https:\/\/api.w.org\/{rel}","templated":true}]}}