{"id":52355,"date":"2025-01-26T17:08:14","date_gmt":"2025-01-27T01:08:14","guid":{"rendered":"https:\/\/www.salk.edu\/?page_id=52355"},"modified":"2025-05-02T14:45:41","modified_gmt":"2025-05-02T21:45:41","slug":"program","status":"publish","type":"page","link":"https:\/\/www.salk.edu\/es\/events\/science-events\/neuroimmunology-today-tomorrow-symposium\/program\/","title":{"rendered":"Simposio Neuroinmunolog\u00eda Hoy y Ma\u00f1ana \u2013 Programa"},"content":{"rendered":"<h2>Programa<\/h2>\n<p><!--More information will be available soon.--><\/p>\n<table border=\"0\" style=\"width: 100%; margin-bottom: 20px;\">\n<tr valign=\"top\">\n<td style=\"width: 12%; padding-bottom: 10px;\">9:30 a. m.<\/td>\n<td style=\"padding-bottom: 10px;\">Desayuno y registro<\/td>\n<\/tr>\n<tr valign=\"top\">\n<td style=\"width: 12%; padding-bottom: 10px;\">10:00 a.m.<\/td>\n<td style=\"padding-bottom: 10px;\">Observaciones iniciales<\/td>\n<\/tr>\n<\/table>\n<table border=\"0\" style=\"width: 100%; margin-bottom: 20px;\">\n<tr valign=\"top\">\n<td colspan=\"2\" style=\"padding-bottom: 10px;\"><strong>SESI\u00d3N 1: INMUNOSUPERVISI\u00d3N E INFLAMMAGING<\/strong><\/td>\n<\/tr>\n<tr valign=\"top\">\n<td style=\"width: 12%; padding-bottom: 10px;\">10:10 a.m.<\/td>\n<td style=\"padding-bottom: 10px;\"><strong>Jony Kipnis<\/strong>, Escuela de Medicina de la Universidad de Washington en St. Louis<br \/>\n<em>Navegando en turbulentas aguas neuroinmunes<\/em><\/td>\n<\/tr>\n<tr valign=\"top\">\n<td style=\"padding-bottom: 10px;\">10:50 a. m.<\/td>\n<td style=\"padding-bottom: 10px;\"><strong>Lara Labarta Bajo<\/strong>, Instituto Salk, laboratorio Allen<br \/>\n<em>La v\u00eda del interfer\u00f3n antiviral modula el envejecimiento de los astrocitos y la funci\u00f3n motora<\/em><\/td>\n<\/tr>\n<tr valign=\"top\">\n<td style=\"padding-bottom: 10px;\">11:15 a. m.<\/td>\n<td style=\"padding-bottom: 10px;\"><strong>Carla Shatz<\/strong>, Universidad de Stanford<br \/>\n<em>\u00bfTiene el desarrollo neuronal lecciones para la enfermedad de Alzheimer?<\/em><\/td>\n<\/tr>\n<tr valign=\"top\">\n<td style=\"padding-bottom: 10px;\">11:55 a. m.<\/td>\n<td style=\"padding-bottom: 10px;\">Receso para almorzar<\/td>\n<\/tr>\n<\/table>\n<table border=\"0\" style=\"width: 100%; margin-bottom: 20px;\">\n<tr valign=\"top\">\n<td colspan=\"2\" style=\"padding-bottom: 10px;\"><strong>SESI\u00d3N 2: ESTADO DE \u00c1NIMO Y MEMORIA<\/strong><\/td>\n<\/tr>\n<tr valign=\"top\">\n<td style=\"width: 12%; padding-bottom: 10px;\">12:55 p. m.<\/td>\n<td style=\"padding-bottom: 10px;\"><strong>Christian Haas<\/strong>, Universidad Ludwig Maximilian de M\u00fanich<br \/>\n<em>Modulaci\u00f3n de las actividades protectoras de la microgl\u00eda en enfermedades neurodegenerativas<\/em><\/td>\n<\/tr>\n<tr valign=\"top\">\n<td style=\"padding-bottom: 10px;\">1:35 p. m.<\/td>\n<td style=\"padding-bottom: 10px;\"><strong>Irene Lopez Gutierrez<\/strong>, Instituto Salk, Laboratorio Kaech<br \/>\n<em>Historia de las infecciones, las c\u00e9lulas T y la enfermedad de Alzheimer<\/em><\/td>\n<\/tr>\n<tr valign=\"top\">\n<td style=\"padding-bottom: 10px;\">2:00 p.m.<\/td>\n<td style=\"padding-bottom: 10px;\"><strong>Scott Russo<\/strong>, Monte Sina\u00ed<br \/>\n<em>Mecanismos neuroinmunes del estr\u00e9s y la depresi\u00f3n<\/em><\/td>\n<\/tr>\n<tr valign=\"top\">\n<td style=\"padding-bottom: 10px;\">2:40 p. m.<\/td>\n<td style=\"padding-bottom: 10px;\">Descanso de la tarde<\/td>\n<\/tr>\n<\/table>\n<table border=\"0\" style=\"width: 100%;\">\n<tr valign=\"top\">\n<td colspan=\"2\" style=\"padding-bottom: 10px;\"><strong>SESI\u00d3N 3: NEURO-FLUJO: MANTENIENDO EL CEREBRO EN EQUILIBRIO<\/strong><\/td>\n<\/tr>\n<tr valign=\"top\">\n<td style=\"width: 12%; padding-bottom: 10px;\">3:00 p. m.<\/td>\n<td style=\"padding-bottom: 10px;\"><strong>Maria Lehtinen<\/strong>, Universidad de Harvard<br \/>\n<em>Funciones de por vida que iluminan el sistema coroides-LCR<\/em><\/td>\n<\/tr>\n<tr valign=\"top\">\n<td style=\"width: 12%; padding-bottom: 10px;\">3:40 p. m.<\/td>\n<td style=\"padding-bottom: 10px;\"><strong>Mary Kaye Duff<\/strong>, Instituto Salk, laboratorio Nimmerjahn<br \/>\n<em>Descubrimiento de las interacciones astrocite-neurona en el dolor neurop\u00e1tico<\/em><\/td>\n<\/tr>\n<tr valign=\"top\">\n<td style=\"width: 12%; padding-bottom: 10px;\">4:05 p. m.<\/td>\n<td style=\"padding-bottom: 10px;\"><strong>Fran Quintana<\/strong>, Universidad de Harvard<br \/>\n<em>Astrocitos y neuroinflamaci\u00f3n<\/em><\/td>\n<\/tr>\n<tr valign=\"top\">\n<td style=\"width: 12%; padding-bottom: 10px;\">4:45 p. m.<\/td>\n<td style=\"padding-bottom: 10px;\">Observaciones finales<\/td>\n<\/tr>\n<tr valign=\"top\">\n<td style=\"width: 12%; padding-bottom: 10px;\">5:00 p. m.<\/td>\n<td style=\"padding-bottom: 10px;\">Recepci\u00f3n<\/td>\n<\/tr>\n<\/table>","protected":false},"excerpt":{"rendered":"<h2>Programa<\/h2>\n<p><!--More information will be available soon.--><\/p>","protected":false},"author":91,"featured_media":0,"parent":52345,"menu_order":0,"comment_status":"closed","ping_status":"closed","template":"","meta":{"_acf_changed":false,"footnotes":""},"folder":[602],"class_list":["post-52355","page","type-page","status-publish","hentry"],"acf":[],"yoast_head":"<!-- This site is optimized with the Yoast SEO plugin v27.3 - https:\/\/yoast.com\/product\/yoast-seo-wordpress\/ -->\n<title>Neuroimmunology Today &amp; Tomorrow Symposium - Program - Salk Institute for Biological Studies<\/title>\n<meta name=\"robots\" content=\"index, follow, max-snippet:-1, max-image-preview:large, max-video-preview:-1\" \/>\n<link rel=\"canonical\" href=\"https:\/\/www.salk.edu\/es\/events\/science-events\/neuroimmunology-today-tomorrow-symposium\/program\/\" \/>\n<meta property=\"og:locale\" content=\"es_MX\" \/>\n<meta property=\"og:type\" content=\"article\" \/>\n<meta property=\"og:title\" content=\"Neuroimmunology Today &amp; Tomorrow Symposium - Program - Salk Institute for Biological Studies\" \/>\n<meta property=\"og:description\" content=\"Program\" \/>\n<meta property=\"og:url\" content=\"https:\/\/www.salk.edu\/es\/events\/science-events\/neuroimmunology-today-tomorrow-symposium\/program\/\" \/>\n<meta property=\"og:site_name\" content=\"Salk Institute for Biological Studies\" \/>\n<meta property=\"article:modified_time\" content=\"2025-05-02T21:45:41+00:00\" \/>\n<meta property=\"og:image\" content=\"https:\/\/www.salk.edu\/wp-content\/uploads\/2023\/03\/salk-institute-preview-image.jpg\" \/>\n\t<meta property=\"og:image:width\" content=\"628\" \/>\n\t<meta property=\"og:image:height\" content=\"329\" \/>\n\t<meta property=\"og:image:type\" content=\"image\/jpeg\" \/>\n<meta name=\"twitter:card\" content=\"summary_large_image\" \/>\n<meta name=\"twitter:label1\" content=\"Est. reading time\" \/>\n\t<meta name=\"twitter:data1\" content=\"1 minute\" \/>\n<script type=\"application\/ld+json\" class=\"yoast-schema-graph\">{\"@context\":\"https:\\\/\\\/schema.org\",\"@graph\":[{\"@type\":\"WebPage\",\"@id\":\"https:\\\/\\\/www.salk.edu\\\/events\\\/science-events\\\/neuroimmunology-today-tomorrow-symposium\\\/program\\\/\",\"url\":\"https:\\\/\\\/www.salk.edu\\\/events\\\/science-events\\\/neuroimmunology-today-tomorrow-symposium\\\/program\\\/\",\"name\":\"Neuroimmunology Today & Tomorrow Symposium - Program - Salk Institute for Biological Studies\",\"isPartOf\":{\"@id\":\"https:\\\/\\\/www.salk.edu\\\/#website\"},\"datePublished\":\"2025-01-27T01:08:14+00:00\",\"dateModified\":\"2025-05-02T21:45:41+00:00\",\"breadcrumb\":{\"@id\":\"https:\\\/\\\/www.salk.edu\\\/events\\\/science-events\\\/neuroimmunology-today-tomorrow-symposium\\\/program\\\/#breadcrumb\"},\"inLanguage\":\"es-MX\",\"potentialAction\":[{\"@type\":\"ReadAction\",\"target\":[\"https:\\\/\\\/www.salk.edu\\\/events\\\/science-events\\\/neuroimmunology-today-tomorrow-symposium\\\/program\\\/\"]}]},{\"@type\":\"BreadcrumbList\",\"@id\":\"https:\\\/\\\/www.salk.edu\\\/events\\\/science-events\\\/neuroimmunology-today-tomorrow-symposium\\\/program\\\/#breadcrumb\",\"itemListElement\":[{\"@type\":\"ListItem\",\"position\":1,\"name\":\"Home\",\"item\":\"https:\\\/\\\/www.salk.edu\\\/\"},{\"@type\":\"ListItem\",\"position\":2,\"name\":\"Events\",\"item\":\"https:\\\/\\\/www.salk.edu\\\/events\\\/\"},{\"@type\":\"ListItem\",\"position\":3,\"name\":\"Science Events\",\"item\":\"https:\\\/\\\/www.salk.edu\\\/events\\\/science-events\\\/\"},{\"@type\":\"ListItem\",\"position\":4,\"name\":\"Neuroimmunology Today &#038; Tomorrow Symposium\",\"item\":\"https:\\\/\\\/www.salk.edu\\\/events\\\/science-events\\\/neuroimmunology-today-tomorrow-symposium\\\/\"},{\"@type\":\"ListItem\",\"position\":5,\"name\":\"Neuroimmunology Today &#038; Tomorrow Symposium &#8211; Program\"}]},{\"@type\":\"WebSite\",\"@id\":\"https:\\\/\\\/www.salk.edu\\\/#website\",\"url\":\"https:\\\/\\\/www.salk.edu\\\/\",\"name\":\"Salk Institute for Biological Studies\",\"description\":\"The Power of Science\",\"publisher\":{\"@id\":\"https:\\\/\\\/www.salk.edu\\\/#organization\"},\"potentialAction\":[{\"@type\":\"SearchAction\",\"target\":{\"@type\":\"EntryPoint\",\"urlTemplate\":\"https:\\\/\\\/www.salk.edu\\\/?s={search_term_string}\"},\"query-input\":{\"@type\":\"PropertyValueSpecification\",\"valueRequired\":true,\"valueName\":\"search_term_string\"}}],\"inLanguage\":\"es-MX\"},{\"@type\":\"Organization\",\"@id\":\"https:\\\/\\\/www.salk.edu\\\/#organization\",\"name\":\"Salk Institute for Biological Studies\",\"url\":\"https:\\\/\\\/www.salk.edu\\\/\",\"logo\":{\"@type\":\"ImageObject\",\"inLanguage\":\"es-MX\",\"@id\":\"https:\\\/\\\/www.salk.edu\\\/#\\\/schema\\\/logo\\\/image\\\/\",\"url\":\"http:\\\/\\\/www.salk.edu\\\/wp-content\\\/uploads\\\/2023\\\/03\\\/salk_logo_696.jpg\",\"contentUrl\":\"http:\\\/\\\/www.salk.edu\\\/wp-content\\\/uploads\\\/2023\\\/03\\\/salk_logo_696.jpg\",\"width\":696,\"height\":696,\"caption\":\"Salk Institute for Biological Studies\"},\"image\":{\"@id\":\"https:\\\/\\\/www.salk.edu\\\/#\\\/schema\\\/logo\\\/image\\\/\"}}]}<\/script>\n<!-- \/ Yoast SEO plugin. -->","yoast_head_json":{"title":"Neuroimmunology Today & Tomorrow Symposium - Program - Salk Institute for Biological Studies","robots":{"index":"index","follow":"follow","max-snippet":"max-snippet:-1","max-image-preview":"max-image-preview:large","max-video-preview":"max-video-preview:-1"},"canonical":"https:\/\/www.salk.edu\/es\/events\/science-events\/neuroimmunology-today-tomorrow-symposium\/program\/","og_locale":"es_MX","og_type":"article","og_title":"Neuroimmunology Today & Tomorrow Symposium - Program - Salk Institute for Biological Studies","og_description":"Program","og_url":"https:\/\/www.salk.edu\/es\/events\/science-events\/neuroimmunology-today-tomorrow-symposium\/program\/","og_site_name":"Salk Institute for Biological Studies","article_modified_time":"2025-05-02T21:45:41+00:00","og_image":[{"width":628,"height":329,"url":"https:\/\/www.salk.edu\/wp-content\/uploads\/2023\/03\/salk-institute-preview-image.jpg","type":"image\/jpeg"}],"twitter_card":"summary_large_image","twitter_misc":{"Est. reading time":"1 minute"},"schema":{"@context":"https:\/\/schema.org","@graph":[{"@type":"WebPage","@id":"https:\/\/www.salk.edu\/events\/science-events\/neuroimmunology-today-tomorrow-symposium\/program\/","url":"https:\/\/www.salk.edu\/events\/science-events\/neuroimmunology-today-tomorrow-symposium\/program\/","name":"Neuroimmunology Today & Tomorrow Symposium - Program - Salk Institute for Biological Studies","isPartOf":{"@id":"https:\/\/www.salk.edu\/#website"},"datePublished":"2025-01-27T01:08:14+00:00","dateModified":"2025-05-02T21:45:41+00:00","breadcrumb":{"@id":"https:\/\/www.salk.edu\/events\/science-events\/neuroimmunology-today-tomorrow-symposium\/program\/#breadcrumb"},"inLanguage":"es-MX","potentialAction":[{"@type":"ReadAction","target":["https:\/\/www.salk.edu\/events\/science-events\/neuroimmunology-today-tomorrow-symposium\/program\/"]}]},{"@type":"BreadcrumbList","@id":"https:\/\/www.salk.edu\/events\/science-events\/neuroimmunology-today-tomorrow-symposium\/program\/#breadcrumb","itemListElement":[{"@type":"ListItem","position":1,"name":"Home","item":"https:\/\/www.salk.edu\/"},{"@type":"ListItem","position":2,"name":"Events","item":"https:\/\/www.salk.edu\/events\/"},{"@type":"ListItem","position":3,"name":"Science Events","item":"https:\/\/www.salk.edu\/events\/science-events\/"},{"@type":"ListItem","position":4,"name":"Neuroimmunology Today &#038; Tomorrow Symposium","item":"https:\/\/www.salk.edu\/events\/science-events\/neuroimmunology-today-tomorrow-symposium\/"},{"@type":"ListItem","position":5,"name":"Neuroimmunology Today &#038; Tomorrow Symposium &#8211; Program"}]},{"@type":"WebSite","@id":"https:\/\/www.salk.edu\/#website","url":"https:\/\/www.salk.edu\/","name":"Instituto Salk de Estudios Biol\u00f3gicos","description":"El Poder de la Ciencia","publisher":{"@id":"https:\/\/www.salk.edu\/#organization"},"potentialAction":[{"@type":"SearchAction","target":{"@type":"EntryPoint","urlTemplate":"https:\/\/www.salk.edu\/?s={search_term_string}"},"query-input":{"@type":"PropertyValueSpecification","valueRequired":true,"valueName":"search_term_string"}}],"inLanguage":"es-MX"},{"@type":"Organization","@id":"https:\/\/www.salk.edu\/#organization","name":"Instituto Salk de Estudios Biol\u00f3gicos","url":"https:\/\/www.salk.edu\/","logo":{"@type":"ImageObject","inLanguage":"es-MX","@id":"https:\/\/www.salk.edu\/#\/schema\/logo\/image\/","url":"http:\/\/www.salk.edu\/wp-content\/uploads\/2023\/03\/salk_logo_696.jpg","contentUrl":"http:\/\/www.salk.edu\/wp-content\/uploads\/2023\/03\/salk_logo_696.jpg","width":696,"height":696,"caption":"Salk Institute for Biological Studies"},"image":{"@id":"https:\/\/www.salk.edu\/#\/schema\/logo\/image\/"}}]}},"ACF":{"hero":"https:\/\/www.salk.edu\/wp-content\/uploads\/2024\/09\/neuro-immunologyheader.jpg","line_1":"Neuroimmunology Today & Tomorrow Symposium","line_2":"Program","gallery":false,"secondary_navigation":"<div class=\"menu-nomis-neuroimmunology-symposium-container\"><ul id=\"menu-nomis-neuroimmunology-symposium\" class=\"menu\"><li class=\"menu-item menu-item-type-post_type menu-item-object-page menu-item-52366\"><a href=\"https:\/\/www.salk.edu\/es\/events\/science-events\/neuroimmunology-today-tomorrow-symposium\/\">Home<\/a><\/li>\n<li class=\"menu-item menu-item-type-post_type menu-item-object-page menu-item-52365\"><a href=\"https:\/\/www.salk.edu\/es\/events\/science-events\/neuroimmunology-today-tomorrow-symposium\/program\/\">Program<\/a><\/li>\n<li class=\"menu-item menu-item-type-post_type menu-item-object-page menu-item-52364\"><a href=\"https:\/\/www.salk.edu\/es\/events\/science-events\/neuroimmunology-today-tomorrow-symposium\/registration\/\">Registration<\/a><\/li>\n<li class=\"menu-item menu-item-type-post_type menu-item-object-page menu-item-53048\"><a href=\"https:\/\/www.salk.edu\/es\/events\/science-events\/neuroimmunology-today-tomorrow-symposium\/speakers\/\">Speakers<\/a><\/li>\n<li class=\"menu-item menu-item-type-post_type menu-item-object-page menu-item-52380\"><a href=\"https:\/\/www.salk.edu\/es\/events\/science-events\/neuroimmunology-today-tomorrow-symposium\/contact\/\">Contact<\/a><\/li>\n<\/ul><\/div>","salk_custom_body_class":"","poster_quote":""},"_links":{"self":[{"href":"https:\/\/www.salk.edu\/es\/wp-json\/wp\/v2\/pages\/52355","targetHints":{"allow":["GET"]}}],"collection":[{"href":"https:\/\/www.salk.edu\/es\/wp-json\/wp\/v2\/pages"}],"about":[{"href":"https:\/\/www.salk.edu\/es\/wp-json\/wp\/v2\/types\/page"}],"author":[{"embeddable":true,"href":"https:\/\/www.salk.edu\/es\/wp-json\/wp\/v2\/users\/91"}],"replies":[{"embeddable":true,"href":"https:\/\/www.salk.edu\/es\/wp-json\/wp\/v2\/comments?post=52355"}],"version-history":[{"count":9,"href":"https:\/\/www.salk.edu\/es\/wp-json\/wp\/v2\/pages\/52355\/revisions"}],"predecessor-version":[{"id":53251,"href":"https:\/\/www.salk.edu\/es\/wp-json\/wp\/v2\/pages\/52355\/revisions\/53251"}],"up":[{"embeddable":true,"href":"https:\/\/www.salk.edu\/es\/wp-json\/wp\/v2\/pages\/52345"}],"wp:attachment":[{"href":"https:\/\/www.salk.edu\/es\/wp-json\/wp\/v2\/media?parent=52355"}],"wp:term":[{"taxonomy":"folder","embeddable":true,"href":"https:\/\/www.salk.edu\/es\/wp-json\/wp\/v2\/folder?post=52355"}],"curies":[{"name":"la hora de","href":"https:\/\/api.w.org\/{rel}","templated":true}]}}