{"id":48460,"date":"2024-03-27T12:45:41","date_gmt":"2024-03-27T19:45:41","guid":{"rendered":"https:\/\/vermont.salk.edu\/?page_id=48460"},"modified":"2025-06-26T15:01:23","modified_gmt":"2025-06-26T22:01:23","slug":"newsletter-wallpaper","status":"publish","type":"page","link":"https:\/\/www.salk.edu\/es\/newsletter-wallpaper\/","title":{"rendered":"Fondo de Pantalla para Bolet\u00edn"},"content":{"rendered":"<p>\u00a1La primavera ha llegado! Mientras las flores comienzan a mostrar de nuevo sus coloridos rostros, Salk celebra a nuestros bi\u00f3logos de plantas de clase mundial, como el investigador destacado de este mes. <a href=\"https:\/\/www.salk.edu\/es\/scientist\/lena-mueller\/\" target=\"_blank\" rel=\"noopener\">Lena Mueller<\/a>\u2014y el importante trabajo que hacen.<\/p>\n<p>Cada nuevo y emocionante hallazgo nos acerca m\u00e1s al cumplimiento de la misi\u00f3n de la Iniciativa \u00abHarnessing Plants\u00bb del Instituto Salk: crear plantas con sistemas radiculares m\u00e1s profundos y robustos que absorban el exceso de carbono atmosf\u00e9rico y lo mantengan bajo tierra. Podr\u00e1s leer sobre nuestros avances hasta la fecha en la pr\u00f3xima edici\u00f3n de primavera de 2025 de Inside Salk, o ya mismo en <a href=\"https:\/\/www.salk.edu\/es\/harnessing-plants-initiative\/\" target=\"_blank\" rel=\"noopener\">visitar la p\u00e1gina principal de la Iniciativa aqu\u00ed<\/a>.<\/p>\n<p>Elige una imagen y haz clic derecho en un enlace para descargar la imagen adecuada para el tama\u00f1o de tu pantalla.<\/p>\n<div class=\"tabbable tabs\" style=\"padding-bottom: 30px;\">\n<ul class=\"nav nav-tabs\">\n<li class=\"active\"><a href=\"#desktop\" data-toggle=\"tab\">Escritorio\/Zoom<\/a><\/li>\n<li><a href=\"#tablet\" data-toggle=\"tab\">Tableta<\/a><\/li>\n<li><a href=\"#phone\" data-toggle=\"tab\">Tel\u00e9fono o reloj<\/a><\/li>\n<\/ul>\n<\/div>\n<section class=\"tab-content\">\n<div id=\"desktop\" class=\"tab-pane active\">\n<h2>Fondo de pantalla para escritorio\/Zoom<\/h2>\n<p>Instalar tu papel tapiz es f\u00e1cil:<\/p>\n<ul class=\"indent\">\n<li>Haz clic en el enlace a continuaci\u00f3n.<\/li>\n<li>Para fondo de escritorio:\n<ul>\n<li>Haz clic con el bot\u00f3n derecho del rat\u00f3n en la imagen para mostrar el men\u00fa de opciones.<\/li>\n<li>Selecciona \u201cEstablecer como fondo\u201d o \u201cEstablecer como fondo de escritorio\u201d.<\/li>\n<\/ul>\n<\/li>\n<li>Para el fondo de Zoom:\n<ul>\n<li>Haz clic derecho en la imagen y selecciona \u201cGuardar imagen\u201d.<\/li>\n<li>Selecciona \u201cFondo virtual\u201d en la configuraci\u00f3n de Zoom y elige la imagen.<\/li>\n<\/ul>\n<\/li>\n<\/ul>\n<p><a class=\"btn -expand\" href=\"https:\/\/www.salk.edu\/wp-content\/uploads\/2025\/06\/2506-wallpaper-zoom-1920x1080-1.jpg\" target=\"_blank\" rel=\"noopener noreferrer\">Fondo de Zoom o fondo de escritorio \u00bb<\/a><\/p>\n<\/div>\n<div id=\"tablet\" class=\"tab-pane\">\n<h2>Fondo de pantalla para tablet<\/h2>\n<p>Instalar tu papel tapiz es f\u00e1cil:<\/p>\n<ul class=\"indent\">\n<li>Haz clic en el enlace \u201cFoto de portada del iPad\u201d que aparece a continuaci\u00f3n.<\/li>\n<li>Mant\u00e9n pulsada la imagen y selecciona \u201cGuardar imagen\u201d.<\/li>\n<li>Ve a la foto en tu \u00e1lbum de fotos.<\/li>\n<li>En el men\u00fa \u201cOpciones\u201d, selecciona \u201cUsar como fondo de pantalla\u201d.\u201d<\/li>\n<\/ul>\n<p><a class=\"btn -expand\" href=\"https:\/\/www.salk.edu\/wp-content\/uploads\/2025\/06\/2506-wallpaper-tablet-1080x1080-1.jpg\" target=\"_blank\" rel=\"noopener noreferrer\">Foto de portada de tablet\u00bb<\/a><\/p>\n<\/div>\n<div id=\"phone\" class=\"tab-pane\">\n<h2>Fondo de pantalla para smartphone o smartwatch<\/h2>\n<p>Instalar tu papel tapiz es f\u00e1cil:<\/p>\n<ul class=\"indent\">\n<li>Toca la foto que quieras usar como fondo de pantalla.<\/li>\n<li>Mant\u00e9n pulsada la imagen y selecciona \u201cGuardar imagen\u201d.<\/li>\n<li>Ve a la foto en tu \u00e1lbum de fotos.<\/li>\n<li>En el men\u00fa \u201cOpciones\u201d, selecciona \u201cUsar como fondo de pantalla\u201d.\u201d<\/li>\n<\/ul>\n<p>Para instalar en tu iPhone, este video tiene instrucciones: <a href=\"https:\/\/youtu.be\/haGAMWaKSLQ?si=CFu15fpreAF_c6RI\">https:\/\/youtu.be\/haGAMWaKSLQ?si=CFu15fpreAF_c6RI<\/a><\/p>\n<p><a class=\"btn -expand\" href=\"https:\/\/www.salk.edu\/wp-content\/uploads\/2025\/06\/2506-wallpaper-tablet-1080x1080-1.jpg\" target=\"_blank\" rel=\"noopener noreferrer\">Foto de portada del smartphone \u00bb<\/a><\/p>\n<\/div>\n<\/section>","protected":false},"excerpt":{"rendered":"<p>\u00a1La primavera ha llegado! Mientras las flores comienzan a mostrar de nuevo sus coloridos rostros, Salk celebra a nuestros bi\u00f3logos de plantas de clase mundial, como el investigador destacado de este mes. <a href=\"https:\/\/www.salk.edu\/es\/scientist\/lena-mueller\/\" target=\"_blank\" rel=\"noopener\">Lena Mueller<\/a>\u2014y el importante trabajo que hacen.<\/p>","protected":false},"author":3,"featured_media":0,"parent":0,"menu_order":0,"comment_status":"closed","ping_status":"closed","template":"","meta":{"_acf_changed":false,"footnotes":""},"folder":[467],"class_list":["post-48460","page","type-page","status-publish","hentry"],"acf":[],"yoast_head":"<!-- This site is optimized with the Yoast SEO plugin v27.3 - https:\/\/yoast.com\/product\/yoast-seo-wordpress\/ -->\n<title>Newsletter Wallpaper - Salk Institute for Biological Studies<\/title>\n<meta name=\"robots\" content=\"index, follow, max-snippet:-1, max-image-preview:large, max-video-preview:-1\" \/>\n<link rel=\"canonical\" href=\"https:\/\/www.salk.edu\/es\/newsletter-wallpaper\/\" \/>\n<meta property=\"og:locale\" content=\"es_MX\" \/>\n<meta property=\"og:type\" content=\"article\" \/>\n<meta property=\"og:title\" content=\"Newsletter Wallpaper - Salk Institute for Biological Studies\" \/>\n<meta property=\"og:description\" content=\"Spring has sprung! As flowers begin to show their colorful faces again, Salk celebrates our world-class plant biologists\u2014like this month\u2019s featured researcher Lena Mueller\u2014and the important work they do.\" \/>\n<meta property=\"og:url\" content=\"https:\/\/www.salk.edu\/es\/newsletter-wallpaper\/\" \/>\n<meta property=\"og:site_name\" content=\"Salk Institute for Biological Studies\" \/>\n<meta property=\"article:modified_time\" content=\"2025-06-26T22:01:23+00:00\" \/>\n<meta property=\"og:image\" content=\"https:\/\/www.salk.edu\/wp-content\/uploads\/2023\/03\/salk-institute-preview-image.jpg\" \/>\n\t<meta property=\"og:image:width\" content=\"628\" \/>\n\t<meta property=\"og:image:height\" content=\"329\" \/>\n\t<meta property=\"og:image:type\" content=\"image\/jpeg\" \/>\n<meta name=\"twitter:card\" content=\"summary_large_image\" \/>\n<meta name=\"twitter:label1\" content=\"Est. reading time\" \/>\n\t<meta name=\"twitter:data1\" content=\"2 minutes\" \/>\n<script type=\"application\/ld+json\" class=\"yoast-schema-graph\">{\"@context\":\"https:\\\/\\\/schema.org\",\"@graph\":[{\"@type\":\"WebPage\",\"@id\":\"https:\\\/\\\/www.salk.edu\\\/newsletter-wallpaper\\\/\",\"url\":\"https:\\\/\\\/www.salk.edu\\\/newsletter-wallpaper\\\/\",\"name\":\"Newsletter Wallpaper - Salk Institute for Biological Studies\",\"isPartOf\":{\"@id\":\"https:\\\/\\\/www.salk.edu\\\/#website\"},\"datePublished\":\"2024-03-27T19:45:41+00:00\",\"dateModified\":\"2025-06-26T22:01:23+00:00\",\"breadcrumb\":{\"@id\":\"https:\\\/\\\/www.salk.edu\\\/newsletter-wallpaper\\\/#breadcrumb\"},\"inLanguage\":\"es-MX\",\"potentialAction\":[{\"@type\":\"ReadAction\",\"target\":[\"https:\\\/\\\/www.salk.edu\\\/newsletter-wallpaper\\\/\"]}]},{\"@type\":\"BreadcrumbList\",\"@id\":\"https:\\\/\\\/www.salk.edu\\\/newsletter-wallpaper\\\/#breadcrumb\",\"itemListElement\":[{\"@type\":\"ListItem\",\"position\":1,\"name\":\"Home\",\"item\":\"https:\\\/\\\/www.salk.edu\\\/\"},{\"@type\":\"ListItem\",\"position\":2,\"name\":\"Newsletter Wallpaper\"}]},{\"@type\":\"WebSite\",\"@id\":\"https:\\\/\\\/www.salk.edu\\\/#website\",\"url\":\"https:\\\/\\\/www.salk.edu\\\/\",\"name\":\"Salk Institute for Biological Studies\",\"description\":\"The Power of Science\",\"publisher\":{\"@id\":\"https:\\\/\\\/www.salk.edu\\\/#organization\"},\"potentialAction\":[{\"@type\":\"SearchAction\",\"target\":{\"@type\":\"EntryPoint\",\"urlTemplate\":\"https:\\\/\\\/www.salk.edu\\\/?s={search_term_string}\"},\"query-input\":{\"@type\":\"PropertyValueSpecification\",\"valueRequired\":true,\"valueName\":\"search_term_string\"}}],\"inLanguage\":\"es-MX\"},{\"@type\":\"Organization\",\"@id\":\"https:\\\/\\\/www.salk.edu\\\/#organization\",\"name\":\"Salk Institute for Biological Studies\",\"url\":\"https:\\\/\\\/www.salk.edu\\\/\",\"logo\":{\"@type\":\"ImageObject\",\"inLanguage\":\"es-MX\",\"@id\":\"https:\\\/\\\/www.salk.edu\\\/#\\\/schema\\\/logo\\\/image\\\/\",\"url\":\"http:\\\/\\\/www.salk.edu\\\/wp-content\\\/uploads\\\/2023\\\/03\\\/salk_logo_696.jpg\",\"contentUrl\":\"http:\\\/\\\/www.salk.edu\\\/wp-content\\\/uploads\\\/2023\\\/03\\\/salk_logo_696.jpg\",\"width\":696,\"height\":696,\"caption\":\"Salk Institute for Biological Studies\"},\"image\":{\"@id\":\"https:\\\/\\\/www.salk.edu\\\/#\\\/schema\\\/logo\\\/image\\\/\"}}]}<\/script>\n<!-- \/ Yoast SEO plugin. -->","yoast_head_json":{"title":"Newsletter Wallpaper - Salk Institute for Biological Studies","robots":{"index":"index","follow":"follow","max-snippet":"max-snippet:-1","max-image-preview":"max-image-preview:large","max-video-preview":"max-video-preview:-1"},"canonical":"https:\/\/www.salk.edu\/es\/newsletter-wallpaper\/","og_locale":"es_MX","og_type":"article","og_title":"Newsletter Wallpaper - Salk Institute for Biological Studies","og_description":"Spring has sprung! As flowers begin to show their colorful faces again, Salk celebrates our world-class plant biologists\u2014like this month\u2019s featured researcher Lena Mueller\u2014and the important work they do.","og_url":"https:\/\/www.salk.edu\/es\/newsletter-wallpaper\/","og_site_name":"Salk Institute for Biological Studies","article_modified_time":"2025-06-26T22:01:23+00:00","og_image":[{"width":628,"height":329,"url":"https:\/\/www.salk.edu\/wp-content\/uploads\/2023\/03\/salk-institute-preview-image.jpg","type":"image\/jpeg"}],"twitter_card":"summary_large_image","twitter_misc":{"Est. reading time":"2 minutes"},"schema":{"@context":"https:\/\/schema.org","@graph":[{"@type":"WebPage","@id":"https:\/\/www.salk.edu\/newsletter-wallpaper\/","url":"https:\/\/www.salk.edu\/newsletter-wallpaper\/","name":"Newsletter Wallpaper - Salk Institute for Biological Studies","isPartOf":{"@id":"https:\/\/www.salk.edu\/#website"},"datePublished":"2024-03-27T19:45:41+00:00","dateModified":"2025-06-26T22:01:23+00:00","breadcrumb":{"@id":"https:\/\/www.salk.edu\/newsletter-wallpaper\/#breadcrumb"},"inLanguage":"es-MX","potentialAction":[{"@type":"ReadAction","target":["https:\/\/www.salk.edu\/newsletter-wallpaper\/"]}]},{"@type":"BreadcrumbList","@id":"https:\/\/www.salk.edu\/newsletter-wallpaper\/#breadcrumb","itemListElement":[{"@type":"ListItem","position":1,"name":"Home","item":"https:\/\/www.salk.edu\/"},{"@type":"ListItem","position":2,"name":"Newsletter Wallpaper"}]},{"@type":"WebSite","@id":"https:\/\/www.salk.edu\/#website","url":"https:\/\/www.salk.edu\/","name":"Instituto Salk de Estudios Biol\u00f3gicos","description":"El Poder de la Ciencia","publisher":{"@id":"https:\/\/www.salk.edu\/#organization"},"potentialAction":[{"@type":"SearchAction","target":{"@type":"EntryPoint","urlTemplate":"https:\/\/www.salk.edu\/?s={search_term_string}"},"query-input":{"@type":"PropertyValueSpecification","valueRequired":true,"valueName":"search_term_string"}}],"inLanguage":"es-MX"},{"@type":"Organization","@id":"https:\/\/www.salk.edu\/#organization","name":"Instituto Salk de Estudios Biol\u00f3gicos","url":"https:\/\/www.salk.edu\/","logo":{"@type":"ImageObject","inLanguage":"es-MX","@id":"https:\/\/www.salk.edu\/#\/schema\/logo\/image\/","url":"http:\/\/www.salk.edu\/wp-content\/uploads\/2023\/03\/salk_logo_696.jpg","contentUrl":"http:\/\/www.salk.edu\/wp-content\/uploads\/2023\/03\/salk_logo_696.jpg","width":696,"height":696,"caption":"Salk Institute for Biological Studies"},"image":{"@id":"https:\/\/www.salk.edu\/#\/schema\/logo\/image\/"}}]}},"ACF":{"hero":"https:\/\/www.salk.edu\/wp-content\/uploads\/2025\/04\/2504-wallpaper-header.jpg","line_1":"April Wallpaper or Zoom Background","line_2":"","gallery":false,"salk_custom_body_class":"","secondary_navigation":false,"poster_quote":""},"_links":{"self":[{"href":"https:\/\/www.salk.edu\/es\/wp-json\/wp\/v2\/pages\/48460","targetHints":{"allow":["GET"]}}],"collection":[{"href":"https:\/\/www.salk.edu\/es\/wp-json\/wp\/v2\/pages"}],"about":[{"href":"https:\/\/www.salk.edu\/es\/wp-json\/wp\/v2\/types\/page"}],"author":[{"embeddable":true,"href":"https:\/\/www.salk.edu\/es\/wp-json\/wp\/v2\/users\/3"}],"replies":[{"embeddable":true,"href":"https:\/\/www.salk.edu\/es\/wp-json\/wp\/v2\/comments?post=48460"}],"version-history":[{"count":36,"href":"https:\/\/www.salk.edu\/es\/wp-json\/wp\/v2\/pages\/48460\/revisions"}],"predecessor-version":[{"id":53775,"href":"https:\/\/www.salk.edu\/es\/wp-json\/wp\/v2\/pages\/48460\/revisions\/53775"}],"wp:attachment":[{"href":"https:\/\/www.salk.edu\/es\/wp-json\/wp\/v2\/media?parent=48460"}],"wp:term":[{"taxonomy":"folder","embeddable":true,"href":"https:\/\/www.salk.edu\/es\/wp-json\/wp\/v2\/folder?post=48460"}],"curies":[{"name":"la hora de","href":"https:\/\/api.w.org\/{rel}","templated":true}]}}