{"id":42394,"date":"2023-08-25T16:00:30","date_gmt":"2023-08-25T23:00:30","guid":{"rendered":"https:\/\/vermont.salk.edu\/?page_id=42394"},"modified":"2025-03-20T19:09:57","modified_gmt":"2025-03-21T02:09:57","slug":"rates","status":"publish","type":"page","link":"https:\/\/www.salk.edu\/es\/science\/core-facilities\/advanced-biophotonics\/rates\/","title":{"rendered":"Programaci\u00f3n y tarifas de BPHO"},"content":{"rendered":"<style>\r\n        .ratecontainer {\r\n            display: flex;\r\n            justify-content: space-between; \/* This will create space between the boxes *\/\r\n            margin-bottom: 20px;\r\n            margin-top: 40px;\r\n        }\r\n   .box {\r\n            width: 48%; \/* Set the width of each box as per your design *\/\r\n            padding: 20px; \/* Add padding around the text *\/\r\n            border: 1px solid #ccc; \/* Add a border for better visualization *\/\r\n        }\r\n    <\/style>\r\n\r\n<p>PPMS es el software que utilizan todas las instalaciones centrales de Salk para gestionar pedidos, reservar equipos y facturar a los usuarios. Se requiere una cuenta de usuario de PPMS para realizar cualquier actividad en nuestras instalaciones centrales. Si a\u00fan no cuenta con una cuenta de usuario de PPMS, solic\u00edtela a trav\u00e9s del enlace que aparece a continuaci\u00f3n.<\/p>\r\n\r\n<ul style=\"margin-top: 0;\">\r\n<li><a href=\"https:\/\/ppms.us\/salk\/login\/?pf=10\" target=\"_blank\" rel=\"noopener\">Solicitar una cuenta de PPMS \u00bb<\/a><\/li>\r\n<li><a href=\"https:\/\/ppms.us\/salk\/?BPHO\" target=\"_blank\" rel=\"noopener\">Reservar instrumentos a trav\u00e9s de PPMS \u00bb<\/a><\/li>\r\n<li><a href=\"https:\/\/docs.google.com\/forms\/d\/e\/1FAIpQLScS2URiR8objCIFgXlIqvaH8KRwmWBioqCyUqJkIjpxGLM40A\/viewform\" target=\"_blank\" rel=\"noopener\">Solicitar una capacitaci\u00f3n \u00bb<\/a><\/li>\r\n<\/ul>\r\n\r\n<div class=\"ratecontainer\">\r\n<div class=\"box\">\r\n<h3 align=\"center\"><strong>Tasas internas<\/strong><\/h3>\r\n<p align=\"center\">Si eres investigador del Instituto Salk<br>\r\n<a href=\"https:\/\/salkland.salk.edu\/Interact\/Pages\/Content\/Document.aspx?id=7351#BPHO\">Haga clic aqu\u00ed para ver las tarifas de Salkland \u00bb<\/a><\/p>\r\n\r\n<\/div>\r\n<div class=\"box\">\r\n<h3 align=\"center\"><strong>Tipos de inter\u00e9s externos<\/strong><\/h3>\r\n<p align=\"center\">Si NO es investigador del Instituto Salk<br>\r\n<a href=\"https:\/\/www.salk.edu\/es\/science\/core-facilities\/advanced-biophotonics\/scheduling-rates\/\">Haga clic aqu\u00ed para ver las tarifas \u00bb<\/a><\/p>\r\n\r\n<\/div>\r\n<\/div>","protected":false},"excerpt":{"rendered":"<style>\r\n        .ratecontainer {\r\n            display: flex;\r\n            justify-content: space-between; \/* This will create space between the boxes *\/\r\n            margin-bottom: 20px;\r\n            margin-top: 40px;\r\n        }\r\n   .box {\r\n            width: 48%; \/* Set the width of each box as per your design *\/\r\n            padding: 20px; \/* Add padding around the text *\/\r\n            border: 1px solid #ccc; \/* Add a border for better visualization *\/\r\n        }\r\n    <\/style>\r\n\r\n<p>PPMS es el software que utilizan todas las instalaciones centrales de Salk para gestionar pedidos, reservar equipos y facturar a los usuarios. Se requiere una cuenta de usuario de PPMS para realizar cualquier actividad en nuestras instalaciones centrales. Si a\u00fan no cuenta con una cuenta de usuario de PPMS, solic\u00edtela a trav\u00e9s del enlace que aparece a continuaci\u00f3n.<\/p>","protected":false},"author":3,"featured_media":0,"parent":520,"menu_order":0,"comment_status":"closed","ping_status":"closed","template":"","meta":{"_acf_changed":false,"footnotes":""},"folder":[525],"class_list":["post-42394","page","type-page","status-publish","hentry"],"acf":[],"yoast_head":"<!-- This site is optimized with the Yoast SEO plugin v27.3 - https:\/\/yoast.com\/product\/yoast-seo-wordpress\/ -->\n<title>BPHO Scheduling &amp; Rates - Salk Institute for Biological Studies<\/title>\n<meta name=\"robots\" content=\"index, follow, max-snippet:-1, max-image-preview:large, max-video-preview:-1\" \/>\n<link rel=\"canonical\" href=\"https:\/\/www.salk.edu\/es\/science\/core-facilities\/advanced-biophotonics\/rates\/\" \/>\n<meta property=\"og:locale\" content=\"es_MX\" \/>\n<meta property=\"og:type\" content=\"article\" \/>\n<meta property=\"og:title\" content=\"BPHO Scheduling &amp; Rates - Salk Institute for Biological Studies\" \/>\n<meta property=\"og:description\" content=\"PPMS is the software all Salk Core Facilities use for ordering, booking instrumentation, and invoicing users. A PPMS user account is required to do any work with our core facilities. If you do not already have a PPMS user account, please request one using the link below.\" \/>\n<meta property=\"og:url\" content=\"https:\/\/www.salk.edu\/es\/science\/core-facilities\/advanced-biophotonics\/rates\/\" \/>\n<meta property=\"og:site_name\" content=\"Salk Institute for Biological Studies\" \/>\n<meta property=\"article:modified_time\" content=\"2025-03-21T02:09:57+00:00\" \/>\n<meta property=\"og:image\" content=\"https:\/\/www.salk.edu\/wp-content\/uploads\/2023\/03\/salk-institute-preview-image.jpg\" \/>\n\t<meta property=\"og:image:width\" content=\"628\" \/>\n\t<meta property=\"og:image:height\" content=\"329\" \/>\n\t<meta property=\"og:image:type\" content=\"image\/jpeg\" \/>\n<meta name=\"twitter:card\" content=\"summary_large_image\" \/>\n<meta name=\"twitter:label1\" content=\"Est. reading time\" \/>\n\t<meta name=\"twitter:data1\" content=\"1 minute\" \/>\n<script type=\"application\/ld+json\" class=\"yoast-schema-graph\">{\"@context\":\"https:\\\/\\\/schema.org\",\"@graph\":[{\"@type\":\"WebPage\",\"@id\":\"https:\\\/\\\/www.salk.edu\\\/science\\\/core-facilities\\\/advanced-biophotonics\\\/rates\\\/\",\"url\":\"https:\\\/\\\/www.salk.edu\\\/science\\\/core-facilities\\\/advanced-biophotonics\\\/rates\\\/\",\"name\":\"BPHO Scheduling & Rates - Salk Institute for Biological Studies\",\"isPartOf\":{\"@id\":\"https:\\\/\\\/www.salk.edu\\\/#website\"},\"datePublished\":\"2023-08-25T23:00:30+00:00\",\"dateModified\":\"2025-03-21T02:09:57+00:00\",\"breadcrumb\":{\"@id\":\"https:\\\/\\\/www.salk.edu\\\/science\\\/core-facilities\\\/advanced-biophotonics\\\/rates\\\/#breadcrumb\"},\"inLanguage\":\"es-MX\",\"potentialAction\":[{\"@type\":\"ReadAction\",\"target\":[\"https:\\\/\\\/www.salk.edu\\\/science\\\/core-facilities\\\/advanced-biophotonics\\\/rates\\\/\"]}]},{\"@type\":\"BreadcrumbList\",\"@id\":\"https:\\\/\\\/www.salk.edu\\\/science\\\/core-facilities\\\/advanced-biophotonics\\\/rates\\\/#breadcrumb\",\"itemListElement\":[{\"@type\":\"ListItem\",\"position\":1,\"name\":\"Home\",\"item\":\"https:\\\/\\\/www.salk.edu\\\/\"},{\"@type\":\"ListItem\",\"position\":2,\"name\":\"Science\",\"item\":\"https:\\\/\\\/www.salk.edu\\\/science\\\/\"},{\"@type\":\"ListItem\",\"position\":3,\"name\":\"Core Facilities\",\"item\":\"https:\\\/\\\/www.salk.edu\\\/science\\\/core-facilities\\\/\"},{\"@type\":\"ListItem\",\"position\":4,\"name\":\"Waitt Advanced Biophotonics Core\",\"item\":\"https:\\\/\\\/www.salk.edu\\\/science\\\/core-facilities\\\/advanced-biophotonics\\\/\"},{\"@type\":\"ListItem\",\"position\":5,\"name\":\"BPHO Scheduling &#038; Rates\"}]},{\"@type\":\"WebSite\",\"@id\":\"https:\\\/\\\/www.salk.edu\\\/#website\",\"url\":\"https:\\\/\\\/www.salk.edu\\\/\",\"name\":\"Salk Institute for Biological Studies\",\"description\":\"The Power of Science\",\"publisher\":{\"@id\":\"https:\\\/\\\/www.salk.edu\\\/#organization\"},\"potentialAction\":[{\"@type\":\"SearchAction\",\"target\":{\"@type\":\"EntryPoint\",\"urlTemplate\":\"https:\\\/\\\/www.salk.edu\\\/?s={search_term_string}\"},\"query-input\":{\"@type\":\"PropertyValueSpecification\",\"valueRequired\":true,\"valueName\":\"search_term_string\"}}],\"inLanguage\":\"es-MX\"},{\"@type\":\"Organization\",\"@id\":\"https:\\\/\\\/www.salk.edu\\\/#organization\",\"name\":\"Salk Institute for Biological Studies\",\"url\":\"https:\\\/\\\/www.salk.edu\\\/\",\"logo\":{\"@type\":\"ImageObject\",\"inLanguage\":\"es-MX\",\"@id\":\"https:\\\/\\\/www.salk.edu\\\/#\\\/schema\\\/logo\\\/image\\\/\",\"url\":\"http:\\\/\\\/www.salk.edu\\\/wp-content\\\/uploads\\\/2023\\\/03\\\/salk_logo_696.jpg\",\"contentUrl\":\"http:\\\/\\\/www.salk.edu\\\/wp-content\\\/uploads\\\/2023\\\/03\\\/salk_logo_696.jpg\",\"width\":696,\"height\":696,\"caption\":\"Salk Institute for Biological Studies\"},\"image\":{\"@id\":\"https:\\\/\\\/www.salk.edu\\\/#\\\/schema\\\/logo\\\/image\\\/\"}}]}<\/script>\n<!-- \/ Yoast SEO plugin. -->","yoast_head_json":{"title":"BPHO Scheduling & Rates - Salk Institute for Biological Studies","robots":{"index":"index","follow":"follow","max-snippet":"max-snippet:-1","max-image-preview":"max-image-preview:large","max-video-preview":"max-video-preview:-1"},"canonical":"https:\/\/www.salk.edu\/es\/science\/core-facilities\/advanced-biophotonics\/rates\/","og_locale":"es_MX","og_type":"article","og_title":"BPHO Scheduling & Rates - Salk Institute for Biological Studies","og_description":"PPMS is the software all Salk Core Facilities use for ordering, booking instrumentation, and invoicing users. A PPMS user account is required to do any work with our core facilities. If you do not already have a PPMS user account, please request one using the link below.","og_url":"https:\/\/www.salk.edu\/es\/science\/core-facilities\/advanced-biophotonics\/rates\/","og_site_name":"Salk Institute for Biological Studies","article_modified_time":"2025-03-21T02:09:57+00:00","og_image":[{"width":628,"height":329,"url":"https:\/\/www.salk.edu\/wp-content\/uploads\/2023\/03\/salk-institute-preview-image.jpg","type":"image\/jpeg"}],"twitter_card":"summary_large_image","twitter_misc":{"Est. reading time":"1 minute"},"schema":{"@context":"https:\/\/schema.org","@graph":[{"@type":"WebPage","@id":"https:\/\/www.salk.edu\/science\/core-facilities\/advanced-biophotonics\/rates\/","url":"https:\/\/www.salk.edu\/science\/core-facilities\/advanced-biophotonics\/rates\/","name":"BPHO Scheduling & Rates - Salk Institute for Biological Studies","isPartOf":{"@id":"https:\/\/www.salk.edu\/#website"},"datePublished":"2023-08-25T23:00:30+00:00","dateModified":"2025-03-21T02:09:57+00:00","breadcrumb":{"@id":"https:\/\/www.salk.edu\/science\/core-facilities\/advanced-biophotonics\/rates\/#breadcrumb"},"inLanguage":"es-MX","potentialAction":[{"@type":"ReadAction","target":["https:\/\/www.salk.edu\/science\/core-facilities\/advanced-biophotonics\/rates\/"]}]},{"@type":"BreadcrumbList","@id":"https:\/\/www.salk.edu\/science\/core-facilities\/advanced-biophotonics\/rates\/#breadcrumb","itemListElement":[{"@type":"ListItem","position":1,"name":"Home","item":"https:\/\/www.salk.edu\/"},{"@type":"ListItem","position":2,"name":"Science","item":"https:\/\/www.salk.edu\/science\/"},{"@type":"ListItem","position":3,"name":"Core Facilities","item":"https:\/\/www.salk.edu\/science\/core-facilities\/"},{"@type":"ListItem","position":4,"name":"Waitt Advanced Biophotonics Core","item":"https:\/\/www.salk.edu\/science\/core-facilities\/advanced-biophotonics\/"},{"@type":"ListItem","position":5,"name":"BPHO Scheduling &#038; Rates"}]},{"@type":"WebSite","@id":"https:\/\/www.salk.edu\/#website","url":"https:\/\/www.salk.edu\/","name":"Instituto Salk de Estudios Biol\u00f3gicos","description":"The Power of Science","publisher":{"@id":"https:\/\/www.salk.edu\/#organization"},"potentialAction":[{"@type":"SearchAction","target":{"@type":"EntryPoint","urlTemplate":"https:\/\/www.salk.edu\/?s={search_term_string}"},"query-input":{"@type":"PropertyValueSpecification","valueRequired":true,"valueName":"search_term_string"}}],"inLanguage":"es-MX"},{"@type":"Organization","@id":"https:\/\/www.salk.edu\/#organization","name":"Instituto Salk de Estudios Biol\u00f3gicos","url":"https:\/\/www.salk.edu\/","logo":{"@type":"ImageObject","inLanguage":"es-MX","@id":"https:\/\/www.salk.edu\/#\/schema\/logo\/image\/","url":"http:\/\/www.salk.edu\/wp-content\/uploads\/2023\/03\/salk_logo_696.jpg","contentUrl":"http:\/\/www.salk.edu\/wp-content\/uploads\/2023\/03\/salk_logo_696.jpg","width":696,"height":696,"caption":"Salk Institute for Biological Studies"},"image":{"@id":"https:\/\/www.salk.edu\/#\/schema\/logo\/image\/"}}]}},"ACF":{"hero":"https:\/\/www.salk.edu\/wp-content\/uploads\/2015\/10\/CORE-Advanced-Bio_1920x550.jpg","line_1":"Waitt Advanced Biophotonics Core","line_2":"Scheduling & Rates","poster_quote":"","salk_custom_body_class":"","rates":"","data":false,"gallery":false,"secondary_navigation":"<div class=\"menu-advanced-biophotonics-container\"><ul id=\"menu-advanced-biophotonics\" class=\"menu\"><li class=\"menu-item menu-item-type-post_type menu-item-object-page menu-item-2958\"><a href=\"https:\/\/www.salk.edu\/es\/science\/core-facilities\/advanced-biophotonics\/\">Overview<\/a><\/li>\n<li class=\"menu-item menu-item-type-post_type menu-item-object-page menu-item-2957\"><a href=\"https:\/\/www.salk.edu\/es\/science\/core-facilities\/advanced-biophotonics\/faculty-staff\/\">People<\/a><\/li>\n<li class=\"menu-item menu-item-type-post_type menu-item-object-page menu-item-2978\"><a href=\"https:\/\/www.salk.edu\/es\/science\/core-facilities\/advanced-biophotonics\/instrumentation-services\/\">Instrumentation &#038; Services<\/a><\/li>\n<li class=\"menu-item menu-item-type-post_type menu-item-object-page menu-item-42441\"><a href=\"https:\/\/www.salk.edu\/es\/science\/core-facilities\/advanced-biophotonics\/rates\/\">Scheduling &#038; Rates<\/a><\/li>\n<li class=\"menu-item menu-item-type-post_type menu-item-object-page menu-item-5434\"><a href=\"https:\/\/www.salk.edu\/es\/science\/core-facilities\/advanced-biophotonics\/contact\/\">Contact<\/a><\/li>\n<\/ul><\/div>"},"_links":{"self":[{"href":"https:\/\/www.salk.edu\/es\/wp-json\/wp\/v2\/pages\/42394","targetHints":{"allow":["GET"]}}],"collection":[{"href":"https:\/\/www.salk.edu\/es\/wp-json\/wp\/v2\/pages"}],"about":[{"href":"https:\/\/www.salk.edu\/es\/wp-json\/wp\/v2\/types\/page"}],"author":[{"embeddable":true,"href":"https:\/\/www.salk.edu\/es\/wp-json\/wp\/v2\/users\/3"}],"replies":[{"embeddable":true,"href":"https:\/\/www.salk.edu\/es\/wp-json\/wp\/v2\/comments?post=42394"}],"version-history":[{"count":10,"href":"https:\/\/www.salk.edu\/es\/wp-json\/wp\/v2\/pages\/42394\/revisions"}],"predecessor-version":[{"id":52900,"href":"https:\/\/www.salk.edu\/es\/wp-json\/wp\/v2\/pages\/42394\/revisions\/52900"}],"up":[{"embeddable":true,"href":"https:\/\/www.salk.edu\/es\/wp-json\/wp\/v2\/pages\/520"}],"wp:attachment":[{"href":"https:\/\/www.salk.edu\/es\/wp-json\/wp\/v2\/media?parent=42394"}],"wp:term":[{"taxonomy":"folder","embeddable":true,"href":"https:\/\/www.salk.edu\/es\/wp-json\/wp\/v2\/folder?post=42394"}],"curies":[{"name":"wp","href":"https:\/\/api.w.org\/{rel}","templated":true}]}}