{"id":40789,"date":"2023-05-25T12:32:54","date_gmt":"2023-05-25T19:32:54","guid":{"rendered":"https:\/\/vermont.salk.edu\/?page_id=40789"},"modified":"2023-05-25T12:32:54","modified_gmt":"2023-05-25T19:32:54","slug":"2023-may-wallpaper","status":"publish","type":"page","link":"https:\/\/www.salk.edu\/es\/2023-may-wallpaper\/","title":{"rendered":"2023 May Wallpaper"},"content":{"rendered":"<p>Cada mes, el bolet\u00edn electr\u00f3nico de Salk termina con una fotograf\u00eda impactante para llevar tu escritorio en un viaje a trav\u00e9s de descubrimientos cient\u00edficos. Elige tus im\u00e1genes favoritas y desc\u00e1rgalas como fondo de Zoom o protector de pantalla de tu escritorio.<\/p>\n<p>Researchers in Kenta Asahina\u2019s lab made key discoveries this month in understanding neuropeptides\u2014small proteins the brain uses to communicate. Their work produced fascinating images of the fruit fly brain. The fruit fly brain below shows male-specific tachykininergic neurons (magenta), which make the neuropeptide tachykinin, and neurons that express TkR86C (green), which receive tachykinin. <a href=\"https:\/\/www.salk.edu\/es\/news-release\/how-aggression-promoting-brain-peptide-works-in-fruit-flies\/\">Learn more \u00bb<\/a><\/p>\n<p>Solo tienes que elegir una imagen y hacer clic con el bot\u00f3n derecho del rat\u00f3n en el enlace para descargar la imagen adecuada para el tama\u00f1o de tu pantalla.<\/p>\n<div class=\"tabbable tabs\">\n<ul class=\"nav nav-tabs\">\n<li class=\"active\"><a href=\"#desktop\" data-toggle=\"tab\">Escritorio\/Zoom<\/a><\/li>\n<li><a href=\"#tablet\" data-toggle=\"tab\">Tableta<\/a><\/li>\n<li><a href=\"#facebook\" data-toggle=\"tab\">Facebook<\/a><\/li>\n<li><a href=\"#phone\" data-toggle=\"tab\">Tel\u00e9fono<\/a><\/li>\n<\/ul>\n<\/div>\n<section class=\"tab-content\">\n<div id=\"desktop\" class=\"tab-pane active\">\n<h2>Fondo de pantalla para escritorio\/Zoom<\/h2>\n<p>Instalar tu papel tapiz es f\u00e1cil:<\/p>\n<ul class=\"indent\">\n<li>Haz clic en el enlace a continuaci\u00f3n.<\/li>\n<li>Para fondo de escritorio:\n<ul>\n<li>Haz clic con el bot\u00f3n derecho del rat\u00f3n en la imagen para mostrar el men\u00fa de opciones.<\/li>\n<li>Selecciona \u201cEstablecer como fondo\u201d o \u201cEstablecer como fondo de escritorio\u201d.<\/li>\n<\/ul>\n<\/li>\n<li>Para el fondo de Zoom:\n<ul>\n<li>Haz clic derecho en la imagen y selecciona \u201cGuardar imagen\u201d.<\/li>\n<li>Selecciona \u201cFondo virtual\u201d en la configuraci\u00f3n de Zoom y elige la imagen.<\/li>\n<\/ul>\n<\/li>\n<\/ul>\n<p><a class=\"btn -expand\" href=\"https:\/\/www.salk.edu\/wp-content\/uploads\/2023\/05\/tachykininergic-neurons-computer.jpg\" target=\"_blank\" rel=\"noopener noreferrer\">1920 x 1080\u00bb<\/a><\/p>\n<\/div>\n<div id=\"tablet\" class=\"tab-pane\">\n<h2>Fondo de pantalla para tablet<\/h2>\n<p>Instalar tu papel tapiz es f\u00e1cil:<\/p>\n<ul class=\"indent\">\n<li>Haz clic en el enlace \u201cFoto de portada del iPad\u201d que aparece a continuaci\u00f3n.<\/li>\n<li>Mant\u00e9n pulsada la imagen y selecciona \u201cGuardar imagen\u201d.<\/li>\n<li>Ve a la foto en tu \u00e1lbum de fotos.<\/li>\n<li>En el men\u00fa \u201cOpciones\u201d, selecciona \u201cUsar como fondo de pantalla\u201d.\u201d<\/li>\n<\/ul>\n<p><a class=\"btn -expand\" href=\"https:\/\/www.salk.edu\/wp-content\/uploads\/2023\/05\/tachykininergic-neurons-tablet.jpg\" target=\"_blank\" rel=\"noopener noreferrer\">Foto de portada de iPad \u00bb<\/a><\/p>\n<\/div>\n<div id=\"facebook\" class=\"tab-pane\">\n<h2>Fotos de portada de Facebook<\/h2>\n<p>Configurar tu foto de portada es muy f\u00e1cil:<\/p>\n<ul class=\"indent\">\n<li>Haz clic en el enlace de abajo para ver la versi\u00f3n a tama\u00f1o completo.<\/li>\n<li>Haz clic con el bot\u00f3n derecho del rat\u00f3n y descarga la imagen; despu\u00e9s, s\u00fabela a Facebook.<\/li>\n<li>Selecciona la opci\u00f3n \u201cUsar como foto de portada\u201d.<\/li>\n<\/ul>\n<p><a class=\"btn -expand\" href=\"https:\/\/www.salk.edu\/wp-content\/uploads\/2023\/05\/tachykininergic-neurons-facebook.jpg\" target=\"_blank\" rel=\"noopener noreferrer\">Foto de portada de Facebook \u00bb<\/a><\/div>\n<div id=\"phone\" class=\"tab-pane\">\n<h2>Fondos de pantalla para tel\u00e9fonos inteligentes<\/h2>\n<p>Instalar tu papel tapiz es f\u00e1cil:<\/p>\n<ul class=\"indent\">\n<li>Toca la foto que quieras usar como fondo de pantalla.<\/li>\n<li>Mant\u00e9n pulsada la imagen y selecciona \u201cGuardar imagen\u201d.<\/li>\n<li>Ve a la foto en tu \u00e1lbum de fotos.<\/li>\n<li>En el men\u00fa \u201cOpciones\u201d, selecciona \u201cUsar como fondo de pantalla\u201d.\u201d<\/li>\n<\/ul>\n<p><a class=\"btn -expand\" href=\"https:\/\/www.salk.edu\/wp-content\/uploads\/2023\/05\/tachykininergic-neurons-tablet.jpg\" target=\"_blank\" rel=\"noopener noreferrer\">Foto de portada del smartphone \u00bb<\/a><\/p>\n<\/div>\n<\/section>","protected":false},"excerpt":{"rendered":"<p>Cada mes, el bolet\u00edn electr\u00f3nico de Salk termina con una fotograf\u00eda impactante para llevar tu escritorio en un viaje a trav\u00e9s de descubrimientos cient\u00edficos. Elige tus im\u00e1genes favoritas y desc\u00e1rgalas como fondo de Zoom o protector de pantalla de tu escritorio.<\/p>","protected":false},"author":91,"featured_media":0,"parent":0,"menu_order":0,"comment_status":"closed","ping_status":"closed","template":"","meta":{"_acf_changed":false,"footnotes":""},"folder":[592],"class_list":["post-40789","page","type-page","status-publish","hentry"],"acf":[],"yoast_head":"<!-- This site is optimized with the Yoast SEO plugin v27.3 - https:\/\/yoast.com\/product\/yoast-seo-wordpress\/ -->\n<title>2023 May Wallpaper - Salk Institute for Biological Studies<\/title>\n<meta name=\"robots\" content=\"index, follow, max-snippet:-1, max-image-preview:large, max-video-preview:-1\" \/>\n<link rel=\"canonical\" href=\"https:\/\/www.salk.edu\/es\/2023-may-wallpaper\/\" \/>\n<meta property=\"og:locale\" content=\"es_MX\" \/>\n<meta property=\"og:type\" content=\"article\" \/>\n<meta property=\"og:title\" content=\"2023 May Wallpaper - Salk Institute for Biological Studies\" \/>\n<meta property=\"og:description\" content=\"Each month the Salk e-newsletter ends with a stunning photo to take your desktop on a journey into scientific discoveries. Pick your favorite images, and download them as your Zoom background or desktop wallpaper.\" \/>\n<meta property=\"og:url\" content=\"https:\/\/www.salk.edu\/es\/2023-may-wallpaper\/\" \/>\n<meta property=\"og:site_name\" content=\"Salk Institute for Biological Studies\" \/>\n<meta property=\"og:image\" content=\"https:\/\/www.salk.edu\/wp-content\/uploads\/2023\/03\/salk-institute-preview-image.jpg\" \/>\n\t<meta property=\"og:image:width\" content=\"628\" \/>\n\t<meta property=\"og:image:height\" content=\"329\" \/>\n\t<meta property=\"og:image:type\" content=\"image\/jpeg\" \/>\n<meta name=\"twitter:card\" content=\"summary_large_image\" \/>\n<meta name=\"twitter:label1\" content=\"Est. reading time\" \/>\n\t<meta name=\"twitter:data1\" content=\"2 minutes\" \/>\n<script type=\"application\/ld+json\" class=\"yoast-schema-graph\">{\"@context\":\"https:\\\/\\\/schema.org\",\"@graph\":[{\"@type\":\"WebPage\",\"@id\":\"https:\\\/\\\/www.salk.edu\\\/2023-may-wallpaper\\\/\",\"url\":\"https:\\\/\\\/www.salk.edu\\\/2023-may-wallpaper\\\/\",\"name\":\"2023 May Wallpaper - Salk Institute for Biological Studies\",\"isPartOf\":{\"@id\":\"https:\\\/\\\/www.salk.edu\\\/#website\"},\"datePublished\":\"2023-05-25T19:32:54+00:00\",\"breadcrumb\":{\"@id\":\"https:\\\/\\\/www.salk.edu\\\/2023-may-wallpaper\\\/#breadcrumb\"},\"inLanguage\":\"es-MX\",\"potentialAction\":[{\"@type\":\"ReadAction\",\"target\":[\"https:\\\/\\\/www.salk.edu\\\/2023-may-wallpaper\\\/\"]}]},{\"@type\":\"BreadcrumbList\",\"@id\":\"https:\\\/\\\/www.salk.edu\\\/2023-may-wallpaper\\\/#breadcrumb\",\"itemListElement\":[{\"@type\":\"ListItem\",\"position\":1,\"name\":\"Home\",\"item\":\"https:\\\/\\\/www.salk.edu\\\/\"},{\"@type\":\"ListItem\",\"position\":2,\"name\":\"2023 May Wallpaper\"}]},{\"@type\":\"WebSite\",\"@id\":\"https:\\\/\\\/www.salk.edu\\\/#website\",\"url\":\"https:\\\/\\\/www.salk.edu\\\/\",\"name\":\"Salk Institute for Biological Studies\",\"description\":\"The Power of Science\",\"publisher\":{\"@id\":\"https:\\\/\\\/www.salk.edu\\\/#organization\"},\"potentialAction\":[{\"@type\":\"SearchAction\",\"target\":{\"@type\":\"EntryPoint\",\"urlTemplate\":\"https:\\\/\\\/www.salk.edu\\\/?s={search_term_string}\"},\"query-input\":{\"@type\":\"PropertyValueSpecification\",\"valueRequired\":true,\"valueName\":\"search_term_string\"}}],\"inLanguage\":\"es-MX\"},{\"@type\":\"Organization\",\"@id\":\"https:\\\/\\\/www.salk.edu\\\/#organization\",\"name\":\"Salk Institute for Biological Studies\",\"url\":\"https:\\\/\\\/www.salk.edu\\\/\",\"logo\":{\"@type\":\"ImageObject\",\"inLanguage\":\"es-MX\",\"@id\":\"https:\\\/\\\/www.salk.edu\\\/#\\\/schema\\\/logo\\\/image\\\/\",\"url\":\"http:\\\/\\\/www.salk.edu\\\/wp-content\\\/uploads\\\/2023\\\/03\\\/salk_logo_696.jpg\",\"contentUrl\":\"http:\\\/\\\/www.salk.edu\\\/wp-content\\\/uploads\\\/2023\\\/03\\\/salk_logo_696.jpg\",\"width\":696,\"height\":696,\"caption\":\"Salk Institute for Biological Studies\"},\"image\":{\"@id\":\"https:\\\/\\\/www.salk.edu\\\/#\\\/schema\\\/logo\\\/image\\\/\"}}]}<\/script>\n<!-- \/ Yoast SEO plugin. -->","yoast_head_json":{"title":"2023 May Wallpaper - Salk Institute for Biological Studies","robots":{"index":"index","follow":"follow","max-snippet":"max-snippet:-1","max-image-preview":"max-image-preview:large","max-video-preview":"max-video-preview:-1"},"canonical":"https:\/\/www.salk.edu\/es\/2023-may-wallpaper\/","og_locale":"es_MX","og_type":"article","og_title":"2023 May Wallpaper - Salk Institute for Biological Studies","og_description":"Each month the Salk e-newsletter ends with a stunning photo to take your desktop on a journey into scientific discoveries. Pick your favorite images, and download them as your Zoom background or desktop wallpaper.","og_url":"https:\/\/www.salk.edu\/es\/2023-may-wallpaper\/","og_site_name":"Salk Institute for Biological Studies","og_image":[{"width":628,"height":329,"url":"https:\/\/www.salk.edu\/wp-content\/uploads\/2023\/03\/salk-institute-preview-image.jpg","type":"image\/jpeg"}],"twitter_card":"summary_large_image","twitter_misc":{"Est. reading time":"2 minutes"},"schema":{"@context":"https:\/\/schema.org","@graph":[{"@type":"WebPage","@id":"https:\/\/www.salk.edu\/2023-may-wallpaper\/","url":"https:\/\/www.salk.edu\/2023-may-wallpaper\/","name":"2023 May Wallpaper - Salk Institute for Biological Studies","isPartOf":{"@id":"https:\/\/www.salk.edu\/#website"},"datePublished":"2023-05-25T19:32:54+00:00","breadcrumb":{"@id":"https:\/\/www.salk.edu\/2023-may-wallpaper\/#breadcrumb"},"inLanguage":"es-MX","potentialAction":[{"@type":"ReadAction","target":["https:\/\/www.salk.edu\/2023-may-wallpaper\/"]}]},{"@type":"BreadcrumbList","@id":"https:\/\/www.salk.edu\/2023-may-wallpaper\/#breadcrumb","itemListElement":[{"@type":"ListItem","position":1,"name":"Home","item":"https:\/\/www.salk.edu\/"},{"@type":"ListItem","position":2,"name":"2023 May Wallpaper"}]},{"@type":"WebSite","@id":"https:\/\/www.salk.edu\/#website","url":"https:\/\/www.salk.edu\/","name":"Instituto Salk de Estudios Biol\u00f3gicos","description":"El Poder de la Ciencia","publisher":{"@id":"https:\/\/www.salk.edu\/#organization"},"potentialAction":[{"@type":"SearchAction","target":{"@type":"EntryPoint","urlTemplate":"https:\/\/www.salk.edu\/?s={search_term_string}"},"query-input":{"@type":"PropertyValueSpecification","valueRequired":true,"valueName":"search_term_string"}}],"inLanguage":"es-MX"},{"@type":"Organization","@id":"https:\/\/www.salk.edu\/#organization","name":"Instituto Salk de Estudios Biol\u00f3gicos","url":"https:\/\/www.salk.edu\/","logo":{"@type":"ImageObject","inLanguage":"es-MX","@id":"https:\/\/www.salk.edu\/#\/schema\/logo\/image\/","url":"http:\/\/www.salk.edu\/wp-content\/uploads\/2023\/03\/salk_logo_696.jpg","contentUrl":"http:\/\/www.salk.edu\/wp-content\/uploads\/2023\/03\/salk_logo_696.jpg","width":696,"height":696,"caption":"Salk Institute for Biological Studies"},"image":{"@id":"https:\/\/www.salk.edu\/#\/schema\/logo\/image\/"}}]}},"ACF":{"gallery":false,"salk_custom_body_class":"","secondary_navigation":false},"_links":{"self":[{"href":"https:\/\/www.salk.edu\/es\/wp-json\/wp\/v2\/pages\/40789","targetHints":{"allow":["GET"]}}],"collection":[{"href":"https:\/\/www.salk.edu\/es\/wp-json\/wp\/v2\/pages"}],"about":[{"href":"https:\/\/www.salk.edu\/es\/wp-json\/wp\/v2\/types\/page"}],"author":[{"embeddable":true,"href":"https:\/\/www.salk.edu\/es\/wp-json\/wp\/v2\/users\/91"}],"replies":[{"embeddable":true,"href":"https:\/\/www.salk.edu\/es\/wp-json\/wp\/v2\/comments?post=40789"}],"version-history":[{"count":1,"href":"https:\/\/www.salk.edu\/es\/wp-json\/wp\/v2\/pages\/40789\/revisions"}],"predecessor-version":[{"id":40794,"href":"https:\/\/www.salk.edu\/es\/wp-json\/wp\/v2\/pages\/40789\/revisions\/40794"}],"wp:attachment":[{"href":"https:\/\/www.salk.edu\/es\/wp-json\/wp\/v2\/media?parent=40789"}],"wp:term":[{"taxonomy":"folder","embeddable":true,"href":"https:\/\/www.salk.edu\/es\/wp-json\/wp\/v2\/folder?post=40789"}],"curies":[{"name":"la hora de","href":"https:\/\/api.w.org\/{rel}","templated":true}]}}