{"id":39449,"date":"2023-04-05T07:54:28","date_gmt":"2023-04-05T14:54:28","guid":{"rendered":"https:\/\/vermont.salk.edu\/?page_id=39449"},"modified":"2025-03-10T15:43:08","modified_gmt":"2025-03-10T22:43:08","slug":"housing-and-accommodations","status":"publish","type":"page","link":"https:\/\/www.salk.edu\/es\/events\/science-events\/cell-cycle-meeting\/housing-and-accommodations\/","title":{"rendered":"Housing and Accommodations"},"content":{"rendered":"<div style=\"float: right;\"><img decoding=\"async\" style=\"width: 50px;\" src=\"https:\/\/www.salk.edu\/wp-content\/uploads\/2018\/11\/Twitter_Logo_Blue.png\" \/><strong>#CellCycle2025<\/strong><\/div>\n<p><!--More information coming soon.--><\/p>\n<h3>Housing Information<\/h3>\n<p><strong>When:<\/strong><br \/>\nUCSD housing covers the nights of June 23, 24, 25, and 26.<br \/>\nCheck in: June 23 (check in will take place at the Salk Institute)<br \/>\nCheck out: June 27<br \/>\n<em>*Housing is limited. It is first come first serve and cannot accommodate additional nights.<\/em><\/p>\n<p><strong>Who:<\/strong><br \/>\nRegistration housing packages only cover accommodations for the registered participant.<\/p>\n<p><strong>Where:<\/strong><br \/>\nThe UC San Diego housing provided for meeting participants is located at Sixth College (NTPLLN), within 15-minute walking distance from the Salk Institute. <a href=\"https:\/\/www.google.com\/maps\/dir\/Salk+Institute+for+Biological+Studies,+North+Torrey+Pines+Road,+San+Diego,+CA\/Sixth+College,+9500+Gilman+Dr,+La+Jolla,+CA+92093\/@32.8843178,-117.248831,16z\/data=!3m1!4b1!4m14!4m13!1m5!1m1!1s0x80dc06949673363d:0x6bcc53d088f5cb60!2m2!1d-117.2453427!2d32.8873915!1m5!1m1!1s0x80dc06db2fd75861:0x74cff9530abaf1f3!2m2!1d-117.242027!2d32.8808633!3e2?entry=ttu&#038;g_ep=EgoyMDI1MDEyOS4xIKXMDSoASAFQAw%3D%3D\" target=\"_blank\" rel=\"noopener\">Walking map \u00bb<\/a><\/p>\n<p><strong>What is included:<\/strong><br \/>\nEach participant be will receive their own single occupancy\/private bedroom, within a suite apartment shared with several other people.\u00a0All suites apartments are male only or female only. Each suite has 1-2 bathrooms, so they will possibly be shared by occupants in each suite. One (1) set of bed linens will be provided along with one (1) blanket, one (1) pillow, one (1) set of towels, one (1) disposable cup, and one (1) bar of soap. For multiple week conference programs, bundles will be refreshed weekly. Service includes once weekly cleaning of common areas and trash removal.<\/p>\n<p><strong>Parking:<\/strong><br \/>\nParking might be available at UCSD for an additional fee.<\/p>\n<p><strong>Lockouts:<\/strong><br \/>\nUCSD charges anywhere from $20-$350 if you are locked out and they need to re-issue keys and\/or key cards.\u00a0Please be aware that this charge will the responsibility of the person staying in the room.<\/p>\n<p><a href=\"https:\/\/www.salk.edu\/es\/about\/hotels\/\" target=\"_blank\" rel=\"noopener\"><strong>Click here for nearby hotel rates, discounts, and more information \u00bb<\/strong><\/a><\/p>\n<p>&nbsp;<\/p>\n<h3>Informaci\u00f3n de viaje<\/h3>\n<p><strong>Contact address\/phone numbers while you\u2019re attending the meeting<\/strong><br \/>\nInstituto Salk de Estudios Biol\u00f3gicos<br \/>\n10010 N. Torrey Pines Road<\/p>\n<p>La Jolla, CA 92037<br \/>\n+1 (858) 453-4100 x1200 (tel)<br \/>\n+1 (858) 625-2404 (fax)<\/p>\n<p><strong>Sitio web del Aeropuerto Internacional de San Diego:<\/strong><br \/>\n<a href=\"http:\/\/www.san.org\/\" target=\"_blank\" rel=\"noopener\">www.san.org<\/a><\/p>\n<p><strong>servicio de taxi<\/strong><br \/>\nYellow Cab +1 (619) 234-6161<\/p>\n<p><strong>Servicio de tren:<\/strong><br \/>\nAmtrak +1 (800) 872-7245<\/p>\n<p><strong>Transporte P\u00fablico de San Diego<\/strong><br \/>\n+1 (619) 233-3004<br \/>\nBus Route #30 to La Jolla Cove to Bus Route #101 to Torrey Pines State Beach<\/p>\n<p><strong>UCSD Transportation (UCSD ID Required):<\/strong><br \/>\nFrom Sorrento Valley Station<\/p>\n<ul class=\"indent\">\n<li>UCSD North Campus &#8211; Gliderport Stop<\/li>\n<li>West Campus Connector &#8211; Gliderport Stop<\/li>\n<\/ul>\n<p><strong>Servicio de transporte<\/strong><\/p>\n<ul class=\"indent\">\n<li><strong>Super Shuttle<\/strong>+1 (800) 900-7433<br \/>\n<a href=\"http:\/\/www.supershuttle.com\/\" target=\"_blank\" rel=\"noopener\">www.supershuttle.com\/<\/a><\/li>\n<\/ul>\n<p>When reserving shuttle service Use the Salk Institute address above if departing from Institute.<\/p>\n<p>For taxi service, they will ask you the telephone number you are calling from tell them +1 (858) 453-4100.<\/p>\n<p>&nbsp;<\/p>\n<h2>Direcciones al Instituto Salk<\/h2>\n<p><a href=\"https:\/\/www.salk.edu\/wp-content\/uploads\/2015\/11\/MAPsalkcampus.jpg\" target=\"_blank\" rel=\"noopener\">View Salk map\u00bb<\/a><\/p>\n<p>El Instituto Salk se asoma al Oc\u00e9ano Pac\u00edfico, justo al oeste de la Universidad de California en San Diego.<br \/>\nNuestra direcci\u00f3n es:<br \/>\n10010 N Torrey Pines Rd<br \/>\nLa Jolla, CA 92037<\/p>\n<p><strong>C\u00f3mo llegar al Instituto Salk<\/strong><\/p>\n<p><strong>Desde el Norte:<\/strong><br \/>\nUse la I-5 Sur<br \/>\nSal de Genesee Ave y gira a la derecha (en direcci\u00f3n Oeste)<br \/>\nDobla a la izquierda en North Torrey Pines Road<br \/>\nConduce 1\/8 de milla, el Instituto estar\u00e1 a tu derecha<\/p>\n<p><strong>Desde el Sur:<\/strong><br \/>\nUsa la I-5 Norte<br \/>\nSal de Genesee Ave y gira a la izquierda (direcci\u00f3n Oeste)<br \/>\nDobla a la izquierda en North Torrey Pines Road<br \/>\nConduce 1\/8 de milla, el Instituto estar\u00e1 a tu derecha<\/p>\n<p>El estacionamiento est\u00e1 disponible justo al oeste del Instituto en Torrey Pines Scenic Drive, en el lote de grava.<br \/>\nEl \u00e1rea de recepci\u00f3n se encuentra en el ala sur.<br \/>\nLa reuni\u00f3n ser\u00e1 en el vest\u00edbulo, bajando la escalera.<\/p>\n<p>&nbsp;<\/p>\n<h2>Alojamiento<\/h2>\n<p><a href=\"https:\/\/www.salk.edu\/es\/about\/hotels\/\">Click here for hotel rates and information\u00bb<\/a><\/p>","protected":false},"excerpt":{"rendered":"<div style=\"float: right;\"><img decoding=\"async\" style=\"width: 50px;\" src=\"https:\/\/www.salk.edu\/wp-content\/uploads\/2018\/11\/Twitter_Logo_Blue.png\" \/><strong>#CellCycle2025<\/strong><\/div>\n<p><!--More information coming soon.--><\/p>","protected":false},"author":91,"featured_media":0,"parent":37036,"menu_order":0,"comment_status":"closed","ping_status":"closed","template":"","meta":{"_acf_changed":false,"footnotes":""},"folder":[580],"class_list":["post-39449","page","type-page","status-publish","hentry"],"acf":[],"yoast_head":"<!-- This site is optimized with the Yoast SEO plugin v27.3 - https:\/\/yoast.com\/product\/yoast-seo-wordpress\/ -->\n<title>Housing and Accommodations - Salk Institute for Biological Studies<\/title>\n<meta name=\"robots\" content=\"index, follow, max-snippet:-1, max-image-preview:large, max-video-preview:-1\" \/>\n<link rel=\"canonical\" href=\"https:\/\/www.salk.edu\/es\/events\/science-events\/cell-cycle-meeting\/housing-and-accommodations\/\" \/>\n<meta property=\"og:locale\" content=\"es_MX\" \/>\n<meta property=\"og:type\" content=\"article\" \/>\n<meta property=\"og:title\" content=\"Housing and Accommodations - Salk Institute for Biological Studies\" \/>\n<meta property=\"og:description\" content=\"#CellCycle2025\" \/>\n<meta property=\"og:url\" content=\"https:\/\/www.salk.edu\/es\/events\/science-events\/cell-cycle-meeting\/housing-and-accommodations\/\" \/>\n<meta property=\"og:site_name\" content=\"Salk Institute for Biological Studies\" \/>\n<meta property=\"article:modified_time\" content=\"2025-03-10T22:43:08+00:00\" \/>\n<meta property=\"og:image\" content=\"http:\/\/www.salk.edu\/wp-content\/uploads\/2018\/11\/Twitter_Logo_Blue.png\" \/>\n<meta name=\"twitter:card\" content=\"summary_large_image\" \/>\n<meta name=\"twitter:label1\" content=\"Est. reading time\" \/>\n\t<meta name=\"twitter:data1\" content=\"3 minutes\" \/>\n<script type=\"application\/ld+json\" class=\"yoast-schema-graph\">{\"@context\":\"https:\\\/\\\/schema.org\",\"@graph\":[{\"@type\":\"WebPage\",\"@id\":\"https:\\\/\\\/www.salk.edu\\\/events\\\/science-events\\\/cell-cycle-meeting\\\/housing-and-accommodations\\\/\",\"url\":\"https:\\\/\\\/www.salk.edu\\\/events\\\/science-events\\\/cell-cycle-meeting\\\/housing-and-accommodations\\\/\",\"name\":\"Housing and Accommodations - Salk Institute for Biological Studies\",\"isPartOf\":{\"@id\":\"https:\\\/\\\/www.salk.edu\\\/#website\"},\"primaryImageOfPage\":{\"@id\":\"https:\\\/\\\/www.salk.edu\\\/events\\\/science-events\\\/cell-cycle-meeting\\\/housing-and-accommodations\\\/#primaryimage\"},\"image\":{\"@id\":\"https:\\\/\\\/www.salk.edu\\\/events\\\/science-events\\\/cell-cycle-meeting\\\/housing-and-accommodations\\\/#primaryimage\"},\"thumbnailUrl\":\"http:\\\/\\\/www.salk.edu\\\/wp-content\\\/uploads\\\/2018\\\/11\\\/Twitter_Logo_Blue.png\",\"datePublished\":\"2023-04-05T14:54:28+00:00\",\"dateModified\":\"2025-03-10T22:43:08+00:00\",\"breadcrumb\":{\"@id\":\"https:\\\/\\\/www.salk.edu\\\/events\\\/science-events\\\/cell-cycle-meeting\\\/housing-and-accommodations\\\/#breadcrumb\"},\"inLanguage\":\"es-MX\",\"potentialAction\":[{\"@type\":\"ReadAction\",\"target\":[\"https:\\\/\\\/www.salk.edu\\\/events\\\/science-events\\\/cell-cycle-meeting\\\/housing-and-accommodations\\\/\"]}]},{\"@type\":\"ImageObject\",\"inLanguage\":\"es-MX\",\"@id\":\"https:\\\/\\\/www.salk.edu\\\/events\\\/science-events\\\/cell-cycle-meeting\\\/housing-and-accommodations\\\/#primaryimage\",\"url\":\"http:\\\/\\\/www.salk.edu\\\/wp-content\\\/uploads\\\/2018\\\/11\\\/Twitter_Logo_Blue.png\",\"contentUrl\":\"http:\\\/\\\/www.salk.edu\\\/wp-content\\\/uploads\\\/2018\\\/11\\\/Twitter_Logo_Blue.png\"},{\"@type\":\"BreadcrumbList\",\"@id\":\"https:\\\/\\\/www.salk.edu\\\/events\\\/science-events\\\/cell-cycle-meeting\\\/housing-and-accommodations\\\/#breadcrumb\",\"itemListElement\":[{\"@type\":\"ListItem\",\"position\":1,\"name\":\"Home\",\"item\":\"https:\\\/\\\/www.salk.edu\\\/\"},{\"@type\":\"ListItem\",\"position\":2,\"name\":\"Events\",\"item\":\"https:\\\/\\\/www.salk.edu\\\/events\\\/\"},{\"@type\":\"ListItem\",\"position\":3,\"name\":\"Science Events\",\"item\":\"https:\\\/\\\/www.salk.edu\\\/events\\\/science-events\\\/\"},{\"@type\":\"ListItem\",\"position\":4,\"name\":\"Cell Cycle Meeting 2025\",\"item\":\"https:\\\/\\\/www.salk.edu\\\/events\\\/science-events\\\/cell-cycle-meeting\\\/\"},{\"@type\":\"ListItem\",\"position\":5,\"name\":\"Housing and Accommodations\"}]},{\"@type\":\"WebSite\",\"@id\":\"https:\\\/\\\/www.salk.edu\\\/#website\",\"url\":\"https:\\\/\\\/www.salk.edu\\\/\",\"name\":\"Salk Institute for Biological Studies\",\"description\":\"The Power of Science\",\"publisher\":{\"@id\":\"https:\\\/\\\/www.salk.edu\\\/#organization\"},\"potentialAction\":[{\"@type\":\"SearchAction\",\"target\":{\"@type\":\"EntryPoint\",\"urlTemplate\":\"https:\\\/\\\/www.salk.edu\\\/?s={search_term_string}\"},\"query-input\":{\"@type\":\"PropertyValueSpecification\",\"valueRequired\":true,\"valueName\":\"search_term_string\"}}],\"inLanguage\":\"es-MX\"},{\"@type\":\"Organization\",\"@id\":\"https:\\\/\\\/www.salk.edu\\\/#organization\",\"name\":\"Salk Institute for Biological Studies\",\"url\":\"https:\\\/\\\/www.salk.edu\\\/\",\"logo\":{\"@type\":\"ImageObject\",\"inLanguage\":\"es-MX\",\"@id\":\"https:\\\/\\\/www.salk.edu\\\/#\\\/schema\\\/logo\\\/image\\\/\",\"url\":\"http:\\\/\\\/www.salk.edu\\\/wp-content\\\/uploads\\\/2023\\\/03\\\/salk_logo_696.jpg\",\"contentUrl\":\"http:\\\/\\\/www.salk.edu\\\/wp-content\\\/uploads\\\/2023\\\/03\\\/salk_logo_696.jpg\",\"width\":696,\"height\":696,\"caption\":\"Salk Institute for Biological Studies\"},\"image\":{\"@id\":\"https:\\\/\\\/www.salk.edu\\\/#\\\/schema\\\/logo\\\/image\\\/\"}}]}<\/script>\n<!-- \/ Yoast SEO plugin. -->","yoast_head_json":{"title":"Housing and Accommodations - Salk Institute for Biological Studies","robots":{"index":"index","follow":"follow","max-snippet":"max-snippet:-1","max-image-preview":"max-image-preview:large","max-video-preview":"max-video-preview:-1"},"canonical":"https:\/\/www.salk.edu\/es\/events\/science-events\/cell-cycle-meeting\/housing-and-accommodations\/","og_locale":"es_MX","og_type":"article","og_title":"Housing and Accommodations - Salk Institute for Biological Studies","og_description":"#CellCycle2025","og_url":"https:\/\/www.salk.edu\/es\/events\/science-events\/cell-cycle-meeting\/housing-and-accommodations\/","og_site_name":"Salk Institute for Biological Studies","article_modified_time":"2025-03-10T22:43:08+00:00","og_image":[{"url":"http:\/\/www.salk.edu\/wp-content\/uploads\/2018\/11\/Twitter_Logo_Blue.png","type":"","width":"","height":""}],"twitter_card":"summary_large_image","twitter_misc":{"Est. reading time":"3 minutes"},"schema":{"@context":"https:\/\/schema.org","@graph":[{"@type":"WebPage","@id":"https:\/\/www.salk.edu\/events\/science-events\/cell-cycle-meeting\/housing-and-accommodations\/","url":"https:\/\/www.salk.edu\/events\/science-events\/cell-cycle-meeting\/housing-and-accommodations\/","name":"Housing and Accommodations - Salk Institute for Biological Studies","isPartOf":{"@id":"https:\/\/www.salk.edu\/#website"},"primaryImageOfPage":{"@id":"https:\/\/www.salk.edu\/events\/science-events\/cell-cycle-meeting\/housing-and-accommodations\/#primaryimage"},"image":{"@id":"https:\/\/www.salk.edu\/events\/science-events\/cell-cycle-meeting\/housing-and-accommodations\/#primaryimage"},"thumbnailUrl":"http:\/\/www.salk.edu\/wp-content\/uploads\/2018\/11\/Twitter_Logo_Blue.png","datePublished":"2023-04-05T14:54:28+00:00","dateModified":"2025-03-10T22:43:08+00:00","breadcrumb":{"@id":"https:\/\/www.salk.edu\/events\/science-events\/cell-cycle-meeting\/housing-and-accommodations\/#breadcrumb"},"inLanguage":"es-MX","potentialAction":[{"@type":"ReadAction","target":["https:\/\/www.salk.edu\/events\/science-events\/cell-cycle-meeting\/housing-and-accommodations\/"]}]},{"@type":"ImageObject","inLanguage":"es-MX","@id":"https:\/\/www.salk.edu\/events\/science-events\/cell-cycle-meeting\/housing-and-accommodations\/#primaryimage","url":"http:\/\/www.salk.edu\/wp-content\/uploads\/2018\/11\/Twitter_Logo_Blue.png","contentUrl":"http:\/\/www.salk.edu\/wp-content\/uploads\/2018\/11\/Twitter_Logo_Blue.png"},{"@type":"BreadcrumbList","@id":"https:\/\/www.salk.edu\/events\/science-events\/cell-cycle-meeting\/housing-and-accommodations\/#breadcrumb","itemListElement":[{"@type":"ListItem","position":1,"name":"Home","item":"https:\/\/www.salk.edu\/"},{"@type":"ListItem","position":2,"name":"Events","item":"https:\/\/www.salk.edu\/events\/"},{"@type":"ListItem","position":3,"name":"Science Events","item":"https:\/\/www.salk.edu\/events\/science-events\/"},{"@type":"ListItem","position":4,"name":"Cell Cycle Meeting 2025","item":"https:\/\/www.salk.edu\/events\/science-events\/cell-cycle-meeting\/"},{"@type":"ListItem","position":5,"name":"Housing and Accommodations"}]},{"@type":"WebSite","@id":"https:\/\/www.salk.edu\/#website","url":"https:\/\/www.salk.edu\/","name":"Instituto Salk de Estudios Biol\u00f3gicos","description":"The Power of Science","publisher":{"@id":"https:\/\/www.salk.edu\/#organization"},"potentialAction":[{"@type":"SearchAction","target":{"@type":"EntryPoint","urlTemplate":"https:\/\/www.salk.edu\/?s={search_term_string}"},"query-input":{"@type":"PropertyValueSpecification","valueRequired":true,"valueName":"search_term_string"}}],"inLanguage":"es-MX"},{"@type":"Organization","@id":"https:\/\/www.salk.edu\/#organization","name":"Instituto Salk de Estudios Biol\u00f3gicos","url":"https:\/\/www.salk.edu\/","logo":{"@type":"ImageObject","inLanguage":"es-MX","@id":"https:\/\/www.salk.edu\/#\/schema\/logo\/image\/","url":"http:\/\/www.salk.edu\/wp-content\/uploads\/2023\/03\/salk_logo_696.jpg","contentUrl":"http:\/\/www.salk.edu\/wp-content\/uploads\/2023\/03\/salk_logo_696.jpg","width":696,"height":696,"caption":"Salk Institute for Biological Studies"},"image":{"@id":"https:\/\/www.salk.edu\/#\/schema\/logo\/image\/"}}]}},"ACF":{"hero":"https:\/\/www.salk.edu\/wp-content\/uploads\/2025\/03\/25-cell-cycle-header-5.jpg","line_1":"","line_2":"","gallery":false,"secondary_navigation":"<div class=\"menu-cell-cycle-meeting-container\"><ul id=\"menu-cell-cycle-meeting\" class=\"menu\"><li class=\"menu-item menu-item-type-custom menu-item-object-custom menu-item-37046\"><a href=\"https:\/\/www.salk.edu\/events\/science-events\/cell-cycle-meeting\/\">Home<\/a><\/li>\n<li class=\"menu-item menu-item-type-custom menu-item-object-custom menu-item-37047\"><a href=\"https:\/\/www.salk.edu\/events\/science-events\/cell-cycle-meeting\/program\/\">Program<\/a><\/li>\n<li class=\"menu-item menu-item-type-custom menu-item-object-custom menu-item-37048\"><a href=\"https:\/\/www.salk.edu\/events\/science-events\/cell-cycle-meeting\/registration\/\">Registration<\/a><\/li>\n<li class=\"menu-item menu-item-type-custom menu-item-object-custom menu-item-37049\"><a href=\"https:\/\/www.salk.edu\/events\/science-events\/cell-cycle-meeting\/abstract-submission\/\">Abstract Submission<\/a><\/li>\n<li class=\"menu-item menu-item-type-custom menu-item-object-custom menu-item-39452\"><a href=\"https:\/\/www.salk.edu\/events\/science-events\/cell-cycle-meeting\/housing-and-accommodations\/\">Housing and Accommodations<\/a><\/li>\n<li class=\"menu-item menu-item-type-custom menu-item-object-custom menu-item-41122\"><a href=\"https:\/\/www.salk.edu\/events\/science-events\/cell-cycle-meeting\/sponsors\/\">Sponsors<\/a><\/li>\n<li class=\"menu-item menu-item-type-custom menu-item-object-custom menu-item-37050\"><a href=\"https:\/\/www.salk.edu\/events\/science-events\/cell-cycle-meeting\/contact\/\">Contact<\/a><\/li>\n<li class=\"menu-item menu-item-type-custom menu-item-object-custom menu-item-41717\"><a href=\"https:\/\/www.salk.edu\/events\/science-events\/cell-cycle-meeting\/abstract-book\/\">Abstract Book<\/a><\/li>\n<\/ul><\/div>","salk_custom_body_class":"","poster_quote":""},"_links":{"self":[{"href":"https:\/\/www.salk.edu\/es\/wp-json\/wp\/v2\/pages\/39449","targetHints":{"allow":["GET"]}}],"collection":[{"href":"https:\/\/www.salk.edu\/es\/wp-json\/wp\/v2\/pages"}],"about":[{"href":"https:\/\/www.salk.edu\/es\/wp-json\/wp\/v2\/types\/page"}],"author":[{"embeddable":true,"href":"https:\/\/www.salk.edu\/es\/wp-json\/wp\/v2\/users\/91"}],"replies":[{"embeddable":true,"href":"https:\/\/www.salk.edu\/es\/wp-json\/wp\/v2\/comments?post=39449"}],"version-history":[{"count":18,"href":"https:\/\/www.salk.edu\/es\/wp-json\/wp\/v2\/pages\/39449\/revisions"}],"predecessor-version":[{"id":52827,"href":"https:\/\/www.salk.edu\/es\/wp-json\/wp\/v2\/pages\/39449\/revisions\/52827"}],"up":[{"embeddable":true,"href":"https:\/\/www.salk.edu\/es\/wp-json\/wp\/v2\/pages\/37036"}],"wp:attachment":[{"href":"https:\/\/www.salk.edu\/es\/wp-json\/wp\/v2\/media?parent=39449"}],"wp:term":[{"taxonomy":"folder","embeddable":true,"href":"https:\/\/www.salk.edu\/es\/wp-json\/wp\/v2\/folder?post=39449"}],"curies":[{"name":"wp","href":"https:\/\/api.w.org\/{rel}","templated":true}]}}