{"id":38229,"date":"2023-02-13T09:36:03","date_gmt":"2023-02-13T17:36:03","guid":{"rendered":"https:\/\/vermont.salk.edu\/?page_id=38229"},"modified":"2026-02-23T11:51:45","modified_gmt":"2026-02-23T19:51:45","slug":"la-jolla-aging-meeting","status":"publish","type":"page","link":"https:\/\/www.salk.edu\/es\/events\/science-events\/la-jolla-aging-meeting\/","title":{"rendered":"La Jolla Aging Meeting"},"content":{"rendered":"<div style=\"float: right; margin-top: -85px;\"><img decoding=\"async\" style=\"width: 20px;\" src=\"https:\/\/www.salk.edu\/wp-content\/uploads\/2024\/01\/x-logo-black.png\" \/> <strong>#LJAM2026<\/strong><\/div>\n<div style=\"clear: both;\"><\/div>\n<p><strong>In-Person Only Event with Poster Session<\/strong><br \/>\n<strong>Date<\/strong>: Thursday, March 19, 2026<br \/>\n<strong>Ubicaci\u00f3n<\/strong>: Conrad T. Prebys Auditorium, Salk Institute, La Jolla<br \/>\n<strong>Registration deadline<\/strong>: March 9, 2026<\/p>\n<p><!-- <a class=\"btn -expand\" href=\"https:\/\/www.salk.edu\/events\/science-events\/la-jolla-aging-meeting\/registration\/\">Registration<\/a> --><\/p>\n<p><strong>Keynote speaker<\/strong>: <a href=\"https:\/\/einsteinmed.edu\/faculty\/8784\/ana-maria-cuervo\" target=\"_blank\" rel=\"noopener\">Ana Maria Cuervo<\/a>, Albert Einstein College of Medicine<\/p>\n<p>As you may know, La Jolla Aging Meeting features mostly short talks from Southern California-based postdoctoral researchers and students working in biology of aging. Attending this symposium is a great way to meet other researchers and start collaborations.<\/p>\n<p style=\"margin-bottom: 0;\"><strong>POSTER SESSION<\/strong><br \/>\nGeneral Poster Guidelines:<\/p>\n<ol style=\"margin-top: 0; margin-bottom: 20px;\">\n<li>Poster submission is open for all registrants.<\/li>\n<li>Your poster should be 4 ft x 4 ft (121cm x 121cm).<\/li>\n<li>Display boards will be provided, they are white foam-core board and 4 ft x 4 ft (121cm x 121cm).<\/li>\n<li>Place poster title and author(s) name at the top of your poster.<\/li>\n<li>It is recommended that the poster be printed on coated heavy weight paper. Heavy foam core type posters are not recommended due to the display.<\/li>\n<\/ol>\n<p><strong>See <a href=\"https:\/\/www.salk.edu\/es\/events\/science-events\/la-jolla-aging-meeting\/registration\/\">registration page<\/a> to sign up now!<\/strong><\/p>\n<p>Sponsored by <a href=\"https:\/\/glennfoundation.org\/\" target=\"_blank\" rel=\"noopener\">Fundaci\u00f3n Glenn para la Investigaci\u00f3n M\u00e9dica<\/a>.<br \/>\n<strong><br \/>\nOrganizadores <\/strong><br \/>\n<a href=\"https:\/\/sbpdiscovery.org\/our-scientists\/alessandra-sacco-phd\" target=\"_blank\" rel=\"noopener\">Alessandra Sacco<\/a> y <a href=\"https:\/\/sbpdiscovery.org\/our-scientists\/peter-d-adams-phd\" target=\"_blank\" rel=\"noopener\">Peter Adams<\/a>, Sanford Burnham Prebys Medical Discovery Institute<br \/>\n<a href=\"https:\/\/www.salk.edu\/es\/scientist\/jan-karlseder\/\" target=\"_blank\" rel=\"noopener\">Jan Karlseder<\/a> y <a href=\"https:\/\/www.salk.edu\/es\/scientist\/gerald-shadel\/\" target=\"_blank\" rel=\"noopener\">Gerald Shadel<\/a>, Instituto Salk<\/p>\n<div style=\"margin-top: 40px;\">\n<a href=\"https:\/\/www.salk.edu\/wp-content\/uploads\/2026\/02\/LJAM2026Program.pdf\" target=\"_blank\" rel=\"noopener noreferrer\"><img decoding=\"async\" style=\"width: 200px;\" src=\"https:\/\/www.salk.edu\/wp-content\/uploads\/2026\/02\/26-ljam-flyer.jpg\" alt=\"ljam 2025 event flyer\" \/><\/a><\/p>\n<p><a href=\"https:\/\/www.salk.edu\/wp-content\/uploads\/2026\/02\/LJAM2026Program.pdf\" target=\"_blank\" rel=\"noopener noreferrer\">Haga clic aqu\u00ed<\/a> to download the event flyer.\n<\/div>","protected":false},"excerpt":{"rendered":"<div style=\"float: right; margin-top: -85px;\"><img decoding=\"async\" style=\"width: 20px;\" src=\"https:\/\/www.salk.edu\/wp-content\/uploads\/2024\/01\/x-logo-black.png\" \/> <strong>#LJAM2026<\/strong><\/div>\n<div style=\"clear: both;\"><\/div>\n<p><strong>In-Person Only Event with Poster Session<\/strong><br \/>\n<strong>Date<\/strong>: Thursday, March 19, 2026<br \/>\n<strong>Ubicaci\u00f3n<\/strong>: Conrad T. Prebys Auditorium, Salk Institute, La Jolla<br \/>\n<strong>Registration deadline<\/strong>: March 9, 2026<\/p>","protected":false},"author":91,"featured_media":0,"parent":46,"menu_order":0,"comment_status":"closed","ping_status":"closed","template":"","meta":{"_acf_changed":false,"footnotes":""},"folder":[491],"class_list":["post-38229","page","type-page","status-publish","hentry"],"acf":[],"yoast_head":"<!-- This site is optimized with the Yoast SEO plugin v27.3 - https:\/\/yoast.com\/product\/yoast-seo-wordpress\/ -->\n<title>La Jolla Aging Meeting - Salk Institute for Biological Studies<\/title>\n<meta name=\"robots\" content=\"index, follow, max-snippet:-1, max-image-preview:large, max-video-preview:-1\" \/>\n<link rel=\"canonical\" href=\"https:\/\/www.salk.edu\/es\/events\/science-events\/la-jolla-aging-meeting\/\" \/>\n<meta property=\"og:locale\" content=\"es_MX\" \/>\n<meta property=\"og:type\" content=\"article\" \/>\n<meta property=\"og:title\" content=\"La Jolla Aging Meeting - Salk Institute for Biological Studies\" \/>\n<meta property=\"og:description\" content=\"#LJAM2026 In-Person Only Event with Poster Session Date: Thursday, March 19, 2026 Location: Conrad T. Prebys Auditorium, Salk Institute, La Jolla Registration deadline: March 9, 2026\" \/>\n<meta property=\"og:url\" content=\"https:\/\/www.salk.edu\/es\/events\/science-events\/la-jolla-aging-meeting\/\" \/>\n<meta property=\"og:site_name\" content=\"Salk Institute for Biological Studies\" \/>\n<meta property=\"article:modified_time\" content=\"2026-02-23T19:51:45+00:00\" \/>\n<meta property=\"og:image\" content=\"http:\/\/www.salk.edu\/wp-content\/uploads\/2024\/01\/x-logo-black.png\" \/>\n<meta name=\"twitter:card\" content=\"summary_large_image\" \/>\n<meta name=\"twitter:label1\" content=\"Est. reading time\" \/>\n\t<meta name=\"twitter:data1\" content=\"2 minutes\" \/>\n<script type=\"application\/ld+json\" class=\"yoast-schema-graph\">{\"@context\":\"https:\\\/\\\/schema.org\",\"@graph\":[{\"@type\":\"WebPage\",\"@id\":\"https:\\\/\\\/www.salk.edu\\\/events\\\/science-events\\\/la-jolla-aging-meeting\\\/\",\"url\":\"https:\\\/\\\/www.salk.edu\\\/events\\\/science-events\\\/la-jolla-aging-meeting\\\/\",\"name\":\"La Jolla Aging Meeting - Salk Institute for Biological Studies\",\"isPartOf\":{\"@id\":\"https:\\\/\\\/www.salk.edu\\\/#website\"},\"primaryImageOfPage\":{\"@id\":\"https:\\\/\\\/www.salk.edu\\\/events\\\/science-events\\\/la-jolla-aging-meeting\\\/#primaryimage\"},\"image\":{\"@id\":\"https:\\\/\\\/www.salk.edu\\\/events\\\/science-events\\\/la-jolla-aging-meeting\\\/#primaryimage\"},\"thumbnailUrl\":\"http:\\\/\\\/www.salk.edu\\\/wp-content\\\/uploads\\\/2024\\\/01\\\/x-logo-black.png\",\"datePublished\":\"2023-02-13T17:36:03+00:00\",\"dateModified\":\"2026-02-23T19:51:45+00:00\",\"breadcrumb\":{\"@id\":\"https:\\\/\\\/www.salk.edu\\\/events\\\/science-events\\\/la-jolla-aging-meeting\\\/#breadcrumb\"},\"inLanguage\":\"es-MX\",\"potentialAction\":[{\"@type\":\"ReadAction\",\"target\":[\"https:\\\/\\\/www.salk.edu\\\/events\\\/science-events\\\/la-jolla-aging-meeting\\\/\"]}]},{\"@type\":\"ImageObject\",\"inLanguage\":\"es-MX\",\"@id\":\"https:\\\/\\\/www.salk.edu\\\/events\\\/science-events\\\/la-jolla-aging-meeting\\\/#primaryimage\",\"url\":\"http:\\\/\\\/www.salk.edu\\\/wp-content\\\/uploads\\\/2024\\\/01\\\/x-logo-black.png\",\"contentUrl\":\"http:\\\/\\\/www.salk.edu\\\/wp-content\\\/uploads\\\/2024\\\/01\\\/x-logo-black.png\"},{\"@type\":\"BreadcrumbList\",\"@id\":\"https:\\\/\\\/www.salk.edu\\\/events\\\/science-events\\\/la-jolla-aging-meeting\\\/#breadcrumb\",\"itemListElement\":[{\"@type\":\"ListItem\",\"position\":1,\"name\":\"Home\",\"item\":\"https:\\\/\\\/www.salk.edu\\\/\"},{\"@type\":\"ListItem\",\"position\":2,\"name\":\"Events\",\"item\":\"https:\\\/\\\/www.salk.edu\\\/events\\\/\"},{\"@type\":\"ListItem\",\"position\":3,\"name\":\"Science Events\",\"item\":\"https:\\\/\\\/www.salk.edu\\\/events\\\/science-events\\\/\"},{\"@type\":\"ListItem\",\"position\":4,\"name\":\"La Jolla Aging Meeting\"}]},{\"@type\":\"WebSite\",\"@id\":\"https:\\\/\\\/www.salk.edu\\\/#website\",\"url\":\"https:\\\/\\\/www.salk.edu\\\/\",\"name\":\"Salk Institute for Biological Studies\",\"description\":\"The Power of Science\",\"publisher\":{\"@id\":\"https:\\\/\\\/www.salk.edu\\\/#organization\"},\"potentialAction\":[{\"@type\":\"SearchAction\",\"target\":{\"@type\":\"EntryPoint\",\"urlTemplate\":\"https:\\\/\\\/www.salk.edu\\\/?s={search_term_string}\"},\"query-input\":{\"@type\":\"PropertyValueSpecification\",\"valueRequired\":true,\"valueName\":\"search_term_string\"}}],\"inLanguage\":\"es-MX\"},{\"@type\":\"Organization\",\"@id\":\"https:\\\/\\\/www.salk.edu\\\/#organization\",\"name\":\"Salk Institute for Biological Studies\",\"url\":\"https:\\\/\\\/www.salk.edu\\\/\",\"logo\":{\"@type\":\"ImageObject\",\"inLanguage\":\"es-MX\",\"@id\":\"https:\\\/\\\/www.salk.edu\\\/#\\\/schema\\\/logo\\\/image\\\/\",\"url\":\"http:\\\/\\\/www.salk.edu\\\/wp-content\\\/uploads\\\/2023\\\/03\\\/salk_logo_696.jpg\",\"contentUrl\":\"http:\\\/\\\/www.salk.edu\\\/wp-content\\\/uploads\\\/2023\\\/03\\\/salk_logo_696.jpg\",\"width\":696,\"height\":696,\"caption\":\"Salk Institute for Biological Studies\"},\"image\":{\"@id\":\"https:\\\/\\\/www.salk.edu\\\/#\\\/schema\\\/logo\\\/image\\\/\"}}]}<\/script>\n<!-- \/ Yoast SEO plugin. -->","yoast_head_json":{"title":"La Jolla Aging Meeting - Salk Institute for Biological Studies","robots":{"index":"index","follow":"follow","max-snippet":"max-snippet:-1","max-image-preview":"max-image-preview:large","max-video-preview":"max-video-preview:-1"},"canonical":"https:\/\/www.salk.edu\/es\/events\/science-events\/la-jolla-aging-meeting\/","og_locale":"es_MX","og_type":"article","og_title":"La Jolla Aging Meeting - Salk Institute for Biological Studies","og_description":"#LJAM2026 In-Person Only Event with Poster Session Date: Thursday, March 19, 2026 Location: Conrad T. Prebys Auditorium, Salk Institute, La Jolla Registration deadline: March 9, 2026","og_url":"https:\/\/www.salk.edu\/es\/events\/science-events\/la-jolla-aging-meeting\/","og_site_name":"Salk Institute for Biological Studies","article_modified_time":"2026-02-23T19:51:45+00:00","og_image":[{"url":"http:\/\/www.salk.edu\/wp-content\/uploads\/2024\/01\/x-logo-black.png","type":"","width":"","height":""}],"twitter_card":"summary_large_image","twitter_misc":{"Est. reading time":"2 minutes"},"schema":{"@context":"https:\/\/schema.org","@graph":[{"@type":"WebPage","@id":"https:\/\/www.salk.edu\/events\/science-events\/la-jolla-aging-meeting\/","url":"https:\/\/www.salk.edu\/events\/science-events\/la-jolla-aging-meeting\/","name":"La Jolla Aging Meeting - Salk Institute for Biological Studies","isPartOf":{"@id":"https:\/\/www.salk.edu\/#website"},"primaryImageOfPage":{"@id":"https:\/\/www.salk.edu\/events\/science-events\/la-jolla-aging-meeting\/#primaryimage"},"image":{"@id":"https:\/\/www.salk.edu\/events\/science-events\/la-jolla-aging-meeting\/#primaryimage"},"thumbnailUrl":"http:\/\/www.salk.edu\/wp-content\/uploads\/2024\/01\/x-logo-black.png","datePublished":"2023-02-13T17:36:03+00:00","dateModified":"2026-02-23T19:51:45+00:00","breadcrumb":{"@id":"https:\/\/www.salk.edu\/events\/science-events\/la-jolla-aging-meeting\/#breadcrumb"},"inLanguage":"es-MX","potentialAction":[{"@type":"ReadAction","target":["https:\/\/www.salk.edu\/events\/science-events\/la-jolla-aging-meeting\/"]}]},{"@type":"ImageObject","inLanguage":"es-MX","@id":"https:\/\/www.salk.edu\/events\/science-events\/la-jolla-aging-meeting\/#primaryimage","url":"http:\/\/www.salk.edu\/wp-content\/uploads\/2024\/01\/x-logo-black.png","contentUrl":"http:\/\/www.salk.edu\/wp-content\/uploads\/2024\/01\/x-logo-black.png"},{"@type":"BreadcrumbList","@id":"https:\/\/www.salk.edu\/events\/science-events\/la-jolla-aging-meeting\/#breadcrumb","itemListElement":[{"@type":"ListItem","position":1,"name":"Home","item":"https:\/\/www.salk.edu\/"},{"@type":"ListItem","position":2,"name":"Events","item":"https:\/\/www.salk.edu\/events\/"},{"@type":"ListItem","position":3,"name":"Science Events","item":"https:\/\/www.salk.edu\/events\/science-events\/"},{"@type":"ListItem","position":4,"name":"La Jolla Aging Meeting"}]},{"@type":"WebSite","@id":"https:\/\/www.salk.edu\/#website","url":"https:\/\/www.salk.edu\/","name":"Instituto Salk de Estudios Biol\u00f3gicos","description":"El Poder de la Ciencia","publisher":{"@id":"https:\/\/www.salk.edu\/#organization"},"potentialAction":[{"@type":"SearchAction","target":{"@type":"EntryPoint","urlTemplate":"https:\/\/www.salk.edu\/?s={search_term_string}"},"query-input":{"@type":"PropertyValueSpecification","valueRequired":true,"valueName":"search_term_string"}}],"inLanguage":"es-MX"},{"@type":"Organization","@id":"https:\/\/www.salk.edu\/#organization","name":"Instituto Salk de Estudios Biol\u00f3gicos","url":"https:\/\/www.salk.edu\/","logo":{"@type":"ImageObject","inLanguage":"es-MX","@id":"https:\/\/www.salk.edu\/#\/schema\/logo\/image\/","url":"http:\/\/www.salk.edu\/wp-content\/uploads\/2023\/03\/salk_logo_696.jpg","contentUrl":"http:\/\/www.salk.edu\/wp-content\/uploads\/2023\/03\/salk_logo_696.jpg","width":696,"height":696,"caption":"Salk Institute for Biological Studies"},"image":{"@id":"https:\/\/www.salk.edu\/#\/schema\/logo\/image\/"}}]}},"ACF":{"hero":"https:\/\/www.salk.edu\/wp-content\/uploads\/2026\/01\/26-ljam-header.jpg","line_1":"","line_2":"","gallery":false,"secondary_navigation":"<div class=\"menu-la-jolla-aging-meeting-container\"><ul id=\"menu-la-jolla-aging-meeting\" class=\"menu\"><li class=\"menu-item menu-item-type-custom menu-item-object-custom menu-item-38259\"><a href=\"https:\/\/www.salk.edu\/events\/science-events\/la-jolla-aging-meeting\/\">Home<\/a><\/li>\n<li class=\"menu-item menu-item-type-custom menu-item-object-custom menu-item-38265\"><a href=\"https:\/\/www.salk.edu\/events\/science-events\/la-jolla-aging-meeting\/program\/\">Program<\/a><\/li>\n<li class=\"menu-item menu-item-type-custom menu-item-object-custom menu-item-38260\"><a href=\"https:\/\/www.salk.edu\/events\/science-events\/la-jolla-aging-meeting\/registration\/\">Registration<\/a><\/li>\n<li class=\"menu-item menu-item-type-custom menu-item-object-custom menu-item-38263\"><a href=\"https:\/\/www.salk.edu\/events\/science-events\/la-jolla-aging-meeting\/sponsor\/\">Sponsor<\/a><\/li>\n<li class=\"menu-item menu-item-type-custom menu-item-object-custom menu-item-38264\"><a href=\"https:\/\/www.salk.edu\/events\/science-events\/la-jolla-aging-meeting\/contact\/\">Contact<\/a><\/li>\n<\/ul><\/div>","salk_custom_body_class":"","poster_quote":""},"_links":{"self":[{"href":"https:\/\/www.salk.edu\/es\/wp-json\/wp\/v2\/pages\/38229","targetHints":{"allow":["GET"]}}],"collection":[{"href":"https:\/\/www.salk.edu\/es\/wp-json\/wp\/v2\/pages"}],"about":[{"href":"https:\/\/www.salk.edu\/es\/wp-json\/wp\/v2\/types\/page"}],"author":[{"embeddable":true,"href":"https:\/\/www.salk.edu\/es\/wp-json\/wp\/v2\/users\/91"}],"replies":[{"embeddable":true,"href":"https:\/\/www.salk.edu\/es\/wp-json\/wp\/v2\/comments?post=38229"}],"version-history":[{"count":52,"href":"https:\/\/www.salk.edu\/es\/wp-json\/wp\/v2\/pages\/38229\/revisions"}],"predecessor-version":[{"id":56058,"href":"https:\/\/www.salk.edu\/es\/wp-json\/wp\/v2\/pages\/38229\/revisions\/56058"}],"up":[{"embeddable":true,"href":"https:\/\/www.salk.edu\/es\/wp-json\/wp\/v2\/pages\/46"}],"wp:attachment":[{"href":"https:\/\/www.salk.edu\/es\/wp-json\/wp\/v2\/media?parent=38229"}],"wp:term":[{"taxonomy":"folder","embeddable":true,"href":"https:\/\/www.salk.edu\/es\/wp-json\/wp\/v2\/folder?post=38229"}],"curies":[{"name":"la hora de","href":"https:\/\/api.w.org\/{rel}","templated":true}]}}