{"id":36180,"date":"2022-09-23T10:38:29","date_gmt":"2022-09-23T17:38:29","guid":{"rendered":"https:\/\/vermont.salk.edu\/?page_id=36180"},"modified":"2022-09-23T10:38:29","modified_gmt":"2022-09-23T17:38:29","slug":"profiles-courtney-glavis-bloom","status":"publish","type":"page","link":"https:\/\/www.salk.edu\/es\/engage\/women-science\/profiles-courtney-glavis-bloom\/","title":{"rendered":"Perfiles \u2013 Courtney Glavis-Bloom"},"content":{"rendered":"<h2>Cuando Courtney Glavis-Bloom estaba en la secundaria, a sus abuelos maternos les diagnosticaron la enfermedad de Alzheimer.<\/h2>\n<p>\u201cVol\u00e9 a Texas para ver a mis abuelos con mi mam\u00e1, y encontramos el pavo que les hab\u00edamos enviado para Acci\u00f3n de Gracias todav\u00eda en el refrigerador. Era primavera, as\u00ed que sab\u00edamos que hab\u00eda que hacer algo\u201d, dice ella.<\/p>\n<p>Sus abuelos se mudaron a San Diego y, como su cuidadora durante muchos a\u00f1os, Glavis-Bloom vio de primera mano c\u00f3mo la demencia despoja a las personas de sus conexiones entre s\u00ed, con la familia y con el mundo.<\/p>\n<p>Ahora, como cient\u00edfico s\u00e9nior del laboratorio del Profesor <a href=\"https:\/\/www.salk.edu\/es\/scientist\/john-reynolds\/\">Juan Reynolds<\/a>, Glavis-Bloom estudia las \u00e1reas cerebrales y las v\u00edas que se ven afectadas en el envejecimiento, con la esperanza de encontrar una cura para el Alzheimer.<\/p>\n<figure id=\"attachment_36182\"  class=\"wp-caption alignright\"><img loading=\"lazy\" decoding=\"async\" width=\"767\" height=\"511\" class=\"img-responsive wp-image-36182 size-col-md-5\" src=\"https:\/\/www.salk.edu\/wp-content\/uploads\/2022\/09\/ws-profile-courtney-glavis-bloom.jpg\" alt=\"Courtney Glavis-Bloom\" srcset=\"https:\/\/www.salk.edu\/wp-content\/uploads\/2022\/09\/ws-profile-courtney-glavis-bloom.jpg 767w, https:\/\/www.salk.edu\/wp-content\/uploads\/2022\/09\/ws-profile-courtney-glavis-bloom-300x200.jpg 300w, https:\/\/www.salk.edu\/wp-content\/uploads\/2022\/09\/ws-profile-courtney-glavis-bloom-147x98.jpg 147w, https:\/\/www.salk.edu\/wp-content\/uploads\/2022\/09\/ws-profile-courtney-glavis-bloom-458x305.jpg 458w, https:\/\/www.salk.edu\/wp-content\/uploads\/2022\/09\/ws-profile-courtney-glavis-bloom-585x390.jpg 585w, https:\/\/www.salk.edu\/wp-content\/uploads\/2022\/09\/ws-profile-courtney-glavis-bloom-553x368.jpg 553w, https:\/\/www.salk.edu\/wp-content\/uploads\/2022\/09\/ws-profile-courtney-glavis-bloom-750x500.jpg 750w, https:\/\/www.salk.edu\/wp-content\/uploads\/2022\/09\/ws-profile-courtney-glavis-bloom-400x266.jpg 400w\" sizes=\"auto, (max-width: 767px) 100vw, 767px\" \/><figcaption class=\"wp-caption-text\">Courtney Glavis-Bloom<br \/>Cient\u00edfico Principal del Personal, Laboratorio Reynolds<\/figcaption><\/figure>\n<h2>Primeros a\u00f1os<\/h2>\n<p>En su adolescencia, Glavis-Bloom, del vecindario de Scripps Ranch en San Diego, equilibraba una carrera competitiva en softball con su rol de presidenta del equipo de ciencias en la Escuela Secundaria La Jolla. Su talento como lanzadora la llev\u00f3 a ser reclutada para el equipo de softball de la Universidad de Yale. Sin embargo, poco despu\u00e9s de su llegada, sufri\u00f3 una lesi\u00f3n en la mu\u00f1eca que puso fin a su carrera.<\/p>\n<p>\u201cAunque al principio la lesi\u00f3n me devast\u00f3, fue una bendici\u00f3n disfrazada\u201d, comenta Glavis-Bloom. \u201cSol\u00eda tener pr\u00e1ctica de s\u00f3ftbol dos veces al d\u00eda, y los cursos que pod\u00eda tomar eran limitados debido a mi horario. Despu\u00e9s de la lesi\u00f3n, pude tomar m\u00e1s cursos de ciencias y trabajar en tres laboratorios de ciencias diferentes simult\u00e1neamente\u201d.\u201d<\/p>\n<h2>Camino a Salk<\/h2>\n<p>En Yale, Glavis-Bloom inicialmente ten\u00eda la intenci\u00f3n de convertirse en veterinaria. Sin embargo, el estudio del cerebro ofreci\u00f3 otra v\u00eda emocionante, y Glavis-Bloom cambi\u00f3 sus estudios para enfocarse en neurociencia.<\/p>\n<p>\u201cEl cerebro es resiliente y est\u00e1 lleno de c\u00e9lulas que nos duran toda la vida\u201d, dice. \u201cCuanto m\u00e1s lo pensaba, m\u00e1s me fascinaba aprender sobre el cerebro y la cognici\u00f3n en el envejecimiento\u201d.\u201d<\/p>\n<p>Durante su doctorado en neurociencia y comportamiento animal en la Universidad de Emory, Glavis-Bloom estudi\u00f3 un centro de la memoria del cerebro llamado hipocampo y c\u00f3mo el cerebro se compensa cuando esta regi\u00f3n sufre una lesi\u00f3n. Quer\u00eda entender por qu\u00e9 el cerebro puede adaptarse a las lesiones a principios de la vida, pero no puede compensar lo suficiente en la vejez o en enfermedades neurodegenerativas relacionadas con la edad, como el Alzheimer. Su trabajo la llev\u00f3 a algunos puestos no acad\u00e9micos donde examin\u00f3 c\u00f3mo las terapias potenciales podr\u00edan ayudar a la cognici\u00f3n en cerebros sanos y en aquellos con degeneraci\u00f3n por Alzheimer.<\/p>\n<p>En 2018, un equipo multidisciplinario de investigadores de Salk, incluido Reynolds, recibi\u00f3 $19.2 millones durante ocho a\u00f1os de la American Heart Association-Allen Initiative para estudiar el envejecimiento y por qu\u00e9 el proceso es el principal factor de riesgo para las enfermedades neurodegenerativas. Era natural que Glavis-Bloom se uniera al equipo de Reynolds como cient\u00edfica de planta para examinar el deterioro cognitivo relacionado con la edad a lo largo de la vida.<\/p>\n<p>\u201cEl esp\u00edritu colaborativo de la comunidad Salk me atrajo\u201d, dice Glavis-Bloom. \u201cY unirme al laboratorio de Reynolds fue una combinaci\u00f3n perfecta para poder estudiar la cognici\u00f3n, as\u00ed como los factores que ocurren durante el envejecimiento y que conducen a la neurodegeneraci\u00f3n\u201d.\u201d<\/p>\n<h2>Investigaci\u00f3n en Salk<\/h2>\n<p>En Salk, Glavis-Bloom est\u00e1 estudiando el envejecimiento en m\u00faltiples momentos para comprender mejor la cognici\u00f3n en el envejecimiento normal, lo que puede ayudar a informar sobre los estados de enfermedades relacionadas con la edad. Adem\u00e1s de dise\u00f1ar e implementar pruebas cognitivas que detectan cambios cerebrales con el envejecimiento, Glavis-Bloom est\u00e1 trabajando con el laboratorio del Profesor Rusty Gage para transformar c\u00e9lulas de muestras de piel en neuronas y observar c\u00f3mo cambian con la edad. Tambi\u00e9n est\u00e1n utilizando t\u00e9cnicas de imagen de alta potencia para observar c\u00f3mo se comunican las neuronas en varias etapas a lo largo de la vida.<\/p>\n<p>\u201cSi no entendemos el envejecimiento normal, entonces no podemos tratar los trastornos relacionados con la edad\u201d, dice. \u201cQueremos averiguar cu\u00e1les son los fundamentos celulares y biol\u00f3gicos normales del envejecimiento y el deterioro cognitivo\u201d.\u201d<\/p>\n<h2>D\u00eda a d\u00eda<\/h2>\n<p>Aunque su agenda diaria est\u00e1 llena de experimentos y redacci\u00f3n de art\u00edculos cient\u00edficos, Glavis-Bloom tambi\u00e9n dedica tiempo a asesorar a aspirantes a cient\u00edficos de su laboratorio y del Instituto Kavli para el Cerebro y la Mente, en Salk y la UC San Diego.<\/p>\n<p>\u201cMe resulta incre\u00edblemente gratificante poder ser mentora y ense\u00f1ar mientras persigo mis propios objetivos cient\u00edficos\u201d, dice. \u201cEl objetivo final es combinar el avance de la ciencia con el crecimiento de la pr\u00f3xima generaci\u00f3n de cient\u00edficos. Las ideas que surgen de las conversaciones con mis mentorados son genuinas y a menudo impulsan nuestra ciencia en direcciones nuevas y emocionantes\u201d.\u201d<\/p>\n<h2>Dato curioso<\/h2>\n<p>Glavis-Bloom sue\u00f1a con tener una librer\u00eda que se especialice en neurociencia y libros de ciencia general para ayudar a que la ciencia sea accesible para todos.<\/p>\n<h2>Tiempo libre<\/h2>\n<p>Aunque todav\u00eda juega un poco de s\u00f3ftbol por diversi\u00f3n, Glavis-Bloom ahora pasa la mayor parte de su tiempo libre conviviendo con sus dos hijos, Emma y Wyatt. Tambi\u00e9n le encanta la jardiner\u00eda; bancales elevados bordean su patio trasero, donde su familia se esfuerza por cultivar gran parte de lo que comen.<\/p>\n<h2>Visi\u00f3n a largo plazo\/Proyectos futuros<\/h2>\n<p>\u201cCreo que hay esperanza para los campos de investigaci\u00f3n sobre el envejecimiento y el Alzheimer. Estos problemas no son irresolubles, pero s\u00ed de los m\u00e1s dif\u00edciles en medicina\u201d, afirma Glavis-Bloom. \u201cCreo que se necesitar\u00e1 investigaci\u00f3n colaborativa a gran escala para lograr avances significativos\u201d. Ella espera que se descubra una cura para el Alzheimer y est\u00e9 disponible para la pr\u00f3xima generaci\u00f3n.<\/p>\n<div class=\"row blocks pl-0 pr-0 sign-up-attend-container\">\n<div class=\"col-sm-12 sign-up-attend\">\n<h2 class=\"crimson\" style=\"color: #728baa;\">Haz un impacto.<\/h2>\n<p><a class=\"button-dark inline\" style=\"text-decoration: none;\" href=\"https:\/\/donatenow.networkforgood.org\/where-cures-begin\">DONA HOY MISMO<\/a><\/p>\n<\/div>\n<\/div>","protected":false},"excerpt":{"rendered":"<h2>Cuando Courtney Glavis-Bloom estaba en la secundaria, a sus abuelos maternos les diagnosticaron la enfermedad de Alzheimer.<\/h2>\n<p>\u201cVol\u00e9 a Texas para ver a mis abuelos con mi mam\u00e1, y encontramos el pavo que les hab\u00edamos enviado para Acci\u00f3n de Gracias todav\u00eda en el refrigerador. Era primavera, as\u00ed que sab\u00edamos que hab\u00eda que hacer algo\u201d, dice ella.<\/p>","protected":false},"author":91,"featured_media":0,"parent":2906,"menu_order":0,"comment_status":"closed","ping_status":"closed","template":"","meta":{"_acf_changed":false,"footnotes":""},"folder":[527],"class_list":["post-36180","page","type-page","status-publish","hentry"],"acf":[],"yoast_head":"<!-- This site is optimized with the Yoast SEO plugin v27.3 - https:\/\/yoast.com\/product\/yoast-seo-wordpress\/ -->\n<title>Profiles - Courtney Glavis-Bloom - Salk Institute for Biological Studies<\/title>\n<meta name=\"robots\" content=\"index, follow, max-snippet:-1, max-image-preview:large, max-video-preview:-1\" \/>\n<link rel=\"canonical\" href=\"https:\/\/www.salk.edu\/es\/engage\/women-science\/profiles-courtney-glavis-bloom\/\" \/>\n<meta property=\"og:locale\" content=\"es_MX\" \/>\n<meta property=\"og:type\" content=\"article\" \/>\n<meta property=\"og:title\" content=\"Profiles - Courtney Glavis-Bloom - Salk Institute for Biological Studies\" \/>\n<meta property=\"og:description\" content=\"When Courtney Glavis-Bloom was in high school, her maternal grandparents were diagnosed with Alzheimer\u2019s disease. \u201cI flew out to Texas to see my grandparents with my mom, and we found the turkey that we had sent them for Thanksgiving still in the fridge. It was springtime, so we knew something had to be done,\u201d she says.\" \/>\n<meta property=\"og:url\" content=\"https:\/\/www.salk.edu\/es\/engage\/women-science\/profiles-courtney-glavis-bloom\/\" \/>\n<meta property=\"og:site_name\" content=\"Salk Institute for Biological Studies\" \/>\n<meta property=\"og:image\" content=\"http:\/\/www.salk.edu\/wp-content\/uploads\/2022\/09\/ws-profile-courtney-glavis-bloom.jpg\" \/>\n<meta name=\"twitter:card\" content=\"summary_large_image\" \/>\n<meta name=\"twitter:label1\" content=\"Est. reading time\" \/>\n\t<meta name=\"twitter:data1\" content=\"4 minutes\" \/>\n<script type=\"application\/ld+json\" class=\"yoast-schema-graph\">{\"@context\":\"https:\\\/\\\/schema.org\",\"@graph\":[{\"@type\":\"WebPage\",\"@id\":\"https:\\\/\\\/www.salk.edu\\\/engage\\\/women-science\\\/profiles-courtney-glavis-bloom\\\/\",\"url\":\"https:\\\/\\\/www.salk.edu\\\/engage\\\/women-science\\\/profiles-courtney-glavis-bloom\\\/\",\"name\":\"Profiles - Courtney Glavis-Bloom - Salk Institute for Biological Studies\",\"isPartOf\":{\"@id\":\"https:\\\/\\\/www.salk.edu\\\/#website\"},\"primaryImageOfPage\":{\"@id\":\"https:\\\/\\\/www.salk.edu\\\/engage\\\/women-science\\\/profiles-courtney-glavis-bloom\\\/#primaryimage\"},\"image\":{\"@id\":\"https:\\\/\\\/www.salk.edu\\\/engage\\\/women-science\\\/profiles-courtney-glavis-bloom\\\/#primaryimage\"},\"thumbnailUrl\":\"http:\\\/\\\/www.salk.edu\\\/wp-content\\\/uploads\\\/2022\\\/09\\\/ws-profile-courtney-glavis-bloom.jpg\",\"datePublished\":\"2022-09-23T17:38:29+00:00\",\"breadcrumb\":{\"@id\":\"https:\\\/\\\/www.salk.edu\\\/engage\\\/women-science\\\/profiles-courtney-glavis-bloom\\\/#breadcrumb\"},\"inLanguage\":\"es-MX\",\"potentialAction\":[{\"@type\":\"ReadAction\",\"target\":[\"https:\\\/\\\/www.salk.edu\\\/engage\\\/women-science\\\/profiles-courtney-glavis-bloom\\\/\"]}]},{\"@type\":\"ImageObject\",\"inLanguage\":\"es-MX\",\"@id\":\"https:\\\/\\\/www.salk.edu\\\/engage\\\/women-science\\\/profiles-courtney-glavis-bloom\\\/#primaryimage\",\"url\":\"http:\\\/\\\/www.salk.edu\\\/wp-content\\\/uploads\\\/2022\\\/09\\\/ws-profile-courtney-glavis-bloom.jpg\",\"contentUrl\":\"http:\\\/\\\/www.salk.edu\\\/wp-content\\\/uploads\\\/2022\\\/09\\\/ws-profile-courtney-glavis-bloom.jpg\"},{\"@type\":\"BreadcrumbList\",\"@id\":\"https:\\\/\\\/www.salk.edu\\\/engage\\\/women-science\\\/profiles-courtney-glavis-bloom\\\/#breadcrumb\",\"itemListElement\":[{\"@type\":\"ListItem\",\"position\":1,\"name\":\"Home\",\"item\":\"https:\\\/\\\/www.salk.edu\\\/\"},{\"@type\":\"ListItem\",\"position\":2,\"name\":\"Private: Engage\",\"item\":\"https:\\\/\\\/www.salk.edu\\\/?page_id=26963\"},{\"@type\":\"ListItem\",\"position\":3,\"name\":\"Private: Salk Women &#038; Science\",\"item\":\"https:\\\/\\\/www.salk.edu\\\/?page_id=2906\"},{\"@type\":\"ListItem\",\"position\":4,\"name\":\"Profiles &#8211; Courtney Glavis-Bloom\"}]},{\"@type\":\"WebSite\",\"@id\":\"https:\\\/\\\/www.salk.edu\\\/#website\",\"url\":\"https:\\\/\\\/www.salk.edu\\\/\",\"name\":\"Salk Institute for Biological Studies\",\"description\":\"The Power of Science\",\"publisher\":{\"@id\":\"https:\\\/\\\/www.salk.edu\\\/#organization\"},\"potentialAction\":[{\"@type\":\"SearchAction\",\"target\":{\"@type\":\"EntryPoint\",\"urlTemplate\":\"https:\\\/\\\/www.salk.edu\\\/?s={search_term_string}\"},\"query-input\":{\"@type\":\"PropertyValueSpecification\",\"valueRequired\":true,\"valueName\":\"search_term_string\"}}],\"inLanguage\":\"es-MX\"},{\"@type\":\"Organization\",\"@id\":\"https:\\\/\\\/www.salk.edu\\\/#organization\",\"name\":\"Salk Institute for Biological Studies\",\"url\":\"https:\\\/\\\/www.salk.edu\\\/\",\"logo\":{\"@type\":\"ImageObject\",\"inLanguage\":\"es-MX\",\"@id\":\"https:\\\/\\\/www.salk.edu\\\/#\\\/schema\\\/logo\\\/image\\\/\",\"url\":\"http:\\\/\\\/www.salk.edu\\\/wp-content\\\/uploads\\\/2023\\\/03\\\/salk_logo_696.jpg\",\"contentUrl\":\"http:\\\/\\\/www.salk.edu\\\/wp-content\\\/uploads\\\/2023\\\/03\\\/salk_logo_696.jpg\",\"width\":696,\"height\":696,\"caption\":\"Salk Institute for Biological Studies\"},\"image\":{\"@id\":\"https:\\\/\\\/www.salk.edu\\\/#\\\/schema\\\/logo\\\/image\\\/\"}}]}<\/script>\n<!-- \/ Yoast SEO plugin. -->","yoast_head_json":{"title":"Profiles - Courtney Glavis-Bloom - Salk Institute for Biological Studies","robots":{"index":"index","follow":"follow","max-snippet":"max-snippet:-1","max-image-preview":"max-image-preview:large","max-video-preview":"max-video-preview:-1"},"canonical":"https:\/\/www.salk.edu\/es\/engage\/women-science\/profiles-courtney-glavis-bloom\/","og_locale":"es_MX","og_type":"article","og_title":"Profiles - Courtney Glavis-Bloom - Salk Institute for Biological Studies","og_description":"When Courtney Glavis-Bloom was in high school, her maternal grandparents were diagnosed with Alzheimer\u2019s disease. \u201cI flew out to Texas to see my grandparents with my mom, and we found the turkey that we had sent them for Thanksgiving still in the fridge. It was springtime, so we knew something had to be done,\u201d she says.","og_url":"https:\/\/www.salk.edu\/es\/engage\/women-science\/profiles-courtney-glavis-bloom\/","og_site_name":"Salk Institute for Biological Studies","og_image":[{"url":"http:\/\/www.salk.edu\/wp-content\/uploads\/2022\/09\/ws-profile-courtney-glavis-bloom.jpg","type":"","width":"","height":""}],"twitter_card":"summary_large_image","twitter_misc":{"Est. reading time":"4 minutes"},"schema":{"@context":"https:\/\/schema.org","@graph":[{"@type":"WebPage","@id":"https:\/\/www.salk.edu\/engage\/women-science\/profiles-courtney-glavis-bloom\/","url":"https:\/\/www.salk.edu\/engage\/women-science\/profiles-courtney-glavis-bloom\/","name":"Profiles - Courtney Glavis-Bloom - Salk Institute for Biological Studies","isPartOf":{"@id":"https:\/\/www.salk.edu\/#website"},"primaryImageOfPage":{"@id":"https:\/\/www.salk.edu\/engage\/women-science\/profiles-courtney-glavis-bloom\/#primaryimage"},"image":{"@id":"https:\/\/www.salk.edu\/engage\/women-science\/profiles-courtney-glavis-bloom\/#primaryimage"},"thumbnailUrl":"http:\/\/www.salk.edu\/wp-content\/uploads\/2022\/09\/ws-profile-courtney-glavis-bloom.jpg","datePublished":"2022-09-23T17:38:29+00:00","breadcrumb":{"@id":"https:\/\/www.salk.edu\/engage\/women-science\/profiles-courtney-glavis-bloom\/#breadcrumb"},"inLanguage":"es-MX","potentialAction":[{"@type":"ReadAction","target":["https:\/\/www.salk.edu\/engage\/women-science\/profiles-courtney-glavis-bloom\/"]}]},{"@type":"ImageObject","inLanguage":"es-MX","@id":"https:\/\/www.salk.edu\/engage\/women-science\/profiles-courtney-glavis-bloom\/#primaryimage","url":"http:\/\/www.salk.edu\/wp-content\/uploads\/2022\/09\/ws-profile-courtney-glavis-bloom.jpg","contentUrl":"http:\/\/www.salk.edu\/wp-content\/uploads\/2022\/09\/ws-profile-courtney-glavis-bloom.jpg"},{"@type":"BreadcrumbList","@id":"https:\/\/www.salk.edu\/engage\/women-science\/profiles-courtney-glavis-bloom\/#breadcrumb","itemListElement":[{"@type":"ListItem","position":1,"name":"Home","item":"https:\/\/www.salk.edu\/"},{"@type":"ListItem","position":2,"name":"Private: Engage","item":"https:\/\/www.salk.edu\/?page_id=26963"},{"@type":"ListItem","position":3,"name":"Private: Salk Women &#038; Science","item":"https:\/\/www.salk.edu\/?page_id=2906"},{"@type":"ListItem","position":4,"name":"Profiles &#8211; Courtney Glavis-Bloom"}]},{"@type":"WebSite","@id":"https:\/\/www.salk.edu\/#website","url":"https:\/\/www.salk.edu\/","name":"Instituto Salk de Estudios Biol\u00f3gicos","description":"El Poder de la Ciencia","publisher":{"@id":"https:\/\/www.salk.edu\/#organization"},"potentialAction":[{"@type":"SearchAction","target":{"@type":"EntryPoint","urlTemplate":"https:\/\/www.salk.edu\/?s={search_term_string}"},"query-input":{"@type":"PropertyValueSpecification","valueRequired":true,"valueName":"search_term_string"}}],"inLanguage":"es-MX"},{"@type":"Organization","@id":"https:\/\/www.salk.edu\/#organization","name":"Instituto Salk de Estudios Biol\u00f3gicos","url":"https:\/\/www.salk.edu\/","logo":{"@type":"ImageObject","inLanguage":"es-MX","@id":"https:\/\/www.salk.edu\/#\/schema\/logo\/image\/","url":"http:\/\/www.salk.edu\/wp-content\/uploads\/2023\/03\/salk_logo_696.jpg","contentUrl":"http:\/\/www.salk.edu\/wp-content\/uploads\/2023\/03\/salk_logo_696.jpg","width":696,"height":696,"caption":"Salk Institute for Biological Studies"},"image":{"@id":"https:\/\/www.salk.edu\/#\/schema\/logo\/image\/"}}]}},"ACF":{"salk_custom_body_class":"news-release","gallery":false,"secondary_navigation":"<div class=\"menu-women-science-container\"><ul id=\"menu-women-science\" class=\"menu\"><li class=\"menu-item menu-item-type-post_type menu-item-object-page menu-item-5080\"><a href=\"https:\/\/www.salk.edu\/es\/?page_id=2906\">About<\/a><\/li>\n<li class=\"menu-item menu-item-type-post_type menu-item-object-page menu-item-5079\"><a href=\"https:\/\/www.salk.edu\/es\/?page_id=5072\">Events<\/a><\/li>\n<li class=\"menu-item menu-item-type-post_type menu-item-object-page menu-item-9382\"><a href=\"https:\/\/www.salk.edu\/es\/?page_id=9363\">Award Recipients<\/a><\/li>\n<li class=\"menu-item menu-item-type-post_type menu-item-object-page menu-item-28802\"><a href=\"https:\/\/www.salk.edu\/es\/?page_id=28034\">Profiles<\/a><\/li>\n<li class=\"menu-item menu-item-type-post_type menu-item-object-page menu-item-17158\"><a href=\"https:\/\/www.salk.edu\/es\/?page_id=17138\">Photos<\/a><\/li>\n<li class=\"menu-item menu-item-type-post_type menu-item-object-page menu-item-5695\"><a href=\"https:\/\/www.salk.edu\/es\/?page_id=5694\">Advisory Committee<\/a><\/li>\n<\/ul><\/div>"},"_links":{"self":[{"href":"https:\/\/www.salk.edu\/es\/wp-json\/wp\/v2\/pages\/36180","targetHints":{"allow":["GET"]}}],"collection":[{"href":"https:\/\/www.salk.edu\/es\/wp-json\/wp\/v2\/pages"}],"about":[{"href":"https:\/\/www.salk.edu\/es\/wp-json\/wp\/v2\/types\/page"}],"author":[{"embeddable":true,"href":"https:\/\/www.salk.edu\/es\/wp-json\/wp\/v2\/users\/91"}],"replies":[{"embeddable":true,"href":"https:\/\/www.salk.edu\/es\/wp-json\/wp\/v2\/comments?post=36180"}],"version-history":[{"count":2,"href":"https:\/\/www.salk.edu\/es\/wp-json\/wp\/v2\/pages\/36180\/revisions"}],"predecessor-version":[{"id":36184,"href":"https:\/\/www.salk.edu\/es\/wp-json\/wp\/v2\/pages\/36180\/revisions\/36184"}],"up":[{"embeddable":true,"href":"https:\/\/www.salk.edu\/es\/wp-json\/wp\/v2\/pages\/2906"}],"wp:attachment":[{"href":"https:\/\/www.salk.edu\/es\/wp-json\/wp\/v2\/media?parent=36180"}],"wp:term":[{"taxonomy":"folder","embeddable":true,"href":"https:\/\/www.salk.edu\/es\/wp-json\/wp\/v2\/folder?post=36180"}],"curies":[{"name":"la hora de","href":"https:\/\/api.w.org\/{rel}","templated":true}]}}