{"id":351,"date":"2015-09-09T12:03:36","date_gmt":"2015-09-09T19:03:36","guid":{"rendered":"https:\/\/vermont.salk.edu\/?page_id=351"},"modified":"2025-09-23T09:35:46","modified_gmt":"2025-09-23T16:35:46","slug":"plant-biology","status":"publish","type":"page","link":"https:\/\/www.salk.edu\/es\/science\/research\/plant-biology\/","title":{"rendered":"Biolog\u00eda vegetal"},"content":{"rendered":"<p>El Instituto Salk es una de las principales organizaciones de investigaci\u00f3n en biolog\u00eda vegetal del mundo. Nuestros cient\u00edficos estudian las adaptaciones de las plantas a nivel molecular y gen\u00e9tico con el fin de contribuir a mitigar el cambio clim\u00e1tico y adaptar los cultivos agr\u00edcolas a unas condiciones que cambian r\u00e1pidamente.<\/p>","protected":false},"excerpt":{"rendered":"<p>El Instituto Salk es una de las principales organizaciones de investigaci\u00f3n en biolog\u00eda vegetal del mundo. Nuestros cient\u00edficos estudian las adaptaciones de las plantas a nivel molecular y gen\u00e9tico con el fin de contribuir a mitigar el cambio clim\u00e1tico y adaptar los cultivos agr\u00edcolas a unas condiciones que cambian r\u00e1pidamente.<\/p>","protected":false},"author":3,"featured_media":45840,"parent":40,"menu_order":0,"comment_status":"closed","ping_status":"closed","template":"template-research-overview.php","meta":{"_acf_changed":false,"footnotes":""},"folder":[517],"class_list":["post-351","page","type-page","status-publish","has-post-thumbnail","hentry"],"acf":[],"yoast_head":"<!-- This site is optimized with the Yoast SEO plugin v27.3 - https:\/\/yoast.com\/product\/yoast-seo-wordpress\/ -->\n<title>Plant Biology - Salk Institute for Biological Studies<\/title>\n<meta name=\"robots\" content=\"index, follow, max-snippet:-1, max-image-preview:large, max-video-preview:-1\" \/>\n<link rel=\"canonical\" href=\"https:\/\/www.salk.edu\/es\/science\/research\/plant-biology\/\" \/>\n<meta property=\"og:locale\" content=\"es_MX\" \/>\n<meta property=\"og:type\" content=\"article\" \/>\n<meta property=\"og:title\" content=\"Plant Biology - Salk Institute for Biological Studies\" \/>\n<meta property=\"og:description\" content=\"Salk is one of the top research organizations for plant biology in the world. Our scientists are studying plant adaptations at the molecular and genetic level to help mitigate climate change and adapt agricultural crops to rapidly changing conditions.\" \/>\n<meta property=\"og:url\" content=\"https:\/\/www.salk.edu\/es\/science\/research\/plant-biology\/\" \/>\n<meta property=\"og:site_name\" content=\"Salk Institute for Biological Studies\" \/>\n<meta property=\"article:modified_time\" content=\"2025-09-23T16:35:46+00:00\" \/>\n<meta property=\"og:image\" content=\"https:\/\/www.salk.edu\/wp-content\/uploads\/2024\/01\/Plant-Biology-Mobile-767x767-1.jpg\" \/>\n\t<meta property=\"og:image:width\" content=\"767\" \/>\n\t<meta property=\"og:image:height\" content=\"767\" \/>\n\t<meta property=\"og:image:type\" content=\"image\/jpeg\" \/>\n<meta name=\"twitter:card\" content=\"summary_large_image\" \/>\n<meta name=\"twitter:label1\" content=\"Est. reading time\" \/>\n\t<meta name=\"twitter:data1\" content=\"1 minute\" \/>\n<script type=\"application\/ld+json\" class=\"yoast-schema-graph\">{\"@context\":\"https:\\\/\\\/schema.org\",\"@graph\":[{\"@type\":\"WebPage\",\"@id\":\"https:\\\/\\\/www.salk.edu\\\/science\\\/research\\\/plant-biology\\\/\",\"url\":\"https:\\\/\\\/www.salk.edu\\\/science\\\/research\\\/plant-biology\\\/\",\"name\":\"Plant Biology - Salk Institute for Biological Studies\",\"isPartOf\":{\"@id\":\"https:\\\/\\\/www.salk.edu\\\/#website\"},\"primaryImageOfPage\":{\"@id\":\"https:\\\/\\\/www.salk.edu\\\/science\\\/research\\\/plant-biology\\\/#primaryimage\"},\"image\":{\"@id\":\"https:\\\/\\\/www.salk.edu\\\/science\\\/research\\\/plant-biology\\\/#primaryimage\"},\"thumbnailUrl\":\"https:\\\/\\\/www.salk.edu\\\/wp-content\\\/uploads\\\/2024\\\/01\\\/Plant-Biology-Mobile-767x767-1.jpg\",\"datePublished\":\"2015-09-09T19:03:36+00:00\",\"dateModified\":\"2025-09-23T16:35:46+00:00\",\"breadcrumb\":{\"@id\":\"https:\\\/\\\/www.salk.edu\\\/science\\\/research\\\/plant-biology\\\/#breadcrumb\"},\"inLanguage\":\"es-MX\",\"potentialAction\":[{\"@type\":\"ReadAction\",\"target\":[\"https:\\\/\\\/www.salk.edu\\\/science\\\/research\\\/plant-biology\\\/\"]}]},{\"@type\":\"ImageObject\",\"inLanguage\":\"es-MX\",\"@id\":\"https:\\\/\\\/www.salk.edu\\\/science\\\/research\\\/plant-biology\\\/#primaryimage\",\"url\":\"https:\\\/\\\/www.salk.edu\\\/wp-content\\\/uploads\\\/2024\\\/01\\\/Plant-Biology-Mobile-767x767-1.jpg\",\"contentUrl\":\"https:\\\/\\\/www.salk.edu\\\/wp-content\\\/uploads\\\/2024\\\/01\\\/Plant-Biology-Mobile-767x767-1.jpg\",\"width\":767,\"height\":767,\"caption\":\"Plant Biology\"},{\"@type\":\"BreadcrumbList\",\"@id\":\"https:\\\/\\\/www.salk.edu\\\/science\\\/research\\\/plant-biology\\\/#breadcrumb\",\"itemListElement\":[{\"@type\":\"ListItem\",\"position\":1,\"name\":\"Home\",\"item\":\"https:\\\/\\\/www.salk.edu\\\/\"},{\"@type\":\"ListItem\",\"position\":2,\"name\":\"Science\",\"item\":\"https:\\\/\\\/www.salk.edu\\\/science\\\/\"},{\"@type\":\"ListItem\",\"position\":3,\"name\":\"Research\",\"item\":\"https:\\\/\\\/www.salk.edu\\\/science\\\/research\\\/\"},{\"@type\":\"ListItem\",\"position\":4,\"name\":\"Plant Biology\"}]},{\"@type\":\"WebSite\",\"@id\":\"https:\\\/\\\/www.salk.edu\\\/#website\",\"url\":\"https:\\\/\\\/www.salk.edu\\\/\",\"name\":\"Salk Institute for Biological Studies\",\"description\":\"The Power of Science\",\"publisher\":{\"@id\":\"https:\\\/\\\/www.salk.edu\\\/#organization\"},\"potentialAction\":[{\"@type\":\"SearchAction\",\"target\":{\"@type\":\"EntryPoint\",\"urlTemplate\":\"https:\\\/\\\/www.salk.edu\\\/?s={search_term_string}\"},\"query-input\":{\"@type\":\"PropertyValueSpecification\",\"valueRequired\":true,\"valueName\":\"search_term_string\"}}],\"inLanguage\":\"es-MX\"},{\"@type\":\"Organization\",\"@id\":\"https:\\\/\\\/www.salk.edu\\\/#organization\",\"name\":\"Salk Institute for Biological Studies\",\"url\":\"https:\\\/\\\/www.salk.edu\\\/\",\"logo\":{\"@type\":\"ImageObject\",\"inLanguage\":\"es-MX\",\"@id\":\"https:\\\/\\\/www.salk.edu\\\/#\\\/schema\\\/logo\\\/image\\\/\",\"url\":\"http:\\\/\\\/www.salk.edu\\\/wp-content\\\/uploads\\\/2023\\\/03\\\/salk_logo_696.jpg\",\"contentUrl\":\"http:\\\/\\\/www.salk.edu\\\/wp-content\\\/uploads\\\/2023\\\/03\\\/salk_logo_696.jpg\",\"width\":696,\"height\":696,\"caption\":\"Salk Institute for Biological Studies\"},\"image\":{\"@id\":\"https:\\\/\\\/www.salk.edu\\\/#\\\/schema\\\/logo\\\/image\\\/\"}}]}<\/script>\n<!-- \/ Yoast SEO plugin. -->","yoast_head_json":{"title":"Plant Biology - Salk Institute for Biological Studies","robots":{"index":"index","follow":"follow","max-snippet":"max-snippet:-1","max-image-preview":"max-image-preview:large","max-video-preview":"max-video-preview:-1"},"canonical":"https:\/\/www.salk.edu\/es\/science\/research\/plant-biology\/","og_locale":"es_MX","og_type":"article","og_title":"Plant Biology - Salk Institute for Biological Studies","og_description":"Salk is one of the top research organizations for plant biology in the world. Our scientists are studying plant adaptations at the molecular and genetic level to help mitigate climate change and adapt agricultural crops to rapidly changing conditions.","og_url":"https:\/\/www.salk.edu\/es\/science\/research\/plant-biology\/","og_site_name":"Salk Institute for Biological Studies","article_modified_time":"2025-09-23T16:35:46+00:00","og_image":[{"width":767,"height":767,"url":"https:\/\/www.salk.edu\/wp-content\/uploads\/2024\/01\/Plant-Biology-Mobile-767x767-1.jpg","type":"image\/jpeg"}],"twitter_card":"summary_large_image","twitter_misc":{"Est. reading time":"1 minute"},"schema":{"@context":"https:\/\/schema.org","@graph":[{"@type":"WebPage","@id":"https:\/\/www.salk.edu\/science\/research\/plant-biology\/","url":"https:\/\/www.salk.edu\/science\/research\/plant-biology\/","name":"Plant Biology - Salk Institute for Biological Studies","isPartOf":{"@id":"https:\/\/www.salk.edu\/#website"},"primaryImageOfPage":{"@id":"https:\/\/www.salk.edu\/science\/research\/plant-biology\/#primaryimage"},"image":{"@id":"https:\/\/www.salk.edu\/science\/research\/plant-biology\/#primaryimage"},"thumbnailUrl":"https:\/\/www.salk.edu\/wp-content\/uploads\/2024\/01\/Plant-Biology-Mobile-767x767-1.jpg","datePublished":"2015-09-09T19:03:36+00:00","dateModified":"2025-09-23T16:35:46+00:00","breadcrumb":{"@id":"https:\/\/www.salk.edu\/science\/research\/plant-biology\/#breadcrumb"},"inLanguage":"es-MX","potentialAction":[{"@type":"ReadAction","target":["https:\/\/www.salk.edu\/science\/research\/plant-biology\/"]}]},{"@type":"ImageObject","inLanguage":"es-MX","@id":"https:\/\/www.salk.edu\/science\/research\/plant-biology\/#primaryimage","url":"https:\/\/www.salk.edu\/wp-content\/uploads\/2024\/01\/Plant-Biology-Mobile-767x767-1.jpg","contentUrl":"https:\/\/www.salk.edu\/wp-content\/uploads\/2024\/01\/Plant-Biology-Mobile-767x767-1.jpg","width":767,"height":767,"caption":"Plant Biology"},{"@type":"BreadcrumbList","@id":"https:\/\/www.salk.edu\/science\/research\/plant-biology\/#breadcrumb","itemListElement":[{"@type":"ListItem","position":1,"name":"Home","item":"https:\/\/www.salk.edu\/"},{"@type":"ListItem","position":2,"name":"Science","item":"https:\/\/www.salk.edu\/science\/"},{"@type":"ListItem","position":3,"name":"Research","item":"https:\/\/www.salk.edu\/science\/research\/"},{"@type":"ListItem","position":4,"name":"Plant Biology"}]},{"@type":"WebSite","@id":"https:\/\/www.salk.edu\/#website","url":"https:\/\/www.salk.edu\/","name":"Instituto Salk de Estudios Biol\u00f3gicos","description":"El Poder de la Ciencia","publisher":{"@id":"https:\/\/www.salk.edu\/#organization"},"potentialAction":[{"@type":"SearchAction","target":{"@type":"EntryPoint","urlTemplate":"https:\/\/www.salk.edu\/?s={search_term_string}"},"query-input":{"@type":"PropertyValueSpecification","valueRequired":true,"valueName":"search_term_string"}}],"inLanguage":"es-MX"},{"@type":"Organization","@id":"https:\/\/www.salk.edu\/#organization","name":"Instituto Salk de Estudios Biol\u00f3gicos","url":"https:\/\/www.salk.edu\/","logo":{"@type":"ImageObject","inLanguage":"es-MX","@id":"https:\/\/www.salk.edu\/#\/schema\/logo\/image\/","url":"http:\/\/www.salk.edu\/wp-content\/uploads\/2023\/03\/salk_logo_696.jpg","contentUrl":"http:\/\/www.salk.edu\/wp-content\/uploads\/2023\/03\/salk_logo_696.jpg","width":696,"height":696,"caption":"Salk Institute for Biological Studies"},"image":{"@id":"https:\/\/www.salk.edu\/#\/schema\/logo\/image\/"}}]}},"ACF":{"hero":"https:\/\/www.salk.edu\/wp-content\/uploads\/2024\/01\/Plant-Biology-Header-1920x550-1.jpg","research":[{"title":"Resiliencia de cultivos","content":"<p>Las plantas son los primeros \u00abfiltros de carbono\u00bb: eliminan el CO\u2082 de la atm\u00f3sfera y lo almacenan en su biomasa. Los cient\u00edficos del Instituto Salk est\u00e1n utilizando t\u00e9cnicas avanzadas de aprendizaje autom\u00e1tico, imagenolog\u00eda y epigen\u00e9tica para desarrollar una nueva generaci\u00f3n de cultivos y plantas de humedales capaces de retener m\u00e1s carbono en el suelo al almacenarlo en sus ra\u00edces. Estos cultivos est\u00e1n optimizados para resistir mejor la sequ\u00eda y enriquecer los suelos.<\/p>","image":{"ID":44357,"id":44357,"title":"hpi-767","filename":"hpi-767-2.jpg","filesize":104994,"url":"https:\/\/www.salk.edu\/wp-content\/uploads\/2023\/12\/hpi-767-2.jpg","link":"https:\/\/www.salk.edu\/es\/science\/research\/plant-biology\/hpi-767-4\/","alt":"","author":"3","description":"","caption":"","name":"hpi-767-4","status":"inherit","uploaded_to":351,"date":"2023-12-07 01:40:21","modified":"2023-12-07 01:40:21","menu_order":0,"mime_type":"image\/jpeg","type":"image","subtype":"jpeg","icon":"https:\/\/www.salk.edu\/wp-includes\/images\/media\/default.png","width":767,"height":767,"sizes":{"thumbnail":"https:\/\/www.salk.edu\/wp-content\/uploads\/2023\/12\/hpi-767-2-150x150.jpg","thumbnail-width":150,"thumbnail-height":150,"medium":"https:\/\/www.salk.edu\/wp-content\/uploads\/2023\/12\/hpi-767-2-300x300.jpg","medium-width":300,"medium-height":300,"medium_large":"https:\/\/www.salk.edu\/wp-content\/uploads\/2023\/12\/hpi-767-2.jpg","medium_large-width":767,"medium_large-height":767,"large":"https:\/\/www.salk.edu\/wp-content\/uploads\/2023\/12\/hpi-767-2.jpg","large-width":767,"large-height":767,"1536x1536":"https:\/\/www.salk.edu\/wp-content\/uploads\/2023\/12\/hpi-767-2.jpg","1536x1536-width":767,"1536x1536-height":767,"2048x2048":"https:\/\/www.salk.edu\/wp-content\/uploads\/2023\/12\/hpi-767-2.jpg","2048x2048-width":767,"2048x2048-height":767,"trp-custom-language-flag":"https:\/\/www.salk.edu\/wp-content\/uploads\/2023\/12\/hpi-767-2.jpg","trp-custom-language-flag-width":12,"trp-custom-language-flag-height":12,"hero":"https:\/\/www.salk.edu\/wp-content\/uploads\/2023\/12\/hpi-767-2-767x550.jpg","hero-width":767,"hero-height":550,"square":"https:\/\/www.salk.edu\/wp-content\/uploads\/2023\/12\/hpi-767-2.jpg","square-width":767,"square-height":767,"cision-147":"https:\/\/www.salk.edu\/wp-content\/uploads\/2023\/12\/hpi-767-2-147x147.jpg","cision-147-width":147,"cision-147-height":147,"pr-300":"https:\/\/www.salk.edu\/wp-content\/uploads\/2023\/12\/hpi-767-2-300x300.jpg","pr-300-width":300,"pr-300-height":300,"col-md-5":"https:\/\/www.salk.edu\/wp-content\/uploads\/2023\/12\/hpi-767-2-458x458.jpg","col-md-5-width":458,"col-md-5-height":458,"col-md-6":"https:\/\/www.salk.edu\/wp-content\/uploads\/2023\/12\/hpi-767-2-585x585.jpg","col-md-6-width":585,"col-md-6-height":585,"col-md-7":"https:\/\/www.salk.edu\/wp-content\/uploads\/2023\/12\/hpi-767-2-553x553.jpg","col-md-7-width":553,"col-md-7-height":553,"col-md-8":"https:\/\/www.salk.edu\/wp-content\/uploads\/2023\/12\/hpi-767-2-750x750.jpg","col-md-8-width":750,"col-md-8-height":750,"grid-767":"https:\/\/www.salk.edu\/wp-content\/uploads\/2023\/12\/hpi-767-2.jpg","grid-767-width":767,"grid-767-height":767,"col-md-10":"https:\/\/www.salk.edu\/wp-content\/uploads\/2023\/12\/hpi-767-2.jpg","col-md-10-width":767,"col-md-10-height":767,"gform-image-choice-sm":"https:\/\/www.salk.edu\/wp-content\/uploads\/2023\/12\/hpi-767-2.jpg","gform-image-choice-sm-width":300,"gform-image-choice-sm-height":300,"gform-image-choice-md":"https:\/\/www.salk.edu\/wp-content\/uploads\/2023\/12\/hpi-767-2.jpg","gform-image-choice-md-width":400,"gform-image-choice-md-height":400,"gform-image-choice-lg":"https:\/\/www.salk.edu\/wp-content\/uploads\/2023\/12\/hpi-767-2.jpg","gform-image-choice-lg-width":600,"gform-image-choice-lg-height":600}},"faculty":[11798,815,2692,26171,42529,2620]},{"title":"Gen\u00f3mica vegetal","content":"<p>El mundo biol\u00f3gico que se esconde en el interior de una planta puede ser tan fascinante como la flor que se ve en el exterior. Cada planta se puede dividir en tejidos y c\u00e9lulas, que a su vez contienen org\u00e1nulos (estructuras funcionales), prote\u00ednas y genes. Los genes de las plantas act\u00faan como un manual de instrucciones para su funcionamiento, controlando todo, desde la reproducci\u00f3n hasta el crecimiento y el metabolismo. En el Instituto Salk, los investigadores catalogan esas instrucciones gen\u00e9ticas para comprender mejor el funcionamiento y las disfunciones de las plantas, as\u00ed como la forma en que esas instrucciones podr\u00edan modificarse para crear plantas m\u00e1s resistentes en el futuro. <\/p>","image":{"ID":44366,"id":44366,"title":"cellular-ultrastructure","filename":"cellular-ultrastructure.png","filesize":501687,"url":"https:\/\/www.salk.edu\/wp-content\/uploads\/2023\/12\/cellular-ultrastructure.png","link":"https:\/\/www.salk.edu\/es\/science\/research\/plant-biology\/cellular-ultrastructure\/","alt":"","author":"3","description":"","caption":"","name":"cellular-ultrastructure","status":"inherit","uploaded_to":351,"date":"2023-12-07 06:55:44","modified":"2023-12-07 06:55:44","menu_order":0,"mime_type":"image\/png","type":"image","subtype":"png","icon":"https:\/\/www.salk.edu\/wp-includes\/images\/media\/default.png","width":656,"height":658,"sizes":{"thumbnail":"https:\/\/www.salk.edu\/wp-content\/uploads\/2023\/12\/cellular-ultrastructure-150x150.png","thumbnail-width":150,"thumbnail-height":150,"medium":"https:\/\/www.salk.edu\/wp-content\/uploads\/2023\/12\/cellular-ultrastructure-300x300.png","medium-width":300,"medium-height":300,"medium_large":"https:\/\/www.salk.edu\/wp-content\/uploads\/2023\/12\/cellular-ultrastructure.png","medium_large-width":656,"medium_large-height":658,"large":"https:\/\/www.salk.edu\/wp-content\/uploads\/2023\/12\/cellular-ultrastructure.png","large-width":656,"large-height":658,"1536x1536":"https:\/\/www.salk.edu\/wp-content\/uploads\/2023\/12\/cellular-ultrastructure.png","1536x1536-width":656,"1536x1536-height":658,"2048x2048":"https:\/\/www.salk.edu\/wp-content\/uploads\/2023\/12\/cellular-ultrastructure.png","2048x2048-width":656,"2048x2048-height":658,"trp-custom-language-flag":"https:\/\/www.salk.edu\/wp-content\/uploads\/2023\/12\/cellular-ultrastructure.png","trp-custom-language-flag-width":12,"trp-custom-language-flag-height":12,"hero":"https:\/\/www.salk.edu\/wp-content\/uploads\/2023\/12\/cellular-ultrastructure-656x550.png","hero-width":656,"hero-height":550,"square":"https:\/\/www.salk.edu\/wp-content\/uploads\/2023\/12\/cellular-ultrastructure.png","square-width":656,"square-height":658,"cision-147":"https:\/\/www.salk.edu\/wp-content\/uploads\/2023\/12\/cellular-ultrastructure-147x147.png","cision-147-width":147,"cision-147-height":147,"pr-300":"https:\/\/www.salk.edu\/wp-content\/uploads\/2023\/12\/cellular-ultrastructure-300x301.png","pr-300-width":300,"pr-300-height":301,"col-md-5":"https:\/\/www.salk.edu\/wp-content\/uploads\/2023\/12\/cellular-ultrastructure-458x459.png","col-md-5-width":458,"col-md-5-height":459,"col-md-6":"https:\/\/www.salk.edu\/wp-content\/uploads\/2023\/12\/cellular-ultrastructure-585x587.png","col-md-6-width":585,"col-md-6-height":587,"col-md-7":"https:\/\/www.salk.edu\/wp-content\/uploads\/2023\/12\/cellular-ultrastructure-553x555.png","col-md-7-width":553,"col-md-7-height":555,"col-md-8":"https:\/\/www.salk.edu\/wp-content\/uploads\/2023\/12\/cellular-ultrastructure.png","col-md-8-width":656,"col-md-8-height":658,"grid-767":"https:\/\/www.salk.edu\/wp-content\/uploads\/2023\/12\/cellular-ultrastructure.png","grid-767-width":656,"grid-767-height":658,"col-md-10":"https:\/\/www.salk.edu\/wp-content\/uploads\/2023\/12\/cellular-ultrastructure.png","col-md-10-width":656,"col-md-10-height":658,"gform-image-choice-sm":"https:\/\/www.salk.edu\/wp-content\/uploads\/2023\/12\/cellular-ultrastructure.png","gform-image-choice-sm-width":300,"gform-image-choice-sm-height":300,"gform-image-choice-md":"https:\/\/www.salk.edu\/wp-content\/uploads\/2023\/12\/cellular-ultrastructure.png","gform-image-choice-md-width":400,"gform-image-choice-md-height":400,"gform-image-choice-lg":"https:\/\/www.salk.edu\/wp-content\/uploads\/2023\/12\/cellular-ultrastructure.png","gform-image-choice-lg-width":598,"gform-image-choice-lg-height":600}},"faculty":[11798,815,2692,26171,42529,2620]},{"title":"Fisiolog\u00eda vegetal","content":"<p>Hay mundos din\u00e1micos dentro y fuera de cada planta: c\u00e9lulas, tejidos, suelo, aire y m\u00e1s, todos contribuyen a la salud de la planta. Las prote\u00ednas, hormonas y mol\u00e9culas que facilitan la comunicaci\u00f3n dentro de la planta dependen del aporte externo de nutrientes y ox\u00edgeno. Cuando la comunicaci\u00f3n falla o el entorno externo cambia demasiado r\u00e1pido, las plantas pueden caer en disfunci\u00f3n. Los cient\u00edficos de Salk investigan estos complejos mundos internos y externos y c\u00f3mo se cruzan utilizando t\u00e9cnicas y herramientas avanzadas de imagen y perfilado.<\/p>","image":{"ID":44360,"id":44360,"title":"3A2A0069-1000x667-fb5492cf-dc3d-4a0a-badc-52a173ed31ec","filename":"3A2A0069-1000x667-fb5492cf-dc3d-4a0a-badc-52a173ed31ec.jpg","filesize":788850,"url":"https:\/\/www.salk.edu\/wp-content\/uploads\/2023\/12\/3A2A0069-1000x667-fb5492cf-dc3d-4a0a-badc-52a173ed31ec.jpg","link":"https:\/\/www.salk.edu\/es\/science\/research\/plant-biology\/3a2a0069-1000x667-fb5492cf-dc3d-4a0a-badc-52a173ed31ec\/","alt":"hand holding a petri dish with plants","author":"3","description":"","caption":"","name":"3a2a0069-1000x667-fb5492cf-dc3d-4a0a-badc-52a173ed31ec","status":"inherit","uploaded_to":351,"date":"2023-12-07 01:44:44","modified":"2023-12-07 01:45:11","menu_order":0,"mime_type":"image\/jpeg","type":"image","subtype":"jpeg","icon":"https:\/\/www.salk.edu\/wp-includes\/images\/media\/default.png","width":1000,"height":667,"sizes":{"thumbnail":"https:\/\/www.salk.edu\/wp-content\/uploads\/2023\/12\/3A2A0069-1000x667-fb5492cf-dc3d-4a0a-badc-52a173ed31ec-150x150.jpg","thumbnail-width":150,"thumbnail-height":150,"medium":"https:\/\/www.salk.edu\/wp-content\/uploads\/2023\/12\/3A2A0069-1000x667-fb5492cf-dc3d-4a0a-badc-52a173ed31ec-300x200.jpg","medium-width":300,"medium-height":200,"medium_large":"https:\/\/www.salk.edu\/wp-content\/uploads\/2023\/12\/3A2A0069-1000x667-fb5492cf-dc3d-4a0a-badc-52a173ed31ec-768x512.jpg","medium_large-width":768,"medium_large-height":512,"large":"https:\/\/www.salk.edu\/wp-content\/uploads\/2023\/12\/3A2A0069-1000x667-fb5492cf-dc3d-4a0a-badc-52a173ed31ec.jpg","large-width":1000,"large-height":667,"1536x1536":"https:\/\/www.salk.edu\/wp-content\/uploads\/2023\/12\/3A2A0069-1000x667-fb5492cf-dc3d-4a0a-badc-52a173ed31ec.jpg","1536x1536-width":1000,"1536x1536-height":667,"2048x2048":"https:\/\/www.salk.edu\/wp-content\/uploads\/2023\/12\/3A2A0069-1000x667-fb5492cf-dc3d-4a0a-badc-52a173ed31ec.jpg","2048x2048-width":1000,"2048x2048-height":667,"trp-custom-language-flag":"https:\/\/www.salk.edu\/wp-content\/uploads\/2023\/12\/3A2A0069-1000x667-fb5492cf-dc3d-4a0a-badc-52a173ed31ec.jpg","trp-custom-language-flag-width":18,"trp-custom-language-flag-height":12,"hero":"https:\/\/www.salk.edu\/wp-content\/uploads\/2023\/12\/3A2A0069-1000x667-fb5492cf-dc3d-4a0a-badc-52a173ed31ec-1000x550.jpg","hero-width":1000,"hero-height":550,"square":"https:\/\/www.salk.edu\/wp-content\/uploads\/2023\/12\/3A2A0069-1000x667-fb5492cf-dc3d-4a0a-badc-52a173ed31ec-767x667.jpg","square-width":767,"square-height":667,"cision-147":"https:\/\/www.salk.edu\/wp-content\/uploads\/2023\/12\/3A2A0069-1000x667-fb5492cf-dc3d-4a0a-badc-52a173ed31ec-147x98.jpg","cision-147-width":147,"cision-147-height":98,"pr-300":"https:\/\/www.salk.edu\/wp-content\/uploads\/2023\/12\/3A2A0069-1000x667-fb5492cf-dc3d-4a0a-badc-52a173ed31ec-300x200.jpg","pr-300-width":300,"pr-300-height":200,"col-md-5":"https:\/\/www.salk.edu\/wp-content\/uploads\/2023\/12\/3A2A0069-1000x667-fb5492cf-dc3d-4a0a-badc-52a173ed31ec-458x305.jpg","col-md-5-width":458,"col-md-5-height":305,"col-md-6":"https:\/\/www.salk.edu\/wp-content\/uploads\/2023\/12\/3A2A0069-1000x667-fb5492cf-dc3d-4a0a-badc-52a173ed31ec-585x390.jpg","col-md-6-width":585,"col-md-6-height":390,"col-md-7":"https:\/\/www.salk.edu\/wp-content\/uploads\/2023\/12\/3A2A0069-1000x667-fb5492cf-dc3d-4a0a-badc-52a173ed31ec-553x369.jpg","col-md-7-width":553,"col-md-7-height":369,"col-md-8":"https:\/\/www.salk.edu\/wp-content\/uploads\/2023\/12\/3A2A0069-1000x667-fb5492cf-dc3d-4a0a-badc-52a173ed31ec-750x500.jpg","col-md-8-width":750,"col-md-8-height":500,"grid-767":"https:\/\/www.salk.edu\/wp-content\/uploads\/2023\/12\/3A2A0069-1000x667-fb5492cf-dc3d-4a0a-badc-52a173ed31ec-767x512.jpg","grid-767-width":767,"grid-767-height":512,"col-md-10":"https:\/\/www.salk.edu\/wp-content\/uploads\/2023\/12\/3A2A0069-1000x667-fb5492cf-dc3d-4a0a-badc-52a173ed31ec-945x630.jpg","col-md-10-width":945,"col-md-10-height":630,"gform-image-choice-sm":"https:\/\/www.salk.edu\/wp-content\/uploads\/2023\/12\/3A2A0069-1000x667-fb5492cf-dc3d-4a0a-badc-52a173ed31ec.jpg","gform-image-choice-sm-width":300,"gform-image-choice-sm-height":200,"gform-image-choice-md":"https:\/\/www.salk.edu\/wp-content\/uploads\/2023\/12\/3A2A0069-1000x667-fb5492cf-dc3d-4a0a-badc-52a173ed31ec.jpg","gform-image-choice-md-width":400,"gform-image-choice-md-height":267,"gform-image-choice-lg":"https:\/\/www.salk.edu\/wp-content\/uploads\/2023\/12\/3A2A0069-1000x667-fb5492cf-dc3d-4a0a-badc-52a173ed31ec.jpg","gform-image-choice-lg-width":600,"gform-image-choice-lg-height":400}},"faculty":[11798,815,2692,26171,42529,2620]}],"secondary_navigation":"<div class=\"menu-plant-biology-container\"><ul id=\"menu-plant-biology\" class=\"menu\"><li class=\"menu-item menu-item-type-post_type menu-item-object-page menu-item-419\"><a href=\"https:\/\/www.salk.edu\/es\/science\/research\/plant-biology\/\">Overview<\/a><\/li>\n<li class=\"menu-item menu-item-type-post_type menu-item-object-page menu-item-418\"><a href=\"https:\/\/www.salk.edu\/es\/science\/research\/plant-biology\/faculty\/\">Faculty<\/a><\/li>\n<li class=\"menu-item menu-item-type-post_type menu-item-object-page menu-item-416\"><a href=\"https:\/\/www.salk.edu\/es\/science\/research\/plant-biology\/news\/\">News<\/a><\/li>\n<li class=\"menu-item menu-item-type-post_type menu-item-object-page menu-item-415\"><a href=\"https:\/\/www.salk.edu\/es\/science\/research\/plant-biology\/videos\/\">Videos<\/a><\/li>\n<li class=\"menu-item menu-item-type-post_type menu-item-object-page menu-item-22553\"><a href=\"https:\/\/www.salk.edu\/es\/harnessing-plants-initiative\/\">Harnessing Plants Initiative<\/a><\/li>\n<\/ul><\/div>","line_1":"Plant Biology","line_2":"Overview","gallery":false,"salk_custom_body_class":"","poster_quote":""},"_links":{"self":[{"href":"https:\/\/www.salk.edu\/es\/wp-json\/wp\/v2\/pages\/351","targetHints":{"allow":["GET"]}}],"collection":[{"href":"https:\/\/www.salk.edu\/es\/wp-json\/wp\/v2\/pages"}],"about":[{"href":"https:\/\/www.salk.edu\/es\/wp-json\/wp\/v2\/types\/page"}],"author":[{"embeddable":true,"href":"https:\/\/www.salk.edu\/es\/wp-json\/wp\/v2\/users\/3"}],"replies":[{"embeddable":true,"href":"https:\/\/www.salk.edu\/es\/wp-json\/wp\/v2\/comments?post=351"}],"version-history":[{"count":15,"href":"https:\/\/www.salk.edu\/es\/wp-json\/wp\/v2\/pages\/351\/revisions"}],"predecessor-version":[{"id":54684,"href":"https:\/\/www.salk.edu\/es\/wp-json\/wp\/v2\/pages\/351\/revisions\/54684"}],"up":[{"embeddable":true,"href":"https:\/\/www.salk.edu\/es\/wp-json\/wp\/v2\/pages\/40"}],"wp:featuredmedia":[{"embeddable":true,"href":"https:\/\/www.salk.edu\/es\/wp-json\/wp\/v2\/media\/45840"}],"wp:attachment":[{"href":"https:\/\/www.salk.edu\/es\/wp-json\/wp\/v2\/media?parent=351"}],"wp:term":[{"taxonomy":"folder","embeddable":true,"href":"https:\/\/www.salk.edu\/es\/wp-json\/wp\/v2\/folder?post=351"}],"curies":[{"name":"la hora de","href":"https:\/\/api.w.org\/{rel}","templated":true}]}}