{"id":3460,"date":"2015-10-13T09:21:11","date_gmt":"2015-10-13T16:21:11","guid":{"rendered":"https:\/\/vermont.salk.edu\/?page_id=3460"},"modified":"2026-02-25T09:28:25","modified_gmt":"2026-02-25T17:28:25","slug":"visiting-salk","status":"publish","type":"page","link":"https:\/\/www.salk.edu\/es\/about\/visiting-salk\/","title":{"rendered":"Visitas guiadas de arquitectura a cargo de los docentes del Salk"},"content":{"rendered":"<p><!--\n\n\n<h2 style=\"color: #990000; align: center;\">Please Note:<\/h2>\n\n\n\n\n<h2><a href=\"https:\/\/www.farmersinsuranceopen.com\/\" target=\"_blank\" rel=\"noopener\"><span style=\"text-decoration: underline;\">The Farmers Insurance Open Golf Tournament<\/span><\/a> will be held at the Torrey Pines Golf Course Wednesday, January 25 through Saturday, January 28.<\/h2>\n\n\n\n\n<h2>Please be aware that traffic will be heavily impacted on all tournament days. Visitors are not permitted to park on Salk property, and public parking will be severely limited around the Salk Institute. We strongly advise public transportation or ride-share as an option. Please ensure that you allow for extra travel time. Due to capacity, there may be limits on the number of visitors allowed on campus. To ensure your spot is confirmed, please register for a self-guided or docent-led tour in advance.<\/h2>\n\n\n\n\n\n<hr \/>\n\n\n\n--><\/p>\n<h2>Visita a Salk<\/h2>\n<p>&nbsp;<\/p>\n<p>El Instituto Salk ha sido descrito como uno de los sitios arquitect\u00f3nicos m\u00e1s importantes de los Estados Unidos y ha recibido elogios por su dise\u00f1o y preservaci\u00f3n. Los edificios originales de Salk, dise\u00f1ados por el eminente arquitecto estadounidense Louis Kahn en colaboraci\u00f3n con el fundador Jonas Salk a principios de la d\u00e9cada de 1960, fueron declarados monumento hist\u00f3rico en 1991.<\/p>\n<p><!-- For the safety of our guests and employees and to help preserve the integrity and dignity of Salk\u2019s historic architecture, self-guided tours will no longer be available to the public as of January 1, 2024. Visitors are welcome to visit our campus by pre-registering for docent-led architecture tours (details below). --> El instituto permanece cerrado al p\u00fablico los fines de semana, los d\u00edas festivos y cuando se celebran eventos privados.<\/p>\n<p><strong>Todos los visitantes deben inscribirse previamente. Los grupos de 8 o m\u00e1s personas deben reservar una visita guiada privada con un gu\u00eda al menos con 10 d\u00edas h\u00e1biles de antelaci\u00f3n. <\/strong><\/p>\n<p>Para m\u00e1s informaci\u00f3n, consulta nuestro <a href=\"https:\/\/www.salk.edu\/es\/events\/tour-information\/frequently-asked-questions\/\">Preguntas frecuentes<\/a>.<\/p>\n<p><!-- \n\n\n<h5><span style=\"color: #990000;\">2025 Tour Closure Dates<\/span><\/h5>\n\n\n\n\n<p style=\"margin-bottom: 5px;\"><strong>Please note that Salk Institute will be closed to all visitors on the following dates.<\/strong><\/p>\n\n\n\n\n\n<ul style=\"margin-top: 0;\">\n\n\n<li>December 22, 2025 - January 6, 2026<\/li>\n\n\n\n\n<li>January 28 - 30, 2026<\/li>\n\n\n<\/ul>\n\n\n--><br \/>\n<!--\n\n\n\n<hr \/>\n\n\n\n\n\n<h5>Self-Guided Campus Tours<\/h5>\n\n\nGroups of one to seven visitors may register to visit the campus during business hours of 9:00 a.m. to 4:00 p.m., Monday through Friday. Self-guided tour visitors are required to pay a conservation fee of $10 (discounts available for students, military, and seniors), which goes to the ongoing maintenance and repair of the buildings. If you prefer a docent-led tour, please see the options below.\n<a class=\"btn - expand\" href=\"https:\/\/salkinstitute.ticketspice.com\/salk-institute-self-guided-tour\" target=\"_blank\" rel=\"noopener\">CLICK HERE TO REGISTER<\/a>--><br \/>\n<!-- <a class=\"btn - expand\" href=\"https:\/\/salkinstitute.ticketspice.com\/salk-institute-architecture-tours-2024\" target=\"_blank\" rel=\"noopener\">CLICK HERE TO REGISTER<\/a> --><\/p>\n<hr \/>\n<p><span style=\"display: inline-block; background-color: #ff6347; color: white; font-weight: bold; padding: 2px 8px; border-radius: 12px; font-size: 14px; text-transform: uppercase; margin-left: 5px;\">Nuevo<\/span> Explora el <strong>Tienda Salk<\/strong> en <a href=\"https:\/\/salk-institute.axomo.com\/\" rel=\"noopener\" target=\"_blank\">https:\/\/salk-institute.axomo.com\/<\/a> para encontrar una amplia variedad de productos de marca, como ropa, accesorios y regalos, perfectos para mostrar tu apoyo y tu v\u00ednculo con el Instituto Salk.<\/p>\n<hr \/>\n<h5>Visitas guiadas al campus<\/h5>\n<p>Los grupos de entre uno y siete visitantes pueden inscribirse en una visita guiada por el campus, que se realiza todos los mi\u00e9rcoles, jueves y viernes a las 10:00 a. m. y a las 11:30 a. m. Se trata de visitas grupales de una hora de duraci\u00f3n en las que se unir\u00e1n otros visitantes del p\u00fablico.<\/p>\n<p>El precio es de $25 por persona. Si prefiere una visita guiada privada, consulte la informaci\u00f3n a continuaci\u00f3n.<\/p>\n<p><a class=\"btn - expand\" href=\"https:\/\/salkinstitute.ticketspice.com\/salk-institute-architecture-tours-2024\" target=\"_blank\" rel=\"noopener\">HAZ CLIC AQU\u00cd PARA INSCRIBIRTE EN EL RECORRIDO GUIADO POR UN GU\u00cdA UNIVERSITARIO<\/a><\/p>\n<hr \/>\n<h5>Visitas guiadas privadas en grupo*<\/h5>\n<p><strong>Grupos de 1-10 personas: $250<br \/>\nGrupos de 11 a 20 personas: $500<br \/>\nGrupos de 21 a 30 personas: $750<\/strong><\/p>\n<p><!--<strong>For groups larger than 30 people, please email <\/strong><a href=\"mailto:tours@salk.edu\"><strong>tours@salk.edu<\/strong><\/a><strong>.<\/strong>--><\/p>\n<p>*Hay precios especiales disponibles para estudiantes y docentes (desde preescolar hasta el 14.\u00ba grado). Env\u00ede la solicitud de visita guiada a continuaci\u00f3n y nos pondremos en contacto con usted para proporcionarle m\u00e1s detalles.<\/p>\n<p>Se pueden solicitar visitas guiadas privadas en grupo de lunes a viernes, entre las 9:00 a. m. y las 3:00 p. m., salvo que el Instituto est\u00e9 cerrado por festivos o eventos privados. <strong>Las solicitudes de visitas guiadas privadas en grupo deben enviarse al menos 10 d\u00edas h\u00e1biles antes de la fecha prevista para la visita.<\/strong>\u00a0 Las visitas est\u00e1n sujetas a disponibilidad. Nos reservamos el derecho a cambiar la fecha de su visita.<\/p>\n<p><a class=\"btn - expand\" href=\"\/es\/salk-docent-led-architecture-tour-registration\/\" target=\"_blank\" rel=\"noopener\">Haz clic aqu\u00ed para registrarte en un recorrido grupal privado con gu\u00eda<\/a><\/p>\n<hr \/>\n<p><!--\n<strong>COVID-19 PROTOCOLS<\/strong>\n\nTo help ensure the health and safety of our staff and our guests, we require that all guests are fully vaccinated against the COVID-19 virus. Proof of vaccination\u2014electronic or physical vaccination card\u2014will be required upon entry to the Salk Institute\u2019s campus.\n\nIf you have questions regarding our COVID protocols, please email\u00a0<a href=\"mailto:tours@salk.edu\"><strong>tours@salk.edu<\/strong><\/a>\n\n\n\n<hr>\n\n\n\n--><\/p>\n<p><strong>ESTACIONAMIENTO PARA VISITANTES<\/strong><\/p>\n<p>No hay estacionamiento p\u00fablico disponible para visitantes ni participantes en las visitas guiadas en el campus del Instituto Salk. Recomendamos a los visitantes que utilicen el estacionamiento gratuito a lo largo de Torrey Pines Scenic Drive o en el estacionamiento de Gliderport. Hay estacionamiento p\u00fablico de pago disponible en el estacionamiento del Consorcio Sanford, situado justo enfrente del Instituto Salk. La tarifa actual es de $3 por hora.<\/p>\n<p>Si piensas venir en tu propio veh\u00edculo, calcula entre 15 y 20 minutos adicionales para estacionar.<\/p>\n<p><a href=\"https:\/\/www.salk.edu\/wp-content\/uploads\/2018\/07\/salk-institute-campus-parking-map-v1.3.pdf\">Haga clic aqu\u00ed para ver el mapa de estacionamiento \u00bb<\/a><\/p>\n<hr \/>\n<p><strong>POL\u00cdTICA DE FOTO Y VIDEO<\/strong><\/p>\n<p>Todos los visitantes deben respetar las normas sobre fotograf\u00eda y grabaci\u00f3n de v\u00eddeo del Instituto Salk. Esta lista no es exhaustiva. El personal y el servicio de seguridad del Instituto Salk se reservan el derecho de pedir a cualquier visitante que abandone las instalaciones si consideran que su comportamiento incumple la pol\u00edtica sobre fotograf\u00edas o perturba el funcionamiento del Instituto.<\/p>\n<p>La fotograf\u00eda y la filmaci\u00f3n profesionales o comerciales con fines de exhibici\u00f3n en salas de cine, uso industrial y anuncios de servicio p\u00fablico es <strong>no est\u00e1 permitido<\/strong> mientras se est\u00e1 en un tour. Todas las solicitudes para usar im\u00e1genes y\/o videos para uso comercial, medi\u00e1tico o profesional deben ser aprobadas por la oficina de comunicaciones a trav\u00e9s de <a href=\"mailto:press@salk.edu\">press@salk.edu<\/a>.<\/p>\n<p><a href=\"https:\/\/www.salk.edu\/es\/news\/photography-policy\/\">Haz clic aqu\u00ed para leer m\u00e1s \u00bb<\/a><\/p>\n<hr \/>\n<p><strong>ESFUERZOS DE CONSERVACI\u00d3N<\/strong><\/p>\n<p>Construido a principios de la d\u00e9cada de 1960, el Instituto Salk es venerado en todo el mundo como un tesoro de la arquitectura moderna. En julio de 2017, el Instituto Salk anunci\u00f3 junto con el Getty Conservation Institute (GCI) que se hab\u00edan completado los esfuerzos de conservaci\u00f3n de uno de los elementos arquitect\u00f3nicos clave del Instituto Salk: sus muros de ventanas de teca. El proyecto ofreci\u00f3 al Salk la oportunidad de ser proactivo en el mantenimiento y la conservaci\u00f3n de la teca para los pr\u00f3ximos 50 a\u00f1os.\u00a0<a href=\"https:\/\/www.salk.edu\/es\/news-release\/getty-conservation-institute-salk-institute-announce-completion-major-conservation-efforts\/\">M\u00e1s informaci\u00f3n sobre el proyecto de teca aqu\u00ed \u00bb<\/a>. Como parte de su iniciativa \u00abKeeping It Modern\u00bb, la Fundaci\u00f3n Getty concedi\u00f3 al Instituto Salk una subvenci\u00f3n para iniciar los trabajos necesarios para la conservaci\u00f3n de las fachadas de hormig\u00f3n.\u00a0<a href=\"https:\/\/www.salk.edu\/es\/news-release\/salk-awarded-keeping-it-modern-grant-by-getty-foundation\/\">M\u00e1s informaci\u00f3n sobre el proyecto concreto aqu\u00ed \u00bb<\/a>.<\/p>\n<p>&nbsp;<\/p>\n<p><span style=\"color: #990000;\">Por favor, tenga en cuenta:<\/span> Se est\u00e1n realizando trabajos de restauraci\u00f3n de concreto y se espera que los visitantes vean obras en el patio principal.<\/p>\n<p>&nbsp;<\/p>\n<hr \/>\n<p>El Instituto Salk es un instituto de investigaci\u00f3n sin fines de lucro 501(c)(3).<\/p>\n<p>Para obtener m\u00e1s informaci\u00f3n, consulte nuestro <a href=\"https:\/\/www.salk.edu\/es\/events\/tour-information\/frequently-asked-questions\/\">Preguntas frecuentes<\/a> p\u00e1gina.<\/p>","protected":false},"excerpt":{"rendered":"<p><!--\n\n\n\n\n<h2 style=\"color: #990000; align: center;\">Please Note:<\/h2>\n\n\n\n\n\n\n\n\n<h2><a href=\"https:\/\/www.farmersinsuranceopen.com\/\" target=\"_blank\" rel=\"noopener\"><span style=\"text-decoration: underline;\">The Farmers Insurance Open Golf Tournament<\/span><\/a> will be held at the Torrey Pines Golf Course Wednesday, January 25 through Saturday, January 28.<\/h2>\n\n\n\n\n\n\n\n\n<h2>Please be aware that traffic will be heavily impacted on all tournament days. Visitors are not permitted to park on Salk property, and public parking will be severely limited around the Salk Institute. We strongly advise public transportation or ride-share as an option. Please ensure that you allow for extra travel time. Due to capacity, there may be limits on the number of visitors allowed on campus. To ensure your spot is confirmed, please register for a self-guided or docent-led tour in advance.<\/h2>\n\n\n\n\n\n\n\n\n\n<hr \/>\n\n\n\n\n\n--><\/p>","protected":false},"author":91,"featured_media":0,"parent":5,"menu_order":0,"comment_status":"closed","ping_status":"closed","template":"","meta":{"_acf_changed":false,"footnotes":""},"folder":[509],"class_list":["post-3460","page","type-page","status-publish","hentry"],"acf":[],"yoast_head":"<!-- This site is optimized with the Yoast SEO plugin v27.3 - https:\/\/yoast.com\/product\/yoast-seo-wordpress\/ -->\n<title>Salk Docent-Led Architecture Tours - Salk Institute for Biological Studies<\/title>\n<meta name=\"robots\" content=\"index, follow, max-snippet:-1, max-image-preview:large, max-video-preview:-1\" \/>\n<link rel=\"canonical\" href=\"https:\/\/www.salk.edu\/es\/about\/visiting-salk\/\" \/>\n<meta property=\"og:locale\" content=\"es_MX\" \/>\n<meta property=\"og:type\" content=\"article\" \/>\n<meta property=\"og:title\" content=\"Salk Docent-Led Architecture Tours - Salk Institute for Biological Studies\" \/>\n<meta property=\"og:url\" content=\"https:\/\/www.salk.edu\/es\/about\/visiting-salk\/\" \/>\n<meta property=\"og:site_name\" content=\"Salk Institute for Biological Studies\" \/>\n<meta property=\"article:modified_time\" content=\"2026-02-25T17:28:25+00:00\" \/>\n<meta property=\"og:image\" content=\"https:\/\/www.salk.edu\/wp-content\/uploads\/2023\/03\/salk-institute-preview-image.jpg\" \/>\n\t<meta property=\"og:image:width\" content=\"628\" \/>\n\t<meta property=\"og:image:height\" content=\"329\" \/>\n\t<meta property=\"og:image:type\" content=\"image\/jpeg\" \/>\n<meta name=\"twitter:card\" content=\"summary_large_image\" \/>\n<meta name=\"twitter:label1\" content=\"Est. reading time\" \/>\n\t<meta name=\"twitter:data1\" content=\"3 minutes\" \/>\n<script type=\"application\/ld+json\" class=\"yoast-schema-graph\">{\"@context\":\"https:\\\/\\\/schema.org\",\"@graph\":[{\"@type\":\"WebPage\",\"@id\":\"https:\\\/\\\/www.salk.edu\\\/about\\\/visiting-salk\\\/\",\"url\":\"https:\\\/\\\/www.salk.edu\\\/about\\\/visiting-salk\\\/\",\"name\":\"Salk Docent-Led Architecture Tours - Salk Institute for Biological Studies\",\"isPartOf\":{\"@id\":\"https:\\\/\\\/www.salk.edu\\\/#website\"},\"datePublished\":\"2015-10-13T16:21:11+00:00\",\"dateModified\":\"2026-02-25T17:28:25+00:00\",\"breadcrumb\":{\"@id\":\"https:\\\/\\\/www.salk.edu\\\/about\\\/visiting-salk\\\/#breadcrumb\"},\"inLanguage\":\"es-MX\",\"potentialAction\":[{\"@type\":\"ReadAction\",\"target\":[\"https:\\\/\\\/www.salk.edu\\\/about\\\/visiting-salk\\\/\"]}]},{\"@type\":\"BreadcrumbList\",\"@id\":\"https:\\\/\\\/www.salk.edu\\\/about\\\/visiting-salk\\\/#breadcrumb\",\"itemListElement\":[{\"@type\":\"ListItem\",\"position\":1,\"name\":\"Home\",\"item\":\"https:\\\/\\\/www.salk.edu\\\/\"},{\"@type\":\"ListItem\",\"position\":2,\"name\":\"About\",\"item\":\"https:\\\/\\\/www.salk.edu\\\/about\\\/\"},{\"@type\":\"ListItem\",\"position\":3,\"name\":\"Salk Docent-Led Architecture Tours\"}]},{\"@type\":\"WebSite\",\"@id\":\"https:\\\/\\\/www.salk.edu\\\/#website\",\"url\":\"https:\\\/\\\/www.salk.edu\\\/\",\"name\":\"Salk Institute for Biological Studies\",\"description\":\"The Power of Science\",\"publisher\":{\"@id\":\"https:\\\/\\\/www.salk.edu\\\/#organization\"},\"potentialAction\":[{\"@type\":\"SearchAction\",\"target\":{\"@type\":\"EntryPoint\",\"urlTemplate\":\"https:\\\/\\\/www.salk.edu\\\/?s={search_term_string}\"},\"query-input\":{\"@type\":\"PropertyValueSpecification\",\"valueRequired\":true,\"valueName\":\"search_term_string\"}}],\"inLanguage\":\"es-MX\"},{\"@type\":\"Organization\",\"@id\":\"https:\\\/\\\/www.salk.edu\\\/#organization\",\"name\":\"Salk Institute for Biological Studies\",\"url\":\"https:\\\/\\\/www.salk.edu\\\/\",\"logo\":{\"@type\":\"ImageObject\",\"inLanguage\":\"es-MX\",\"@id\":\"https:\\\/\\\/www.salk.edu\\\/#\\\/schema\\\/logo\\\/image\\\/\",\"url\":\"http:\\\/\\\/www.salk.edu\\\/wp-content\\\/uploads\\\/2023\\\/03\\\/salk_logo_696.jpg\",\"contentUrl\":\"http:\\\/\\\/www.salk.edu\\\/wp-content\\\/uploads\\\/2023\\\/03\\\/salk_logo_696.jpg\",\"width\":696,\"height\":696,\"caption\":\"Salk Institute for Biological Studies\"},\"image\":{\"@id\":\"https:\\\/\\\/www.salk.edu\\\/#\\\/schema\\\/logo\\\/image\\\/\"}}]}<\/script>\n<!-- \/ Yoast SEO plugin. -->","yoast_head_json":{"title":"Salk Docent-Led Architecture Tours - Salk Institute for Biological Studies","robots":{"index":"index","follow":"follow","max-snippet":"max-snippet:-1","max-image-preview":"max-image-preview:large","max-video-preview":"max-video-preview:-1"},"canonical":"https:\/\/www.salk.edu\/es\/about\/visiting-salk\/","og_locale":"es_MX","og_type":"article","og_title":"Salk Docent-Led Architecture Tours - Salk Institute for Biological Studies","og_url":"https:\/\/www.salk.edu\/es\/about\/visiting-salk\/","og_site_name":"Salk Institute for Biological Studies","article_modified_time":"2026-02-25T17:28:25+00:00","og_image":[{"width":628,"height":329,"url":"https:\/\/www.salk.edu\/wp-content\/uploads\/2023\/03\/salk-institute-preview-image.jpg","type":"image\/jpeg"}],"twitter_card":"summary_large_image","twitter_misc":{"Est. reading time":"3 minutes"},"schema":{"@context":"https:\/\/schema.org","@graph":[{"@type":"WebPage","@id":"https:\/\/www.salk.edu\/about\/visiting-salk\/","url":"https:\/\/www.salk.edu\/about\/visiting-salk\/","name":"Salk Docent-Led Architecture Tours - Salk Institute for Biological Studies","isPartOf":{"@id":"https:\/\/www.salk.edu\/#website"},"datePublished":"2015-10-13T16:21:11+00:00","dateModified":"2026-02-25T17:28:25+00:00","breadcrumb":{"@id":"https:\/\/www.salk.edu\/about\/visiting-salk\/#breadcrumb"},"inLanguage":"es-MX","potentialAction":[{"@type":"ReadAction","target":["https:\/\/www.salk.edu\/about\/visiting-salk\/"]}]},{"@type":"BreadcrumbList","@id":"https:\/\/www.salk.edu\/about\/visiting-salk\/#breadcrumb","itemListElement":[{"@type":"ListItem","position":1,"name":"Home","item":"https:\/\/www.salk.edu\/"},{"@type":"ListItem","position":2,"name":"About","item":"https:\/\/www.salk.edu\/about\/"},{"@type":"ListItem","position":3,"name":"Salk Docent-Led Architecture Tours"}]},{"@type":"WebSite","@id":"https:\/\/www.salk.edu\/#website","url":"https:\/\/www.salk.edu\/","name":"Instituto Salk de Estudios Biol\u00f3gicos","description":"The Power of Science","publisher":{"@id":"https:\/\/www.salk.edu\/#organization"},"potentialAction":[{"@type":"SearchAction","target":{"@type":"EntryPoint","urlTemplate":"https:\/\/www.salk.edu\/?s={search_term_string}"},"query-input":{"@type":"PropertyValueSpecification","valueRequired":true,"valueName":"search_term_string"}}],"inLanguage":"es-MX"},{"@type":"Organization","@id":"https:\/\/www.salk.edu\/#organization","name":"Instituto Salk de Estudios Biol\u00f3gicos","url":"https:\/\/www.salk.edu\/","logo":{"@type":"ImageObject","inLanguage":"es-MX","@id":"https:\/\/www.salk.edu\/#\/schema\/logo\/image\/","url":"http:\/\/www.salk.edu\/wp-content\/uploads\/2023\/03\/salk_logo_696.jpg","contentUrl":"http:\/\/www.salk.edu\/wp-content\/uploads\/2023\/03\/salk_logo_696.jpg","width":696,"height":696,"caption":"Salk Institute for Biological Studies"},"image":{"@id":"https:\/\/www.salk.edu\/#\/schema\/logo\/image\/"}}]}},"ACF":{"hero":"https:\/\/www.salk.edu\/wp-content\/uploads\/2023\/01\/about-visiting-salk-hero-221221-2.jpg","line_1":"Visiting Salk","line_2":"Salk  Architecture Tours","secondary_navigation":"<div class=\"menu-visiting-salk-container\"><ul id=\"menu-visiting-salk\" class=\"menu\"><li class=\"menu-item menu-item-type-custom menu-item-object-custom menu-item-36517\"><a href=\"https:\/\/www.salk.edu\/visiting-salk\/\">Visiting Salk<\/a><\/li>\n<li class=\"menu-item menu-item-type-custom menu-item-object-custom menu-item-36522\"><a href=\"https:\/\/www.salk.edu\/about\/visiting-salk\/frequently-asked-questions\/\">Frequently Asked Questions<\/a><\/li>\n<li class=\"menu-item menu-item-type-post_type menu-item-object-page menu-item-22058\"><a href=\"https:\/\/www.salk.edu\/es\/about\/buildings-of-wonder\/\">About Salk Architecture<\/a><\/li>\n<li class=\"menu-item menu-item-type-custom menu-item-object-custom menu-item-20705\"><a href=\"https:\/\/www.salk.edu\/about\/visiting-salk\/virtual-architecture-tour\/\">Virtual Architecture Tour<\/a><\/li>\n<\/ul><\/div>","gallery":false,"salk_custom_body_class":"","poster_quote":""},"_links":{"self":[{"href":"https:\/\/www.salk.edu\/es\/wp-json\/wp\/v2\/pages\/3460","targetHints":{"allow":["GET"]}}],"collection":[{"href":"https:\/\/www.salk.edu\/es\/wp-json\/wp\/v2\/pages"}],"about":[{"href":"https:\/\/www.salk.edu\/es\/wp-json\/wp\/v2\/types\/page"}],"author":[{"embeddable":true,"href":"https:\/\/www.salk.edu\/es\/wp-json\/wp\/v2\/users\/91"}],"replies":[{"embeddable":true,"href":"https:\/\/www.salk.edu\/es\/wp-json\/wp\/v2\/comments?post=3460"}],"version-history":[{"count":219,"href":"https:\/\/www.salk.edu\/es\/wp-json\/wp\/v2\/pages\/3460\/revisions"}],"predecessor-version":[{"id":56063,"href":"https:\/\/www.salk.edu\/es\/wp-json\/wp\/v2\/pages\/3460\/revisions\/56063"}],"up":[{"embeddable":true,"href":"https:\/\/www.salk.edu\/es\/wp-json\/wp\/v2\/pages\/5"}],"wp:attachment":[{"href":"https:\/\/www.salk.edu\/es\/wp-json\/wp\/v2\/media?parent=3460"}],"wp:term":[{"taxonomy":"folder","embeddable":true,"href":"https:\/\/www.salk.edu\/es\/wp-json\/wp\/v2\/folder?post=3460"}],"curies":[{"name":"wp","href":"https:\/\/api.w.org\/{rel}","templated":true}]}}