{"id":33986,"date":"2022-03-08T18:57:02","date_gmt":"2022-03-09T02:57:02","guid":{"rendered":"https:\/\/vermont.salk.edu\/?page_id=33986"},"modified":"2022-05-24T09:09:46","modified_gmt":"2022-05-24T16:09:46","slug":"2022-salk-post-translational-regulation-of-cell-signaling-meeting","status":"publish","type":"page","link":"https:\/\/www.salk.edu\/es\/events\/science-events\/2022-salk-post-translational-regulation-of-cell-signaling-meeting\/","title":{"rendered":"Reuni\u00f3n de Regulaci\u00f3n Postraduccional de Se\u00f1alizaci\u00f3n Celular Salk 2022"},"content":{"rendered":"<h2>Reuni\u00f3n de Regulaci\u00f3n Postraduccional de Se\u00f1alizaci\u00f3n Celular Salk 2022<\/h2>\n<p>When: June 27 &#8211; 30, 2022<\/p>\n<p><strong>Registration Deadline:<\/strong> Friday, June 10, 2022<br \/>\n<strong>Abstract Deadline<\/strong>: Friday, May 20, 2022<\/p>\n<p data-pm-slice=\"1 1 []\">The year 2020 marked the 40th anniversary of the discovery of the first tyrosine kinases, and the 2022 Salk Post-translational Regulation of Cell Signaling Meeting, which will be held June 27-30, 2022 at the Salk Institute, La Jolla, California, has been organized as an occasion to belatedly celebrate the 40th anniversary and all the progress that has been made in understanding the role of tyrosine phosphorylation in signaling and disease, and in the development of selective tyrosine kinase inhibitor drugs (currently 60 TKIs have been approved!). The 2022 meeting will start at 7 p.m. on Monday, June 27 and consist of long talks by invited speakers (see the great list of speakers), with a few short talks selected from abstracts. Please save the date and plan to attend. Registration is now open, and will include a virtual access option. We look forward to seeing you in La Jolla in June.<\/p>\n<h3>Event Organizers<\/h3>\n<p><strong><a href=\"https:\/\/www.salk.edu\/es\/scientist\/tony-hunter\/\" target=\"_blank\" rel=\"noopener\">Tony Hunter<\/a>, <a href=\"https:\/\/www.ohsu.edu\/people\/sara-a-courtneidge-phd-dsc\" target=\"_blank\" rel=\"noopener\">Sara Courtneidge<\/a>, <a href=\"http:\/\/newtonlab.ucsd.edu\/\" target=\"_blank\" rel=\"noopener\">Alexandra Newton<\/a>, <a href=\"https:\/\/www.salk.edu\/es\/scientist\/reuben-shaw\/\" target=\"_blank\" rel=\"noopener\">Reuben Shaw<\/a><\/strong><\/p>\n<h3>Topics<\/h3>\n<ul>\n<li data-pm-slice=\"1 1 []\">Signaling pathways in cancer and other diseases<\/li>\n<li>Signaling in metabolism and the immune system<\/li>\n<li>Chromatin regulation by post-translational modifications<\/li>\n<li>Regulation of signaling by ubiquitylation<\/li>\n<li>Non-canonical protein phosphorylation<\/li>\n<li>Protein kinase structure and function<\/li>\n<li>Protein phosphatases<\/li>\n<li>Structural basis of signal transduction<\/li>\n<li>Phosphoproteomics<\/li>\n<li>Translational application of signal transduction inhibitors<\/li>\n<li>History of tyrosine phosphorylation<\/li>\n<\/ul>\n<h3>Altavoces<\/h3>\n<ul>\n<li><strong>Mariano Barbacid<\/strong> (CNIO)<\/li>\n<li><strong>Anton Bennett<\/strong> (Yale University)<\/li>\n<li><strong>Joan Brugge<\/strong> (Harvard University) <em>(virtual)<\/em><\/li>\n<li><strong>Lew Cantley<\/strong> (DFCI, Harvard) <em>(virtual)<\/em><\/li>\n<li><strong>Jon Cooper<\/strong> (FHCRC)<\/li>\n<li><strong>Brian Druker<\/strong> (OHSU)<\/li>\n<li><strong>Mike Eck<\/strong> (DFCI, Harvard)<\/li>\n<li><strong>Margaret Frame<\/strong> (Edinburgh University)<\/li>\n<li><strong>Callie Heldin<\/strong> (University of Uppsala)<\/li>\n<li><strong>John Kuriyan<\/strong> (UCB)<\/li>\n<li><strong>Greg Lemke<\/strong> (Salk)<\/li>\n<li><strong>Mark Lemmon<\/strong> (Yale University)<\/li>\n<li><strong>Shiva Malek<\/strong> (NIBR, Novartis)<\/li>\n<li><strong>Debbie Morrison<\/strong> (NCI)<\/li>\n<li><strong>Ben Neel<\/strong> (NYU)<\/li>\n<li><strong>Ruth Palmer<\/strong> (U Gothenburg)<\/li>\n<li><strong>Morag Park<\/strong> (McGill University)<\/li>\n<li><strong>Elena Pasquale<\/strong> (SBPMDI)<\/li>\n<li><strong>Ann Marie Pendergast<\/strong> (Duke)<\/li>\n<li><strong>Helen Piwnica-Worms<\/strong> (MDACC)<\/li>\n<li><strong>Charles Sawyers<\/strong> (MSKCC)<\/li>\n<li><strong>Yossi Schlessinger<\/strong> (Yale University)<\/li>\n<li><strong>Kevan Shokat<\/strong> (UCSF)<\/li>\n<li><strong>Nick Tonks<\/strong> (CSHL)<\/li>\n<li><strong>Harold Varmus<\/strong> (Weill Cornell)<\/li>\n<li><strong>Art Weiss<\/strong> (UCSF)<\/li>\n<li><strong>Owen Witte<\/strong> (UCLA)<\/li>\n<li><strong>Yossi Yarden<\/strong> (Weizmann)<\/li>\n<li><strong>Jessie Zhang<\/strong> (UT Austin)<\/li>\n<li><strong>Jin Zhang<\/strong> (UCSD)<\/li>\n<\/ul>\n<p><!--\n<img decoding=\"async\" src=\"https:\/\/www.salk.edu\/wp-content\/uploads\/2019\/12\/prcs-2020-poster-img.jpg\" alt=\"Post-Translational Regulation of Cell Signaling\" style=\"width: 300px;\" \/><\/a>\n<a href=\"https:\/\/www.salk.edu\/wp-content\/uploads\/2019\/12\/PRCS-2020.pdf\">Click here to download the poster\u00bb<\/a> --><\/p>","protected":false},"excerpt":{"rendered":"<h2>Reuni\u00f3n de Regulaci\u00f3n Postraduccional de Se\u00f1alizaci\u00f3n Celular Salk 2022<\/h2>\n<p>When: June 27 &#8211; 30, 2022<\/p>","protected":false},"author":91,"featured_media":0,"parent":46,"menu_order":0,"comment_status":"closed","ping_status":"closed","template":"","meta":{"_acf_changed":false,"footnotes":""},"folder":[493],"class_list":["post-33986","page","type-page","status-publish","hentry"],"acf":[],"yoast_head":"<!-- This site is optimized with the Yoast SEO plugin v27.3 - https:\/\/yoast.com\/product\/yoast-seo-wordpress\/ -->\n<title>2022 Salk Post-translational Regulation of Cell Signaling Meeting - Salk Institute for Biological Studies<\/title>\n<meta name=\"robots\" content=\"index, follow, max-snippet:-1, max-image-preview:large, max-video-preview:-1\" \/>\n<link rel=\"canonical\" href=\"https:\/\/www.salk.edu\/es\/events\/science-events\/2022-salk-post-translational-regulation-of-cell-signaling-meeting\/\" \/>\n<meta property=\"og:locale\" content=\"es_MX\" \/>\n<meta property=\"og:type\" content=\"article\" \/>\n<meta property=\"og:title\" content=\"2022 Salk Post-translational Regulation of Cell Signaling Meeting - Salk Institute for Biological Studies\" \/>\n<meta property=\"og:description\" content=\"2022 Salk Post-translational Regulation of Cell Signaling Meeting When: June 27 &#8211; 30, 2022\" \/>\n<meta property=\"og:url\" content=\"https:\/\/www.salk.edu\/es\/events\/science-events\/2022-salk-post-translational-regulation-of-cell-signaling-meeting\/\" \/>\n<meta property=\"og:site_name\" content=\"Salk Institute for Biological Studies\" \/>\n<meta property=\"article:modified_time\" content=\"2022-05-24T16:09:46+00:00\" \/>\n<meta property=\"og:image\" content=\"http:\/\/www.salk.edu\/wp-content\/uploads\/2019\/12\/prcs-2020-poster-img.jpg\" \/>\n<meta name=\"twitter:card\" content=\"summary_large_image\" \/>\n<meta name=\"twitter:label1\" content=\"Est. reading time\" \/>\n\t<meta name=\"twitter:data1\" content=\"2 minutes\" \/>\n<script type=\"application\/ld+json\" class=\"yoast-schema-graph\">{\"@context\":\"https:\\\/\\\/schema.org\",\"@graph\":[{\"@type\":\"WebPage\",\"@id\":\"https:\\\/\\\/www.salk.edu\\\/events\\\/science-events\\\/2022-salk-post-translational-regulation-of-cell-signaling-meeting\\\/\",\"url\":\"https:\\\/\\\/www.salk.edu\\\/events\\\/science-events\\\/2022-salk-post-translational-regulation-of-cell-signaling-meeting\\\/\",\"name\":\"2022 Salk Post-translational Regulation of Cell Signaling Meeting - Salk Institute for Biological Studies\",\"isPartOf\":{\"@id\":\"https:\\\/\\\/www.salk.edu\\\/#website\"},\"primaryImageOfPage\":{\"@id\":\"https:\\\/\\\/www.salk.edu\\\/events\\\/science-events\\\/2022-salk-post-translational-regulation-of-cell-signaling-meeting\\\/#primaryimage\"},\"image\":{\"@id\":\"https:\\\/\\\/www.salk.edu\\\/events\\\/science-events\\\/2022-salk-post-translational-regulation-of-cell-signaling-meeting\\\/#primaryimage\"},\"thumbnailUrl\":\"http:\\\/\\\/www.salk.edu\\\/wp-content\\\/uploads\\\/2019\\\/12\\\/prcs-2020-poster-img.jpg\",\"datePublished\":\"2022-03-09T02:57:02+00:00\",\"dateModified\":\"2022-05-24T16:09:46+00:00\",\"breadcrumb\":{\"@id\":\"https:\\\/\\\/www.salk.edu\\\/events\\\/science-events\\\/2022-salk-post-translational-regulation-of-cell-signaling-meeting\\\/#breadcrumb\"},\"inLanguage\":\"es-MX\",\"potentialAction\":[{\"@type\":\"ReadAction\",\"target\":[\"https:\\\/\\\/www.salk.edu\\\/events\\\/science-events\\\/2022-salk-post-translational-regulation-of-cell-signaling-meeting\\\/\"]}]},{\"@type\":\"ImageObject\",\"inLanguage\":\"es-MX\",\"@id\":\"https:\\\/\\\/www.salk.edu\\\/events\\\/science-events\\\/2022-salk-post-translational-regulation-of-cell-signaling-meeting\\\/#primaryimage\",\"url\":\"http:\\\/\\\/www.salk.edu\\\/wp-content\\\/uploads\\\/2019\\\/12\\\/prcs-2020-poster-img.jpg\",\"contentUrl\":\"http:\\\/\\\/www.salk.edu\\\/wp-content\\\/uploads\\\/2019\\\/12\\\/prcs-2020-poster-img.jpg\"},{\"@type\":\"BreadcrumbList\",\"@id\":\"https:\\\/\\\/www.salk.edu\\\/events\\\/science-events\\\/2022-salk-post-translational-regulation-of-cell-signaling-meeting\\\/#breadcrumb\",\"itemListElement\":[{\"@type\":\"ListItem\",\"position\":1,\"name\":\"Home\",\"item\":\"https:\\\/\\\/www.salk.edu\\\/\"},{\"@type\":\"ListItem\",\"position\":2,\"name\":\"Events\",\"item\":\"https:\\\/\\\/www.salk.edu\\\/events\\\/\"},{\"@type\":\"ListItem\",\"position\":3,\"name\":\"Science Events\",\"item\":\"https:\\\/\\\/www.salk.edu\\\/events\\\/science-events\\\/\"},{\"@type\":\"ListItem\",\"position\":4,\"name\":\"2022 Salk Post-translational Regulation of Cell Signaling Meeting\"}]},{\"@type\":\"WebSite\",\"@id\":\"https:\\\/\\\/www.salk.edu\\\/#website\",\"url\":\"https:\\\/\\\/www.salk.edu\\\/\",\"name\":\"Salk Institute for Biological Studies\",\"description\":\"The Power of Science\",\"publisher\":{\"@id\":\"https:\\\/\\\/www.salk.edu\\\/#organization\"},\"potentialAction\":[{\"@type\":\"SearchAction\",\"target\":{\"@type\":\"EntryPoint\",\"urlTemplate\":\"https:\\\/\\\/www.salk.edu\\\/?s={search_term_string}\"},\"query-input\":{\"@type\":\"PropertyValueSpecification\",\"valueRequired\":true,\"valueName\":\"search_term_string\"}}],\"inLanguage\":\"es-MX\"},{\"@type\":\"Organization\",\"@id\":\"https:\\\/\\\/www.salk.edu\\\/#organization\",\"name\":\"Salk Institute for Biological Studies\",\"url\":\"https:\\\/\\\/www.salk.edu\\\/\",\"logo\":{\"@type\":\"ImageObject\",\"inLanguage\":\"es-MX\",\"@id\":\"https:\\\/\\\/www.salk.edu\\\/#\\\/schema\\\/logo\\\/image\\\/\",\"url\":\"http:\\\/\\\/www.salk.edu\\\/wp-content\\\/uploads\\\/2023\\\/03\\\/salk_logo_696.jpg\",\"contentUrl\":\"http:\\\/\\\/www.salk.edu\\\/wp-content\\\/uploads\\\/2023\\\/03\\\/salk_logo_696.jpg\",\"width\":696,\"height\":696,\"caption\":\"Salk Institute for Biological Studies\"},\"image\":{\"@id\":\"https:\\\/\\\/www.salk.edu\\\/#\\\/schema\\\/logo\\\/image\\\/\"}}]}<\/script>\n<!-- \/ Yoast SEO plugin. -->","yoast_head_json":{"title":"2022 Salk Post-translational Regulation of Cell Signaling Meeting - Salk Institute for Biological Studies","robots":{"index":"index","follow":"follow","max-snippet":"max-snippet:-1","max-image-preview":"max-image-preview:large","max-video-preview":"max-video-preview:-1"},"canonical":"https:\/\/www.salk.edu\/es\/events\/science-events\/2022-salk-post-translational-regulation-of-cell-signaling-meeting\/","og_locale":"es_MX","og_type":"article","og_title":"2022 Salk Post-translational Regulation of Cell Signaling Meeting - Salk Institute for Biological Studies","og_description":"2022 Salk Post-translational Regulation of Cell Signaling Meeting When: June 27 &#8211; 30, 2022","og_url":"https:\/\/www.salk.edu\/es\/events\/science-events\/2022-salk-post-translational-regulation-of-cell-signaling-meeting\/","og_site_name":"Salk Institute for Biological Studies","article_modified_time":"2022-05-24T16:09:46+00:00","og_image":[{"url":"http:\/\/www.salk.edu\/wp-content\/uploads\/2019\/12\/prcs-2020-poster-img.jpg","type":"","width":"","height":""}],"twitter_card":"summary_large_image","twitter_misc":{"Est. reading time":"2 minutes"},"schema":{"@context":"https:\/\/schema.org","@graph":[{"@type":"WebPage","@id":"https:\/\/www.salk.edu\/events\/science-events\/2022-salk-post-translational-regulation-of-cell-signaling-meeting\/","url":"https:\/\/www.salk.edu\/events\/science-events\/2022-salk-post-translational-regulation-of-cell-signaling-meeting\/","name":"2022 Salk Post-translational Regulation of Cell Signaling Meeting - Salk Institute for Biological Studies","isPartOf":{"@id":"https:\/\/www.salk.edu\/#website"},"primaryImageOfPage":{"@id":"https:\/\/www.salk.edu\/events\/science-events\/2022-salk-post-translational-regulation-of-cell-signaling-meeting\/#primaryimage"},"image":{"@id":"https:\/\/www.salk.edu\/events\/science-events\/2022-salk-post-translational-regulation-of-cell-signaling-meeting\/#primaryimage"},"thumbnailUrl":"http:\/\/www.salk.edu\/wp-content\/uploads\/2019\/12\/prcs-2020-poster-img.jpg","datePublished":"2022-03-09T02:57:02+00:00","dateModified":"2022-05-24T16:09:46+00:00","breadcrumb":{"@id":"https:\/\/www.salk.edu\/events\/science-events\/2022-salk-post-translational-regulation-of-cell-signaling-meeting\/#breadcrumb"},"inLanguage":"es-MX","potentialAction":[{"@type":"ReadAction","target":["https:\/\/www.salk.edu\/events\/science-events\/2022-salk-post-translational-regulation-of-cell-signaling-meeting\/"]}]},{"@type":"ImageObject","inLanguage":"es-MX","@id":"https:\/\/www.salk.edu\/events\/science-events\/2022-salk-post-translational-regulation-of-cell-signaling-meeting\/#primaryimage","url":"http:\/\/www.salk.edu\/wp-content\/uploads\/2019\/12\/prcs-2020-poster-img.jpg","contentUrl":"http:\/\/www.salk.edu\/wp-content\/uploads\/2019\/12\/prcs-2020-poster-img.jpg"},{"@type":"BreadcrumbList","@id":"https:\/\/www.salk.edu\/events\/science-events\/2022-salk-post-translational-regulation-of-cell-signaling-meeting\/#breadcrumb","itemListElement":[{"@type":"ListItem","position":1,"name":"Home","item":"https:\/\/www.salk.edu\/"},{"@type":"ListItem","position":2,"name":"Events","item":"https:\/\/www.salk.edu\/events\/"},{"@type":"ListItem","position":3,"name":"Science Events","item":"https:\/\/www.salk.edu\/events\/science-events\/"},{"@type":"ListItem","position":4,"name":"2022 Salk Post-translational Regulation of Cell Signaling Meeting"}]},{"@type":"WebSite","@id":"https:\/\/www.salk.edu\/#website","url":"https:\/\/www.salk.edu\/","name":"Instituto Salk de Estudios Biol\u00f3gicos","description":"El Poder de la Ciencia","publisher":{"@id":"https:\/\/www.salk.edu\/#organization"},"potentialAction":[{"@type":"SearchAction","target":{"@type":"EntryPoint","urlTemplate":"https:\/\/www.salk.edu\/?s={search_term_string}"},"query-input":{"@type":"PropertyValueSpecification","valueRequired":true,"valueName":"search_term_string"}}],"inLanguage":"es-MX"},{"@type":"Organization","@id":"https:\/\/www.salk.edu\/#organization","name":"Instituto Salk de Estudios Biol\u00f3gicos","url":"https:\/\/www.salk.edu\/","logo":{"@type":"ImageObject","inLanguage":"es-MX","@id":"https:\/\/www.salk.edu\/#\/schema\/logo\/image\/","url":"http:\/\/www.salk.edu\/wp-content\/uploads\/2023\/03\/salk_logo_696.jpg","contentUrl":"http:\/\/www.salk.edu\/wp-content\/uploads\/2023\/03\/salk_logo_696.jpg","width":696,"height":696,"caption":"Salk Institute for Biological Studies"},"image":{"@id":"https:\/\/www.salk.edu\/#\/schema\/logo\/image\/"}}]}},"ACF":{"salk_custom_body_class":"","gallery":false,"secondary_navigation":"<div class=\"menu-post-translational-regulation-of-cell-signaling-2022-container\"><ul id=\"menu-post-translational-regulation-of-cell-signaling-2022\" class=\"menu\"><li class=\"menu-item menu-item-type-custom menu-item-object-custom menu-item-34037\"><a href=\"https:\/\/www.salk.edu\/events\/science-events\/2022-salk-post-translational-regulation-of-cell-signaling-meeting\/\">Home<\/a><\/li>\n<li class=\"menu-item menu-item-type-custom menu-item-object-custom menu-item-34038\"><a href=\"https:\/\/www.salk.edu\/events\/science-events\/2022-salk-post-translational-regulation-of-cell-signaling-meeting\/program\/\">Program<\/a><\/li>\n<li class=\"menu-item menu-item-type-custom menu-item-object-custom menu-item-34039\"><a href=\"https:\/\/www.salk.edu\/events\/science-events\/2022-salk-post-translational-regulation-of-cell-signaling-meeting\/registration\/\">Registration<\/a><\/li>\n<li class=\"menu-item menu-item-type-custom menu-item-object-custom menu-item-34043\"><a href=\"https:\/\/www.salk.edu\/events\/science-events\/2022-salk-post-translational-regulation-of-cell-signaling-meeting\/abstract-submission\/\">Abstract Submission<\/a><\/li>\n<li class=\"menu-item menu-item-type-custom menu-item-object-custom menu-item-34044\"><a href=\"https:\/\/www.salk.edu\/events\/science-events\/2022-salk-post-translational-regulation-of-cell-signaling-meeting\/location-and-accommodations\/\">Location and Accommodations<\/a><\/li>\n<li class=\"menu-item menu-item-type-custom menu-item-object-custom menu-item-34045\"><a href=\"https:\/\/www.salk.edu\/events\/science-events\/2022-salk-post-translational-regulation-of-cell-signaling-meeting\/sponsors\/\">Sponsors<\/a><\/li>\n<li class=\"menu-item menu-item-type-custom menu-item-object-custom menu-item-34046\"><a href=\"https:\/\/www.salk.edu\/events\/science-events\/2022-salk-post-translational-regulation-of-cell-signaling-meeting\/contact\/\">Contact<\/a><\/li>\n<\/ul><\/div>"},"_links":{"self":[{"href":"https:\/\/www.salk.edu\/es\/wp-json\/wp\/v2\/pages\/33986","targetHints":{"allow":["GET"]}}],"collection":[{"href":"https:\/\/www.salk.edu\/es\/wp-json\/wp\/v2\/pages"}],"about":[{"href":"https:\/\/www.salk.edu\/es\/wp-json\/wp\/v2\/types\/page"}],"author":[{"embeddable":true,"href":"https:\/\/www.salk.edu\/es\/wp-json\/wp\/v2\/users\/91"}],"replies":[{"embeddable":true,"href":"https:\/\/www.salk.edu\/es\/wp-json\/wp\/v2\/comments?post=33986"}],"version-history":[{"count":15,"href":"https:\/\/www.salk.edu\/es\/wp-json\/wp\/v2\/pages\/33986\/revisions"}],"predecessor-version":[{"id":34673,"href":"https:\/\/www.salk.edu\/es\/wp-json\/wp\/v2\/pages\/33986\/revisions\/34673"}],"up":[{"embeddable":true,"href":"https:\/\/www.salk.edu\/es\/wp-json\/wp\/v2\/pages\/46"}],"wp:attachment":[{"href":"https:\/\/www.salk.edu\/es\/wp-json\/wp\/v2\/media?parent=33986"}],"wp:term":[{"taxonomy":"folder","embeddable":true,"href":"https:\/\/www.salk.edu\/es\/wp-json\/wp\/v2\/folder?post=33986"}],"curies":[{"name":"la hora de","href":"https:\/\/api.w.org\/{rel}","templated":true}]}}