{"id":3192,"date":"2015-10-09T07:54:28","date_gmt":"2015-10-09T14:54:28","guid":{"rendered":"https:\/\/vermont.salk.edu\/?page_id=3192"},"modified":"2026-03-24T12:08:04","modified_gmt":"2026-03-24T19:08:04","slug":"programs","status":"publish","type":"page","link":"https:\/\/www.salk.edu\/es\/about\/education-outreach\/programs\/","title":{"rendered":"Programas"},"content":{"rendered":"<h2>HIGH SCHOOL SCIENCE DAY<\/h2>\n<p>El D\u00eda de Ciencias de Escuela Secundaria es un evento gratuito para estudiantes de secundaria del sur de California. Cada a\u00f1o, recibimos a 150-250 estudiantes y 30-50 maestros y voluntarios padres en el Instituto Salk para charlas cient\u00edficas de d\u00eda completo, recorridos por laboratorios y un panel de carreras. Los estudiantes y maestros conocer\u00e1n a cient\u00edficos de Salk, aprender\u00e1n sobre proyectos de investigaci\u00f3n de vanguardia actuales y las habilidades fundamentales necesarias para la investigaci\u00f3n de laboratorio.<\/p>\n<p><a class=\"btn -expand\" href=\"https:\/\/www.salk.edu\/es\/about\/education-outreach\/programs\/high-school-science-day\/\">M\u00c1S INFORMACI\u00d3N<\/a><\/p>\n<p><strong>This program is generously supported by the Anne and Neal Blue High School Science Fund.<\/strong><\/p>\n<hr \/>\n<h2>HEITHOFF-BRODY HIGH SCHOOL SUMMER SCHOLARS<\/h2>\n<p><!-- Interviews will take place throughout the entire month of May. All students will receive an email letting them know of their application status by the beginning of June. We had a high number of applications this year, so we thank you for your patience as we continue the process of matching up students with a mentor for this program. \n<strong>The 2025 Heithoff-Brody High School Summer Scholars Program application will open in December 6, 2024 and <span style=\"white-space: nowrap;\">close March 28, 2025.<\/span><\/strong> --><\/p>\n<p><!-- Every summer, the Salk Institute accepts a group of high school students to work in a lab side-by-side with Salk scientists on cutting-edge research. During the 8-week paid internship students will work in the lab with their mentor while also being expected to participate in seminars, workshops, biotech site visits, and other enrichment activities. At the end of the program, students present their research projects to their mentors, lab peers and families. --><\/p>\n<p>Each summer, a select group of high school students is invited to join the Salk Institute\u2019s renowned research community for an 8-week paid internship\u2014a transformative experience designed to ignite curiosity and build real-world skills.<\/p>\n<p>Interns work side-by-side with Salk scientists on groundbreaking research projects, gaining hands-on lab experience under the guidance of expert mentors. Beyond the lab, students participate in dynamic seminars, career-building workshops, biotech industry site visits, and other enrichment activities that broaden their scientific horizons.<\/p>\n<p>The program culminates in a celebratory research symposium, where students present their findings to mentors, lab teams, and proud families<\/p>\n<p>Eligibility: Open to students 16 years and older who live and attend school in San Diego County.<\/p>\n<p><!-- The 2025 Heithoff-Brody Scholars Program will run from June 16 to August 8, 2025. This program is open to students 16 years and older who reside in and attend school in San Diego county.--><\/p>\n<p><a class=\"btn -expand\" href=\"https:\/\/www.salk.edu\/es\/about\/education-outreach\/programs\/high-school-scholars\/\">M\u00c1S INFORMACI\u00d3N<\/a><\/p>\n<hr \/>\n<h2 style=\"text-transform: uppercase;\">SALK STEM EDUCATORS SUMMIT<\/h2>\n<p><!-- Join us on <strong>Wednesday, April 9 and Thursday, April 10, 2025<\/strong>, for our next teacher\u2019s symposium: <em>Broadening Our Understanding of the Microenvironment<\/em>. --><\/p>\n<p>Maestros y educadores del sur de California est\u00e1n invitados a escuchar a profesores e investigadores del Salk en un ambiente de seminario, para luego colaborar con colegas y aplicar lo aprendido en la creaci\u00f3n de planes de lecciones alineados con los Est\u00e1ndares de Ciencia de Pr\u00f3xima Generaci\u00f3n, aplicables en sus salones de clase.<\/p>\n<p><a class=\"btn -expand\" href=\"https:\/\/www.salk.edu\/es\/about\/education-outreach\/programs\/salk-stem-educators-summit\/\">M\u00c1S INFORMACI\u00d3N<\/a><\/p>\n<p>Please <a href=\"https:\/\/youtube.com\/playlist?list=PLmdxlbNhfYaTgs3m6Lv6dIVQXOVOauk7L&#038;feature=shared\" target=\"_blank\" rel=\"noopener noreferrer\">haz clic aqu\u00ed<\/a> to view the recording from the March 2024 and the October 2020 seminars.<\/p>\n<hr \/>\n<h2 style=\"text-transform: uppercase;\">SALK INSTITUTE SCHOOL GROUP VISIT INQUIRY<\/h2>\n<p>The Salk Office of Community &#038; Engagement (OC&#038;E) is pleased to coordinate with members of our community to host student and teacher educational groups to visit the Salk Institute campus and learn about our science, educational programs, and history.<\/p>\n<p><a class=\"btn -expand\" href=\"https:\/\/www.salk.edu\/es\/about\/education-outreach\/programs\/salk-institute-school-group-visit-inquiry\/\">M\u00c1S INFORMACI\u00d3N<\/a><\/p>\n<hr \/>\n<p><!-- \n\n<h2>SALK SCIENCE CURRICULUM AND TEACHER TRAININGS<\/h2>\n\n\nSalk Curriculum is free NGSS aligned curriculum focused on current Salk research. Salk Curriculum gives\nteachers the tools to engage students in current research and to conduct hands-on labs in their\nclassroom. Salk Education Outreach provides lesson plans, lab materials, and trainings for all classrooms or alternative learning settings.\n\n <a class=\"btn -expand\" href=\"https:\/\/www.salk.edu\/about\/education-outreach\/salk-science-curriculum-and-teacher-trainings\/\">LEARN MORE<\/a>\n\n\nFor more information on any of the Education Outreach Programs, email <a href=\"mailto:education@salk.edu\">education@salk.edu<\/a>.\n\n\n\n<hr \/>\n\n --><\/p>\n<p>To subscribe to our mailing list for future events, please email <a href=\"mailto:education@salk.edu\">education@salk.edu<\/a>.<\/p>","protected":false},"excerpt":{"rendered":"<h2>HIGH SCHOOL SCIENCE DAY<\/h2>\n<p>El D\u00eda de Ciencias de Escuela Secundaria es un evento gratuito para estudiantes de secundaria del sur de California. Cada a\u00f1o, recibimos a 150-250 estudiantes y 30-50 maestros y voluntarios padres en el Instituto Salk para charlas cient\u00edficas de d\u00eda completo, recorridos por laboratorios y un panel de carreras. Los estudiantes y maestros conocer\u00e1n a cient\u00edficos de Salk, aprender\u00e1n sobre proyectos de investigaci\u00f3n de vanguardia actuales y las habilidades fundamentales necesarias para la investigaci\u00f3n de laboratorio.<\/p>","protected":false},"author":3,"featured_media":0,"parent":28,"menu_order":0,"comment_status":"closed","ping_status":"closed","template":"","meta":{"_acf_changed":false,"footnotes":""},"folder":[490],"class_list":["post-3192","page","type-page","status-publish","hentry"],"acf":[],"yoast_head":"<!-- This site is optimized with the Yoast SEO plugin v27.3 - https:\/\/yoast.com\/product\/yoast-seo-wordpress\/ -->\n<title>Programs - Salk Institute for Biological Studies<\/title>\n<meta name=\"robots\" content=\"index, follow, max-snippet:-1, max-image-preview:large, max-video-preview:-1\" \/>\n<link rel=\"canonical\" href=\"https:\/\/www.salk.edu\/es\/about\/education-outreach\/programs\/\" \/>\n<meta property=\"og:locale\" content=\"es_MX\" \/>\n<meta property=\"og:type\" content=\"article\" \/>\n<meta property=\"og:title\" content=\"Programs - Salk Institute for Biological Studies\" \/>\n<meta property=\"og:description\" content=\"HIGH SCHOOL SCIENCE DAY High School Science Day is a free event for high school students in Southern California. Each year, we host 150-250 students and 30-50 teachers and parent volunteers at Salk Institute for all day science talks, lab tours, and a career panel. Students and teachers will meet Salk scientists, learn about current cutting-edge research projects and the fundamental skills necessary for laboratory research.\" \/>\n<meta property=\"og:url\" content=\"https:\/\/www.salk.edu\/es\/about\/education-outreach\/programs\/\" \/>\n<meta property=\"og:site_name\" content=\"Salk Institute for Biological Studies\" \/>\n<meta property=\"article:modified_time\" content=\"2026-03-24T19:08:04+00:00\" \/>\n<meta property=\"og:image\" content=\"https:\/\/www.salk.edu\/wp-content\/uploads\/2023\/03\/salk-institute-preview-image.jpg\" \/>\n\t<meta property=\"og:image:width\" content=\"628\" \/>\n\t<meta property=\"og:image:height\" content=\"329\" \/>\n\t<meta property=\"og:image:type\" content=\"image\/jpeg\" \/>\n<meta name=\"twitter:card\" content=\"summary_large_image\" \/>\n<meta name=\"twitter:label1\" content=\"Est. reading time\" \/>\n\t<meta name=\"twitter:data1\" content=\"2 minutes\" \/>\n<script type=\"application\/ld+json\" class=\"yoast-schema-graph\">{\"@context\":\"https:\\\/\\\/schema.org\",\"@graph\":[{\"@type\":\"WebPage\",\"@id\":\"https:\\\/\\\/www.salk.edu\\\/about\\\/education-outreach\\\/programs\\\/\",\"url\":\"https:\\\/\\\/www.salk.edu\\\/about\\\/education-outreach\\\/programs\\\/\",\"name\":\"Programs - Salk Institute for Biological Studies\",\"isPartOf\":{\"@id\":\"https:\\\/\\\/www.salk.edu\\\/#website\"},\"datePublished\":\"2015-10-09T14:54:28+00:00\",\"dateModified\":\"2026-03-24T19:08:04+00:00\",\"breadcrumb\":{\"@id\":\"https:\\\/\\\/www.salk.edu\\\/about\\\/education-outreach\\\/programs\\\/#breadcrumb\"},\"inLanguage\":\"es-MX\",\"potentialAction\":[{\"@type\":\"ReadAction\",\"target\":[\"https:\\\/\\\/www.salk.edu\\\/about\\\/education-outreach\\\/programs\\\/\"]}]},{\"@type\":\"BreadcrumbList\",\"@id\":\"https:\\\/\\\/www.salk.edu\\\/about\\\/education-outreach\\\/programs\\\/#breadcrumb\",\"itemListElement\":[{\"@type\":\"ListItem\",\"position\":1,\"name\":\"Home\",\"item\":\"https:\\\/\\\/www.salk.edu\\\/\"},{\"@type\":\"ListItem\",\"position\":2,\"name\":\"About\",\"item\":\"https:\\\/\\\/www.salk.edu\\\/about\\\/\"},{\"@type\":\"ListItem\",\"position\":3,\"name\":\"Education Outreach\",\"item\":\"https:\\\/\\\/www.salk.edu\\\/about\\\/education-outreach\\\/\"},{\"@type\":\"ListItem\",\"position\":4,\"name\":\"Programs\"}]},{\"@type\":\"WebSite\",\"@id\":\"https:\\\/\\\/www.salk.edu\\\/#website\",\"url\":\"https:\\\/\\\/www.salk.edu\\\/\",\"name\":\"Salk Institute for Biological Studies\",\"description\":\"The Power of Science\",\"publisher\":{\"@id\":\"https:\\\/\\\/www.salk.edu\\\/#organization\"},\"potentialAction\":[{\"@type\":\"SearchAction\",\"target\":{\"@type\":\"EntryPoint\",\"urlTemplate\":\"https:\\\/\\\/www.salk.edu\\\/?s={search_term_string}\"},\"query-input\":{\"@type\":\"PropertyValueSpecification\",\"valueRequired\":true,\"valueName\":\"search_term_string\"}}],\"inLanguage\":\"es-MX\"},{\"@type\":\"Organization\",\"@id\":\"https:\\\/\\\/www.salk.edu\\\/#organization\",\"name\":\"Salk Institute for Biological Studies\",\"url\":\"https:\\\/\\\/www.salk.edu\\\/\",\"logo\":{\"@type\":\"ImageObject\",\"inLanguage\":\"es-MX\",\"@id\":\"https:\\\/\\\/www.salk.edu\\\/#\\\/schema\\\/logo\\\/image\\\/\",\"url\":\"http:\\\/\\\/www.salk.edu\\\/wp-content\\\/uploads\\\/2023\\\/03\\\/salk_logo_696.jpg\",\"contentUrl\":\"http:\\\/\\\/www.salk.edu\\\/wp-content\\\/uploads\\\/2023\\\/03\\\/salk_logo_696.jpg\",\"width\":696,\"height\":696,\"caption\":\"Salk Institute for Biological Studies\"},\"image\":{\"@id\":\"https:\\\/\\\/www.salk.edu\\\/#\\\/schema\\\/logo\\\/image\\\/\"}}]}<\/script>\n<!-- \/ Yoast SEO plugin. -->","yoast_head_json":{"title":"Programs - Salk Institute for Biological Studies","robots":{"index":"index","follow":"follow","max-snippet":"max-snippet:-1","max-image-preview":"max-image-preview:large","max-video-preview":"max-video-preview:-1"},"canonical":"https:\/\/www.salk.edu\/es\/about\/education-outreach\/programs\/","og_locale":"es_MX","og_type":"article","og_title":"Programs - Salk Institute for Biological Studies","og_description":"HIGH SCHOOL SCIENCE DAY High School Science Day is a free event for high school students in Southern California. Each year, we host 150-250 students and 30-50 teachers and parent volunteers at Salk Institute for all day science talks, lab tours, and a career panel. Students and teachers will meet Salk scientists, learn about current cutting-edge research projects and the fundamental skills necessary for laboratory research.","og_url":"https:\/\/www.salk.edu\/es\/about\/education-outreach\/programs\/","og_site_name":"Salk Institute for Biological Studies","article_modified_time":"2026-03-24T19:08:04+00:00","og_image":[{"width":628,"height":329,"url":"https:\/\/www.salk.edu\/wp-content\/uploads\/2023\/03\/salk-institute-preview-image.jpg","type":"image\/jpeg"}],"twitter_card":"summary_large_image","twitter_misc":{"Est. reading time":"2 minutes"},"schema":{"@context":"https:\/\/schema.org","@graph":[{"@type":"WebPage","@id":"https:\/\/www.salk.edu\/about\/education-outreach\/programs\/","url":"https:\/\/www.salk.edu\/about\/education-outreach\/programs\/","name":"Programs - Salk Institute for Biological Studies","isPartOf":{"@id":"https:\/\/www.salk.edu\/#website"},"datePublished":"2015-10-09T14:54:28+00:00","dateModified":"2026-03-24T19:08:04+00:00","breadcrumb":{"@id":"https:\/\/www.salk.edu\/about\/education-outreach\/programs\/#breadcrumb"},"inLanguage":"es-MX","potentialAction":[{"@type":"ReadAction","target":["https:\/\/www.salk.edu\/about\/education-outreach\/programs\/"]}]},{"@type":"BreadcrumbList","@id":"https:\/\/www.salk.edu\/about\/education-outreach\/programs\/#breadcrumb","itemListElement":[{"@type":"ListItem","position":1,"name":"Home","item":"https:\/\/www.salk.edu\/"},{"@type":"ListItem","position":2,"name":"About","item":"https:\/\/www.salk.edu\/about\/"},{"@type":"ListItem","position":3,"name":"Education Outreach","item":"https:\/\/www.salk.edu\/about\/education-outreach\/"},{"@type":"ListItem","position":4,"name":"Programs"}]},{"@type":"WebSite","@id":"https:\/\/www.salk.edu\/#website","url":"https:\/\/www.salk.edu\/","name":"Instituto Salk de Estudios Biol\u00f3gicos","description":"El Poder de la Ciencia","publisher":{"@id":"https:\/\/www.salk.edu\/#organization"},"potentialAction":[{"@type":"SearchAction","target":{"@type":"EntryPoint","urlTemplate":"https:\/\/www.salk.edu\/?s={search_term_string}"},"query-input":{"@type":"PropertyValueSpecification","valueRequired":true,"valueName":"search_term_string"}}],"inLanguage":"es-MX"},{"@type":"Organization","@id":"https:\/\/www.salk.edu\/#organization","name":"Instituto Salk de Estudios Biol\u00f3gicos","url":"https:\/\/www.salk.edu\/","logo":{"@type":"ImageObject","inLanguage":"es-MX","@id":"https:\/\/www.salk.edu\/#\/schema\/logo\/image\/","url":"http:\/\/www.salk.edu\/wp-content\/uploads\/2023\/03\/salk_logo_696.jpg","contentUrl":"http:\/\/www.salk.edu\/wp-content\/uploads\/2023\/03\/salk_logo_696.jpg","width":696,"height":696,"caption":"Salk Institute for Biological Studies"},"image":{"@id":"https:\/\/www.salk.edu\/#\/schema\/logo\/image\/"}}]}},"ACF":{"hero":"https:\/\/www.salk.edu\/wp-content\/uploads\/2023\/01\/about-education-outreach-hero-230106.jpg","line_1":"Education Outreach","line_2":"Programs","secondary_navigation":"<div class=\"menu-education-outreach-container\"><ul id=\"menu-education-outreach\" class=\"menu\"><li class=\"menu-item menu-item-type-post_type menu-item-object-page menu-item-3201\"><a href=\"https:\/\/www.salk.edu\/es\/about\/education-outreach\/\">About<\/a><\/li>\n<li class=\"menu-item menu-item-type-post_type menu-item-object-page menu-item-3200\"><a href=\"https:\/\/www.salk.edu\/es\/about\/education-outreach\/programs\/\">Programs<\/a><\/li>\n<li class=\"menu-item menu-item-type-custom menu-item-object-custom menu-item-39771\"><a href=\"https:\/\/www.salk.edu\/about\/education-outreach\/donors\/\">Donors<\/a><\/li>\n<li class=\"menu-item menu-item-type-post_type menu-item-object-page menu-item-3197\"><a href=\"https:\/\/www.salk.edu\/es\/about\/education-outreach\/teacher-resources\/\">Teacher Resources<\/a><\/li>\n<\/ul><\/div>","gallery":false,"salk_custom_body_class":"","poster_quote":""},"_links":{"self":[{"href":"https:\/\/www.salk.edu\/es\/wp-json\/wp\/v2\/pages\/3192","targetHints":{"allow":["GET"]}}],"collection":[{"href":"https:\/\/www.salk.edu\/es\/wp-json\/wp\/v2\/pages"}],"about":[{"href":"https:\/\/www.salk.edu\/es\/wp-json\/wp\/v2\/types\/page"}],"author":[{"embeddable":true,"href":"https:\/\/www.salk.edu\/es\/wp-json\/wp\/v2\/users\/3"}],"replies":[{"embeddable":true,"href":"https:\/\/www.salk.edu\/es\/wp-json\/wp\/v2\/comments?post=3192"}],"version-history":[{"count":136,"href":"https:\/\/www.salk.edu\/es\/wp-json\/wp\/v2\/pages\/3192\/revisions"}],"predecessor-version":[{"id":56317,"href":"https:\/\/www.salk.edu\/es\/wp-json\/wp\/v2\/pages\/3192\/revisions\/56317"}],"up":[{"embeddable":true,"href":"https:\/\/www.salk.edu\/es\/wp-json\/wp\/v2\/pages\/28"}],"wp:attachment":[{"href":"https:\/\/www.salk.edu\/es\/wp-json\/wp\/v2\/media?parent=3192"}],"wp:term":[{"taxonomy":"folder","embeddable":true,"href":"https:\/\/www.salk.edu\/es\/wp-json\/wp\/v2\/folder?post=3192"}],"curies":[{"name":"la hora de","href":"https:\/\/api.w.org\/{rel}","templated":true}]}}