{"id":25164,"date":"2019-12-19T14:00:42","date_gmt":"2019-12-19T22:00:42","guid":{"rendered":"https:\/\/vermont.salk.edu\/?page_id=25164"},"modified":"2020-04-10T14:14:55","modified_gmt":"2020-04-10T21:14:55","slug":"cell-cycle-meeting-2020","status":"publish","type":"page","link":"https:\/\/www.salk.edu\/es\/events\/science-events\/cell-cycle-meeting-2020\/","title":{"rendered":"Reuni\u00f3n del Ciclo Celular 2020"},"content":{"rendered":"<p><!-- June 23-26, 2020\nConrad T. Prebys Auditorium\nSalk Institute for Biological Studies\n\nAbstract Deadline: May 11, 2020\nRegistration Deadline: June 11, 2020\n\n\n\n\n<strong>Meeting Topics<\/strong>\n\n\n<ul>\n\n\n<li>Growth and Proliferation<\/li>\n\n\n\n\n<li>DNA Replication<\/li>\n\n\n\n\n<li>Genome Stability<\/li>\n\n\n\n\n<li>Mitosis<\/li>\n\n\n\n\n<li>Cell Cycle and Development<\/li>\n\n\n\n\n<li>Cell Cycle Switches and Division<\/li>\n\n\n<\/ul>\n\n\n\n\n<a href=\"https:\/\/www.salk.edu\/wp-content\/uploads\/2019\/12\/Cell-Cycle-Poster-2020.pdf\"><img decoding=\"async\" src=\"https:\/\/www.salk.edu\/wp-content\/uploads\/2019\/12\/11-cell-cycle-meeting-img.jpg\" style=\"width:300px;\"><\/a>\n\n\n<a href=\"https:\/\/www.salk.edu\/wp-content\/uploads\/2019\/12\/Cell-Cycle-Poster-2020.pdf\">Click here to download poster<\/a> --><\/p>\n<p><strong>Este evento se ha pospuesto para junio de 2021.<\/strong><\/p>\n<p>A la luz de la r\u00e1pida evoluci\u00f3n de la pandemia de COVID-19 y la posibilidad de futuras interrupciones en los viajes durante los pr\u00f3ximos meses, hemos tomado la dif\u00edcil decisi\u00f3n de posponer la reuni\u00f3n sobre el ciclo celular, originalmente programada para el 23-26 de junio de 2020, hasta 2021.<br \/>\nAgradecemos la paciencia y comprensi\u00f3n de todos durante este momento dif\u00edcil, y nos pondremos en contacto tan pronto como se tome una decisi\u00f3n sobre una nueva fecha. Esperamos que est\u00e9 dispuesto a hablar en la reuni\u00f3n reprogramada. Estamos tan decepcionados como usted de que no podamos celebrar lo que promet\u00eda ser una reuni\u00f3n muy emocionante, pero aplazarla nos pareci\u00f3 el \u00fanico curso de acci\u00f3n prudente.<\/p>","protected":false},"excerpt":{"rendered":"<p><!-- June 23-26, 2020\nConrad T. Prebys Auditorium\nSalk Institute for Biological Studies\n\nAbstract Deadline: May 11, 2020\nRegistration Deadline: June 11, 2020\n\n\n\n\n<strong>Meeting Topics<\/strong>\n\n\n\n\n<ul>\n\n\n\n\n<li>Growth and Proliferation<\/li>\n\n\n\n\n\n\n\n\n<li>DNA Replication<\/li>\n\n\n\n\n\n\n\n\n<li>Genome Stability<\/li>\n\n\n\n\n\n\n\n\n<li>Mitosis<\/li>\n\n\n\n\n\n\n\n\n<li>Cell Cycle and Development<\/li>\n\n\n\n\n\n\n\n\n<li>Cell Cycle Switches and Division<\/li>\n\n\n\n\n<\/ul>\n\n\n\n\n\n\n<a href=\"https:\/\/www.salk.edu\/wp-content\/uploads\/2019\/12\/Cell-Cycle-Poster-2020.pdf\"><img decoding=\"async\" src=\"https:\/\/www.salk.edu\/wp-content\/uploads\/2019\/12\/11-cell-cycle-meeting-img.jpg\" style=\"width:300px;\"><\/a>\n\n\n<a href=\"https:\/\/www.salk.edu\/wp-content\/uploads\/2019\/12\/Cell-Cycle-Poster-2020.pdf\">Click here to download poster<\/a> --><\/p>","protected":false},"author":91,"featured_media":0,"parent":46,"menu_order":0,"comment_status":"closed","ping_status":"closed","template":"","meta":{"_acf_changed":false,"footnotes":""},"folder":[500],"class_list":["post-25164","page","type-page","status-publish","hentry"],"acf":[],"yoast_head":"<!-- This site is optimized with the Yoast SEO plugin v27.3 - https:\/\/yoast.com\/product\/yoast-seo-wordpress\/ -->\n<title>Cell Cycle Meeting 2020 - Salk Institute for Biological Studies<\/title>\n<meta name=\"robots\" content=\"index, follow, max-snippet:-1, max-image-preview:large, max-video-preview:-1\" \/>\n<link rel=\"canonical\" href=\"https:\/\/www.salk.edu\/es\/events\/science-events\/cell-cycle-meeting-2020\/\" \/>\n<meta property=\"og:locale\" content=\"es_MX\" \/>\n<meta property=\"og:type\" content=\"article\" \/>\n<meta property=\"og:title\" content=\"Cell Cycle Meeting 2020 - Salk Institute for Biological Studies\" \/>\n<meta property=\"og:url\" content=\"https:\/\/www.salk.edu\/es\/events\/science-events\/cell-cycle-meeting-2020\/\" \/>\n<meta property=\"og:site_name\" content=\"Salk Institute for Biological Studies\" \/>\n<meta property=\"article:modified_time\" content=\"2020-04-10T21:14:55+00:00\" \/>\n<meta property=\"og:image\" content=\"http:\/\/www.salk.edu\/wp-content\/uploads\/2019\/12\/11-cell-cycle-meeting-img.jpg\" \/>\n<meta name=\"twitter:card\" content=\"summary_large_image\" \/>\n<meta name=\"twitter:label1\" content=\"Est. reading time\" \/>\n\t<meta name=\"twitter:data1\" content=\"1 minute\" \/>\n<script type=\"application\/ld+json\" class=\"yoast-schema-graph\">{\"@context\":\"https:\\\/\\\/schema.org\",\"@graph\":[{\"@type\":\"WebPage\",\"@id\":\"https:\\\/\\\/www.salk.edu\\\/events\\\/science-events\\\/cell-cycle-meeting-2020\\\/\",\"url\":\"https:\\\/\\\/www.salk.edu\\\/events\\\/science-events\\\/cell-cycle-meeting-2020\\\/\",\"name\":\"Cell Cycle Meeting 2020 - Salk Institute for Biological Studies\",\"isPartOf\":{\"@id\":\"https:\\\/\\\/www.salk.edu\\\/#website\"},\"primaryImageOfPage\":{\"@id\":\"https:\\\/\\\/www.salk.edu\\\/events\\\/science-events\\\/cell-cycle-meeting-2020\\\/#primaryimage\"},\"image\":{\"@id\":\"https:\\\/\\\/www.salk.edu\\\/events\\\/science-events\\\/cell-cycle-meeting-2020\\\/#primaryimage\"},\"thumbnailUrl\":\"http:\\\/\\\/www.salk.edu\\\/wp-content\\\/uploads\\\/2019\\\/12\\\/11-cell-cycle-meeting-img.jpg\",\"datePublished\":\"2019-12-19T22:00:42+00:00\",\"dateModified\":\"2020-04-10T21:14:55+00:00\",\"breadcrumb\":{\"@id\":\"https:\\\/\\\/www.salk.edu\\\/events\\\/science-events\\\/cell-cycle-meeting-2020\\\/#breadcrumb\"},\"inLanguage\":\"es-MX\",\"potentialAction\":[{\"@type\":\"ReadAction\",\"target\":[\"https:\\\/\\\/www.salk.edu\\\/events\\\/science-events\\\/cell-cycle-meeting-2020\\\/\"]}]},{\"@type\":\"ImageObject\",\"inLanguage\":\"es-MX\",\"@id\":\"https:\\\/\\\/www.salk.edu\\\/events\\\/science-events\\\/cell-cycle-meeting-2020\\\/#primaryimage\",\"url\":\"http:\\\/\\\/www.salk.edu\\\/wp-content\\\/uploads\\\/2019\\\/12\\\/11-cell-cycle-meeting-img.jpg\",\"contentUrl\":\"http:\\\/\\\/www.salk.edu\\\/wp-content\\\/uploads\\\/2019\\\/12\\\/11-cell-cycle-meeting-img.jpg\"},{\"@type\":\"BreadcrumbList\",\"@id\":\"https:\\\/\\\/www.salk.edu\\\/events\\\/science-events\\\/cell-cycle-meeting-2020\\\/#breadcrumb\",\"itemListElement\":[{\"@type\":\"ListItem\",\"position\":1,\"name\":\"Home\",\"item\":\"https:\\\/\\\/www.salk.edu\\\/\"},{\"@type\":\"ListItem\",\"position\":2,\"name\":\"Events\",\"item\":\"https:\\\/\\\/www.salk.edu\\\/events\\\/\"},{\"@type\":\"ListItem\",\"position\":3,\"name\":\"Science Events\",\"item\":\"https:\\\/\\\/www.salk.edu\\\/events\\\/science-events\\\/\"},{\"@type\":\"ListItem\",\"position\":4,\"name\":\"Cell Cycle Meeting 2020\"}]},{\"@type\":\"WebSite\",\"@id\":\"https:\\\/\\\/www.salk.edu\\\/#website\",\"url\":\"https:\\\/\\\/www.salk.edu\\\/\",\"name\":\"Salk Institute for Biological Studies\",\"description\":\"The Power of Science\",\"publisher\":{\"@id\":\"https:\\\/\\\/www.salk.edu\\\/#organization\"},\"potentialAction\":[{\"@type\":\"SearchAction\",\"target\":{\"@type\":\"EntryPoint\",\"urlTemplate\":\"https:\\\/\\\/www.salk.edu\\\/?s={search_term_string}\"},\"query-input\":{\"@type\":\"PropertyValueSpecification\",\"valueRequired\":true,\"valueName\":\"search_term_string\"}}],\"inLanguage\":\"es-MX\"},{\"@type\":\"Organization\",\"@id\":\"https:\\\/\\\/www.salk.edu\\\/#organization\",\"name\":\"Salk Institute for Biological Studies\",\"url\":\"https:\\\/\\\/www.salk.edu\\\/\",\"logo\":{\"@type\":\"ImageObject\",\"inLanguage\":\"es-MX\",\"@id\":\"https:\\\/\\\/www.salk.edu\\\/#\\\/schema\\\/logo\\\/image\\\/\",\"url\":\"http:\\\/\\\/www.salk.edu\\\/wp-content\\\/uploads\\\/2023\\\/03\\\/salk_logo_696.jpg\",\"contentUrl\":\"http:\\\/\\\/www.salk.edu\\\/wp-content\\\/uploads\\\/2023\\\/03\\\/salk_logo_696.jpg\",\"width\":696,\"height\":696,\"caption\":\"Salk Institute for Biological Studies\"},\"image\":{\"@id\":\"https:\\\/\\\/www.salk.edu\\\/#\\\/schema\\\/logo\\\/image\\\/\"}}]}<\/script>\n<!-- \/ Yoast SEO plugin. -->","yoast_head_json":{"title":"Cell Cycle Meeting 2020 - Salk Institute for Biological Studies","robots":{"index":"index","follow":"follow","max-snippet":"max-snippet:-1","max-image-preview":"max-image-preview:large","max-video-preview":"max-video-preview:-1"},"canonical":"https:\/\/www.salk.edu\/es\/events\/science-events\/cell-cycle-meeting-2020\/","og_locale":"es_MX","og_type":"article","og_title":"Cell Cycle Meeting 2020 - Salk Institute for Biological Studies","og_url":"https:\/\/www.salk.edu\/es\/events\/science-events\/cell-cycle-meeting-2020\/","og_site_name":"Salk Institute for Biological Studies","article_modified_time":"2020-04-10T21:14:55+00:00","og_image":[{"url":"http:\/\/www.salk.edu\/wp-content\/uploads\/2019\/12\/11-cell-cycle-meeting-img.jpg","type":"","width":"","height":""}],"twitter_card":"summary_large_image","twitter_misc":{"Est. reading time":"1 minute"},"schema":{"@context":"https:\/\/schema.org","@graph":[{"@type":"WebPage","@id":"https:\/\/www.salk.edu\/events\/science-events\/cell-cycle-meeting-2020\/","url":"https:\/\/www.salk.edu\/events\/science-events\/cell-cycle-meeting-2020\/","name":"Cell Cycle Meeting 2020 - Salk Institute for Biological Studies","isPartOf":{"@id":"https:\/\/www.salk.edu\/#website"},"primaryImageOfPage":{"@id":"https:\/\/www.salk.edu\/events\/science-events\/cell-cycle-meeting-2020\/#primaryimage"},"image":{"@id":"https:\/\/www.salk.edu\/events\/science-events\/cell-cycle-meeting-2020\/#primaryimage"},"thumbnailUrl":"http:\/\/www.salk.edu\/wp-content\/uploads\/2019\/12\/11-cell-cycle-meeting-img.jpg","datePublished":"2019-12-19T22:00:42+00:00","dateModified":"2020-04-10T21:14:55+00:00","breadcrumb":{"@id":"https:\/\/www.salk.edu\/events\/science-events\/cell-cycle-meeting-2020\/#breadcrumb"},"inLanguage":"es-MX","potentialAction":[{"@type":"ReadAction","target":["https:\/\/www.salk.edu\/events\/science-events\/cell-cycle-meeting-2020\/"]}]},{"@type":"ImageObject","inLanguage":"es-MX","@id":"https:\/\/www.salk.edu\/events\/science-events\/cell-cycle-meeting-2020\/#primaryimage","url":"http:\/\/www.salk.edu\/wp-content\/uploads\/2019\/12\/11-cell-cycle-meeting-img.jpg","contentUrl":"http:\/\/www.salk.edu\/wp-content\/uploads\/2019\/12\/11-cell-cycle-meeting-img.jpg"},{"@type":"BreadcrumbList","@id":"https:\/\/www.salk.edu\/events\/science-events\/cell-cycle-meeting-2020\/#breadcrumb","itemListElement":[{"@type":"ListItem","position":1,"name":"Home","item":"https:\/\/www.salk.edu\/"},{"@type":"ListItem","position":2,"name":"Events","item":"https:\/\/www.salk.edu\/events\/"},{"@type":"ListItem","position":3,"name":"Science Events","item":"https:\/\/www.salk.edu\/events\/science-events\/"},{"@type":"ListItem","position":4,"name":"Cell Cycle Meeting 2020"}]},{"@type":"WebSite","@id":"https:\/\/www.salk.edu\/#website","url":"https:\/\/www.salk.edu\/","name":"Instituto Salk de Estudios Biol\u00f3gicos","description":"The Power of Science","publisher":{"@id":"https:\/\/www.salk.edu\/#organization"},"potentialAction":[{"@type":"SearchAction","target":{"@type":"EntryPoint","urlTemplate":"https:\/\/www.salk.edu\/?s={search_term_string}"},"query-input":{"@type":"PropertyValueSpecification","valueRequired":true,"valueName":"search_term_string"}}],"inLanguage":"es-MX"},{"@type":"Organization","@id":"https:\/\/www.salk.edu\/#organization","name":"Instituto Salk de Estudios Biol\u00f3gicos","url":"https:\/\/www.salk.edu\/","logo":{"@type":"ImageObject","inLanguage":"es-MX","@id":"https:\/\/www.salk.edu\/#\/schema\/logo\/image\/","url":"http:\/\/www.salk.edu\/wp-content\/uploads\/2023\/03\/salk_logo_696.jpg","contentUrl":"http:\/\/www.salk.edu\/wp-content\/uploads\/2023\/03\/salk_logo_696.jpg","width":696,"height":696,"caption":"Salk Institute for Biological Studies"},"image":{"@id":"https:\/\/www.salk.edu\/#\/schema\/logo\/image\/"}}]}},"ACF":{"salk_custom_body_class":"","gallery":false,"secondary_navigation":"<div class=\"menu-cell-cycle-meeting-2020-container\"><ul id=\"menu-cell-cycle-meeting-2020\" class=\"menu\"><li class=\"menu-item menu-item-type-post_type menu-item-object-page menu-item-25172\"><a href=\"https:\/\/www.salk.edu\/es\/events\/science-events\/cell-cycle-meeting-2020\/\">Home<\/a><\/li>\n<\/ul><\/div>"},"_links":{"self":[{"href":"https:\/\/www.salk.edu\/es\/wp-json\/wp\/v2\/pages\/25164","targetHints":{"allow":["GET"]}}],"collection":[{"href":"https:\/\/www.salk.edu\/es\/wp-json\/wp\/v2\/pages"}],"about":[{"href":"https:\/\/www.salk.edu\/es\/wp-json\/wp\/v2\/types\/page"}],"author":[{"embeddable":true,"href":"https:\/\/www.salk.edu\/es\/wp-json\/wp\/v2\/users\/91"}],"replies":[{"embeddable":true,"href":"https:\/\/www.salk.edu\/es\/wp-json\/wp\/v2\/comments?post=25164"}],"version-history":[{"count":7,"href":"https:\/\/www.salk.edu\/es\/wp-json\/wp\/v2\/pages\/25164\/revisions"}],"predecessor-version":[{"id":26207,"href":"https:\/\/www.salk.edu\/es\/wp-json\/wp\/v2\/pages\/25164\/revisions\/26207"}],"up":[{"embeddable":true,"href":"https:\/\/www.salk.edu\/es\/wp-json\/wp\/v2\/pages\/46"}],"wp:attachment":[{"href":"https:\/\/www.salk.edu\/es\/wp-json\/wp\/v2\/media?parent=25164"}],"wp:term":[{"taxonomy":"folder","embeddable":true,"href":"https:\/\/www.salk.edu\/es\/wp-json\/wp\/v2\/folder?post=25164"}],"curies":[{"name":"wp","href":"https:\/\/api.w.org\/{rel}","templated":true}]}}