{"id":24462,"date":"2019-10-03T15:23:50","date_gmt":"2019-10-03T22:23:50","guid":{"rendered":"https:\/\/vermont.salk.edu\/?page_id=24462"},"modified":"2019-10-10T11:32:09","modified_gmt":"2019-10-10T18:32:09","slug":"locations","status":"publish","type":"page","link":"https:\/\/www.salk.edu\/es\/events\/science-events\/plant-carbon-drawdown-symposium-2020\/locations\/","title":{"rendered":"Locations"},"content":{"rendered":"<h2>Informaci\u00f3n de viaje<\/h2>\n<p><strong>Direcci\u00f3n\/n\u00fameros de tel\u00e9fono de contacto mientras asistes a la reuni\u00f3n<\/strong><br \/>\n Instituto Salk de Estudios Biol\u00f3gicos <br \/>\n  10010 N. Torrey Pines Road <\/p>\n<p> La Jolla, CA 92037<br \/>\n +1 (858) 453-4100 (tel\u00e9fono) <br \/>\n +1 (858) 625-2404 (fax)<\/p>\n<p>\n <strong>Sitio web del Aeropuerto Internacional de San Diego:<\/strong><br \/>\n <a href=\"http:\/\/www.san.org\/\" target=\"_blank\">www.san.org<\/a> <\/p>\n<p><\/p>\n<p>\n <strong>servicio de taxi<\/strong><br \/>\n Yellow Cab +1 (619) 234-6161<\/p>\n<p><\/p>\n<p>\n <strong>Servicio de tren:<\/strong><br \/>\n Amtrak +1 (800) 872-7245 <\/p>\n<p><\/p>\n<p>\n <strong>Transporte P\u00fablico de San Diego<\/strong><br \/>\n +1 (619) 233-3004<\/p>\n<p><\/p>\n<p>\n <strong>Servicio de transporte<\/strong>\n<\/p>\n<ul class=\"indent\">\n<li> <strong>5 Star Transportation<\/strong>\n<p>    + 1 (844) 294-3300<br \/>\n    <a href=\"https:\/\/www.fivestar.limo\/\" target=\"_blank\">https:\/\/www.fivestar.limo\/<\/a><\/li>\n<li><strong>Cloud 9 Shuttle<br \/>\n <\/strong>+1 (800) 974-8885 <a href=\"http:\/\/www.cloud9shuttle.com\/\" target=\"_blank\"><br \/>\n www.cloud9shuttle.com<\/a><\/li>\n<li><strong>Super Shuttle<\/strong> \n<p>   +1 (800) 900-7433<br \/>\n   <a href=\"http:\/\/www.supershuttle.com\/\" target=\"_blank\">www.supershuttle.com\/<\/a><\/li>\n<\/ul>\n<p><\/p>\n<p>Al reservar el servicio de transporte, use la direcci\u00f3n del Instituto Salk indicada arriba si sale del Instituto.<\/p>\n<p>Para el servicio de taxi, te preguntar\u00e1n el n\u00famero de tel\u00e9fono desde el que llamas. Diles +1 (858) 453-4100.<\/p>\n<p>&nbsp;<\/p>\n<h2>Instituto Salk<\/h2>\n<p>\nEl Instituto Salk se asoma al Oc\u00e9ano Pac\u00edfico, justo al oeste de la Universidad de California en San Diego.<br \/>\n Nuestra direcci\u00f3n es:<br \/>\n 10010 N Torrey Pines Rd<br \/> La Jolla, CA 92037<\/p>\n<p>\n <strong><a href=\"https:\/\/goo.gl\/maps\/xncbci64CLsv9gnq9\" rel=\"noopener\" target=\"_blank\">Click here for directions to the Salk Institute &raquo;<\/a><\/strong>\n<\/p>\n<p><strong><a href=\"https:\/\/www.salk.edu\/es\/contact\/salk-institute-campus-map\/\" target=\"_blank\">Click here for a Salk Institute map &raquo;<\/a><\/strong><\/p>\n<h2>San Diego Botanic Garden<\/h2>\n<p>\n <strong><a href=\"https:\/\/goo.gl\/maps\/JU1JWH3n9iN5BHHF6\" rel=\"noopener\" target=\"_blank\">Click here for directions to the San Diego Botanic Garden &raquo;<\/a><\/strong>\n<\/p>\n<hr>\n<h2>Alojamiento<\/h2>\n<p><a href=\"https:\/\/www.salk.edu\/es\/events\/science-events\/plant-carbon-drawdown-symposium-2020\/accommodations\/\">Click here for local hotel rates and information&raquo;<\/a><\/p>","protected":false},"excerpt":{"rendered":"<h2>Informaci\u00f3n de viaje<\/h2>\n<p><strong>Direcci\u00f3n\/n\u00fameros de tel\u00e9fono de contacto mientras asistes a la reuni\u00f3n<\/strong><br \/>\n Instituto Salk de Estudios Biol\u00f3gicos <br \/>\n  10010 N. Torrey Pines Road <\/p>","protected":false},"author":91,"featured_media":0,"parent":24431,"menu_order":0,"comment_status":"closed","ping_status":"closed","template":"","meta":{"_acf_changed":false,"footnotes":""},"folder":[476],"class_list":["post-24462","page","type-page","status-publish","hentry"],"acf":[],"yoast_head":"<!-- This site is optimized with the Yoast SEO plugin v27.3 - https:\/\/yoast.com\/product\/yoast-seo-wordpress\/ -->\n<title>Locations - Salk Institute for Biological Studies<\/title>\n<meta name=\"robots\" content=\"index, follow, max-snippet:-1, max-image-preview:large, max-video-preview:-1\" \/>\n<link rel=\"canonical\" href=\"https:\/\/www.salk.edu\/es\/events\/science-events\/plant-carbon-drawdown-symposium-2020\/locations\/\" \/>\n<meta property=\"og:locale\" content=\"es_MX\" \/>\n<meta property=\"og:type\" content=\"article\" \/>\n<meta property=\"og:title\" content=\"Locations - Salk Institute for Biological Studies\" \/>\n<meta property=\"og:description\" content=\"Travel Information Contact address\/phone numbers while you&#8217;re attending the meeting Salk Institute for Biological Studies  10010 N. Torrey Pines Road\" \/>\n<meta property=\"og:url\" content=\"https:\/\/www.salk.edu\/es\/events\/science-events\/plant-carbon-drawdown-symposium-2020\/locations\/\" \/>\n<meta property=\"og:site_name\" content=\"Salk Institute for Biological Studies\" \/>\n<meta property=\"article:modified_time\" content=\"2019-10-10T18:32:09+00:00\" \/>\n<meta property=\"og:image\" content=\"https:\/\/www.salk.edu\/wp-content\/uploads\/2023\/03\/salk-institute-preview-image.jpg\" \/>\n\t<meta property=\"og:image:width\" content=\"628\" \/>\n\t<meta property=\"og:image:height\" content=\"329\" \/>\n\t<meta property=\"og:image:type\" content=\"image\/jpeg\" \/>\n<meta name=\"twitter:card\" content=\"summary_large_image\" \/>\n<meta name=\"twitter:label1\" content=\"Est. reading time\" \/>\n\t<meta name=\"twitter:data1\" content=\"1 minute\" \/>\n<script type=\"application\/ld+json\" class=\"yoast-schema-graph\">{\"@context\":\"https:\\\/\\\/schema.org\",\"@graph\":[{\"@type\":\"WebPage\",\"@id\":\"https:\\\/\\\/www.salk.edu\\\/events\\\/science-events\\\/plant-carbon-drawdown-symposium-2020\\\/locations\\\/\",\"url\":\"https:\\\/\\\/www.salk.edu\\\/events\\\/science-events\\\/plant-carbon-drawdown-symposium-2020\\\/locations\\\/\",\"name\":\"Locations - Salk Institute for Biological Studies\",\"isPartOf\":{\"@id\":\"https:\\\/\\\/www.salk.edu\\\/#website\"},\"datePublished\":\"2019-10-03T22:23:50+00:00\",\"dateModified\":\"2019-10-10T18:32:09+00:00\",\"breadcrumb\":{\"@id\":\"https:\\\/\\\/www.salk.edu\\\/events\\\/science-events\\\/plant-carbon-drawdown-symposium-2020\\\/locations\\\/#breadcrumb\"},\"inLanguage\":\"es-MX\",\"potentialAction\":[{\"@type\":\"ReadAction\",\"target\":[\"https:\\\/\\\/www.salk.edu\\\/events\\\/science-events\\\/plant-carbon-drawdown-symposium-2020\\\/locations\\\/\"]}]},{\"@type\":\"BreadcrumbList\",\"@id\":\"https:\\\/\\\/www.salk.edu\\\/events\\\/science-events\\\/plant-carbon-drawdown-symposium-2020\\\/locations\\\/#breadcrumb\",\"itemListElement\":[{\"@type\":\"ListItem\",\"position\":1,\"name\":\"Home\",\"item\":\"https:\\\/\\\/www.salk.edu\\\/\"},{\"@type\":\"ListItem\",\"position\":2,\"name\":\"Events\",\"item\":\"https:\\\/\\\/www.salk.edu\\\/events\\\/\"},{\"@type\":\"ListItem\",\"position\":3,\"name\":\"Science Events\",\"item\":\"https:\\\/\\\/www.salk.edu\\\/events\\\/science-events\\\/\"},{\"@type\":\"ListItem\",\"position\":4,\"name\":\"Plant Carbon Drawdown Symposium 2020\",\"item\":\"https:\\\/\\\/www.salk.edu\\\/events\\\/science-events\\\/plant-carbon-drawdown-symposium-2020\\\/\"},{\"@type\":\"ListItem\",\"position\":5,\"name\":\"Locations\"}]},{\"@type\":\"WebSite\",\"@id\":\"https:\\\/\\\/www.salk.edu\\\/#website\",\"url\":\"https:\\\/\\\/www.salk.edu\\\/\",\"name\":\"Salk Institute for Biological Studies\",\"description\":\"The Power of Science\",\"publisher\":{\"@id\":\"https:\\\/\\\/www.salk.edu\\\/#organization\"},\"potentialAction\":[{\"@type\":\"SearchAction\",\"target\":{\"@type\":\"EntryPoint\",\"urlTemplate\":\"https:\\\/\\\/www.salk.edu\\\/?s={search_term_string}\"},\"query-input\":{\"@type\":\"PropertyValueSpecification\",\"valueRequired\":true,\"valueName\":\"search_term_string\"}}],\"inLanguage\":\"es-MX\"},{\"@type\":\"Organization\",\"@id\":\"https:\\\/\\\/www.salk.edu\\\/#organization\",\"name\":\"Salk Institute for Biological Studies\",\"url\":\"https:\\\/\\\/www.salk.edu\\\/\",\"logo\":{\"@type\":\"ImageObject\",\"inLanguage\":\"es-MX\",\"@id\":\"https:\\\/\\\/www.salk.edu\\\/#\\\/schema\\\/logo\\\/image\\\/\",\"url\":\"http:\\\/\\\/www.salk.edu\\\/wp-content\\\/uploads\\\/2023\\\/03\\\/salk_logo_696.jpg\",\"contentUrl\":\"http:\\\/\\\/www.salk.edu\\\/wp-content\\\/uploads\\\/2023\\\/03\\\/salk_logo_696.jpg\",\"width\":696,\"height\":696,\"caption\":\"Salk Institute for Biological Studies\"},\"image\":{\"@id\":\"https:\\\/\\\/www.salk.edu\\\/#\\\/schema\\\/logo\\\/image\\\/\"}}]}<\/script>\n<!-- \/ Yoast SEO plugin. -->","yoast_head_json":{"title":"Locations - Salk Institute for Biological Studies","robots":{"index":"index","follow":"follow","max-snippet":"max-snippet:-1","max-image-preview":"max-image-preview:large","max-video-preview":"max-video-preview:-1"},"canonical":"https:\/\/www.salk.edu\/es\/events\/science-events\/plant-carbon-drawdown-symposium-2020\/locations\/","og_locale":"es_MX","og_type":"article","og_title":"Locations - Salk Institute for Biological Studies","og_description":"Travel Information Contact address\/phone numbers while you&#8217;re attending the meeting Salk Institute for Biological Studies  10010 N. Torrey Pines Road","og_url":"https:\/\/www.salk.edu\/es\/events\/science-events\/plant-carbon-drawdown-symposium-2020\/locations\/","og_site_name":"Salk Institute for Biological Studies","article_modified_time":"2019-10-10T18:32:09+00:00","og_image":[{"width":628,"height":329,"url":"https:\/\/www.salk.edu\/wp-content\/uploads\/2023\/03\/salk-institute-preview-image.jpg","type":"image\/jpeg"}],"twitter_card":"summary_large_image","twitter_misc":{"Est. reading time":"1 minute"},"schema":{"@context":"https:\/\/schema.org","@graph":[{"@type":"WebPage","@id":"https:\/\/www.salk.edu\/events\/science-events\/plant-carbon-drawdown-symposium-2020\/locations\/","url":"https:\/\/www.salk.edu\/events\/science-events\/plant-carbon-drawdown-symposium-2020\/locations\/","name":"Locations - Salk Institute for Biological Studies","isPartOf":{"@id":"https:\/\/www.salk.edu\/#website"},"datePublished":"2019-10-03T22:23:50+00:00","dateModified":"2019-10-10T18:32:09+00:00","breadcrumb":{"@id":"https:\/\/www.salk.edu\/events\/science-events\/plant-carbon-drawdown-symposium-2020\/locations\/#breadcrumb"},"inLanguage":"es-MX","potentialAction":[{"@type":"ReadAction","target":["https:\/\/www.salk.edu\/events\/science-events\/plant-carbon-drawdown-symposium-2020\/locations\/"]}]},{"@type":"BreadcrumbList","@id":"https:\/\/www.salk.edu\/events\/science-events\/plant-carbon-drawdown-symposium-2020\/locations\/#breadcrumb","itemListElement":[{"@type":"ListItem","position":1,"name":"Home","item":"https:\/\/www.salk.edu\/"},{"@type":"ListItem","position":2,"name":"Events","item":"https:\/\/www.salk.edu\/events\/"},{"@type":"ListItem","position":3,"name":"Science Events","item":"https:\/\/www.salk.edu\/events\/science-events\/"},{"@type":"ListItem","position":4,"name":"Plant Carbon Drawdown Symposium 2020","item":"https:\/\/www.salk.edu\/events\/science-events\/plant-carbon-drawdown-symposium-2020\/"},{"@type":"ListItem","position":5,"name":"Locations"}]},{"@type":"WebSite","@id":"https:\/\/www.salk.edu\/#website","url":"https:\/\/www.salk.edu\/","name":"Instituto Salk de Estudios Biol\u00f3gicos","description":"The Power of Science","publisher":{"@id":"https:\/\/www.salk.edu\/#organization"},"potentialAction":[{"@type":"SearchAction","target":{"@type":"EntryPoint","urlTemplate":"https:\/\/www.salk.edu\/?s={search_term_string}"},"query-input":{"@type":"PropertyValueSpecification","valueRequired":true,"valueName":"search_term_string"}}],"inLanguage":"es-MX"},{"@type":"Organization","@id":"https:\/\/www.salk.edu\/#organization","name":"Instituto Salk de Estudios Biol\u00f3gicos","url":"https:\/\/www.salk.edu\/","logo":{"@type":"ImageObject","inLanguage":"es-MX","@id":"https:\/\/www.salk.edu\/#\/schema\/logo\/image\/","url":"http:\/\/www.salk.edu\/wp-content\/uploads\/2023\/03\/salk_logo_696.jpg","contentUrl":"http:\/\/www.salk.edu\/wp-content\/uploads\/2023\/03\/salk_logo_696.jpg","width":696,"height":696,"caption":"Salk Institute for Biological Studies"},"image":{"@id":"https:\/\/www.salk.edu\/#\/schema\/logo\/image\/"}}]}},"ACF":{"gallery":false,"secondary_navigation":"<div class=\"menu-event-plant-carbon-drawdown-symposium-2020-container\"><ul id=\"menu-event-plant-carbon-drawdown-symposium-2020\" class=\"menu\"><li class=\"menu-item menu-item-type-post_type menu-item-object-page menu-item-24455\"><a href=\"https:\/\/www.salk.edu\/es\/events\/science-events\/plant-carbon-drawdown-symposium-2020\/\">Home<\/a><\/li>\n<li class=\"menu-item menu-item-type-post_type menu-item-object-page menu-item-24510\"><a href=\"https:\/\/www.salk.edu\/es\/events\/science-events\/plant-carbon-drawdown-symposium-2020\/registration\/\">Registration<\/a><\/li>\n<li class=\"menu-item menu-item-type-post_type menu-item-object-page menu-item-24461\"><a href=\"https:\/\/www.salk.edu\/es\/events\/science-events\/plant-carbon-drawdown-symposium-2020\/program\/\">Program<\/a><\/li>\n<li class=\"menu-item menu-item-type-post_type menu-item-object-page menu-item-26346\"><a href=\"https:\/\/www.salk.edu\/es\/events\/science-events\/plant-carbon-drawdown-symposium-2020\/videos\/\">Videos<\/a><\/li>\n<li class=\"menu-item menu-item-type-post_type menu-item-object-page menu-item-24464\"><a href=\"https:\/\/www.salk.edu\/es\/events\/science-events\/plant-carbon-drawdown-symposium-2020\/locations\/\">Locations<\/a><\/li>\n<li class=\"menu-item menu-item-type-post_type menu-item-object-page menu-item-25697\"><a href=\"https:\/\/www.salk.edu\/es\/events\/science-events\/plant-carbon-drawdown-symposium-2020\/sponsors\/\">Sponsors<\/a><\/li>\n<li class=\"menu-item menu-item-type-post_type menu-item-object-page menu-item-24474\"><a href=\"https:\/\/www.salk.edu\/es\/events\/science-events\/plant-carbon-drawdown-symposium-2020\/contact\/\">Contact<\/a><\/li>\n<\/ul><\/div>","salk_custom_body_class":""},"_links":{"self":[{"href":"https:\/\/www.salk.edu\/es\/wp-json\/wp\/v2\/pages\/24462","targetHints":{"allow":["GET"]}}],"collection":[{"href":"https:\/\/www.salk.edu\/es\/wp-json\/wp\/v2\/pages"}],"about":[{"href":"https:\/\/www.salk.edu\/es\/wp-json\/wp\/v2\/types\/page"}],"author":[{"embeddable":true,"href":"https:\/\/www.salk.edu\/es\/wp-json\/wp\/v2\/users\/91"}],"replies":[{"embeddable":true,"href":"https:\/\/www.salk.edu\/es\/wp-json\/wp\/v2\/comments?post=24462"}],"version-history":[{"count":11,"href":"https:\/\/www.salk.edu\/es\/wp-json\/wp\/v2\/pages\/24462\/revisions"}],"predecessor-version":[{"id":24485,"href":"https:\/\/www.salk.edu\/es\/wp-json\/wp\/v2\/pages\/24462\/revisions\/24485"}],"up":[{"embeddable":true,"href":"https:\/\/www.salk.edu\/es\/wp-json\/wp\/v2\/pages\/24431"}],"wp:attachment":[{"href":"https:\/\/www.salk.edu\/es\/wp-json\/wp\/v2\/media?parent=24462"}],"wp:term":[{"taxonomy":"folder","embeddable":true,"href":"https:\/\/www.salk.edu\/es\/wp-json\/wp\/v2\/folder?post=24462"}],"curies":[{"name":"wp","href":"https:\/\/api.w.org\/{rel}","templated":true}]}}