{"id":24431,"date":"2019-10-03T15:07:22","date_gmt":"2019-10-03T22:07:22","guid":{"rendered":"https:\/\/vermont.salk.edu\/?page_id=24431"},"modified":"2020-04-27T12:12:49","modified_gmt":"2020-04-27T19:12:49","slug":"plant-carbon-drawdown-symposium-2020","status":"publish","type":"page","link":"https:\/\/www.salk.edu\/es\/events\/science-events\/plant-carbon-drawdown-symposium-2020\/","title":{"rendered":"Plant Carbon Drawdown Symposium 2020"},"content":{"rendered":"<p><strong>March 5th-6th, 2020<\/strong><br \/>\nSalk Institute for Biological Studies and San Diego Botanic Garden<\/p>\n<p>Human activities have resulted in a continuous increase of CO2 in the earth\u2019s atmosphere. This increase is already causing drastic alterations of the earth\u2019s climate. At the same time, population growth will have resulted in 11 billion people by the end of the century, whose demands require resilient (agro)ecosystems to produce healthy food and for biodiversity to survive and thrive. There is little time nor space to address the multiple challenges driving climate change, agriculture, and ecosystem degradation separately. Plant, soil, and ocean-based approaches are among the prime candidates for global CO2 drawdown, but these may compete with agriculture and ecosystems. This symposium will be a forum to discuss and explore these grand challenges and their potential global solutions. We have invited a set of outstanding speakers who work across plant science, soil science, ocean science, atmospheric science, ecology and carbon sequestration. On the first day, we will lay out the science with our expert scientists in four different thematic sessions featuring presentations and podium discussions. On the second day, we aim to explore these approaches with the public, social scientists, press and civic arena leadership.<\/p>\n<p>Hosts:<br \/>\n<strong><a href=\"https:\/\/www.salk.edu\/es\/scientist\/wolfgang-busch\/\">Wolfgang Busch<\/a><\/strong><br \/>\nProfesor Asociado<br \/>\nLaboratorio de Biolog\u00eda Molecular y Celular Vegetal<br \/>\nLaboratorio de Biolog\u00eda Integrativa<\/p>\n<p><strong><a href=\"https:\/\/www.salk.edu\/es\/scientist\/joseph-noel\/\">Jos\u00e9 Noel<\/a><\/strong><br \/>\nProfesor y director<br \/>\nCentro Jack H. Skirball de Biolog\u00eda Qu\u00edmica y Prote\u00f3mica<br \/>\nSilla Arthur y Julie Woodrow<\/p>\n<p><!--\n\n\n<div style=\"float:right; margin-top:-130px;\"><img decoding=\"async\" src=\"\/wp-content\/uploads\/2018\/11\/Twitter_Logo_Blue.png\" style=\"width:50px;\"\/><strong>#M##<\/strong><\/div>\n\n\n\n\n<div style=\"clear:both;\"><\/div>\n\n\n--><\/p>\n<p><!--\n<a href=\"#\" target=\"_blank\" rel=\"noopener\"><img decoding=\"async\" style=\"width: 250px;\" src=\"https:\/\/placehold.it\/250x350\" alt=\"\" \/><\/a>\n\n<a href=\"#\" target=\"_blank\" rel=\"noopener\">Click here to download poster<\/a> --><\/p>","protected":false},"excerpt":{"rendered":"<p><strong>March 5th-6th, 2020<\/strong><br \/>\nSalk Institute for Biological Studies and San Diego Botanic Garden<\/p>","protected":false},"author":91,"featured_media":0,"parent":46,"menu_order":0,"comment_status":"closed","ping_status":"closed","template":"","meta":{"_acf_changed":false,"footnotes":""},"folder":[476],"class_list":["post-24431","page","type-page","status-publish","hentry"],"acf":[],"yoast_head":"<!-- This site is optimized with the Yoast SEO plugin v27.3 - https:\/\/yoast.com\/product\/yoast-seo-wordpress\/ -->\n<title>Plant Carbon Drawdown Symposium 2020 - Salk Institute for Biological Studies<\/title>\n<meta name=\"robots\" content=\"index, follow, max-snippet:-1, max-image-preview:large, max-video-preview:-1\" \/>\n<link rel=\"canonical\" href=\"https:\/\/www.salk.edu\/es\/events\/science-events\/plant-carbon-drawdown-symposium-2020\/\" \/>\n<meta property=\"og:locale\" content=\"es_MX\" \/>\n<meta property=\"og:type\" content=\"article\" \/>\n<meta property=\"og:title\" content=\"Plant Carbon Drawdown Symposium 2020 - Salk Institute for Biological Studies\" \/>\n<meta property=\"og:description\" content=\"March 5th-6th, 2020 Salk Institute for Biological Studies and San Diego Botanic Garden\" \/>\n<meta property=\"og:url\" content=\"https:\/\/www.salk.edu\/es\/events\/science-events\/plant-carbon-drawdown-symposium-2020\/\" \/>\n<meta property=\"og:site_name\" content=\"Salk Institute for Biological Studies\" \/>\n<meta property=\"article:modified_time\" content=\"2020-04-27T19:12:49+00:00\" \/>\n<meta property=\"og:image\" content=\"https:\/\/placehold.it\/250x350\" \/>\n<meta name=\"twitter:card\" content=\"summary_large_image\" \/>\n<meta name=\"twitter:label1\" content=\"Est. reading time\" \/>\n\t<meta name=\"twitter:data1\" content=\"1 minute\" \/>\n<script type=\"application\/ld+json\" class=\"yoast-schema-graph\">{\"@context\":\"https:\\\/\\\/schema.org\",\"@graph\":[{\"@type\":\"WebPage\",\"@id\":\"https:\\\/\\\/www.salk.edu\\\/events\\\/science-events\\\/plant-carbon-drawdown-symposium-2020\\\/\",\"url\":\"https:\\\/\\\/www.salk.edu\\\/events\\\/science-events\\\/plant-carbon-drawdown-symposium-2020\\\/\",\"name\":\"Plant Carbon Drawdown Symposium 2020 - Salk Institute for Biological Studies\",\"isPartOf\":{\"@id\":\"https:\\\/\\\/www.salk.edu\\\/#website\"},\"primaryImageOfPage\":{\"@id\":\"https:\\\/\\\/www.salk.edu\\\/events\\\/science-events\\\/plant-carbon-drawdown-symposium-2020\\\/#primaryimage\"},\"image\":{\"@id\":\"https:\\\/\\\/www.salk.edu\\\/events\\\/science-events\\\/plant-carbon-drawdown-symposium-2020\\\/#primaryimage\"},\"thumbnailUrl\":\"https:\\\/\\\/placehold.it\\\/250x350\",\"datePublished\":\"2019-10-03T22:07:22+00:00\",\"dateModified\":\"2020-04-27T19:12:49+00:00\",\"breadcrumb\":{\"@id\":\"https:\\\/\\\/www.salk.edu\\\/events\\\/science-events\\\/plant-carbon-drawdown-symposium-2020\\\/#breadcrumb\"},\"inLanguage\":\"es-MX\",\"potentialAction\":[{\"@type\":\"ReadAction\",\"target\":[\"https:\\\/\\\/www.salk.edu\\\/events\\\/science-events\\\/plant-carbon-drawdown-symposium-2020\\\/\"]}]},{\"@type\":\"ImageObject\",\"inLanguage\":\"es-MX\",\"@id\":\"https:\\\/\\\/www.salk.edu\\\/events\\\/science-events\\\/plant-carbon-drawdown-symposium-2020\\\/#primaryimage\",\"url\":\"https:\\\/\\\/placehold.it\\\/250x350\",\"contentUrl\":\"https:\\\/\\\/placehold.it\\\/250x350\"},{\"@type\":\"BreadcrumbList\",\"@id\":\"https:\\\/\\\/www.salk.edu\\\/events\\\/science-events\\\/plant-carbon-drawdown-symposium-2020\\\/#breadcrumb\",\"itemListElement\":[{\"@type\":\"ListItem\",\"position\":1,\"name\":\"Home\",\"item\":\"https:\\\/\\\/www.salk.edu\\\/\"},{\"@type\":\"ListItem\",\"position\":2,\"name\":\"Events\",\"item\":\"https:\\\/\\\/www.salk.edu\\\/events\\\/\"},{\"@type\":\"ListItem\",\"position\":3,\"name\":\"Science Events\",\"item\":\"https:\\\/\\\/www.salk.edu\\\/events\\\/science-events\\\/\"},{\"@type\":\"ListItem\",\"position\":4,\"name\":\"Plant Carbon Drawdown Symposium 2020\"}]},{\"@type\":\"WebSite\",\"@id\":\"https:\\\/\\\/www.salk.edu\\\/#website\",\"url\":\"https:\\\/\\\/www.salk.edu\\\/\",\"name\":\"Salk Institute for Biological Studies\",\"description\":\"The Power of Science\",\"publisher\":{\"@id\":\"https:\\\/\\\/www.salk.edu\\\/#organization\"},\"potentialAction\":[{\"@type\":\"SearchAction\",\"target\":{\"@type\":\"EntryPoint\",\"urlTemplate\":\"https:\\\/\\\/www.salk.edu\\\/?s={search_term_string}\"},\"query-input\":{\"@type\":\"PropertyValueSpecification\",\"valueRequired\":true,\"valueName\":\"search_term_string\"}}],\"inLanguage\":\"es-MX\"},{\"@type\":\"Organization\",\"@id\":\"https:\\\/\\\/www.salk.edu\\\/#organization\",\"name\":\"Salk Institute for Biological Studies\",\"url\":\"https:\\\/\\\/www.salk.edu\\\/\",\"logo\":{\"@type\":\"ImageObject\",\"inLanguage\":\"es-MX\",\"@id\":\"https:\\\/\\\/www.salk.edu\\\/#\\\/schema\\\/logo\\\/image\\\/\",\"url\":\"http:\\\/\\\/www.salk.edu\\\/wp-content\\\/uploads\\\/2023\\\/03\\\/salk_logo_696.jpg\",\"contentUrl\":\"http:\\\/\\\/www.salk.edu\\\/wp-content\\\/uploads\\\/2023\\\/03\\\/salk_logo_696.jpg\",\"width\":696,\"height\":696,\"caption\":\"Salk Institute for Biological Studies\"},\"image\":{\"@id\":\"https:\\\/\\\/www.salk.edu\\\/#\\\/schema\\\/logo\\\/image\\\/\"}}]}<\/script>\n<!-- \/ Yoast SEO plugin. -->","yoast_head_json":{"title":"Plant Carbon Drawdown Symposium 2020 - Salk Institute for Biological Studies","robots":{"index":"index","follow":"follow","max-snippet":"max-snippet:-1","max-image-preview":"max-image-preview:large","max-video-preview":"max-video-preview:-1"},"canonical":"https:\/\/www.salk.edu\/es\/events\/science-events\/plant-carbon-drawdown-symposium-2020\/","og_locale":"es_MX","og_type":"article","og_title":"Plant Carbon Drawdown Symposium 2020 - Salk Institute for Biological Studies","og_description":"March 5th-6th, 2020 Salk Institute for Biological Studies and San Diego Botanic Garden","og_url":"https:\/\/www.salk.edu\/es\/events\/science-events\/plant-carbon-drawdown-symposium-2020\/","og_site_name":"Salk Institute for Biological Studies","article_modified_time":"2020-04-27T19:12:49+00:00","og_image":[{"url":"https:\/\/placehold.it\/250x350","type":"","width":"","height":""}],"twitter_card":"summary_large_image","twitter_misc":{"Est. reading time":"1 minute"},"schema":{"@context":"https:\/\/schema.org","@graph":[{"@type":"WebPage","@id":"https:\/\/www.salk.edu\/events\/science-events\/plant-carbon-drawdown-symposium-2020\/","url":"https:\/\/www.salk.edu\/events\/science-events\/plant-carbon-drawdown-symposium-2020\/","name":"Plant Carbon Drawdown Symposium 2020 - Salk Institute for Biological Studies","isPartOf":{"@id":"https:\/\/www.salk.edu\/#website"},"primaryImageOfPage":{"@id":"https:\/\/www.salk.edu\/events\/science-events\/plant-carbon-drawdown-symposium-2020\/#primaryimage"},"image":{"@id":"https:\/\/www.salk.edu\/events\/science-events\/plant-carbon-drawdown-symposium-2020\/#primaryimage"},"thumbnailUrl":"https:\/\/placehold.it\/250x350","datePublished":"2019-10-03T22:07:22+00:00","dateModified":"2020-04-27T19:12:49+00:00","breadcrumb":{"@id":"https:\/\/www.salk.edu\/events\/science-events\/plant-carbon-drawdown-symposium-2020\/#breadcrumb"},"inLanguage":"es-MX","potentialAction":[{"@type":"ReadAction","target":["https:\/\/www.salk.edu\/events\/science-events\/plant-carbon-drawdown-symposium-2020\/"]}]},{"@type":"ImageObject","inLanguage":"es-MX","@id":"https:\/\/www.salk.edu\/events\/science-events\/plant-carbon-drawdown-symposium-2020\/#primaryimage","url":"https:\/\/placehold.it\/250x350","contentUrl":"https:\/\/placehold.it\/250x350"},{"@type":"BreadcrumbList","@id":"https:\/\/www.salk.edu\/events\/science-events\/plant-carbon-drawdown-symposium-2020\/#breadcrumb","itemListElement":[{"@type":"ListItem","position":1,"name":"Home","item":"https:\/\/www.salk.edu\/"},{"@type":"ListItem","position":2,"name":"Events","item":"https:\/\/www.salk.edu\/events\/"},{"@type":"ListItem","position":3,"name":"Science Events","item":"https:\/\/www.salk.edu\/events\/science-events\/"},{"@type":"ListItem","position":4,"name":"Plant Carbon Drawdown Symposium 2020"}]},{"@type":"WebSite","@id":"https:\/\/www.salk.edu\/#website","url":"https:\/\/www.salk.edu\/","name":"Instituto Salk de Estudios Biol\u00f3gicos","description":"The Power of Science","publisher":{"@id":"https:\/\/www.salk.edu\/#organization"},"potentialAction":[{"@type":"SearchAction","target":{"@type":"EntryPoint","urlTemplate":"https:\/\/www.salk.edu\/?s={search_term_string}"},"query-input":{"@type":"PropertyValueSpecification","valueRequired":true,"valueName":"search_term_string"}}],"inLanguage":"es-MX"},{"@type":"Organization","@id":"https:\/\/www.salk.edu\/#organization","name":"Instituto Salk de Estudios Biol\u00f3gicos","url":"https:\/\/www.salk.edu\/","logo":{"@type":"ImageObject","inLanguage":"es-MX","@id":"https:\/\/www.salk.edu\/#\/schema\/logo\/image\/","url":"http:\/\/www.salk.edu\/wp-content\/uploads\/2023\/03\/salk_logo_696.jpg","contentUrl":"http:\/\/www.salk.edu\/wp-content\/uploads\/2023\/03\/salk_logo_696.jpg","width":696,"height":696,"caption":"Salk Institute for Biological Studies"},"image":{"@id":"https:\/\/www.salk.edu\/#\/schema\/logo\/image\/"}}]}},"ACF":{"gallery":false,"secondary_navigation":"<div class=\"menu-event-plant-carbon-drawdown-symposium-2020-container\"><ul id=\"menu-event-plant-carbon-drawdown-symposium-2020\" class=\"menu\"><li class=\"menu-item menu-item-type-post_type menu-item-object-page menu-item-24455\"><a href=\"https:\/\/www.salk.edu\/es\/events\/science-events\/plant-carbon-drawdown-symposium-2020\/\">Home<\/a><\/li>\n<li class=\"menu-item menu-item-type-post_type menu-item-object-page menu-item-24510\"><a href=\"https:\/\/www.salk.edu\/es\/events\/science-events\/plant-carbon-drawdown-symposium-2020\/registration\/\">Registration<\/a><\/li>\n<li class=\"menu-item menu-item-type-post_type menu-item-object-page menu-item-24461\"><a href=\"https:\/\/www.salk.edu\/es\/events\/science-events\/plant-carbon-drawdown-symposium-2020\/program\/\">Program<\/a><\/li>\n<li class=\"menu-item menu-item-type-post_type menu-item-object-page menu-item-26346\"><a href=\"https:\/\/www.salk.edu\/es\/events\/science-events\/plant-carbon-drawdown-symposium-2020\/videos\/\">Videos<\/a><\/li>\n<li class=\"menu-item menu-item-type-post_type menu-item-object-page menu-item-24464\"><a href=\"https:\/\/www.salk.edu\/es\/events\/science-events\/plant-carbon-drawdown-symposium-2020\/locations\/\">Locations<\/a><\/li>\n<li class=\"menu-item menu-item-type-post_type menu-item-object-page menu-item-25697\"><a href=\"https:\/\/www.salk.edu\/es\/events\/science-events\/plant-carbon-drawdown-symposium-2020\/sponsors\/\">Sponsors<\/a><\/li>\n<li class=\"menu-item menu-item-type-post_type menu-item-object-page menu-item-24474\"><a href=\"https:\/\/www.salk.edu\/es\/events\/science-events\/plant-carbon-drawdown-symposium-2020\/contact\/\">Contact<\/a><\/li>\n<\/ul><\/div>","salk_custom_body_class":""},"_links":{"self":[{"href":"https:\/\/www.salk.edu\/es\/wp-json\/wp\/v2\/pages\/24431","targetHints":{"allow":["GET"]}}],"collection":[{"href":"https:\/\/www.salk.edu\/es\/wp-json\/wp\/v2\/pages"}],"about":[{"href":"https:\/\/www.salk.edu\/es\/wp-json\/wp\/v2\/types\/page"}],"author":[{"embeddable":true,"href":"https:\/\/www.salk.edu\/es\/wp-json\/wp\/v2\/users\/91"}],"replies":[{"embeddable":true,"href":"https:\/\/www.salk.edu\/es\/wp-json\/wp\/v2\/comments?post=24431"}],"version-history":[{"count":30,"href":"https:\/\/www.salk.edu\/es\/wp-json\/wp\/v2\/pages\/24431\/revisions"}],"predecessor-version":[{"id":26360,"href":"https:\/\/www.salk.edu\/es\/wp-json\/wp\/v2\/pages\/24431\/revisions\/26360"}],"up":[{"embeddable":true,"href":"https:\/\/www.salk.edu\/es\/wp-json\/wp\/v2\/pages\/46"}],"wp:attachment":[{"href":"https:\/\/www.salk.edu\/es\/wp-json\/wp\/v2\/media?parent=24431"}],"wp:term":[{"taxonomy":"folder","embeddable":true,"href":"https:\/\/www.salk.edu\/es\/wp-json\/wp\/v2\/folder?post=24431"}],"curies":[{"name":"wp","href":"https:\/\/api.w.org\/{rel}","templated":true}]}}