{"id":23970,"date":"2019-08-28T15:54:55","date_gmt":"2019-08-28T22:54:55","guid":{"rendered":"https:\/\/vermont.salk.edu\/?page_id=23970"},"modified":"2024-06-07T16:33:46","modified_gmt":"2024-06-07T23:33:46","slug":"kavli-institute-for-brain-and-mind","status":"publish","type":"page","link":"https:\/\/www.salk.edu\/es\/kavli-institute-for-brain-and-mind\/","title":{"rendered":"Instituto Kavli para el Cerebro y la Mente"},"content":{"rendered":"<div class=\"row\">\r\n  <p><a href=\"https:\/\/kibm.ucsd.edu\/\" rel=\"noopener noreferrer\" target=\"_blank\">El Instituto Kavli de Cerebro y Mente<\/a> (KIBM) trasciende las barreras disciplinarias tradicionales para fomentar un nuevo discurso entre cient\u00edficos de primer nivel, acelerando descubrimientos sobre las conexiones entre mecanismo y comportamiento. KIBM fue establecido a trav\u00e9s de un compromiso de dotaci\u00f3n de $15.5 millones de d\u00f3lares. <a href=\"https:\/\/www.kavlifoundation.org\/\" rel=\"noopener noreferrer\" target=\"_blank\">La Fundaci\u00f3n Kavli<\/a>, compartido entre el Instituto Salk y la UC San Diego. Su misi\u00f3n es apoyar la investigaci\u00f3n que promueva la comprensi\u00f3n de los or\u00edgenes, la evoluci\u00f3n y los mecanismos de la cognici\u00f3n humana, desde la maquinaria f\u00edsica y bioqu\u00edmica del cerebro hasta las experiencias y comportamientos que llamamos mente.\r\n <\/p><p>\r\nKIBM aprovecha la preeminencia de UC San Diego y del Instituto Salk en campos como la neurociencia, la biolog\u00eda, la ciencia cognitiva, la psicolog\u00eda y la medicina, junto con los amplios recursos de la comunidad cient\u00edfica en general de La Jolla, para extender su posici\u00f3n como l\u00edder en investigaci\u00f3n y educaci\u00f3n sobre el cerebro y la mente, y como un centro vibrante para la difusi\u00f3n de sus descubrimientos para hacer avanzar la ciencia y beneficiar a la humanidad.<\/p>\r\n\r\n    <div class=\"entries\">\r\n<h5>Noticias<\/h5>\r\n<ul><li><a href=\"https:\/\/www.salk.edu\/es\/news-release\/2024-kavli-small-equipment-grant-program-awardees\/\">Se anuncian las Becas para Equipos Peque\u00f1os Kavli 2024<\/a><\/li>\r\n<li><a href=\"https:\/\/www.salk.edu\/es\/news-release\/2023-kavli-small-equipment-grants\/\">Cient\u00edficos de Salk reciben fondos para fortalecer la capacidad y habilidad de investigaci\u00f3n \u2013 Subvenciones de Kavli de Peque\u00f1o Equipamiento 2023<\/a><\/li><li><a href=\"https:\/\/www.salk.edu\/es\/news-release\/salk-scientists-awarded-10000-to-100000-by-kavli-small-equipment-grant-program-in-2021\/\">Cient\u00edficos de Salk recibieron entre $$10,000 y $$100,000 del Kavli Small Equipment Grant Program en 2021<\/a><\/li><\/ul>\r\n<hr>\r\n<h5>Directores<\/h5>\r\n    <hr>\r\n           <div class=\"col-xs-12 col-sm-6\">       <div class=\"row person\">\r\n        \r\n        <div class=\"col-xs-9 col-md-9 col-lg-10\">\r\n       \r\n         \r\n           <h2><a href=\"https:\/\/www.salk.edu\/es\/scientist\/edward-callaway\/\">Edward Callaway<\/a><\/h2>\r\n          <p>Profesor<br>Instituto Salk de Estudios Biol\u00f3gicos<br>Laboratorio de Neurobiolog\u00eda de Sistemas<br>\r\nC\u00e1tedra Vincent J. Coates en Neurobiolog\u00eda Molecular<br>Codirector, KIBM\r\n            <\/p>\r\n          <\/div>\r\n          <\/div>\r\n          <\/div>\r\n<div class=\"col-xs-12 col-sm-6\">\r\n                      <div class=\"row person\">   \r\n        <div class=\"col-xs-9 col-md-9 col-lg-10\">\r\n          <h2 style=\"color:#777777\">Yishi Jin<\/h2>\r\n          <p>Distinguido Profesor<br>\r\nNeurobiolog\u00eda, Divisi\u00f3n de Ciencias Biol\u00f3gicas<br>\r\nUC San Diego<br>\r\nC\u00e1tedra Dotada Junior Seau en Lesiones Cerebrales Traum\u00e1ticas<br>Codirector, KIBM\r\n            <\/p>\r\n         \r\n          \r\n          <\/div>\r\n          <\/div>   \r\n        <\/div><\/div><\/div>\r\n          \r\n          <!-- \/.row .entry-->\r\n                <hr>\r\n   \r\n       <h5>Miembros<\/h5> \r\n         <div class=\"row entry\">\r\n            <hr>\r\n          <\/div>\r\n       <div class=\"entries\">\r\n                  <div class=\"row person\">\r\n        <div class=\"col-xs-3 col-md-3 col-lg-2\">\r\n          <figure> <a href=\"https:\/\/www.salk.edu\/es\/scientist\/thomas-albright\/\"><img decoding=\"async\" class=\"img-responsive center-block\" src=\"https:\/\/www.salk.edu\/wp-content\/uploads\/2015\/09\/Albright-Web.jpg\" alt=\"\" \/> <\/a><\/figure>\r\n        <\/div>\r\n        <div class=\"col-xs-9 col-md-9 col-lg-10\">\r\n          <h2><a href=\"https:\/\/www.salk.edu\/es\/scientist\/thomas-albright\/\">Thomas Albright<\/a><\/h2>\r\n          <p>Profesor y director<br>Laboratorio Centro de Visi\u00f3n<br>\r\n\r\nC\u00e1tedra Conrad T. Prebys en Investigaci\u00f3n de la Visi\u00f3n<br>\r\n           \r\n           <\/p>\r\n         \r\n          \r\n          <\/div>\r\n          <\/div>\r\n\r\n\r\n\r\n\r\n    <div class=\"row entry\">\r\n            <hr>\r\n          <\/div>\r\n          <!-- \/.row .entry-->\r\n                      <div class=\"row person\">\r\n        <div class=\"col-xs-3 col-md-3 col-lg-2\">\r\n          <figure> <a href=\"https:\/\/www.salk.edu\/es\/scientist\/nicola-allen\/\"><img decoding=\"async\" class=\"img-responsive center-block\" src=\"https:\/\/www.salk.edu\/wp-content\/uploads\/2015\/10\/Nicola-Allen-Headshot-Approved_6607sq-750x750.jpg\" alt=\"\" \/> <\/a><\/figure>\r\n        <\/div>\r\n        <div class=\"col-xs-9 col-md-9 col-lg-10\">\r\n          <h2><a href=\"https:\/\/www.salk.edu\/es\/scientist\/nicola-allen\/\">Nicola Allen<\/a><\/h2>\r\n          <p>Profesor Asociado<br>\r\n\r\nLaboratorio de Neurobiolog\u00eda Molecular<br>\r\n\r\n           \r\n           <\/p>\r\n         \r\n          \r\n          <\/div>\r\n          <\/div>\r\n\r\n\r\n\r\n\r\n          <div class=\"row entry\">\r\n            <hr>\r\n          <\/div>\r\n          <!-- \/.row .entry-->\r\n                      <div class=\"row person\">\r\n        <div class=\"col-xs-3 col-md-3 col-lg-2\">\r\n          <figure> <a href=\"https:\/\/www.salk.edu\/es\/scientist\/kenta-asahina\/\"><img decoding=\"async\" class=\"img-responsive center-block\" src=\"https:\/\/www.salk.edu\/wp-content\/uploads\/2015\/10\/Asahina-Kenta_0X8C0157rssm.jpg\" alt=\"\" \/><\/a> <\/figure>\r\n        <\/div>\r\n        <div class=\"col-xs-9 col-md-9 col-lg-10\">\r\n          <h2><a href=\"https:\/\/www.salk.edu\/es\/scientist\/kenta-asahina\/\">Kenta Asahina<\/a><\/h2>\r\n          <p>Profesor Asociado<br>\r\n\r\nLaboratorio de Neurobiolog\u00eda Molecular<br>\r\n\r\nLa C\u00e1tedra de Desarrollo Helen McLoraine en Neurobiolog\u00eda<br>\r\n           \r\n           <\/p>\r\n         \r\n          \r\n          <\/div>\r\n          <\/div>\r\n\r\n\r\n<div class=\"row entry\">\r\n            <hr>\r\n          <\/div>\r\n          <!-- \/.row .entry-->\r\n                      <div class=\"row person\">\r\n        <div class=\"col-xs-3 col-md-3 col-lg-2\">\r\n          <figure> <a href=\"https:\/\/www.salk.edu\/es\/scientist\/eiman-azim\/\"><img decoding=\"async\" class=\"img-responsive center-block\" src=\"https:\/\/www.salk.edu\/wp-content\/uploads\/2016\/05\/Eiman_Azim_767.jpg\" alt=\"\" \/> <\/a><\/figure>\r\n        <\/div>\r\n        <div class=\"col-xs-9 col-md-9 col-lg-10\">\r\n          <h2><a href=\"https:\/\/www.salk.edu\/es\/scientist\/eiman-azim\/\">Eiman Azim<\/a><\/h2>\r\n          <p>Profesor Asociado<br>\r\n\r\nLaboratorio de Neurobiolog\u00eda Molecular<br>\r\n\r\nWilliam Scandling, Presidente de Desarrollo<br>\r\n           \r\n           <\/p>\r\n         \r\n          \r\n          <\/div>\r\n          <\/div>\r\n\r\n\r\n<div class=\"row entry\">\r\n            <hr>\r\n          <\/div>\r\n          <!-- \/.row .entry-->\r\n          <!--            <div class=\"row person\">\r\n        <div class=\"col-xs-3 col-md-3 col-lg-2\">\r\n          <figure> <a href=\"https:\/\/www.salk.edu\/scientist\/ursula-bellugi\/\"><img decoding=\"async\" class=\"img-responsive center-block\" src=\"https:\/\/www.salk.edu\/wp-content\/uploads\/2015\/09\/Bellugi-Web.jpg\" alt=\"\" \/> <\/a><\/figure>\r\n        <\/div>\r\n        <div class=\"col-xs-9 col-md-9 col-lg-10\">\r\n          <h2><a href=\"https:\/\/www.salk.edu\/scientist\/ursula-bellugi\/\">Ursula Bellugi<\/a><\/h2>\r\n          <p>Distinguished Professor Emerita<br>\r\n\r\nSalk Founders' Chair<br>\r\n           \r\n           <\/p>\r\n         \r\n          \r\n          <\/div>\r\n          <\/div>\r\n\r\n\r\n\r\n\r\n\r\n\r\n\r\n\r\n\r\n<div class=\"row entry\">\r\n            <hr>\r\n          <\/div>-->\r\n          <!-- \/.row .entry-->\r\n                      <div class=\"row person\">\r\n        <div class=\"col-xs-3 col-md-3 col-lg-2\">\r\n          <figure> <a href=\"https:\/\/www.salk.edu\/es\/scientist\/sreekanth-chalasani\/\"><img decoding=\"async\" class=\"img-responsive center-block\" src=\"https:\/\/www.salk.edu\/wp-content\/uploads\/2015\/10\/Shrek767p.jpg\" alt=\"\" \/> <\/a><\/figure>\r\n        <\/div>\r\n        <div class=\"col-xs-9 col-md-9 col-lg-10\">\r\n          <h2><a href=\"https:\/\/www.salk.edu\/es\/scientist\/sreekanth-chalasani\/\">Sreekanth Chalasani<\/a><\/h2>\r\n          <p>Profesor<br>\r\n\r\nLaboratorio de Neurobiolog\u00eda Molecular<br>\r\n           \r\n           <\/p>\r\n         \r\n          \r\n          <\/div>\r\n          <\/div>\r\n\r\n<div class=\"row entry\">\r\n            <hr>\r\n          <\/div>\r\n          <!-- \/.row .entry-->\r\n                      <div class=\"row person\">\r\n        <div class=\"col-xs-3 col-md-3 col-lg-2\">\r\n          <figure> <a href=\"https:\/\/www.salk.edu\/es\/scientist\/rusty-gage\/\"><img decoding=\"async\" class=\"img-responsive center-block\" src=\"https:\/\/www.salk.edu\/wp-content\/uploads\/2015\/10\/Gage-Web.jpg\" alt=\"\" \/> <\/a><\/figure>\r\n        <\/div>\r\n        <div class=\"col-xs-9 col-md-9 col-lg-10\">\r\n          <h2><a href=\"https:\/\/www.salk.edu\/es\/scientist\/rusty-gage\/\">Rusty Gage<\/a><\/h2>\r\n          <p>Profesor<br>\r\n\r\nLaboratorio de Gen\u00e9tica<br>\r\n\r\nC\u00e1tedra Vi y John Adler de Investigaci\u00f3n sobre Enfermedades Neurodegenerativas Relacionadas con la Edad\r\n           \r\n           <\/p>\r\n         \r\n          \r\n          <\/div>\r\n          <\/div>\r\n\r\n\r\n\r\n\r\n\r\n       \r\n<div class=\"row entry\">\r\n            <hr>\r\n          <\/div>\r\n          <!-- \/.row .entry-->\r\n                      <div class=\"row person\">\r\n        <div class=\"col-xs-3 col-md-3 col-lg-2\">\r\n          <figure> <a href=\"https:\/\/www.salk.edu\/es\/scientist\/samuel-pfaff\/\"><img decoding=\"async\" class=\"img-responsive center-block\" src=\"https:\/\/www.salk.edu\/wp-content\/uploads\/2015\/10\/Pfaff-Web.jpg\" alt=\"\" \/> <\/a><\/figure>\r\n        <\/div>\r\n        <div class=\"col-xs-9 col-md-9 col-lg-10\">\r\n          <h2><a href=\"https:\/\/www.salk.edu\/es\/scientist\/samuel-pfaff\/\">Samuel Pfaff<\/a><\/h2>\r\n          <p>Profesor<br>\r\n\r\nLaboratorio de Expresi\u00f3n G\u00e9nica<br>\r\n\r\nBenjamin H. Lewis Silla<br>\r\n           \r\n           <\/p>\r\n         \r\n          \r\n          <\/div>\r\n          <\/div>\r\n \r\n<div class=\"row entry\">\r\n            <hr>\r\n          <\/div>\r\n\r\n         <div class=\"row person\">\r\n        <div class=\"col-xs-3 col-md-3 col-lg-2\">\r\n          <figure> <a href=\"https:\/\/www.salk.edu\/es\/scientist\/john-reynolds\/\"><img decoding=\"async\" class=\"img-responsive center-block\" src=\"https:\/\/www.salk.edu\/wp-content\/uploads\/2015\/10\/John_Reynolds_767-585x585.jpg\" alt=\"\" \/> <\/a><\/figure>\r\n        <\/div>\r\n        <div class=\"col-xs-9 col-md-9 col-lg-10\">\r\n          <h2><a href=\"https:\/\/www.salk.edu\/es\/scientist\/john-reynolds\/\">Juan Reynolds<\/a><\/h2>\r\n          <p>Profesor<br>\r\n\r\nLaboratorio de Neurobiolog\u00eda de Sistemas<br>\r\n\r\nPresidencia Fiona y Sanjay Jha en Neurociencia<br>\r\n           \r\n           <\/p>\r\n         \r\n          \r\n          <\/div>\r\n          <\/div>\r\n \r\n<div class=\"row entry\">\r\n            <hr>\r\n          <\/div>\r\n\r\n<div class=\"row person\">\r\n        <div class=\"col-xs-3 col-md-3 col-lg-2\">\r\n          <figure> <a href=\"https:\/\/www.salk.edu\/es\/scientist\/tatyana-sharpee\/\"><img decoding=\"async\" class=\"img-responsive center-block\" src=\"https:\/\/www.salk.edu\/wp-content\/uploads\/2015\/10\/Tatyana-Sharpee-767-585x585.jpg\" alt=\"\" \/> <\/a><\/figure>\r\n        <\/div>\r\n        <div class=\"col-xs-9 col-md-9 col-lg-10\">\r\n          <h2><a href=\"https:\/\/www.salk.edu\/es\/scientist\/tatyana-sharpee\/\">Tatyana Sharpee<\/a><\/h2>\r\n          <p>Profesor<br>\r\n\r\nLaboratorio de Neurobiolog\u00eda Computacional<br>\r\n           Silla Edwin K. Hunter\r\n           <\/p>\r\n         \r\n          \r\n          <\/div>\r\n          <\/div>\r\n <div class=\"row entry\">\r\n            <hr>\r\n          <\/div>\r\n<div class=\"row person\">\r\n        <div class=\"col-xs-3 col-md-3 col-lg-2\">\r\n          <figure> <a href=\"https:\/\/www.salk.edu\/es\/scientist\/terrence-sejnowski\/\"><img decoding=\"async\" class=\"img-responsive center-block\" src=\"https:\/\/www.salk.edu\/wp-content\/uploads\/2015\/10\/Sejnowski-Web-585x585.jpg\" alt=\"\" \/> <\/a><\/figure>\r\n        <\/div>\r\n        <div class=\"col-xs-9 col-md-9 col-lg-10\">\r\n          <h2><a href=\"https:\/\/www.salk.edu\/es\/scientist\/terrence-sejnowski\/\">Terrence Sejnowski<\/a><\/h2>\r\n          <p>Profesor y Jefe de Laboratorio<br>\r\n\r\nLaboratorio de Neurobiolog\u00eda Computacional<br>\r\n\r\nSilla Francis Crick<br>\r\n           \r\n           <\/p>\r\n         \r\n          \r\n          <\/div>\r\n          <\/div>\r\n\r\n\r\n<div class=\"row entry\">\r\n            <hr>\r\n          <\/div>\r\n<div class=\"row person\">\r\n        <div class=\"col-xs-3 col-md-3 col-lg-2\">\r\n          <figure> <a href=\"https:\/\/www.salk.edu\/es\/scientist\/kay-tye\/\"><img decoding=\"async\" class=\"img-responsive center-block\" src=\"https:\/\/www.salk.edu\/wp-content\/uploads\/2019\/04\/Kay_Tye_767-585x585.jpg\" alt=\"\" \/> <\/a><\/figure>\r\n        <\/div>\r\n        <div class=\"col-xs-9 col-md-9 col-lg-10\">\r\n          <h2><a href=\"https:\/\/www.salk.edu\/es\/scientist\/kay-tye\/\">Kay Tye<\/a><\/h2>\r\n          <p>Profesor<br>\r\n\r\nLaboratorio de Neurobiolog\u00eda de Sistemas<br>\r\n\r\nSilla Wylie Vale<br>\r\n           \r\n           <\/p>\r\n         \r\n          \r\n          <\/div>\r\n          <\/div>","protected":false},"excerpt":{"rendered":"<div class=\"row\">\r\n  <p><a href=\"https:\/\/kibm.ucsd.edu\/\" rel=\"noopener noreferrer\" target=\"_blank\">El Instituto Kavli de Cerebro y Mente<\/a> (KIBM) trasciende las barreras disciplinarias tradicionales para fomentar un nuevo discurso entre cient\u00edficos de primer nivel, acelerando descubrimientos sobre las conexiones entre mecanismo y comportamiento. KIBM fue establecido a trav\u00e9s de un compromiso de dotaci\u00f3n de $15.5 millones de d\u00f3lares. <a href=\"https:\/\/www.kavlifoundation.org\/\" rel=\"noopener noreferrer\" target=\"_blank\">La Fundaci\u00f3n Kavli<\/a>, compartido entre el Instituto Salk y la UC San Diego. Su misi\u00f3n es apoyar la investigaci\u00f3n que promueva la comprensi\u00f3n de los or\u00edgenes, la evoluci\u00f3n y los mecanismos de la cognici\u00f3n humana, desde la maquinaria f\u00edsica y bioqu\u00edmica del cerebro hasta las experiencias y comportamientos que llamamos mente.\r\n <\/p>","protected":false},"author":3,"featured_media":0,"parent":0,"menu_order":0,"comment_status":"closed","ping_status":"closed","template":"","meta":{"_acf_changed":false,"footnotes":""},"folder":[549],"class_list":["post-23970","page","type-page","status-publish","hentry"],"acf":[],"yoast_head":"<!-- This site is optimized with the Yoast SEO plugin v27.3 - https:\/\/yoast.com\/product\/yoast-seo-wordpress\/ -->\n<title>Kavli Institute for Brain and Mind - Salk Institute for Biological Studies<\/title>\n<meta name=\"robots\" content=\"index, follow, max-snippet:-1, max-image-preview:large, max-video-preview:-1\" \/>\n<link rel=\"canonical\" href=\"https:\/\/www.salk.edu\/es\/kavli-institute-for-brain-and-mind\/\" \/>\n<meta property=\"og:locale\" content=\"es_MX\" \/>\n<meta property=\"og:type\" content=\"article\" \/>\n<meta property=\"og:title\" content=\"Kavli Institute for Brain and Mind - Salk Institute for Biological Studies\" \/>\n<meta property=\"og:description\" content=\"The Kavli Institute for Brain and Mind (KIBM) transcends traditional disciplinary barriers to foster new discourse among top scientists, accelerating discoveries about the connections between mechanism and behavior. KIBM was established through a $15.5 million endowment commitment from The Kavli Foundation, shared between the Salk Institute and UC San Diego. Its mission is to support research that furthers an understanding of the origins, evolution and mechanisms of human cognition, from the brain&#8217;s physical and biochemical machinery to the experiences and behaviors called the mind.\" \/>\n<meta property=\"og:url\" content=\"https:\/\/www.salk.edu\/es\/kavli-institute-for-brain-and-mind\/\" \/>\n<meta property=\"og:site_name\" content=\"Salk Institute for Biological Studies\" \/>\n<meta property=\"article:modified_time\" content=\"2024-06-07T23:33:46+00:00\" \/>\n<meta property=\"og:image\" content=\"http:\/\/www.salk.edu\/wp-content\/uploads\/2015\/09\/Albright-Web.jpg\" \/>\n<meta name=\"twitter:card\" content=\"summary_large_image\" \/>\n<meta name=\"twitter:label1\" content=\"Est. reading time\" \/>\n\t<meta name=\"twitter:data1\" content=\"4 minutes\" \/>\n<script type=\"application\/ld+json\" class=\"yoast-schema-graph\">{\"@context\":\"https:\\\/\\\/schema.org\",\"@graph\":[{\"@type\":\"WebPage\",\"@id\":\"https:\\\/\\\/www.salk.edu\\\/kavli-institute-for-brain-and-mind\\\/\",\"url\":\"https:\\\/\\\/www.salk.edu\\\/kavli-institute-for-brain-and-mind\\\/\",\"name\":\"Kavli Institute for Brain and Mind - Salk Institute for Biological Studies\",\"isPartOf\":{\"@id\":\"https:\\\/\\\/www.salk.edu\\\/#website\"},\"primaryImageOfPage\":{\"@id\":\"https:\\\/\\\/www.salk.edu\\\/kavli-institute-for-brain-and-mind\\\/#primaryimage\"},\"image\":{\"@id\":\"https:\\\/\\\/www.salk.edu\\\/kavli-institute-for-brain-and-mind\\\/#primaryimage\"},\"thumbnailUrl\":\"http:\\\/\\\/www.salk.edu\\\/wp-content\\\/uploads\\\/2015\\\/09\\\/Albright-Web.jpg\",\"datePublished\":\"2019-08-28T22:54:55+00:00\",\"dateModified\":\"2024-06-07T23:33:46+00:00\",\"breadcrumb\":{\"@id\":\"https:\\\/\\\/www.salk.edu\\\/kavli-institute-for-brain-and-mind\\\/#breadcrumb\"},\"inLanguage\":\"es-MX\",\"potentialAction\":[{\"@type\":\"ReadAction\",\"target\":[\"https:\\\/\\\/www.salk.edu\\\/kavli-institute-for-brain-and-mind\\\/\"]}]},{\"@type\":\"ImageObject\",\"inLanguage\":\"es-MX\",\"@id\":\"https:\\\/\\\/www.salk.edu\\\/kavli-institute-for-brain-and-mind\\\/#primaryimage\",\"url\":\"http:\\\/\\\/www.salk.edu\\\/wp-content\\\/uploads\\\/2015\\\/09\\\/Albright-Web.jpg\",\"contentUrl\":\"http:\\\/\\\/www.salk.edu\\\/wp-content\\\/uploads\\\/2015\\\/09\\\/Albright-Web.jpg\"},{\"@type\":\"BreadcrumbList\",\"@id\":\"https:\\\/\\\/www.salk.edu\\\/kavli-institute-for-brain-and-mind\\\/#breadcrumb\",\"itemListElement\":[{\"@type\":\"ListItem\",\"position\":1,\"name\":\"Home\",\"item\":\"https:\\\/\\\/www.salk.edu\\\/\"},{\"@type\":\"ListItem\",\"position\":2,\"name\":\"Kavli Institute for Brain and Mind\"}]},{\"@type\":\"WebSite\",\"@id\":\"https:\\\/\\\/www.salk.edu\\\/#website\",\"url\":\"https:\\\/\\\/www.salk.edu\\\/\",\"name\":\"Salk Institute for Biological Studies\",\"description\":\"The Power of Science\",\"publisher\":{\"@id\":\"https:\\\/\\\/www.salk.edu\\\/#organization\"},\"potentialAction\":[{\"@type\":\"SearchAction\",\"target\":{\"@type\":\"EntryPoint\",\"urlTemplate\":\"https:\\\/\\\/www.salk.edu\\\/?s={search_term_string}\"},\"query-input\":{\"@type\":\"PropertyValueSpecification\",\"valueRequired\":true,\"valueName\":\"search_term_string\"}}],\"inLanguage\":\"es-MX\"},{\"@type\":\"Organization\",\"@id\":\"https:\\\/\\\/www.salk.edu\\\/#organization\",\"name\":\"Salk Institute for Biological Studies\",\"url\":\"https:\\\/\\\/www.salk.edu\\\/\",\"logo\":{\"@type\":\"ImageObject\",\"inLanguage\":\"es-MX\",\"@id\":\"https:\\\/\\\/www.salk.edu\\\/#\\\/schema\\\/logo\\\/image\\\/\",\"url\":\"http:\\\/\\\/www.salk.edu\\\/wp-content\\\/uploads\\\/2023\\\/03\\\/salk_logo_696.jpg\",\"contentUrl\":\"http:\\\/\\\/www.salk.edu\\\/wp-content\\\/uploads\\\/2023\\\/03\\\/salk_logo_696.jpg\",\"width\":696,\"height\":696,\"caption\":\"Salk Institute for Biological Studies\"},\"image\":{\"@id\":\"https:\\\/\\\/www.salk.edu\\\/#\\\/schema\\\/logo\\\/image\\\/\"}}]}<\/script>\n<!-- \/ Yoast SEO plugin. -->","yoast_head_json":{"title":"Kavli Institute for Brain and Mind - Salk Institute for Biological Studies","robots":{"index":"index","follow":"follow","max-snippet":"max-snippet:-1","max-image-preview":"max-image-preview:large","max-video-preview":"max-video-preview:-1"},"canonical":"https:\/\/www.salk.edu\/es\/kavli-institute-for-brain-and-mind\/","og_locale":"es_MX","og_type":"article","og_title":"Kavli Institute for Brain and Mind - Salk Institute for Biological Studies","og_description":"The Kavli Institute for Brain and Mind (KIBM) transcends traditional disciplinary barriers to foster new discourse among top scientists, accelerating discoveries about the connections between mechanism and behavior. KIBM was established through a $15.5 million endowment commitment from The Kavli Foundation, shared between the Salk Institute and UC San Diego. Its mission is to support research that furthers an understanding of the origins, evolution and mechanisms of human cognition, from the brain&#8217;s physical and biochemical machinery to the experiences and behaviors called the mind.","og_url":"https:\/\/www.salk.edu\/es\/kavli-institute-for-brain-and-mind\/","og_site_name":"Salk Institute for Biological Studies","article_modified_time":"2024-06-07T23:33:46+00:00","og_image":[{"url":"http:\/\/www.salk.edu\/wp-content\/uploads\/2015\/09\/Albright-Web.jpg","type":"","width":"","height":""}],"twitter_card":"summary_large_image","twitter_misc":{"Est. reading time":"4 minutes"},"schema":{"@context":"https:\/\/schema.org","@graph":[{"@type":"WebPage","@id":"https:\/\/www.salk.edu\/kavli-institute-for-brain-and-mind\/","url":"https:\/\/www.salk.edu\/kavli-institute-for-brain-and-mind\/","name":"Kavli Institute for Brain and Mind - Salk Institute for Biological Studies","isPartOf":{"@id":"https:\/\/www.salk.edu\/#website"},"primaryImageOfPage":{"@id":"https:\/\/www.salk.edu\/kavli-institute-for-brain-and-mind\/#primaryimage"},"image":{"@id":"https:\/\/www.salk.edu\/kavli-institute-for-brain-and-mind\/#primaryimage"},"thumbnailUrl":"http:\/\/www.salk.edu\/wp-content\/uploads\/2015\/09\/Albright-Web.jpg","datePublished":"2019-08-28T22:54:55+00:00","dateModified":"2024-06-07T23:33:46+00:00","breadcrumb":{"@id":"https:\/\/www.salk.edu\/kavli-institute-for-brain-and-mind\/#breadcrumb"},"inLanguage":"es-MX","potentialAction":[{"@type":"ReadAction","target":["https:\/\/www.salk.edu\/kavli-institute-for-brain-and-mind\/"]}]},{"@type":"ImageObject","inLanguage":"es-MX","@id":"https:\/\/www.salk.edu\/kavli-institute-for-brain-and-mind\/#primaryimage","url":"http:\/\/www.salk.edu\/wp-content\/uploads\/2015\/09\/Albright-Web.jpg","contentUrl":"http:\/\/www.salk.edu\/wp-content\/uploads\/2015\/09\/Albright-Web.jpg"},{"@type":"BreadcrumbList","@id":"https:\/\/www.salk.edu\/kavli-institute-for-brain-and-mind\/#breadcrumb","itemListElement":[{"@type":"ListItem","position":1,"name":"Home","item":"https:\/\/www.salk.edu\/"},{"@type":"ListItem","position":2,"name":"Kavli Institute for Brain and Mind"}]},{"@type":"WebSite","@id":"https:\/\/www.salk.edu\/#website","url":"https:\/\/www.salk.edu\/","name":"Instituto Salk de Estudios Biol\u00f3gicos","description":"El Poder de la Ciencia","publisher":{"@id":"https:\/\/www.salk.edu\/#organization"},"potentialAction":[{"@type":"SearchAction","target":{"@type":"EntryPoint","urlTemplate":"https:\/\/www.salk.edu\/?s={search_term_string}"},"query-input":{"@type":"PropertyValueSpecification","valueRequired":true,"valueName":"search_term_string"}}],"inLanguage":"es-MX"},{"@type":"Organization","@id":"https:\/\/www.salk.edu\/#organization","name":"Instituto Salk de Estudios Biol\u00f3gicos","url":"https:\/\/www.salk.edu\/","logo":{"@type":"ImageObject","inLanguage":"es-MX","@id":"https:\/\/www.salk.edu\/#\/schema\/logo\/image\/","url":"http:\/\/www.salk.edu\/wp-content\/uploads\/2023\/03\/salk_logo_696.jpg","contentUrl":"http:\/\/www.salk.edu\/wp-content\/uploads\/2023\/03\/salk_logo_696.jpg","width":696,"height":696,"caption":"Salk Institute for Biological Studies"},"image":{"@id":"https:\/\/www.salk.edu\/#\/schema\/logo\/image\/"}}]}},"ACF":{"hero":"https:\/\/www.salk.edu\/wp-content\/uploads\/2019\/08\/salk-media-package-kavli.jpg","line_1":"<span style=\"color:#000000\">Kavli Institute for Brain and Mind<\/span>","line_2":"","poster_quote":"","salk_custom_body_class":"","gallery":false,"secondary_navigation":false},"_links":{"self":[{"href":"https:\/\/www.salk.edu\/es\/wp-json\/wp\/v2\/pages\/23970","targetHints":{"allow":["GET"]}}],"collection":[{"href":"https:\/\/www.salk.edu\/es\/wp-json\/wp\/v2\/pages"}],"about":[{"href":"https:\/\/www.salk.edu\/es\/wp-json\/wp\/v2\/types\/page"}],"author":[{"embeddable":true,"href":"https:\/\/www.salk.edu\/es\/wp-json\/wp\/v2\/users\/3"}],"replies":[{"embeddable":true,"href":"https:\/\/www.salk.edu\/es\/wp-json\/wp\/v2\/comments?post=23970"}],"version-history":[{"count":18,"href":"https:\/\/www.salk.edu\/es\/wp-json\/wp\/v2\/pages\/23970\/revisions"}],"predecessor-version":[{"id":49780,"href":"https:\/\/www.salk.edu\/es\/wp-json\/wp\/v2\/pages\/23970\/revisions\/49780"}],"wp:attachment":[{"href":"https:\/\/www.salk.edu\/es\/wp-json\/wp\/v2\/media?parent=23970"}],"wp:term":[{"taxonomy":"folder","embeddable":true,"href":"https:\/\/www.salk.edu\/es\/wp-json\/wp\/v2\/folder?post=23970"}],"curies":[{"name":"la hora de","href":"https:\/\/api.w.org\/{rel}","templated":true}]}}