{"id":22837,"date":"2019-05-08T15:11:19","date_gmt":"2019-05-08T22:11:19","guid":{"rendered":"https:\/\/vermont.salk.edu\/?page_id=22837"},"modified":"2024-02-12T21:37:12","modified_gmt":"2024-02-13T05:37:12","slug":"location-and-accommodations","status":"publish","type":"page","link":"https:\/\/www.salk.edu\/es\/events\/science-events\/mechanisms-and-models-of-cancer-2019\/location-and-accommodations\/","title":{"rendered":"Ubicaci\u00f3n y Alojamiento"},"content":{"rendered":"<h2>Alojamiento<\/h2>\n<div style=\"float:right; margin-top:-50px;\"><img decoding=\"async\" src=\"https:\/\/www.salk.edu\/wp-content\/uploads\/2018\/11\/Twitter_Logo_Blue.png\" style=\"width:50px;\"\/><strong>#ModelosMecanicos2019<\/strong><\/div>\n<div style=\"clear:both;\"><\/div>\n<p><a href=\"https:\/\/www.salk.edu\/es\/about\/hotels\/\">Click here for hotel rates and information\u00bb<\/a><\/p>\n<h2>Informaci\u00f3n de viaje<\/h2>\n<p><strong>Contact address\/phone numbers while you\u2019re attending the meeting<\/strong><br \/>\nInstituto Salk de Estudios Biol\u00f3gicos<br \/>\n10010 N. Torrey Pines Road<\/p>\n<p>La Jolla, CA 92037<br \/>\n+1 (858) 453-4100 (tel\u00e9fono)<br \/>\n+1 (858) 625-2404 (fax)<\/p>\n<p><strong>Sitio web del Aeropuerto Internacional de San Diego:<\/strong><br \/>\n<a href=\"http:\/\/www.san.org\/\" target=\"_blank\" rel=\"noopener\">www.san.org<\/a><\/p>\n<p><strong>servicio de taxi<\/strong><br \/>\nYellow Cab +1 (619) 234-6161<\/p>\n<p><strong>Servicio de tren:<\/strong><br \/>\nAmtrak +1 (800) 872-7245<\/p>\n<p><strong>Transporte P\u00fablico de San Diego<\/strong><br \/>\n+1 (619) 233-3004<br \/>\nBus Route #30 to La Jolla Cove to Bus Route #101 to Torrey Pines State Beach<\/p>\n<p><strong>UCSD Transportation (UCSD ID Required):<\/strong><br \/>\nFrom Sorrento Valley Station <\/p>\n<ul class=\"indent\">\n<li>UCSD North Campus &#8211; Gliderport Stop<\/li>\n<li>West Campus Connector &#8211; Gliderport Stop<\/li>\n<\/ul>\n<p><a href=\"https:\/\/www.ucsdbus.com\/\" rel=\"noopener\" target=\"_blank\">https:\/\/www.ucsdbus.com\/<\/a><\/p>\n<p><strong>Servicio de transporte<\/strong><\/p>\n<ul class=\"indent\">\n<li><strong>Super Shuttle<\/strong>+1 (800) 900-7433<br \/>\n<a href=\"http:\/\/www.supershuttle.com\/\" target=\"_blank\" rel=\"noopener\">www.supershuttle.com\/<\/a><\/li>\n<\/ul>\n<p>When reserving shuttle service Use the Salk Institute address above if departing from Institute.<\/p>\n<p>For taxi service, they will ask you the telephone number you are calling from tell them +1 (858) 453-4100.<\/p>\n<p>&nbsp;<\/p>\n<h2>Direcciones al Instituto Salk<\/h2>\n<p><a href=\"https:\/\/www.salk.edu\/wp-content\/uploads\/2015\/11\/MAPsalkcampus.jpg\" target=\"_blank\" rel=\"noopener\">View Salk map\u00bb<\/a><\/p>\n<p>El Instituto Salk se asoma al Oc\u00e9ano Pac\u00edfico, justo al oeste de la Universidad de California en San Diego.<br \/>\nNuestra direcci\u00f3n es:<br \/>\n10010 N Torrey Pines Rd<br \/>\nLa Jolla, CA 92037<\/p>\n<p><strong>C\u00f3mo llegar al Instituto Salk<\/strong><\/p>\n<p><strong>Desde el Norte:<\/strong><br \/>\nUse la I-5 Sur<br \/>\nSal de Genesee Ave y gira a la derecha (en direcci\u00f3n Oeste)<br \/>\nDobla a la izquierda en North Torrey Pines Road<br \/>\nConduce 1\/8 de milla, el Instituto estar\u00e1 a tu derecha<\/p>\n<p><strong>Desde el Sur:<\/strong><br \/>\nUsa la I-5 Norte<br \/>\nSal de Genesee Ave y gira a la izquierda (direcci\u00f3n Oeste)<br \/>\nDobla a la izquierda en North Torrey Pines Road<br \/>\nConduce 1\/8 de milla, el Instituto estar\u00e1 a tu derecha<\/p>\n<p>El estacionamiento est\u00e1 disponible justo al oeste del Instituto en Torrey Pines Scenic Drive, en el lote de grava.<br \/>\nEl \u00e1rea de recepci\u00f3n se encuentra en el ala sur.<br \/>\nLa reuni\u00f3n ser\u00e1 en el vest\u00edbulo, bajando la escalera.<\/p>\n<h2>Alojamiento<\/h2>\n<p><a href=\"https:\/\/www.salk.edu\/es\/about\/hotels\/\">Click here for hotel rates and information\u00bb<\/a><\/p>","protected":false},"excerpt":{"rendered":"<h2>Alojamiento<\/h2>\n<div style=\"float:right; margin-top:-50px;\"><img decoding=\"async\" src=\"https:\/\/www.salk.edu\/wp-content\/uploads\/2018\/11\/Twitter_Logo_Blue.png\" style=\"width:50px;\"\/><strong>#ModelosMecanicos2019<\/strong><\/div>\n<div style=\"clear:both;\"><\/div>\n<p><a href=\"https:\/\/www.salk.edu\/es\/about\/hotels\/\">Click here for hotel rates and information\u00bb<\/a><\/p>","protected":false},"author":91,"featured_media":0,"parent":22833,"menu_order":0,"comment_status":"closed","ping_status":"closed","template":"","meta":{"_acf_changed":false,"footnotes":""},"folder":[569],"class_list":["post-22837","page","type-page","status-publish","hentry"],"acf":[],"yoast_head":"<!-- This site is optimized with the Yoast SEO plugin v27.3 - https:\/\/yoast.com\/product\/yoast-seo-wordpress\/ -->\n<title>Location and Accommodations - Salk Institute for Biological Studies<\/title>\n<meta name=\"robots\" content=\"index, follow, max-snippet:-1, max-image-preview:large, max-video-preview:-1\" \/>\n<link rel=\"canonical\" href=\"https:\/\/www.salk.edu\/es\/events\/science-events\/mechanisms-and-models-of-cancer-2019\/location-and-accommodations\/\" \/>\n<meta property=\"og:locale\" content=\"es_MX\" \/>\n<meta property=\"og:type\" content=\"article\" \/>\n<meta property=\"og:title\" content=\"Location and Accommodations - Salk Institute for Biological Studies\" \/>\n<meta property=\"og:description\" content=\"Accommodations #MechModels2019 Click here for hotel rates and information\u00bb\" \/>\n<meta property=\"og:url\" content=\"https:\/\/www.salk.edu\/es\/events\/science-events\/mechanisms-and-models-of-cancer-2019\/location-and-accommodations\/\" \/>\n<meta property=\"og:site_name\" content=\"Salk Institute for Biological Studies\" \/>\n<meta property=\"article:modified_time\" content=\"2024-02-13T05:37:12+00:00\" \/>\n<meta property=\"og:image\" content=\"http:\/\/www.salk.edu\/wp-content\/uploads\/2018\/11\/Twitter_Logo_Blue.png\" \/>\n<meta name=\"twitter:card\" content=\"summary_large_image\" \/>\n<meta name=\"twitter:label1\" content=\"Est. reading time\" \/>\n\t<meta name=\"twitter:data1\" content=\"2 minutes\" \/>\n<script type=\"application\/ld+json\" class=\"yoast-schema-graph\">{\"@context\":\"https:\\\/\\\/schema.org\",\"@graph\":[{\"@type\":\"WebPage\",\"@id\":\"https:\\\/\\\/www.salk.edu\\\/events\\\/science-events\\\/mechanisms-and-models-of-cancer-2019\\\/location-and-accommodations\\\/\",\"url\":\"https:\\\/\\\/www.salk.edu\\\/events\\\/science-events\\\/mechanisms-and-models-of-cancer-2019\\\/location-and-accommodations\\\/\",\"name\":\"Location and Accommodations - Salk Institute for Biological Studies\",\"isPartOf\":{\"@id\":\"https:\\\/\\\/www.salk.edu\\\/#website\"},\"primaryImageOfPage\":{\"@id\":\"https:\\\/\\\/www.salk.edu\\\/events\\\/science-events\\\/mechanisms-and-models-of-cancer-2019\\\/location-and-accommodations\\\/#primaryimage\"},\"image\":{\"@id\":\"https:\\\/\\\/www.salk.edu\\\/events\\\/science-events\\\/mechanisms-and-models-of-cancer-2019\\\/location-and-accommodations\\\/#primaryimage\"},\"thumbnailUrl\":\"http:\\\/\\\/www.salk.edu\\\/wp-content\\\/uploads\\\/2018\\\/11\\\/Twitter_Logo_Blue.png\",\"datePublished\":\"2019-05-08T22:11:19+00:00\",\"dateModified\":\"2024-02-13T05:37:12+00:00\",\"breadcrumb\":{\"@id\":\"https:\\\/\\\/www.salk.edu\\\/events\\\/science-events\\\/mechanisms-and-models-of-cancer-2019\\\/location-and-accommodations\\\/#breadcrumb\"},\"inLanguage\":\"es-MX\",\"potentialAction\":[{\"@type\":\"ReadAction\",\"target\":[\"https:\\\/\\\/www.salk.edu\\\/events\\\/science-events\\\/mechanisms-and-models-of-cancer-2019\\\/location-and-accommodations\\\/\"]}]},{\"@type\":\"ImageObject\",\"inLanguage\":\"es-MX\",\"@id\":\"https:\\\/\\\/www.salk.edu\\\/events\\\/science-events\\\/mechanisms-and-models-of-cancer-2019\\\/location-and-accommodations\\\/#primaryimage\",\"url\":\"http:\\\/\\\/www.salk.edu\\\/wp-content\\\/uploads\\\/2018\\\/11\\\/Twitter_Logo_Blue.png\",\"contentUrl\":\"http:\\\/\\\/www.salk.edu\\\/wp-content\\\/uploads\\\/2018\\\/11\\\/Twitter_Logo_Blue.png\"},{\"@type\":\"BreadcrumbList\",\"@id\":\"https:\\\/\\\/www.salk.edu\\\/events\\\/science-events\\\/mechanisms-and-models-of-cancer-2019\\\/location-and-accommodations\\\/#breadcrumb\",\"itemListElement\":[{\"@type\":\"ListItem\",\"position\":1,\"name\":\"Home\",\"item\":\"https:\\\/\\\/www.salk.edu\\\/\"},{\"@type\":\"ListItem\",\"position\":2,\"name\":\"Events\",\"item\":\"https:\\\/\\\/www.salk.edu\\\/events\\\/\"},{\"@type\":\"ListItem\",\"position\":3,\"name\":\"Science Events\",\"item\":\"https:\\\/\\\/www.salk.edu\\\/events\\\/science-events\\\/\"},{\"@type\":\"ListItem\",\"position\":4,\"name\":\"Mechanisms and Models of Cancer 2019\",\"item\":\"https:\\\/\\\/www.salk.edu\\\/events\\\/science-events\\\/mechanisms-and-models-of-cancer-2019\\\/\"},{\"@type\":\"ListItem\",\"position\":5,\"name\":\"Location and Accommodations\"}]},{\"@type\":\"WebSite\",\"@id\":\"https:\\\/\\\/www.salk.edu\\\/#website\",\"url\":\"https:\\\/\\\/www.salk.edu\\\/\",\"name\":\"Salk Institute for Biological Studies\",\"description\":\"The Power of Science\",\"publisher\":{\"@id\":\"https:\\\/\\\/www.salk.edu\\\/#organization\"},\"potentialAction\":[{\"@type\":\"SearchAction\",\"target\":{\"@type\":\"EntryPoint\",\"urlTemplate\":\"https:\\\/\\\/www.salk.edu\\\/?s={search_term_string}\"},\"query-input\":{\"@type\":\"PropertyValueSpecification\",\"valueRequired\":true,\"valueName\":\"search_term_string\"}}],\"inLanguage\":\"es-MX\"},{\"@type\":\"Organization\",\"@id\":\"https:\\\/\\\/www.salk.edu\\\/#organization\",\"name\":\"Salk Institute for Biological Studies\",\"url\":\"https:\\\/\\\/www.salk.edu\\\/\",\"logo\":{\"@type\":\"ImageObject\",\"inLanguage\":\"es-MX\",\"@id\":\"https:\\\/\\\/www.salk.edu\\\/#\\\/schema\\\/logo\\\/image\\\/\",\"url\":\"http:\\\/\\\/www.salk.edu\\\/wp-content\\\/uploads\\\/2023\\\/03\\\/salk_logo_696.jpg\",\"contentUrl\":\"http:\\\/\\\/www.salk.edu\\\/wp-content\\\/uploads\\\/2023\\\/03\\\/salk_logo_696.jpg\",\"width\":696,\"height\":696,\"caption\":\"Salk Institute for Biological Studies\"},\"image\":{\"@id\":\"https:\\\/\\\/www.salk.edu\\\/#\\\/schema\\\/logo\\\/image\\\/\"}}]}<\/script>\n<!-- \/ Yoast SEO plugin. -->","yoast_head_json":{"title":"Location and Accommodations - Salk Institute for Biological Studies","robots":{"index":"index","follow":"follow","max-snippet":"max-snippet:-1","max-image-preview":"max-image-preview:large","max-video-preview":"max-video-preview:-1"},"canonical":"https:\/\/www.salk.edu\/es\/events\/science-events\/mechanisms-and-models-of-cancer-2019\/location-and-accommodations\/","og_locale":"es_MX","og_type":"article","og_title":"Location and Accommodations - Salk Institute for Biological Studies","og_description":"Accommodations #MechModels2019 Click here for hotel rates and information\u00bb","og_url":"https:\/\/www.salk.edu\/es\/events\/science-events\/mechanisms-and-models-of-cancer-2019\/location-and-accommodations\/","og_site_name":"Salk Institute for Biological Studies","article_modified_time":"2024-02-13T05:37:12+00:00","og_image":[{"url":"http:\/\/www.salk.edu\/wp-content\/uploads\/2018\/11\/Twitter_Logo_Blue.png","type":"","width":"","height":""}],"twitter_card":"summary_large_image","twitter_misc":{"Est. reading time":"2 minutes"},"schema":{"@context":"https:\/\/schema.org","@graph":[{"@type":"WebPage","@id":"https:\/\/www.salk.edu\/events\/science-events\/mechanisms-and-models-of-cancer-2019\/location-and-accommodations\/","url":"https:\/\/www.salk.edu\/events\/science-events\/mechanisms-and-models-of-cancer-2019\/location-and-accommodations\/","name":"Location and Accommodations - Salk Institute for Biological Studies","isPartOf":{"@id":"https:\/\/www.salk.edu\/#website"},"primaryImageOfPage":{"@id":"https:\/\/www.salk.edu\/events\/science-events\/mechanisms-and-models-of-cancer-2019\/location-and-accommodations\/#primaryimage"},"image":{"@id":"https:\/\/www.salk.edu\/events\/science-events\/mechanisms-and-models-of-cancer-2019\/location-and-accommodations\/#primaryimage"},"thumbnailUrl":"http:\/\/www.salk.edu\/wp-content\/uploads\/2018\/11\/Twitter_Logo_Blue.png","datePublished":"2019-05-08T22:11:19+00:00","dateModified":"2024-02-13T05:37:12+00:00","breadcrumb":{"@id":"https:\/\/www.salk.edu\/events\/science-events\/mechanisms-and-models-of-cancer-2019\/location-and-accommodations\/#breadcrumb"},"inLanguage":"es-MX","potentialAction":[{"@type":"ReadAction","target":["https:\/\/www.salk.edu\/events\/science-events\/mechanisms-and-models-of-cancer-2019\/location-and-accommodations\/"]}]},{"@type":"ImageObject","inLanguage":"es-MX","@id":"https:\/\/www.salk.edu\/events\/science-events\/mechanisms-and-models-of-cancer-2019\/location-and-accommodations\/#primaryimage","url":"http:\/\/www.salk.edu\/wp-content\/uploads\/2018\/11\/Twitter_Logo_Blue.png","contentUrl":"http:\/\/www.salk.edu\/wp-content\/uploads\/2018\/11\/Twitter_Logo_Blue.png"},{"@type":"BreadcrumbList","@id":"https:\/\/www.salk.edu\/events\/science-events\/mechanisms-and-models-of-cancer-2019\/location-and-accommodations\/#breadcrumb","itemListElement":[{"@type":"ListItem","position":1,"name":"Home","item":"https:\/\/www.salk.edu\/"},{"@type":"ListItem","position":2,"name":"Events","item":"https:\/\/www.salk.edu\/events\/"},{"@type":"ListItem","position":3,"name":"Science Events","item":"https:\/\/www.salk.edu\/events\/science-events\/"},{"@type":"ListItem","position":4,"name":"Mechanisms and Models of Cancer 2019","item":"https:\/\/www.salk.edu\/events\/science-events\/mechanisms-and-models-of-cancer-2019\/"},{"@type":"ListItem","position":5,"name":"Location and Accommodations"}]},{"@type":"WebSite","@id":"https:\/\/www.salk.edu\/#website","url":"https:\/\/www.salk.edu\/","name":"Instituto Salk de Estudios Biol\u00f3gicos","description":"El Poder de la Ciencia","publisher":{"@id":"https:\/\/www.salk.edu\/#organization"},"potentialAction":[{"@type":"SearchAction","target":{"@type":"EntryPoint","urlTemplate":"https:\/\/www.salk.edu\/?s={search_term_string}"},"query-input":{"@type":"PropertyValueSpecification","valueRequired":true,"valueName":"search_term_string"}}],"inLanguage":"es-MX"},{"@type":"Organization","@id":"https:\/\/www.salk.edu\/#organization","name":"Instituto Salk de Estudios Biol\u00f3gicos","url":"https:\/\/www.salk.edu\/","logo":{"@type":"ImageObject","inLanguage":"es-MX","@id":"https:\/\/www.salk.edu\/#\/schema\/logo\/image\/","url":"http:\/\/www.salk.edu\/wp-content\/uploads\/2023\/03\/salk_logo_696.jpg","contentUrl":"http:\/\/www.salk.edu\/wp-content\/uploads\/2023\/03\/salk_logo_696.jpg","width":696,"height":696,"caption":"Salk Institute for Biological Studies"},"image":{"@id":"https:\/\/www.salk.edu\/#\/schema\/logo\/image\/"}}]}},"ACF":{"hero":"https:\/\/www.salk.edu\/wp-content\/uploads\/2019\/05\/MM-2019-web-banner.jpg","line_1":"","line_2":"","gallery":false,"secondary_navigation":"<div class=\"menu-mechanisms-and-models-of-cancer-symposium-2019-container\"><ul id=\"menu-mechanisms-and-models-of-cancer-symposium-2019\" class=\"menu\"><li class=\"menu-item menu-item-type-post_type menu-item-object-page menu-item-22861\"><a href=\"https:\/\/www.salk.edu\/es\/events\/science-events\/mechanisms-and-models-of-cancer-2019\/\">Event Home<\/a><\/li>\n<li class=\"menu-item menu-item-type-post_type menu-item-object-page menu-item-22860\"><a href=\"https:\/\/www.salk.edu\/es\/events\/science-events\/mechanisms-and-models-of-cancer-2019\/schedule\/\">Program<\/a><\/li>\n<li class=\"menu-item menu-item-type-post_type menu-item-object-page menu-item-22857\"><a href=\"https:\/\/www.salk.edu\/es\/events\/science-events\/mechanisms-and-models-of-cancer-2019\/registration\/\">Registration<\/a><\/li>\n<li class=\"menu-item menu-item-type-post_type menu-item-object-page menu-item-22864\"><a href=\"https:\/\/www.salk.edu\/es\/events\/science-events\/mechanisms-and-models-of-cancer-2025\/abstract-submission\/\">Abstract Submission<\/a><\/li>\n<li class=\"menu-item menu-item-type-post_type menu-item-object-page menu-item-22862\"><a href=\"https:\/\/www.salk.edu\/es\/events\/science-events\/mechanisms-and-models-of-cancer-2019\/location-and-accommodations\/\">Location and Accommodations<\/a><\/li>\n<li class=\"menu-item menu-item-type-post_type menu-item-object-page menu-item-22858\"><a href=\"https:\/\/www.salk.edu\/es\/events\/science-events\/mechanisms-and-models-of-cancer-2019\/registration-housing-information\/\">Registration Housing<\/a><\/li>\n<li class=\"menu-item menu-item-type-post_type menu-item-object-page menu-item-22859\"><a href=\"https:\/\/www.salk.edu\/es\/events\/science-events\/mechanisms-and-models-of-cancer-2019\/organizing-committee\/\">Organizing Committee<\/a><\/li>\n<li class=\"menu-item menu-item-type-post_type menu-item-object-page menu-item-22863\"><a href=\"https:\/\/www.salk.edu\/es\/events\/science-events\/mechanisms-and-models-of-cancer-2019\/mm-2019-contact\/\">Contact<\/a><\/li>\n<\/ul><\/div>","salk_custom_body_class":"","poster_quote":""},"_links":{"self":[{"href":"https:\/\/www.salk.edu\/es\/wp-json\/wp\/v2\/pages\/22837","targetHints":{"allow":["GET"]}}],"collection":[{"href":"https:\/\/www.salk.edu\/es\/wp-json\/wp\/v2\/pages"}],"about":[{"href":"https:\/\/www.salk.edu\/es\/wp-json\/wp\/v2\/types\/page"}],"author":[{"embeddable":true,"href":"https:\/\/www.salk.edu\/es\/wp-json\/wp\/v2\/users\/91"}],"replies":[{"embeddable":true,"href":"https:\/\/www.salk.edu\/es\/wp-json\/wp\/v2\/comments?post=22837"}],"version-history":[{"count":11,"href":"https:\/\/www.salk.edu\/es\/wp-json\/wp\/v2\/pages\/22837\/revisions"}],"predecessor-version":[{"id":23090,"href":"https:\/\/www.salk.edu\/es\/wp-json\/wp\/v2\/pages\/22837\/revisions\/23090"}],"up":[{"embeddable":true,"href":"https:\/\/www.salk.edu\/es\/wp-json\/wp\/v2\/pages\/22833"}],"wp:attachment":[{"href":"https:\/\/www.salk.edu\/es\/wp-json\/wp\/v2\/media?parent=22837"}],"wp:term":[{"taxonomy":"folder","embeddable":true,"href":"https:\/\/www.salk.edu\/es\/wp-json\/wp\/v2\/folder?post=22837"}],"curies":[{"name":"la hora de","href":"https:\/\/api.w.org\/{rel}","templated":true}]}}