{"id":20897,"date":"2018-11-14T20:36:41","date_gmt":"2018-11-15T04:36:41","guid":{"rendered":"https:\/\/vermont.salk.edu\/?page_id=20897"},"modified":"2023-12-29T11:31:36","modified_gmt":"2023-12-29T19:31:36","slug":"conduct-policy","status":"publish","type":"page","link":"https:\/\/www.salk.edu\/es\/conduct-policy\/","title":{"rendered":"Pol\u00edtica de conducta"},"content":{"rendered":"<p>En consonancia con nuestra <a href=\"https:\/\/www.salk.edu\/es\/about\/careers\/values\/\">valores organizacionales<\/a> y para garantizar un campus seguro, civilizado y respetuoso en el Instituto, nos comprometemos a mantener un entorno libre de toda forma de acoso, discriminaci\u00f3n, intimidaci\u00f3n u otra conducta inapropiada o irrespetuosa, ya sea f\u00edsica, verbal o visual.  Salk no tolerar\u00e1 acciones de esta naturaleza, independientemente de la relaci\u00f3n que se tenga con el Instituto. Esto se aplica a la conducta en l\u00ednea y en persona por parte de y contra todas las personas involucradas en el funcionamiento del Instituto, incluyendo, entre otros, a los empleados del Instituto, estudiantes, visitantes, contratistas, voluntarios, cualquier persona que preste servicios en virtud de un contrato, otros terceros que no sean empleados o solicitantes de un puesto de empleo, voluntariado o capacitaci\u00f3n en Salk. \u00a0 <\/p>\n<p>Si ve algo que considera que no est\u00e1 bien, expr\u00e9selo. Por favor, comparta cualquier inquietud con Salk notificando al personal en el lugar o enviando un correo electr\u00f3nico a\u00a0<u><a href=\"mailto:hr@salk.edu\" target=\"_blank\" rel=\"noopener\">hr@salk.edu<\/a><\/u>\u00a0con la seguridad de saber que el Instituto no tolera represalias contra ninguna persona que presente una denuncia de buena fe.<\/p>","protected":false},"excerpt":{"rendered":"<p>En consonancia con nuestra <a href=\"https:\/\/www.salk.edu\/es\/about\/careers\/values\/\">valores organizacionales<\/a> y para garantizar un campus seguro, civilizado y respetuoso en el Instituto, nos comprometemos a mantener un entorno libre de toda forma de acoso, discriminaci\u00f3n, intimidaci\u00f3n u otra conducta inapropiada o irrespetuosa, ya sea f\u00edsica, verbal o visual.  Salk no tolerar\u00e1 acciones de esta naturaleza, independientemente de la relaci\u00f3n que se tenga con el Instituto. Esto se aplica a la conducta en l\u00ednea y en persona por parte de y contra todas las personas involucradas en el funcionamiento del Instituto, incluyendo, entre otros, a los empleados del Instituto, estudiantes, visitantes, contratistas, voluntarios, cualquier persona que preste servicios en virtud de un contrato, otros terceros que no sean empleados o solicitantes de un puesto de empleo, voluntariado o capacitaci\u00f3n en Salk. \u00a0 <\/p>","protected":false},"author":91,"featured_media":0,"parent":0,"menu_order":0,"comment_status":"closed","ping_status":"closed","template":"","meta":{"_acf_changed":false,"footnotes":""},"folder":[509],"class_list":["post-20897","page","type-page","status-publish","hentry"],"acf":[],"yoast_head":"<!-- This site is optimized with the Yoast SEO plugin v27.3 - https:\/\/yoast.com\/product\/yoast-seo-wordpress\/ -->\n<title>Conduct Policy - Salk Institute for Biological Studies<\/title>\n<meta name=\"robots\" content=\"index, follow, max-snippet:-1, max-image-preview:large, max-video-preview:-1\" \/>\n<link rel=\"canonical\" href=\"https:\/\/www.salk.edu\/es\/conduct-policy\/\" \/>\n<meta property=\"og:locale\" content=\"es_MX\" \/>\n<meta property=\"og:type\" content=\"article\" \/>\n<meta property=\"og:title\" content=\"Conduct Policy - Salk Institute for Biological Studies\" \/>\n<meta property=\"og:description\" content=\"In keeping with our organizational values and to ensure a safe, civil and respectful campus at the Institute, we are committed to an environment that is free of all forms of harassment, discrimination, bullying or other inappropriate or disrespectful conduct, whether physical, verbal or visual. Actions of this nature will not be tolerated by Salk, regardless of one\u2019s relationship with the Institute. This applies to online and in-person conduct by and against all persons involved in the operation of the Institute, including but not limited to Institute employees, students, visitors, contractors, volunteers, any individuals providing services pursuant to a contract, other third-party non-employees or applicants for an employment, volunteer, or training position with Salk. \u00a0\" \/>\n<meta property=\"og:url\" content=\"https:\/\/www.salk.edu\/es\/conduct-policy\/\" \/>\n<meta property=\"og:site_name\" content=\"Salk Institute for Biological Studies\" \/>\n<meta property=\"article:modified_time\" content=\"2023-12-29T19:31:36+00:00\" \/>\n<meta property=\"og:image\" content=\"https:\/\/www.salk.edu\/wp-content\/uploads\/2023\/03\/salk-institute-preview-image.jpg\" \/>\n\t<meta property=\"og:image:width\" content=\"628\" \/>\n\t<meta property=\"og:image:height\" content=\"329\" \/>\n\t<meta property=\"og:image:type\" content=\"image\/jpeg\" \/>\n<meta name=\"twitter:card\" content=\"summary_large_image\" \/>\n<meta name=\"twitter:label1\" content=\"Est. reading time\" \/>\n\t<meta name=\"twitter:data1\" content=\"1 minute\" \/>\n<script type=\"application\/ld+json\" class=\"yoast-schema-graph\">{\"@context\":\"https:\\\/\\\/schema.org\",\"@graph\":[{\"@type\":\"WebPage\",\"@id\":\"https:\\\/\\\/www.salk.edu\\\/conduct-policy\\\/\",\"url\":\"https:\\\/\\\/www.salk.edu\\\/conduct-policy\\\/\",\"name\":\"Conduct Policy - Salk Institute for Biological Studies\",\"isPartOf\":{\"@id\":\"https:\\\/\\\/www.salk.edu\\\/#website\"},\"datePublished\":\"2018-11-15T04:36:41+00:00\",\"dateModified\":\"2023-12-29T19:31:36+00:00\",\"breadcrumb\":{\"@id\":\"https:\\\/\\\/www.salk.edu\\\/conduct-policy\\\/#breadcrumb\"},\"inLanguage\":\"es-MX\",\"potentialAction\":[{\"@type\":\"ReadAction\",\"target\":[\"https:\\\/\\\/www.salk.edu\\\/conduct-policy\\\/\"]}]},{\"@type\":\"BreadcrumbList\",\"@id\":\"https:\\\/\\\/www.salk.edu\\\/conduct-policy\\\/#breadcrumb\",\"itemListElement\":[{\"@type\":\"ListItem\",\"position\":1,\"name\":\"Home\",\"item\":\"https:\\\/\\\/www.salk.edu\\\/\"},{\"@type\":\"ListItem\",\"position\":2,\"name\":\"Conduct Policy\"}]},{\"@type\":\"WebSite\",\"@id\":\"https:\\\/\\\/www.salk.edu\\\/#website\",\"url\":\"https:\\\/\\\/www.salk.edu\\\/\",\"name\":\"Salk Institute for Biological Studies\",\"description\":\"The Power of Science\",\"publisher\":{\"@id\":\"https:\\\/\\\/www.salk.edu\\\/#organization\"},\"potentialAction\":[{\"@type\":\"SearchAction\",\"target\":{\"@type\":\"EntryPoint\",\"urlTemplate\":\"https:\\\/\\\/www.salk.edu\\\/?s={search_term_string}\"},\"query-input\":{\"@type\":\"PropertyValueSpecification\",\"valueRequired\":true,\"valueName\":\"search_term_string\"}}],\"inLanguage\":\"es-MX\"},{\"@type\":\"Organization\",\"@id\":\"https:\\\/\\\/www.salk.edu\\\/#organization\",\"name\":\"Salk Institute for Biological Studies\",\"url\":\"https:\\\/\\\/www.salk.edu\\\/\",\"logo\":{\"@type\":\"ImageObject\",\"inLanguage\":\"es-MX\",\"@id\":\"https:\\\/\\\/www.salk.edu\\\/#\\\/schema\\\/logo\\\/image\\\/\",\"url\":\"http:\\\/\\\/www.salk.edu\\\/wp-content\\\/uploads\\\/2023\\\/03\\\/salk_logo_696.jpg\",\"contentUrl\":\"http:\\\/\\\/www.salk.edu\\\/wp-content\\\/uploads\\\/2023\\\/03\\\/salk_logo_696.jpg\",\"width\":696,\"height\":696,\"caption\":\"Salk Institute for Biological Studies\"},\"image\":{\"@id\":\"https:\\\/\\\/www.salk.edu\\\/#\\\/schema\\\/logo\\\/image\\\/\"}}]}<\/script>\n<!-- \/ Yoast SEO plugin. -->","yoast_head_json":{"title":"Conduct Policy - Salk Institute for Biological Studies","robots":{"index":"index","follow":"follow","max-snippet":"max-snippet:-1","max-image-preview":"max-image-preview:large","max-video-preview":"max-video-preview:-1"},"canonical":"https:\/\/www.salk.edu\/es\/conduct-policy\/","og_locale":"es_MX","og_type":"article","og_title":"Conduct Policy - Salk Institute for Biological Studies","og_description":"In keeping with our organizational values and to ensure a safe, civil and respectful campus at the Institute, we are committed to an environment that is free of all forms of harassment, discrimination, bullying or other inappropriate or disrespectful conduct, whether physical, verbal or visual. Actions of this nature will not be tolerated by Salk, regardless of one\u2019s relationship with the Institute. This applies to online and in-person conduct by and against all persons involved in the operation of the Institute, including but not limited to Institute employees, students, visitors, contractors, volunteers, any individuals providing services pursuant to a contract, other third-party non-employees or applicants for an employment, volunteer, or training position with Salk. \u00a0","og_url":"https:\/\/www.salk.edu\/es\/conduct-policy\/","og_site_name":"Salk Institute for Biological Studies","article_modified_time":"2023-12-29T19:31:36+00:00","og_image":[{"width":628,"height":329,"url":"https:\/\/www.salk.edu\/wp-content\/uploads\/2023\/03\/salk-institute-preview-image.jpg","type":"image\/jpeg"}],"twitter_card":"summary_large_image","twitter_misc":{"Est. reading time":"1 minute"},"schema":{"@context":"https:\/\/schema.org","@graph":[{"@type":"WebPage","@id":"https:\/\/www.salk.edu\/conduct-policy\/","url":"https:\/\/www.salk.edu\/conduct-policy\/","name":"Conduct Policy - Salk Institute for Biological Studies","isPartOf":{"@id":"https:\/\/www.salk.edu\/#website"},"datePublished":"2018-11-15T04:36:41+00:00","dateModified":"2023-12-29T19:31:36+00:00","breadcrumb":{"@id":"https:\/\/www.salk.edu\/conduct-policy\/#breadcrumb"},"inLanguage":"es-MX","potentialAction":[{"@type":"ReadAction","target":["https:\/\/www.salk.edu\/conduct-policy\/"]}]},{"@type":"BreadcrumbList","@id":"https:\/\/www.salk.edu\/conduct-policy\/#breadcrumb","itemListElement":[{"@type":"ListItem","position":1,"name":"Home","item":"https:\/\/www.salk.edu\/"},{"@type":"ListItem","position":2,"name":"Conduct Policy"}]},{"@type":"WebSite","@id":"https:\/\/www.salk.edu\/#website","url":"https:\/\/www.salk.edu\/","name":"Instituto Salk de Estudios Biol\u00f3gicos","description":"El Poder de la Ciencia","publisher":{"@id":"https:\/\/www.salk.edu\/#organization"},"potentialAction":[{"@type":"SearchAction","target":{"@type":"EntryPoint","urlTemplate":"https:\/\/www.salk.edu\/?s={search_term_string}"},"query-input":{"@type":"PropertyValueSpecification","valueRequired":true,"valueName":"search_term_string"}}],"inLanguage":"es-MX"},{"@type":"Organization","@id":"https:\/\/www.salk.edu\/#organization","name":"Instituto Salk de Estudios Biol\u00f3gicos","url":"https:\/\/www.salk.edu\/","logo":{"@type":"ImageObject","inLanguage":"es-MX","@id":"https:\/\/www.salk.edu\/#\/schema\/logo\/image\/","url":"http:\/\/www.salk.edu\/wp-content\/uploads\/2023\/03\/salk_logo_696.jpg","contentUrl":"http:\/\/www.salk.edu\/wp-content\/uploads\/2023\/03\/salk_logo_696.jpg","width":696,"height":696,"caption":"Salk Institute for Biological Studies"},"image":{"@id":"https:\/\/www.salk.edu\/#\/schema\/logo\/image\/"}}]}},"ACF":{"salk_custom_body_class":"","gallery":false,"secondary_navigation":false},"_links":{"self":[{"href":"https:\/\/www.salk.edu\/es\/wp-json\/wp\/v2\/pages\/20897","targetHints":{"allow":["GET"]}}],"collection":[{"href":"https:\/\/www.salk.edu\/es\/wp-json\/wp\/v2\/pages"}],"about":[{"href":"https:\/\/www.salk.edu\/es\/wp-json\/wp\/v2\/types\/page"}],"author":[{"embeddable":true,"href":"https:\/\/www.salk.edu\/es\/wp-json\/wp\/v2\/users\/91"}],"replies":[{"embeddable":true,"href":"https:\/\/www.salk.edu\/es\/wp-json\/wp\/v2\/comments?post=20897"}],"version-history":[{"count":3,"href":"https:\/\/www.salk.edu\/es\/wp-json\/wp\/v2\/pages\/20897\/revisions"}],"predecessor-version":[{"id":42050,"href":"https:\/\/www.salk.edu\/es\/wp-json\/wp\/v2\/pages\/20897\/revisions\/42050"}],"wp:attachment":[{"href":"https:\/\/www.salk.edu\/es\/wp-json\/wp\/v2\/media?parent=20897"}],"wp:term":[{"taxonomy":"folder","embeddable":true,"href":"https:\/\/www.salk.edu\/es\/wp-json\/wp\/v2\/folder?post=20897"}],"curies":[{"name":"la hora de","href":"https:\/\/api.w.org\/{rel}","templated":true}]}}