{"id":20262,"date":"2018-10-03T14:25:26","date_gmt":"2018-10-03T21:25:26","guid":{"rendered":"https:\/\/vermont.salk.edu\/?page_id=20262"},"modified":"2024-01-30T14:05:57","modified_gmt":"2024-01-30T22:05:57","slug":"computational-biology","status":"publish","type":"page","link":"https:\/\/www.salk.edu\/es\/science\/research\/computational-biology\/","title":{"rendered":"Biolog\u00eda computacional"},"content":{"rendered":"<p>Para comprender mejor las \u201creglas\u201d fundamentales que gu\u00edan la salud y la enfermedad humanas, cient\u00edficos del Salk integran biolog\u00eda experimental y herramientas computacionales, incluyendo teor\u00eda de la informaci\u00f3n, inform\u00e1tica e ingenier\u00eda. La belleza de estos enfoques es que pueden aplicarse para encontrar patrones en cualquier tipo de investigaci\u00f3n: c\u00e1ncer, inmunolog\u00eda, metabolismo, neurociencia, envejecimiento, biolog\u00eda vegetal y m\u00e1s.<\/p>","protected":false},"excerpt":{"rendered":"<p>Para comprender mejor las \u201creglas\u201d fundamentales que gu\u00edan la salud y la enfermedad humanas, cient\u00edficos del Salk integran biolog\u00eda experimental y herramientas computacionales, incluyendo teor\u00eda de la informaci\u00f3n, inform\u00e1tica e ingenier\u00eda. La belleza de estos enfoques es que pueden aplicarse para encontrar patrones en cualquier tipo de investigaci\u00f3n: c\u00e1ncer, inmunolog\u00eda, metabolismo, neurociencia, envejecimiento, biolog\u00eda vegetal y m\u00e1s.<\/p>","protected":false},"author":91,"featured_media":45812,"parent":40,"menu_order":0,"comment_status":"closed","ping_status":"closed","template":"template-research-overview.php","meta":{"_acf_changed":false,"footnotes":""},"folder":[517],"class_list":["post-20262","page","type-page","status-publish","has-post-thumbnail","hentry"],"acf":[],"yoast_head":"<!-- This site is optimized with the Yoast SEO plugin v27.3 - https:\/\/yoast.com\/product\/yoast-seo-wordpress\/ -->\n<title>Computational Biology - Salk Institute for Biological Studies<\/title>\n<meta name=\"robots\" content=\"index, follow, max-snippet:-1, max-image-preview:large, max-video-preview:-1\" \/>\n<link rel=\"canonical\" href=\"https:\/\/www.salk.edu\/es\/science\/research\/computational-biology\/\" \/>\n<meta property=\"og:locale\" content=\"es_MX\" \/>\n<meta property=\"og:type\" content=\"article\" \/>\n<meta property=\"og:title\" content=\"Computational Biology - Salk Institute for Biological Studies\" \/>\n<meta property=\"og:description\" content=\"To better understand the fundamental \u201crules\u201d that guide human health and disease, Salk scientists are integrating experimental biology and computational tools, including information theory, computer science, and engineering. The beauty of these approaches is that they can be applied to find patterns in any type of research: cancer, immunology, metabolism, neuroscience, aging, plant biology, and more.\" \/>\n<meta property=\"og:url\" content=\"https:\/\/www.salk.edu\/es\/science\/research\/computational-biology\/\" \/>\n<meta property=\"og:site_name\" content=\"Salk Institute for Biological Studies\" \/>\n<meta property=\"article:modified_time\" content=\"2024-01-30T22:05:57+00:00\" \/>\n<meta property=\"og:image\" content=\"https:\/\/www.salk.edu\/wp-content\/uploads\/2024\/01\/Computational-Biology-Header-Mobile-767x767-1.jpg\" \/>\n\t<meta property=\"og:image:width\" content=\"767\" \/>\n\t<meta property=\"og:image:height\" content=\"767\" \/>\n\t<meta property=\"og:image:type\" content=\"image\/jpeg\" \/>\n<meta name=\"twitter:card\" content=\"summary_large_image\" \/>\n<meta name=\"twitter:label1\" content=\"Est. reading time\" \/>\n\t<meta name=\"twitter:data1\" content=\"1 minute\" \/>\n<script type=\"application\/ld+json\" class=\"yoast-schema-graph\">{\"@context\":\"https:\\\/\\\/schema.org\",\"@graph\":[{\"@type\":\"WebPage\",\"@id\":\"https:\\\/\\\/www.salk.edu\\\/science\\\/research\\\/computational-biology\\\/\",\"url\":\"https:\\\/\\\/www.salk.edu\\\/science\\\/research\\\/computational-biology\\\/\",\"name\":\"Computational Biology - Salk Institute for Biological Studies\",\"isPartOf\":{\"@id\":\"https:\\\/\\\/www.salk.edu\\\/#website\"},\"primaryImageOfPage\":{\"@id\":\"https:\\\/\\\/www.salk.edu\\\/science\\\/research\\\/computational-biology\\\/#primaryimage\"},\"image\":{\"@id\":\"https:\\\/\\\/www.salk.edu\\\/science\\\/research\\\/computational-biology\\\/#primaryimage\"},\"thumbnailUrl\":\"https:\\\/\\\/www.salk.edu\\\/wp-content\\\/uploads\\\/2024\\\/01\\\/Computational-Biology-Header-Mobile-767x767-1.jpg\",\"datePublished\":\"2018-10-03T21:25:26+00:00\",\"dateModified\":\"2024-01-30T22:05:57+00:00\",\"breadcrumb\":{\"@id\":\"https:\\\/\\\/www.salk.edu\\\/science\\\/research\\\/computational-biology\\\/#breadcrumb\"},\"inLanguage\":\"es-MX\",\"potentialAction\":[{\"@type\":\"ReadAction\",\"target\":[\"https:\\\/\\\/www.salk.edu\\\/science\\\/research\\\/computational-biology\\\/\"]}]},{\"@type\":\"ImageObject\",\"inLanguage\":\"es-MX\",\"@id\":\"https:\\\/\\\/www.salk.edu\\\/science\\\/research\\\/computational-biology\\\/#primaryimage\",\"url\":\"https:\\\/\\\/www.salk.edu\\\/wp-content\\\/uploads\\\/2024\\\/01\\\/Computational-Biology-Header-Mobile-767x767-1.jpg\",\"contentUrl\":\"https:\\\/\\\/www.salk.edu\\\/wp-content\\\/uploads\\\/2024\\\/01\\\/Computational-Biology-Header-Mobile-767x767-1.jpg\",\"width\":767,\"height\":767,\"caption\":\"Computational Biology\"},{\"@type\":\"BreadcrumbList\",\"@id\":\"https:\\\/\\\/www.salk.edu\\\/science\\\/research\\\/computational-biology\\\/#breadcrumb\",\"itemListElement\":[{\"@type\":\"ListItem\",\"position\":1,\"name\":\"Home\",\"item\":\"https:\\\/\\\/www.salk.edu\\\/\"},{\"@type\":\"ListItem\",\"position\":2,\"name\":\"Science\",\"item\":\"https:\\\/\\\/www.salk.edu\\\/science\\\/\"},{\"@type\":\"ListItem\",\"position\":3,\"name\":\"Research\",\"item\":\"https:\\\/\\\/www.salk.edu\\\/science\\\/research\\\/\"},{\"@type\":\"ListItem\",\"position\":4,\"name\":\"Computational Biology\"}]},{\"@type\":\"WebSite\",\"@id\":\"https:\\\/\\\/www.salk.edu\\\/#website\",\"url\":\"https:\\\/\\\/www.salk.edu\\\/\",\"name\":\"Salk Institute for Biological Studies\",\"description\":\"The Power of Science\",\"publisher\":{\"@id\":\"https:\\\/\\\/www.salk.edu\\\/#organization\"},\"potentialAction\":[{\"@type\":\"SearchAction\",\"target\":{\"@type\":\"EntryPoint\",\"urlTemplate\":\"https:\\\/\\\/www.salk.edu\\\/?s={search_term_string}\"},\"query-input\":{\"@type\":\"PropertyValueSpecification\",\"valueRequired\":true,\"valueName\":\"search_term_string\"}}],\"inLanguage\":\"es-MX\"},{\"@type\":\"Organization\",\"@id\":\"https:\\\/\\\/www.salk.edu\\\/#organization\",\"name\":\"Salk Institute for Biological Studies\",\"url\":\"https:\\\/\\\/www.salk.edu\\\/\",\"logo\":{\"@type\":\"ImageObject\",\"inLanguage\":\"es-MX\",\"@id\":\"https:\\\/\\\/www.salk.edu\\\/#\\\/schema\\\/logo\\\/image\\\/\",\"url\":\"http:\\\/\\\/www.salk.edu\\\/wp-content\\\/uploads\\\/2023\\\/03\\\/salk_logo_696.jpg\",\"contentUrl\":\"http:\\\/\\\/www.salk.edu\\\/wp-content\\\/uploads\\\/2023\\\/03\\\/salk_logo_696.jpg\",\"width\":696,\"height\":696,\"caption\":\"Salk Institute for Biological Studies\"},\"image\":{\"@id\":\"https:\\\/\\\/www.salk.edu\\\/#\\\/schema\\\/logo\\\/image\\\/\"}}]}<\/script>\n<!-- \/ Yoast SEO plugin. -->","yoast_head_json":{"title":"Computational Biology - Salk Institute for Biological Studies","robots":{"index":"index","follow":"follow","max-snippet":"max-snippet:-1","max-image-preview":"max-image-preview:large","max-video-preview":"max-video-preview:-1"},"canonical":"https:\/\/www.salk.edu\/es\/science\/research\/computational-biology\/","og_locale":"es_MX","og_type":"article","og_title":"Computational Biology - Salk Institute for Biological Studies","og_description":"To better understand the fundamental \u201crules\u201d that guide human health and disease, Salk scientists are integrating experimental biology and computational tools, including information theory, computer science, and engineering. The beauty of these approaches is that they can be applied to find patterns in any type of research: cancer, immunology, metabolism, neuroscience, aging, plant biology, and more.","og_url":"https:\/\/www.salk.edu\/es\/science\/research\/computational-biology\/","og_site_name":"Salk Institute for Biological Studies","article_modified_time":"2024-01-30T22:05:57+00:00","og_image":[{"width":767,"height":767,"url":"https:\/\/www.salk.edu\/wp-content\/uploads\/2024\/01\/Computational-Biology-Header-Mobile-767x767-1.jpg","type":"image\/jpeg"}],"twitter_card":"summary_large_image","twitter_misc":{"Est. reading time":"1 minute"},"schema":{"@context":"https:\/\/schema.org","@graph":[{"@type":"WebPage","@id":"https:\/\/www.salk.edu\/science\/research\/computational-biology\/","url":"https:\/\/www.salk.edu\/science\/research\/computational-biology\/","name":"Computational Biology - Salk Institute for Biological Studies","isPartOf":{"@id":"https:\/\/www.salk.edu\/#website"},"primaryImageOfPage":{"@id":"https:\/\/www.salk.edu\/science\/research\/computational-biology\/#primaryimage"},"image":{"@id":"https:\/\/www.salk.edu\/science\/research\/computational-biology\/#primaryimage"},"thumbnailUrl":"https:\/\/www.salk.edu\/wp-content\/uploads\/2024\/01\/Computational-Biology-Header-Mobile-767x767-1.jpg","datePublished":"2018-10-03T21:25:26+00:00","dateModified":"2024-01-30T22:05:57+00:00","breadcrumb":{"@id":"https:\/\/www.salk.edu\/science\/research\/computational-biology\/#breadcrumb"},"inLanguage":"es-MX","potentialAction":[{"@type":"ReadAction","target":["https:\/\/www.salk.edu\/science\/research\/computational-biology\/"]}]},{"@type":"ImageObject","inLanguage":"es-MX","@id":"https:\/\/www.salk.edu\/science\/research\/computational-biology\/#primaryimage","url":"https:\/\/www.salk.edu\/wp-content\/uploads\/2024\/01\/Computational-Biology-Header-Mobile-767x767-1.jpg","contentUrl":"https:\/\/www.salk.edu\/wp-content\/uploads\/2024\/01\/Computational-Biology-Header-Mobile-767x767-1.jpg","width":767,"height":767,"caption":"Computational Biology"},{"@type":"BreadcrumbList","@id":"https:\/\/www.salk.edu\/science\/research\/computational-biology\/#breadcrumb","itemListElement":[{"@type":"ListItem","position":1,"name":"Home","item":"https:\/\/www.salk.edu\/"},{"@type":"ListItem","position":2,"name":"Science","item":"https:\/\/www.salk.edu\/science\/"},{"@type":"ListItem","position":3,"name":"Research","item":"https:\/\/www.salk.edu\/science\/research\/"},{"@type":"ListItem","position":4,"name":"Computational Biology"}]},{"@type":"WebSite","@id":"https:\/\/www.salk.edu\/#website","url":"https:\/\/www.salk.edu\/","name":"Instituto Salk de Estudios Biol\u00f3gicos","description":"El Poder de la Ciencia","publisher":{"@id":"https:\/\/www.salk.edu\/#organization"},"potentialAction":[{"@type":"SearchAction","target":{"@type":"EntryPoint","urlTemplate":"https:\/\/www.salk.edu\/?s={search_term_string}"},"query-input":{"@type":"PropertyValueSpecification","valueRequired":true,"valueName":"search_term_string"}}],"inLanguage":"es-MX"},{"@type":"Organization","@id":"https:\/\/www.salk.edu\/#organization","name":"Instituto Salk de Estudios Biol\u00f3gicos","url":"https:\/\/www.salk.edu\/","logo":{"@type":"ImageObject","inLanguage":"es-MX","@id":"https:\/\/www.salk.edu\/#\/schema\/logo\/image\/","url":"http:\/\/www.salk.edu\/wp-content\/uploads\/2023\/03\/salk_logo_696.jpg","contentUrl":"http:\/\/www.salk.edu\/wp-content\/uploads\/2023\/03\/salk_logo_696.jpg","width":696,"height":696,"caption":"Salk Institute for Biological Studies"},"image":{"@id":"https:\/\/www.salk.edu\/#\/schema\/logo\/image\/"}}]}},"ACF":{"hero":"https:\/\/www.salk.edu\/wp-content\/uploads\/2024\/01\/Computational-Biology-Header-1920x550-1.jpg","research":[{"title":"Inteligencia artificial","content":"<p>El campo de la inteligencia artificial (IA) se dedica al dise\u00f1o de m\u00e1quinas y algoritmos capaces de percibir, comprender y aprender a partir de enormes conjuntos de datos. En el Instituto Salk, los investigadores utilizan t\u00e9cnicas de IA, como el aprendizaje autom\u00e1tico y el aprendizaje profundo, para descifrar la informaci\u00f3n gen\u00e9tica y perfeccionar el diagn\u00f3stico del c\u00e1ncer, entre otros objetivos, mejorando as\u00ed sus modelos de IA en el proceso.<\/p>","image":{"ID":44419,"id":44419,"title":"Screen Shot 2023-12-07 at 9.38.50 PM","filename":"Screen-Shot-2023-12-07-at-9.38.50-PM.png","filesize":853253,"url":"https:\/\/www.salk.edu\/wp-content\/uploads\/2023\/12\/Screen-Shot-2023-12-07-at-9.38.50-PM.png","link":"https:\/\/www.salk.edu\/es\/science\/research\/computational-biology\/screen-shot-2023-12-07-at-9-38-50-pm\/","alt":"","author":"3","description":"","caption":"","name":"screen-shot-2023-12-07-at-9-38-50-pm","status":"inherit","uploaded_to":20262,"date":"2023-12-08 05:39:17","modified":"2023-12-08 05:39:17","menu_order":0,"mime_type":"image\/png","type":"image","subtype":"png","icon":"https:\/\/www.salk.edu\/wp-includes\/images\/media\/default.png","width":776,"height":702,"sizes":{"thumbnail":"https:\/\/www.salk.edu\/wp-content\/uploads\/2023\/12\/Screen-Shot-2023-12-07-at-9.38.50-PM-150x150.png","thumbnail-width":150,"thumbnail-height":150,"medium":"https:\/\/www.salk.edu\/wp-content\/uploads\/2023\/12\/Screen-Shot-2023-12-07-at-9.38.50-PM-300x271.png","medium-width":300,"medium-height":271,"medium_large":"https:\/\/www.salk.edu\/wp-content\/uploads\/2023\/12\/Screen-Shot-2023-12-07-at-9.38.50-PM-768x695.png","medium_large-width":768,"medium_large-height":695,"large":"https:\/\/www.salk.edu\/wp-content\/uploads\/2023\/12\/Screen-Shot-2023-12-07-at-9.38.50-PM.png","large-width":776,"large-height":702,"1536x1536":"https:\/\/www.salk.edu\/wp-content\/uploads\/2023\/12\/Screen-Shot-2023-12-07-at-9.38.50-PM.png","1536x1536-width":776,"1536x1536-height":702,"2048x2048":"https:\/\/www.salk.edu\/wp-content\/uploads\/2023\/12\/Screen-Shot-2023-12-07-at-9.38.50-PM.png","2048x2048-width":776,"2048x2048-height":702,"trp-custom-language-flag":"https:\/\/www.salk.edu\/wp-content\/uploads\/2023\/12\/Screen-Shot-2023-12-07-at-9.38.50-PM.png","trp-custom-language-flag-width":13,"trp-custom-language-flag-height":12,"hero":"https:\/\/www.salk.edu\/wp-content\/uploads\/2023\/12\/Screen-Shot-2023-12-07-at-9.38.50-PM-776x550.png","hero-width":776,"hero-height":550,"square":"https:\/\/www.salk.edu\/wp-content\/uploads\/2023\/12\/Screen-Shot-2023-12-07-at-9.38.50-PM-767x702.png","square-width":767,"square-height":702,"cision-147":"https:\/\/www.salk.edu\/wp-content\/uploads\/2023\/12\/Screen-Shot-2023-12-07-at-9.38.50-PM-147x133.png","cision-147-width":147,"cision-147-height":133,"pr-300":"https:\/\/www.salk.edu\/wp-content\/uploads\/2023\/12\/Screen-Shot-2023-12-07-at-9.38.50-PM-300x271.png","pr-300-width":300,"pr-300-height":271,"col-md-5":"https:\/\/www.salk.edu\/wp-content\/uploads\/2023\/12\/Screen-Shot-2023-12-07-at-9.38.50-PM-458x414.png","col-md-5-width":458,"col-md-5-height":414,"col-md-6":"https:\/\/www.salk.edu\/wp-content\/uploads\/2023\/12\/Screen-Shot-2023-12-07-at-9.38.50-PM-585x529.png","col-md-6-width":585,"col-md-6-height":529,"col-md-7":"https:\/\/www.salk.edu\/wp-content\/uploads\/2023\/12\/Screen-Shot-2023-12-07-at-9.38.50-PM-553x500.png","col-md-7-width":553,"col-md-7-height":500,"col-md-8":"https:\/\/www.salk.edu\/wp-content\/uploads\/2023\/12\/Screen-Shot-2023-12-07-at-9.38.50-PM-750x678.png","col-md-8-width":750,"col-md-8-height":678,"grid-767":"https:\/\/www.salk.edu\/wp-content\/uploads\/2023\/12\/Screen-Shot-2023-12-07-at-9.38.50-PM-767x694.png","grid-767-width":767,"grid-767-height":694,"col-md-10":"https:\/\/www.salk.edu\/wp-content\/uploads\/2023\/12\/Screen-Shot-2023-12-07-at-9.38.50-PM.png","col-md-10-width":776,"col-md-10-height":702,"gform-image-choice-sm":"https:\/\/www.salk.edu\/wp-content\/uploads\/2023\/12\/Screen-Shot-2023-12-07-at-9.38.50-PM.png","gform-image-choice-sm-width":300,"gform-image-choice-sm-height":271,"gform-image-choice-md":"https:\/\/www.salk.edu\/wp-content\/uploads\/2023\/12\/Screen-Shot-2023-12-07-at-9.38.50-PM.png","gform-image-choice-md-width":400,"gform-image-choice-md-height":362,"gform-image-choice-lg":"https:\/\/www.salk.edu\/wp-content\/uploads\/2023\/12\/Screen-Shot-2023-12-07-at-9.38.50-PM.png","gform-image-choice-lg-width":600,"gform-image-choice-lg-height":543}},"faculty":[9785,14508,937,815,28251,6049,2649,223,2595,34811,2577,1083,22386]}],"secondary_navigation":"<div class=\"menu-computational-biology-container\"><ul id=\"menu-computational-biology\" class=\"menu\"><li class=\"menu-item menu-item-type-post_type menu-item-object-page menu-item-20279\"><a href=\"https:\/\/www.salk.edu\/es\/science\/research\/computational-biology\/\">Overview<\/a><\/li>\n<li class=\"menu-item menu-item-type-post_type menu-item-object-page menu-item-20278\"><a href=\"https:\/\/www.salk.edu\/es\/science\/research\/computational-biology\/faculty\/\">Faculty<\/a><\/li>\n<li class=\"menu-item menu-item-type-post_type menu-item-object-page menu-item-20277\"><a href=\"https:\/\/www.salk.edu\/es\/science\/research\/computational-biology\/news\/\">News<\/a><\/li>\n<li class=\"menu-item menu-item-type-post_type menu-item-object-page menu-item-20438\"><a href=\"https:\/\/www.salk.edu\/es\/science\/research\/computational-biology\/videos\/\">Videos<\/a><\/li>\n<\/ul><\/div>","line_1":"Computational Biology","line_2":"Overview","gallery":false,"poster_quote":"","salk_custom_body_class":""},"_links":{"self":[{"href":"https:\/\/www.salk.edu\/es\/wp-json\/wp\/v2\/pages\/20262","targetHints":{"allow":["GET"]}}],"collection":[{"href":"https:\/\/www.salk.edu\/es\/wp-json\/wp\/v2\/pages"}],"about":[{"href":"https:\/\/www.salk.edu\/es\/wp-json\/wp\/v2\/types\/page"}],"author":[{"embeddable":true,"href":"https:\/\/www.salk.edu\/es\/wp-json\/wp\/v2\/users\/91"}],"replies":[{"embeddable":true,"href":"https:\/\/www.salk.edu\/es\/wp-json\/wp\/v2\/comments?post=20262"}],"version-history":[{"count":10,"href":"https:\/\/www.salk.edu\/es\/wp-json\/wp\/v2\/pages\/20262\/revisions"}],"predecessor-version":[{"id":46121,"href":"https:\/\/www.salk.edu\/es\/wp-json\/wp\/v2\/pages\/20262\/revisions\/46121"}],"up":[{"embeddable":true,"href":"https:\/\/www.salk.edu\/es\/wp-json\/wp\/v2\/pages\/40"}],"wp:featuredmedia":[{"embeddable":true,"href":"https:\/\/www.salk.edu\/es\/wp-json\/wp\/v2\/media\/45812"}],"wp:attachment":[{"href":"https:\/\/www.salk.edu\/es\/wp-json\/wp\/v2\/media?parent=20262"}],"wp:term":[{"taxonomy":"folder","embeddable":true,"href":"https:\/\/www.salk.edu\/es\/wp-json\/wp\/v2\/folder?post=20262"}],"curies":[{"name":"la hora de","href":"https:\/\/api.w.org\/{rel}","templated":true}]}}