{"id":20236,"date":"2018-10-03T13:40:08","date_gmt":"2018-10-03T20:40:08","guid":{"rendered":"https:\/\/vermont.salk.edu\/?page_id=20236"},"modified":"2024-01-30T13:58:27","modified_gmt":"2024-01-30T21:58:27","slug":"biochemistry-and-biophysics","status":"publish","type":"page","link":"https:\/\/www.salk.edu\/es\/science\/research\/biochemistry-and-biophysics\/","title":{"rendered":"Bioqu\u00edmica y Biof\u00edsica"},"content":{"rendered":"<p>Desvelar los secretos de la vida misma es la fuerza motriz del Instituto Salk. Y eso comienza por comprender los componentes b\u00e1sicos de la vida, como el ADN, el ARN, las prote\u00ednas y los carbohidratos. Los bioqu\u00edmicos y biof\u00edsicos del Salk se dedican a descubrir la estructura y la funci\u00f3n de estas mol\u00e9culas, incluyendo c\u00f3mo se forman, interact\u00faan, se agrupan en complejos y se mueven, as\u00ed como el papel que desempe\u00f1an en la salud y la enfermedad.<\/p>\n<p>Los investigadores del Instituto Salk tambi\u00e9n est\u00e1n utilizando principios de bioqu\u00edmica y biof\u00edsica para desarrollar nuevas herramientas y t\u00e9cnicas de laboratorio que permitan a los cient\u00edficos desentra\u00f1ar los secretos de la vida con un alcance y un nivel de detalle cada vez mayores. Estos profesores y sus laboratorios colaboran entre todas las disciplinas para aplicar tecnolog\u00edas computacionales, como la inteligencia artificial y el aprendizaje autom\u00e1tico, con el fin \u00faltimo de impulsar descubrimientos en neurociencia, c\u00e1ncer, envejecimiento saludable y otras \u00e1reas.<\/p>","protected":false},"excerpt":{"rendered":"<p>Desvelar los secretos de la vida misma es la fuerza motriz del Instituto Salk. Y eso comienza por comprender los componentes b\u00e1sicos de la vida, como el ADN, el ARN, las prote\u00ednas y los carbohidratos. Los bioqu\u00edmicos y biof\u00edsicos del Salk se dedican a descubrir la estructura y la funci\u00f3n de estas mol\u00e9culas, incluyendo c\u00f3mo se forman, interact\u00faan, se agrupan en complejos y se mueven, as\u00ed como el papel que desempe\u00f1an en la salud y la enfermedad.<\/p>","protected":false},"author":91,"featured_media":45801,"parent":40,"menu_order":0,"comment_status":"closed","ping_status":"closed","template":"","meta":{"_acf_changed":false,"footnotes":""},"folder":[517],"class_list":["post-20236","page","type-page","status-publish","has-post-thumbnail","hentry"],"acf":[],"yoast_head":"<!-- This site is optimized with the Yoast SEO plugin v27.3 - https:\/\/yoast.com\/product\/yoast-seo-wordpress\/ -->\n<title>Biochemistry and Biophysics - Salk Institute for Biological Studies<\/title>\n<meta name=\"robots\" content=\"index, follow, max-snippet:-1, max-image-preview:large, max-video-preview:-1\" \/>\n<link rel=\"canonical\" href=\"https:\/\/www.salk.edu\/es\/science\/research\/biochemistry-and-biophysics\/\" \/>\n<meta property=\"og:locale\" content=\"es_MX\" \/>\n<meta property=\"og:type\" content=\"article\" \/>\n<meta property=\"og:title\" content=\"Biochemistry and Biophysics - Salk Institute for Biological Studies\" \/>\n<meta property=\"og:description\" content=\"Unlocking the secrets of life itself is the driving force behind the Salk Institute. And that starts with understanding the most basic building blocks of life, including DNA, RNA, proteins, and carbohydrates. Salk\u2019s biochemists and biophysicists are dedicated to uncovering the structure and function of these molecules, including how they form, interact, assemble complexes, and move, as well as the roles they play in health and disease.\" \/>\n<meta property=\"og:url\" content=\"https:\/\/www.salk.edu\/es\/science\/research\/biochemistry-and-biophysics\/\" \/>\n<meta property=\"og:site_name\" content=\"Salk Institute for Biological Studies\" \/>\n<meta property=\"article:modified_time\" content=\"2024-01-30T21:58:27+00:00\" \/>\n<meta property=\"og:image\" content=\"https:\/\/www.salk.edu\/wp-content\/uploads\/2024\/01\/Biochemistry-and-Biophysics-Mobile-767x767-1.jpg\" \/>\n\t<meta property=\"og:image:width\" content=\"767\" \/>\n\t<meta property=\"og:image:height\" content=\"767\" \/>\n\t<meta property=\"og:image:type\" content=\"image\/jpeg\" \/>\n<meta name=\"twitter:card\" content=\"summary_large_image\" \/>\n<meta name=\"twitter:label1\" content=\"Est. reading time\" \/>\n\t<meta name=\"twitter:data1\" content=\"1 minute\" \/>\n<script type=\"application\/ld+json\" class=\"yoast-schema-graph\">{\"@context\":\"https:\\\/\\\/schema.org\",\"@graph\":[{\"@type\":\"WebPage\",\"@id\":\"https:\\\/\\\/www.salk.edu\\\/science\\\/research\\\/biochemistry-and-biophysics\\\/\",\"url\":\"https:\\\/\\\/www.salk.edu\\\/science\\\/research\\\/biochemistry-and-biophysics\\\/\",\"name\":\"Biochemistry and Biophysics - Salk Institute for Biological Studies\",\"isPartOf\":{\"@id\":\"https:\\\/\\\/www.salk.edu\\\/#website\"},\"primaryImageOfPage\":{\"@id\":\"https:\\\/\\\/www.salk.edu\\\/science\\\/research\\\/biochemistry-and-biophysics\\\/#primaryimage\"},\"image\":{\"@id\":\"https:\\\/\\\/www.salk.edu\\\/science\\\/research\\\/biochemistry-and-biophysics\\\/#primaryimage\"},\"thumbnailUrl\":\"https:\\\/\\\/www.salk.edu\\\/wp-content\\\/uploads\\\/2024\\\/01\\\/Biochemistry-and-Biophysics-Mobile-767x767-1.jpg\",\"datePublished\":\"2018-10-03T20:40:08+00:00\",\"dateModified\":\"2024-01-30T21:58:27+00:00\",\"breadcrumb\":{\"@id\":\"https:\\\/\\\/www.salk.edu\\\/science\\\/research\\\/biochemistry-and-biophysics\\\/#breadcrumb\"},\"inLanguage\":\"es-MX\",\"potentialAction\":[{\"@type\":\"ReadAction\",\"target\":[\"https:\\\/\\\/www.salk.edu\\\/science\\\/research\\\/biochemistry-and-biophysics\\\/\"]}]},{\"@type\":\"ImageObject\",\"inLanguage\":\"es-MX\",\"@id\":\"https:\\\/\\\/www.salk.edu\\\/science\\\/research\\\/biochemistry-and-biophysics\\\/#primaryimage\",\"url\":\"https:\\\/\\\/www.salk.edu\\\/wp-content\\\/uploads\\\/2024\\\/01\\\/Biochemistry-and-Biophysics-Mobile-767x767-1.jpg\",\"contentUrl\":\"https:\\\/\\\/www.salk.edu\\\/wp-content\\\/uploads\\\/2024\\\/01\\\/Biochemistry-and-Biophysics-Mobile-767x767-1.jpg\",\"width\":767,\"height\":767,\"caption\":\"Biochemistry and Biophysics\"},{\"@type\":\"BreadcrumbList\",\"@id\":\"https:\\\/\\\/www.salk.edu\\\/science\\\/research\\\/biochemistry-and-biophysics\\\/#breadcrumb\",\"itemListElement\":[{\"@type\":\"ListItem\",\"position\":1,\"name\":\"Home\",\"item\":\"https:\\\/\\\/www.salk.edu\\\/\"},{\"@type\":\"ListItem\",\"position\":2,\"name\":\"Science\",\"item\":\"https:\\\/\\\/www.salk.edu\\\/science\\\/\"},{\"@type\":\"ListItem\",\"position\":3,\"name\":\"Research\",\"item\":\"https:\\\/\\\/www.salk.edu\\\/science\\\/research\\\/\"},{\"@type\":\"ListItem\",\"position\":4,\"name\":\"Biochemistry and Biophysics\"}]},{\"@type\":\"WebSite\",\"@id\":\"https:\\\/\\\/www.salk.edu\\\/#website\",\"url\":\"https:\\\/\\\/www.salk.edu\\\/\",\"name\":\"Salk Institute for Biological Studies\",\"description\":\"The Power of Science\",\"publisher\":{\"@id\":\"https:\\\/\\\/www.salk.edu\\\/#organization\"},\"potentialAction\":[{\"@type\":\"SearchAction\",\"target\":{\"@type\":\"EntryPoint\",\"urlTemplate\":\"https:\\\/\\\/www.salk.edu\\\/?s={search_term_string}\"},\"query-input\":{\"@type\":\"PropertyValueSpecification\",\"valueRequired\":true,\"valueName\":\"search_term_string\"}}],\"inLanguage\":\"es-MX\"},{\"@type\":\"Organization\",\"@id\":\"https:\\\/\\\/www.salk.edu\\\/#organization\",\"name\":\"Salk Institute for Biological Studies\",\"url\":\"https:\\\/\\\/www.salk.edu\\\/\",\"logo\":{\"@type\":\"ImageObject\",\"inLanguage\":\"es-MX\",\"@id\":\"https:\\\/\\\/www.salk.edu\\\/#\\\/schema\\\/logo\\\/image\\\/\",\"url\":\"http:\\\/\\\/www.salk.edu\\\/wp-content\\\/uploads\\\/2023\\\/03\\\/salk_logo_696.jpg\",\"contentUrl\":\"http:\\\/\\\/www.salk.edu\\\/wp-content\\\/uploads\\\/2023\\\/03\\\/salk_logo_696.jpg\",\"width\":696,\"height\":696,\"caption\":\"Salk Institute for Biological Studies\"},\"image\":{\"@id\":\"https:\\\/\\\/www.salk.edu\\\/#\\\/schema\\\/logo\\\/image\\\/\"}}]}<\/script>\n<!-- \/ Yoast SEO plugin. -->","yoast_head_json":{"title":"Biochemistry and Biophysics - Salk Institute for Biological Studies","robots":{"index":"index","follow":"follow","max-snippet":"max-snippet:-1","max-image-preview":"max-image-preview:large","max-video-preview":"max-video-preview:-1"},"canonical":"https:\/\/www.salk.edu\/es\/science\/research\/biochemistry-and-biophysics\/","og_locale":"es_MX","og_type":"article","og_title":"Biochemistry and Biophysics - Salk Institute for Biological Studies","og_description":"Unlocking the secrets of life itself is the driving force behind the Salk Institute. And that starts with understanding the most basic building blocks of life, including DNA, RNA, proteins, and carbohydrates. Salk\u2019s biochemists and biophysicists are dedicated to uncovering the structure and function of these molecules, including how they form, interact, assemble complexes, and move, as well as the roles they play in health and disease.","og_url":"https:\/\/www.salk.edu\/es\/science\/research\/biochemistry-and-biophysics\/","og_site_name":"Salk Institute for Biological Studies","article_modified_time":"2024-01-30T21:58:27+00:00","og_image":[{"width":767,"height":767,"url":"https:\/\/www.salk.edu\/wp-content\/uploads\/2024\/01\/Biochemistry-and-Biophysics-Mobile-767x767-1.jpg","type":"image\/jpeg"}],"twitter_card":"summary_large_image","twitter_misc":{"Est. reading time":"1 minute"},"schema":{"@context":"https:\/\/schema.org","@graph":[{"@type":"WebPage","@id":"https:\/\/www.salk.edu\/science\/research\/biochemistry-and-biophysics\/","url":"https:\/\/www.salk.edu\/science\/research\/biochemistry-and-biophysics\/","name":"Biochemistry and Biophysics - Salk Institute for Biological Studies","isPartOf":{"@id":"https:\/\/www.salk.edu\/#website"},"primaryImageOfPage":{"@id":"https:\/\/www.salk.edu\/science\/research\/biochemistry-and-biophysics\/#primaryimage"},"image":{"@id":"https:\/\/www.salk.edu\/science\/research\/biochemistry-and-biophysics\/#primaryimage"},"thumbnailUrl":"https:\/\/www.salk.edu\/wp-content\/uploads\/2024\/01\/Biochemistry-and-Biophysics-Mobile-767x767-1.jpg","datePublished":"2018-10-03T20:40:08+00:00","dateModified":"2024-01-30T21:58:27+00:00","breadcrumb":{"@id":"https:\/\/www.salk.edu\/science\/research\/biochemistry-and-biophysics\/#breadcrumb"},"inLanguage":"es-MX","potentialAction":[{"@type":"ReadAction","target":["https:\/\/www.salk.edu\/science\/research\/biochemistry-and-biophysics\/"]}]},{"@type":"ImageObject","inLanguage":"es-MX","@id":"https:\/\/www.salk.edu\/science\/research\/biochemistry-and-biophysics\/#primaryimage","url":"https:\/\/www.salk.edu\/wp-content\/uploads\/2024\/01\/Biochemistry-and-Biophysics-Mobile-767x767-1.jpg","contentUrl":"https:\/\/www.salk.edu\/wp-content\/uploads\/2024\/01\/Biochemistry-and-Biophysics-Mobile-767x767-1.jpg","width":767,"height":767,"caption":"Biochemistry and Biophysics"},{"@type":"BreadcrumbList","@id":"https:\/\/www.salk.edu\/science\/research\/biochemistry-and-biophysics\/#breadcrumb","itemListElement":[{"@type":"ListItem","position":1,"name":"Home","item":"https:\/\/www.salk.edu\/"},{"@type":"ListItem","position":2,"name":"Science","item":"https:\/\/www.salk.edu\/science\/"},{"@type":"ListItem","position":3,"name":"Research","item":"https:\/\/www.salk.edu\/science\/research\/"},{"@type":"ListItem","position":4,"name":"Biochemistry and Biophysics"}]},{"@type":"WebSite","@id":"https:\/\/www.salk.edu\/#website","url":"https:\/\/www.salk.edu\/","name":"Instituto Salk de Estudios Biol\u00f3gicos","description":"The Power of Science","publisher":{"@id":"https:\/\/www.salk.edu\/#organization"},"potentialAction":[{"@type":"SearchAction","target":{"@type":"EntryPoint","urlTemplate":"https:\/\/www.salk.edu\/?s={search_term_string}"},"query-input":{"@type":"PropertyValueSpecification","valueRequired":true,"valueName":"search_term_string"}}],"inLanguage":"es-MX"},{"@type":"Organization","@id":"https:\/\/www.salk.edu\/#organization","name":"Instituto Salk de Estudios Biol\u00f3gicos","url":"https:\/\/www.salk.edu\/","logo":{"@type":"ImageObject","inLanguage":"es-MX","@id":"https:\/\/www.salk.edu\/#\/schema\/logo\/image\/","url":"http:\/\/www.salk.edu\/wp-content\/uploads\/2023\/03\/salk_logo_696.jpg","contentUrl":"http:\/\/www.salk.edu\/wp-content\/uploads\/2023\/03\/salk_logo_696.jpg","width":696,"height":696,"caption":"Salk Institute for Biological Studies"},"image":{"@id":"https:\/\/www.salk.edu\/#\/schema\/logo\/image\/"}}]}},"ACF":{"hero":"https:\/\/www.salk.edu\/wp-content\/uploads\/2024\/01\/Biochemistry-and-Biophysics-Header-1920x550-1.jpg","research":false,"secondary_navigation":"<div class=\"menu-regeneration-container\"><ul id=\"menu-regeneration\" class=\"menu\"><li class=\"menu-item menu-item-type-post_type menu-item-object-page menu-item-20250\"><a href=\"https:\/\/www.salk.edu\/es\/science\/research\/biochemistry-and-biophysics\/\">Overview<\/a><\/li>\n<li class=\"menu-item menu-item-type-post_type menu-item-object-page menu-item-20252\"><a href=\"https:\/\/www.salk.edu\/es\/science\/research\/biochemistry-and-biophysics\/faculty\/\">Faculty<\/a><\/li>\n<li class=\"menu-item menu-item-type-post_type menu-item-object-page menu-item-20251\"><a href=\"https:\/\/www.salk.edu\/es\/science\/research\/biochemistry-and-biophysics\/news\/\">News<\/a><\/li>\n<\/ul><\/div>","line_1":"BIOCHEMISTRY AND BIOPHYSICS","line_2":"Overview","gallery":false,"poster_quote":"","salk_custom_body_class":""},"_links":{"self":[{"href":"https:\/\/www.salk.edu\/es\/wp-json\/wp\/v2\/pages\/20236","targetHints":{"allow":["GET"]}}],"collection":[{"href":"https:\/\/www.salk.edu\/es\/wp-json\/wp\/v2\/pages"}],"about":[{"href":"https:\/\/www.salk.edu\/es\/wp-json\/wp\/v2\/types\/page"}],"author":[{"embeddable":true,"href":"https:\/\/www.salk.edu\/es\/wp-json\/wp\/v2\/users\/91"}],"replies":[{"embeddable":true,"href":"https:\/\/www.salk.edu\/es\/wp-json\/wp\/v2\/comments?post=20236"}],"version-history":[{"count":10,"href":"https:\/\/www.salk.edu\/es\/wp-json\/wp\/v2\/pages\/20236\/revisions"}],"predecessor-version":[{"id":46480,"href":"https:\/\/www.salk.edu\/es\/wp-json\/wp\/v2\/pages\/20236\/revisions\/46480"}],"up":[{"embeddable":true,"href":"https:\/\/www.salk.edu\/es\/wp-json\/wp\/v2\/pages\/40"}],"wp:featuredmedia":[{"embeddable":true,"href":"https:\/\/www.salk.edu\/es\/wp-json\/wp\/v2\/media\/45801"}],"wp:attachment":[{"href":"https:\/\/www.salk.edu\/es\/wp-json\/wp\/v2\/media?parent=20236"}],"wp:term":[{"taxonomy":"folder","embeddable":true,"href":"https:\/\/www.salk.edu\/es\/wp-json\/wp\/v2\/folder?post=20236"}],"curies":[{"name":"wp","href":"https:\/\/api.w.org\/{rel}","templated":true}]}}