{"id":16365,"date":"2018-02-09T10:43:14","date_gmt":"2018-02-09T18:43:14","guid":{"rendered":"https:\/\/vermont.salk.edu\/?page_id=16365"},"modified":"2018-02-13T10:01:48","modified_gmt":"2018-02-13T18:01:48","slug":"post-translational-regulation-cell-signaling-2018","status":"publish","type":"page","link":"https:\/\/www.salk.edu\/es\/events\/science-events\/post-translational-regulation-cell-signaling-2018\/","title":{"rendered":"Regulaci\u00f3n Post-Traduccional de la Se\u00f1alizaci\u00f3n Celular #20"},"content":{"rendered":"<h2>Regulaci\u00f3n Post-Traduccional de la Se\u00f1alizaci\u00f3n Celular #20<\/h2>\n<p>When: July 31 &#8211; August 3, 2018<\/p>\n<p>Abstract Deadline: June 22, 2018<br \/>\nRegistration Deadline: July 17, 2018<\/p>\n<p><img decoding=\"async\" src=\"https:\/\/www.salk.edu\/wp-content\/uploads\/2018\/02\/PRCS-2018-poster-767.jpg\" alt=\"Post-Translational Regulation of Cell Signaling\" style=\"max-width: 400px;\" \/><\/a><br \/>\n<a href=\"https:\/\/www.salk.edu\/wp-content\/uploads\/2018\/02\/PRCS-2018-poster-proof.pdf\">Click here to download the poster\u00bb<\/a><\/p>","protected":false},"excerpt":{"rendered":"<h2>Regulaci\u00f3n Post-Traduccional de la Se\u00f1alizaci\u00f3n Celular #20<\/h2>\n<p>When: July 31 &#8211; August 3, 2018<\/p>","protected":false},"author":91,"featured_media":0,"parent":46,"menu_order":0,"comment_status":"closed","ping_status":"closed","template":"","meta":{"_acf_changed":false,"footnotes":""},"folder":[571],"class_list":["post-16365","page","type-page","status-publish","hentry"],"acf":[],"yoast_head":"<!-- This site is optimized with the Yoast SEO plugin v27.3 - https:\/\/yoast.com\/product\/yoast-seo-wordpress\/ -->\n<title>Post-Translational Regulation of Cell Signaling #20 - Salk Institute for Biological Studies<\/title>\n<meta name=\"robots\" content=\"index, follow, max-snippet:-1, max-image-preview:large, max-video-preview:-1\" \/>\n<link rel=\"canonical\" href=\"https:\/\/www.salk.edu\/es\/events\/science-events\/post-translational-regulation-cell-signaling-2018\/\" \/>\n<meta property=\"og:locale\" content=\"es_MX\" \/>\n<meta property=\"og:type\" content=\"article\" \/>\n<meta property=\"og:title\" content=\"Post-Translational Regulation of Cell Signaling #20 - Salk Institute for Biological Studies\" \/>\n<meta property=\"og:description\" content=\"Post-Translational Regulation of Cell Signaling #20 When: July 31 &#8211; August 3, 2018\" \/>\n<meta property=\"og:url\" content=\"https:\/\/www.salk.edu\/es\/events\/science-events\/post-translational-regulation-cell-signaling-2018\/\" \/>\n<meta property=\"og:site_name\" content=\"Salk Institute for Biological Studies\" \/>\n<meta property=\"article:modified_time\" content=\"2018-02-13T18:01:48+00:00\" \/>\n<meta property=\"og:image\" content=\"http:\/\/www.salk.edu\/wp-content\/uploads\/2018\/02\/PRCS-2018-poster-767.jpg\" \/>\n<meta name=\"twitter:card\" content=\"summary_large_image\" \/>\n<script type=\"application\/ld+json\" class=\"yoast-schema-graph\">{\"@context\":\"https:\\\/\\\/schema.org\",\"@graph\":[{\"@type\":\"WebPage\",\"@id\":\"https:\\\/\\\/www.salk.edu\\\/events\\\/science-events\\\/post-translational-regulation-cell-signaling-2018\\\/\",\"url\":\"https:\\\/\\\/www.salk.edu\\\/events\\\/science-events\\\/post-translational-regulation-cell-signaling-2018\\\/\",\"name\":\"Post-Translational Regulation of Cell Signaling #20 - Salk Institute for Biological Studies\",\"isPartOf\":{\"@id\":\"https:\\\/\\\/www.salk.edu\\\/#website\"},\"primaryImageOfPage\":{\"@id\":\"https:\\\/\\\/www.salk.edu\\\/events\\\/science-events\\\/post-translational-regulation-cell-signaling-2018\\\/#primaryimage\"},\"image\":{\"@id\":\"https:\\\/\\\/www.salk.edu\\\/events\\\/science-events\\\/post-translational-regulation-cell-signaling-2018\\\/#primaryimage\"},\"thumbnailUrl\":\"http:\\\/\\\/www.salk.edu\\\/wp-content\\\/uploads\\\/2018\\\/02\\\/PRCS-2018-poster-767.jpg\",\"datePublished\":\"2018-02-09T18:43:14+00:00\",\"dateModified\":\"2018-02-13T18:01:48+00:00\",\"breadcrumb\":{\"@id\":\"https:\\\/\\\/www.salk.edu\\\/events\\\/science-events\\\/post-translational-regulation-cell-signaling-2018\\\/#breadcrumb\"},\"inLanguage\":\"es-MX\",\"potentialAction\":[{\"@type\":\"ReadAction\",\"target\":[\"https:\\\/\\\/www.salk.edu\\\/events\\\/science-events\\\/post-translational-regulation-cell-signaling-2018\\\/\"]}]},{\"@type\":\"ImageObject\",\"inLanguage\":\"es-MX\",\"@id\":\"https:\\\/\\\/www.salk.edu\\\/events\\\/science-events\\\/post-translational-regulation-cell-signaling-2018\\\/#primaryimage\",\"url\":\"http:\\\/\\\/www.salk.edu\\\/wp-content\\\/uploads\\\/2018\\\/02\\\/PRCS-2018-poster-767.jpg\",\"contentUrl\":\"http:\\\/\\\/www.salk.edu\\\/wp-content\\\/uploads\\\/2018\\\/02\\\/PRCS-2018-poster-767.jpg\"},{\"@type\":\"BreadcrumbList\",\"@id\":\"https:\\\/\\\/www.salk.edu\\\/events\\\/science-events\\\/post-translational-regulation-cell-signaling-2018\\\/#breadcrumb\",\"itemListElement\":[{\"@type\":\"ListItem\",\"position\":1,\"name\":\"Home\",\"item\":\"https:\\\/\\\/www.salk.edu\\\/\"},{\"@type\":\"ListItem\",\"position\":2,\"name\":\"Events\",\"item\":\"https:\\\/\\\/www.salk.edu\\\/events\\\/\"},{\"@type\":\"ListItem\",\"position\":3,\"name\":\"Science Events\",\"item\":\"https:\\\/\\\/www.salk.edu\\\/events\\\/science-events\\\/\"},{\"@type\":\"ListItem\",\"position\":4,\"name\":\"Post-Translational Regulation of Cell Signaling #20\"}]},{\"@type\":\"WebSite\",\"@id\":\"https:\\\/\\\/www.salk.edu\\\/#website\",\"url\":\"https:\\\/\\\/www.salk.edu\\\/\",\"name\":\"Salk Institute for Biological Studies\",\"description\":\"The Power of Science\",\"publisher\":{\"@id\":\"https:\\\/\\\/www.salk.edu\\\/#organization\"},\"potentialAction\":[{\"@type\":\"SearchAction\",\"target\":{\"@type\":\"EntryPoint\",\"urlTemplate\":\"https:\\\/\\\/www.salk.edu\\\/?s={search_term_string}\"},\"query-input\":{\"@type\":\"PropertyValueSpecification\",\"valueRequired\":true,\"valueName\":\"search_term_string\"}}],\"inLanguage\":\"es-MX\"},{\"@type\":\"Organization\",\"@id\":\"https:\\\/\\\/www.salk.edu\\\/#organization\",\"name\":\"Salk Institute for Biological Studies\",\"url\":\"https:\\\/\\\/www.salk.edu\\\/\",\"logo\":{\"@type\":\"ImageObject\",\"inLanguage\":\"es-MX\",\"@id\":\"https:\\\/\\\/www.salk.edu\\\/#\\\/schema\\\/logo\\\/image\\\/\",\"url\":\"http:\\\/\\\/www.salk.edu\\\/wp-content\\\/uploads\\\/2023\\\/03\\\/salk_logo_696.jpg\",\"contentUrl\":\"http:\\\/\\\/www.salk.edu\\\/wp-content\\\/uploads\\\/2023\\\/03\\\/salk_logo_696.jpg\",\"width\":696,\"height\":696,\"caption\":\"Salk Institute for Biological Studies\"},\"image\":{\"@id\":\"https:\\\/\\\/www.salk.edu\\\/#\\\/schema\\\/logo\\\/image\\\/\"}}]}<\/script>\n<!-- \/ Yoast SEO plugin. -->","yoast_head_json":{"title":"Post-Translational Regulation of Cell Signaling #20 - Salk Institute for Biological Studies","robots":{"index":"index","follow":"follow","max-snippet":"max-snippet:-1","max-image-preview":"max-image-preview:large","max-video-preview":"max-video-preview:-1"},"canonical":"https:\/\/www.salk.edu\/es\/events\/science-events\/post-translational-regulation-cell-signaling-2018\/","og_locale":"es_MX","og_type":"article","og_title":"Post-Translational Regulation of Cell Signaling #20 - Salk Institute for Biological Studies","og_description":"Post-Translational Regulation of Cell Signaling #20 When: July 31 &#8211; August 3, 2018","og_url":"https:\/\/www.salk.edu\/es\/events\/science-events\/post-translational-regulation-cell-signaling-2018\/","og_site_name":"Salk Institute for Biological Studies","article_modified_time":"2018-02-13T18:01:48+00:00","og_image":[{"url":"http:\/\/www.salk.edu\/wp-content\/uploads\/2018\/02\/PRCS-2018-poster-767.jpg","type":"","width":"","height":""}],"twitter_card":"summary_large_image","schema":{"@context":"https:\/\/schema.org","@graph":[{"@type":"WebPage","@id":"https:\/\/www.salk.edu\/events\/science-events\/post-translational-regulation-cell-signaling-2018\/","url":"https:\/\/www.salk.edu\/events\/science-events\/post-translational-regulation-cell-signaling-2018\/","name":"Post-Translational Regulation of Cell Signaling #20 - Salk Institute for Biological Studies","isPartOf":{"@id":"https:\/\/www.salk.edu\/#website"},"primaryImageOfPage":{"@id":"https:\/\/www.salk.edu\/events\/science-events\/post-translational-regulation-cell-signaling-2018\/#primaryimage"},"image":{"@id":"https:\/\/www.salk.edu\/events\/science-events\/post-translational-regulation-cell-signaling-2018\/#primaryimage"},"thumbnailUrl":"http:\/\/www.salk.edu\/wp-content\/uploads\/2018\/02\/PRCS-2018-poster-767.jpg","datePublished":"2018-02-09T18:43:14+00:00","dateModified":"2018-02-13T18:01:48+00:00","breadcrumb":{"@id":"https:\/\/www.salk.edu\/events\/science-events\/post-translational-regulation-cell-signaling-2018\/#breadcrumb"},"inLanguage":"es-MX","potentialAction":[{"@type":"ReadAction","target":["https:\/\/www.salk.edu\/events\/science-events\/post-translational-regulation-cell-signaling-2018\/"]}]},{"@type":"ImageObject","inLanguage":"es-MX","@id":"https:\/\/www.salk.edu\/events\/science-events\/post-translational-regulation-cell-signaling-2018\/#primaryimage","url":"http:\/\/www.salk.edu\/wp-content\/uploads\/2018\/02\/PRCS-2018-poster-767.jpg","contentUrl":"http:\/\/www.salk.edu\/wp-content\/uploads\/2018\/02\/PRCS-2018-poster-767.jpg"},{"@type":"BreadcrumbList","@id":"https:\/\/www.salk.edu\/events\/science-events\/post-translational-regulation-cell-signaling-2018\/#breadcrumb","itemListElement":[{"@type":"ListItem","position":1,"name":"Home","item":"https:\/\/www.salk.edu\/"},{"@type":"ListItem","position":2,"name":"Events","item":"https:\/\/www.salk.edu\/events\/"},{"@type":"ListItem","position":3,"name":"Science Events","item":"https:\/\/www.salk.edu\/events\/science-events\/"},{"@type":"ListItem","position":4,"name":"Post-Translational Regulation of Cell Signaling #20"}]},{"@type":"WebSite","@id":"https:\/\/www.salk.edu\/#website","url":"https:\/\/www.salk.edu\/","name":"Instituto Salk de Estudios Biol\u00f3gicos","description":"The Power of Science","publisher":{"@id":"https:\/\/www.salk.edu\/#organization"},"potentialAction":[{"@type":"SearchAction","target":{"@type":"EntryPoint","urlTemplate":"https:\/\/www.salk.edu\/?s={search_term_string}"},"query-input":{"@type":"PropertyValueSpecification","valueRequired":true,"valueName":"search_term_string"}}],"inLanguage":"es-MX"},{"@type":"Organization","@id":"https:\/\/www.salk.edu\/#organization","name":"Instituto Salk de Estudios Biol\u00f3gicos","url":"https:\/\/www.salk.edu\/","logo":{"@type":"ImageObject","inLanguage":"es-MX","@id":"https:\/\/www.salk.edu\/#\/schema\/logo\/image\/","url":"http:\/\/www.salk.edu\/wp-content\/uploads\/2023\/03\/salk_logo_696.jpg","contentUrl":"http:\/\/www.salk.edu\/wp-content\/uploads\/2023\/03\/salk_logo_696.jpg","width":696,"height":696,"caption":"Salk Institute for Biological Studies"},"image":{"@id":"https:\/\/www.salk.edu\/#\/schema\/logo\/image\/"}}]}},"ACF":{"salk_custom_body_class":"","gallery":false,"secondary_navigation":"<div class=\"menu-post-translational-regulation-of-cell-signaling-2018-container\"><ul id=\"menu-post-translational-regulation-of-cell-signaling-2018\" class=\"menu\"><li class=\"menu-item menu-item-type-post_type menu-item-object-page menu-item-16368\"><a href=\"https:\/\/www.salk.edu\/es\/events\/science-events\/post-translational-regulation-cell-signaling-2018\/\">Home<\/a><\/li>\n<li class=\"menu-item menu-item-type-post_type menu-item-object-page menu-item-16381\"><a href=\"https:\/\/www.salk.edu\/es\/events\/science-events\/post-translational-regulation-cell-signaling-2018\/program\/\">Program<\/a><\/li>\n<li class=\"menu-item menu-item-type-post_type menu-item-object-page menu-item-16398\"><a href=\"https:\/\/www.salk.edu\/es\/events\/science-events\/post-translational-regulation-cell-signaling-2018\/registration\/\">Registration<\/a><\/li>\n<li class=\"menu-item menu-item-type-post_type menu-item-object-page menu-item-16374\"><a href=\"https:\/\/www.salk.edu\/es\/events\/science-events\/post-translational-regulation-cell-signaling-2018\/abstract-submission\/\">Abstract Submission<\/a><\/li>\n<li class=\"menu-item menu-item-type-post_type menu-item-object-page menu-item-16432\"><a href=\"https:\/\/www.salk.edu\/es\/events\/science-events\/post-translational-regulation-cell-signaling-2018\/location-and-accommodations\/\">Location and Accommodations<\/a><\/li>\n<li class=\"menu-item menu-item-type-post_type menu-item-object-page menu-item-16438\"><a href=\"https:\/\/www.salk.edu\/es\/events\/science-events\/post-translational-regulation-cell-signaling-2018\/sponsors\/\">Sponsors<\/a><\/li>\n<li class=\"menu-item menu-item-type-post_type menu-item-object-page menu-item-16442\"><a href=\"https:\/\/www.salk.edu\/es\/events\/science-events\/post-translational-regulation-cell-signaling-2018\/contact\/\">Contact<\/a><\/li>\n<\/ul><\/div>"},"_links":{"self":[{"href":"https:\/\/www.salk.edu\/es\/wp-json\/wp\/v2\/pages\/16365","targetHints":{"allow":["GET"]}}],"collection":[{"href":"https:\/\/www.salk.edu\/es\/wp-json\/wp\/v2\/pages"}],"about":[{"href":"https:\/\/www.salk.edu\/es\/wp-json\/wp\/v2\/types\/page"}],"author":[{"embeddable":true,"href":"https:\/\/www.salk.edu\/es\/wp-json\/wp\/v2\/users\/91"}],"replies":[{"embeddable":true,"href":"https:\/\/www.salk.edu\/es\/wp-json\/wp\/v2\/comments?post=16365"}],"version-history":[{"count":8,"href":"https:\/\/www.salk.edu\/es\/wp-json\/wp\/v2\/pages\/16365\/revisions"}],"predecessor-version":[{"id":16499,"href":"https:\/\/www.salk.edu\/es\/wp-json\/wp\/v2\/pages\/16365\/revisions\/16499"}],"up":[{"embeddable":true,"href":"https:\/\/www.salk.edu\/es\/wp-json\/wp\/v2\/pages\/46"}],"wp:attachment":[{"href":"https:\/\/www.salk.edu\/es\/wp-json\/wp\/v2\/media?parent=16365"}],"wp:term":[{"taxonomy":"folder","embeddable":true,"href":"https:\/\/www.salk.edu\/es\/wp-json\/wp\/v2\/folder?post=16365"}],"curies":[{"name":"wp","href":"https:\/\/api.w.org\/{rel}","templated":true}]}}