{"id":79,"date":"2015-08-27T15:06:21","date_gmt":"2015-08-27T22:06:21","guid":{"rendered":"https:\/\/vermont.salk.edu\/?page_id=79"},"modified":"2025-09-03T12:58:48","modified_gmt":"2025-09-03T19:58:48","slug":"technology-development","status":"publish","type":"page","link":"https:\/\/www.salk.edu\/de\/science\/technology-development\/","title":{"rendered":"Entwicklung der Technologie"},"content":{"rendered":"","protected":false},"excerpt":{"rendered":"","protected":false},"author":3,"featured_media":0,"parent":39,"menu_order":0,"comment_status":"closed","ping_status":"closed","template":"","meta":{"_acf_changed":false,"footnotes":""},"folder":[520],"class_list":["post-79","page","type-page","status-publish","hentry"],"acf":[],"yoast_head":"<!-- This site is optimized with the Yoast SEO plugin v27.3 - https:\/\/yoast.com\/product\/yoast-seo-wordpress\/ -->\n<title>Technology Development - Salk Institute for Biological Studies<\/title>\n<meta name=\"robots\" content=\"index, follow, max-snippet:-1, max-image-preview:large, max-video-preview:-1\" \/>\n<link rel=\"canonical\" href=\"https:\/\/www.salk.edu\/de\/science\/technology-development\/\" \/>\n<meta property=\"og:locale\" content=\"de_DE\" \/>\n<meta property=\"og:type\" content=\"article\" \/>\n<meta property=\"og:title\" content=\"Technology Development - Salk Institute for Biological Studies\" \/>\n<meta property=\"og:url\" content=\"https:\/\/www.salk.edu\/de\/science\/technology-development\/\" \/>\n<meta property=\"og:site_name\" content=\"Salk Institute for Biological Studies\" \/>\n<meta property=\"article:modified_time\" content=\"2025-09-03T19:58:48+00:00\" \/>\n<meta property=\"og:image\" content=\"https:\/\/www.salk.edu\/wp-content\/uploads\/2023\/03\/salk-institute-preview-image.jpg\" \/>\n\t<meta property=\"og:image:width\" content=\"628\" \/>\n\t<meta property=\"og:image:height\" content=\"329\" \/>\n\t<meta property=\"og:image:type\" content=\"image\/jpeg\" \/>\n<meta name=\"twitter:card\" content=\"summary_large_image\" \/>\n<script type=\"application\/ld+json\" class=\"yoast-schema-graph\">{\"@context\":\"https:\\\/\\\/schema.org\",\"@graph\":[{\"@type\":\"WebPage\",\"@id\":\"https:\\\/\\\/www.salk.edu\\\/science\\\/technology-development\\\/\",\"url\":\"https:\\\/\\\/www.salk.edu\\\/science\\\/technology-development\\\/\",\"name\":\"Technology Development - Salk Institute for Biological Studies\",\"isPartOf\":{\"@id\":\"https:\\\/\\\/www.salk.edu\\\/#website\"},\"datePublished\":\"2015-08-27T22:06:21+00:00\",\"dateModified\":\"2025-09-03T19:58:48+00:00\",\"breadcrumb\":{\"@id\":\"https:\\\/\\\/www.salk.edu\\\/science\\\/technology-development\\\/#breadcrumb\"},\"inLanguage\":\"de-DE\",\"potentialAction\":[{\"@type\":\"ReadAction\",\"target\":[\"https:\\\/\\\/www.salk.edu\\\/science\\\/technology-development\\\/\"]}]},{\"@type\":\"BreadcrumbList\",\"@id\":\"https:\\\/\\\/www.salk.edu\\\/science\\\/technology-development\\\/#breadcrumb\",\"itemListElement\":[{\"@type\":\"ListItem\",\"position\":1,\"name\":\"Home\",\"item\":\"https:\\\/\\\/www.salk.edu\\\/\"},{\"@type\":\"ListItem\",\"position\":2,\"name\":\"Science\",\"item\":\"https:\\\/\\\/www.salk.edu\\\/science\\\/\"},{\"@type\":\"ListItem\",\"position\":3,\"name\":\"Technology Development\"}]},{\"@type\":\"WebSite\",\"@id\":\"https:\\\/\\\/www.salk.edu\\\/#website\",\"url\":\"https:\\\/\\\/www.salk.edu\\\/\",\"name\":\"Salk Institute for Biological Studies\",\"description\":\"The Power of Science\",\"publisher\":{\"@id\":\"https:\\\/\\\/www.salk.edu\\\/#organization\"},\"potentialAction\":[{\"@type\":\"SearchAction\",\"target\":{\"@type\":\"EntryPoint\",\"urlTemplate\":\"https:\\\/\\\/www.salk.edu\\\/?s={search_term_string}\"},\"query-input\":{\"@type\":\"PropertyValueSpecification\",\"valueRequired\":true,\"valueName\":\"search_term_string\"}}],\"inLanguage\":\"de-DE\"},{\"@type\":\"Organization\",\"@id\":\"https:\\\/\\\/www.salk.edu\\\/#organization\",\"name\":\"Salk Institute for Biological Studies\",\"url\":\"https:\\\/\\\/www.salk.edu\\\/\",\"logo\":{\"@type\":\"ImageObject\",\"inLanguage\":\"de-DE\",\"@id\":\"https:\\\/\\\/www.salk.edu\\\/#\\\/schema\\\/logo\\\/image\\\/\",\"url\":\"http:\\\/\\\/www.salk.edu\\\/wp-content\\\/uploads\\\/2023\\\/03\\\/salk_logo_696.jpg\",\"contentUrl\":\"http:\\\/\\\/www.salk.edu\\\/wp-content\\\/uploads\\\/2023\\\/03\\\/salk_logo_696.jpg\",\"width\":696,\"height\":696,\"caption\":\"Salk Institute for Biological Studies\"},\"image\":{\"@id\":\"https:\\\/\\\/www.salk.edu\\\/#\\\/schema\\\/logo\\\/image\\\/\"}}]}<\/script>\n<!-- \/ Yoast SEO plugin. -->","yoast_head_json":{"title":"Technology Development - Salk Institute for Biological Studies","robots":{"index":"index","follow":"follow","max-snippet":"max-snippet:-1","max-image-preview":"max-image-preview:large","max-video-preview":"max-video-preview:-1"},"canonical":"https:\/\/www.salk.edu\/de\/science\/technology-development\/","og_locale":"de_DE","og_type":"article","og_title":"Technology Development - Salk Institute for Biological Studies","og_url":"https:\/\/www.salk.edu\/de\/science\/technology-development\/","og_site_name":"Salk Institute for Biological Studies","article_modified_time":"2025-09-03T19:58:48+00:00","og_image":[{"width":628,"height":329,"url":"https:\/\/www.salk.edu\/wp-content\/uploads\/2023\/03\/salk-institute-preview-image.jpg","type":"image\/jpeg"}],"twitter_card":"summary_large_image","schema":{"@context":"https:\/\/schema.org","@graph":[{"@type":"WebPage","@id":"https:\/\/www.salk.edu\/science\/technology-development\/","url":"https:\/\/www.salk.edu\/science\/technology-development\/","name":"Technology Development - Salk Institute for Biological Studies","isPartOf":{"@id":"https:\/\/www.salk.edu\/#website"},"datePublished":"2015-08-27T22:06:21+00:00","dateModified":"2025-09-03T19:58:48+00:00","breadcrumb":{"@id":"https:\/\/www.salk.edu\/science\/technology-development\/#breadcrumb"},"inLanguage":"de-DE","potentialAction":[{"@type":"ReadAction","target":["https:\/\/www.salk.edu\/science\/technology-development\/"]}]},{"@type":"BreadcrumbList","@id":"https:\/\/www.salk.edu\/science\/technology-development\/#breadcrumb","itemListElement":[{"@type":"ListItem","position":1,"name":"Home","item":"https:\/\/www.salk.edu\/"},{"@type":"ListItem","position":2,"name":"Science","item":"https:\/\/www.salk.edu\/science\/"},{"@type":"ListItem","position":3,"name":"Technology Development"}]},{"@type":"WebSite","@id":"https:\/\/www.salk.edu\/#website","url":"https:\/\/www.salk.edu\/","name":"Salk-Institut f\u00fcr biologische Studien","description":"Die Macht der Wissenschaft","publisher":{"@id":"https:\/\/www.salk.edu\/#organization"},"potentialAction":[{"@type":"SearchAction","target":{"@type":"EntryPoint","urlTemplate":"https:\/\/www.salk.edu\/?s={search_term_string}"},"query-input":{"@type":"PropertyValueSpecification","valueRequired":true,"valueName":"search_term_string"}}],"inLanguage":"de-DE"},{"@type":"Organization","@id":"https:\/\/www.salk.edu\/#organization","name":"Salk-Institut f\u00fcr biologische Studien","url":"https:\/\/www.salk.edu\/","logo":{"@type":"ImageObject","inLanguage":"de-DE","@id":"https:\/\/www.salk.edu\/#\/schema\/logo\/image\/","url":"http:\/\/www.salk.edu\/wp-content\/uploads\/2023\/03\/salk_logo_696.jpg","contentUrl":"http:\/\/www.salk.edu\/wp-content\/uploads\/2023\/03\/salk_logo_696.jpg","width":696,"height":696,"caption":"Salk Institute for Biological Studies"},"image":{"@id":"https:\/\/www.salk.edu\/#\/schema\/logo\/image\/"}}]}},"ACF":{"hero":"https:\/\/www.salk.edu\/wp-content\/uploads\/2023\/01\/science-office-of-technology-development-hero-221129.jpg","line_1":"Office of Technology Development","line_2":"","technology_development":[{"title":"Wer wir sind","content":"<p>Entdeckung, Innovation und der Transfer von Technologie in den \u00f6ffentlichen Sektor sind die Eckpfeiler des modernen Forschungsinstituts. Erfahren Sie mehr \u00fcber die Mission, die Arbeitsweise und die Mitarbeiter des B\u00fcros f\u00fcr Technologietransfer und erhalten Sie Kontaktinformationen.<\/p>","image":{"ID":3503,"id":3503,"title":"Entwicklung der Technologie","filename":"OTDhivhirez-767.jpg","filesize":64154,"url":"https:\/\/www.salk.edu\/wp-content\/uploads\/2015\/08\/OTDhivhirez-767.jpg","link":"https:\/\/www.salk.edu\/de\/science\/technology-development\/otdhivhirez-767\/","alt":"","author":"3","description":"","caption":"","name":"otdhivhirez-767","status":"inherit","uploaded_to":79,"date":"2015-10-14 04:11:11","modified":"2015-10-14 04:11:35","menu_order":0,"mime_type":"image\/jpeg","type":"image","subtype":"jpeg","icon":"https:\/\/www.salk.edu\/wp-includes\/images\/media\/default.png","width":767,"height":767,"sizes":{"thumbnail":"https:\/\/www.salk.edu\/wp-content\/uploads\/2015\/08\/OTDhivhirez-767-150x150.jpg","thumbnail-width":150,"thumbnail-height":150,"medium":"https:\/\/www.salk.edu\/wp-content\/uploads\/2015\/08\/OTDhivhirez-767-300x300.jpg","medium-width":300,"medium-height":300,"medium_large":"https:\/\/www.salk.edu\/wp-content\/uploads\/2015\/08\/OTDhivhirez-767.jpg","medium_large-width":767,"medium_large-height":767,"large":"https:\/\/www.salk.edu\/wp-content\/uploads\/2015\/08\/OTDhivhirez-767.jpg","large-width":767,"large-height":767,"1536x1536":"https:\/\/www.salk.edu\/wp-content\/uploads\/2015\/08\/OTDhivhirez-767.jpg","1536x1536-width":767,"1536x1536-height":767,"2048x2048":"https:\/\/www.salk.edu\/wp-content\/uploads\/2015\/08\/OTDhivhirez-767.jpg","2048x2048-width":767,"2048x2048-height":767,"trp-custom-language-flag":"https:\/\/www.salk.edu\/wp-content\/uploads\/2015\/08\/OTDhivhirez-767.jpg","trp-custom-language-flag-width":12,"trp-custom-language-flag-height":12,"hero":"https:\/\/www.salk.edu\/wp-content\/uploads\/2015\/08\/OTDhivhirez-767-767x550.jpg","hero-width":767,"hero-height":550,"square":"https:\/\/www.salk.edu\/wp-content\/uploads\/2015\/08\/OTDhivhirez-767.jpg","square-width":767,"square-height":767,"cision-147":"https:\/\/www.salk.edu\/wp-content\/uploads\/2015\/08\/OTDhivhirez-767.jpg","cision-147-width":147,"cision-147-height":147,"pr-300":"https:\/\/www.salk.edu\/wp-content\/uploads\/2015\/08\/OTDhivhirez-767.jpg","pr-300-width":300,"pr-300-height":300,"col-md-5":"https:\/\/www.salk.edu\/wp-content\/uploads\/2015\/08\/OTDhivhirez-767-458x458.jpg","col-md-5-width":458,"col-md-5-height":458,"col-md-6":"https:\/\/www.salk.edu\/wp-content\/uploads\/2015\/08\/OTDhivhirez-767-585x585.jpg","col-md-6-width":585,"col-md-6-height":585,"col-md-7":"https:\/\/www.salk.edu\/wp-content\/uploads\/2015\/08\/OTDhivhirez-767-553x553.jpg","col-md-7-width":553,"col-md-7-height":553,"col-md-8":"https:\/\/www.salk.edu\/wp-content\/uploads\/2015\/08\/OTDhivhirez-767-750x750.jpg","col-md-8-width":750,"col-md-8-height":750,"grid-767":"https:\/\/www.salk.edu\/wp-content\/uploads\/2015\/08\/OTDhivhirez-767.jpg","grid-767-width":767,"grid-767-height":767,"col-md-10":"https:\/\/www.salk.edu\/wp-content\/uploads\/2015\/08\/OTDhivhirez-767.jpg","col-md-10-width":767,"col-md-10-height":767,"gform-image-choice-sm":"https:\/\/www.salk.edu\/wp-content\/uploads\/2015\/08\/OTDhivhirez-767.jpg","gform-image-choice-sm-width":300,"gform-image-choice-sm-height":300,"gform-image-choice-md":"https:\/\/www.salk.edu\/wp-content\/uploads\/2015\/08\/OTDhivhirez-767.jpg","gform-image-choice-md-width":400,"gform-image-choice-md-height":400,"gform-image-choice-lg":"https:\/\/www.salk.edu\/wp-content\/uploads\/2015\/08\/OTDhivhirez-767.jpg","gform-image-choice-lg-width":600,"gform-image-choice-lg-height":600}},"page":"https:\/\/www.salk.edu\/science\/technology-development\/who-we-are\/"},{"title":"Verf\u00fcgbare Technologien zur Lizenzierung und Kofinanzierung","content":"<p>Das Salk Institute for Biological Studies hat sich der Zusammenarbeit mit der Industrie verschrieben, um im Rahmen seiner Mission sicherzustellen, dass Technologien zum Wohle der Gesellschaft auf den Markt gebracht werden. (Lizenzinformationen finden Sie unter In-Part.com)<\/p>","image":{"ID":3375,"id":3375,"title":"Wahl-Science01","filename":"Wahl-Science01.jpg","filesize":72975,"url":"https:\/\/www.salk.edu\/wp-content\/uploads\/2015\/09\/Wahl-Science01.jpg","link":"https:\/\/www.salk.edu\/de\/scientist\/geoffrey-wahl\/wahl-science01\/","alt":"Geoffrey Wahl Science","author":"3","description":"","caption":"","name":"wahl-science01","status":"inherit","uploaded_to":216,"date":"2015-10-10 02:03:45","modified":"2015-10-10 02:04:06","menu_order":0,"mime_type":"image\/jpeg","type":"image","subtype":"jpeg","icon":"https:\/\/www.salk.edu\/wp-includes\/images\/media\/default.png","width":767,"height":767,"sizes":{"thumbnail":"https:\/\/www.salk.edu\/wp-content\/uploads\/2015\/09\/Wahl-Science01-150x150.jpg","thumbnail-width":150,"thumbnail-height":150,"medium":"https:\/\/www.salk.edu\/wp-content\/uploads\/2015\/09\/Wahl-Science01-300x300.jpg","medium-width":300,"medium-height":300,"medium_large":"https:\/\/www.salk.edu\/wp-content\/uploads\/2015\/09\/Wahl-Science01.jpg","medium_large-width":767,"medium_large-height":767,"large":"https:\/\/www.salk.edu\/wp-content\/uploads\/2015\/09\/Wahl-Science01.jpg","large-width":767,"large-height":767,"1536x1536":"https:\/\/www.salk.edu\/wp-content\/uploads\/2015\/09\/Wahl-Science01.jpg","1536x1536-width":767,"1536x1536-height":767,"2048x2048":"https:\/\/www.salk.edu\/wp-content\/uploads\/2015\/09\/Wahl-Science01.jpg","2048x2048-width":767,"2048x2048-height":767,"trp-custom-language-flag":"https:\/\/www.salk.edu\/wp-content\/uploads\/2015\/09\/Wahl-Science01.jpg","trp-custom-language-flag-width":12,"trp-custom-language-flag-height":12,"hero":"https:\/\/www.salk.edu\/wp-content\/uploads\/2015\/09\/Wahl-Science01-767x550.jpg","hero-width":767,"hero-height":550,"square":"https:\/\/www.salk.edu\/wp-content\/uploads\/2015\/09\/Wahl-Science01.jpg","square-width":767,"square-height":767,"cision-147":"https:\/\/www.salk.edu\/wp-content\/uploads\/2015\/09\/Wahl-Science01.jpg","cision-147-width":147,"cision-147-height":147,"pr-300":"https:\/\/www.salk.edu\/wp-content\/uploads\/2015\/09\/Wahl-Science01.jpg","pr-300-width":300,"pr-300-height":300,"col-md-5":"https:\/\/www.salk.edu\/wp-content\/uploads\/2015\/09\/Wahl-Science01-458x458.jpg","col-md-5-width":458,"col-md-5-height":458,"col-md-6":"https:\/\/www.salk.edu\/wp-content\/uploads\/2015\/09\/Wahl-Science01-585x585.jpg","col-md-6-width":585,"col-md-6-height":585,"col-md-7":"https:\/\/www.salk.edu\/wp-content\/uploads\/2015\/09\/Wahl-Science01-553x553.jpg","col-md-7-width":553,"col-md-7-height":553,"col-md-8":"https:\/\/www.salk.edu\/wp-content\/uploads\/2015\/09\/Wahl-Science01-750x750.jpg","col-md-8-width":750,"col-md-8-height":750,"grid-767":"https:\/\/www.salk.edu\/wp-content\/uploads\/2015\/09\/Wahl-Science01.jpg","grid-767-width":767,"grid-767-height":767,"col-md-10":"https:\/\/www.salk.edu\/wp-content\/uploads\/2015\/09\/Wahl-Science01.jpg","col-md-10-width":767,"col-md-10-height":767,"gform-image-choice-sm":"https:\/\/www.salk.edu\/wp-content\/uploads\/2015\/09\/Wahl-Science01.jpg","gform-image-choice-sm-width":300,"gform-image-choice-sm-height":300,"gform-image-choice-md":"https:\/\/www.salk.edu\/wp-content\/uploads\/2015\/09\/Wahl-Science01.jpg","gform-image-choice-md-width":400,"gform-image-choice-md-height":400,"gform-image-choice-lg":"https:\/\/www.salk.edu\/wp-content\/uploads\/2015\/09\/Wahl-Science01.jpg","gform-image-choice-lg-width":600,"gform-image-choice-lg-height":600}},"page":"https:\/\/salk.portals.in-part.com\/"},{"title":"H\u00e4ufig gestellte Fragen","content":"<p>Die Mitarbeiter des Office of Technology Development helfen Ihnen auch dabei, den besten Weg zur Kommerzialisierung Ihrer Technologie zu finden, sei es durch eine Lizenz an ein Unternehmen, die Gr\u00fcndung eines Start-ups oder die Zusammenarbeit mit Unternehmen und anderen Partnern.<\/p>","image":{"ID":3387,"id":3387,"title":"Shaw-Science02","filename":"Shaw-Science02.jpg","filesize":91933,"url":"https:\/\/www.salk.edu\/wp-content\/uploads\/2015\/09\/Shaw-Science02.jpg","link":"https:\/\/www.salk.edu\/de\/scientist\/reuben-shaw\/shaw-science02\/","alt":"","author":"3","description":"","caption":"","name":"shaw-science02","status":"inherit","uploaded_to":169,"date":"2015-10-10 02:11:00","modified":"2015-10-10 02:11:06","menu_order":0,"mime_type":"image\/jpeg","type":"image","subtype":"jpeg","icon":"https:\/\/www.salk.edu\/wp-includes\/images\/media\/default.png","width":767,"height":767,"sizes":{"thumbnail":"https:\/\/www.salk.edu\/wp-content\/uploads\/2015\/09\/Shaw-Science02-150x150.jpg","thumbnail-width":150,"thumbnail-height":150,"medium":"https:\/\/www.salk.edu\/wp-content\/uploads\/2015\/09\/Shaw-Science02-300x300.jpg","medium-width":300,"medium-height":300,"medium_large":"https:\/\/www.salk.edu\/wp-content\/uploads\/2015\/09\/Shaw-Science02.jpg","medium_large-width":767,"medium_large-height":767,"large":"https:\/\/www.salk.edu\/wp-content\/uploads\/2015\/09\/Shaw-Science02.jpg","large-width":767,"large-height":767,"1536x1536":"https:\/\/www.salk.edu\/wp-content\/uploads\/2015\/09\/Shaw-Science02.jpg","1536x1536-width":767,"1536x1536-height":767,"2048x2048":"https:\/\/www.salk.edu\/wp-content\/uploads\/2015\/09\/Shaw-Science02.jpg","2048x2048-width":767,"2048x2048-height":767,"trp-custom-language-flag":"https:\/\/www.salk.edu\/wp-content\/uploads\/2015\/09\/Shaw-Science02.jpg","trp-custom-language-flag-width":12,"trp-custom-language-flag-height":12,"hero":"https:\/\/www.salk.edu\/wp-content\/uploads\/2015\/09\/Shaw-Science02-767x550.jpg","hero-width":767,"hero-height":550,"square":"https:\/\/www.salk.edu\/wp-content\/uploads\/2015\/09\/Shaw-Science02.jpg","square-width":767,"square-height":767,"cision-147":"https:\/\/www.salk.edu\/wp-content\/uploads\/2015\/09\/Shaw-Science02.jpg","cision-147-width":147,"cision-147-height":147,"pr-300":"https:\/\/www.salk.edu\/wp-content\/uploads\/2015\/09\/Shaw-Science02.jpg","pr-300-width":300,"pr-300-height":300,"col-md-5":"https:\/\/www.salk.edu\/wp-content\/uploads\/2015\/09\/Shaw-Science02-458x458.jpg","col-md-5-width":458,"col-md-5-height":458,"col-md-6":"https:\/\/www.salk.edu\/wp-content\/uploads\/2015\/09\/Shaw-Science02-585x585.jpg","col-md-6-width":585,"col-md-6-height":585,"col-md-7":"https:\/\/www.salk.edu\/wp-content\/uploads\/2015\/09\/Shaw-Science02-553x553.jpg","col-md-7-width":553,"col-md-7-height":553,"col-md-8":"https:\/\/www.salk.edu\/wp-content\/uploads\/2015\/09\/Shaw-Science02-750x750.jpg","col-md-8-width":750,"col-md-8-height":750,"grid-767":"https:\/\/www.salk.edu\/wp-content\/uploads\/2015\/09\/Shaw-Science02.jpg","grid-767-width":767,"grid-767-height":767,"col-md-10":"https:\/\/www.salk.edu\/wp-content\/uploads\/2015\/09\/Shaw-Science02.jpg","col-md-10-width":767,"col-md-10-height":767,"gform-image-choice-sm":"https:\/\/www.salk.edu\/wp-content\/uploads\/2015\/09\/Shaw-Science02.jpg","gform-image-choice-sm-width":300,"gform-image-choice-sm-height":300,"gform-image-choice-md":"https:\/\/www.salk.edu\/wp-content\/uploads\/2015\/09\/Shaw-Science02.jpg","gform-image-choice-md-width":400,"gform-image-choice-md-height":400,"gform-image-choice-lg":"https:\/\/www.salk.edu\/wp-content\/uploads\/2015\/09\/Shaw-Science02.jpg","gform-image-choice-lg-width":600,"gform-image-choice-lg-height":600}},"page":"https:\/\/www.salk.edu\/science\/technology-development\/otd-faq\/"}],"secondary_navigation":"<div class=\"menu-office-of-technology-development-container\"><ul id=\"menu-office-of-technology-development\" class=\"menu\"><li class=\"menu-item menu-item-type-post_type menu-item-object-page menu-item-5110\"><a href=\"https:\/\/www.salk.edu\/de\/science\/technology-development\/who-we-are\/\">Who We Are<\/a><\/li>\n<li class=\"menu-item menu-item-type-custom menu-item-object-custom menu-item-54433\"><a href=\"https:\/\/salk.portals.in-part.com\/\">Licensing and Collaboration Opportunities<\/a><\/li>\n<li class=\"menu-item menu-item-type-post_type menu-item-object-page menu-item-5107\"><a href=\"https:\/\/www.salk.edu\/de\/science\/technology-development\/otd-faq\/\">FAQs<\/a><\/li>\n<li class=\"menu-item menu-item-type-post_type menu-item-object-page menu-item-8507\"><a href=\"https:\/\/www.salk.edu\/de\/science\/technology-development\/contact\/\">Contact Information<\/a><\/li>\n<\/ul><\/div>","gallery":false,"poster_quote":"","salk_custom_body_class":""},"_links":{"self":[{"href":"https:\/\/www.salk.edu\/de\/wp-json\/wp\/v2\/pages\/79","targetHints":{"allow":["GET"]}}],"collection":[{"href":"https:\/\/www.salk.edu\/de\/wp-json\/wp\/v2\/pages"}],"about":[{"href":"https:\/\/www.salk.edu\/de\/wp-json\/wp\/v2\/types\/page"}],"author":[{"embeddable":true,"href":"https:\/\/www.salk.edu\/de\/wp-json\/wp\/v2\/users\/3"}],"replies":[{"embeddable":true,"href":"https:\/\/www.salk.edu\/de\/wp-json\/wp\/v2\/comments?post=79"}],"version-history":[{"count":7,"href":"https:\/\/www.salk.edu\/de\/wp-json\/wp\/v2\/pages\/79\/revisions"}],"predecessor-version":[{"id":54441,"href":"https:\/\/www.salk.edu\/de\/wp-json\/wp\/v2\/pages\/79\/revisions\/54441"}],"up":[{"embeddable":true,"href":"https:\/\/www.salk.edu\/de\/wp-json\/wp\/v2\/pages\/39"}],"wp:attachment":[{"href":"https:\/\/www.salk.edu\/de\/wp-json\/wp\/v2\/media?parent=79"}],"wp:term":[{"taxonomy":"folder","embeddable":true,"href":"https:\/\/www.salk.edu\/de\/wp-json\/wp\/v2\/folder?post=79"}],"curies":[{"name":"WP","href":"https:\/\/api.w.org\/{rel}","templated":true}]}}