{"id":6414,"date":"2015-11-03T18:43:04","date_gmt":"2015-11-04T02:43:04","guid":{"rendered":"https:\/\/vermont.salk.edu\/?page_id=6414"},"modified":"2025-04-30T10:45:52","modified_gmt":"2025-04-30T17:45:52","slug":"emergency-information","status":"publish","type":"page","link":"https:\/\/www.salk.edu\/de\/emergency-information\/","title":{"rendered":"Informationen f\u00fcr Notf\u00e4lle"},"content":{"rendered":"<p><strong>Kommunikation im Notfall<\/strong><\/p>\n<p>Im Falle eines gr\u00f6\u00dferen Notfalls, der den Campus betrifft, k\u00f6nnen Sie den Status des Instituts mit Hilfe einer der folgenden Methoden \u00fcberpr\u00fcfen:<\/p>\n<ul class=\"indent\">\n<li>Auf dieser Webseite werden in regelm\u00e4\u00dfigen Abst\u00e4nden Aktualisierungen des Notfallstatus ver\u00f6ffentlicht, sobald sich die Bedingungen \u00e4ndern oder weitere Informationen zur Verf\u00fcgung stehen.<\/li>\n<li>Anruf (858) 453-4100 - Eine aufgezeichnete Nachricht, die \u00fcber den Status des Instituts informiert und Hinweise zur Schlie\u00dfung des Campus und zu den Arbeitszeiten gibt.<\/li>\n<li><strong>Externe Kommunikation:<\/strong><br \/>\nAlle Presseanfragen sind an das Kommunikationsb\u00fcro zu richten. Das Kommunikationsb\u00fcro k\u00fcmmert sich um alle offiziellen Stellungnahmen von Salk und Anfragen der Medien. Telefon: (858) 453-4100 x1371<br \/>\nE-Mail: <a href=\"mailto:press@salk.edu\">press@salk.edu<\/a><\/li>\n<\/ul>\n<div>\n<hr \/>\n<div>\n<h2>Kostenlose SD Notfall-Smartphone-App<\/h2>\n<p>Ihre Familie ist m\u00f6glicherweise nicht zusammen, wenn eine Katastrophe eintritt, daher ist es wichtig, im Voraus zu planen:<\/p>\n<ul class=\"indent\">\n<li>wie Sie miteinander in Kontakt treten werden;<\/li>\n<li>wie Sie wieder zueinander finden werden; und<\/li>\n<li>was Sie in verschiedenen Katastrophensituationen tun werden.<\/li>\n<\/ul>\n<p>Die kostenlose SD-Notfall-App enth\u00e4lt Informationen zur Katastrophenvorsorge, interaktive Checklisten, die Ihnen helfen, einen Notfallplan zu erstellen, eine Notfallausr\u00fcstung zusammenzustellen und Sie und Ihre Familie im Katastrophenfall mit aktuellen Informationen, interaktiven Notfallkarten und Standorten von Notunterk\u00fcnften auf dem Laufenden zu halten.<\/p>\n<p><strong><a href=\"https:\/\/itunes.apple.com\/us\/app\/sd-emergency\/id561733287?mt=8\">Klicken Sie hier, um die App herunterzuladen\u00bb<\/a><\/strong><\/p>\n<div>\n<hr \/>\n<div>\n<h2>Hilfreiche Links<\/h2>\n<p><strong>Federal Emergency Management Agency (FEMA):<\/strong><br \/>\n<a href=\"https:\/\/www.ready.gov\/\" target=\"_blank\" rel=\"noopener\">https:\/\/www.ready.gov\/<\/a><\/p>\n<p><strong>Ministerium f\u00fcr Innere Sicherheit (DHS):<\/strong><br \/>\n<a href=\"https:\/\/www.ready.gov\/make-a-plan\" target=\"_blank\" rel=\"noopener\">https:\/\/www.ready.gov\/make-a-plan<\/a><\/p>\n<p><strong>San Diego County Notfalldienstb\u00fcro (SDOES)<\/strong><br \/>\n<a href=\"http:\/\/www.readysandiego.org\/\" target=\"_blank\" rel=\"noopener\">http:\/\/www.readysandiego.org\/<\/a><\/p>\n<p><strong>Amerikanisches Rotes Kreuz (ARC)<\/strong><br \/>\n<a href=\"http:\/\/www.redcross\/org\/prepare\" target=\"_blank\" rel=\"noopener\">http:\/\/www.redcross\/org\/prepare<\/a><\/p>\n<\/div>\n<\/div>\n<\/div>\n<\/div>","protected":false},"excerpt":{"rendered":"<p><strong>Kommunikation im Notfall<\/strong><\/p>","protected":false},"author":3,"featured_media":0,"parent":0,"menu_order":0,"comment_status":"closed","ping_status":"closed","template":"","meta":{"_acf_changed":false,"footnotes":""},"folder":[509],"class_list":["post-6414","page","type-page","status-publish","hentry"],"acf":[],"yoast_head":"<!-- This site is optimized with the Yoast SEO plugin v27.3 - https:\/\/yoast.com\/product\/yoast-seo-wordpress\/ -->\n<title>Emergency Information - Salk Institute for Biological Studies<\/title>\n<meta name=\"robots\" content=\"index, follow, max-snippet:-1, max-image-preview:large, max-video-preview:-1\" \/>\n<link rel=\"canonical\" href=\"https:\/\/www.salk.edu\/de\/emergency-information\/\" \/>\n<meta property=\"og:locale\" content=\"de_DE\" \/>\n<meta property=\"og:type\" content=\"article\" \/>\n<meta property=\"og:title\" content=\"Emergency Information - Salk Institute for Biological Studies\" \/>\n<meta property=\"og:description\" content=\"Emergency Communication\" \/>\n<meta property=\"og:url\" content=\"https:\/\/www.salk.edu\/de\/emergency-information\/\" \/>\n<meta property=\"og:site_name\" content=\"Salk Institute for Biological Studies\" \/>\n<meta property=\"article:modified_time\" content=\"2025-04-30T17:45:52+00:00\" \/>\n<meta property=\"og:image\" content=\"https:\/\/www.salk.edu\/wp-content\/uploads\/2023\/03\/salk-institute-preview-image.jpg\" \/>\n\t<meta property=\"og:image:width\" content=\"628\" \/>\n\t<meta property=\"og:image:height\" content=\"329\" \/>\n\t<meta property=\"og:image:type\" content=\"image\/jpeg\" \/>\n<meta name=\"twitter:card\" content=\"summary_large_image\" \/>\n<meta name=\"twitter:label1\" content=\"Est. reading time\" \/>\n\t<meta name=\"twitter:data1\" content=\"1 minute\" \/>\n<script type=\"application\/ld+json\" class=\"yoast-schema-graph\">{\"@context\":\"https:\\\/\\\/schema.org\",\"@graph\":[{\"@type\":\"WebPage\",\"@id\":\"https:\\\/\\\/www.salk.edu\\\/emergency-information\\\/\",\"url\":\"https:\\\/\\\/www.salk.edu\\\/emergency-information\\\/\",\"name\":\"Emergency Information - Salk Institute for Biological Studies\",\"isPartOf\":{\"@id\":\"https:\\\/\\\/www.salk.edu\\\/#website\"},\"datePublished\":\"2015-11-04T02:43:04+00:00\",\"dateModified\":\"2025-04-30T17:45:52+00:00\",\"breadcrumb\":{\"@id\":\"https:\\\/\\\/www.salk.edu\\\/emergency-information\\\/#breadcrumb\"},\"inLanguage\":\"de-DE\",\"potentialAction\":[{\"@type\":\"ReadAction\",\"target\":[\"https:\\\/\\\/www.salk.edu\\\/emergency-information\\\/\"]}]},{\"@type\":\"BreadcrumbList\",\"@id\":\"https:\\\/\\\/www.salk.edu\\\/emergency-information\\\/#breadcrumb\",\"itemListElement\":[{\"@type\":\"ListItem\",\"position\":1,\"name\":\"Home\",\"item\":\"https:\\\/\\\/www.salk.edu\\\/\"},{\"@type\":\"ListItem\",\"position\":2,\"name\":\"Emergency Information\"}]},{\"@type\":\"WebSite\",\"@id\":\"https:\\\/\\\/www.salk.edu\\\/#website\",\"url\":\"https:\\\/\\\/www.salk.edu\\\/\",\"name\":\"Salk Institute for Biological Studies\",\"description\":\"The Power of Science\",\"publisher\":{\"@id\":\"https:\\\/\\\/www.salk.edu\\\/#organization\"},\"potentialAction\":[{\"@type\":\"SearchAction\",\"target\":{\"@type\":\"EntryPoint\",\"urlTemplate\":\"https:\\\/\\\/www.salk.edu\\\/?s={search_term_string}\"},\"query-input\":{\"@type\":\"PropertyValueSpecification\",\"valueRequired\":true,\"valueName\":\"search_term_string\"}}],\"inLanguage\":\"de-DE\"},{\"@type\":\"Organization\",\"@id\":\"https:\\\/\\\/www.salk.edu\\\/#organization\",\"name\":\"Salk Institute for Biological Studies\",\"url\":\"https:\\\/\\\/www.salk.edu\\\/\",\"logo\":{\"@type\":\"ImageObject\",\"inLanguage\":\"de-DE\",\"@id\":\"https:\\\/\\\/www.salk.edu\\\/#\\\/schema\\\/logo\\\/image\\\/\",\"url\":\"http:\\\/\\\/www.salk.edu\\\/wp-content\\\/uploads\\\/2023\\\/03\\\/salk_logo_696.jpg\",\"contentUrl\":\"http:\\\/\\\/www.salk.edu\\\/wp-content\\\/uploads\\\/2023\\\/03\\\/salk_logo_696.jpg\",\"width\":696,\"height\":696,\"caption\":\"Salk Institute for Biological Studies\"},\"image\":{\"@id\":\"https:\\\/\\\/www.salk.edu\\\/#\\\/schema\\\/logo\\\/image\\\/\"}}]}<\/script>\n<!-- \/ Yoast SEO plugin. -->","yoast_head_json":{"title":"Emergency Information - Salk Institute for Biological Studies","robots":{"index":"index","follow":"follow","max-snippet":"max-snippet:-1","max-image-preview":"max-image-preview:large","max-video-preview":"max-video-preview:-1"},"canonical":"https:\/\/www.salk.edu\/de\/emergency-information\/","og_locale":"de_DE","og_type":"article","og_title":"Emergency Information - Salk Institute for Biological Studies","og_description":"Emergency Communication","og_url":"https:\/\/www.salk.edu\/de\/emergency-information\/","og_site_name":"Salk Institute for Biological Studies","article_modified_time":"2025-04-30T17:45:52+00:00","og_image":[{"width":628,"height":329,"url":"https:\/\/www.salk.edu\/wp-content\/uploads\/2023\/03\/salk-institute-preview-image.jpg","type":"image\/jpeg"}],"twitter_card":"summary_large_image","twitter_misc":{"Est. reading time":"1 minute"},"schema":{"@context":"https:\/\/schema.org","@graph":[{"@type":"WebPage","@id":"https:\/\/www.salk.edu\/emergency-information\/","url":"https:\/\/www.salk.edu\/emergency-information\/","name":"Emergency Information - Salk Institute for Biological Studies","isPartOf":{"@id":"https:\/\/www.salk.edu\/#website"},"datePublished":"2015-11-04T02:43:04+00:00","dateModified":"2025-04-30T17:45:52+00:00","breadcrumb":{"@id":"https:\/\/www.salk.edu\/emergency-information\/#breadcrumb"},"inLanguage":"de-DE","potentialAction":[{"@type":"ReadAction","target":["https:\/\/www.salk.edu\/emergency-information\/"]}]},{"@type":"BreadcrumbList","@id":"https:\/\/www.salk.edu\/emergency-information\/#breadcrumb","itemListElement":[{"@type":"ListItem","position":1,"name":"Home","item":"https:\/\/www.salk.edu\/"},{"@type":"ListItem","position":2,"name":"Emergency Information"}]},{"@type":"WebSite","@id":"https:\/\/www.salk.edu\/#website","url":"https:\/\/www.salk.edu\/","name":"Salk-Institut f\u00fcr biologische Studien","description":"Die Macht der Wissenschaft","publisher":{"@id":"https:\/\/www.salk.edu\/#organization"},"potentialAction":[{"@type":"SearchAction","target":{"@type":"EntryPoint","urlTemplate":"https:\/\/www.salk.edu\/?s={search_term_string}"},"query-input":{"@type":"PropertyValueSpecification","valueRequired":true,"valueName":"search_term_string"}}],"inLanguage":"de-DE"},{"@type":"Organization","@id":"https:\/\/www.salk.edu\/#organization","name":"Salk-Institut f\u00fcr biologische Studien","url":"https:\/\/www.salk.edu\/","logo":{"@type":"ImageObject","inLanguage":"de-DE","@id":"https:\/\/www.salk.edu\/#\/schema\/logo\/image\/","url":"http:\/\/www.salk.edu\/wp-content\/uploads\/2023\/03\/salk_logo_696.jpg","contentUrl":"http:\/\/www.salk.edu\/wp-content\/uploads\/2023\/03\/salk_logo_696.jpg","width":696,"height":696,"caption":"Salk Institute for Biological Studies"},"image":{"@id":"https:\/\/www.salk.edu\/#\/schema\/logo\/image\/"}}]}},"ACF":{"hero":"https:\/\/www.salk.edu\/wp-content\/uploads\/2015\/11\/Architecture_1920x550_16.jpg","line_1":"Emergency Information","line_2":"","gallery":false,"secondary_navigation":false,"salk_custom_body_class":"","poster_quote":""},"_links":{"self":[{"href":"https:\/\/www.salk.edu\/de\/wp-json\/wp\/v2\/pages\/6414","targetHints":{"allow":["GET"]}}],"collection":[{"href":"https:\/\/www.salk.edu\/de\/wp-json\/wp\/v2\/pages"}],"about":[{"href":"https:\/\/www.salk.edu\/de\/wp-json\/wp\/v2\/types\/page"}],"author":[{"embeddable":true,"href":"https:\/\/www.salk.edu\/de\/wp-json\/wp\/v2\/users\/3"}],"replies":[{"embeddable":true,"href":"https:\/\/www.salk.edu\/de\/wp-json\/wp\/v2\/comments?post=6414"}],"version-history":[{"count":8,"href":"https:\/\/www.salk.edu\/de\/wp-json\/wp\/v2\/pages\/6414\/revisions"}],"predecessor-version":[{"id":53223,"href":"https:\/\/www.salk.edu\/de\/wp-json\/wp\/v2\/pages\/6414\/revisions\/53223"}],"wp:attachment":[{"href":"https:\/\/www.salk.edu\/de\/wp-json\/wp\/v2\/media?parent=6414"}],"wp:term":[{"taxonomy":"folder","embeddable":true,"href":"https:\/\/www.salk.edu\/de\/wp-json\/wp\/v2\/folder?post=6414"}],"curies":[{"name":"WP","href":"https:\/\/api.w.org\/{rel}","templated":true}]}}