{"id":55933,"date":"2026-01-29T14:41:39","date_gmt":"2026-01-29T22:41:39","guid":{"rendered":"https:\/\/www.salk.edu\/?page_id=55933"},"modified":"2026-03-19T14:04:57","modified_gmt":"2026-03-19T21:04:57","slug":"past-webinars","status":"publish","type":"page","link":"https:\/\/www.salk.edu\/de\/science-cant-wait-a-discovery-series-registration\/past-webinars\/","title":{"rendered":"Wissenschaft kann nicht warten: Eine Entdeckungsreihe \u2013 Vergangene Webinare"},"content":{"rendered":"<img decoding=\"async\" style=\"width: 30%;\" src=\"https:\/\/www.salk.edu\/wp-content\/uploads\/2026\/01\/salk-dmf-final.png\" \/>\n<div style=\" margin-top: 40px; margin-bottom: 40px;\"><a href=\"#webinar1\" class=\"btn -expand\" style=\"margin-right: 20px;\">Webinar 1<\/a>  <a href=\"#webinar2\" class=\"btn -expand\">Webinar 2<\/a><\/div>\n<h2 id=\"webinar1\">Webinar-Reihe Teil 1: Salks Jahr der Gehirngesundheit<\/h2>\n<div style=\"margin: 20px 0 10px 0;\"><script src=\"https:\/\/cdnapisec.kaltura.com\/p\/4912423\/sp\/491242300\/embedIframeJs\/uiconf_id\/51412622\/partner_id\/4912423\"><\/script><\/p>\n<div id=\"kaltura_player_1769732568\" class=\"kaltura-responsive\" style=\"margin: 0 auto;\"><\/div>\n<p><script>\nkWidget.embed({\n  \"targetId\": \"kaltura_player_1769732568\",\n  \"wid\": \"_4912423\",\n  \"uiconf_id\": 51412622,\n  \"flashvars\": {},\n  \"cache_st\": 1769732568,\n  \"entry_id\": \"1_qmw3ot8i\"\n});\n<\/script>\n<\/div>\n<p><strong>28. Januar 2026<\/strong><\/p>\n<p>In dieser Folge von Science Can\u2019t Wait: Eine Entdeckerserie, Senior Staff Scientist, <a href=\"https:\/\/inside.salk.edu\/fall-2018\/emily-manoogian\/\" target=\"_blank\">Emily Mangoogian, PhD<\/a>, teilte mit, wie der Zeitpunkt t\u00e4glicher Gewohnheiten \u2013 wie Schlaf, Essen und Bewegung \u2013 mit unseren biologischen Rhythmen interagiert, um sowohl die K\u00f6rper- als auch die Gehirngesundheit zu beeinflussen. Die Arbeit von Dr. Manoogian untersucht, wie lebensstilbasierte Interventionen, einschlie\u00dflich zeitbeschr\u00e4nkter Ern\u00e4hrung und digitaler Gesundheitswerkzeuge, unsere Stoffwechselgesundheit verbessern und den kognitiven Abbau im Alter verhindern k\u00f6nnen.<\/p>\n<p><a href=\"https:\/\/www.salk.edu\/wp-content\/uploads\/2026\/01\/SCW-Part-1-Webinar-Transcript-2026-01-28.pdf\" class=\"btn -expand\" target=\"_blank\">Transkript herunterladen<\/a><\/p>\n<p style=\"margin-top: 40px;\"><strong>Links und Ressourcen<\/strong><br \/>\nUm die im Webinar besprochene Forschung weiter zu erforschen, k\u00f6nnen die Zuschauer die Smartphone-App myCircadianClock (in Ihrem App Store erh\u00e4ltlich) herunterladen und nutzen, um aktuelle Lebensstilmuster zu verfolgen und neue Gesundheitsziele festzulegen. Die App ist kostenlos, werbefrei und wird ausschlie\u00dflich zu Forschungszwecken genutzt \u2013 erfahren Sie mehr unter <a href=\"https:\/\/www.mycircadianclock.org\/\" target=\"_blank\">www.mycircadianclock.org<\/a>.<\/p>\n<p>Wenn Sie sich im Raum San Diego befinden, k\u00f6nnen Sie mehr \u00fcber die Teilnahme an klinischen Studien erfahren, indem Sie anrufen <span style=\"white-space: nowrap;\">(858) 453-4100 x1077<\/span> oder per E-Mail <a href=\"mailto:research@mycircadianclock.org\">research@mycircadianclock.org<\/a>.<\/p>\n<p style=\"margin-bottom: 0;\">Aktuelle und kommende Studien:<\/p>\n<ul style=\"margin-top: 0;\">\n<li>SHIFT Studie: F\u00fcr Pflegekr\u00e4fte oder Pflegehelfer, die Nachtschichten arbeiten \u2013 <a href=\"https:\/\/docs.google.com\/forms\/d\/e\/1FAIpQLScL4Uq9IHZ8wT_R_E6bd3ObGUME-fobkWszCi0sVnrvraGA_Q\/viewform?pli=1\" target=\"_blank\">Anmelden \u00bb<\/a><\/li>\n<li>TIMET 2.0 Studie: F\u00fcr Erwachsene mit metabolischem Syndrom<\/li>\n<li>CHRONO-Studie: Bald verf\u00fcgbar f\u00fcr Erwachsene im Alter von 50-90 Jahren, die an der Verbesserung oder Umkehrung des Alterns interessiert sind<\/li>\n<\/ul>\n<hr>\n<h2 id=\"webinar2\">Webinar-Reihe Teil 2: Intelligente Pflanzen in einer sich wandelnden Welt<\/h2>\n<div style=\"margin: 20px 0 10px 0;\"><script src=\"https:\/\/cdnapisec.kaltura.com\/p\/4912423\/sp\/491242300\/embedIframeJs\/uiconf_id\/51412622\/partner_id\/4912423\"><\/script><\/p>\n<div id=\"kaltura_player_1773954218\" class=\"kaltura-responsive\" style=\"margin: 0 auto;\"><\/div>\n<p><script>\nkWidget.embed({\n  \"targetId\": \"kaltura_player_1773954218\",\n  \"wid\": \"_4912423\",\n  \"uiconf_id\": 51412622,\n  \"flashvars\": {},\n  \"cache_st\": 1773954218,\n  \"entry_id\": \"1_ekhq0zzq\"\n});\n<\/script>\n<\/div>\n<p><strong>11. M\u00e4rz 2026<\/strong><\/p>\n<p>Im zweiten Teil der Reihe \u201eWissenschaft wartet nicht: Eine Entdeckungsreihe\u201c, <a href=\"https:\/\/www.salk.edu\/de\/scientist\/lucia-strader\/\" target=\"_blank\">Lucia Strader, PhD<\/a>, teilte mit, wie Pflanzen ihre Umwelt wahrnehmen und darauf reagieren und wie diese nat\u00fcrlichen \u00dcberlebensstrategien uns helfen k\u00f6nnten, Nutzpflanzen zu entwickeln, die in einer sich ver\u00e4ndernden Welt gedeihen. Ihre Forschung kombiniert Genetik, Molekularbiologie und synthetische Biologie, um die Anpassungsf\u00e4higkeit von Pflanzen besser zu verstehen und Nutzpflanzen zu entwickeln, die unter Umweltstress gedeihen k\u00f6nnen.<\/p>\n<p><a href=\"https:\/\/www.salk.edu\/wp-content\/uploads\/2026\/03\/SCW-Part2-Webinar-Transcript-260311.pdf\" class=\"btn -expand\" target=\"_blank\">Transkript herunterladen<\/a><\/p>","protected":false},"excerpt":{"rendered":"<p><img decoding=\"async\" style=\"width: 30%;\" src=\"https:\/\/www.salk.edu\/wp-content\/uploads\/2026\/01\/salk-dmf-final.png\" \/><\/p>\n<div style=\" margin-top: 40px; margin-bottom: 40px;\"><a href=\"#webinar1\" class=\"btn -expand\" style=\"margin-right: 20px;\">Webinar 1<\/a>  <a href=\"#webinar2\" class=\"btn -expand\">Webinar 2<\/a><\/div>\n<h2 id=\"webinar1\">Webinar-Reihe Teil 1: Salks Jahr der Gehirngesundheit<\/h2>\n<div style=\"margin: 20px 0 10px 0;\"><script src=\"https:\/\/cdnapisec.kaltura.com\/p\/4912423\/sp\/491242300\/embedIframeJs\/uiconf_id\/51412622\/partner_id\/4912423\"><\/script><\/p>","protected":false},"author":91,"featured_media":0,"parent":55569,"menu_order":0,"comment_status":"closed","ping_status":"closed","template":"","meta":{"_acf_changed":false,"footnotes":""},"folder":[561],"class_list":["post-55933","page","type-page","status-publish","hentry"],"acf":[],"yoast_head":"<!-- This site is optimized with the Yoast SEO plugin v27.3 - https:\/\/yoast.com\/product\/yoast-seo-wordpress\/ -->\n<title>Science Can&#039;t Wait: A Discovery Series - Past Webinars - Salk Institute for Biological Studies<\/title>\n<meta name=\"robots\" content=\"index, follow, max-snippet:-1, max-image-preview:large, max-video-preview:-1\" \/>\n<link rel=\"canonical\" href=\"https:\/\/www.salk.edu\/de\/science-cant-wait-a-discovery-series-registration\/past-webinars\/\" \/>\n<meta property=\"og:locale\" content=\"de_DE\" \/>\n<meta property=\"og:type\" content=\"article\" \/>\n<meta property=\"og:title\" content=\"Science Can&#039;t Wait: A Discovery Series - Past Webinars - Salk Institute for Biological Studies\" \/>\n<meta property=\"og:description\" content=\"Webinar 1 Webinar 2 Webinar Series Part 1: Salk\u2019s Year of Brain Health\" \/>\n<meta property=\"og:url\" content=\"https:\/\/www.salk.edu\/de\/science-cant-wait-a-discovery-series-registration\/past-webinars\/\" \/>\n<meta property=\"og:site_name\" content=\"Salk Institute for Biological Studies\" \/>\n<meta property=\"article:modified_time\" content=\"2026-03-19T21:04:57+00:00\" \/>\n<meta property=\"og:image\" content=\"https:\/\/www.salk.edu\/wp-content\/uploads\/2026\/01\/salk-dmf-final.png\" \/>\n<meta name=\"twitter:card\" content=\"summary_large_image\" \/>\n<meta name=\"twitter:label1\" content=\"Est. reading time\" \/>\n\t<meta name=\"twitter:data1\" content=\"2 minutes\" \/>\n<script type=\"application\/ld+json\" class=\"yoast-schema-graph\">{\"@context\":\"https:\\\/\\\/schema.org\",\"@graph\":[{\"@type\":\"WebPage\",\"@id\":\"https:\\\/\\\/www.salk.edu\\\/science-cant-wait-a-discovery-series-registration\\\/past-webinars\\\/\",\"url\":\"https:\\\/\\\/www.salk.edu\\\/science-cant-wait-a-discovery-series-registration\\\/past-webinars\\\/\",\"name\":\"Science Can't Wait: A Discovery Series - Past Webinars - Salk Institute for Biological Studies\",\"isPartOf\":{\"@id\":\"https:\\\/\\\/www.salk.edu\\\/#website\"},\"primaryImageOfPage\":{\"@id\":\"https:\\\/\\\/www.salk.edu\\\/science-cant-wait-a-discovery-series-registration\\\/past-webinars\\\/#primaryimage\"},\"image\":{\"@id\":\"https:\\\/\\\/www.salk.edu\\\/science-cant-wait-a-discovery-series-registration\\\/past-webinars\\\/#primaryimage\"},\"thumbnailUrl\":\"https:\\\/\\\/www.salk.edu\\\/wp-content\\\/uploads\\\/2026\\\/01\\\/salk-dmf-final.png\",\"datePublished\":\"2026-01-29T22:41:39+00:00\",\"dateModified\":\"2026-03-19T21:04:57+00:00\",\"breadcrumb\":{\"@id\":\"https:\\\/\\\/www.salk.edu\\\/science-cant-wait-a-discovery-series-registration\\\/past-webinars\\\/#breadcrumb\"},\"inLanguage\":\"de-DE\",\"potentialAction\":[{\"@type\":\"ReadAction\",\"target\":[\"https:\\\/\\\/www.salk.edu\\\/science-cant-wait-a-discovery-series-registration\\\/past-webinars\\\/\"]}]},{\"@type\":\"ImageObject\",\"inLanguage\":\"de-DE\",\"@id\":\"https:\\\/\\\/www.salk.edu\\\/science-cant-wait-a-discovery-series-registration\\\/past-webinars\\\/#primaryimage\",\"url\":\"https:\\\/\\\/www.salk.edu\\\/wp-content\\\/uploads\\\/2026\\\/01\\\/salk-dmf-final.png\",\"contentUrl\":\"https:\\\/\\\/www.salk.edu\\\/wp-content\\\/uploads\\\/2026\\\/01\\\/salk-dmf-final.png\"},{\"@type\":\"BreadcrumbList\",\"@id\":\"https:\\\/\\\/www.salk.edu\\\/science-cant-wait-a-discovery-series-registration\\\/past-webinars\\\/#breadcrumb\",\"itemListElement\":[{\"@type\":\"ListItem\",\"position\":1,\"name\":\"Home\",\"item\":\"https:\\\/\\\/www.salk.edu\\\/\"},{\"@type\":\"ListItem\",\"position\":2,\"name\":\"Science Can&#8217;t Wait: A Discovery Series &#8211; Registration\",\"item\":\"https:\\\/\\\/www.salk.edu\\\/science-cant-wait-a-discovery-series-registration\\\/\"},{\"@type\":\"ListItem\",\"position\":3,\"name\":\"Science Can&#8217;t Wait: A Discovery Series &#8211; Past Webinars\"}]},{\"@type\":\"WebSite\",\"@id\":\"https:\\\/\\\/www.salk.edu\\\/#website\",\"url\":\"https:\\\/\\\/www.salk.edu\\\/\",\"name\":\"Salk Institute for Biological Studies\",\"description\":\"The Power of Science\",\"publisher\":{\"@id\":\"https:\\\/\\\/www.salk.edu\\\/#organization\"},\"potentialAction\":[{\"@type\":\"SearchAction\",\"target\":{\"@type\":\"EntryPoint\",\"urlTemplate\":\"https:\\\/\\\/www.salk.edu\\\/?s={search_term_string}\"},\"query-input\":{\"@type\":\"PropertyValueSpecification\",\"valueRequired\":true,\"valueName\":\"search_term_string\"}}],\"inLanguage\":\"de-DE\"},{\"@type\":\"Organization\",\"@id\":\"https:\\\/\\\/www.salk.edu\\\/#organization\",\"name\":\"Salk Institute for Biological Studies\",\"url\":\"https:\\\/\\\/www.salk.edu\\\/\",\"logo\":{\"@type\":\"ImageObject\",\"inLanguage\":\"de-DE\",\"@id\":\"https:\\\/\\\/www.salk.edu\\\/#\\\/schema\\\/logo\\\/image\\\/\",\"url\":\"http:\\\/\\\/www.salk.edu\\\/wp-content\\\/uploads\\\/2023\\\/03\\\/salk_logo_696.jpg\",\"contentUrl\":\"http:\\\/\\\/www.salk.edu\\\/wp-content\\\/uploads\\\/2023\\\/03\\\/salk_logo_696.jpg\",\"width\":696,\"height\":696,\"caption\":\"Salk Institute for Biological Studies\"},\"image\":{\"@id\":\"https:\\\/\\\/www.salk.edu\\\/#\\\/schema\\\/logo\\\/image\\\/\"}}]}<\/script>\n<!-- \/ Yoast SEO plugin. -->","yoast_head_json":{"title":"Science Can't Wait: A Discovery Series - Past Webinars - Salk Institute for Biological Studies","robots":{"index":"index","follow":"follow","max-snippet":"max-snippet:-1","max-image-preview":"max-image-preview:large","max-video-preview":"max-video-preview:-1"},"canonical":"https:\/\/www.salk.edu\/de\/science-cant-wait-a-discovery-series-registration\/past-webinars\/","og_locale":"de_DE","og_type":"article","og_title":"Science Can't Wait: A Discovery Series - Past Webinars - Salk Institute for Biological Studies","og_description":"Webinar 1 Webinar 2 Webinar Series Part 1: Salk\u2019s Year of Brain Health","og_url":"https:\/\/www.salk.edu\/de\/science-cant-wait-a-discovery-series-registration\/past-webinars\/","og_site_name":"Salk Institute for Biological Studies","article_modified_time":"2026-03-19T21:04:57+00:00","og_image":[{"url":"https:\/\/www.salk.edu\/wp-content\/uploads\/2026\/01\/salk-dmf-final.png","type":"","width":"","height":""}],"twitter_card":"summary_large_image","twitter_misc":{"Est. reading time":"2 minutes"},"schema":{"@context":"https:\/\/schema.org","@graph":[{"@type":"WebPage","@id":"https:\/\/www.salk.edu\/science-cant-wait-a-discovery-series-registration\/past-webinars\/","url":"https:\/\/www.salk.edu\/science-cant-wait-a-discovery-series-registration\/past-webinars\/","name":"Science Can't Wait: A Discovery Series - Past Webinars - Salk Institute for Biological Studies","isPartOf":{"@id":"https:\/\/www.salk.edu\/#website"},"primaryImageOfPage":{"@id":"https:\/\/www.salk.edu\/science-cant-wait-a-discovery-series-registration\/past-webinars\/#primaryimage"},"image":{"@id":"https:\/\/www.salk.edu\/science-cant-wait-a-discovery-series-registration\/past-webinars\/#primaryimage"},"thumbnailUrl":"https:\/\/www.salk.edu\/wp-content\/uploads\/2026\/01\/salk-dmf-final.png","datePublished":"2026-01-29T22:41:39+00:00","dateModified":"2026-03-19T21:04:57+00:00","breadcrumb":{"@id":"https:\/\/www.salk.edu\/science-cant-wait-a-discovery-series-registration\/past-webinars\/#breadcrumb"},"inLanguage":"de-DE","potentialAction":[{"@type":"ReadAction","target":["https:\/\/www.salk.edu\/science-cant-wait-a-discovery-series-registration\/past-webinars\/"]}]},{"@type":"ImageObject","inLanguage":"de-DE","@id":"https:\/\/www.salk.edu\/science-cant-wait-a-discovery-series-registration\/past-webinars\/#primaryimage","url":"https:\/\/www.salk.edu\/wp-content\/uploads\/2026\/01\/salk-dmf-final.png","contentUrl":"https:\/\/www.salk.edu\/wp-content\/uploads\/2026\/01\/salk-dmf-final.png"},{"@type":"BreadcrumbList","@id":"https:\/\/www.salk.edu\/science-cant-wait-a-discovery-series-registration\/past-webinars\/#breadcrumb","itemListElement":[{"@type":"ListItem","position":1,"name":"Home","item":"https:\/\/www.salk.edu\/"},{"@type":"ListItem","position":2,"name":"Science Can&#8217;t Wait: A Discovery Series &#8211; Registration","item":"https:\/\/www.salk.edu\/science-cant-wait-a-discovery-series-registration\/"},{"@type":"ListItem","position":3,"name":"Science Can&#8217;t Wait: A Discovery Series &#8211; Past Webinars"}]},{"@type":"WebSite","@id":"https:\/\/www.salk.edu\/#website","url":"https:\/\/www.salk.edu\/","name":"Salk-Institut f\u00fcr biologische Studien","description":"Die Macht der Wissenschaft","publisher":{"@id":"https:\/\/www.salk.edu\/#organization"},"potentialAction":[{"@type":"SearchAction","target":{"@type":"EntryPoint","urlTemplate":"https:\/\/www.salk.edu\/?s={search_term_string}"},"query-input":{"@type":"PropertyValueSpecification","valueRequired":true,"valueName":"search_term_string"}}],"inLanguage":"de-DE"},{"@type":"Organization","@id":"https:\/\/www.salk.edu\/#organization","name":"Salk-Institut f\u00fcr biologische Studien","url":"https:\/\/www.salk.edu\/","logo":{"@type":"ImageObject","inLanguage":"de-DE","@id":"https:\/\/www.salk.edu\/#\/schema\/logo\/image\/","url":"http:\/\/www.salk.edu\/wp-content\/uploads\/2023\/03\/salk_logo_696.jpg","contentUrl":"http:\/\/www.salk.edu\/wp-content\/uploads\/2023\/03\/salk_logo_696.jpg","width":696,"height":696,"caption":"Salk Institute for Biological Studies"},"image":{"@id":"https:\/\/www.salk.edu\/#\/schema\/logo\/image\/"}}]}},"ACF":{"hero":"https:\/\/www.salk.edu\/wp-content\/uploads\/2026\/01\/25-webinar-series-scw2a.png","line_1":"","line_2":"","poster_quote":"","gallery":false,"salk_custom_body_class":"","secondary_navigation":"<div class=\"menu-scw-webinar-series-container\"><ul id=\"menu-scw-webinar-series\" class=\"menu\"><li class=\"menu-item menu-item-type-post_type menu-item-object-page menu-item-55940\"><a href=\"https:\/\/www.salk.edu\/de\/science-cant-wait-a-discovery-series-registration\/\">Registration<\/a><\/li>\n<li class=\"menu-item menu-item-type-post_type menu-item-object-page menu-item-55941\"><a href=\"https:\/\/www.salk.edu\/de\/science-cant-wait-a-discovery-series-registration\/past-webinars\/\">Past Webinars<\/a><\/li>\n<\/ul><\/div>"},"_links":{"self":[{"href":"https:\/\/www.salk.edu\/de\/wp-json\/wp\/v2\/pages\/55933","targetHints":{"allow":["GET"]}}],"collection":[{"href":"https:\/\/www.salk.edu\/de\/wp-json\/wp\/v2\/pages"}],"about":[{"href":"https:\/\/www.salk.edu\/de\/wp-json\/wp\/v2\/types\/page"}],"author":[{"embeddable":true,"href":"https:\/\/www.salk.edu\/de\/wp-json\/wp\/v2\/users\/91"}],"replies":[{"embeddable":true,"href":"https:\/\/www.salk.edu\/de\/wp-json\/wp\/v2\/comments?post=55933"}],"version-history":[{"count":10,"href":"https:\/\/www.salk.edu\/de\/wp-json\/wp\/v2\/pages\/55933\/revisions"}],"predecessor-version":[{"id":56273,"href":"https:\/\/www.salk.edu\/de\/wp-json\/wp\/v2\/pages\/55933\/revisions\/56273"}],"up":[{"embeddable":true,"href":"https:\/\/www.salk.edu\/de\/wp-json\/wp\/v2\/pages\/55569"}],"wp:attachment":[{"href":"https:\/\/www.salk.edu\/de\/wp-json\/wp\/v2\/media?parent=55933"}],"wp:term":[{"taxonomy":"folder","embeddable":true,"href":"https:\/\/www.salk.edu\/de\/wp-json\/wp\/v2\/folder?post=55933"}],"curies":[{"name":"WP","href":"https:\/\/api.w.org\/{rel}","templated":true}]}}