{"id":54231,"date":"2025-08-05T18:59:07","date_gmt":"2025-08-06T01:59:07","guid":{"rendered":"https:\/\/www.salk.edu\/?page_id=54231"},"modified":"2025-08-13T17:08:57","modified_gmt":"2025-08-14T00:08:57","slug":"institute-faqs","status":"publish","type":"page","link":"https:\/\/www.salk.edu\/de\/about\/institute-faqs\/","title":{"rendered":"Institut FAQs"},"content":{"rendered":"<a class=\"openall btn -expand\">Alle erweitern<\/a><a class=\"closeall btn -expand\">Alle einklappen<\/a>\r\n\r\n<div id=\"accordion1\" class=\"accordion\" style=\"margin-top: 20px;\">\r\n\r\n<!-- Question 1 -->\r\n<div class=\"accordion-group\">\r\n<div class=\"accordion-heading\"><a class=\"accordion-toggle collapsed\" href=\"#collapseOne\" data-toggle=\"collapse\" data-parent=\"#accordion1\" aria-expanded=\"false\">Was ist das Salk Institute?<\/a><\/div>\r\n\r\n<div id=\"collapseOne\" class=\"accordion-body collapse\" style=\"height: 0px;\" aria-expanded=\"false\">\r\n<div class=\"accordion-inner\">\r\n<p>Das Salk Institute ist eine unabh\u00e4ngige, gemeinn\u00fctzige Forschungsorganisation, die 1960 von Jonas Salk, dem Entwickler des ersten sicheren und wirksamen Polio-Impfstoffs, gegr\u00fcndet wurde. Die Geb\u00e4ude des Instituts sind ein architektonisches Wahrzeichen, entworfen vom renommierten Architekten Louis Kahn, und \u00fcberblicken den Pazifischen Ozean in La Jolla, Kalifornien.<\/p>\r\n<\/div>\r\n<\/div>\r\n<\/div>\r\n<!-- End Question 1 -->\r\n\r\n<!-- Question 2 -->\r\n<div class=\"accordion-group\">\r\n<div class=\"accordion-heading\"><a class=\"accordion-toggle collapsed\" href=\"#collapseTwo\" data-toggle=\"collapse\" data-parent=\"#accordion1\" aria-expanded=\"false\">Was ist die Mission von Salk?<\/a><\/div>\r\n\r\n<div id=\"collapseTwo\" class=\"accordion-body collapse\" style=\"height: 0px;\" aria-expanded=\"false\">\r\n<div class=\"accordion-inner\">\r\n<p>Um die grundlegenden Prozesse des Lebens zum Wohle aller zu erforschen und die n\u00e4chste Generation von Wissenschaftlern zu bef\u00e4higen.<\/p>\r\n<\/div>\r\n<\/div>\r\n<\/div>\r\n<!-- End Question 2 -->\r\n\r\n<!-- Question 3 -->\r\n<div class=\"accordion-group\">\r\n<div class=\"accordion-heading\"><a class=\"accordion-toggle collapsed\" href=\"#collapseThree\" data-toggle=\"collapse\" data-parent=\"#accordion1\" aria-expanded=\"false\">Was machen Wissenschaftler am Salk Institute?<\/a><\/div>\r\n\r\n<div id=\"collapseThree\" class=\"accordion-body collapse\" style=\"height: 0px;\" aria-expanded=\"false\">\r\n<div class=\"accordion-inner\">\r\n<p>Salk ist eines von sieben US National Cancer Institute-Designierten Krebszentren, die sich der grundlegenden Laborforschung widmen. Weitere Hauptforschungsbereiche am Salk sind gesundes Altern, Immunbiologie, Neurowissenschaften, Stoffwechsel, Pflanzenbiologie, Biochemie und computergest\u00fctzte Biologie.<\/p>\r\n\r\n<p>Salk-Wissenschaftler erforschen die grundlegenden Prinzipien der Biologie in verschiedenen Forschungsbereichen, um dringende globale Herausforderungen wie Krebs, Diabetes, Alzheimer und die Widerstandsf\u00e4higkeit von Nutzpflanzen zu bew\u00e4ltigen.<\/p>\r\n<\/div>\r\n<\/div>\r\n<\/div>\r\n<!-- End Question 3 -->\r\n\r\n<!-- Question 4 -->\r\n<div class=\"accordion-group\">\r\n<div class=\"accordion-heading\"><a class=\"accordion-toggle collapsed\" href=\"#collapseFour\" data-toggle=\"collapse\" data-parent=\"#accordion1\" aria-expanded=\"false\">Warum ist Grundlagenforschung, oder fundamentale Forschung, so wichtig?<\/a><\/div>\r\n\r\n<div id=\"collapseFour\" class=\"accordion-body collapse\" style=\"height: 0px;\" aria-expanded=\"false\">\r\n<div class=\"accordion-inner\">\r\n<p>Die Grundlagenforschung zielt darauf ab, grundlegende Wahrheiten \u00fcber Biologie, Gesundheit und Umwelt aufzudecken, oft ohne unmittelbare kommerzielle Anwendungen. Diese Art von Forschung legt den Grundstein f\u00fcr nahezu jeden bedeutenden wissenschaftlichen Durchbruch, von Impfstoffen und Krebstherapien bis hin zu Fortschritten in der Neurowissenschaft und Agrarwissenschaft. Indem Wissenschaftler verstehen, wie das Leben auf seinen grundlegendsten Ebenen funktioniert, k\u00f6nnen sie transformative L\u00f6sungen f\u00fcr die Zukunft entwickeln. Ohne Grundlagenforschung h\u00e4tten translationalwissenschaftler nichts, was sie in die Klinik \u201c\u00fcbersetzen\u201d k\u00f6nnten.<\/p>\r\n<\/div>\r\n<\/div>\r\n<\/div>\r\n<!-- End Question 4 -->\r\n\r\n<!-- Question 5 -->\r\n<div class=\"accordion-group\">\r\n<div class=\"accordion-heading\"><a class=\"accordion-toggle collapsed\" href=\"#collapseFive\" data-toggle=\"collapse\" data-parent=\"#accordion1\" aria-expanded=\"false\">Wie wird Grundlagenforschung finanziert?<\/a><\/div>\r\n\r\n<div id=\"collapseFive\" class=\"accordion-body collapse\" style=\"height: 0px;\" aria-expanded=\"false\">\r\n<div class=\"accordion-inner\">\r\n<p>Grundlagenforschung wird haupts\u00e4chlich durch eine Kombination aus wettbewerbsorientierten staatlichen Zusch\u00fcssen, privaten Stiftungen und Philanthropie finanziert. W\u00e4hrend \u00f6ffentliche Mittel viele Projekte unterst\u00fctzen, wird oft kurzfristigen Ergebnissen Priorit\u00e4t einger\u00e4umt. Philanthropische Unterst\u00fctzung ist unerl\u00e4sslich, um k\u00fchne, risikoreiche Ideen und langfristige Entdeckungen zu f\u00f6rdern, die von traditionellen Finanzierungsquellen m\u00f6glicherweise \u00fcbersehen werden.<\/p>\r\n<\/div>\r\n<\/div>\r\n<\/div>\r\n<!-- End Question 5 -->\r\n\r\n<!-- Question 6 -->\r\n<div class=\"accordion-group\">\r\n<div class=\"accordion-heading\"><a class=\"accordion-toggle collapsed\" href=\"#collapseSix\" data-toggle=\"collapse\" data-parent=\"#accordion1\" aria-expanded=\"false\">Welche Entdeckungen sind Salk am bekanntesten?<\/a><\/div>\r\n\r\n<div id=\"collapseSix\" class=\"accordion-body collapse\" style=\"height: 0px;\" aria-expanded=\"false\">\r\n<div class=\"accordion-inner\">\r\n<p>Salk-Entdeckungen haben zu neuen therapeutischen Ans\u00e4tzen gef\u00fchrt, die bisherige Denkweisen umwarfen, darunter zum Beispiel:<\/p>\r\n\r\n<ul>\r\n<li>Entdeckung eines zellul\u00e4ren Schalters namens <strong>Tyrosinphosphorylierung<\/strong>, was zu mehr als 60 Krebsmedikamenten gef\u00fchrt hat, die durch die Hemmung dieses Schalters wirken. Das erste dieser Medikamente ist Gleevec (Imatinib), das zur Behandlung von Leuk\u00e4mien und anderen Blutkrebsarten eingesetzt wird.<\/li>\r\n<li>Entdeckung von <strong>Peptidhormonproduktion im Gehirn<\/strong> steuert die Freisetzung von Hormonen aus der Hypophyse und anderen Organen. Ein solches Peptid, Somatostatin, wird zur Behandlung von neuroendokrinen Tumoren und anderen endokrinen Erkrankungen eingesetzt.<\/li>\r\n<li>Entdeckung von <strong>Neurotransmitter-Rezeptoren f\u00fcr Acetylcholin und Glutamat<\/strong>, die wichtige Wirkstoffziele f\u00fcr die Behandlung von Myasthenia gravis, Alzheimer und neuropsychiatrischen Erkrankungen sind.<\/li>\r\n<li>Entdeckung von <strong>Nukle\u00e4re Hormonrezeptoren<\/strong>, die heute prim\u00e4re Ziele in der Behandlung von Brustkrebs, Prostatakrebs, Bauchspeicheldr\u00fcsenkrebs, Leuk\u00e4mie, Osteoporose und Asthma darstellen.<\/li>\r\n<li>Wegweisende Arbeit an <strong>Neuronale Netze<\/strong> das die Grundlage f\u00fcr bemerkenswerte Fortschritte in den Bereichen k\u00fcnstliche Intelligenz und maschinelles Lernen bildete.<\/li>\r\n<li>Entdeckung, dass die <strong>Das erwachsene Gehirn produziert weiterhin neue Nervenzellen<\/strong> im Laufe des Lebens in einem Prozess namens Neurogenese, entgegen zuvor akzeptierten Dogmen, was neue Wege f\u00fcr die Erforschung von Alzheimer und anderen neurodegenerativen Erkrankungen er\u00f6ffnet.<\/li>\r\n<li>Entdeckung des <strong>Gesundheitliche Vorteile des zeitlich begrenzten Essens<\/strong>, einschlie\u00dflich Gewichtsverlust, Blutzuckerregulierung und verbesserter Stoffwechselfunktion.<\/li>\r\n<\/ul>\r\n<\/div>\r\n<\/div>\r\n<\/div>\r\n<!-- End Question 6 -->\r\n\r\n<!-- Question 7 -->\r\n<div class=\"accordion-group\">\r\n<div class=\"accordion-heading\"><a class=\"accordion-toggle collapsed\" href=\"#collapseSeven\" data-toggle=\"collapse\" data-parent=\"#accordion1\" aria-expanded=\"false\">Wohin geht Salk?<\/a><\/div>\r\n\r\n<div id=\"collapseSeven\" class=\"accordion-body collapse\" style=\"height: 0px;\" aria-expanded=\"false\">\r\n<div class=\"accordion-inner\">\r\n<p>Das Salk Institute wird weiterhin ein weltweit f\u00fchrendes Institut f\u00fcr die biologische Forschung an der Spitze wissenschaftlicher Innovationen bleiben. Es wird weiterhin die talentiertesten Wissenschaftler der Welt in ein Umfeld locken, das sich ausschlie\u00dflich auf wirkungsvolle wissenschaftliche Entdeckungen konzentriert. Neue Forschungsrichtungen f\u00fcr die Salk-Wissenschaft umfassen:<\/p>\r\n\r\n<ul>\r\n<li>Substantielle Investition in <strong>Biokomputationstechnologien<\/strong>, einschlie\u00dflich k\u00fcnstlicher Intelligenz, zur Unterst\u00fctzung aller Bereiche der Salk-Wissenschaft.<\/li>\r\n<li>Eine Neu <strong>Initiative Neuroimmunologie<\/strong> das die weltweit f\u00fchrenden Neurowissenschaftler und Immunbiologen von Salk vereint, um neuroinflammatorische Krankheiten, insbesondere Alzheimer, zu bek\u00e4mpfen.<\/li>\r\n<li>Multi-Forscher-Anstrengungen von Forschern des Salk Cancer Center, um die <strong>die t\u00f6dlichsten Krebsarten<\/strong>, die Krebszellen im Kontext ihrer lokalen Umgebung untersuchen, wie sie von Immunzellen und anderen Zelltypen besiedelt wird.<\/li>\r\n<li>Fortschritte in der Pflanzenwissenschaft mit dem Schwerpunkt auf dem Verst\u00e4ndnis der Mechanismen von wurzelverbessernden Merkmalen und deren Kombination zur Bereitstellung <strong>Salk Idealpflanzen<\/strong> die eine gro\u00df angelegte CO2-Abscheidung erm\u00f6glichen, die Widerstandsf\u00e4higkeit von Nutzpflanzen verbessern und B\u00f6den anreichern k\u00f6nnen.<\/li>\r\n<li>Kombination molekularer, zellul\u00e4rer und physiologischer Ans\u00e4tze zur Untersuchung von <strong>Stoffwechsel und Altern<\/strong>, mit Schwerpunkt darauf, wie der Alterungsprozess jedes Einzelnen durch seine einzigartige Biologie, Herkunft, Umwelt und seinen Lebensstil bestimmt wird. <\/li>\r\n<li>Gemeinsame Anstrengungen bei <strong>Verhaltensneurowissenschaft<\/strong>, die die neuronalen Schaltkreise, die dem Verhalten zugrunde liegen, mit der physischen und sozialen Umwelt des Individuums verbinden. Die Entwicklung neuartiger bildgebender Verfahren.<\/li>\r\n<\/ul>\r\n<\/div>\r\n<\/div>\r\n<\/div>\r\n<!-- End Question 7 -->\r\n\r\n<!-- Question 8 -->\r\n<div class=\"accordion-group\">\r\n<div class=\"accordion-heading\"><a class=\"accordion-toggle collapsed\" href=\"#collapseEight\" data-toggle=\"collapse\" data-parent=\"#accordion1\" aria-expanded=\"false\">Wie kann ich helfen? <\/a><\/div>\r\n\r\n<div id=\"collapseEight\" class=\"accordion-body collapse\" style=\"height: 0px;\" aria-expanded=\"false\">\r\n<div class=\"accordion-inner\">\r\n<p>Mit philanthropischer Investition wird Salk Top-Fakult\u00e4tsmitglieder, Forschungspersonal und wissenschaftliche Nachwuchskr\u00e4fte rekrutieren, um in der Forschung bahnbrechende Entdeckungen zu machen. Salk hilft auch dabei, durch Forschungs- und Ausbildungsprogramme f\u00fcr Sch\u00fcler, Studenten, Doktoranden und Postdoktoranden eine vielf\u00e4ltige STEM-Karrierepipeline aufzubauen. Alle Geschenke an Salk werden zur Unterst\u00fctzung seines Forschungsunternehmens verwendet.<\/p>\r\n\r\n<a href=\"https:\/\/salkinstitute.donorsupport.co\/-\/XHQRPRJT\" class=\"btn -expand\">Spenden Sie noch heute<\/a>\r\n<\/div>\r\n<\/div>\r\n<\/div>\r\n<!-- End Question 8 -->\r\n\r\n<\/div>","protected":false},"excerpt":{"rendered":"<a class=\"openall btn -expand\">Alle erweitern<\/a><a class=\"closeall btn -expand\">Alle einklappen<\/a>\r\n\r\n<div id=\"accordion1\" class=\"accordion\" style=\"margin-top: 20px;\">\r\n\r\n<!-- Question 1 -->\r\n<div class=\"accordion-group\">\r\n<div class=\"accordion-heading\"><a class=\"accordion-toggle collapsed\" href=\"#collapseOne\" data-toggle=\"collapse\" data-parent=\"#accordion1\" aria-expanded=\"false\">Was ist das Salk Institute?<\/a><\/div>\r\n\r\n<div id=\"collapseOne\" class=\"accordion-body collapse\" style=\"height: 0px;\" aria-expanded=\"false\">\r\n<div class=\"accordion-inner\">\r\n<p>Das Salk Institute ist eine unabh\u00e4ngige, gemeinn\u00fctzige Forschungsorganisation, die 1960 von Jonas Salk, dem Entwickler des ersten sicheren und wirksamen Polio-Impfstoffs, gegr\u00fcndet wurde. Die Geb\u00e4ude des Instituts sind ein architektonisches Wahrzeichen, entworfen vom renommierten Architekten Louis Kahn, und \u00fcberblicken den Pazifischen Ozean in La Jolla, Kalifornien.<\/p>","protected":false},"author":91,"featured_media":0,"parent":5,"menu_order":0,"comment_status":"closed","ping_status":"closed","template":"","meta":{"_acf_changed":false,"footnotes":""},"folder":[509],"class_list":["post-54231","page","type-page","status-publish","hentry"],"acf":[],"yoast_head":"<!-- This site is optimized with the Yoast SEO plugin v27.3 - https:\/\/yoast.com\/product\/yoast-seo-wordpress\/ -->\n<title>Institute FAQs - Salk Institute for Biological Studies<\/title>\n<meta name=\"robots\" content=\"index, follow, max-snippet:-1, max-image-preview:large, max-video-preview:-1\" \/>\n<link rel=\"canonical\" href=\"https:\/\/www.salk.edu\/de\/about\/institute-faqs\/\" \/>\n<meta property=\"og:locale\" content=\"de_DE\" \/>\n<meta property=\"og:type\" content=\"article\" \/>\n<meta property=\"og:title\" content=\"Institute FAQs - Salk Institute for Biological Studies\" \/>\n<meta property=\"og:description\" content=\"Expand AllCollapse All      What is the Salk Institute?    The Salk Institute is an independent, nonprofit research organization founded in 1960 by Jonas Salk, developer of the first safe and effective polio vaccine. The Institute buildings are an architectural landmark, designed by renowned architect Louis Kahn, overlooking the Pacific Ocean in La Jolla, California.\" \/>\n<meta property=\"og:url\" content=\"https:\/\/www.salk.edu\/de\/about\/institute-faqs\/\" \/>\n<meta property=\"og:site_name\" content=\"Salk Institute for Biological Studies\" \/>\n<meta property=\"article:modified_time\" content=\"2025-08-14T00:08:57+00:00\" \/>\n<meta property=\"og:image\" content=\"https:\/\/www.salk.edu\/wp-content\/uploads\/2023\/03\/salk-institute-preview-image.jpg\" \/>\n\t<meta property=\"og:image:width\" content=\"628\" \/>\n\t<meta property=\"og:image:height\" content=\"329\" \/>\n\t<meta property=\"og:image:type\" content=\"image\/jpeg\" \/>\n<meta name=\"twitter:card\" content=\"summary_large_image\" \/>\n<meta name=\"twitter:label1\" content=\"Est. reading time\" \/>\n\t<meta name=\"twitter:data1\" content=\"4 minutes\" \/>\n<script type=\"application\/ld+json\" class=\"yoast-schema-graph\">{\"@context\":\"https:\\\/\\\/schema.org\",\"@graph\":[{\"@type\":\"WebPage\",\"@id\":\"https:\\\/\\\/www.salk.edu\\\/about\\\/institute-faqs\\\/\",\"url\":\"https:\\\/\\\/www.salk.edu\\\/about\\\/institute-faqs\\\/\",\"name\":\"Institute FAQs - Salk Institute for Biological Studies\",\"isPartOf\":{\"@id\":\"https:\\\/\\\/www.salk.edu\\\/#website\"},\"datePublished\":\"2025-08-06T01:59:07+00:00\",\"dateModified\":\"2025-08-14T00:08:57+00:00\",\"breadcrumb\":{\"@id\":\"https:\\\/\\\/www.salk.edu\\\/about\\\/institute-faqs\\\/#breadcrumb\"},\"inLanguage\":\"de-DE\",\"potentialAction\":[{\"@type\":\"ReadAction\",\"target\":[\"https:\\\/\\\/www.salk.edu\\\/about\\\/institute-faqs\\\/\"]}]},{\"@type\":\"BreadcrumbList\",\"@id\":\"https:\\\/\\\/www.salk.edu\\\/about\\\/institute-faqs\\\/#breadcrumb\",\"itemListElement\":[{\"@type\":\"ListItem\",\"position\":1,\"name\":\"Home\",\"item\":\"https:\\\/\\\/www.salk.edu\\\/\"},{\"@type\":\"ListItem\",\"position\":2,\"name\":\"About\",\"item\":\"https:\\\/\\\/www.salk.edu\\\/about\\\/\"},{\"@type\":\"ListItem\",\"position\":3,\"name\":\"Institute FAQs\"}]},{\"@type\":\"WebSite\",\"@id\":\"https:\\\/\\\/www.salk.edu\\\/#website\",\"url\":\"https:\\\/\\\/www.salk.edu\\\/\",\"name\":\"Salk Institute for Biological Studies\",\"description\":\"The Power of Science\",\"publisher\":{\"@id\":\"https:\\\/\\\/www.salk.edu\\\/#organization\"},\"potentialAction\":[{\"@type\":\"SearchAction\",\"target\":{\"@type\":\"EntryPoint\",\"urlTemplate\":\"https:\\\/\\\/www.salk.edu\\\/?s={search_term_string}\"},\"query-input\":{\"@type\":\"PropertyValueSpecification\",\"valueRequired\":true,\"valueName\":\"search_term_string\"}}],\"inLanguage\":\"de-DE\"},{\"@type\":\"Organization\",\"@id\":\"https:\\\/\\\/www.salk.edu\\\/#organization\",\"name\":\"Salk Institute for Biological Studies\",\"url\":\"https:\\\/\\\/www.salk.edu\\\/\",\"logo\":{\"@type\":\"ImageObject\",\"inLanguage\":\"de-DE\",\"@id\":\"https:\\\/\\\/www.salk.edu\\\/#\\\/schema\\\/logo\\\/image\\\/\",\"url\":\"http:\\\/\\\/www.salk.edu\\\/wp-content\\\/uploads\\\/2023\\\/03\\\/salk_logo_696.jpg\",\"contentUrl\":\"http:\\\/\\\/www.salk.edu\\\/wp-content\\\/uploads\\\/2023\\\/03\\\/salk_logo_696.jpg\",\"width\":696,\"height\":696,\"caption\":\"Salk Institute for Biological Studies\"},\"image\":{\"@id\":\"https:\\\/\\\/www.salk.edu\\\/#\\\/schema\\\/logo\\\/image\\\/\"}}]}<\/script>\n<!-- \/ Yoast SEO plugin. -->","yoast_head_json":{"title":"Institute FAQs - Salk Institute for Biological Studies","robots":{"index":"index","follow":"follow","max-snippet":"max-snippet:-1","max-image-preview":"max-image-preview:large","max-video-preview":"max-video-preview:-1"},"canonical":"https:\/\/www.salk.edu\/de\/about\/institute-faqs\/","og_locale":"de_DE","og_type":"article","og_title":"Institute FAQs - Salk Institute for Biological Studies","og_description":"Expand AllCollapse All      What is the Salk Institute?    The Salk Institute is an independent, nonprofit research organization founded in 1960 by Jonas Salk, developer of the first safe and effective polio vaccine. The Institute buildings are an architectural landmark, designed by renowned architect Louis Kahn, overlooking the Pacific Ocean in La Jolla, California.","og_url":"https:\/\/www.salk.edu\/de\/about\/institute-faqs\/","og_site_name":"Salk Institute for Biological Studies","article_modified_time":"2025-08-14T00:08:57+00:00","og_image":[{"width":628,"height":329,"url":"https:\/\/www.salk.edu\/wp-content\/uploads\/2023\/03\/salk-institute-preview-image.jpg","type":"image\/jpeg"}],"twitter_card":"summary_large_image","twitter_misc":{"Est. reading time":"4 minutes"},"schema":{"@context":"https:\/\/schema.org","@graph":[{"@type":"WebPage","@id":"https:\/\/www.salk.edu\/about\/institute-faqs\/","url":"https:\/\/www.salk.edu\/about\/institute-faqs\/","name":"Institute FAQs - Salk Institute for Biological Studies","isPartOf":{"@id":"https:\/\/www.salk.edu\/#website"},"datePublished":"2025-08-06T01:59:07+00:00","dateModified":"2025-08-14T00:08:57+00:00","breadcrumb":{"@id":"https:\/\/www.salk.edu\/about\/institute-faqs\/#breadcrumb"},"inLanguage":"de-DE","potentialAction":[{"@type":"ReadAction","target":["https:\/\/www.salk.edu\/about\/institute-faqs\/"]}]},{"@type":"BreadcrumbList","@id":"https:\/\/www.salk.edu\/about\/institute-faqs\/#breadcrumb","itemListElement":[{"@type":"ListItem","position":1,"name":"Home","item":"https:\/\/www.salk.edu\/"},{"@type":"ListItem","position":2,"name":"About","item":"https:\/\/www.salk.edu\/about\/"},{"@type":"ListItem","position":3,"name":"Institute FAQs"}]},{"@type":"WebSite","@id":"https:\/\/www.salk.edu\/#website","url":"https:\/\/www.salk.edu\/","name":"Salk-Institut f\u00fcr biologische Studien","description":"Die Macht der Wissenschaft","publisher":{"@id":"https:\/\/www.salk.edu\/#organization"},"potentialAction":[{"@type":"SearchAction","target":{"@type":"EntryPoint","urlTemplate":"https:\/\/www.salk.edu\/?s={search_term_string}"},"query-input":{"@type":"PropertyValueSpecification","valueRequired":true,"valueName":"search_term_string"}}],"inLanguage":"de-DE"},{"@type":"Organization","@id":"https:\/\/www.salk.edu\/#organization","name":"Salk-Institut f\u00fcr biologische Studien","url":"https:\/\/www.salk.edu\/","logo":{"@type":"ImageObject","inLanguage":"de-DE","@id":"https:\/\/www.salk.edu\/#\/schema\/logo\/image\/","url":"http:\/\/www.salk.edu\/wp-content\/uploads\/2023\/03\/salk_logo_696.jpg","contentUrl":"http:\/\/www.salk.edu\/wp-content\/uploads\/2023\/03\/salk_logo_696.jpg","width":696,"height":696,"caption":"Salk Institute for Biological Studies"},"image":{"@id":"https:\/\/www.salk.edu\/#\/schema\/logo\/image\/"}}]}},"ACF":{"hero":false,"line_1":"About","line_2":"Institute FAQs","poster_quote":"","gallery":false,"salk_custom_body_class":"","secondary_navigation":"<div class=\"menu-about-container\"><ul id=\"menu-about\" class=\"menu\"><li class=\"menu-item menu-item-type-custom menu-item-object-custom menu-item-40302\"><a href=\"\/about\/\">Overview<\/a><\/li>\n<li class=\"menu-item menu-item-type-post_type menu-item-object-page menu-item-16181\"><a href=\"https:\/\/www.salk.edu\/de\/people\/management-team\/\">Leadership<\/a><\/li>\n<li class=\"menu-item menu-item-type-post_type menu-item-object-page menu-item-6803\"><a href=\"https:\/\/www.salk.edu\/de\/about\/awards-and-accolades\/\">Awards<\/a><\/li>\n<li class=\"menu-item menu-item-type-post_type menu-item-object-page menu-item-31274\"><a href=\"https:\/\/www.salk.edu\/de\/about\/our-community\/\">Community &#038; Engagement<\/a><\/li>\n<li class=\"menu-item menu-item-type-custom menu-item-object-custom menu-item-37215\"><a href=\"https:\/\/www.salk.edu\/about\/visiting-salk\/\">Visiting<\/a><\/li>\n<li class=\"menu-item menu-item-type-post_type menu-item-object-page menu-item-6169\"><a href=\"https:\/\/www.salk.edu\/de\/about\/history-of-salk\/\">History<\/a><\/li>\n<li class=\"menu-item menu-item-type-post_type menu-item-object-page menu-item-6172\"><a href=\"https:\/\/www.salk.edu\/de\/about\/education-outreach\/\">Education Outreach<\/a><\/li>\n<li class=\"menu-item menu-item-type-post_type menu-item-object-page menu-item-54295\"><a href=\"https:\/\/www.salk.edu\/de\/about\/institute-faqs\/\">Institute FAQs<\/a><\/li>\n<li class=\"menu-item menu-item-type-custom menu-item-object-custom menu-item-6193\"><a href=\"\/contact\">Contact<\/a><\/li>\n<\/ul><\/div>"},"_links":{"self":[{"href":"https:\/\/www.salk.edu\/de\/wp-json\/wp\/v2\/pages\/54231","targetHints":{"allow":["GET"]}}],"collection":[{"href":"https:\/\/www.salk.edu\/de\/wp-json\/wp\/v2\/pages"}],"about":[{"href":"https:\/\/www.salk.edu\/de\/wp-json\/wp\/v2\/types\/page"}],"author":[{"embeddable":true,"href":"https:\/\/www.salk.edu\/de\/wp-json\/wp\/v2\/users\/91"}],"replies":[{"embeddable":true,"href":"https:\/\/www.salk.edu\/de\/wp-json\/wp\/v2\/comments?post=54231"}],"version-history":[{"count":9,"href":"https:\/\/www.salk.edu\/de\/wp-json\/wp\/v2\/pages\/54231\/revisions"}],"predecessor-version":[{"id":54292,"href":"https:\/\/www.salk.edu\/de\/wp-json\/wp\/v2\/pages\/54231\/revisions\/54292"}],"up":[{"embeddable":true,"href":"https:\/\/www.salk.edu\/de\/wp-json\/wp\/v2\/pages\/5"}],"wp:attachment":[{"href":"https:\/\/www.salk.edu\/de\/wp-json\/wp\/v2\/media?parent=54231"}],"wp:term":[{"taxonomy":"folder","embeddable":true,"href":"https:\/\/www.salk.edu\/de\/wp-json\/wp\/v2\/folder?post=54231"}],"curies":[{"name":"WP","href":"https:\/\/api.w.org\/{rel}","templated":true}]}}