{"id":53968,"date":"2025-07-18T11:50:59","date_gmt":"2025-07-18T18:50:59","guid":{"rendered":"https:\/\/www.salk.edu\/?page_id=53968"},"modified":"2026-03-27T15:22:31","modified_gmt":"2026-03-27T22:22:31","slug":"lifetime-support-circles","status":"publish","type":"page","link":"https:\/\/www.salk.edu\/de\/support-us\/discovery-society\/lifetime-support-circles\/","title":{"rendered":"Lifetime Support Circles"},"content":{"rendered":"<style>\r\n.circle-shell {\r\nmargin-bottom: 20px;\r\n}\r\n@media (max-width: 991px){\r\n.circle-shell {\r\nmargin-bottom: 80px;\r\n}\r\n}\r\n<\/style>\r\n<div class=\"row\"><!-- Laureates Circle -->\r\n<div class=\"col-sm-12 col-md-6 col-lg-6 circle-shell\">\r\n<figure><img decoding=\"async\" class=\"img-responsive center-block\" style=\"margin-bottom: 15px;\" src=\"https:\/\/www.salk.edu\/wp-content\/uploads\/2025\/06\/25-ds-laureates-circle.png\" alt=\"Laureates Circle\" \/><\/figure>\r\n<p>Die <strong>Laureates Circle<\/strong> is the pinnacle of philanthropic leadership at Salk. These visionary donors have given $5M or more in support of an unshakable belief in the potential of science to change the world and leave a lasting legacy for generations <span style=\"white-space: nowrap;\">to come.<\/span><\/p>\r\n\r\n<\/div>\r\n<!-- End Laureates Circle -->\r\n\r\n<!-- Jonas Salk Circle -->\r\n<div class=\"col-sm-12 col-md-6 col-lg-6\">\r\n<figure><img decoding=\"async\" class=\"img-responsive center-block\" style=\"margin-bottom: 15px;\" src=\"https:\/\/www.salk.edu\/wp-content\/uploads\/2025\/06\/25-ds-jonas-salk-circle.png\" alt=\"Jonas Salk Circle\" \/><\/figure>\r\n<p>Named for our visionary founder, the <strong>Jonas Salk Circle<\/strong> recognizes giving to the institute\u2019s greatest needs, which offers maximum impact, through $1M or more of unrestricted giving. These investments drive innovation, equity, and <span style=\"white-space: nowrap;\">institutional growth.<\/span><\/p>\r\n\r\n<\/div>\r\n<!-- End Jonas Salk Circle -->\r\n\r\n<\/div>\r\n<p style=\"margin-top: 40px; margin-bottom: 0;\"><strong>Benefits for Laureates Circle and Jonas Salk Circle include:<\/strong><\/p>\r\n\r\n<ul style=\"margin-top: 0; margin-left: 20px;\">\r\n \t<li>Invitations to exclusive on- and off-campus events, receptions, and faculty lectures with reserved seating and parking<\/li>\r\n \t<li>Advance notice of major faculty awards, discoveries, and publications<\/li>\r\n \t<li>Annual updates from Salk Leadership<\/li>\r\n \t<li>Personalisierter j\u00e4hrlicher Wirkungsbericht<\/li>\r\n \t<li>Unlimited VIP architecture tours and annual VIP research tour<\/li>\r\n \t<li>Featured interview in Inside Salk magazine (optional, one time)<\/li>\r\n \t<li>Name displayed on permanent donor wall on campus, and special recognition at all campus donor events and in <span style=\"white-space: nowrap;\"><em>Im Salk<\/em> Zeitschrift<\/span><\/li>\r\n<\/ul>\r\n<p style=\"margin-top: 40px;\"><strong>Eine Mitgliedschaft, die zu Entdeckungen anregt<\/strong><br>\r\nDie Mitgliedschaft in der Discovery Society bedeutet, sich einer Gemeinschaft von Vision\u00e4ren anzuschlie\u00dfen, die fest an die Kraft der Wissenschaft glauben, die Welt zu ver\u00e4ndern. Helfen Sie mit, k\u00fchne Ideen in reale L\u00f6sungen zu verwandeln, von denen k\u00fcnftige Generationen profitieren werden.<\/span><\/p><\/p>\r\n\r\n<div style=\"display: block; width: max-content; margin: 0 auto;\"><a href=\"#XPDKGRTC\" style=\"display: none\"><\/a><\/div>\r\n\r\n<p style=\"margin-top: 40px;\">M\u00f6chten Sie mehr \u00fcber die Discovery Society erfahren? Kontaktieren Sie Lucia Burrafato, Gift Officer, unter <a href=\"mailto:lburrafato@salk.edu?subject=Discovery Society\">lburrafato@salk.edu<\/a> oder durch Anrufen <span style=\"white-space: nowrap;\">(858) 453-4100 x1467.<\/span><\/p>","protected":false},"excerpt":{"rendered":"<style>\r\n.circle-shell {\r\nmargin-bottom: 20px;\r\n}\r\n@media (max-width: 991px){\r\n.circle-shell {\r\nmargin-bottom: 80px;\r\n}\r\n}\r\n<\/style>\r\n<div class=\"row\"><!-- Laureates Circle -->\r\n<div class=\"col-sm-12 col-md-6 col-lg-6 circle-shell\">\r\n<figure><img decoding=\"async\" class=\"img-responsive center-block\" style=\"margin-bottom: 15px;\" src=\"https:\/\/www.salk.edu\/wp-content\/uploads\/2025\/06\/25-ds-laureates-circle.png\" alt=\"Laureates Circle\" \/><\/figure>\r\n<p>Die <strong>Laureates Circle<\/strong> is the pinnacle of philanthropic leadership at Salk. These visionary donors have given $5M or more in support of an unshakable belief in the potential of science to change the world and leave a lasting legacy for generations <span style=\"white-space: nowrap;\">to come.<\/span><\/p>","protected":false},"author":91,"featured_media":0,"parent":53937,"menu_order":0,"comment_status":"closed","ping_status":"closed","template":"","meta":{"_acf_changed":false,"footnotes":""},"folder":[518],"class_list":["post-53968","page","type-page","status-publish","hentry"],"acf":[],"yoast_head":"<!-- This site is optimized with the Yoast SEO plugin v27.3 - https:\/\/yoast.com\/product\/yoast-seo-wordpress\/ -->\n<title>Lifetime Support Circles - Salk Institute for Biological Studies<\/title>\n<meta name=\"robots\" content=\"index, follow, max-snippet:-1, max-image-preview:large, max-video-preview:-1\" \/>\n<link rel=\"canonical\" href=\"https:\/\/www.salk.edu\/de\/support-us\/discovery-society\/lifetime-support-circles\/\" \/>\n<meta property=\"og:locale\" content=\"de_DE\" \/>\n<meta property=\"og:type\" content=\"article\" \/>\n<meta property=\"og:title\" content=\"Lifetime Support Circles - Salk Institute for Biological Studies\" \/>\n<meta property=\"og:description\" content=\"The Laureates Circle is the pinnacle of philanthropic leadership at Salk. These visionary donors have given $5M or more in support of an unshakable belief in the potential of science to change the world and leave a lasting legacy for generations to come.\" \/>\n<meta property=\"og:url\" content=\"https:\/\/www.salk.edu\/de\/support-us\/discovery-society\/lifetime-support-circles\/\" \/>\n<meta property=\"og:site_name\" content=\"Salk Institute for Biological Studies\" \/>\n<meta property=\"article:modified_time\" content=\"2026-03-27T22:22:31+00:00\" \/>\n<meta property=\"og:image\" content=\"https:\/\/www.salk.edu\/wp-content\/uploads\/2025\/06\/25-ds-laureates-circle.png\" \/>\n<meta name=\"twitter:card\" content=\"summary_large_image\" \/>\n<meta name=\"twitter:label1\" content=\"Est. reading time\" \/>\n\t<meta name=\"twitter:data1\" content=\"2 minutes\" \/>\n<script type=\"application\/ld+json\" class=\"yoast-schema-graph\">{\"@context\":\"https:\\\/\\\/schema.org\",\"@graph\":[{\"@type\":\"WebPage\",\"@id\":\"https:\\\/\\\/www.salk.edu\\\/support-us\\\/discovery-society\\\/lifetime-support-circles\\\/\",\"url\":\"https:\\\/\\\/www.salk.edu\\\/support-us\\\/discovery-society\\\/lifetime-support-circles\\\/\",\"name\":\"Lifetime Support Circles - Salk Institute for Biological Studies\",\"isPartOf\":{\"@id\":\"https:\\\/\\\/www.salk.edu\\\/#website\"},\"primaryImageOfPage\":{\"@id\":\"https:\\\/\\\/www.salk.edu\\\/support-us\\\/discovery-society\\\/lifetime-support-circles\\\/#primaryimage\"},\"image\":{\"@id\":\"https:\\\/\\\/www.salk.edu\\\/support-us\\\/discovery-society\\\/lifetime-support-circles\\\/#primaryimage\"},\"thumbnailUrl\":\"https:\\\/\\\/www.salk.edu\\\/wp-content\\\/uploads\\\/2025\\\/06\\\/25-ds-laureates-circle.png\",\"datePublished\":\"2025-07-18T18:50:59+00:00\",\"dateModified\":\"2026-03-27T22:22:31+00:00\",\"breadcrumb\":{\"@id\":\"https:\\\/\\\/www.salk.edu\\\/support-us\\\/discovery-society\\\/lifetime-support-circles\\\/#breadcrumb\"},\"inLanguage\":\"de-DE\",\"potentialAction\":[{\"@type\":\"ReadAction\",\"target\":[\"https:\\\/\\\/www.salk.edu\\\/support-us\\\/discovery-society\\\/lifetime-support-circles\\\/\"]}]},{\"@type\":\"ImageObject\",\"inLanguage\":\"de-DE\",\"@id\":\"https:\\\/\\\/www.salk.edu\\\/support-us\\\/discovery-society\\\/lifetime-support-circles\\\/#primaryimage\",\"url\":\"https:\\\/\\\/www.salk.edu\\\/wp-content\\\/uploads\\\/2025\\\/06\\\/25-ds-laureates-circle.png\",\"contentUrl\":\"https:\\\/\\\/www.salk.edu\\\/wp-content\\\/uploads\\\/2025\\\/06\\\/25-ds-laureates-circle.png\"},{\"@type\":\"BreadcrumbList\",\"@id\":\"https:\\\/\\\/www.salk.edu\\\/support-us\\\/discovery-society\\\/lifetime-support-circles\\\/#breadcrumb\",\"itemListElement\":[{\"@type\":\"ListItem\",\"position\":1,\"name\":\"Home\",\"item\":\"https:\\\/\\\/www.salk.edu\\\/\"},{\"@type\":\"ListItem\",\"position\":2,\"name\":\"Support Us\",\"item\":\"https:\\\/\\\/www.salk.edu\\\/support-us\\\/\"},{\"@type\":\"ListItem\",\"position\":3,\"name\":\"Loyalty giving: Discovery Society\",\"item\":\"https:\\\/\\\/www.salk.edu\\\/support-us\\\/discovery-society\\\/\"},{\"@type\":\"ListItem\",\"position\":4,\"name\":\"Lifetime Support Circles\"}]},{\"@type\":\"WebSite\",\"@id\":\"https:\\\/\\\/www.salk.edu\\\/#website\",\"url\":\"https:\\\/\\\/www.salk.edu\\\/\",\"name\":\"Salk Institute for Biological Studies\",\"description\":\"The Power of Science\",\"publisher\":{\"@id\":\"https:\\\/\\\/www.salk.edu\\\/#organization\"},\"potentialAction\":[{\"@type\":\"SearchAction\",\"target\":{\"@type\":\"EntryPoint\",\"urlTemplate\":\"https:\\\/\\\/www.salk.edu\\\/?s={search_term_string}\"},\"query-input\":{\"@type\":\"PropertyValueSpecification\",\"valueRequired\":true,\"valueName\":\"search_term_string\"}}],\"inLanguage\":\"de-DE\"},{\"@type\":\"Organization\",\"@id\":\"https:\\\/\\\/www.salk.edu\\\/#organization\",\"name\":\"Salk Institute for Biological Studies\",\"url\":\"https:\\\/\\\/www.salk.edu\\\/\",\"logo\":{\"@type\":\"ImageObject\",\"inLanguage\":\"de-DE\",\"@id\":\"https:\\\/\\\/www.salk.edu\\\/#\\\/schema\\\/logo\\\/image\\\/\",\"url\":\"http:\\\/\\\/www.salk.edu\\\/wp-content\\\/uploads\\\/2023\\\/03\\\/salk_logo_696.jpg\",\"contentUrl\":\"http:\\\/\\\/www.salk.edu\\\/wp-content\\\/uploads\\\/2023\\\/03\\\/salk_logo_696.jpg\",\"width\":696,\"height\":696,\"caption\":\"Salk Institute for Biological Studies\"},\"image\":{\"@id\":\"https:\\\/\\\/www.salk.edu\\\/#\\\/schema\\\/logo\\\/image\\\/\"}}]}<\/script>\n<!-- \/ Yoast SEO plugin. -->","yoast_head_json":{"title":"Lifetime Support Circles - Salk Institute for Biological Studies","robots":{"index":"index","follow":"follow","max-snippet":"max-snippet:-1","max-image-preview":"max-image-preview:large","max-video-preview":"max-video-preview:-1"},"canonical":"https:\/\/www.salk.edu\/de\/support-us\/discovery-society\/lifetime-support-circles\/","og_locale":"de_DE","og_type":"article","og_title":"Lifetime Support Circles - Salk Institute for Biological Studies","og_description":"The Laureates Circle is the pinnacle of philanthropic leadership at Salk. These visionary donors have given $5M or more in support of an unshakable belief in the potential of science to change the world and leave a lasting legacy for generations to come.","og_url":"https:\/\/www.salk.edu\/de\/support-us\/discovery-society\/lifetime-support-circles\/","og_site_name":"Salk Institute for Biological Studies","article_modified_time":"2026-03-27T22:22:31+00:00","og_image":[{"url":"https:\/\/www.salk.edu\/wp-content\/uploads\/2025\/06\/25-ds-laureates-circle.png","type":"","width":"","height":""}],"twitter_card":"summary_large_image","twitter_misc":{"Est. reading time":"2 minutes"},"schema":{"@context":"https:\/\/schema.org","@graph":[{"@type":"WebPage","@id":"https:\/\/www.salk.edu\/support-us\/discovery-society\/lifetime-support-circles\/","url":"https:\/\/www.salk.edu\/support-us\/discovery-society\/lifetime-support-circles\/","name":"Lifetime Support Circles - Salk Institute for Biological Studies","isPartOf":{"@id":"https:\/\/www.salk.edu\/#website"},"primaryImageOfPage":{"@id":"https:\/\/www.salk.edu\/support-us\/discovery-society\/lifetime-support-circles\/#primaryimage"},"image":{"@id":"https:\/\/www.salk.edu\/support-us\/discovery-society\/lifetime-support-circles\/#primaryimage"},"thumbnailUrl":"https:\/\/www.salk.edu\/wp-content\/uploads\/2025\/06\/25-ds-laureates-circle.png","datePublished":"2025-07-18T18:50:59+00:00","dateModified":"2026-03-27T22:22:31+00:00","breadcrumb":{"@id":"https:\/\/www.salk.edu\/support-us\/discovery-society\/lifetime-support-circles\/#breadcrumb"},"inLanguage":"de-DE","potentialAction":[{"@type":"ReadAction","target":["https:\/\/www.salk.edu\/support-us\/discovery-society\/lifetime-support-circles\/"]}]},{"@type":"ImageObject","inLanguage":"de-DE","@id":"https:\/\/www.salk.edu\/support-us\/discovery-society\/lifetime-support-circles\/#primaryimage","url":"https:\/\/www.salk.edu\/wp-content\/uploads\/2025\/06\/25-ds-laureates-circle.png","contentUrl":"https:\/\/www.salk.edu\/wp-content\/uploads\/2025\/06\/25-ds-laureates-circle.png"},{"@type":"BreadcrumbList","@id":"https:\/\/www.salk.edu\/support-us\/discovery-society\/lifetime-support-circles\/#breadcrumb","itemListElement":[{"@type":"ListItem","position":1,"name":"Home","item":"https:\/\/www.salk.edu\/"},{"@type":"ListItem","position":2,"name":"Support Us","item":"https:\/\/www.salk.edu\/support-us\/"},{"@type":"ListItem","position":3,"name":"Loyalty giving: Discovery Society","item":"https:\/\/www.salk.edu\/support-us\/discovery-society\/"},{"@type":"ListItem","position":4,"name":"Lifetime Support Circles"}]},{"@type":"WebSite","@id":"https:\/\/www.salk.edu\/#website","url":"https:\/\/www.salk.edu\/","name":"Salk-Institut f\u00fcr biologische Studien","description":"Die Macht der Wissenschaft","publisher":{"@id":"https:\/\/www.salk.edu\/#organization"},"potentialAction":[{"@type":"SearchAction","target":{"@type":"EntryPoint","urlTemplate":"https:\/\/www.salk.edu\/?s={search_term_string}"},"query-input":{"@type":"PropertyValueSpecification","valueRequired":true,"valueName":"search_term_string"}}],"inLanguage":"de-DE"},{"@type":"Organization","@id":"https:\/\/www.salk.edu\/#organization","name":"Salk-Institut f\u00fcr biologische Studien","url":"https:\/\/www.salk.edu\/","logo":{"@type":"ImageObject","inLanguage":"de-DE","@id":"https:\/\/www.salk.edu\/#\/schema\/logo\/image\/","url":"http:\/\/www.salk.edu\/wp-content\/uploads\/2023\/03\/salk_logo_696.jpg","contentUrl":"http:\/\/www.salk.edu\/wp-content\/uploads\/2023\/03\/salk_logo_696.jpg","width":696,"height":696,"caption":"Salk Institute for Biological Studies"},"image":{"@id":"https:\/\/www.salk.edu\/#\/schema\/logo\/image\/"}}]}},"ACF":{"hero":"https:\/\/www.salk.edu\/wp-content\/uploads\/2025\/07\/25-discovery-society-hdr-1920-2.png","line_1":"","line_2":"","poster_quote":"","gallery":false,"salk_custom_body_class":"","secondary_navigation":"<div class=\"menu-support-us-container\"><ul id=\"menu-support-us\" class=\"menu\"><li class=\"menu-item menu-item-type-post_type menu-item-object-page menu-item-54666\"><a href=\"https:\/\/www.salk.edu\/de\/support-us\/\">Overview<\/a><\/li>\n<li class=\"menu-item menu-item-type-post_type menu-item-object-page menu-item-54861\"><a href=\"https:\/\/www.salk.edu\/de\/support-us\/science-cant-wait\/\">Science Can\u2019t Wait<\/a><\/li>\n<li class=\"menu-item menu-item-type-post_type menu-item-object-page menu-item-54531\"><a href=\"https:\/\/www.salk.edu\/de\/support-us\/discovery-society\/\">Discovery Society<\/a><\/li>\n<li class=\"menu-item menu-item-type-post_type menu-item-object-page menu-item-55201\"><a href=\"https:\/\/www.salk.edu\/de\/support-us\/corporate-discovery-partners\/\">Corporate Discovery Partners<\/a><\/li>\n<li class=\"menu-item menu-item-type-post_type menu-item-object-page menu-item-56379\"><a href=\"https:\/\/www.salk.edu\/de\/support-us\/partners-in-research\/\">Partners in Research<\/a><\/li>\n<li class=\"menu-item menu-item-type-post_type menu-item-object-page menu-item-54664\"><a href=\"https:\/\/www.salk.edu\/de\/support-us\/ways-to-give\/\">Ways to Give<\/a><\/li>\n<li class=\"menu-item menu-item-type-post_type menu-item-object-page menu-item-54668\"><a href=\"https:\/\/www.salk.edu\/de\/support-us\/contact-us\/\">Contact Us<\/a><\/li>\n<\/ul><\/div>","research":[{"title":"Laureate's Circle","content":"<p><strong>Lifetime Giving to Any Fund<\/strong><br \/>\nThe Laureates Circle is the pinnacle of philanthropic leadership at Salk. These visionary donors share an unshakable belief in the potential of science to change the world and leave a lasting legacy for generations to come.<\/p>","image":{"ID":53604,"id":53604,"title":"25-ds-laureates-circle","filename":"25-ds-laureates-circle.jpg","filesize":31061,"url":"https:\/\/www.salk.edu\/wp-content\/uploads\/2025\/06\/25-ds-laureates-circle.jpg","link":"https:\/\/www.salk.edu\/de\/?attachment_id=53604","alt":"","author":"91","description":"","caption":"","name":"25-ds-laureates-circle","status":"inherit","uploaded_to":52717,"date":"2025-06-10 01:46:39","modified":"2025-06-10 02:15:00","menu_order":0,"mime_type":"image\/jpeg","type":"image","subtype":"jpeg","icon":"https:\/\/www.salk.edu\/wp-includes\/images\/media\/default.png","width":767,"height":767,"sizes":{"thumbnail":"https:\/\/www.salk.edu\/wp-content\/uploads\/2025\/06\/25-ds-laureates-circle-150x150.jpg","thumbnail-width":150,"thumbnail-height":150,"medium":"https:\/\/www.salk.edu\/wp-content\/uploads\/2025\/06\/25-ds-laureates-circle-300x300.jpg","medium-width":300,"medium-height":300,"medium_large":"https:\/\/www.salk.edu\/wp-content\/uploads\/2025\/06\/25-ds-laureates-circle.jpg","medium_large-width":767,"medium_large-height":767,"large":"https:\/\/www.salk.edu\/wp-content\/uploads\/2025\/06\/25-ds-laureates-circle.jpg","large-width":767,"large-height":767,"1536x1536":"https:\/\/www.salk.edu\/wp-content\/uploads\/2025\/06\/25-ds-laureates-circle.jpg","1536x1536-width":767,"1536x1536-height":767,"2048x2048":"https:\/\/www.salk.edu\/wp-content\/uploads\/2025\/06\/25-ds-laureates-circle.jpg","2048x2048-width":767,"2048x2048-height":767,"trp-custom-language-flag":"https:\/\/www.salk.edu\/wp-content\/uploads\/2025\/06\/25-ds-laureates-circle.jpg","trp-custom-language-flag-width":12,"trp-custom-language-flag-height":12,"hero":"https:\/\/www.salk.edu\/wp-content\/uploads\/2025\/06\/25-ds-laureates-circle-767x550.jpg","hero-width":767,"hero-height":550,"square":"https:\/\/www.salk.edu\/wp-content\/uploads\/2025\/06\/25-ds-laureates-circle.jpg","square-width":767,"square-height":767,"cision-147":"https:\/\/www.salk.edu\/wp-content\/uploads\/2025\/06\/25-ds-laureates-circle-147x147.jpg","cision-147-width":147,"cision-147-height":147,"pr-300":"https:\/\/www.salk.edu\/wp-content\/uploads\/2025\/06\/25-ds-laureates-circle-300x300.jpg","pr-300-width":300,"pr-300-height":300,"col-md-5":"https:\/\/www.salk.edu\/wp-content\/uploads\/2025\/06\/25-ds-laureates-circle-458x458.jpg","col-md-5-width":458,"col-md-5-height":458,"col-md-6":"https:\/\/www.salk.edu\/wp-content\/uploads\/2025\/06\/25-ds-laureates-circle-585x585.jpg","col-md-6-width":585,"col-md-6-height":585,"col-md-7":"https:\/\/www.salk.edu\/wp-content\/uploads\/2025\/06\/25-ds-laureates-circle-553x553.jpg","col-md-7-width":553,"col-md-7-height":553,"col-md-8":"https:\/\/www.salk.edu\/wp-content\/uploads\/2025\/06\/25-ds-laureates-circle-750x750.jpg","col-md-8-width":750,"col-md-8-height":750,"grid-767":"https:\/\/www.salk.edu\/wp-content\/uploads\/2025\/06\/25-ds-laureates-circle.jpg","grid-767-width":767,"grid-767-height":767,"col-md-10":"https:\/\/www.salk.edu\/wp-content\/uploads\/2025\/06\/25-ds-laureates-circle.jpg","col-md-10-width":767,"col-md-10-height":767,"gform-image-choice-sm":"https:\/\/www.salk.edu\/wp-content\/uploads\/2025\/06\/25-ds-laureates-circle.jpg","gform-image-choice-sm-width":300,"gform-image-choice-sm-height":300,"gform-image-choice-md":"https:\/\/www.salk.edu\/wp-content\/uploads\/2025\/06\/25-ds-laureates-circle.jpg","gform-image-choice-md-width":400,"gform-image-choice-md-height":400,"gform-image-choice-lg":"https:\/\/www.salk.edu\/wp-content\/uploads\/2025\/06\/25-ds-laureates-circle.jpg","gform-image-choice-lg-width":600,"gform-image-choice-lg-height":600}},"faculty":""}],"featured_image_link":""},"_links":{"self":[{"href":"https:\/\/www.salk.edu\/de\/wp-json\/wp\/v2\/pages\/53968","targetHints":{"allow":["GET"]}}],"collection":[{"href":"https:\/\/www.salk.edu\/de\/wp-json\/wp\/v2\/pages"}],"about":[{"href":"https:\/\/www.salk.edu\/de\/wp-json\/wp\/v2\/types\/page"}],"author":[{"embeddable":true,"href":"https:\/\/www.salk.edu\/de\/wp-json\/wp\/v2\/users\/91"}],"replies":[{"embeddable":true,"href":"https:\/\/www.salk.edu\/de\/wp-json\/wp\/v2\/comments?post=53968"}],"version-history":[{"count":17,"href":"https:\/\/www.salk.edu\/de\/wp-json\/wp\/v2\/pages\/53968\/revisions"}],"predecessor-version":[{"id":56378,"href":"https:\/\/www.salk.edu\/de\/wp-json\/wp\/v2\/pages\/53968\/revisions\/56378"}],"up":[{"embeddable":true,"href":"https:\/\/www.salk.edu\/de\/wp-json\/wp\/v2\/pages\/53937"}],"wp:attachment":[{"href":"https:\/\/www.salk.edu\/de\/wp-json\/wp\/v2\/media?parent=53968"}],"wp:term":[{"taxonomy":"folder","embeddable":true,"href":"https:\/\/www.salk.edu\/de\/wp-json\/wp\/v2\/folder?post=53968"}],"curies":[{"name":"wp","href":"https:\/\/api.w.org\/{rel}","templated":true}]}}