{"id":5364,"date":"2015-10-25T14:36:07","date_gmt":"2015-10-25T21:36:07","guid":{"rendered":"https:\/\/vermont.salk.edu\/?page_id=5364"},"modified":"2024-01-30T21:09:27","modified_gmt":"2024-01-31T05:09:27","slug":"services","status":"publish","type":"page","link":"https:\/\/www.salk.edu\/de\/science\/core-facilities\/flow-cytometry\/services\/","title":{"rendered":"Dienstleistungen"},"content":{"rendered":"<h2>Die Flow Cytometry Core Facility des Salk<\/h2>\n<p>FCCF verf\u00fcgt \u00fcber 5 Analyseger\u00e4te und 4 Zellsortierer. Der Core erleichtert den Zugang zu Durchflusszytometrie-Technologien<br \/>\ndurch drei Hauptdienstleistungskategorien: Personalbediente Zellsortierung, Zellsortierungstraining und<br \/>\nAnalytisches Durchflusszytometer-Training. Die folgenden Abschnitte leiten Benutzer an, wie sie auf den Flow Core zugreifen k\u00f6nnen<br \/>\nDienstleistungen.<\/p>\n<p>Forscher des Salk-Instituts:<\/p>\n<div id=\"accordion2\" class=\"accordion\">\n<div class=\"accordion-group\">\n<div class=\"accordion-heading\"><a class=\"accordion-toggle collapsed\" href=\"#collapseOne\" data-toggle=\"collapse\" data-parent=\"#accordion2\" aria-expanded=\"false\"><strong>So beantragen Sie Schulungen und Zugriff auf selbst betriebene Analyseger\u00e4te<\/strong><\/a>\n\t<\/div>\n<div id=\"collapseOne\" class=\"accordion-body collapse\" style=\"height: 0px;\" aria-expanded=\"false\">\n<div class=\"accordion-inner\">\n<ol>\n<li>\u00dcberpr\u00fcfen Sie die aktuellen Kernzugangs- und Nutzungsinformationen von FCCF zu Salkland (Link unten).<\/li>\n<li>\u00dcberdenken Sie Salklands aktuellen Trainingsplan, bearbeiten Sie alle Selbststudienmaterialien, die auf Salkland aufgef\u00fchrt sind.<\/li>\n<li>Kontaktieren Sie das Core-Team, um Ihre experimentellen Bed\u00fcrfnisse zu besprechen und die Instrumente zu identifizieren, an denen Sie geschult werden sollen.<br \/>\nZu diesem Zeitpunkt k\u00f6nnen wir alle Protokolle durchgehen, die Sie zur Vorbereitung von Proben f\u00fcr die Durchflussanalyse verwenden werden. F\u00fcr<br \/>\nUm die Reinheit der Instrumente zu gew\u00e4hrleisten, m\u00fcssen die Proben eine DNAse I-Aufreinigung enthalten (siehe Hilfedatei).<br \/>\nDokument \u00fcber Salkland f\u00fcr weitere Informationen und Beispiele, wo es bequem sein kann<br \/>\nenthalten (w\u00e4hrend der Probenvorbereitung).<\/li>\n<li>Schulung: Eine Orientierung wird arrangiert (2 Sitzungen, eine zum Erlernen der Prozesse, eine zweite Sitzung<br \/>\nzur Demonstration der Kompetenz). Nach Abschluss wird der Zugriff auf den Scheduler aktiviert und wir werden<br \/>\nTerminieren Sie bei Bedarf Nachbereitungssitzungen f\u00fcr unterst\u00fctzte Analysen mit dem Ziel, Ihnen zu helfen<br \/>\nunabh\u00e4ngig werden.<br \/>\n\u27a2 Klicken Sie, um nach Salkland zu gelangen (<a href=\"https:\/\/www.salk.edu\/de\/fccfaccess\/\">salk.edu\/fccfaccess<\/a>)<\/li>\n<\/ol><\/div>\n<\/p><\/div>\n<\/div>\n<div class=\"accordion-group\">\n<div class=\"accordion-heading\"><a class=\"accordion-toggle collapsed\" href=\"#collapseTwo\" data-toggle=\"collapse\" data-parent=\"#accordion2\" aria-expanded=\"false\"><strong>Wie man Schulung und Zugang zu selbstdurchgef\u00fchrter Zellsortier-Instrumentierung anfordert<\/strong><\/a>\n\t<\/div>\n<div id=\"collapseTwo\" class=\"accordion-body collapse\" style=\"height: 0px;\" aria-expanded=\"false\">\n<div class=\"accordion-inner\">\n<ol>\n<li>\u00dcberpr\u00fcfen Sie die aktuellen Kernzugangs- und Nutzungsinformationen von FCCF zu Salkland (Link unten).<\/li>\n<li>\u00dcberdenken Sie Salklands aktuellen Trainingsplan, bearbeiten Sie alle Selbststudienmaterialien, die auf Salkland aufgef\u00fchrt sind.<\/li>\n<li>Kontaktieren Sie das Kernteam, um Ihre experimentellen Bed\u00fcrfnisse zu besprechen und die Instrumente zu identifizieren, auf denen Sie geschult werden sollen. Zu diesem Zeitpunkt k\u00f6nnen wir alle Protokolle durchgehen, die Sie zur Vorbereitung von Proben f\u00fcr die Durchflussanalyse verwenden werden. Dies beinhaltet die Besprechung dessen, was zur Erzeugung sortierfertiger Proben ben\u00f6tigt wird (z. B. DNAse I-Aufreinigungsschritt, um eine hochqualitative Sortierprobe mit geringer Viskosit\u00e4t sicherzustellen, und geeignete pH-gepufferte Sortierpuffer).<\/li>\n<li>Schulung: Diese findet \u00fcber ein paar Sitzungen statt, um die wichtigsten F\u00e4higkeitsbl\u00f6cke abzudecken, die wir von autonomen Benutzern verlangen zu lernen. Wir werden einige \u201c\u00dcbungssitzungen\u201d vereinbaren, damit Sie Ihre Kompetenz unter Beweis stellen k\u00f6nnen. Nach Abschluss wird Ihnen der Zugriff auf den Google Kalender freigeschaltet. Bei Bedarf werden nachfolgende Sitzungen zur Analyse mit Unterst\u00fctzung des Personals angesetzt, um Ihnen zu helfen, unabh\u00e4ngig zu werden.<br \/>\n\u27a2 Klicken Sie, um nach Salkland zu gelangen (<a href=\"https:\/\/www.salk.edu\/de\/fccfaccess\/\">salk.edu\/fccfaccess<\/a>)<\/li>\n<\/ol><\/div>\n<\/p><\/div>\n<\/div>\n<div class=\"accordion-group\">\n<div class=\"accordion-heading\"><a class=\"accordion-toggle collapsed\" href=\"#collapseThree\" data-toggle=\"collapse\" data-parent=\"#accordion2\" aria-expanded=\"false\"><strong>Sortierdienste: Erkundigen Sie sich nach Betreuerterminen<\/strong><\/a>\n\t<\/div>\n<div id=\"collapseThree\" class=\"accordion-body collapse\" style=\"height: 0px;\" aria-expanded=\"false\">\n<div class=\"accordion-inner\">\n<ol>\n<li>Lesen Sie vor Beginn eines Experiments, das die FACS (fluoreszenzaktivierte Zellsortierung) erfordert, zuerst das<br \/>\nFCCF Richtlinien zur Vorbereitung der Zellsortierung. Stellen Sie sicher, dass ein DNAse I-Reinigungsschritt enthalten ist (oder<br \/>\nalternativ mit FCCF-Mitarbeitern besprechen); dies soll sicherstellen, dass Sie eine qualitativ hochwertige, niedrigviskose<br \/>\nMuster geeignet zum Sortieren.<\/li>\n<li>Reichen Sie ein Sortieranfrageformular (auf Salkland) EIN, BEVOR Sie ein zeitkritisches Experiment beginnen.<br \/>\n\u27a2 Klicken Sie, um nach Salkland zu gelangen (<a href=\"https:\/\/www.salk.edu\/de\/fccfaccess\/\">salk.edu\/fccfaccess<\/a>)<\/li>\n<\/ol><\/div>\n<\/p><\/div>\n<\/div>\n<\/div>","protected":false},"excerpt":{"rendered":"<h2>Die Flow Cytometry Core Facility des Salk<\/h2>\n<p>FCCF verf\u00fcgt \u00fcber 5 Analyseger\u00e4te und 4 Zellsortierer. Der Core erleichtert den Zugang zu Durchflusszytometrie-Technologien<br \/>\ndurch drei Hauptdienstleistungskategorien: Personalbediente Zellsortierung, Zellsortierungstraining und<br \/>\nAnalytisches Durchflusszytometer-Training. Die folgenden Abschnitte leiten Benutzer an, wie sie auf den Flow Core zugreifen k\u00f6nnen<br \/>\nDienstleistungen.<\/p>","protected":false},"author":3,"featured_media":0,"parent":522,"menu_order":0,"comment_status":"closed","ping_status":"closed","template":"template-core-facilities-services.php","meta":{"_acf_changed":false,"footnotes":""},"folder":[519],"class_list":["post-5364","page","type-page","status-publish","hentry"],"acf":[],"yoast_head":"<!-- This site is optimized with the Yoast SEO plugin v27.3 - https:\/\/yoast.com\/product\/yoast-seo-wordpress\/ -->\n<title>Services - Salk Institute for Biological Studies<\/title>\n<meta name=\"robots\" content=\"index, follow, max-snippet:-1, max-image-preview:large, max-video-preview:-1\" \/>\n<link rel=\"canonical\" href=\"https:\/\/www.salk.edu\/de\/science\/core-facilities\/flow-cytometry\/services\/\" \/>\n<meta property=\"og:locale\" content=\"de_DE\" \/>\n<meta property=\"og:type\" content=\"article\" \/>\n<meta property=\"og:title\" content=\"Services - Salk Institute for Biological Studies\" \/>\n<meta property=\"og:description\" content=\"Using The Salk\u2019s Flow Cytometry Core Facility FCCF has 5 analyzers and 4 cell sorters. The Core facilitates access to Flow Cytometry technologies through three main service categories: Staff Operated Cell Sorting, Cell Sorting Training, and Analytical Flow Cytometry Training. The following sections guide users on how to access Flow Core Services.\" \/>\n<meta property=\"og:url\" content=\"https:\/\/www.salk.edu\/de\/science\/core-facilities\/flow-cytometry\/services\/\" \/>\n<meta property=\"og:site_name\" content=\"Salk Institute for Biological Studies\" \/>\n<meta property=\"article:modified_time\" content=\"2024-01-31T05:09:27+00:00\" \/>\n<meta property=\"og:image\" content=\"https:\/\/www.salk.edu\/wp-content\/uploads\/2023\/03\/salk-institute-preview-image.jpg\" \/>\n\t<meta property=\"og:image:width\" content=\"628\" \/>\n\t<meta property=\"og:image:height\" content=\"329\" \/>\n\t<meta property=\"og:image:type\" content=\"image\/jpeg\" \/>\n<meta name=\"twitter:card\" content=\"summary_large_image\" \/>\n<meta name=\"twitter:label1\" content=\"Est. reading time\" \/>\n\t<meta name=\"twitter:data1\" content=\"2 minutes\" \/>\n<script type=\"application\/ld+json\" class=\"yoast-schema-graph\">{\"@context\":\"https:\\\/\\\/schema.org\",\"@graph\":[{\"@type\":\"WebPage\",\"@id\":\"https:\\\/\\\/www.salk.edu\\\/science\\\/core-facilities\\\/flow-cytometry\\\/services\\\/\",\"url\":\"https:\\\/\\\/www.salk.edu\\\/science\\\/core-facilities\\\/flow-cytometry\\\/services\\\/\",\"name\":\"Services - Salk Institute for Biological Studies\",\"isPartOf\":{\"@id\":\"https:\\\/\\\/www.salk.edu\\\/#website\"},\"datePublished\":\"2015-10-25T21:36:07+00:00\",\"dateModified\":\"2024-01-31T05:09:27+00:00\",\"breadcrumb\":{\"@id\":\"https:\\\/\\\/www.salk.edu\\\/science\\\/core-facilities\\\/flow-cytometry\\\/services\\\/#breadcrumb\"},\"inLanguage\":\"de-DE\",\"potentialAction\":[{\"@type\":\"ReadAction\",\"target\":[\"https:\\\/\\\/www.salk.edu\\\/science\\\/core-facilities\\\/flow-cytometry\\\/services\\\/\"]}]},{\"@type\":\"BreadcrumbList\",\"@id\":\"https:\\\/\\\/www.salk.edu\\\/science\\\/core-facilities\\\/flow-cytometry\\\/services\\\/#breadcrumb\",\"itemListElement\":[{\"@type\":\"ListItem\",\"position\":1,\"name\":\"Home\",\"item\":\"https:\\\/\\\/www.salk.edu\\\/\"},{\"@type\":\"ListItem\",\"position\":2,\"name\":\"Science\",\"item\":\"https:\\\/\\\/www.salk.edu\\\/science\\\/\"},{\"@type\":\"ListItem\",\"position\":3,\"name\":\"Core Facilities\",\"item\":\"https:\\\/\\\/www.salk.edu\\\/science\\\/core-facilities\\\/\"},{\"@type\":\"ListItem\",\"position\":4,\"name\":\"Flow Cytometry\",\"item\":\"https:\\\/\\\/www.salk.edu\\\/science\\\/core-facilities\\\/flow-cytometry\\\/\"},{\"@type\":\"ListItem\",\"position\":5,\"name\":\"Services\"}]},{\"@type\":\"WebSite\",\"@id\":\"https:\\\/\\\/www.salk.edu\\\/#website\",\"url\":\"https:\\\/\\\/www.salk.edu\\\/\",\"name\":\"Salk Institute for Biological Studies\",\"description\":\"The Power of Science\",\"publisher\":{\"@id\":\"https:\\\/\\\/www.salk.edu\\\/#organization\"},\"potentialAction\":[{\"@type\":\"SearchAction\",\"target\":{\"@type\":\"EntryPoint\",\"urlTemplate\":\"https:\\\/\\\/www.salk.edu\\\/?s={search_term_string}\"},\"query-input\":{\"@type\":\"PropertyValueSpecification\",\"valueRequired\":true,\"valueName\":\"search_term_string\"}}],\"inLanguage\":\"de-DE\"},{\"@type\":\"Organization\",\"@id\":\"https:\\\/\\\/www.salk.edu\\\/#organization\",\"name\":\"Salk Institute for Biological Studies\",\"url\":\"https:\\\/\\\/www.salk.edu\\\/\",\"logo\":{\"@type\":\"ImageObject\",\"inLanguage\":\"de-DE\",\"@id\":\"https:\\\/\\\/www.salk.edu\\\/#\\\/schema\\\/logo\\\/image\\\/\",\"url\":\"http:\\\/\\\/www.salk.edu\\\/wp-content\\\/uploads\\\/2023\\\/03\\\/salk_logo_696.jpg\",\"contentUrl\":\"http:\\\/\\\/www.salk.edu\\\/wp-content\\\/uploads\\\/2023\\\/03\\\/salk_logo_696.jpg\",\"width\":696,\"height\":696,\"caption\":\"Salk Institute for Biological Studies\"},\"image\":{\"@id\":\"https:\\\/\\\/www.salk.edu\\\/#\\\/schema\\\/logo\\\/image\\\/\"}}]}<\/script>\n<!-- \/ Yoast SEO plugin. -->","yoast_head_json":{"title":"Services - Salk Institute for Biological Studies","robots":{"index":"index","follow":"follow","max-snippet":"max-snippet:-1","max-image-preview":"max-image-preview:large","max-video-preview":"max-video-preview:-1"},"canonical":"https:\/\/www.salk.edu\/de\/science\/core-facilities\/flow-cytometry\/services\/","og_locale":"de_DE","og_type":"article","og_title":"Services - Salk Institute for Biological Studies","og_description":"Using The Salk\u2019s Flow Cytometry Core Facility FCCF has 5 analyzers and 4 cell sorters. The Core facilitates access to Flow Cytometry technologies through three main service categories: Staff Operated Cell Sorting, Cell Sorting Training, and Analytical Flow Cytometry Training. The following sections guide users on how to access Flow Core Services.","og_url":"https:\/\/www.salk.edu\/de\/science\/core-facilities\/flow-cytometry\/services\/","og_site_name":"Salk Institute for Biological Studies","article_modified_time":"2024-01-31T05:09:27+00:00","og_image":[{"width":628,"height":329,"url":"https:\/\/www.salk.edu\/wp-content\/uploads\/2023\/03\/salk-institute-preview-image.jpg","type":"image\/jpeg"}],"twitter_card":"summary_large_image","twitter_misc":{"Est. reading time":"2 minutes"},"schema":{"@context":"https:\/\/schema.org","@graph":[{"@type":"WebPage","@id":"https:\/\/www.salk.edu\/science\/core-facilities\/flow-cytometry\/services\/","url":"https:\/\/www.salk.edu\/science\/core-facilities\/flow-cytometry\/services\/","name":"Services - Salk Institute for Biological Studies","isPartOf":{"@id":"https:\/\/www.salk.edu\/#website"},"datePublished":"2015-10-25T21:36:07+00:00","dateModified":"2024-01-31T05:09:27+00:00","breadcrumb":{"@id":"https:\/\/www.salk.edu\/science\/core-facilities\/flow-cytometry\/services\/#breadcrumb"},"inLanguage":"de-DE","potentialAction":[{"@type":"ReadAction","target":["https:\/\/www.salk.edu\/science\/core-facilities\/flow-cytometry\/services\/"]}]},{"@type":"BreadcrumbList","@id":"https:\/\/www.salk.edu\/science\/core-facilities\/flow-cytometry\/services\/#breadcrumb","itemListElement":[{"@type":"ListItem","position":1,"name":"Home","item":"https:\/\/www.salk.edu\/"},{"@type":"ListItem","position":2,"name":"Science","item":"https:\/\/www.salk.edu\/science\/"},{"@type":"ListItem","position":3,"name":"Core Facilities","item":"https:\/\/www.salk.edu\/science\/core-facilities\/"},{"@type":"ListItem","position":4,"name":"Flow Cytometry","item":"https:\/\/www.salk.edu\/science\/core-facilities\/flow-cytometry\/"},{"@type":"ListItem","position":5,"name":"Services"}]},{"@type":"WebSite","@id":"https:\/\/www.salk.edu\/#website","url":"https:\/\/www.salk.edu\/","name":"Salk-Institut f\u00fcr biologische Studien","description":"Die Macht der Wissenschaft","publisher":{"@id":"https:\/\/www.salk.edu\/#organization"},"potentialAction":[{"@type":"SearchAction","target":{"@type":"EntryPoint","urlTemplate":"https:\/\/www.salk.edu\/?s={search_term_string}"},"query-input":{"@type":"PropertyValueSpecification","valueRequired":true,"valueName":"search_term_string"}}],"inLanguage":"de-DE"},{"@type":"Organization","@id":"https:\/\/www.salk.edu\/#organization","name":"Salk-Institut f\u00fcr biologische Studien","url":"https:\/\/www.salk.edu\/","logo":{"@type":"ImageObject","inLanguage":"de-DE","@id":"https:\/\/www.salk.edu\/#\/schema\/logo\/image\/","url":"http:\/\/www.salk.edu\/wp-content\/uploads\/2023\/03\/salk_logo_696.jpg","contentUrl":"http:\/\/www.salk.edu\/wp-content\/uploads\/2023\/03\/salk_logo_696.jpg","width":696,"height":696,"caption":"Salk Institute for Biological Studies"},"image":{"@id":"https:\/\/www.salk.edu\/#\/schema\/logo\/image\/"}}]}},"ACF":{"hero":"https:\/\/www.salk.edu\/wp-content\/uploads\/2015\/09\/FlowCytometry-1920x550_3.jpg","line_1":"Flow Cytometry Core","line_2":"Services","gallery":false,"secondary_navigation":"<div class=\"menu-flow-cytometry-core-container\"><ul id=\"menu-flow-cytometry-core\" class=\"menu\"><li class=\"menu-item menu-item-type-post_type menu-item-object-page menu-item-5373\"><a href=\"https:\/\/www.salk.edu\/de\/science\/core-facilities\/flow-cytometry\/\">Overview<\/a><\/li>\n<li class=\"menu-item menu-item-type-post_type menu-item-object-page menu-item-5372\"><a href=\"https:\/\/www.salk.edu\/de\/science\/core-facilities\/flow-cytometry\/people\/\">People<\/a><\/li>\n<li class=\"menu-item menu-item-type-post_type menu-item-object-page menu-item-52797\"><a href=\"https:\/\/www.salk.edu\/de\/science\/core-facilities\/flow-cytometry\/instrumentation-services\/\">Instrumentation &#038; Services<\/a><\/li>\n<li class=\"menu-item menu-item-type-post_type menu-item-object-page menu-item-42446\"><a href=\"https:\/\/www.salk.edu\/de\/science\/core-facilities\/flow-cytometry\/rates\/\">Scheduling &#038; Rates<\/a><\/li>\n<li class=\"menu-item menu-item-type-post_type menu-item-object-page menu-item-5368\"><a href=\"https:\/\/www.salk.edu\/de\/science\/core-facilities\/flow-cytometry\/contact\/\">Contact<\/a><\/li>\n<\/ul><\/div>","salk_custom_body_class":"","poster_quote":""},"_links":{"self":[{"href":"https:\/\/www.salk.edu\/de\/wp-json\/wp\/v2\/pages\/5364","targetHints":{"allow":["GET"]}}],"collection":[{"href":"https:\/\/www.salk.edu\/de\/wp-json\/wp\/v2\/pages"}],"about":[{"href":"https:\/\/www.salk.edu\/de\/wp-json\/wp\/v2\/types\/page"}],"author":[{"embeddable":true,"href":"https:\/\/www.salk.edu\/de\/wp-json\/wp\/v2\/users\/3"}],"replies":[{"embeddable":true,"href":"https:\/\/www.salk.edu\/de\/wp-json\/wp\/v2\/comments?post=5364"}],"version-history":[{"count":18,"href":"https:\/\/www.salk.edu\/de\/wp-json\/wp\/v2\/pages\/5364\/revisions"}],"predecessor-version":[{"id":32027,"href":"https:\/\/www.salk.edu\/de\/wp-json\/wp\/v2\/pages\/5364\/revisions\/32027"}],"up":[{"embeddable":true,"href":"https:\/\/www.salk.edu\/de\/wp-json\/wp\/v2\/pages\/522"}],"wp:attachment":[{"href":"https:\/\/www.salk.edu\/de\/wp-json\/wp\/v2\/media?parent=5364"}],"wp:term":[{"taxonomy":"folder","embeddable":true,"href":"https:\/\/www.salk.edu\/de\/wp-json\/wp\/v2\/folder?post=5364"}],"curies":[{"name":"WP","href":"https:\/\/api.w.org\/{rel}","templated":true}]}}