{"id":5348,"date":"2015-10-25T12:32:27","date_gmt":"2015-10-25T19:32:27","guid":{"rendered":"https:\/\/vermont.salk.edu\/?page_id=5348"},"modified":"2025-07-18T19:18:03","modified_gmt":"2025-07-19T02:18:03","slug":"waitt-advanced-biophotonics-center","status":"publish","type":"page","link":"https:\/\/www.salk.edu\/de\/science\/research-centers\/waitt-advanced-biophotonics-center\/","title":{"rendered":"Waitt Advanced Biophotonics Center"},"content":{"rendered":"<h2>Nachricht vom Direktor<\/h2>\n<img decoding=\"async\" class=\"img-responsive alignleft wp-image-14341 size-cision-147\" style=\"margin-top: 5px; margin-right: 20px; width: 147px; float: left;\" src=\"https:\/\/www.salk.edu\/wp-content\/uploads\/2015\/09\/Nimmerjahn-Web.jpg\" alt=\"\" \/>\n<p>Lichtbasierte Technologien haben die Untersuchung biologischer Systeme auf allen Ebenen, von einzelnen Zellen bis hin zu ganzen Organen, revolutioniert. Prominente Beispiele f\u00fcr solche Technologien sind genetisch kodierte Indikatoren wie das Gr\u00fcn fluoreszierende Protein (Nobelpreis 2008), die super-aufgel\u00f6ste Fluoreszenzmikroskopie (Nobelpreis 2014), ultrascharfe Hochleistungslaser (Nobelpreis 2018) und die Optogenetik. Neben der Grundlagenforschung haben lichtbasierte Technologien die Art und Weise ver\u00e4ndert, wie Patienten diagnostiziert, \u00fcberwacht und behandelt werden. Faseroptische Endoskopsysteme, Pulsoximeter und die photodynamische Krebstherapie sind nur einige Beispiele f\u00fcr solche Technologien, die heute zum Standard geh\u00f6ren. Tats\u00e4chlich verzeichnet der globale Markt f\u00fcr Biophotonik, die Konvergenz von optischen und Biowissenschaften, ein robustes und kontinuierliches Wachstum und wird voraussichtlich bis 2022 $59,9 Milliarden US-Dollar erreichen.<\/p>\n<p>Cognizant of the transformative potential of biophotonics, the Salk Institute has made and continues to make strategic investments in this area. However, creating a new and vibrant center would not have been possible without philanthropic support and risk-taking. In 2008, the Waitt Foundation and its founder, Ted Waitt, made a $20M donation toward creating such a center at the Salk Institute that consists of faculty labs and a core (a shared resource that provides the Salk community with an array of imaging technologies, specialized equipment and services). A few years later, on February 9, 2011, the Waitt Advanced Biophotonics Center (WABC) officially opened its doors. Since then, donations by Salk Institute Board of Trustees members Daniel and Martina Lewis and the Jesse &amp; Caryl Philips Foundation have provided additional funds for biophotonics fellowships and seed grants.<\/p>\n<p>Diese Investitionen haben sich mehrfach ausgezahlt. Neben der Ausbildung der n\u00e4chsten Generation interdisziplin\u00e4rer Wissenschaftler sowie der Ver\u00f6ffentlichung von Forschungsergebnissen und Technologien haben die WABC-Wissenschaftler unser Verst\u00e4ndnis biologischer Prozesse bei Gesundheit und Krankheit, einschlie\u00dflich viraler Infektionen, Alterung, Schlaganfall und Krebs, vorangetrieben. Bis August 2019 haben die vier Gr\u00fcndungs-Fakult\u00e4tslabore und Kernmitglieder mehr als 100 Forschungsartikel in f\u00fchrenden wissenschaftlichen Fachzeitschriften ver\u00f6ffentlicht (mehr als drei Dutzend in <em>Zelle<\/em>, <em>Wissenschaft<\/em>, <em>Natur<\/em> und ihre Schwesterjournale). Forschungsprogramme unter der Leitung von WABC-Dozenten wurden mit gro\u00dfen Auszeichnungen und Preisen gew\u00fcrdigt, darunter drei NIH Director\u2019s New Innovator Awards, mehrere BRAIN Initiative- und Stiftungsf\u00f6rderungen sowie NIH Transformative Research-, EUREKA- und DARPA-Awards. Die erhaltenen Mittel haben wiederum risikoreiche und lohnende Forschung zur n\u00e4chsten Generation lichtbasierter Technologien und grundlegender biologischer Entdeckungen unterst\u00fctzt. Dar\u00fcber hinaus hat sich der Kernbereich des WABC zu einer unverzichtbaren Drehscheibe entwickelt, die hochwirksame Forschung in \u00fcber 40 Fakult\u00e4tslaboren am Salk Institute sowie in benachbarten Institutionen und Biotech-Unternehmen unterst\u00fctzt. Sowohl die WABC-Fakult\u00e4tslabore als auch die Kernmitglieder haben geistiges Eigentum (IP) generiert und neue Industriepartnerschaften gef\u00f6rdert. Der Kernbereich hat beispielsweise mit ZEISS zusammengearbeitet, um interessierten Wissenschaftlern Zugang zu hochmodernen kommerziellen und vorab ver\u00f6ffentlichten Mikroskopieger\u00e4ten zu erm\u00f6glichen, die ihrer Forschung zugute kommen.<\/p>\n<p>Biophotonik ist ein sich rasant entwickelndes, hochgradig interdisziplin\u00e4res Feld und hat sich als solches etabliert und tut dies auch weiterhin. Sie treibt Entwicklungen in den Bereichen Mikroskopie und Sonden, computergest\u00fctzte Methoden und biologische Werkzeuge voran und sch\u00f6pft aus ihnen. Die <a href=\"https:\/\/www.salk.edu\/de\/science\/research-centers\/waitt-advanced-biophotonics-center\/meet-the-scientists\/\">Aktueller Lehrk\u00f6rper der WABC<\/a> spiegelt diese Vielfalt und Synergie wider. Sie umfasst Experten f\u00fcr hochaufl\u00f6sende Mikroskopie und Schaltkreisverfolgung, computergest\u00fctzte Modellierung und k\u00fcnstliche Intelligenz sowie molekulare und Gentechnik. Zus\u00e4tzlich zu ihren Erfolgsbilanzen herausragender Einzelleistungen sind diese Forscher sehr interaktiv und haben seit 2011 \u00fcber 20 interdisziplin\u00e4re Publikationen ver\u00f6ffentlicht. Aufbauend auf diesen St\u00e4rken und mit zuk\u00fcnftiger philanthropischer Unterst\u00fctzung ist es unser Ziel, das WABC zu einem umfassenden Center for Technology Innovation (CTI) weiter auszubauen. Die Mission des CTI wird es sein, Werkzeuge der n\u00e4chsten Generation zu entwickeln, zu validieren und zu verbreiten, die es Forschern weltweit erm\u00f6glichen, bahnbrechende biologische Entdeckungen zu machen, die zur Pr\u00e4vention, Erkennung, Diagnose und Behandlung von menschlichen Krankheiten und Behinderungen beitragen.<\/p>\n<p style=\"text-align: center;\">\u201c<em>Die Fortschritte in der Wissenschaft h\u00e4ngen von neuen Techniken, neuen Entdeckungen und neuen Ideen ab, wahrscheinlich in dieser Reihenfolge<\/em>.\u201d<\/p>\n<p style=\"text-align: center;\">Sydney Brenner, PhD<br \/>\nSalk Distinguished Professor und Nobelpreistr\u00e4ger<\/p>\n<p>&nbsp;<\/p>\n<hr \/>","protected":false},"excerpt":{"rendered":"<h2>Nachricht vom Direktor<\/h2>\n<p><img decoding=\"async\" class=\"img-responsive alignleft wp-image-14341 size-cision-147\" style=\"margin-top: 5px; margin-right: 20px; width: 147px; float: left;\" src=\"https:\/\/www.salk.edu\/wp-content\/uploads\/2015\/09\/Nimmerjahn-Web.jpg\" alt=\"\" \/><\/p>\n<p>Lichtbasierte Technologien haben die Untersuchung biologischer Systeme auf allen Ebenen, von einzelnen Zellen bis hin zu ganzen Organen, revolutioniert. Prominente Beispiele f\u00fcr solche Technologien sind genetisch kodierte Indikatoren wie das Gr\u00fcn fluoreszierende Protein (Nobelpreis 2008), die super-aufgel\u00f6ste Fluoreszenzmikroskopie (Nobelpreis 2014), ultrascharfe Hochleistungslaser (Nobelpreis 2018) und die Optogenetik. Neben der Grundlagenforschung haben lichtbasierte Technologien die Art und Weise ver\u00e4ndert, wie Patienten diagnostiziert, \u00fcberwacht und behandelt werden. Faseroptische Endoskopsysteme, Pulsoximeter und die photodynamische Krebstherapie sind nur einige Beispiele f\u00fcr solche Technologien, die heute zum Standard geh\u00f6ren. Tats\u00e4chlich verzeichnet der globale Markt f\u00fcr Biophotonik, die Konvergenz von optischen und Biowissenschaften, ein robustes und kontinuierliches Wachstum und wird voraussichtlich bis 2022 $59,9 Milliarden US-Dollar erreichen.<\/p>","protected":false},"author":3,"featured_media":6823,"parent":76,"menu_order":0,"comment_status":"closed","ping_status":"closed","template":"template-sidebar-right.php","meta":{"_acf_changed":false,"footnotes":""},"folder":[526],"class_list":["post-5348","page","type-page","status-publish","has-post-thumbnail","hentry"],"acf":[],"yoast_head":"<!-- This site is optimized with the Yoast SEO plugin v27.3 - https:\/\/yoast.com\/product\/yoast-seo-wordpress\/ -->\n<title>Waitt Advanced Biophotonics Center - Salk Institute for Biological Studies<\/title>\n<meta name=\"robots\" content=\"index, follow, max-snippet:-1, max-image-preview:large, max-video-preview:-1\" \/>\n<link rel=\"canonical\" href=\"https:\/\/www.salk.edu\/de\/science\/research-centers\/waitt-advanced-biophotonics-center\/\" \/>\n<meta property=\"og:locale\" content=\"de_DE\" \/>\n<meta property=\"og:type\" content=\"article\" \/>\n<meta property=\"og:title\" content=\"Waitt Advanced Biophotonics Center - Salk Institute for Biological Studies\" \/>\n<meta property=\"og:description\" content=\"Message from the Director Light-based technologies have transformed the study of biological systems at all levels, from individual cells to entire organs. Prominent examples of such technologies include genetically encoded indicators, such as green fluorescent protein (2008 Nobel Prize), super-resolved fluorescence microscopy (2014 Nobel Prize), ultrashort high-intensity lasers (2018 Nobel Prize) and optogenetics. In addition to basic research, light-based technologies have changed the way patients are diagnosed, monitored and treated. Fiber-optic endoscope systems, pulse oximeters and photodynamic cancer therapy are just a few examples of such technologies that are now standard of care. In fact, the global market for biophotonics, the convergence of optical and biosciences, has seen robust and continual growth and is projected to reach $59.9B by 2022.\" \/>\n<meta property=\"og:url\" content=\"https:\/\/www.salk.edu\/de\/science\/research-centers\/waitt-advanced-biophotonics-center\/\" \/>\n<meta property=\"og:site_name\" content=\"Salk Institute for Biological Studies\" \/>\n<meta property=\"article:modified_time\" content=\"2025-07-19T02:18:03+00:00\" \/>\n<meta property=\"og:image\" content=\"https:\/\/www.salk.edu\/wp-content\/uploads\/2015\/10\/waittfoundationlogo-f5f6ee-767x767-R2.jpg\" \/>\n\t<meta property=\"og:image:width\" content=\"767\" \/>\n\t<meta property=\"og:image:height\" content=\"767\" \/>\n\t<meta property=\"og:image:type\" content=\"image\/jpeg\" \/>\n<meta name=\"twitter:card\" content=\"summary_large_image\" \/>\n<meta name=\"twitter:label1\" content=\"Est. reading time\" \/>\n\t<meta name=\"twitter:data1\" content=\"4 minutes\" \/>\n<script type=\"application\/ld+json\" class=\"yoast-schema-graph\">{\"@context\":\"https:\\\/\\\/schema.org\",\"@graph\":[{\"@type\":\"WebPage\",\"@id\":\"https:\\\/\\\/www.salk.edu\\\/science\\\/research-centers\\\/waitt-advanced-biophotonics-center\\\/\",\"url\":\"https:\\\/\\\/www.salk.edu\\\/science\\\/research-centers\\\/waitt-advanced-biophotonics-center\\\/\",\"name\":\"Waitt Advanced Biophotonics Center - Salk Institute for Biological Studies\",\"isPartOf\":{\"@id\":\"https:\\\/\\\/www.salk.edu\\\/#website\"},\"primaryImageOfPage\":{\"@id\":\"https:\\\/\\\/www.salk.edu\\\/science\\\/research-centers\\\/waitt-advanced-biophotonics-center\\\/#primaryimage\"},\"image\":{\"@id\":\"https:\\\/\\\/www.salk.edu\\\/science\\\/research-centers\\\/waitt-advanced-biophotonics-center\\\/#primaryimage\"},\"thumbnailUrl\":\"https:\\\/\\\/www.salk.edu\\\/wp-content\\\/uploads\\\/2015\\\/10\\\/waittfoundationlogo-f5f6ee-767x767-R2.jpg\",\"datePublished\":\"2015-10-25T19:32:27+00:00\",\"dateModified\":\"2025-07-19T02:18:03+00:00\",\"breadcrumb\":{\"@id\":\"https:\\\/\\\/www.salk.edu\\\/science\\\/research-centers\\\/waitt-advanced-biophotonics-center\\\/#breadcrumb\"},\"inLanguage\":\"de-DE\",\"potentialAction\":[{\"@type\":\"ReadAction\",\"target\":[\"https:\\\/\\\/www.salk.edu\\\/science\\\/research-centers\\\/waitt-advanced-biophotonics-center\\\/\"]}]},{\"@type\":\"ImageObject\",\"inLanguage\":\"de-DE\",\"@id\":\"https:\\\/\\\/www.salk.edu\\\/science\\\/research-centers\\\/waitt-advanced-biophotonics-center\\\/#primaryimage\",\"url\":\"https:\\\/\\\/www.salk.edu\\\/wp-content\\\/uploads\\\/2015\\\/10\\\/waittfoundationlogo-f5f6ee-767x767-R2.jpg\",\"contentUrl\":\"https:\\\/\\\/www.salk.edu\\\/wp-content\\\/uploads\\\/2015\\\/10\\\/waittfoundationlogo-f5f6ee-767x767-R2.jpg\",\"width\":767,\"height\":767},{\"@type\":\"BreadcrumbList\",\"@id\":\"https:\\\/\\\/www.salk.edu\\\/science\\\/research-centers\\\/waitt-advanced-biophotonics-center\\\/#breadcrumb\",\"itemListElement\":[{\"@type\":\"ListItem\",\"position\":1,\"name\":\"Home\",\"item\":\"https:\\\/\\\/www.salk.edu\\\/\"},{\"@type\":\"ListItem\",\"position\":2,\"name\":\"Science\",\"item\":\"https:\\\/\\\/www.salk.edu\\\/science\\\/\"},{\"@type\":\"ListItem\",\"position\":3,\"name\":\"Research Centers\",\"item\":\"https:\\\/\\\/www.salk.edu\\\/science\\\/research-centers\\\/\"},{\"@type\":\"ListItem\",\"position\":4,\"name\":\"Waitt Advanced Biophotonics Center\"}]},{\"@type\":\"WebSite\",\"@id\":\"https:\\\/\\\/www.salk.edu\\\/#website\",\"url\":\"https:\\\/\\\/www.salk.edu\\\/\",\"name\":\"Salk Institute for Biological Studies\",\"description\":\"The Power of Science\",\"publisher\":{\"@id\":\"https:\\\/\\\/www.salk.edu\\\/#organization\"},\"potentialAction\":[{\"@type\":\"SearchAction\",\"target\":{\"@type\":\"EntryPoint\",\"urlTemplate\":\"https:\\\/\\\/www.salk.edu\\\/?s={search_term_string}\"},\"query-input\":{\"@type\":\"PropertyValueSpecification\",\"valueRequired\":true,\"valueName\":\"search_term_string\"}}],\"inLanguage\":\"de-DE\"},{\"@type\":\"Organization\",\"@id\":\"https:\\\/\\\/www.salk.edu\\\/#organization\",\"name\":\"Salk Institute for Biological Studies\",\"url\":\"https:\\\/\\\/www.salk.edu\\\/\",\"logo\":{\"@type\":\"ImageObject\",\"inLanguage\":\"de-DE\",\"@id\":\"https:\\\/\\\/www.salk.edu\\\/#\\\/schema\\\/logo\\\/image\\\/\",\"url\":\"http:\\\/\\\/www.salk.edu\\\/wp-content\\\/uploads\\\/2023\\\/03\\\/salk_logo_696.jpg\",\"contentUrl\":\"http:\\\/\\\/www.salk.edu\\\/wp-content\\\/uploads\\\/2023\\\/03\\\/salk_logo_696.jpg\",\"width\":696,\"height\":696,\"caption\":\"Salk Institute for Biological Studies\"},\"image\":{\"@id\":\"https:\\\/\\\/www.salk.edu\\\/#\\\/schema\\\/logo\\\/image\\\/\"}}]}<\/script>\n<!-- \/ Yoast SEO plugin. -->","yoast_head_json":{"title":"Waitt Advanced Biophotonics Center - Salk Institute for Biological Studies","robots":{"index":"index","follow":"follow","max-snippet":"max-snippet:-1","max-image-preview":"max-image-preview:large","max-video-preview":"max-video-preview:-1"},"canonical":"https:\/\/www.salk.edu\/de\/science\/research-centers\/waitt-advanced-biophotonics-center\/","og_locale":"de_DE","og_type":"article","og_title":"Waitt Advanced Biophotonics Center - Salk Institute for Biological Studies","og_description":"Message from the Director Light-based technologies have transformed the study of biological systems at all levels, from individual cells to entire organs. Prominent examples of such technologies include genetically encoded indicators, such as green fluorescent protein (2008 Nobel Prize), super-resolved fluorescence microscopy (2014 Nobel Prize), ultrashort high-intensity lasers (2018 Nobel Prize) and optogenetics. In addition to basic research, light-based technologies have changed the way patients are diagnosed, monitored and treated. Fiber-optic endoscope systems, pulse oximeters and photodynamic cancer therapy are just a few examples of such technologies that are now standard of care. In fact, the global market for biophotonics, the convergence of optical and biosciences, has seen robust and continual growth and is projected to reach $59.9B by 2022.","og_url":"https:\/\/www.salk.edu\/de\/science\/research-centers\/waitt-advanced-biophotonics-center\/","og_site_name":"Salk Institute for Biological Studies","article_modified_time":"2025-07-19T02:18:03+00:00","og_image":[{"width":767,"height":767,"url":"https:\/\/www.salk.edu\/wp-content\/uploads\/2015\/10\/waittfoundationlogo-f5f6ee-767x767-R2.jpg","type":"image\/jpeg"}],"twitter_card":"summary_large_image","twitter_misc":{"Est. reading time":"4 minutes"},"schema":{"@context":"https:\/\/schema.org","@graph":[{"@type":"WebPage","@id":"https:\/\/www.salk.edu\/science\/research-centers\/waitt-advanced-biophotonics-center\/","url":"https:\/\/www.salk.edu\/science\/research-centers\/waitt-advanced-biophotonics-center\/","name":"Waitt Advanced Biophotonics Center - Salk Institute for Biological Studies","isPartOf":{"@id":"https:\/\/www.salk.edu\/#website"},"primaryImageOfPage":{"@id":"https:\/\/www.salk.edu\/science\/research-centers\/waitt-advanced-biophotonics-center\/#primaryimage"},"image":{"@id":"https:\/\/www.salk.edu\/science\/research-centers\/waitt-advanced-biophotonics-center\/#primaryimage"},"thumbnailUrl":"https:\/\/www.salk.edu\/wp-content\/uploads\/2015\/10\/waittfoundationlogo-f5f6ee-767x767-R2.jpg","datePublished":"2015-10-25T19:32:27+00:00","dateModified":"2025-07-19T02:18:03+00:00","breadcrumb":{"@id":"https:\/\/www.salk.edu\/science\/research-centers\/waitt-advanced-biophotonics-center\/#breadcrumb"},"inLanguage":"de-DE","potentialAction":[{"@type":"ReadAction","target":["https:\/\/www.salk.edu\/science\/research-centers\/waitt-advanced-biophotonics-center\/"]}]},{"@type":"ImageObject","inLanguage":"de-DE","@id":"https:\/\/www.salk.edu\/science\/research-centers\/waitt-advanced-biophotonics-center\/#primaryimage","url":"https:\/\/www.salk.edu\/wp-content\/uploads\/2015\/10\/waittfoundationlogo-f5f6ee-767x767-R2.jpg","contentUrl":"https:\/\/www.salk.edu\/wp-content\/uploads\/2015\/10\/waittfoundationlogo-f5f6ee-767x767-R2.jpg","width":767,"height":767},{"@type":"BreadcrumbList","@id":"https:\/\/www.salk.edu\/science\/research-centers\/waitt-advanced-biophotonics-center\/#breadcrumb","itemListElement":[{"@type":"ListItem","position":1,"name":"Home","item":"https:\/\/www.salk.edu\/"},{"@type":"ListItem","position":2,"name":"Science","item":"https:\/\/www.salk.edu\/science\/"},{"@type":"ListItem","position":3,"name":"Research Centers","item":"https:\/\/www.salk.edu\/science\/research-centers\/"},{"@type":"ListItem","position":4,"name":"Waitt Advanced Biophotonics Center"}]},{"@type":"WebSite","@id":"https:\/\/www.salk.edu\/#website","url":"https:\/\/www.salk.edu\/","name":"Salk-Institut f\u00fcr biologische Studien","description":"Die Macht der Wissenschaft","publisher":{"@id":"https:\/\/www.salk.edu\/#organization"},"potentialAction":[{"@type":"SearchAction","target":{"@type":"EntryPoint","urlTemplate":"https:\/\/www.salk.edu\/?s={search_term_string}"},"query-input":{"@type":"PropertyValueSpecification","valueRequired":true,"valueName":"search_term_string"}}],"inLanguage":"de-DE"},{"@type":"Organization","@id":"https:\/\/www.salk.edu\/#organization","name":"Salk-Institut f\u00fcr biologische Studien","url":"https:\/\/www.salk.edu\/","logo":{"@type":"ImageObject","inLanguage":"de-DE","@id":"https:\/\/www.salk.edu\/#\/schema\/logo\/image\/","url":"http:\/\/www.salk.edu\/wp-content\/uploads\/2023\/03\/salk_logo_696.jpg","contentUrl":"http:\/\/www.salk.edu\/wp-content\/uploads\/2023\/03\/salk_logo_696.jpg","width":696,"height":696,"caption":"Salk Institute for Biological Studies"},"image":{"@id":"https:\/\/www.salk.edu\/#\/schema\/logo\/image\/"}}]}},"ACF":{"hero":"https:\/\/www.salk.edu\/wp-content\/uploads\/2020\/02\/bpho-banner-2020-02-1.jpg","line_1":"Waitt Advanced Biophotonics Center","line_2":"Overview","gallery":false,"secondary_navigation":"<div class=\"menu-waitt-advanced-biophotonics-center-container\"><ul id=\"menu-waitt-advanced-biophotonics-center\" class=\"menu\"><li class=\"menu-item menu-item-type-post_type menu-item-object-page menu-item-5357\"><a href=\"https:\/\/www.salk.edu\/de\/science\/research-centers\/waitt-advanced-biophotonics-center\/\">Overview<\/a><\/li>\n<li class=\"menu-item menu-item-type-post_type menu-item-object-page menu-item-5355\"><a href=\"https:\/\/www.salk.edu\/de\/science\/research-centers\/waitt-advanced-biophotonics-center\/research\/\">Research<\/a><\/li>\n<li class=\"menu-item menu-item-type-post_type menu-item-object-page menu-item-25897\"><a href=\"https:\/\/www.salk.edu\/de\/science\/research-centers\/waitt-advanced-biophotonics-center\/meet-the-scientists\/\">Meet the Scientists<\/a><\/li>\n<li class=\"menu-item menu-item-type-post_type menu-item-object-page menu-item-54001\"><a href=\"https:\/\/www.salk.edu\/de\/science\/research-centers\/waitt-advanced-biophotonics-center\/fellows\/\">Fellows<\/a><\/li>\n<li class=\"menu-item menu-item-type-post_type menu-item-object-page menu-item-5353\"><a href=\"https:\/\/www.salk.edu\/de\/science\/research-centers\/waitt-advanced-biophotonics-center\/news-events\/\">News &#038; Events<\/a><\/li>\n<li class=\"menu-item menu-item-type-custom menu-item-object-custom menu-item-25869\"><a target=\"_blank\" href=\"https:\/\/www.salk.edu\/science\/core-facilities\/advanced-biophotonics\/\">Shared Resources<\/a><\/li>\n<li class=\"menu-item menu-item-type-post_type menu-item-object-page menu-item-5354\"><a href=\"https:\/\/www.salk.edu\/de\/science\/research-centers\/waitt-advanced-biophotonics-center\/faq\/\">FAQ<\/a><\/li>\n<\/ul><\/div>","poster_quote":"","featured_image_link":"","salk_custom_body_class":"","salk_sidebar":"<h5>Research Support<\/h5>\n<p><img decoding=\"async\" style=\"width: 100%;\" src=\"http:\/\/www.salk.edu\/wp-content\/uploads\/2020\/02\/nih-logo-color.png\" \/><\/p>\n<p><img decoding=\"async\" class=\"alignnone wp-image-22139\" src=\"http:\/\/www.salk.edu\/wp-content\/uploads\/2020\/02\/NSF-LOGO365.png\" alt=\"\" \/><\/p>\n<hr \/>\n<h5>Sponsors<\/h5>\n<p><a href=\"https:\/\/www.waittfoundation.org\/biotech\" target=\"_blank\" rel=\"noopener\"><img decoding=\"async\" style=\"max-width: 60%;\" src=\"http:\/\/www.salk.edu\/wp-content\/uploads\/2020\/02\/waitt-foundation-logo.png\" \/><\/a><\/p>\n<h2>Caryl Philips to Jesse &amp; Caryl Philips Foundation<\/h2>\n<h2>Daniel and Martina Lewis<\/h2>\n<h2>Edwards-Yeckel Research Foundation<\/h2>\n<hr \/>\n<h5>Multimedia<\/h5>\n<div class=\"row\" style=\"\"><div class=\"col-md-10 col-md-push-1\"><div class=\"video-anchor\" id=\"video-Ljwr2YFE_8o\"><\/div><div class=\"embed-responsive embed-responsive-16by9\"> <iframe class=\"embed-responsive-item\" src=\"\/\/www.youtube.com\/embed\/Ljwr2YFE_8o?rel=0\" webkitallowfullscreen mozallowfullscreen allowfullscreen><\/iframe><\/div><!-- .embed-responsive --><\/div><!-- .col-md-*size --><\/div><!-- .\/row -->\n<hr \/>\n<h5>Contact<\/h5>\n<p><strong>Salk Institute for Biological Studies\u2028<\/strong><br \/>\nWaitt Advanced Biophotonics Center<br \/>\n10010 N Torrey Pines Rd<br \/>\nLa Jolla, CA 92037<br \/>\nTelephone: (858) 453-4100<\/p>\n"},"_links":{"self":[{"href":"https:\/\/www.salk.edu\/de\/wp-json\/wp\/v2\/pages\/5348","targetHints":{"allow":["GET"]}}],"collection":[{"href":"https:\/\/www.salk.edu\/de\/wp-json\/wp\/v2\/pages"}],"about":[{"href":"https:\/\/www.salk.edu\/de\/wp-json\/wp\/v2\/types\/page"}],"author":[{"embeddable":true,"href":"https:\/\/www.salk.edu\/de\/wp-json\/wp\/v2\/users\/3"}],"replies":[{"embeddable":true,"href":"https:\/\/www.salk.edu\/de\/wp-json\/wp\/v2\/comments?post=5348"}],"version-history":[{"count":16,"href":"https:\/\/www.salk.edu\/de\/wp-json\/wp\/v2\/pages\/5348\/revisions"}],"predecessor-version":[{"id":54003,"href":"https:\/\/www.salk.edu\/de\/wp-json\/wp\/v2\/pages\/5348\/revisions\/54003"}],"up":[{"embeddable":true,"href":"https:\/\/www.salk.edu\/de\/wp-json\/wp\/v2\/pages\/76"}],"wp:featuredmedia":[{"embeddable":true,"href":"https:\/\/www.salk.edu\/de\/wp-json\/wp\/v2\/media\/6823"}],"wp:attachment":[{"href":"https:\/\/www.salk.edu\/de\/wp-json\/wp\/v2\/media?parent=5348"}],"wp:term":[{"taxonomy":"folder","embeddable":true,"href":"https:\/\/www.salk.edu\/de\/wp-json\/wp\/v2\/folder?post=5348"}],"curies":[{"name":"WP","href":"https:\/\/api.w.org\/{rel}","templated":true}]}}