{"id":41187,"date":"2023-06-20T13:58:15","date_gmt":"2023-06-20T20:58:15","guid":{"rendered":"https:\/\/vermont.salk.edu\/?page_id=41187"},"modified":"2025-04-25T12:36:46","modified_gmt":"2025-04-25T19:36:46","slug":"salk-culture","status":"publish","type":"page","link":"https:\/\/www.salk.edu\/de\/about\/our-community\/salk-culture\/","title":{"rendered":"Salk Kultur"},"content":{"rendered":"<div class=\"crimson\">Jonas Salk glaubte, dass die Gesellschaft gedeihen w\u00fcrde, wenn wir alle unsere Talente f\u00f6rdern w\u00fcrden. Eine Willkommenskultur f\u00f6rdert die freie Erforschung von Forschung und wissenschaftlichen Ans\u00e4tzen sowie ein kollaboratives und harmonisches Arbeitsumfeld. Bei Salk bem\u00fchen wir uns, durch unsere gemeinsamen Werte \u2013 Integrit\u00e4t, Gemeinschaft, Verantwortlichkeit, Respekt und Erm\u00e4chtigung \u2013 ein Gef\u00fchl der Zugeh\u00f6rigkeit auf dem Campus zu schaffen. Das Amt f\u00fcr Gemeinschaft und Engagement bietet F\u00fchrung und Unterst\u00fctzung und arbeitet mit Dozenten, Auszubildenden und Mitarbeitern zusammen, um diese Bem\u00fchungen voranzutreiben.<\/div>\r\n\r\n\r\n \r\n<hr \/>\r\n\r\n\r\n<div class=\"row entry\">\r\n<div class=\"col-sm-3 col-lg-2 hidden-xs\">\r\n<figure><img decoding=\"async\" class=\"img-responsive center-block\" src=\"https:\/\/www.salk.edu\/wp-content\/uploads\/2021\/10\/20210721-0728-767.jpg\" alt=\"SPARC\" \/><\/figure>\r\n<\/div>\r\n<div class=\"col-sm-7 col-lg-9\">\r\n<h2><strong>SPARC<\/strong><\/h2>\r\n<p>Gegr\u00fcndet im Jahr 2020, die <span style=\"text-decoration: underline;\"><strong>S<\/strong><\/span>Alk <span style=\"text-decoration: underline;\"><strong>P<\/strong><\/span>Perspektiven <span style=\"text-decoration: underline;\"><strong>a<\/strong><\/span>und <span style=\"text-decoration: underline;\"><strong>R<\/strong><\/span>Ressourcen <span style=\"text-decoration: underline;\"><strong>C<\/strong><\/span>Der Salk Council (SPARC) arbeitet mit dem B\u00fcro f\u00fcr Gemeinschaft und Engagement zusammen, um die Engagement-zentrierten Bem\u00fchungen des Salk Institute zu unterst\u00fctzen. Diese bedeutende Zusammenarbeit liefert Erkenntnisse und Empfehlungen, die das Gemeinschafts- und Engagementleben am Salk Institute f\u00f6rdern.<\/p><p>\r\nDie Treffen der Gruppe sind f\u00fcr die gesamte Salk-Gemeinschaft offen. Alle sind willkommen und werden ermutigt, teilzunehmen.<\/p>\r\n\r\n<\/div>\r\n<\/div>\r\n\r\n<hr \/>\r\n\r\n<div class=\"row entry\">\r\n<div class=\"col-sm-3 col-lg-2 hidden-xs\">\r\n<figure><img decoding=\"async\" class=\"img-responsive center-block\" src=\"https:\/\/www.salk.edu\/wp-content\/uploads\/2025\/04\/25-oce-salk-culture-ew.jpg\" alt=\"Engagement & Wellbeing\" \/><\/figure>\r\n<\/div>\r\n<div class=\"col-sm-7 col-lg-9\">\r\n<h2><strong>Engagement &amp; Wohlbefinden<\/strong><\/h2>\r\n<p>Die Salk Engagement &amp; Wellbeing-Initiative zielt darauf ab, die bedeutungsvollen Interaktionen innerhalb der Salk-Gemeinschaft zu verst\u00e4rken. Ein Netzwerk von Botschaftern identifiziert und f\u00f6rdert eine breite Palette von M\u00f6glichkeiten, um Mitglieder unserer wissenschaftlichen Belegschaft und diejenigen, die die Forschung durch ihre operative Expertise unterst\u00fctzen, zusammenzubringen.<\/p>\r\n\r\n<\/div>\r\n<\/div>\r\n\r\n<hr \/>\r\n\r\n<div class=\"row entry\">\r\n<div class=\"col-sm-3 col-lg-2 hidden-xs\">\r\n<figure><img decoding=\"async\" class=\"img-responsive center-block\" src=\"https:\/\/www.salk.edu\/wp-content\/uploads\/2023\/06\/20230307-0X8C7965-767.jpg\" alt=\"Salk Discussion Circle\" \/><\/figure>\r\n<\/div>\r\n<div class=\"col-sm-7 col-lg-9\">\r\n<h2><strong>Salk Diskussionskreis<\/strong><\/h2>\r\n<p>Der Diskussionskreis ist eine viertelj\u00e4hrliche Veranstaltung, bei der sich interessierte Mitglieder der Salk-Gemeinschaft treffen, Materialien ausw\u00e4hlen und in einem wertfreien Raum Ideen und Meinungen austauschen. Die besprochenen B\u00fccher und Filme umfassen eine Vielzahl von Genres, die alle durch den gemeinsamen Nenner verbunden sind, dass sie zum nachdenklichen Nachdenken \u00fcber eine Reihe von Themen und Motiven anregen.<\/p>\r\n\r\n<\/div>\r\n<\/div>","protected":false},"excerpt":{"rendered":"<div class=\"crimson\">Jonas Salk glaubte, dass die Gesellschaft gedeihen w\u00fcrde, wenn wir alle unsere Talente f\u00f6rdern w\u00fcrden. Eine Willkommenskultur f\u00f6rdert die freie Erforschung von Forschung und wissenschaftlichen Ans\u00e4tzen sowie ein kollaboratives und harmonisches Arbeitsumfeld. Bei Salk bem\u00fchen wir uns, durch unsere gemeinsamen Werte \u2013 Integrit\u00e4t, Gemeinschaft, Verantwortlichkeit, Respekt und Erm\u00e4chtigung \u2013 ein Gef\u00fchl der Zugeh\u00f6rigkeit auf dem Campus zu schaffen. Das Amt f\u00fcr Gemeinschaft und Engagement bietet F\u00fchrung und Unterst\u00fctzung und arbeitet mit Dozenten, Auszubildenden und Mitarbeitern zusammen, um diese Bem\u00fchungen voranzutreiben.<\/div>\r\n\r\n\r\n \r\n<hr \/>\r\n\r\n\r\n<div class=\"row entry\">\r\n<div class=\"col-sm-3 col-lg-2 hidden-xs\">\r\n<figure><img decoding=\"async\" class=\"img-responsive center-block\" src=\"https:\/\/www.salk.edu\/wp-content\/uploads\/2021\/10\/20210721-0728-767.jpg\" alt=\"SPARC\" \/><\/figure>\r\n<\/div>\r\n<div class=\"col-sm-7 col-lg-9\">\r\n<h2><strong>SPARC<\/strong><\/h2>\r\n<p>Gegr\u00fcndet im Jahr 2020, die <span style=\"text-decoration: underline;\"><strong>S<\/strong><\/span>Alk <span style=\"text-decoration: underline;\"><strong>P<\/strong><\/span>Perspektiven <span style=\"text-decoration: underline;\"><strong>a<\/strong><\/span>und <span style=\"text-decoration: underline;\"><strong>R<\/strong><\/span>Ressourcen <span style=\"text-decoration: underline;\"><strong>C<\/strong><\/span>Der Salk Council (SPARC) arbeitet mit dem B\u00fcro f\u00fcr Gemeinschaft und Engagement zusammen, um die Engagement-zentrierten Bem\u00fchungen des Salk Institute zu unterst\u00fctzen. Diese bedeutende Zusammenarbeit liefert Erkenntnisse und Empfehlungen, die das Gemeinschafts- und Engagementleben am Salk Institute f\u00f6rdern.<\/p>","protected":false},"author":3,"featured_media":0,"parent":27922,"menu_order":0,"comment_status":"closed","ping_status":"closed","template":"","meta":{"_acf_changed":false,"footnotes":""},"folder":[509],"class_list":["post-41187","page","type-page","status-publish","hentry"],"acf":[],"yoast_head":"<!-- This site is optimized with the Yoast SEO plugin v27.3 - https:\/\/yoast.com\/product\/yoast-seo-wordpress\/ -->\n<title>Salk Culture - Salk Institute for Biological Studies<\/title>\n<meta name=\"robots\" content=\"index, follow, max-snippet:-1, max-image-preview:large, max-video-preview:-1\" \/>\n<link rel=\"canonical\" href=\"https:\/\/www.salk.edu\/de\/about\/our-community\/salk-culture\/\" \/>\n<meta property=\"og:locale\" content=\"de_DE\" \/>\n<meta property=\"og:type\" content=\"article\" \/>\n<meta property=\"og:title\" content=\"Salk Culture - Salk Institute for Biological Studies\" \/>\n<meta property=\"og:description\" content=\"Jonas Salk believed that if we worked together to nourish everyone\u2019s talents, society would thrive. A welcoming culture fosters free exploration in research and scientific approaches and a collaborative, harmonious working environment. At Salk, we strive to foster a sense of belonging on campus through our shared values: integrity, community, accountability, respect, and empowerment. The Office of Community &amp; Engagement provides leadership and support, and collaborates with faculty, trainees, and staff to advance these efforts.             SPARC Established in 2020, the Salk Perspectives and Resources Council (SPARC) works with the Office of Community &amp; Engagement to support Salk\u2019s advocacy-centered efforts. This significant collaboration provides insight and recommendations that support community and engagement at Salk.\" \/>\n<meta property=\"og:url\" content=\"https:\/\/www.salk.edu\/de\/about\/our-community\/salk-culture\/\" \/>\n<meta property=\"og:site_name\" content=\"Salk Institute for Biological Studies\" \/>\n<meta property=\"article:modified_time\" content=\"2025-04-25T19:36:46+00:00\" \/>\n<meta property=\"og:image\" content=\"http:\/\/www.salk.edu\/wp-content\/uploads\/2021\/10\/20210721-0728-767.jpg\" \/>\n<meta name=\"twitter:card\" content=\"summary_large_image\" \/>\n<meta name=\"twitter:label1\" content=\"Est. reading time\" \/>\n\t<meta name=\"twitter:data1\" content=\"3 minutes\" \/>\n<script type=\"application\/ld+json\" class=\"yoast-schema-graph\">{\"@context\":\"https:\\\/\\\/schema.org\",\"@graph\":[{\"@type\":\"WebPage\",\"@id\":\"https:\\\/\\\/www.salk.edu\\\/about\\\/our-community\\\/salk-culture\\\/\",\"url\":\"https:\\\/\\\/www.salk.edu\\\/about\\\/our-community\\\/salk-culture\\\/\",\"name\":\"Salk Culture - Salk Institute for Biological Studies\",\"isPartOf\":{\"@id\":\"https:\\\/\\\/www.salk.edu\\\/#website\"},\"primaryImageOfPage\":{\"@id\":\"https:\\\/\\\/www.salk.edu\\\/about\\\/our-community\\\/salk-culture\\\/#primaryimage\"},\"image\":{\"@id\":\"https:\\\/\\\/www.salk.edu\\\/about\\\/our-community\\\/salk-culture\\\/#primaryimage\"},\"thumbnailUrl\":\"http:\\\/\\\/www.salk.edu\\\/wp-content\\\/uploads\\\/2021\\\/10\\\/20210721-0728-767.jpg\",\"datePublished\":\"2023-06-20T20:58:15+00:00\",\"dateModified\":\"2025-04-25T19:36:46+00:00\",\"breadcrumb\":{\"@id\":\"https:\\\/\\\/www.salk.edu\\\/about\\\/our-community\\\/salk-culture\\\/#breadcrumb\"},\"inLanguage\":\"de-DE\",\"potentialAction\":[{\"@type\":\"ReadAction\",\"target\":[\"https:\\\/\\\/www.salk.edu\\\/about\\\/our-community\\\/salk-culture\\\/\"]}]},{\"@type\":\"ImageObject\",\"inLanguage\":\"de-DE\",\"@id\":\"https:\\\/\\\/www.salk.edu\\\/about\\\/our-community\\\/salk-culture\\\/#primaryimage\",\"url\":\"http:\\\/\\\/www.salk.edu\\\/wp-content\\\/uploads\\\/2021\\\/10\\\/20210721-0728-767.jpg\",\"contentUrl\":\"http:\\\/\\\/www.salk.edu\\\/wp-content\\\/uploads\\\/2021\\\/10\\\/20210721-0728-767.jpg\"},{\"@type\":\"BreadcrumbList\",\"@id\":\"https:\\\/\\\/www.salk.edu\\\/about\\\/our-community\\\/salk-culture\\\/#breadcrumb\",\"itemListElement\":[{\"@type\":\"ListItem\",\"position\":1,\"name\":\"Home\",\"item\":\"https:\\\/\\\/www.salk.edu\\\/\"},{\"@type\":\"ListItem\",\"position\":2,\"name\":\"About\",\"item\":\"https:\\\/\\\/www.salk.edu\\\/about\\\/\"},{\"@type\":\"ListItem\",\"position\":3,\"name\":\"Community &#038; Engagement\",\"item\":\"https:\\\/\\\/www.salk.edu\\\/about\\\/our-community\\\/\"},{\"@type\":\"ListItem\",\"position\":4,\"name\":\"Salk Culture\"}]},{\"@type\":\"WebSite\",\"@id\":\"https:\\\/\\\/www.salk.edu\\\/#website\",\"url\":\"https:\\\/\\\/www.salk.edu\\\/\",\"name\":\"Salk Institute for Biological Studies\",\"description\":\"The Power of Science\",\"publisher\":{\"@id\":\"https:\\\/\\\/www.salk.edu\\\/#organization\"},\"potentialAction\":[{\"@type\":\"SearchAction\",\"target\":{\"@type\":\"EntryPoint\",\"urlTemplate\":\"https:\\\/\\\/www.salk.edu\\\/?s={search_term_string}\"},\"query-input\":{\"@type\":\"PropertyValueSpecification\",\"valueRequired\":true,\"valueName\":\"search_term_string\"}}],\"inLanguage\":\"de-DE\"},{\"@type\":\"Organization\",\"@id\":\"https:\\\/\\\/www.salk.edu\\\/#organization\",\"name\":\"Salk Institute for Biological Studies\",\"url\":\"https:\\\/\\\/www.salk.edu\\\/\",\"logo\":{\"@type\":\"ImageObject\",\"inLanguage\":\"de-DE\",\"@id\":\"https:\\\/\\\/www.salk.edu\\\/#\\\/schema\\\/logo\\\/image\\\/\",\"url\":\"http:\\\/\\\/www.salk.edu\\\/wp-content\\\/uploads\\\/2023\\\/03\\\/salk_logo_696.jpg\",\"contentUrl\":\"http:\\\/\\\/www.salk.edu\\\/wp-content\\\/uploads\\\/2023\\\/03\\\/salk_logo_696.jpg\",\"width\":696,\"height\":696,\"caption\":\"Salk Institute for Biological Studies\"},\"image\":{\"@id\":\"https:\\\/\\\/www.salk.edu\\\/#\\\/schema\\\/logo\\\/image\\\/\"}}]}<\/script>\n<!-- \/ Yoast SEO plugin. -->","yoast_head_json":{"title":"Salk Culture - Salk Institute for Biological Studies","robots":{"index":"index","follow":"follow","max-snippet":"max-snippet:-1","max-image-preview":"max-image-preview:large","max-video-preview":"max-video-preview:-1"},"canonical":"https:\/\/www.salk.edu\/de\/about\/our-community\/salk-culture\/","og_locale":"de_DE","og_type":"article","og_title":"Salk Culture - Salk Institute for Biological Studies","og_description":"Jonas Salk believed that if we worked together to nourish everyone\u2019s talents, society would thrive. A welcoming culture fosters free exploration in research and scientific approaches and a collaborative, harmonious working environment. At Salk, we strive to foster a sense of belonging on campus through our shared values: integrity, community, accountability, respect, and empowerment. The Office of Community &amp; Engagement provides leadership and support, and collaborates with faculty, trainees, and staff to advance these efforts.             SPARC Established in 2020, the Salk Perspectives and Resources Council (SPARC) works with the Office of Community &amp; Engagement to support Salk\u2019s advocacy-centered efforts. This significant collaboration provides insight and recommendations that support community and engagement at Salk.","og_url":"https:\/\/www.salk.edu\/de\/about\/our-community\/salk-culture\/","og_site_name":"Salk Institute for Biological Studies","article_modified_time":"2025-04-25T19:36:46+00:00","og_image":[{"url":"http:\/\/www.salk.edu\/wp-content\/uploads\/2021\/10\/20210721-0728-767.jpg","type":"","width":"","height":""}],"twitter_card":"summary_large_image","twitter_misc":{"Est. reading time":"3 minutes"},"schema":{"@context":"https:\/\/schema.org","@graph":[{"@type":"WebPage","@id":"https:\/\/www.salk.edu\/about\/our-community\/salk-culture\/","url":"https:\/\/www.salk.edu\/about\/our-community\/salk-culture\/","name":"Salk Culture - Salk Institute for Biological Studies","isPartOf":{"@id":"https:\/\/www.salk.edu\/#website"},"primaryImageOfPage":{"@id":"https:\/\/www.salk.edu\/about\/our-community\/salk-culture\/#primaryimage"},"image":{"@id":"https:\/\/www.salk.edu\/about\/our-community\/salk-culture\/#primaryimage"},"thumbnailUrl":"http:\/\/www.salk.edu\/wp-content\/uploads\/2021\/10\/20210721-0728-767.jpg","datePublished":"2023-06-20T20:58:15+00:00","dateModified":"2025-04-25T19:36:46+00:00","breadcrumb":{"@id":"https:\/\/www.salk.edu\/about\/our-community\/salk-culture\/#breadcrumb"},"inLanguage":"de-DE","potentialAction":[{"@type":"ReadAction","target":["https:\/\/www.salk.edu\/about\/our-community\/salk-culture\/"]}]},{"@type":"ImageObject","inLanguage":"de-DE","@id":"https:\/\/www.salk.edu\/about\/our-community\/salk-culture\/#primaryimage","url":"http:\/\/www.salk.edu\/wp-content\/uploads\/2021\/10\/20210721-0728-767.jpg","contentUrl":"http:\/\/www.salk.edu\/wp-content\/uploads\/2021\/10\/20210721-0728-767.jpg"},{"@type":"BreadcrumbList","@id":"https:\/\/www.salk.edu\/about\/our-community\/salk-culture\/#breadcrumb","itemListElement":[{"@type":"ListItem","position":1,"name":"Home","item":"https:\/\/www.salk.edu\/"},{"@type":"ListItem","position":2,"name":"About","item":"https:\/\/www.salk.edu\/about\/"},{"@type":"ListItem","position":3,"name":"Community &#038; Engagement","item":"https:\/\/www.salk.edu\/about\/our-community\/"},{"@type":"ListItem","position":4,"name":"Salk Culture"}]},{"@type":"WebSite","@id":"https:\/\/www.salk.edu\/#website","url":"https:\/\/www.salk.edu\/","name":"Salk-Institut f\u00fcr biologische Studien","description":"Die Macht der Wissenschaft","publisher":{"@id":"https:\/\/www.salk.edu\/#organization"},"potentialAction":[{"@type":"SearchAction","target":{"@type":"EntryPoint","urlTemplate":"https:\/\/www.salk.edu\/?s={search_term_string}"},"query-input":{"@type":"PropertyValueSpecification","valueRequired":true,"valueName":"search_term_string"}}],"inLanguage":"de-DE"},{"@type":"Organization","@id":"https:\/\/www.salk.edu\/#organization","name":"Salk-Institut f\u00fcr biologische Studien","url":"https:\/\/www.salk.edu\/","logo":{"@type":"ImageObject","inLanguage":"de-DE","@id":"https:\/\/www.salk.edu\/#\/schema\/logo\/image\/","url":"http:\/\/www.salk.edu\/wp-content\/uploads\/2023\/03\/salk_logo_696.jpg","contentUrl":"http:\/\/www.salk.edu\/wp-content\/uploads\/2023\/03\/salk_logo_696.jpg","width":696,"height":696,"caption":"Salk Institute for Biological Studies"},"image":{"@id":"https:\/\/www.salk.edu\/#\/schema\/logo\/image\/"}}]}},"ACF":{"hero":"https:\/\/www.salk.edu\/wp-content\/uploads\/2025\/04\/25-our-community-collage-header.jpg","line_1":"Our Community","line_2":"Salk Culture","poster_quote":"","salk_custom_body_class":"","gallery":false,"secondary_navigation":"<div class=\"menu-office-of-community-and-engagement-container\"><ul id=\"menu-office-of-community-and-engagement\" class=\"menu\"><li class=\"menu-item menu-item-type-post_type menu-item-object-page menu-item-41239\"><a href=\"https:\/\/www.salk.edu\/de\/about\/our-community\/\">Overview<\/a><\/li>\n<li class=\"menu-item menu-item-type-post_type menu-item-object-page menu-item-51256\"><a href=\"https:\/\/www.salk.edu\/de\/about\/our-community\/research-and-training-opportunities\/\">Research and Training Opportunities<\/a><\/li>\n<li class=\"menu-item menu-item-type-post_type menu-item-object-page menu-item-41198\"><a href=\"https:\/\/www.salk.edu\/de\/about\/our-community\/salk-culture\/\">Salk Culture<\/a><\/li>\n<li class=\"menu-item menu-item-type-custom menu-item-object-custom menu-item-56605\"><a href=\"\/about\/education-outreach\/\">Education Outreach<\/a><\/li>\n<\/ul><\/div>"},"_links":{"self":[{"href":"https:\/\/www.salk.edu\/de\/wp-json\/wp\/v2\/pages\/41187","targetHints":{"allow":["GET"]}}],"collection":[{"href":"https:\/\/www.salk.edu\/de\/wp-json\/wp\/v2\/pages"}],"about":[{"href":"https:\/\/www.salk.edu\/de\/wp-json\/wp\/v2\/types\/page"}],"author":[{"embeddable":true,"href":"https:\/\/www.salk.edu\/de\/wp-json\/wp\/v2\/users\/3"}],"replies":[{"embeddable":true,"href":"https:\/\/www.salk.edu\/de\/wp-json\/wp\/v2\/comments?post=41187"}],"version-history":[{"count":45,"href":"https:\/\/www.salk.edu\/de\/wp-json\/wp\/v2\/pages\/41187\/revisions"}],"predecessor-version":[{"id":53196,"href":"https:\/\/www.salk.edu\/de\/wp-json\/wp\/v2\/pages\/41187\/revisions\/53196"}],"up":[{"embeddable":true,"href":"https:\/\/www.salk.edu\/de\/wp-json\/wp\/v2\/pages\/27922"}],"wp:attachment":[{"href":"https:\/\/www.salk.edu\/de\/wp-json\/wp\/v2\/media?parent=41187"}],"wp:term":[{"taxonomy":"folder","embeddable":true,"href":"https:\/\/www.salk.edu\/de\/wp-json\/wp\/v2\/folder?post=41187"}],"curies":[{"name":"WP","href":"https:\/\/api.w.org\/{rel}","templated":true}]}}