{"id":36180,"date":"2022-09-23T10:38:29","date_gmt":"2022-09-23T17:38:29","guid":{"rendered":"https:\/\/vermont.salk.edu\/?page_id=36180"},"modified":"2022-09-23T10:38:29","modified_gmt":"2022-09-23T17:38:29","slug":"profiles-courtney-glavis-bloom","status":"publish","type":"page","link":"https:\/\/www.salk.edu\/de\/engage\/women-science\/profiles-courtney-glavis-bloom\/","title":{"rendered":"Profile \u2013 Courtney Glavis-Bloom"},"content":{"rendered":"<h2>Als Courtney Glavis-Bloom in der High School war, wurde bei ihren Gro\u00dfeltern m\u00fctterlicherseits Alzheimer diagnostiziert.<\/h2>\n<p>\u201cIch flog mit meiner Mutter nach Texas, um meine Gro\u00dfeltern zu besuchen, und wir fanden den Truthahn, den wir ihnen zu Thanksgiving geschickt hatten, noch im K\u00fchlschrank. Es war Fr\u00fchling, also wussten wir, dass etwas getan werden musste\u201d, sagt sie.<\/p>\n<p>Ihre Gro\u00dfeltern zogen nach San Diego und Glavis-Bloom, die viele Jahre lang ihre Betreuerin war, sah aus erster Hand, wie Demenz Menschen ihrer Verbindungen zueinander, zur Familie und zur Welt beraubt.<\/p>\n<p>Nun, als leitende wissenschaftliche Mitarbeiterin im Labor von Professor <a href=\"https:\/\/www.salk.edu\/de\/scientist\/john-reynolds\/\">John Reynolds<\/a>, Glavis-Bloom untersucht die Gehirnbereiche und -bahnen, die vom Altern betroffen sind, in der Hoffnung, eine Heilung f\u00fcr Alzheimer zu finden.<\/p>\n<figure id=\"attachment_36182\"  class=\"wp-caption alignright\"><img loading=\"lazy\" decoding=\"async\" width=\"767\" height=\"511\" class=\"img-responsive wp-image-36182 size-col-md-5\" src=\"https:\/\/www.salk.edu\/wp-content\/uploads\/2022\/09\/ws-profile-courtney-glavis-bloom.jpg\" alt=\"Courtney Glavis-Bloom\" srcset=\"https:\/\/www.salk.edu\/wp-content\/uploads\/2022\/09\/ws-profile-courtney-glavis-bloom.jpg 767w, https:\/\/www.salk.edu\/wp-content\/uploads\/2022\/09\/ws-profile-courtney-glavis-bloom-300x200.jpg 300w, https:\/\/www.salk.edu\/wp-content\/uploads\/2022\/09\/ws-profile-courtney-glavis-bloom-147x98.jpg 147w, https:\/\/www.salk.edu\/wp-content\/uploads\/2022\/09\/ws-profile-courtney-glavis-bloom-458x305.jpg 458w, https:\/\/www.salk.edu\/wp-content\/uploads\/2022\/09\/ws-profile-courtney-glavis-bloom-585x390.jpg 585w, https:\/\/www.salk.edu\/wp-content\/uploads\/2022\/09\/ws-profile-courtney-glavis-bloom-553x368.jpg 553w, https:\/\/www.salk.edu\/wp-content\/uploads\/2022\/09\/ws-profile-courtney-glavis-bloom-750x500.jpg 750w, https:\/\/www.salk.edu\/wp-content\/uploads\/2022\/09\/ws-profile-courtney-glavis-bloom-400x266.jpg 400w\" sizes=\"auto, (max-width: 767px) 100vw, 767px\" \/><figcaption class=\"wp-caption-text\">Courtney Glavis-Bloom<br \/>Senior-Wissenschaftler, Reynolds Labor<\/figcaption><\/figure>\n<h2>Fr\u00fches Leben<\/h2>\n<p>Als Teenager in San Diegos Stadtteil Scripps Ranch balancierte Glavis-Bloom eine wettbewerbsorientierte Softballkarriere mit dem Amt der Pr\u00e4sidentin des Wissenschaftsteams an der La Jolla High School. Ihr Talent als Pitcherin brachte ihr eine Anstellung im Softballteam der Yale University ein. Kurz nach ihrer Ankunft erlitt sie jedoch eine Handgelenksverletzung, die ihre Karriere beendete.<\/p>\n<p>\u201cObwohl ich anfangs von der Verletzung am Boden zerst\u00f6rt war, war sie ein Gl\u00fcck im Ungl\u00fcck\u201d, sagt Glavis-Bloom. \u201cFr\u00fcher hatte ich zweimal t\u00e4glich Softballtraining und die Kurse, die ich belegen konnte, waren aufgrund meines Stundenplans begrenzt. Nach der Verletzung konnte ich mehr naturwissenschaftliche Kurse belegen und gleichzeitig in drei verschiedenen wissenschaftlichen Laboren arbeiten.\u201d<\/p>\n<h2>Weg nach Salk<\/h2>\n<p>An der Yale University beabsichtigte Glavis-Bloom zun\u00e4chst, Tier\u00e4rztin zu werden. Das Studium des Gehirns er\u00f6ffnete jedoch eine weitere spannende Richtung, und Glavis-Bloom verlagerte ihr Studium auf die Neurowissenschaften.<\/p>\n<p>\u201cDas Gehirn ist widerstandsf\u00e4hig und voller Zellen, die uns ein Leben lang erhalten bleiben\u201d, sagt sie. \u201cJe mehr ich dar\u00fcber nachdachte, desto faszinierter war ich davon, mehr \u00fcber das alternde Gehirn und die Kognition zu erfahren.\u201d<\/p>\n<p>W\u00e4hrend ihrer Promotion in Neurowissenschaften und tierischem Verhalten an der Emory University untersuchte Glavis-Bloom ein Ged\u00e4chtniszentrum des Gehirns, den Hippocampus, und wie das Gehirn nach Verletzungen in dieser Region kompensiert. Sie wollte verstehen, warum das Gehirn Verletzungen in jungen Jahren kompensieren kann, aber im Alter oder bei altersbedingten neurodegenerativen Erkrankungen wie Alzheimer nicht ausreichend kompensieren kann. Ihre Arbeit f\u00fchrte zu einigen nicht-akademischen Positionen, in denen sie untersuchte, wie potenzielle Therapien das kognitive Verm\u00f6gen von gesunden Gehirnen und solchen mit Alzheimer-Degeneration unterst\u00fctzen k\u00f6nnten.<\/p>\n<p>In 2018, a multidisciplinary team of Salk researchers, including Reynolds, was awarded $19.2 million over eight years by the American Heart Association-Allen Initiative to study aging and why the process is the primary risk factor for neurodegenerative diseases. It was a natural fit for Glavis-Bloom to join Reynolds\u2019 team as a staff scientist to examine age-related cognitive decline across the life span.<\/p>\n<p>\u201cDer kollaborative Geist der Salk-Gemeinschaft hat mich angezogen\u201d, sagt Glavis-Bloom. \u201cUnd die Aufnahme in das Reynolds-Labor war eine perfekte Mischung aus der M\u00f6glichkeit, Kognition sowie die Faktoren zu untersuchen, die w\u00e4hrend des Alterns auftreten und zu neurodegenerativen Erkrankungen f\u00fchren.\u201d<\/p>\n<h2>Forschung am Salk<\/h2>\n<p>Bei Salk untersucht Glavis-Bloom das Altern \u00fcber mehrere Zeitpunkte hinweg, um das kognitive Verst\u00e4ndnis im normalen Alterungsprozess zu verbessern, was zur Erhellung altersbedingter Krankheitszust\u00e4nde beitragen kann. Neben der Entwicklung und Implementierung kognitiver Tests, die altersbedingte Ver\u00e4nderungen im Gehirn erkennen, arbeitet Glavis-Bloom mit dem Labor von Professor Rusty Gage zusammen, um Hautzellen in Neuronen umzuwandeln und deren altersbedingte Ver\u00e4nderungen zu beobachten. Sie nutzen auch leistungsstarke bildgebende Verfahren, um die neuronale Kommunikation in verschiedenen Lebensabschnitten zu untersuchen.<\/p>\n<p>\u201cWenn wir die normale Alterung nicht verstehen, dann k\u00f6nnen wir altersbedingte St\u00f6rungen unm\u00f6glich behandeln\u201d, sagt sie. \u201cWir wollen herausfinden, was die normalen zellul\u00e4ren und biologischen Grundlagen von Alterung und kognitivem Verfall sind.\u201d<\/p>\n<h2>T\u00e4glich<\/h2>\n<p>Obwohl ihr Tagesplan voller Experimentdurchf\u00fchrungen und wissenschaftlicher Arbeiten ist, verbringt Glavis-Bloom auch Zeit mit der Betreuung aufstrebender Wissenschaftler in ihrem Labor und am Kavli Institute for Brain and Mind, am Salk und der UC San Diego.<\/p>\n<p>\u201cIch finde es unglaublich erf\u00fcllend, sowohl Mentoring und Lehre betreiben zu k\u00f6nnen als auch meine eigenen wissenschaftlichen Ziele zu verfolgen\u201d, sagt sie. \u201cDas ultimative Ziel ist es, die Wissenschaft voranzubringen und gleichzeitig die n\u00e4chste Generation von Wissenschaftlern zu f\u00f6rdern. Die Ideen, die aus Gespr\u00e4chen mit meinen Mentoren entstehen, sind authentisch und treiben unsere Wissenschaft oft in neue und aufregende Richtungen.\u201d<\/p>\n<h2>Fun Fact<\/h2>\n<p>Glavis-Bloom tr\u00e4umt davon, eine Buchhandlung zu besitzen, die sich auf Neurowissenschaften und allgemeine Wissenschaftsb\u00fccher spezialisiert, um die Wissenschaft f\u00fcr alle zug\u00e4nglich zu machen.<\/p>\n<h2>Freizeit<\/h2>\n<p>Obwohl Glavis-Bloom immer noch zum Spa\u00df ein bisschen Softball spielt, verbringt sie ihre Freizeit haupts\u00e4chlich mit ihren beiden Kindern Emma und Wyatt. Sie liebt auch die Gartenarbeit; Hochbeete s\u00e4umen ihren Hinterhof, wo ihre Familie versucht, vieles von dem anzubauen, was sie essen.<\/p>\n<h2>Langfristige Aussicht\/Zukunftsprojekte<\/h2>\n<p>\u201cIch glaube, es gibt Hoffnung f\u00fcr die Felder der Alterns- und Alzheimerforschung. Diese Probleme sind nicht unl\u00f6sbar, aber sie geh\u00f6ren zu den schwierigsten Problemen der Medizin\u201d, sagt Glavis-Bloom. \u201cIch glaube, dass gro\u00df angelegte Forschungszusammenarbeit notwendig sein wird, um bedeutende Fortschritte zu erzielen.\u201d Sie ist zuversichtlich, dass ein Heilmittel f\u00fcr Alzheimer entdeckt und f\u00fcr die n\u00e4chste Generation verf\u00fcgbar sein wird.<\/p>\n<div class=\"row blocks pl-0 pr-0 sign-up-attend-container\">\n<div class=\"col-sm-12 sign-up-attend\">\n<h2 class=\"crimson\" style=\"color: #728baa;\">Einen Unterschied machen.<\/h2>\n<p><a class=\"button-dark inline\" style=\"text-decoration: none;\" href=\"https:\/\/donatenow.networkforgood.org\/where-cures-begin\">HEUTE SPENDEN<\/a><\/p>\n<\/div>\n<\/div>","protected":false},"excerpt":{"rendered":"<h2>Als Courtney Glavis-Bloom in der High School war, wurde bei ihren Gro\u00dfeltern m\u00fctterlicherseits Alzheimer diagnostiziert.<\/h2>\n<p>\u201cIch flog mit meiner Mutter nach Texas, um meine Gro\u00dfeltern zu besuchen, und wir fanden den Truthahn, den wir ihnen zu Thanksgiving geschickt hatten, noch im K\u00fchlschrank. Es war Fr\u00fchling, also wussten wir, dass etwas getan werden musste\u201d, sagt sie.<\/p>","protected":false},"author":91,"featured_media":0,"parent":2906,"menu_order":0,"comment_status":"closed","ping_status":"closed","template":"","meta":{"_acf_changed":false,"footnotes":""},"folder":[527],"class_list":["post-36180","page","type-page","status-publish","hentry"],"acf":[],"yoast_head":"<!-- This site is optimized with the Yoast SEO plugin v27.3 - https:\/\/yoast.com\/product\/yoast-seo-wordpress\/ -->\n<title>Profiles - Courtney Glavis-Bloom - Salk Institute for Biological Studies<\/title>\n<meta name=\"robots\" content=\"index, follow, max-snippet:-1, max-image-preview:large, max-video-preview:-1\" \/>\n<link rel=\"canonical\" href=\"https:\/\/www.salk.edu\/de\/engage\/women-science\/profiles-courtney-glavis-bloom\/\" \/>\n<meta property=\"og:locale\" content=\"de_DE\" \/>\n<meta property=\"og:type\" content=\"article\" \/>\n<meta property=\"og:title\" content=\"Profiles - Courtney Glavis-Bloom - Salk Institute for Biological Studies\" \/>\n<meta property=\"og:description\" content=\"When Courtney Glavis-Bloom was in high school, her maternal grandparents were diagnosed with Alzheimer\u2019s disease. \u201cI flew out to Texas to see my grandparents with my mom, and we found the turkey that we had sent them for Thanksgiving still in the fridge. It was springtime, so we knew something had to be done,\u201d she says.\" \/>\n<meta property=\"og:url\" content=\"https:\/\/www.salk.edu\/de\/engage\/women-science\/profiles-courtney-glavis-bloom\/\" \/>\n<meta property=\"og:site_name\" content=\"Salk Institute for Biological Studies\" \/>\n<meta property=\"og:image\" content=\"http:\/\/www.salk.edu\/wp-content\/uploads\/2022\/09\/ws-profile-courtney-glavis-bloom.jpg\" \/>\n<meta name=\"twitter:card\" content=\"summary_large_image\" \/>\n<meta name=\"twitter:label1\" content=\"Est. reading time\" \/>\n\t<meta name=\"twitter:data1\" content=\"4 minutes\" \/>\n<script type=\"application\/ld+json\" class=\"yoast-schema-graph\">{\"@context\":\"https:\\\/\\\/schema.org\",\"@graph\":[{\"@type\":\"WebPage\",\"@id\":\"https:\\\/\\\/www.salk.edu\\\/engage\\\/women-science\\\/profiles-courtney-glavis-bloom\\\/\",\"url\":\"https:\\\/\\\/www.salk.edu\\\/engage\\\/women-science\\\/profiles-courtney-glavis-bloom\\\/\",\"name\":\"Profiles - Courtney Glavis-Bloom - Salk Institute for Biological Studies\",\"isPartOf\":{\"@id\":\"https:\\\/\\\/www.salk.edu\\\/#website\"},\"primaryImageOfPage\":{\"@id\":\"https:\\\/\\\/www.salk.edu\\\/engage\\\/women-science\\\/profiles-courtney-glavis-bloom\\\/#primaryimage\"},\"image\":{\"@id\":\"https:\\\/\\\/www.salk.edu\\\/engage\\\/women-science\\\/profiles-courtney-glavis-bloom\\\/#primaryimage\"},\"thumbnailUrl\":\"http:\\\/\\\/www.salk.edu\\\/wp-content\\\/uploads\\\/2022\\\/09\\\/ws-profile-courtney-glavis-bloom.jpg\",\"datePublished\":\"2022-09-23T17:38:29+00:00\",\"breadcrumb\":{\"@id\":\"https:\\\/\\\/www.salk.edu\\\/engage\\\/women-science\\\/profiles-courtney-glavis-bloom\\\/#breadcrumb\"},\"inLanguage\":\"de-DE\",\"potentialAction\":[{\"@type\":\"ReadAction\",\"target\":[\"https:\\\/\\\/www.salk.edu\\\/engage\\\/women-science\\\/profiles-courtney-glavis-bloom\\\/\"]}]},{\"@type\":\"ImageObject\",\"inLanguage\":\"de-DE\",\"@id\":\"https:\\\/\\\/www.salk.edu\\\/engage\\\/women-science\\\/profiles-courtney-glavis-bloom\\\/#primaryimage\",\"url\":\"http:\\\/\\\/www.salk.edu\\\/wp-content\\\/uploads\\\/2022\\\/09\\\/ws-profile-courtney-glavis-bloom.jpg\",\"contentUrl\":\"http:\\\/\\\/www.salk.edu\\\/wp-content\\\/uploads\\\/2022\\\/09\\\/ws-profile-courtney-glavis-bloom.jpg\"},{\"@type\":\"BreadcrumbList\",\"@id\":\"https:\\\/\\\/www.salk.edu\\\/engage\\\/women-science\\\/profiles-courtney-glavis-bloom\\\/#breadcrumb\",\"itemListElement\":[{\"@type\":\"ListItem\",\"position\":1,\"name\":\"Home\",\"item\":\"https:\\\/\\\/www.salk.edu\\\/\"},{\"@type\":\"ListItem\",\"position\":2,\"name\":\"Private: Engage\",\"item\":\"https:\\\/\\\/www.salk.edu\\\/?page_id=26963\"},{\"@type\":\"ListItem\",\"position\":3,\"name\":\"Private: Salk Women &#038; Science\",\"item\":\"https:\\\/\\\/www.salk.edu\\\/?page_id=2906\"},{\"@type\":\"ListItem\",\"position\":4,\"name\":\"Profiles &#8211; Courtney Glavis-Bloom\"}]},{\"@type\":\"WebSite\",\"@id\":\"https:\\\/\\\/www.salk.edu\\\/#website\",\"url\":\"https:\\\/\\\/www.salk.edu\\\/\",\"name\":\"Salk Institute for Biological Studies\",\"description\":\"The Power of Science\",\"publisher\":{\"@id\":\"https:\\\/\\\/www.salk.edu\\\/#organization\"},\"potentialAction\":[{\"@type\":\"SearchAction\",\"target\":{\"@type\":\"EntryPoint\",\"urlTemplate\":\"https:\\\/\\\/www.salk.edu\\\/?s={search_term_string}\"},\"query-input\":{\"@type\":\"PropertyValueSpecification\",\"valueRequired\":true,\"valueName\":\"search_term_string\"}}],\"inLanguage\":\"de-DE\"},{\"@type\":\"Organization\",\"@id\":\"https:\\\/\\\/www.salk.edu\\\/#organization\",\"name\":\"Salk Institute for Biological Studies\",\"url\":\"https:\\\/\\\/www.salk.edu\\\/\",\"logo\":{\"@type\":\"ImageObject\",\"inLanguage\":\"de-DE\",\"@id\":\"https:\\\/\\\/www.salk.edu\\\/#\\\/schema\\\/logo\\\/image\\\/\",\"url\":\"http:\\\/\\\/www.salk.edu\\\/wp-content\\\/uploads\\\/2023\\\/03\\\/salk_logo_696.jpg\",\"contentUrl\":\"http:\\\/\\\/www.salk.edu\\\/wp-content\\\/uploads\\\/2023\\\/03\\\/salk_logo_696.jpg\",\"width\":696,\"height\":696,\"caption\":\"Salk Institute for Biological Studies\"},\"image\":{\"@id\":\"https:\\\/\\\/www.salk.edu\\\/#\\\/schema\\\/logo\\\/image\\\/\"}}]}<\/script>\n<!-- \/ Yoast SEO plugin. -->","yoast_head_json":{"title":"Profiles - Courtney Glavis-Bloom - Salk Institute for Biological Studies","robots":{"index":"index","follow":"follow","max-snippet":"max-snippet:-1","max-image-preview":"max-image-preview:large","max-video-preview":"max-video-preview:-1"},"canonical":"https:\/\/www.salk.edu\/de\/engage\/women-science\/profiles-courtney-glavis-bloom\/","og_locale":"de_DE","og_type":"article","og_title":"Profiles - Courtney Glavis-Bloom - Salk Institute for Biological Studies","og_description":"When Courtney Glavis-Bloom was in high school, her maternal grandparents were diagnosed with Alzheimer\u2019s disease. \u201cI flew out to Texas to see my grandparents with my mom, and we found the turkey that we had sent them for Thanksgiving still in the fridge. It was springtime, so we knew something had to be done,\u201d she says.","og_url":"https:\/\/www.salk.edu\/de\/engage\/women-science\/profiles-courtney-glavis-bloom\/","og_site_name":"Salk Institute for Biological Studies","og_image":[{"url":"http:\/\/www.salk.edu\/wp-content\/uploads\/2022\/09\/ws-profile-courtney-glavis-bloom.jpg","type":"","width":"","height":""}],"twitter_card":"summary_large_image","twitter_misc":{"Est. reading time":"4 minutes"},"schema":{"@context":"https:\/\/schema.org","@graph":[{"@type":"WebPage","@id":"https:\/\/www.salk.edu\/engage\/women-science\/profiles-courtney-glavis-bloom\/","url":"https:\/\/www.salk.edu\/engage\/women-science\/profiles-courtney-glavis-bloom\/","name":"Profiles - Courtney Glavis-Bloom - Salk Institute for Biological Studies","isPartOf":{"@id":"https:\/\/www.salk.edu\/#website"},"primaryImageOfPage":{"@id":"https:\/\/www.salk.edu\/engage\/women-science\/profiles-courtney-glavis-bloom\/#primaryimage"},"image":{"@id":"https:\/\/www.salk.edu\/engage\/women-science\/profiles-courtney-glavis-bloom\/#primaryimage"},"thumbnailUrl":"http:\/\/www.salk.edu\/wp-content\/uploads\/2022\/09\/ws-profile-courtney-glavis-bloom.jpg","datePublished":"2022-09-23T17:38:29+00:00","breadcrumb":{"@id":"https:\/\/www.salk.edu\/engage\/women-science\/profiles-courtney-glavis-bloom\/#breadcrumb"},"inLanguage":"de-DE","potentialAction":[{"@type":"ReadAction","target":["https:\/\/www.salk.edu\/engage\/women-science\/profiles-courtney-glavis-bloom\/"]}]},{"@type":"ImageObject","inLanguage":"de-DE","@id":"https:\/\/www.salk.edu\/engage\/women-science\/profiles-courtney-glavis-bloom\/#primaryimage","url":"http:\/\/www.salk.edu\/wp-content\/uploads\/2022\/09\/ws-profile-courtney-glavis-bloom.jpg","contentUrl":"http:\/\/www.salk.edu\/wp-content\/uploads\/2022\/09\/ws-profile-courtney-glavis-bloom.jpg"},{"@type":"BreadcrumbList","@id":"https:\/\/www.salk.edu\/engage\/women-science\/profiles-courtney-glavis-bloom\/#breadcrumb","itemListElement":[{"@type":"ListItem","position":1,"name":"Home","item":"https:\/\/www.salk.edu\/"},{"@type":"ListItem","position":2,"name":"Private: Engage","item":"https:\/\/www.salk.edu\/?page_id=26963"},{"@type":"ListItem","position":3,"name":"Private: Salk Women &#038; Science","item":"https:\/\/www.salk.edu\/?page_id=2906"},{"@type":"ListItem","position":4,"name":"Profiles &#8211; Courtney Glavis-Bloom"}]},{"@type":"WebSite","@id":"https:\/\/www.salk.edu\/#website","url":"https:\/\/www.salk.edu\/","name":"Salk-Institut f\u00fcr biologische Studien","description":"Die Macht der Wissenschaft","publisher":{"@id":"https:\/\/www.salk.edu\/#organization"},"potentialAction":[{"@type":"SearchAction","target":{"@type":"EntryPoint","urlTemplate":"https:\/\/www.salk.edu\/?s={search_term_string}"},"query-input":{"@type":"PropertyValueSpecification","valueRequired":true,"valueName":"search_term_string"}}],"inLanguage":"de-DE"},{"@type":"Organization","@id":"https:\/\/www.salk.edu\/#organization","name":"Salk-Institut f\u00fcr biologische Studien","url":"https:\/\/www.salk.edu\/","logo":{"@type":"ImageObject","inLanguage":"de-DE","@id":"https:\/\/www.salk.edu\/#\/schema\/logo\/image\/","url":"http:\/\/www.salk.edu\/wp-content\/uploads\/2023\/03\/salk_logo_696.jpg","contentUrl":"http:\/\/www.salk.edu\/wp-content\/uploads\/2023\/03\/salk_logo_696.jpg","width":696,"height":696,"caption":"Salk Institute for Biological Studies"},"image":{"@id":"https:\/\/www.salk.edu\/#\/schema\/logo\/image\/"}}]}},"ACF":{"salk_custom_body_class":"news-release","gallery":false,"secondary_navigation":"<div class=\"menu-women-science-container\"><ul id=\"menu-women-science\" class=\"menu\"><li class=\"menu-item menu-item-type-post_type menu-item-object-page menu-item-5080\"><a href=\"https:\/\/www.salk.edu\/de\/?page_id=2906\">About<\/a><\/li>\n<li class=\"menu-item menu-item-type-post_type menu-item-object-page menu-item-5079\"><a href=\"https:\/\/www.salk.edu\/de\/?page_id=5072\">Events<\/a><\/li>\n<li class=\"menu-item menu-item-type-post_type menu-item-object-page menu-item-9382\"><a href=\"https:\/\/www.salk.edu\/de\/?page_id=9363\">Award Recipients<\/a><\/li>\n<li class=\"menu-item menu-item-type-post_type menu-item-object-page menu-item-28802\"><a href=\"https:\/\/www.salk.edu\/de\/?page_id=28034\">Profiles<\/a><\/li>\n<li class=\"menu-item menu-item-type-post_type menu-item-object-page menu-item-17158\"><a href=\"https:\/\/www.salk.edu\/de\/?page_id=17138\">Photos<\/a><\/li>\n<li class=\"menu-item menu-item-type-post_type menu-item-object-page menu-item-5695\"><a href=\"https:\/\/www.salk.edu\/de\/?page_id=5694\">Advisory Committee<\/a><\/li>\n<\/ul><\/div>"},"_links":{"self":[{"href":"https:\/\/www.salk.edu\/de\/wp-json\/wp\/v2\/pages\/36180","targetHints":{"allow":["GET"]}}],"collection":[{"href":"https:\/\/www.salk.edu\/de\/wp-json\/wp\/v2\/pages"}],"about":[{"href":"https:\/\/www.salk.edu\/de\/wp-json\/wp\/v2\/types\/page"}],"author":[{"embeddable":true,"href":"https:\/\/www.salk.edu\/de\/wp-json\/wp\/v2\/users\/91"}],"replies":[{"embeddable":true,"href":"https:\/\/www.salk.edu\/de\/wp-json\/wp\/v2\/comments?post=36180"}],"version-history":[{"count":2,"href":"https:\/\/www.salk.edu\/de\/wp-json\/wp\/v2\/pages\/36180\/revisions"}],"predecessor-version":[{"id":36184,"href":"https:\/\/www.salk.edu\/de\/wp-json\/wp\/v2\/pages\/36180\/revisions\/36184"}],"up":[{"embeddable":true,"href":"https:\/\/www.salk.edu\/de\/wp-json\/wp\/v2\/pages\/2906"}],"wp:attachment":[{"href":"https:\/\/www.salk.edu\/de\/wp-json\/wp\/v2\/media?parent=36180"}],"wp:term":[{"taxonomy":"folder","embeddable":true,"href":"https:\/\/www.salk.edu\/de\/wp-json\/wp\/v2\/folder?post=36180"}],"curies":[{"name":"WP","href":"https:\/\/api.w.org\/{rel}","templated":true}]}}