{"id":3397,"date":"2015-10-12T14:55:04","date_gmt":"2015-10-12T21:55:04","guid":{"rendered":"https:\/\/vermont.salk.edu\/?page_id=3397"},"modified":"2026-04-13T16:31:25","modified_gmt":"2026-04-13T23:31:25","slug":"high-school-scholars","status":"publish","type":"page","link":"https:\/\/www.salk.edu\/de\/about\/education-outreach\/programs\/high-school-scholars\/","title":{"rendered":"Heithoff-Brody High School Sommer Scholars Programm"},"content":{"rendered":"<p><!-- <strong>The 2025 Heithoff-Brody Summer Scholars candidates have been selected. If you applied and were not selected, we hope that you can apply again next year! Applications for the Summer of 2026 will be opened in December of 2025.<\/strong>\n\n\n<div align=\"right\"><a class=\"btn\" href=\"https:\/\/www.salk.edu\/about\/education-outreach\/programs\/high-school-scholars\/application-2\/\">Click here to apply \u00bb<\/a><\/div>\n\n\n--><\/p>\n<p><strong>The submission deadline was March 1, 11:59 p.m., and we are no longer accepting applications for the 2026 summer program.<\/strong><\/p>\n<p>Jeden Sommer wird eine ausgew\u00e4hlte Gruppe von High-School-Sch\u00fclern eingeladen, der renommierten Forschungsgemeinschaft des Salk Institute f\u00fcr ein 8-w\u00f6chiges bezahltes Praktikum beizutreten \u2013 eine transformative Erfahrung, die darauf abzielt, Neugier zu wecken und praktische F\u00e4higkeiten zu entwickeln.<\/p>\n<p>Praktikanten arbeiten Seite an Seite mit Salk-Wissenschaftlern an bahnbrechenden Forschungsprojekten und sammeln praktische Laborerfahrung unter der Anleitung erfahrener Mentoren. Au\u00dferhalb des Labors nehmen die Studenten an dynamischen Seminaren, Workshops zur Karriereentwicklung, Besichtigungen von Biotech-Unternehmen und anderenenrichment Aktivit\u00e4ten teil, die ihren wissenschaftlichen Horizont erweitern.<\/p>\n<p>Das Programm gipfelt in einem feierlichen Forschungssymposium, auf dem die Studierenden ihre Ergebnisse vor Betreuern, Laborteams und stolzen Familien pr\u00e4sentieren.<\/p>\n<p>Berechtigung: Offen f\u00fcr Sch\u00fcler ab 16 Jahren, die im San Diego County leben und zur Schule gehen.<\/p>\n<p><strong>Das 2026 Heithoff-Brody Scholars Program findet vom 15. Juni bis zum 7. August 2026 statt.<\/strong><\/p>\n<div>\n<p><!--\n<a class=\"btn\" href=\"https:\/\/recruiting2.ultipro.com\/SAL1013SIBS\/JobBoard\/e9f055e1-a105-4f91-9a67-21aea61655fa\/Opportunity\/OpportunityDetail?opportunityId=c6c7e7bc-8bf3-4b6e-bf37-3ccccc6ab182\">Click here to apply \u00bb<\/a><\/div>\n\n\n--><\/p>\n<p align=\"center\"><img loading=\"lazy\" decoding=\"async\" width=\"1024\" height=\"576\" class=\"alignright size-large wp-image-44096\" src=\"https:\/\/www.salk.edu\/wp-content\/uploads\/2023\/11\/image001-1024x576.png\" alt=\"Photo of High School scholars\" srcset=\"https:\/\/www.salk.edu\/wp-content\/uploads\/2023\/11\/image001-1024x576.png 1024w, https:\/\/www.salk.edu\/wp-content\/uploads\/2023\/11\/image001-300x169.png 300w, https:\/\/www.salk.edu\/wp-content\/uploads\/2023\/11\/image001-768x432.png 768w, https:\/\/www.salk.edu\/wp-content\/uploads\/2023\/11\/image001-147x83.png 147w, https:\/\/www.salk.edu\/wp-content\/uploads\/2023\/11\/image001-458x257.png 458w, https:\/\/www.salk.edu\/wp-content\/uploads\/2023\/11\/image001-585x329.png 585w, https:\/\/www.salk.edu\/wp-content\/uploads\/2023\/11\/image001-553x311.png 553w, https:\/\/www.salk.edu\/wp-content\/uploads\/2023\/11\/image001-750x422.png 750w, https:\/\/www.salk.edu\/wp-content\/uploads\/2023\/11\/image001-767x431.png 767w, https:\/\/www.salk.edu\/wp-content\/uploads\/2023\/11\/image001-945x531.png 945w, https:\/\/www.salk.edu\/wp-content\/uploads\/2023\/11\/image001-1250x703.png 1250w, https:\/\/www.salk.edu\/wp-content\/uploads\/2023\/11\/image001-400x225.png 400w, https:\/\/www.salk.edu\/wp-content\/uploads\/2023\/11\/image001.png 1432w\" sizes=\"auto, (max-width: 1024px) 100vw, 1024px\" \/><\/p>\n<p>&nbsp;<\/p>\n<h2>Programmziele<\/h2>\n<p>Seit \u00fcber 40 Jahren erweckt dieses renommierte Programm die Vision von Jonas Salk zum Leben und bringt High-School-Sch\u00fclern die Begeisterung f\u00fcr die Labormedizin und die M\u00f6glichkeiten einer Karriere in der Wissenschaft n\u00e4her.<\/p>\n<ul>\n<li>Praktikanten tauchen in echte wissenschaftliche Untersuchungen ein und arbeiten eins zu eins mit einem engagierten Mentor zusammen, um ein Forschungsprojekt abzuschlie\u00dfen, das die Strenge und Kreativit\u00e4t des Salk Lab widerspiegelt.<\/li>\n<li>Durch Seminare und Workshops st\u00e4rken die Studierenden grundlegende wissenschaftliche F\u00e4higkeiten, von Labortechniken und Bioinformatik bis hin zu Datenanalyse und wissenschaftlicher Kommunikation.<\/li>\n<li>Praktikanten werden Teil des Salk-\u00d6kosystems und vernetzen sich durch Veranstaltungen, Seminare und gemeinsame Aktivit\u00e4ten mit Forschern auf dem gesamten Campus, die die Kultur und die Spitzenforschung des Instituts aufdecken.<\/li>\n<li>Das Programm gipfelt im Summer Scholars Research Symposium, wo die Studierenden ihre Arbeit in Form eines formellen wissenschaftlichen Vortrags oder Posters pr\u00e4sentieren und so Wachstum und Beitr\u00e4ge feiern.<\/li>\n<\/ul>\n<hr \/>\n<h2>Wer kann sich f\u00fcr das Heithoff-Brody High School Summer Scholars Program bewerben?<\/h2>\n<ul>\n<li>Muss Einwohner von San Diego County sein, der sein letztes Schulhalbjahr an einer \u00f6ffentlichen oder privaten High School im San Diego County abgeschlossen hat.<\/li>\n<li>Studenten m\u00fcssen zu Beginn des Praktikums mindestens 16 Jahre alt sein, <strong>15. Juni 2026<\/strong>.<\/li>\n<li>Praktikanten m\u00fcssen sich von bis zu 30\u201340 Stunden pro Woche verpflichten <strong>15. Juni bis 7. August 2026<\/strong>.<\/li>\n<li>Erfolgreich mindestens ein Jahr auf Gymnasialniveau in Chemie und Biologie abgeschlossen.<\/li>\n<li>Mindest-Notendurchschnitt von 2,75.<\/li>\n<li>Eigene Anreise***.<\/li>\n<li>Bewerber unter 18 Jahren m\u00fcssen bei Benachrichtigung \u00fcber eine Einstellung eine Arbeitserlaubnis von ihrer Schule erhalten k\u00f6nnen. Weitere Informationen zu Arbeitserlaubnissen finden Sie im Beratungsb\u00fcro Ihrer Schule.<\/li>\n<\/ul>\n<p><em>Flexibilit\u00e4t bei der Terminplanung und begrenzte M\u00f6glichkeiten f\u00fcr Fernarbeit k\u00f6nnen individuell und auf Basis der Bed\u00fcrfnisse des ausgew\u00e4hlten Studenten sowie nach Ermessen des zugewiesenen Mentors besprochen werden.<br \/>\n<\/em><em>Ausnahmen f\u00fcr einen Notendurchschnitt von weniger als 2,75 werden im Einzelfall gepr\u00fcft.<\/em><br \/>\n<em>Es stehen Transportm\u00f6glichkeiten, einschlie\u00dflich Zusch\u00fcssen f\u00fcr \u00f6ffentliche Verkehrsmittel, f\u00fcr Studenten zur Verf\u00fcgung, die keine zuverl\u00e4ssige Transportm\u00f6glichkeit zum und vom Campus des Salk Institute erhalten k\u00f6nnen.<\/em><\/p>\n<p><a href=\"https:\/\/www.salk.edu\/wp-content\/uploads\/2025\/11\/2026-High-School-Science-Day-Flyer.pdf\" target=\"_blank\" rel=\"noopener\"><img decoding=\"async\" style=\"width: 35%;\" src=\"https:\/\/www.salk.edu\/wp-content\/uploads\/2025\/11\/26-hssd-flyer.jpg\" \/><\/a><\/p>\n<p>F\u00fcr weitere Fragen wenden Sie sich bitte per E-Mail an Community &amp; Engagement unter <a href=\"mailto:community@salk.edu\">community@salk.edu<\/a>.<\/p>\n<p><!--\n<a class=\"btn\" href=\"https:\/\/recruiting2.ultipro.com\/SAL1013SIBS\/JobBoard\/e9f055e1-a105-4f91-9a67-21aea61655fa\/Opportunity\/OpportunityDetail?opportunityId=c6c7e7bc-8bf3-4b6e-bf37-3ccccc6ab182\">Click here to apply \u00bb<\/a>\n--><\/p>\n<p><!--\n\n\n<hr \/>\n\n\n\n\n\n\n<h2>High School Summer Scholars Application Tips Workshops<\/h2>\n\n\n\n\n<table class=\"table table-bordered\" style=\"margin-top: 20px;\">\n\n\n<tbody>\n\n\n<tr class=\"info\">\n\n\n<th>Date<\/th>\n\n\n\n\n<th>Time<\/th>\n\n\n\n\n<th>Title<\/th>\n\n\n<\/tr>\n\n\n\n\n\n<tr>\n\n\n<td>Thursday, December 18, 2025<\/td>\n\n\n\n\n<td>5:00 p.m. \u2013 6:00 p.m.<\/td>\n\n\n\n\n<td>Application, resume, and interview tips workshop<\/td>\n\n\n<\/tr>\n\n\n\n\n\n<tr>\n\n\n<td>Thursday, February 5, 2026<\/td>\n\n\n\n\n<td>5:00 p.m. \u2013 6:00 p.m.<\/td>\n\n\n\n\n<td>Application, resume, and interview tips workshop<\/td>\n\n\n<\/tr>\n\n\n<\/tbody>\n\n\n<\/table>\n\n\n<a class=\"btn\" href=\"https:\/\/zoom.us\/meeting\/register\/LfRH2OZCT_qK519XdS1GVg\" target=\"_blank\" rel=\"noopener\">Register for the February 5 workshop<\/a>\n--><\/p>\n<p><!-- <strong>For all workshops above:<\/strong>\nJoin Zoom Meeting\n<a href=\"https:\/\/salk-edu.zoom.us\/j\/89587958733\" target=\"_blank\" rel=\"noopener\">https:\/\/salk-edu.zoom.us\/j\/89587958733<\/a>\nMeeting ID: 895 8795 8733\nPasscode: Salk --><\/p>\n<hr \/>\n<h2>Anwendungsanforderungen<\/h2>\n<p><strong>Die Bewerbungsfrist f\u00fcr das Heithoff-Brody High School Summer Scholars Program 2026 endet am 1. M\u00e4rz 2026.<\/strong><\/p>\n<p style=\"margin-bottom: 5px;\">Zulassungskriterien oder Voraussetzungen bei der Online-Bewerbung:<\/p>\n<ul style=\"margin-top: 0;\">\n<li>Laden Sie Ihren Lebenslauf im PDF\/Word-Format hoch<\/li>\n<li>Stellen Sie ein Empfehlungsschreiben bereit: Empfehlungsgeber k\u00f6nnen fr\u00fchere oder aktuelle Lehrer jeglichen Fachs, Trainer, Schulberater, Mentoren\/ehemalige Vorgesetzte oder andere in \u00e4hnlichen Funktionen sein. Das Empfehlungsschreiben kann auch direkt eingereicht werden, damit es nur von Salk) per E-Mail gesehen wird, falls dies bevorzugt wird <a href=\"mailto:community@salk.edu\">community@salk.edu<\/a><\/li>\n<li>Reichen Sie inoffizielle Zeugnisse im PDF- oder Bildformat ein<\/li>\n<li>Kurzantwortfragen in der Bewerbung beantworten<\/li>\n<\/ul>\n<p><!--\n<strong><a href=\"https:\/\/www.salk.edu\/wp-content\/uploads\/2025\/12\/Rubric-Heithoff-Brody-High-school-Summer-Scholars.pdf\" target=\"_blank\" rel=\"noopener\">Click here to view the Application Scoring Rubric \u00bb<\/a><\/strong>\n--><\/p>\n<p align=\"center\"><a class=\"btn\" href=\"https:\/\/www.salk.edu\/de\/about\/education-outreach\/programs\/high-school-scholars\/faq\/\">Klicken Sie hier, um die h\u00e4ufig gestellten Fragen anzuzeigen \u00bb<\/a><\/p>\n<p><!--\n\n\n<p align=\"center\"><a class=\"btn\" href=\"https:\/\/recruiting2.ultipro.com\/SAL1013SIBS\/JobBoard\/e9f055e1-a105-4f91-9a67-21aea61655fa\/Opportunity\/OpportunityDetail?opportunityId=c6c7e7bc-8bf3-4b6e-bf37-3ccccc6ab182\">Click here to apply \u00bb<\/a><\/p>\n\n\n--><\/p>","protected":false},"excerpt":{"rendered":"<p><!-- <strong>The 2025 Heithoff-Brody Summer Scholars candidates have been selected. If you applied and were not selected, we hope that you can apply again next year! Applications for the Summer of 2026 will be opened in December of 2025.<\/strong>\n\n\n\n\n<div align=\"right\"><a class=\"btn\" href=\"https:\/\/www.salk.edu\/about\/education-outreach\/programs\/high-school-scholars\/application-2\/\">Click here to apply \u00bb<\/a><\/div>\n\n\n\n\n--><\/p>","protected":false},"author":91,"featured_media":0,"parent":3192,"menu_order":0,"comment_status":"closed","ping_status":"closed","template":"","meta":{"_acf_changed":false,"footnotes":""},"folder":[490],"class_list":["post-3397","page","type-page","status-publish","hentry"],"acf":[],"yoast_head":"<!-- This site is optimized with the Yoast SEO plugin v27.3 - https:\/\/yoast.com\/product\/yoast-seo-wordpress\/ -->\n<title>Heithoff-Brody High School Summer Scholars Program - Salk Institute for Biological Studies<\/title>\n<meta name=\"robots\" content=\"index, follow, max-snippet:-1, max-image-preview:large, max-video-preview:-1\" \/>\n<link rel=\"canonical\" href=\"https:\/\/www.salk.edu\/de\/about\/education-outreach\/programs\/high-school-scholars\/\" \/>\n<meta property=\"og:locale\" content=\"de_DE\" \/>\n<meta property=\"og:type\" content=\"article\" \/>\n<meta property=\"og:title\" content=\"Heithoff-Brody High School Summer Scholars Program - Salk Institute for Biological Studies\" \/>\n<meta property=\"og:url\" content=\"https:\/\/www.salk.edu\/de\/about\/education-outreach\/programs\/high-school-scholars\/\" \/>\n<meta property=\"og:site_name\" content=\"Salk Institute for Biological Studies\" \/>\n<meta property=\"article:modified_time\" content=\"2026-04-13T23:31:25+00:00\" \/>\n<meta property=\"og:image\" content=\"http:\/\/www.salk.edu\/wp-content\/uploads\/2023\/11\/image001-1024x576.png\" \/>\n<meta name=\"twitter:card\" content=\"summary_large_image\" \/>\n<meta name=\"twitter:label1\" content=\"Est. reading time\" \/>\n\t<meta name=\"twitter:data1\" content=\"4 minutes\" \/>\n<script type=\"application\/ld+json\" class=\"yoast-schema-graph\">{\"@context\":\"https:\\\/\\\/schema.org\",\"@graph\":[{\"@type\":\"WebPage\",\"@id\":\"https:\\\/\\\/www.salk.edu\\\/about\\\/education-outreach\\\/programs\\\/high-school-scholars\\\/\",\"url\":\"https:\\\/\\\/www.salk.edu\\\/about\\\/education-outreach\\\/programs\\\/high-school-scholars\\\/\",\"name\":\"Heithoff-Brody High School Summer Scholars Program - Salk Institute for Biological Studies\",\"isPartOf\":{\"@id\":\"https:\\\/\\\/www.salk.edu\\\/#website\"},\"primaryImageOfPage\":{\"@id\":\"https:\\\/\\\/www.salk.edu\\\/about\\\/education-outreach\\\/programs\\\/high-school-scholars\\\/#primaryimage\"},\"image\":{\"@id\":\"https:\\\/\\\/www.salk.edu\\\/about\\\/education-outreach\\\/programs\\\/high-school-scholars\\\/#primaryimage\"},\"thumbnailUrl\":\"http:\\\/\\\/www.salk.edu\\\/wp-content\\\/uploads\\\/2023\\\/11\\\/image001-1024x576.png\",\"datePublished\":\"2015-10-12T21:55:04+00:00\",\"dateModified\":\"2026-04-13T23:31:25+00:00\",\"breadcrumb\":{\"@id\":\"https:\\\/\\\/www.salk.edu\\\/about\\\/education-outreach\\\/programs\\\/high-school-scholars\\\/#breadcrumb\"},\"inLanguage\":\"de-DE\",\"potentialAction\":[{\"@type\":\"ReadAction\",\"target\":[\"https:\\\/\\\/www.salk.edu\\\/about\\\/education-outreach\\\/programs\\\/high-school-scholars\\\/\"]}]},{\"@type\":\"ImageObject\",\"inLanguage\":\"de-DE\",\"@id\":\"https:\\\/\\\/www.salk.edu\\\/about\\\/education-outreach\\\/programs\\\/high-school-scholars\\\/#primaryimage\",\"url\":\"http:\\\/\\\/www.salk.edu\\\/wp-content\\\/uploads\\\/2023\\\/11\\\/image001-1024x576.png\",\"contentUrl\":\"http:\\\/\\\/www.salk.edu\\\/wp-content\\\/uploads\\\/2023\\\/11\\\/image001-1024x576.png\"},{\"@type\":\"BreadcrumbList\",\"@id\":\"https:\\\/\\\/www.salk.edu\\\/about\\\/education-outreach\\\/programs\\\/high-school-scholars\\\/#breadcrumb\",\"itemListElement\":[{\"@type\":\"ListItem\",\"position\":1,\"name\":\"Home\",\"item\":\"https:\\\/\\\/www.salk.edu\\\/\"},{\"@type\":\"ListItem\",\"position\":2,\"name\":\"About\",\"item\":\"https:\\\/\\\/www.salk.edu\\\/about\\\/\"},{\"@type\":\"ListItem\",\"position\":3,\"name\":\"Education Outreach\",\"item\":\"https:\\\/\\\/www.salk.edu\\\/about\\\/education-outreach\\\/\"},{\"@type\":\"ListItem\",\"position\":4,\"name\":\"Programs\",\"item\":\"https:\\\/\\\/www.salk.edu\\\/about\\\/education-outreach\\\/programs\\\/\"},{\"@type\":\"ListItem\",\"position\":5,\"name\":\"Heithoff-Brody High School Summer Scholars Program\"}]},{\"@type\":\"WebSite\",\"@id\":\"https:\\\/\\\/www.salk.edu\\\/#website\",\"url\":\"https:\\\/\\\/www.salk.edu\\\/\",\"name\":\"Salk Institute for Biological Studies\",\"description\":\"The Power of Science\",\"publisher\":{\"@id\":\"https:\\\/\\\/www.salk.edu\\\/#organization\"},\"potentialAction\":[{\"@type\":\"SearchAction\",\"target\":{\"@type\":\"EntryPoint\",\"urlTemplate\":\"https:\\\/\\\/www.salk.edu\\\/?s={search_term_string}\"},\"query-input\":{\"@type\":\"PropertyValueSpecification\",\"valueRequired\":true,\"valueName\":\"search_term_string\"}}],\"inLanguage\":\"de-DE\"},{\"@type\":\"Organization\",\"@id\":\"https:\\\/\\\/www.salk.edu\\\/#organization\",\"name\":\"Salk Institute for Biological Studies\",\"url\":\"https:\\\/\\\/www.salk.edu\\\/\",\"logo\":{\"@type\":\"ImageObject\",\"inLanguage\":\"de-DE\",\"@id\":\"https:\\\/\\\/www.salk.edu\\\/#\\\/schema\\\/logo\\\/image\\\/\",\"url\":\"http:\\\/\\\/www.salk.edu\\\/wp-content\\\/uploads\\\/2023\\\/03\\\/salk_logo_696.jpg\",\"contentUrl\":\"http:\\\/\\\/www.salk.edu\\\/wp-content\\\/uploads\\\/2023\\\/03\\\/salk_logo_696.jpg\",\"width\":696,\"height\":696,\"caption\":\"Salk Institute for Biological Studies\"},\"image\":{\"@id\":\"https:\\\/\\\/www.salk.edu\\\/#\\\/schema\\\/logo\\\/image\\\/\"}}]}<\/script>\n<!-- \/ Yoast SEO plugin. -->","yoast_head_json":{"title":"Heithoff-Brody High School Summer Scholars Program - Salk Institute for Biological Studies","robots":{"index":"index","follow":"follow","max-snippet":"max-snippet:-1","max-image-preview":"max-image-preview:large","max-video-preview":"max-video-preview:-1"},"canonical":"https:\/\/www.salk.edu\/de\/about\/education-outreach\/programs\/high-school-scholars\/","og_locale":"de_DE","og_type":"article","og_title":"Heithoff-Brody High School Summer Scholars Program - Salk Institute for Biological Studies","og_url":"https:\/\/www.salk.edu\/de\/about\/education-outreach\/programs\/high-school-scholars\/","og_site_name":"Salk Institute for Biological Studies","article_modified_time":"2026-04-13T23:31:25+00:00","og_image":[{"url":"http:\/\/www.salk.edu\/wp-content\/uploads\/2023\/11\/image001-1024x576.png","type":"","width":"","height":""}],"twitter_card":"summary_large_image","twitter_misc":{"Est. reading time":"4 minutes"},"schema":{"@context":"https:\/\/schema.org","@graph":[{"@type":"WebPage","@id":"https:\/\/www.salk.edu\/about\/education-outreach\/programs\/high-school-scholars\/","url":"https:\/\/www.salk.edu\/about\/education-outreach\/programs\/high-school-scholars\/","name":"Heithoff-Brody High School Summer Scholars Program - Salk Institute for Biological Studies","isPartOf":{"@id":"https:\/\/www.salk.edu\/#website"},"primaryImageOfPage":{"@id":"https:\/\/www.salk.edu\/about\/education-outreach\/programs\/high-school-scholars\/#primaryimage"},"image":{"@id":"https:\/\/www.salk.edu\/about\/education-outreach\/programs\/high-school-scholars\/#primaryimage"},"thumbnailUrl":"http:\/\/www.salk.edu\/wp-content\/uploads\/2023\/11\/image001-1024x576.png","datePublished":"2015-10-12T21:55:04+00:00","dateModified":"2026-04-13T23:31:25+00:00","breadcrumb":{"@id":"https:\/\/www.salk.edu\/about\/education-outreach\/programs\/high-school-scholars\/#breadcrumb"},"inLanguage":"de-DE","potentialAction":[{"@type":"ReadAction","target":["https:\/\/www.salk.edu\/about\/education-outreach\/programs\/high-school-scholars\/"]}]},{"@type":"ImageObject","inLanguage":"de-DE","@id":"https:\/\/www.salk.edu\/about\/education-outreach\/programs\/high-school-scholars\/#primaryimage","url":"http:\/\/www.salk.edu\/wp-content\/uploads\/2023\/11\/image001-1024x576.png","contentUrl":"http:\/\/www.salk.edu\/wp-content\/uploads\/2023\/11\/image001-1024x576.png"},{"@type":"BreadcrumbList","@id":"https:\/\/www.salk.edu\/about\/education-outreach\/programs\/high-school-scholars\/#breadcrumb","itemListElement":[{"@type":"ListItem","position":1,"name":"Home","item":"https:\/\/www.salk.edu\/"},{"@type":"ListItem","position":2,"name":"About","item":"https:\/\/www.salk.edu\/about\/"},{"@type":"ListItem","position":3,"name":"Education Outreach","item":"https:\/\/www.salk.edu\/about\/education-outreach\/"},{"@type":"ListItem","position":4,"name":"Programs","item":"https:\/\/www.salk.edu\/about\/education-outreach\/programs\/"},{"@type":"ListItem","position":5,"name":"Heithoff-Brody High School Summer Scholars Program"}]},{"@type":"WebSite","@id":"https:\/\/www.salk.edu\/#website","url":"https:\/\/www.salk.edu\/","name":"Salk-Institut f\u00fcr biologische Studien","description":"Die Macht der Wissenschaft","publisher":{"@id":"https:\/\/www.salk.edu\/#organization"},"potentialAction":[{"@type":"SearchAction","target":{"@type":"EntryPoint","urlTemplate":"https:\/\/www.salk.edu\/?s={search_term_string}"},"query-input":{"@type":"PropertyValueSpecification","valueRequired":true,"valueName":"search_term_string"}}],"inLanguage":"de-DE"},{"@type":"Organization","@id":"https:\/\/www.salk.edu\/#organization","name":"Salk-Institut f\u00fcr biologische Studien","url":"https:\/\/www.salk.edu\/","logo":{"@type":"ImageObject","inLanguage":"de-DE","@id":"https:\/\/www.salk.edu\/#\/schema\/logo\/image\/","url":"http:\/\/www.salk.edu\/wp-content\/uploads\/2023\/03\/salk_logo_696.jpg","contentUrl":"http:\/\/www.salk.edu\/wp-content\/uploads\/2023\/03\/salk_logo_696.jpg","width":696,"height":696,"caption":"Salk Institute for Biological Studies"},"image":{"@id":"https:\/\/www.salk.edu\/#\/schema\/logo\/image\/"}}]}},"ACF":{"hero":"https:\/\/www.salk.edu\/wp-content\/uploads\/2015\/08\/EdOutreach-1920x550-03.jpg","line_1":"<span>EDUCATION OUTREACH<\/span>","line_2":"Heithoff-Brody High School Summer Scholars Program at the Salk Institute","secondary_navigation":"<div class=\"menu-education-outreach-container\"><ul id=\"menu-education-outreach\" class=\"menu\"><li class=\"menu-item menu-item-type-post_type menu-item-object-page menu-item-3201\"><a href=\"https:\/\/www.salk.edu\/de\/about\/education-outreach\/\">About<\/a><\/li>\n<li class=\"menu-item menu-item-type-post_type menu-item-object-page menu-item-3200\"><a href=\"https:\/\/www.salk.edu\/de\/about\/education-outreach\/programs\/\">Programs<\/a><\/li>\n<li class=\"menu-item menu-item-type-custom menu-item-object-custom menu-item-39771\"><a href=\"https:\/\/www.salk.edu\/about\/education-outreach\/donors\/\">Donors<\/a><\/li>\n<li class=\"menu-item menu-item-type-post_type menu-item-object-page menu-item-3197\"><a href=\"https:\/\/www.salk.edu\/de\/about\/education-outreach\/teacher-resources\/\">Teacher Resources<\/a><\/li>\n<\/ul><\/div>","gallery":false,"salk_custom_body_class":"","poster_quote":""},"_links":{"self":[{"href":"https:\/\/www.salk.edu\/de\/wp-json\/wp\/v2\/pages\/3397","targetHints":{"allow":["GET"]}}],"collection":[{"href":"https:\/\/www.salk.edu\/de\/wp-json\/wp\/v2\/pages"}],"about":[{"href":"https:\/\/www.salk.edu\/de\/wp-json\/wp\/v2\/types\/page"}],"author":[{"embeddable":true,"href":"https:\/\/www.salk.edu\/de\/wp-json\/wp\/v2\/users\/91"}],"replies":[{"embeddable":true,"href":"https:\/\/www.salk.edu\/de\/wp-json\/wp\/v2\/comments?post=3397"}],"version-history":[{"count":128,"href":"https:\/\/www.salk.edu\/de\/wp-json\/wp\/v2\/pages\/3397\/revisions"}],"predecessor-version":[{"id":56481,"href":"https:\/\/www.salk.edu\/de\/wp-json\/wp\/v2\/pages\/3397\/revisions\/56481"}],"up":[{"embeddable":true,"href":"https:\/\/www.salk.edu\/de\/wp-json\/wp\/v2\/pages\/3192"}],"wp:attachment":[{"href":"https:\/\/www.salk.edu\/de\/wp-json\/wp\/v2\/media?parent=3397"}],"wp:term":[{"taxonomy":"folder","embeddable":true,"href":"https:\/\/www.salk.edu\/de\/wp-json\/wp\/v2\/folder?post=3397"}],"curies":[{"name":"WP","href":"https:\/\/api.w.org\/{rel}","templated":true}]}}