{"id":33833,"date":"2022-02-17T16:39:44","date_gmt":"2022-02-18T00:39:44","guid":{"rendered":"https:\/\/vermont.salk.edu\/?page_id=33833"},"modified":"2024-02-05T15:34:01","modified_gmt":"2024-02-05T23:34:01","slug":"profiles-laura-newman","status":"publish","type":"page","link":"https:\/\/www.salk.edu\/de\/engage\/women-science\/profiles-laura-newman\/","title":{"rendered":"Profile"},"content":{"rendered":"<h2>Als Laura Newman in einem Biologiebuch in der Mittelstufe bl\u00e4tterte, blieb sie bei einer detaillierten Abbildung einer Zelle h\u00e4ngen. Spezielle Strukturen innerhalb der Zelle, Organellen genannt, fesselten ihre Fantasie, als sie dar\u00fcber nachdachte, wie diese zarten, aber komplizierten Strukturen entstanden waren.<\/h2>\n<figure id=\"attachment_33834\"  class=\"wp-caption alignright\"><img loading=\"lazy\" decoding=\"async\" width=\"767\" height=\"511\" class=\"img-responsive wp-image-33834 size-col-md-5\" src=\"https:\/\/www.salk.edu\/wp-content\/uploads\/2022\/02\/ws-profile-laura-newman.jpg\" alt=\"Laura Newman\" srcset=\"https:\/\/www.salk.edu\/wp-content\/uploads\/2022\/02\/ws-profile-laura-newman.jpg 767w, https:\/\/www.salk.edu\/wp-content\/uploads\/2022\/02\/ws-profile-laura-newman-300x200.jpg 300w, https:\/\/www.salk.edu\/wp-content\/uploads\/2022\/02\/ws-profile-laura-newman-147x98.jpg 147w, https:\/\/www.salk.edu\/wp-content\/uploads\/2022\/02\/ws-profile-laura-newman-458x305.jpg 458w, https:\/\/www.salk.edu\/wp-content\/uploads\/2022\/02\/ws-profile-laura-newman-585x390.jpg 585w, https:\/\/www.salk.edu\/wp-content\/uploads\/2022\/02\/ws-profile-laura-newman-553x368.jpg 553w, https:\/\/www.salk.edu\/wp-content\/uploads\/2022\/02\/ws-profile-laura-newman-750x500.jpg 750w, https:\/\/www.salk.edu\/wp-content\/uploads\/2022\/02\/ws-profile-laura-newman-400x266.jpg 400w\" sizes=\"auto, (max-width: 767px) 100vw, 767px\" \/><figcaption class=\"wp-caption-text\">Laura Newman<br \/>Postdoktorand, Shadel Labor<\/figcaption><\/figure>\n<p>Besonders faszinierten sie die Mitochondrien, die oft als Kraftwerke der Zelle bezeichnet werden. In der Evolutionsgeschichte glauben Wissenschaftler, dass Mitochondrien als Bakterien mit eigener DNA entstanden sind, bevor sie von der Zelle umschlossen wurden. \u201cJede Zelle hat im Grunde dieses uralte Bakterium in sich leben\u201d, sagt Newman. \u201cDas fand ich so cool.\u201d<\/p>\n<p>Aber als sie ihr Studium an der Indiana University begann, wusste Newman nicht, dass das Studium der biologischen Grundlagen eine Karriereoption war. Stattdessen verfolgte sie ein Doppelstudium in Biotechnologie und Neurowissenschaften in Vorbereitung auf die medizinische Fakult\u00e4t. W\u00e4hrend ihres dritten Studienjahres wurde Newman ermutigt, in einem wissenschaftlichen Labor zu arbeiten. Als sie ihre ersten Experimente durchf\u00fchrte, wusste sie sofort, dass sich ihr Leben f\u00fcr immer ver\u00e4ndern w\u00fcrde.<\/p>\n<p>\u201cIch habe mich im Labor in die Wissenschaft verliebt. Der Prozess der Durchf\u00fchrung eines Experiments war rational und elegant\u201d, sagt Newman. \u201cWissenschaft ist eine erstaunliche M\u00f6glichkeit, die Welt um dich herum zu verstehen.\u201d<\/p>\n<p>Anstatt eines Medizinstudiums absolvierte Newman ein Graduiertenstudium in Biochemie, Zell- und Entwicklungsbiologie an der Emory University. Dort erforschte sie die Rolle von Mitochondrien bei zellul\u00e4rem Stress, bevor sie eine Postdoc-Stelle in einem Labor suchte, in dem sie die Beziehung zwischen Mitochondrien, Stress und dem Immunsystem weiter untersuchen konnte.<\/p>\n<p>\u201cSalk-Professor <a href=\"https:\/\/www.salk.edu\/de\/scientist\/gerald-shadel\/\">Gerald Shadel<\/a> ist f\u00fchrend darin, wie Mitochondrien das Immunsystem aktivieren. Und Mitglieder des Shadel-Labors erforschen alles \u00fcber Mitochondrien\u201d, sagt Newman. \u201cZus\u00e4tzlich ist das Salk Institute ein so einzigartiger Arbeitsplatz, weil die Leute immer begeistert sind, Ideen und Ressourcen zu teilen, was die Zusammenarbeit so einfach macht.\u201d<\/p>\n<p>Bei Salk konzentriert sich Newmans Hauptaugenmerk darauf, wie Zellen erkennen k\u00f6nnen, wann sie krank oder gesch\u00e4digt sind, um das Immunsystem f\u00fcr das \u00dcberleben der Zelle zu aktivieren. Zusammenarbeit mit dem stellvertretenden Forschungsprofessor <a href=\"https:\/\/www.salk.edu\/de\/scientist\/uri-manor\/\">Uri Manor<\/a>, Direktor des <a href=\"https:\/\/www.salk.edu\/de\/science\/core-facilities\/advanced-biophotonics\/\">Waitt Advanced Biophotonics Core<\/a>, hat ihr erm\u00f6glicht, modernste Mikroskopietechniken einzusetzen, um einige Schl\u00fcsselaufschl\u00fcsse in ihrer Forschung zu erzielen. Aufgrund ihrer und der Forschung des Labors glaubt sie, dass Mitochondrien die Organellen sein k\u00f6nnten, die der Zelle eine Virusinfektion signalisieren oder m\u00f6glicherweise Entz\u00fcndungen hervorrufen. Und Entz\u00fcndungen liegen vielen Krankheiten zugrunde, wie Alzheimer, Parkinson, Diabetes und Fettleibigkeit.<\/p>\n<p>Newman war Co-Autorin einer Arbeit \u00fcber mitochondriale DNA-Stresssignale, die 2019 in Nature Metabolism ver\u00f6ffentlicht wurde, und sie erhielt k\u00fcrzlich einen NIH-finanzierten MOSAIC Postdoctoral Career Transition Award to Promote Diversity (K99\/R00), der sie in den n\u00e4chsten f\u00fcnf Jahren finanzieren wird, w\u00e4hrend sie ihre Arbeit am Salk abschlie\u00dft und beginnt, ihr eigenes Forschungsprogramm zu entwickeln.<\/p>\n<p>\u201cIch wollte schon immer mein eigenes Labor haben, und diese Auszeichnung wird viele T\u00fcren \u00f6ffnen, um mein Ziel zu erreichen\u201d, sagt Newman. \u201cAls die Coronavirus-Pandemie ausbrach, nutzte ich die Zeit au\u00dferhalb des Labors, um an dem Stipendium zu arbeiten. Ich kann Ihnen gar nicht sagen, wie aufgeregt ich bin, dass ich es tats\u00e4chlich bekommen habe.\u201d<\/p>\n<p>Ein weiteres ihrer Interessen ist es, besser zu verstehen, wie Mitochondrien auf virale Infektionen wie Grippe, Herpes und COVID-19 reagieren. Beispielsweise kann mitochondriale DNA bei einer schweren COVID-19-Infektion freigesetzt werden. Daher m\u00f6chte Newman den Kampf zwischen Mitochondrien und Viren in infizierten Zellen untersuchen, mit Schwerpunkt auf der Entz\u00fcndungsreaktion.<\/p>\n<p>Abseits des Labors nimmt Newman ihr Biologie-Fachwissen mit nach Hause, wo sie Bier und Kombucha braut. Sie experimentiert gerne mit exotischen Geschmacksrichtungen, darunter Jalape\u00f1o und Hatch-Gr\u00fcnchili. \u201cIch liebe es, mein experimentelles Wissen \u00fcber Mikrobiologie nutzen zu k\u00f6nnen, um verschiedene Gebr\u00e4ue herzustellen\u201d, sagt Newman. \u201cEs ist eine unterhaltsame Art, Wissenschaft mit meinen Freunden und meiner Familie zu teilen.\u201d<\/p>\n<p>Newman setzt sich auch leidenschaftlich f\u00fcr die Pflege einer positiven Laborumgebung und die F\u00f6rderung der psychischen Gesundheit ein. Sie ist Mitglied von Salks <a href=\"https:\/\/www.salk.edu\/de\/about\/careers\/academic-training\/society-of-research-fellows\/activities\/\">Gesellschaft der Forschungsstipendiaten<\/a>, dem Ausschuss f\u00fcr Auszubildende und der Initiative Engagement &amp; Wellbeing, wo sie dazu beitr\u00e4gt, eine einladende Atmosph\u00e4re zu schaffen.<\/p>\n<p>\u201cIch habe an psychischen Erkrankungen gelitten und hatte das Gl\u00fcck, dass ich in jeder Phase meiner wissenschaftlichen Karriere Unterst\u00fctzung erfahren habe, was mir geholfen hat, trotz meiner Schwierigkeiten erfolgreich zu sein\u201d, sagt Newman. \u201cForschung ist herausfordernd, da fehlgeschlagene Experimente und die Ablehnung von F\u00f6rderantr\u00e4gen und Manuskripten es schwierig machen k\u00f6nnen, weiterzumachen. Unterrepr\u00e4sentierte Minderheiten und Frauen stehen zus\u00e4tzlich vor weiteren Herausforderungen. Gemeinschaftliche Unterst\u00fctzung st\u00e4rkt die Widerstandsf\u00e4higkeit und hilft jedem, erfolgreich zu sein.\u201d<\/p>\n<div class=\"row blocks pl-0 pr-0 sign-up-attend-container\">\n<div class=\"col-sm-12 sign-up-attend\">\n<h2 class=\"crimson\" style=\"color: #728baa;\">Einen Unterschied machen.<\/h2>\n<p><a class=\"button-dark inline\" style=\"text-decoration: none;\" href=\"https:\/\/donatenow.networkforgood.org\/where-cures-begin\">HEUTE SPENDEN<\/a><\/p>\n<\/div>\n<\/div>","protected":false},"excerpt":{"rendered":"<h2>Als Laura Newman in einem Biologiebuch in der Mittelstufe bl\u00e4tterte, blieb sie bei einer detaillierten Abbildung einer Zelle h\u00e4ngen. Spezielle Strukturen innerhalb der Zelle, Organellen genannt, fesselten ihre Fantasie, als sie dar\u00fcber nachdachte, wie diese zarten, aber komplizierten Strukturen entstanden waren.<\/h2>\n<figure id=\"attachment_33834\"  class=\"wp-caption alignright\"><img loading=\"lazy\" decoding=\"async\" width=\"767\" height=\"511\" class=\"img-responsive wp-image-33834 size-col-md-5\" src=\"https:\/\/www.salk.edu\/wp-content\/uploads\/2022\/02\/ws-profile-laura-newman.jpg\" alt=\"Laura Newman\" srcset=\"https:\/\/www.salk.edu\/wp-content\/uploads\/2022\/02\/ws-profile-laura-newman.jpg 767w, https:\/\/www.salk.edu\/wp-content\/uploads\/2022\/02\/ws-profile-laura-newman-300x200.jpg 300w, https:\/\/www.salk.edu\/wp-content\/uploads\/2022\/02\/ws-profile-laura-newman-147x98.jpg 147w, https:\/\/www.salk.edu\/wp-content\/uploads\/2022\/02\/ws-profile-laura-newman-458x305.jpg 458w, https:\/\/www.salk.edu\/wp-content\/uploads\/2022\/02\/ws-profile-laura-newman-585x390.jpg 585w, https:\/\/www.salk.edu\/wp-content\/uploads\/2022\/02\/ws-profile-laura-newman-553x368.jpg 553w, https:\/\/www.salk.edu\/wp-content\/uploads\/2022\/02\/ws-profile-laura-newman-750x500.jpg 750w, https:\/\/www.salk.edu\/wp-content\/uploads\/2022\/02\/ws-profile-laura-newman-400x266.jpg 400w\" sizes=\"auto, (max-width: 767px) 100vw, 767px\" \/><figcaption class=\"wp-caption-text\">Laura Newman<br \/>Postdoktorand, Shadel Labor<\/figcaption><\/figure>\n<p>Besonders faszinierten sie die Mitochondrien, die oft als Kraftwerke der Zelle bezeichnet werden. In der Evolutionsgeschichte glauben Wissenschaftler, dass Mitochondrien als Bakterien mit eigener DNA entstanden sind, bevor sie von der Zelle umschlossen wurden. \u201cJede Zelle hat im Grunde dieses uralte Bakterium in sich leben\u201d, sagt Newman. \u201cDas fand ich so cool.\u201d<\/p>","protected":false},"author":91,"featured_media":0,"parent":2906,"menu_order":0,"comment_status":"closed","ping_status":"closed","template":"","meta":{"_acf_changed":false,"footnotes":""},"folder":[527],"class_list":["post-33833","page","type-page","status-publish","hentry"],"acf":[],"yoast_head":"<!-- This site is optimized with the Yoast SEO plugin v27.3 - https:\/\/yoast.com\/product\/yoast-seo-wordpress\/ -->\n<title>Profiles - Salk Institute for Biological Studies<\/title>\n<meta name=\"robots\" content=\"index, follow, max-snippet:-1, max-image-preview:large, max-video-preview:-1\" \/>\n<link rel=\"canonical\" href=\"https:\/\/www.salk.edu\/de\/engage\/women-science\/profiles-laura-newman\/\" \/>\n<meta property=\"og:locale\" content=\"de_DE\" \/>\n<meta property=\"og:type\" content=\"article\" \/>\n<meta property=\"og:title\" content=\"Profiles - Salk Institute for Biological Studies\" \/>\n<meta property=\"og:description\" content=\"Flipping through a biology textbook in middle school, Laura Newman paused at a detailed picture of the cell. Specialized structures inside the cell, called organelles, captured her imagination as she thought about how these delicate, yet complicated, structures came to be. Laura NewmanPostdoctoral Fellow, Shadel Lab In particular, she was fascinated by mitochondria, often dubbed the powerhouses of the cell. In evolutionary history, scientists believe that mitochondria began as bacteria with their own DNA before being enveloped by the cell. \u201cEvery cell essentially has this ancient bacterium living inside of it,\u201d says Newman. \u201cI thought that was so cool.\u201d\" \/>\n<meta property=\"og:url\" content=\"https:\/\/www.salk.edu\/de\/engage\/women-science\/profiles-laura-newman\/\" \/>\n<meta property=\"og:site_name\" content=\"Salk Institute for Biological Studies\" \/>\n<meta property=\"article:modified_time\" content=\"2024-02-05T23:34:01+00:00\" \/>\n<meta property=\"og:image\" content=\"http:\/\/www.salk.edu\/wp-content\/uploads\/2022\/02\/ws-profile-laura-newman.jpg\" \/>\n<meta name=\"twitter:card\" content=\"summary_large_image\" \/>\n<meta name=\"twitter:label1\" content=\"Est. reading time\" \/>\n\t<meta name=\"twitter:data1\" content=\"4 minutes\" \/>\n<script type=\"application\/ld+json\" class=\"yoast-schema-graph\">{\"@context\":\"https:\\\/\\\/schema.org\",\"@graph\":[{\"@type\":\"WebPage\",\"@id\":\"https:\\\/\\\/www.salk.edu\\\/engage\\\/women-science\\\/profiles-laura-newman\\\/\",\"url\":\"https:\\\/\\\/www.salk.edu\\\/engage\\\/women-science\\\/profiles-laura-newman\\\/\",\"name\":\"Profiles - Salk Institute for Biological Studies\",\"isPartOf\":{\"@id\":\"https:\\\/\\\/www.salk.edu\\\/#website\"},\"primaryImageOfPage\":{\"@id\":\"https:\\\/\\\/www.salk.edu\\\/engage\\\/women-science\\\/profiles-laura-newman\\\/#primaryimage\"},\"image\":{\"@id\":\"https:\\\/\\\/www.salk.edu\\\/engage\\\/women-science\\\/profiles-laura-newman\\\/#primaryimage\"},\"thumbnailUrl\":\"http:\\\/\\\/www.salk.edu\\\/wp-content\\\/uploads\\\/2022\\\/02\\\/ws-profile-laura-newman.jpg\",\"datePublished\":\"2022-02-18T00:39:44+00:00\",\"dateModified\":\"2024-02-05T23:34:01+00:00\",\"breadcrumb\":{\"@id\":\"https:\\\/\\\/www.salk.edu\\\/engage\\\/women-science\\\/profiles-laura-newman\\\/#breadcrumb\"},\"inLanguage\":\"de-DE\",\"potentialAction\":[{\"@type\":\"ReadAction\",\"target\":[\"https:\\\/\\\/www.salk.edu\\\/engage\\\/women-science\\\/profiles-laura-newman\\\/\"]}]},{\"@type\":\"ImageObject\",\"inLanguage\":\"de-DE\",\"@id\":\"https:\\\/\\\/www.salk.edu\\\/engage\\\/women-science\\\/profiles-laura-newman\\\/#primaryimage\",\"url\":\"http:\\\/\\\/www.salk.edu\\\/wp-content\\\/uploads\\\/2022\\\/02\\\/ws-profile-laura-newman.jpg\",\"contentUrl\":\"http:\\\/\\\/www.salk.edu\\\/wp-content\\\/uploads\\\/2022\\\/02\\\/ws-profile-laura-newman.jpg\"},{\"@type\":\"BreadcrumbList\",\"@id\":\"https:\\\/\\\/www.salk.edu\\\/engage\\\/women-science\\\/profiles-laura-newman\\\/#breadcrumb\",\"itemListElement\":[{\"@type\":\"ListItem\",\"position\":1,\"name\":\"Home\",\"item\":\"https:\\\/\\\/www.salk.edu\\\/\"},{\"@type\":\"ListItem\",\"position\":2,\"name\":\"Private: Engage\",\"item\":\"https:\\\/\\\/www.salk.edu\\\/?page_id=26963\"},{\"@type\":\"ListItem\",\"position\":3,\"name\":\"Private: Salk Women &#038; Science\",\"item\":\"https:\\\/\\\/www.salk.edu\\\/?page_id=2906\"},{\"@type\":\"ListItem\",\"position\":4,\"name\":\"Profiles\"}]},{\"@type\":\"WebSite\",\"@id\":\"https:\\\/\\\/www.salk.edu\\\/#website\",\"url\":\"https:\\\/\\\/www.salk.edu\\\/\",\"name\":\"Salk Institute for Biological Studies\",\"description\":\"The Power of Science\",\"publisher\":{\"@id\":\"https:\\\/\\\/www.salk.edu\\\/#organization\"},\"potentialAction\":[{\"@type\":\"SearchAction\",\"target\":{\"@type\":\"EntryPoint\",\"urlTemplate\":\"https:\\\/\\\/www.salk.edu\\\/?s={search_term_string}\"},\"query-input\":{\"@type\":\"PropertyValueSpecification\",\"valueRequired\":true,\"valueName\":\"search_term_string\"}}],\"inLanguage\":\"de-DE\"},{\"@type\":\"Organization\",\"@id\":\"https:\\\/\\\/www.salk.edu\\\/#organization\",\"name\":\"Salk Institute for Biological Studies\",\"url\":\"https:\\\/\\\/www.salk.edu\\\/\",\"logo\":{\"@type\":\"ImageObject\",\"inLanguage\":\"de-DE\",\"@id\":\"https:\\\/\\\/www.salk.edu\\\/#\\\/schema\\\/logo\\\/image\\\/\",\"url\":\"http:\\\/\\\/www.salk.edu\\\/wp-content\\\/uploads\\\/2023\\\/03\\\/salk_logo_696.jpg\",\"contentUrl\":\"http:\\\/\\\/www.salk.edu\\\/wp-content\\\/uploads\\\/2023\\\/03\\\/salk_logo_696.jpg\",\"width\":696,\"height\":696,\"caption\":\"Salk Institute for Biological Studies\"},\"image\":{\"@id\":\"https:\\\/\\\/www.salk.edu\\\/#\\\/schema\\\/logo\\\/image\\\/\"}}]}<\/script>\n<!-- \/ Yoast SEO plugin. -->","yoast_head_json":{"title":"Profiles - Salk Institute for Biological Studies","robots":{"index":"index","follow":"follow","max-snippet":"max-snippet:-1","max-image-preview":"max-image-preview:large","max-video-preview":"max-video-preview:-1"},"canonical":"https:\/\/www.salk.edu\/de\/engage\/women-science\/profiles-laura-newman\/","og_locale":"de_DE","og_type":"article","og_title":"Profiles - Salk Institute for Biological Studies","og_description":"Flipping through a biology textbook in middle school, Laura Newman paused at a detailed picture of the cell. Specialized structures inside the cell, called organelles, captured her imagination as she thought about how these delicate, yet complicated, structures came to be. Laura NewmanPostdoctoral Fellow, Shadel Lab In particular, she was fascinated by mitochondria, often dubbed the powerhouses of the cell. In evolutionary history, scientists believe that mitochondria began as bacteria with their own DNA before being enveloped by the cell. \u201cEvery cell essentially has this ancient bacterium living inside of it,\u201d says Newman. \u201cI thought that was so cool.\u201d","og_url":"https:\/\/www.salk.edu\/de\/engage\/women-science\/profiles-laura-newman\/","og_site_name":"Salk Institute for Biological Studies","article_modified_time":"2024-02-05T23:34:01+00:00","og_image":[{"url":"http:\/\/www.salk.edu\/wp-content\/uploads\/2022\/02\/ws-profile-laura-newman.jpg","type":"","width":"","height":""}],"twitter_card":"summary_large_image","twitter_misc":{"Est. reading time":"4 minutes"},"schema":{"@context":"https:\/\/schema.org","@graph":[{"@type":"WebPage","@id":"https:\/\/www.salk.edu\/engage\/women-science\/profiles-laura-newman\/","url":"https:\/\/www.salk.edu\/engage\/women-science\/profiles-laura-newman\/","name":"Profiles - Salk Institute for Biological Studies","isPartOf":{"@id":"https:\/\/www.salk.edu\/#website"},"primaryImageOfPage":{"@id":"https:\/\/www.salk.edu\/engage\/women-science\/profiles-laura-newman\/#primaryimage"},"image":{"@id":"https:\/\/www.salk.edu\/engage\/women-science\/profiles-laura-newman\/#primaryimage"},"thumbnailUrl":"http:\/\/www.salk.edu\/wp-content\/uploads\/2022\/02\/ws-profile-laura-newman.jpg","datePublished":"2022-02-18T00:39:44+00:00","dateModified":"2024-02-05T23:34:01+00:00","breadcrumb":{"@id":"https:\/\/www.salk.edu\/engage\/women-science\/profiles-laura-newman\/#breadcrumb"},"inLanguage":"de-DE","potentialAction":[{"@type":"ReadAction","target":["https:\/\/www.salk.edu\/engage\/women-science\/profiles-laura-newman\/"]}]},{"@type":"ImageObject","inLanguage":"de-DE","@id":"https:\/\/www.salk.edu\/engage\/women-science\/profiles-laura-newman\/#primaryimage","url":"http:\/\/www.salk.edu\/wp-content\/uploads\/2022\/02\/ws-profile-laura-newman.jpg","contentUrl":"http:\/\/www.salk.edu\/wp-content\/uploads\/2022\/02\/ws-profile-laura-newman.jpg"},{"@type":"BreadcrumbList","@id":"https:\/\/www.salk.edu\/engage\/women-science\/profiles-laura-newman\/#breadcrumb","itemListElement":[{"@type":"ListItem","position":1,"name":"Home","item":"https:\/\/www.salk.edu\/"},{"@type":"ListItem","position":2,"name":"Private: Engage","item":"https:\/\/www.salk.edu\/?page_id=26963"},{"@type":"ListItem","position":3,"name":"Private: Salk Women &#038; Science","item":"https:\/\/www.salk.edu\/?page_id=2906"},{"@type":"ListItem","position":4,"name":"Profiles"}]},{"@type":"WebSite","@id":"https:\/\/www.salk.edu\/#website","url":"https:\/\/www.salk.edu\/","name":"Salk-Institut f\u00fcr biologische Studien","description":"Die Macht der Wissenschaft","publisher":{"@id":"https:\/\/www.salk.edu\/#organization"},"potentialAction":[{"@type":"SearchAction","target":{"@type":"EntryPoint","urlTemplate":"https:\/\/www.salk.edu\/?s={search_term_string}"},"query-input":{"@type":"PropertyValueSpecification","valueRequired":true,"valueName":"search_term_string"}}],"inLanguage":"de-DE"},{"@type":"Organization","@id":"https:\/\/www.salk.edu\/#organization","name":"Salk-Institut f\u00fcr biologische Studien","url":"https:\/\/www.salk.edu\/","logo":{"@type":"ImageObject","inLanguage":"de-DE","@id":"https:\/\/www.salk.edu\/#\/schema\/logo\/image\/","url":"http:\/\/www.salk.edu\/wp-content\/uploads\/2023\/03\/salk_logo_696.jpg","contentUrl":"http:\/\/www.salk.edu\/wp-content\/uploads\/2023\/03\/salk_logo_696.jpg","width":696,"height":696,"caption":"Salk Institute for Biological Studies"},"image":{"@id":"https:\/\/www.salk.edu\/#\/schema\/logo\/image\/"}}]}},"ACF":{"hero":"https:\/\/www.salk.edu\/wp-content\/uploads\/2022\/01\/ws-header-2022.jpg","line_1":"Salk Women & Science","line_2":"Laura Newman","poster_quote":"","salk_custom_body_class":"news-release","gallery":false,"secondary_navigation":"<div class=\"menu-women-science-container\"><ul id=\"menu-women-science\" class=\"menu\"><li class=\"menu-item menu-item-type-post_type menu-item-object-page menu-item-5080\"><a href=\"https:\/\/www.salk.edu\/de\/?page_id=2906\">About<\/a><\/li>\n<li class=\"menu-item menu-item-type-post_type menu-item-object-page menu-item-5079\"><a href=\"https:\/\/www.salk.edu\/de\/?page_id=5072\">Events<\/a><\/li>\n<li class=\"menu-item menu-item-type-post_type menu-item-object-page menu-item-9382\"><a href=\"https:\/\/www.salk.edu\/de\/?page_id=9363\">Award Recipients<\/a><\/li>\n<li class=\"menu-item menu-item-type-post_type menu-item-object-page menu-item-28802\"><a href=\"https:\/\/www.salk.edu\/de\/?page_id=28034\">Profiles<\/a><\/li>\n<li class=\"menu-item menu-item-type-post_type menu-item-object-page menu-item-17158\"><a href=\"https:\/\/www.salk.edu\/de\/?page_id=17138\">Photos<\/a><\/li>\n<li class=\"menu-item menu-item-type-post_type menu-item-object-page menu-item-5695\"><a href=\"https:\/\/www.salk.edu\/de\/?page_id=5694\">Advisory Committee<\/a><\/li>\n<\/ul><\/div>"},"_links":{"self":[{"href":"https:\/\/www.salk.edu\/de\/wp-json\/wp\/v2\/pages\/33833","targetHints":{"allow":["GET"]}}],"collection":[{"href":"https:\/\/www.salk.edu\/de\/wp-json\/wp\/v2\/pages"}],"about":[{"href":"https:\/\/www.salk.edu\/de\/wp-json\/wp\/v2\/types\/page"}],"author":[{"embeddable":true,"href":"https:\/\/www.salk.edu\/de\/wp-json\/wp\/v2\/users\/91"}],"replies":[{"embeddable":true,"href":"https:\/\/www.salk.edu\/de\/wp-json\/wp\/v2\/comments?post=33833"}],"version-history":[{"count":2,"href":"https:\/\/www.salk.edu\/de\/wp-json\/wp\/v2\/pages\/33833\/revisions"}],"predecessor-version":[{"id":33836,"href":"https:\/\/www.salk.edu\/de\/wp-json\/wp\/v2\/pages\/33833\/revisions\/33836"}],"up":[{"embeddable":true,"href":"https:\/\/www.salk.edu\/de\/wp-json\/wp\/v2\/pages\/2906"}],"wp:attachment":[{"href":"https:\/\/www.salk.edu\/de\/wp-json\/wp\/v2\/media?parent=33833"}],"wp:term":[{"taxonomy":"folder","embeddable":true,"href":"https:\/\/www.salk.edu\/de\/wp-json\/wp\/v2\/folder?post=33833"}],"curies":[{"name":"wp","href":"https:\/\/api.w.org\/{rel}","templated":true}]}}