{"id":28220,"date":"2020-09-24T13:44:11","date_gmt":"2020-09-24T20:44:11","guid":{"rendered":"https:\/\/vermont.salk.edu\/?page_id=28220"},"modified":"2022-01-20T09:43:42","modified_gmt":"2022-01-20T17:43:42","slug":"profiles-corina-antal","status":"publish","type":"page","link":"https:\/\/www.salk.edu\/de\/engage\/women-science\/profiles-corina-antal\/","title":{"rendered":"Profile"},"content":{"rendered":"<h2>Vom Z\u00e4hmen von Bullenhaien \u00fcber das Erklimmen von Bergen bis hin zur Suche nach einem Heilmittel gegen Bauchspeicheldr\u00fcsenkrebs folgt Antal ihren Leidenschaften und definiert neu, was es bedeutet, eine Wissenschaftlerin zu sein.<\/h2>\n<figure id=\"attachment_28050\"  class=\"wp-caption alignright\"><img loading=\"lazy\" decoding=\"async\" width=\"458\" height=\"305\" class=\"img-responsive wp-image-28050 size-col-md-5\" src=\"https:\/\/www.salk.edu\/wp-content\/uploads\/2020\/09\/corina-antal-458x305.jpg\" alt=\"Corina Antal\" srcset=\"https:\/\/www.salk.edu\/wp-content\/uploads\/2020\/09\/corina-antal-458x305.jpg 458w, https:\/\/www.salk.edu\/wp-content\/uploads\/2020\/09\/corina-antal-300x200.jpg 300w, https:\/\/www.salk.edu\/wp-content\/uploads\/2020\/09\/corina-antal-147x98.jpg 147w, https:\/\/www.salk.edu\/wp-content\/uploads\/2020\/09\/corina-antal-585x390.jpg 585w, https:\/\/www.salk.edu\/wp-content\/uploads\/2020\/09\/corina-antal-553x368.jpg 553w, https:\/\/www.salk.edu\/wp-content\/uploads\/2020\/09\/corina-antal-750x500.jpg 750w, https:\/\/www.salk.edu\/wp-content\/uploads\/2020\/09\/corina-antal-400x266.jpg 400w, https:\/\/www.salk.edu\/wp-content\/uploads\/2020\/09\/corina-antal.jpg 767w\" sizes=\"auto, (max-width: 458px) 100vw, 458px\" \/><figcaption class=\"wp-caption-text\">Corina Antal<br \/>Postdoktorand, Evans Lab<\/figcaption><\/figure>\n<p>Antal wuchs in Chicago auf und interessierte sich sehr f\u00fcr Meeresbiologie. Sie besuchte h\u00e4ufig das weltbekannte Shedd Aquarium in ihrer N\u00e4he, da die Unterwasserwelt ihre Fantasie befl\u00fcgelte. Nach dem Abitur zog Antal nach Florida, um an der University of Miami einen Abschluss in Meeresbiologie zu machen.<\/p>\n<p>In Miami wollte Antal die Populationsdynamik, Ern\u00e4hrung und genetischen Unterschiede von Haien verstehen, um globale Schutzbem\u00fchungen zur Erhaltung gesunder Ozeane zu unterst\u00fctzen. Antal fuhr mit einem Boot in die Biscayne Bay, sprang ins Wasser und versuchte dann, einen Hai festzuhalten, w\u00e4hrend ein anderer Student ihn markierte und eine Biopsie entnahm.<\/p>\n<p>Obwohl ihre Forschung belebend war, fragte sich Antal, wie es w\u00e4re, Forschung zu betreiben, die direktere Auswirkungen auf den Menschen hatte. Im Sommer ihres vorletzten Studienjahres stie\u00df sie auf die M\u00f6glichkeit, eine chronische Blasenkrankheit namens interstitielle Zystitis zu untersuchen.<\/p>\n<p>\u201cIch wollte einen gr\u00f6\u00dferen Einfluss auf die menschliche Gesundheit und Krankheiten haben\u201d, sagt Antal. Dieser Wunsch f\u00fchrte sie zu einem Doktortitel in biomedizinischen Wissenschaften an der UC San Diego. Dort untersuchte sie die Rolle der Proteinkinase C (PKC) bei Tumoren, indem sie versuchte zu identifizieren, wie Krebs-assoziierte Mutationen dieses Enzym auf molekularer Ebene beeinflussen.<\/p>\n<p>\u201cWir haben erwartet, dass die PKC-Mutationen Tumore verursachen w\u00fcrden. \u00dcberraschenderweise fanden wir das Gegenteil\u201d, sagt Antal. \u201cPKC fungierte als Tumorsuppressor, daher schlug unsere Forschung eine Verlagerung der therapeutischen Strategien vor, die auf PKC abzielen.\u201d<\/p>\n<p>Antals Graduiertenarbeit erlangte landesweite Anerkennung f\u00fcr ihr Potenzial, neue Behandlungsmethoden aufzuzeigen; sie schaffte es wegen ihrer Entdeckung auf die Forbes-Liste \u201c30 Under 30\u201d in der Kategorie Wissenschaft im Jahr 2016.<\/p>\n<p>\u201cW\u00e4hrend meines Studiums im Aufbaustudium wurde bei meiner Mutter ein dreifach negativer Brustkrebs diagnostiziert, eine aggressive und schwer zu behandelnde Krebsart\u201d, sagt Antal. \u201cDas inspirierte eine weitere Ver\u00e4nderung meiner Karriere, als ich beschloss, dass ich die t\u00f6dlichsten Krebsarten angehen wollte.\u201d<\/p>\n<p>Nach ihrem Abschluss trat sie in das Labor von <a href=\"https:\/\/www.salk.edu\/de\/scientist\/ronald-evans\/\">Ronald Evans<\/a> bei Salk, wo Antal sich darauf konzentrierte <a href=\"https:\/\/www.salk.edu\/de\/science\/research\/cancer-biology\/\">Bauchspeicheldr\u00fcsenkrebs<\/a>, welche schwer zu behandeln und mit einer schlechten Prognose verbunden ist. Die Forschung im Evans-Labor konzentriert sich auf grundlegende und translationale Entdeckungen, wie zum Beispiel die Erkenntnis, dass eine chemisch modifizierte Form von Vitamin D die Barriere durchbrechen kann, die Bauchspeicheldr\u00fcsentumore sch\u00fctzt, was eine bessere Medikamentenabgabe und Unterst\u00fctzung von Immunzellen erm\u00f6glicht.<\/p>\n<p>W\u00e4hrend eines ihrer j\u00fcngsten Forschungsprojekte am Salk Institute identifizierte Antal RNA-bindende Proteine, die eine Rolle bei Bauchspeicheldr\u00fcsenkrebs zu spielen scheinen. Zuf\u00e4llig befand sich einer der f\u00fchrenden Experten f\u00fcr RNA-bindende Proteine des Landes auf der anderen Stra\u00dfenseite, an der UC San Diego, und er ist Antals Ehemann. Wie sich herausstellte, war Professor Gene Yeo gerade dabei, eine Arbeit \u00fcber genau das Protein zu schreiben, an dem Antal interessiert war. Sie beginnen nun eine akademische Zusammenarbeit, um zu untersuchen, wie diese RNA-bindenden Proteine die Entwicklung von Bauchspeicheldr\u00fcsenkrebs beeinflussen.<\/p>\n<p>Obwohl sich ihre Arbeit \u00fcberschneidet, lernte Antal Yeo nicht im akademischen Umfeld kennen. Sie trafen sich w\u00e4hrend des Trainings f\u00fcr den Coeur d\u2019Alene Ironman Triathlon (ein 2,4 Meilen Schwimmen und eine 112 Meilen Radfahrt, gefolgt von einem 26,2 Meilen Marathon), als sie noch im Graduiertenstudium war. Heutzutage haben Antal und Yeo weniger Zeit f\u00fcr das Ironman-Training, aber sie schaffen es immer noch, kurz hinauszugehen und an den Felsen zu klettern. Zwei ihrer Lieblingsorte sind Red Rock Canyon und Holcomb Valley Pinnacles.<\/p>\n<p>\u201cEs gibt so viele Wissenschaftler, die klettern. Ich klettere auf meiner Route und pl\u00f6tzlich h\u00f6re ich jemanden \u00fcber CRISPR oder DNA-Sequenzierung sprechen. Das ist eine tolle Gemeinschaft\u201d, sagt Antal.<\/p>\n<p>Sie engagiert sich auch seit kurzem im Pancreatic Cancer Action Network und hat ein Salk-Team gegr\u00fcndet, um am PurpleStride Walk and Run Event teilzunehmen. Durch diese Erfahrungen hat sie viele Bauchspeicheldr\u00fcsenkrebspatienten kennengelernt, und diese Beziehungen treiben sie an, weiterhin nach einer Heilung zu suchen.<\/p>\n<p>\u201cIch habe das Gef\u00fchl, meine Karriere war eine Reihe von zuf\u00e4lligen Gelegenheiten\u201d, sagt Antal lachend. \u201cAber ich bin sehr gl\u00fccklich, wo ich gelandet bin.\u201d<\/p>\n<div class=\"row blocks pl-0 pr-0 sign-up-attend-container\">\n<div class=\"col-sm-12 sign-up-attend\">\n<h2 class=\"crimson\" style=\"color: #728baa;\">Einen Unterschied machen.<\/h2>\n<p><a class=\"button-dark inline\" style=\"text-decoration: none;\" href=\"https:\/\/donatenow.networkforgood.org\/where-cures-begin\">HEUTE SPENDEN<\/a><\/p>\n<\/div>\n<\/div>","protected":false},"excerpt":{"rendered":"<h2>Vom Z\u00e4hmen von Bullenhaien \u00fcber das Erklimmen von Bergen bis hin zur Suche nach einem Heilmittel gegen Bauchspeicheldr\u00fcsenkrebs folgt Antal ihren Leidenschaften und definiert neu, was es bedeutet, eine Wissenschaftlerin zu sein.<\/h2>\n<figure id=\"attachment_28050\"  class=\"wp-caption alignright\"><img loading=\"lazy\" decoding=\"async\" width=\"458\" height=\"305\" class=\"img-responsive wp-image-28050 size-col-md-5\" src=\"https:\/\/www.salk.edu\/wp-content\/uploads\/2020\/09\/corina-antal-458x305.jpg\" alt=\"Corina Antal\" srcset=\"https:\/\/www.salk.edu\/wp-content\/uploads\/2020\/09\/corina-antal-458x305.jpg 458w, https:\/\/www.salk.edu\/wp-content\/uploads\/2020\/09\/corina-antal-300x200.jpg 300w, https:\/\/www.salk.edu\/wp-content\/uploads\/2020\/09\/corina-antal-147x98.jpg 147w, https:\/\/www.salk.edu\/wp-content\/uploads\/2020\/09\/corina-antal-585x390.jpg 585w, https:\/\/www.salk.edu\/wp-content\/uploads\/2020\/09\/corina-antal-553x368.jpg 553w, https:\/\/www.salk.edu\/wp-content\/uploads\/2020\/09\/corina-antal-750x500.jpg 750w, https:\/\/www.salk.edu\/wp-content\/uploads\/2020\/09\/corina-antal-400x266.jpg 400w, https:\/\/www.salk.edu\/wp-content\/uploads\/2020\/09\/corina-antal.jpg 767w\" sizes=\"auto, (max-width: 458px) 100vw, 458px\" \/><figcaption class=\"wp-caption-text\">Corina Antal<br \/>Postdoktorand, Evans Lab<\/figcaption><\/figure>\n<p>Antal wuchs in Chicago auf und interessierte sich sehr f\u00fcr Meeresbiologie. Sie besuchte h\u00e4ufig das weltbekannte Shedd Aquarium in ihrer N\u00e4he, da die Unterwasserwelt ihre Fantasie befl\u00fcgelte. Nach dem Abitur zog Antal nach Florida, um an der University of Miami einen Abschluss in Meeresbiologie zu machen.<\/p>","protected":false},"author":91,"featured_media":0,"parent":2906,"menu_order":0,"comment_status":"closed","ping_status":"closed","template":"","meta":{"_acf_changed":false,"footnotes":""},"folder":[527],"class_list":["post-28220","page","type-page","status-publish","hentry"],"acf":[],"yoast_head":"<!-- This site is optimized with the Yoast SEO plugin v27.3 - https:\/\/yoast.com\/product\/yoast-seo-wordpress\/ -->\n<title>Profiles - Salk Institute for Biological Studies<\/title>\n<meta name=\"robots\" content=\"index, follow, max-snippet:-1, max-image-preview:large, max-video-preview:-1\" \/>\n<link rel=\"canonical\" href=\"https:\/\/www.salk.edu\/de\/engage\/women-science\/profiles-corina-antal\/\" \/>\n<meta property=\"og:locale\" content=\"de_DE\" \/>\n<meta property=\"og:type\" content=\"article\" \/>\n<meta property=\"og:title\" content=\"Profiles - Salk Institute for Biological Studies\" \/>\n<meta property=\"og:description\" content=\"From wrangling bull sharks to climbing mountains to seeking a cure for pancreatic cancer, Antal follows her passions, and she is redefining what it means to be a scientist. Corina AntalPostdoctoral Fellow, Evans Lab Antal grew up in Chicago, with a keen interest in marine biology; she frequented the nearby world-renowned Shedd Aquarium because the underwater world captivated her imagination. After graduating from high school, Antal moved to Florida to pursue a degree in marine biology at the University of Miami.\" \/>\n<meta property=\"og:url\" content=\"https:\/\/www.salk.edu\/de\/engage\/women-science\/profiles-corina-antal\/\" \/>\n<meta property=\"og:site_name\" content=\"Salk Institute for Biological Studies\" \/>\n<meta property=\"article:modified_time\" content=\"2022-01-20T17:43:42+00:00\" \/>\n<meta property=\"og:image\" content=\"http:\/\/www.salk.edu\/wp-content\/uploads\/2020\/09\/corina-antal-458x305.jpg\" \/>\n<meta name=\"twitter:card\" content=\"summary_large_image\" \/>\n<meta name=\"twitter:label1\" content=\"Est. reading time\" \/>\n\t<meta name=\"twitter:data1\" content=\"3 minutes\" \/>\n<script type=\"application\/ld+json\" class=\"yoast-schema-graph\">{\"@context\":\"https:\\\/\\\/schema.org\",\"@graph\":[{\"@type\":\"WebPage\",\"@id\":\"https:\\\/\\\/www.salk.edu\\\/engage\\\/women-science\\\/profiles-corina-antal\\\/\",\"url\":\"https:\\\/\\\/www.salk.edu\\\/engage\\\/women-science\\\/profiles-corina-antal\\\/\",\"name\":\"Profiles - Salk Institute for Biological Studies\",\"isPartOf\":{\"@id\":\"https:\\\/\\\/www.salk.edu\\\/#website\"},\"primaryImageOfPage\":{\"@id\":\"https:\\\/\\\/www.salk.edu\\\/engage\\\/women-science\\\/profiles-corina-antal\\\/#primaryimage\"},\"image\":{\"@id\":\"https:\\\/\\\/www.salk.edu\\\/engage\\\/women-science\\\/profiles-corina-antal\\\/#primaryimage\"},\"thumbnailUrl\":\"http:\\\/\\\/www.salk.edu\\\/wp-content\\\/uploads\\\/2020\\\/09\\\/corina-antal-458x305.jpg\",\"datePublished\":\"2020-09-24T20:44:11+00:00\",\"dateModified\":\"2022-01-20T17:43:42+00:00\",\"breadcrumb\":{\"@id\":\"https:\\\/\\\/www.salk.edu\\\/engage\\\/women-science\\\/profiles-corina-antal\\\/#breadcrumb\"},\"inLanguage\":\"de-DE\",\"potentialAction\":[{\"@type\":\"ReadAction\",\"target\":[\"https:\\\/\\\/www.salk.edu\\\/engage\\\/women-science\\\/profiles-corina-antal\\\/\"]}]},{\"@type\":\"ImageObject\",\"inLanguage\":\"de-DE\",\"@id\":\"https:\\\/\\\/www.salk.edu\\\/engage\\\/women-science\\\/profiles-corina-antal\\\/#primaryimage\",\"url\":\"http:\\\/\\\/www.salk.edu\\\/wp-content\\\/uploads\\\/2020\\\/09\\\/corina-antal-458x305.jpg\",\"contentUrl\":\"http:\\\/\\\/www.salk.edu\\\/wp-content\\\/uploads\\\/2020\\\/09\\\/corina-antal-458x305.jpg\"},{\"@type\":\"BreadcrumbList\",\"@id\":\"https:\\\/\\\/www.salk.edu\\\/engage\\\/women-science\\\/profiles-corina-antal\\\/#breadcrumb\",\"itemListElement\":[{\"@type\":\"ListItem\",\"position\":1,\"name\":\"Home\",\"item\":\"https:\\\/\\\/www.salk.edu\\\/\"},{\"@type\":\"ListItem\",\"position\":2,\"name\":\"Private: Engage\",\"item\":\"https:\\\/\\\/www.salk.edu\\\/?page_id=26963\"},{\"@type\":\"ListItem\",\"position\":3,\"name\":\"Private: Salk Women &#038; Science\",\"item\":\"https:\\\/\\\/www.salk.edu\\\/?page_id=2906\"},{\"@type\":\"ListItem\",\"position\":4,\"name\":\"Profiles\"}]},{\"@type\":\"WebSite\",\"@id\":\"https:\\\/\\\/www.salk.edu\\\/#website\",\"url\":\"https:\\\/\\\/www.salk.edu\\\/\",\"name\":\"Salk Institute for Biological Studies\",\"description\":\"The Power of Science\",\"publisher\":{\"@id\":\"https:\\\/\\\/www.salk.edu\\\/#organization\"},\"potentialAction\":[{\"@type\":\"SearchAction\",\"target\":{\"@type\":\"EntryPoint\",\"urlTemplate\":\"https:\\\/\\\/www.salk.edu\\\/?s={search_term_string}\"},\"query-input\":{\"@type\":\"PropertyValueSpecification\",\"valueRequired\":true,\"valueName\":\"search_term_string\"}}],\"inLanguage\":\"de-DE\"},{\"@type\":\"Organization\",\"@id\":\"https:\\\/\\\/www.salk.edu\\\/#organization\",\"name\":\"Salk Institute for Biological Studies\",\"url\":\"https:\\\/\\\/www.salk.edu\\\/\",\"logo\":{\"@type\":\"ImageObject\",\"inLanguage\":\"de-DE\",\"@id\":\"https:\\\/\\\/www.salk.edu\\\/#\\\/schema\\\/logo\\\/image\\\/\",\"url\":\"http:\\\/\\\/www.salk.edu\\\/wp-content\\\/uploads\\\/2023\\\/03\\\/salk_logo_696.jpg\",\"contentUrl\":\"http:\\\/\\\/www.salk.edu\\\/wp-content\\\/uploads\\\/2023\\\/03\\\/salk_logo_696.jpg\",\"width\":696,\"height\":696,\"caption\":\"Salk Institute for Biological Studies\"},\"image\":{\"@id\":\"https:\\\/\\\/www.salk.edu\\\/#\\\/schema\\\/logo\\\/image\\\/\"}}]}<\/script>\n<!-- \/ Yoast SEO plugin. -->","yoast_head_json":{"title":"Profiles - Salk Institute for Biological Studies","robots":{"index":"index","follow":"follow","max-snippet":"max-snippet:-1","max-image-preview":"max-image-preview:large","max-video-preview":"max-video-preview:-1"},"canonical":"https:\/\/www.salk.edu\/de\/engage\/women-science\/profiles-corina-antal\/","og_locale":"de_DE","og_type":"article","og_title":"Profiles - Salk Institute for Biological Studies","og_description":"From wrangling bull sharks to climbing mountains to seeking a cure for pancreatic cancer, Antal follows her passions, and she is redefining what it means to be a scientist. Corina AntalPostdoctoral Fellow, Evans Lab Antal grew up in Chicago, with a keen interest in marine biology; she frequented the nearby world-renowned Shedd Aquarium because the underwater world captivated her imagination. After graduating from high school, Antal moved to Florida to pursue a degree in marine biology at the University of Miami.","og_url":"https:\/\/www.salk.edu\/de\/engage\/women-science\/profiles-corina-antal\/","og_site_name":"Salk Institute for Biological Studies","article_modified_time":"2022-01-20T17:43:42+00:00","og_image":[{"url":"http:\/\/www.salk.edu\/wp-content\/uploads\/2020\/09\/corina-antal-458x305.jpg","type":"","width":"","height":""}],"twitter_card":"summary_large_image","twitter_misc":{"Est. reading time":"3 minutes"},"schema":{"@context":"https:\/\/schema.org","@graph":[{"@type":"WebPage","@id":"https:\/\/www.salk.edu\/engage\/women-science\/profiles-corina-antal\/","url":"https:\/\/www.salk.edu\/engage\/women-science\/profiles-corina-antal\/","name":"Profiles - Salk Institute for Biological Studies","isPartOf":{"@id":"https:\/\/www.salk.edu\/#website"},"primaryImageOfPage":{"@id":"https:\/\/www.salk.edu\/engage\/women-science\/profiles-corina-antal\/#primaryimage"},"image":{"@id":"https:\/\/www.salk.edu\/engage\/women-science\/profiles-corina-antal\/#primaryimage"},"thumbnailUrl":"http:\/\/www.salk.edu\/wp-content\/uploads\/2020\/09\/corina-antal-458x305.jpg","datePublished":"2020-09-24T20:44:11+00:00","dateModified":"2022-01-20T17:43:42+00:00","breadcrumb":{"@id":"https:\/\/www.salk.edu\/engage\/women-science\/profiles-corina-antal\/#breadcrumb"},"inLanguage":"de-DE","potentialAction":[{"@type":"ReadAction","target":["https:\/\/www.salk.edu\/engage\/women-science\/profiles-corina-antal\/"]}]},{"@type":"ImageObject","inLanguage":"de-DE","@id":"https:\/\/www.salk.edu\/engage\/women-science\/profiles-corina-antal\/#primaryimage","url":"http:\/\/www.salk.edu\/wp-content\/uploads\/2020\/09\/corina-antal-458x305.jpg","contentUrl":"http:\/\/www.salk.edu\/wp-content\/uploads\/2020\/09\/corina-antal-458x305.jpg"},{"@type":"BreadcrumbList","@id":"https:\/\/www.salk.edu\/engage\/women-science\/profiles-corina-antal\/#breadcrumb","itemListElement":[{"@type":"ListItem","position":1,"name":"Home","item":"https:\/\/www.salk.edu\/"},{"@type":"ListItem","position":2,"name":"Private: Engage","item":"https:\/\/www.salk.edu\/?page_id=26963"},{"@type":"ListItem","position":3,"name":"Private: Salk Women &#038; Science","item":"https:\/\/www.salk.edu\/?page_id=2906"},{"@type":"ListItem","position":4,"name":"Profiles"}]},{"@type":"WebSite","@id":"https:\/\/www.salk.edu\/#website","url":"https:\/\/www.salk.edu\/","name":"Salk-Institut f\u00fcr biologische Studien","description":"Die Macht der Wissenschaft","publisher":{"@id":"https:\/\/www.salk.edu\/#organization"},"potentialAction":[{"@type":"SearchAction","target":{"@type":"EntryPoint","urlTemplate":"https:\/\/www.salk.edu\/?s={search_term_string}"},"query-input":{"@type":"PropertyValueSpecification","valueRequired":true,"valueName":"search_term_string"}}],"inLanguage":"de-DE"},{"@type":"Organization","@id":"https:\/\/www.salk.edu\/#organization","name":"Salk-Institut f\u00fcr biologische Studien","url":"https:\/\/www.salk.edu\/","logo":{"@type":"ImageObject","inLanguage":"de-DE","@id":"https:\/\/www.salk.edu\/#\/schema\/logo\/image\/","url":"http:\/\/www.salk.edu\/wp-content\/uploads\/2023\/03\/salk_logo_696.jpg","contentUrl":"http:\/\/www.salk.edu\/wp-content\/uploads\/2023\/03\/salk_logo_696.jpg","width":696,"height":696,"caption":"Salk Institute for Biological Studies"},"image":{"@id":"https:\/\/www.salk.edu\/#\/schema\/logo\/image\/"}}]}},"ACF":{"salk_custom_body_class":"news-release","gallery":false,"secondary_navigation":"<div class=\"menu-women-science-container\"><ul id=\"menu-women-science\" class=\"menu\"><li class=\"menu-item menu-item-type-post_type menu-item-object-page menu-item-5080\"><a href=\"https:\/\/www.salk.edu\/de\/?page_id=2906\">About<\/a><\/li>\n<li class=\"menu-item menu-item-type-post_type menu-item-object-page menu-item-5079\"><a href=\"https:\/\/www.salk.edu\/de\/?page_id=5072\">Events<\/a><\/li>\n<li class=\"menu-item menu-item-type-post_type menu-item-object-page menu-item-9382\"><a href=\"https:\/\/www.salk.edu\/de\/?page_id=9363\">Award Recipients<\/a><\/li>\n<li class=\"menu-item menu-item-type-post_type menu-item-object-page menu-item-28802\"><a href=\"https:\/\/www.salk.edu\/de\/?page_id=28034\">Profiles<\/a><\/li>\n<li class=\"menu-item menu-item-type-post_type menu-item-object-page menu-item-17158\"><a href=\"https:\/\/www.salk.edu\/de\/?page_id=17138\">Photos<\/a><\/li>\n<li class=\"menu-item menu-item-type-post_type menu-item-object-page menu-item-5695\"><a href=\"https:\/\/www.salk.edu\/de\/?page_id=5694\">Advisory Committee<\/a><\/li>\n<\/ul><\/div>"},"_links":{"self":[{"href":"https:\/\/www.salk.edu\/de\/wp-json\/wp\/v2\/pages\/28220","targetHints":{"allow":["GET"]}}],"collection":[{"href":"https:\/\/www.salk.edu\/de\/wp-json\/wp\/v2\/pages"}],"about":[{"href":"https:\/\/www.salk.edu\/de\/wp-json\/wp\/v2\/types\/page"}],"author":[{"embeddable":true,"href":"https:\/\/www.salk.edu\/de\/wp-json\/wp\/v2\/users\/91"}],"replies":[{"embeddable":true,"href":"https:\/\/www.salk.edu\/de\/wp-json\/wp\/v2\/comments?post=28220"}],"version-history":[{"count":3,"href":"https:\/\/www.salk.edu\/de\/wp-json\/wp\/v2\/pages\/28220\/revisions"}],"predecessor-version":[{"id":33415,"href":"https:\/\/www.salk.edu\/de\/wp-json\/wp\/v2\/pages\/28220\/revisions\/33415"}],"up":[{"embeddable":true,"href":"https:\/\/www.salk.edu\/de\/wp-json\/wp\/v2\/pages\/2906"}],"wp:attachment":[{"href":"https:\/\/www.salk.edu\/de\/wp-json\/wp\/v2\/media?parent=28220"}],"wp:term":[{"taxonomy":"folder","embeddable":true,"href":"https:\/\/www.salk.edu\/de\/wp-json\/wp\/v2\/folder?post=28220"}],"curies":[{"name":"WP","href":"https:\/\/api.w.org\/{rel}","templated":true}]}}