{"id":27922,"date":"2020-08-17T16:28:12","date_gmt":"2020-08-17T23:28:12","guid":{"rendered":"https:\/\/vermont.salk.edu\/?page_id=27922"},"modified":"2026-04-23T10:23:00","modified_gmt":"2026-04-23T17:23:00","slug":"our-community","status":"publish","type":"page","link":"https:\/\/www.salk.edu\/de\/about\/our-community\/","title":{"rendered":"Community &#038; Engagement"},"content":{"rendered":"<script>\r\n\tjQuery( window).load(function() {\r\n\t\t\/\/alert(jQuery(window).innerWidth());\r\n    \t\/* jQuery('.item').matchHeight({\r\n\t\t    byRow: true,\r\n\t\t    property: 'height',\r\n\t\t    target: null,\r\n\t\t    remove: false\r\n\t\t}); *\/\r\n\t\t\r\n\t\t\r\n\t\tjQuery('.match-charity').matchHeight();\r\n\t\tjQuery('.match-impact').matchHeight();\r\n\t\tjQuery('.match-why').matchHeight();\r\n\t\t\r\n\t\t\/\/jQuery('.match-cure').matchHeight();\r\n\t\t\r\n\t});\r\n \r\n\r\n\r\n<\/script>\r\n\r\n<section class=\"content donate-section\">\r\n<div class=\"container\">\r\n\r\n<!-- TOP BANNER OVERVIEW -->\r\n<div class=\"row top-banner overview\">\r\n<div class=\"col-sm-12 col-md-12 pl-md-0 pr-md-0\">\r\n<div class=\"row\">\r\n<div class=\"col-md-5\">\r\n<div class=\"cap red\"><\/div>\r\n<h1 class=\"l\">Community &#038; Engagement<\/h1>\r\n<\/div>\r\n<div class=\"col-md-7 crimson\">Ein wesentlicher Aspekt, \u201cgute Vorfahren zu sein\u201d, liegt darin, wie wir zu unseren Gemeinschaften beitragen. Am Salk Institute stellen wir unsere Gemeinschaft durch unsere Veranstaltungen zu Engagement und Wohlbefinden sowie durch unsere Bildungsarbeit in den Mittelpunkt. Die F\u00f6rderung einer Willkommenskultur, die unsere gesamte wissenschaftliche Gemeinschaft st\u00e4rkt, ist Teil dieses Beitrags.<\/div>\r\n<\/div>\r\n<\/div>\r\n<\/div>\r\n<!-- \/TOP BANNER OVERVIEW -->\r\n<div class=\"row blocks pb-0 pt-0 mt-0\">\r\n\r\n<!-- OVERLAY BLOCK 1 DESKTOP-->\r\n<div class=\"match-why col-md-7 overlay-block hidden-sm visible-md visible-lg\" style=\"background-image: url('https:\/\/www.salk.edu\/wp-content\/uploads\/2023\/06\/20230307-0X8C7925-dei.jpg');\">\r\n<div class=\"row\">\r\n<div class=\"col-md-12 col-lg-6 overlay-block-inner has-learn-more\">\r\n<div class=\"cap red\"><\/div>\r\n<div>\r\n<h3 class=\"crimson\">Forschungs- und Weiterbildungsm\u00f6glichkeiten<\/h3>\r\n<span class=\"\">Salk hei\u00dft Studenten und Auszubildende willkommen, die daran interessiert sind, ihre biomedizinische Forschungsausbildung zu erkunden, zu entwickeln oder zu verbessern. <\/span>\r\n<div class=\"learn-more\"><a href=\"https:\/\/www.salk.edu\/de\/about\/our-community\/research-and-training-opportunities\/\">Mehr erfahren<span class=\"lm red\"><i class=\"fa fa-chevron-right\" aria-hidden=\"true\"><\/i>\r\n<\/span><\/a><\/div>\r\n<\/div>\r\n<\/div>\r\n<\/div>\r\n<\/div>\r\n<!-- \/OVERLAY BLOCK 1 DESKTOP-->\r\n\r\n<!-- OVERLAY BLOCK 1 MOBILE -->\r\n<div class=\"col-sm-12 visible-xs visible-sm hidden-md mb-sm-30\">\r\n\r\n<img decoding=\"async\" class=\"img-responsive\" src=\"https:\/\/www.salk.edu\/wp-content\/uploads\/2023\/06\/20230307-0X8C7925-dei.jpg\" alt=\"Trainees at Salk\" \/>\r\n<div class=\"bottom-block-inner has-learn-more\">\r\n<div class=\"cap red\"><\/div>\r\n<h3 class=\"crimson\">Forschungs- und Weiterbildungsm\u00f6glichkeiten<\/h3>\r\n<span class=\"\">Salk hei\u00dft Studenten und Auszubildende willkommen, die daran interessiert sind, ihre biomedizinische Forschungsausbildung zu erkunden, zu entwickeln oder zu verbessern.<\/span>\r\n<div class=\"learn-more\"><a href=\"https:\/\/www.salk.edu\/de\/about\/our-community\/research-and-training-opportunities\/\">Mehr erfahren<span class=\"lm red\"><i class=\"fa fa-chevron-right\" aria-hidden=\"true\"><\/i>\r\n<\/span><\/a><\/div>\r\n<\/div>\r\n<\/div>\r\n<!-- \/OVERLAY BLOCK 1 MOBILE-->\r\n\r\n<!-- BOTTOM BLOCK -->\r\n<div class=\"match-why col-sm-12 col-md-5 pr-md-0 mb-sm-30\">\r\n\r\n<img decoding=\"async\" class=\"img-responsive\" src=\"https:\/\/www.salk.edu\/wp-content\/uploads\/2023\/06\/spring-equinox-2019-767.jpg\" alt=\"Spring Equinox at Salk\" \/>\r\n<div class=\"bottom-block-inner has-learn-more\">\r\n<div class=\"cap red\"><\/div>\r\n<h3 class=\"crimson\">Kontakt aufnehmen<\/h3>\r\n<span class=\"\">Interessiert an Gemeinschafts- und Engagementinitiativen am Salk Institute? Kontaktieren Sie uns unter <a href=\"mailto:community@salk.edu\">community@salk.edu<\/a>.<\/span>\r\n<!--<div class=\"learn-more\"><a href=\"mailto:community@salk.edu\">Learn More<span class=\"lm red\"><i class=\"fa fa-chevron-right\" aria-hidden=\"true\"><\/i>\r\n<\/span><\/a><\/div>-->\r\n<\/div>\r\n<\/div>\r\n<!-- \/BOTTOM BLOCK -->\r\n\r\n<\/div>\r\n<!-- \/.row.blocks -->\r\n<div class=\"row blocks mt-0 pt-0 pb-0\">\r\n\r\n<!-- BOTTOM BLOCK -->\r\n<div class=\"match-impact col-sm-12 col-md-5 pl-md-0 mb-sm-30\">\r\n<img decoding=\"async\" class=\"img-responsive\" src=\"https:\/\/www.salk.edu\/wp-content\/uploads\/2025\/01\/community-courtyard.jpg\" alt=\"Salk Values\" \/>\r\n<div class=\"bottom-block-inner\">\r\n<div class=\"cap red\"><\/div>\r\n<h3 class=\"crimson\">Salk-Werte<\/h3>\r\nAm Salk Institute glauben wir, dass die Erzielung wissenschaftlicher Exzellenz nicht nur unglaubliche Entdeckungen erfordert, sondern auch ein gemeinsames Verst\u00e4ndnis daf\u00fcr, wie wir zusammenarbeiten sollten, um diese Entdeckungen zu erm\u00f6glichen.\r\n<div class=\"learn-more right-md-15\"><a href=\"https:\/\/www.salk.edu\/de\/about\/careers\/values\/\">Mehr erfahren<span class=\"lm red\"><i class=\"fa fa-chevron-right\" aria-hidden=\"true\"><\/i>\r\n<\/span><\/a><\/div>\r\n<\/div>\r\n<\/div>\r\n<!-- \/BOTTOM BLOCK -->\r\n\r\n<!-- OVERLAY BLOCK 2 DESKTOP -->\r\n\r\n<!-- \/OVERLAY BLOCK DESKTOP -->\r\n<div class=\"match-impact col-md-7 overlay-block pl-md-15 hidden-sm visible-md visible-lg\" style=\"background-image: url('https:\/\/www.salk.edu\/wp-content\/uploads\/2023\/06\/20230126-551A8979dei.jpg');\">\r\n<div class=\"row\">\r\n<div class=\"col-md-12 col-lg-6 overlay-block-inner has-learn-more\">\r\n<div class=\"cap red\"><\/div>\r\n<div>\r\n<h3 class=\"crimson\">Salk Kultur<\/h3>\r\n<span class=\"\">Am Salk Institute beteiligen sich und leiten Mitarbeiter, Auszubildende und Personal auf allen Ebenen an Bem\u00fchungen, die auf Unterst\u00fctzung basieren.<\/span>\r\n<div class=\"learn-more\"><a href=\"https:\/\/www.salk.edu\/de\/about\/our-community\/salk-culture\/\">Mehr erfahren<span class=\"lm red\"><i class=\"fa fa-chevron-right\" aria-hidden=\"true\"><\/i>\r\n<\/span><\/a><\/div>\r\n<\/div>\r\n<\/div>\r\n<\/div>\r\n<\/div>\r\n<!-- OVERLAY BLOCK 2 MOBILE -->\r\n<div class=\"col-sm-12 visible-xs visible-sm hidden-md mb-sm-30\">\r\n<img decoding=\"async\" class=\"img-responsive\" src=\"https:\/\/www.salk.edu\/wp-content\/uploads\/2023\/06\/20230126-551A8979dei.jpg\" alt=\"Salk Culture\" \/>\r\n<div class=\"bottom-block-inner has-learn-more\">\r\n<div class=\"cap red\"><\/div>\r\n<h3 class=\"crimson\">Salk Kultur<\/h3>\r\n<span class=\"\">Am Salk Institute beteiligen sich und leiten Mitarbeiter, Auszubildende und Personal auf allen Ebenen an Bem\u00fchungen, die auf Unterst\u00fctzung basieren.<\/span>\r\n<div class=\"learn-more\"><a href=\"https:\/\/www.salk.edu\/de\/about\/our-community\/salk-culture\/\">Mehr erfahren<span class=\"lm red\"><i class=\"fa fa-chevron-right\" aria-hidden=\"true\"><\/i>\r\n<\/span><\/a><\/div>\r\n<\/div>\r\n<\/div>\r\n<!-- \/OVERLAY BLOCK 2 MOBILE-->\r\n\r\n<\/div>\r\n<!-- \/.row.blocks -->\r\n\r\n<div class=\"row blocks mt-0 pt-0 pb-0\">\r\n\r\n<!-- FULLWIDTH BLOCK WITH BUTTON -->\r\n<div class=\"row\">\r\n<div class=\"col-sm-12 full-block-red text-center mb-sm-30\">\r\n<h3 class=\"crimson font-white\" style=\"text-align: center; padding-top: 40px; padding-bottom: 20px;\">Wir freuen uns \u00fcber Ihre Unterst\u00fctzung unserer Initiativen.<\/h3>\r\n<a class=\"button-dark\" href=\"https:\/\/www.salk.edu\/de\/about\/our-community\/donate\/\">HEUTE SPENDEN<\/a>\r\n<\/div>\r\n<!-- \/FULLWIDTH BLOCK WITH BUTTON -->\r\n\r\n<\/div>\r\n<!-- \/.row -->\r\n\r\n\r\n<\/div>\r\n<!-- \/.row.blocks -->\r\n\r\n<\/div>\r\n<\/section>","protected":false},"excerpt":{"rendered":"<scr","protected":false},"author":3,"featured_media":0,"parent":5,"menu_order":0,"comment_status":"closed","ping_status":"closed","template":"template-donate-section.php","meta":{"_acf_changed":false,"footnotes":""},"folder":[509],"class_list":["post-27922","page","type-page","status-publish","hentry"],"acf":[],"yoast_head":"<!-- This site is optimized with the Yoast SEO plugin v27.3 - https:\/\/yoast.com\/product\/yoast-seo-wordpress\/ -->\n<title>Community &amp; Engagement - Salk Institute for Biological Studies<\/title>\n<meta name=\"robots\" content=\"index, follow, max-snippet:-1, max-image-preview:large, max-video-preview:-1\" \/>\n<link rel=\"canonical\" href=\"https:\/\/www.salk.edu\/de\/about\/our-community\/\" \/>\n<meta property=\"og:locale\" content=\"de_DE\" \/>\n<meta property=\"og:type\" content=\"article\" \/>\n<meta property=\"og:title\" content=\"Community &amp; Engagement - Salk Institute for Biological Studies\" \/>\n<meta property=\"og:url\" content=\"https:\/\/www.salk.edu\/de\/about\/our-community\/\" \/>\n<meta property=\"og:site_name\" content=\"Salk Institute for Biological Studies\" \/>\n<meta property=\"article:modified_time\" content=\"2026-04-23T17:23:00+00:00\" \/>\n<meta property=\"og:image\" content=\"https:\/\/www.salk.edu\/wp-content\/uploads\/2023\/06\/20230307-0X8C7925-dei.jpg\" \/>\n<meta name=\"twitter:card\" content=\"summary_large_image\" \/>\n<meta name=\"twitter:label1\" content=\"Est. reading time\" \/>\n\t<meta name=\"twitter:data1\" content=\"2 minutes\" \/>\n<script type=\"application\/ld+json\" class=\"yoast-schema-graph\">{\"@context\":\"https:\\\/\\\/schema.org\",\"@graph\":[{\"@type\":\"WebPage\",\"@id\":\"https:\\\/\\\/www.salk.edu\\\/about\\\/our-community\\\/\",\"url\":\"https:\\\/\\\/www.salk.edu\\\/about\\\/our-community\\\/\",\"name\":\"Community & Engagement - Salk Institute for Biological Studies\",\"isPartOf\":{\"@id\":\"https:\\\/\\\/www.salk.edu\\\/#website\"},\"primaryImageOfPage\":{\"@id\":\"https:\\\/\\\/www.salk.edu\\\/about\\\/our-community\\\/#primaryimage\"},\"image\":{\"@id\":\"https:\\\/\\\/www.salk.edu\\\/about\\\/our-community\\\/#primaryimage\"},\"thumbnailUrl\":\"https:\\\/\\\/www.salk.edu\\\/wp-content\\\/uploads\\\/2023\\\/06\\\/20230307-0X8C7925-dei.jpg\",\"datePublished\":\"2020-08-17T23:28:12+00:00\",\"dateModified\":\"2026-04-23T17:23:00+00:00\",\"breadcrumb\":{\"@id\":\"https:\\\/\\\/www.salk.edu\\\/about\\\/our-community\\\/#breadcrumb\"},\"inLanguage\":\"de-DE\",\"potentialAction\":[{\"@type\":\"ReadAction\",\"target\":[\"https:\\\/\\\/www.salk.edu\\\/about\\\/our-community\\\/\"]}]},{\"@type\":\"ImageObject\",\"inLanguage\":\"de-DE\",\"@id\":\"https:\\\/\\\/www.salk.edu\\\/about\\\/our-community\\\/#primaryimage\",\"url\":\"https:\\\/\\\/www.salk.edu\\\/wp-content\\\/uploads\\\/2023\\\/06\\\/20230307-0X8C7925-dei.jpg\",\"contentUrl\":\"https:\\\/\\\/www.salk.edu\\\/wp-content\\\/uploads\\\/2023\\\/06\\\/20230307-0X8C7925-dei.jpg\"},{\"@type\":\"BreadcrumbList\",\"@id\":\"https:\\\/\\\/www.salk.edu\\\/about\\\/our-community\\\/#breadcrumb\",\"itemListElement\":[{\"@type\":\"ListItem\",\"position\":1,\"name\":\"Home\",\"item\":\"https:\\\/\\\/www.salk.edu\\\/\"},{\"@type\":\"ListItem\",\"position\":2,\"name\":\"About\",\"item\":\"https:\\\/\\\/www.salk.edu\\\/about\\\/\"},{\"@type\":\"ListItem\",\"position\":3,\"name\":\"Community &#038; Engagement\"}]},{\"@type\":\"WebSite\",\"@id\":\"https:\\\/\\\/www.salk.edu\\\/#website\",\"url\":\"https:\\\/\\\/www.salk.edu\\\/\",\"name\":\"Salk Institute for Biological Studies\",\"description\":\"The Power of Science\",\"publisher\":{\"@id\":\"https:\\\/\\\/www.salk.edu\\\/#organization\"},\"potentialAction\":[{\"@type\":\"SearchAction\",\"target\":{\"@type\":\"EntryPoint\",\"urlTemplate\":\"https:\\\/\\\/www.salk.edu\\\/?s={search_term_string}\"},\"query-input\":{\"@type\":\"PropertyValueSpecification\",\"valueRequired\":true,\"valueName\":\"search_term_string\"}}],\"inLanguage\":\"de-DE\"},{\"@type\":\"Organization\",\"@id\":\"https:\\\/\\\/www.salk.edu\\\/#organization\",\"name\":\"Salk Institute for Biological Studies\",\"url\":\"https:\\\/\\\/www.salk.edu\\\/\",\"logo\":{\"@type\":\"ImageObject\",\"inLanguage\":\"de-DE\",\"@id\":\"https:\\\/\\\/www.salk.edu\\\/#\\\/schema\\\/logo\\\/image\\\/\",\"url\":\"http:\\\/\\\/www.salk.edu\\\/wp-content\\\/uploads\\\/2023\\\/03\\\/salk_logo_696.jpg\",\"contentUrl\":\"http:\\\/\\\/www.salk.edu\\\/wp-content\\\/uploads\\\/2023\\\/03\\\/salk_logo_696.jpg\",\"width\":696,\"height\":696,\"caption\":\"Salk Institute for Biological Studies\"},\"image\":{\"@id\":\"https:\\\/\\\/www.salk.edu\\\/#\\\/schema\\\/logo\\\/image\\\/\"}}]}<\/script>\n<!-- \/ Yoast SEO plugin. -->","yoast_head_json":{"title":"Community & Engagement - Salk Institute for Biological Studies","robots":{"index":"index","follow":"follow","max-snippet":"max-snippet:-1","max-image-preview":"max-image-preview:large","max-video-preview":"max-video-preview:-1"},"canonical":"https:\/\/www.salk.edu\/de\/about\/our-community\/","og_locale":"de_DE","og_type":"article","og_title":"Community & Engagement - Salk Institute for Biological Studies","og_url":"https:\/\/www.salk.edu\/de\/about\/our-community\/","og_site_name":"Salk Institute for Biological Studies","article_modified_time":"2026-04-23T17:23:00+00:00","og_image":[{"url":"https:\/\/www.salk.edu\/wp-content\/uploads\/2023\/06\/20230307-0X8C7925-dei.jpg","type":"","width":"","height":""}],"twitter_card":"summary_large_image","twitter_misc":{"Est. reading time":"2 minutes"},"schema":{"@context":"https:\/\/schema.org","@graph":[{"@type":"WebPage","@id":"https:\/\/www.salk.edu\/about\/our-community\/","url":"https:\/\/www.salk.edu\/about\/our-community\/","name":"Community & Engagement - Salk Institute for Biological Studies","isPartOf":{"@id":"https:\/\/www.salk.edu\/#website"},"primaryImageOfPage":{"@id":"https:\/\/www.salk.edu\/about\/our-community\/#primaryimage"},"image":{"@id":"https:\/\/www.salk.edu\/about\/our-community\/#primaryimage"},"thumbnailUrl":"https:\/\/www.salk.edu\/wp-content\/uploads\/2023\/06\/20230307-0X8C7925-dei.jpg","datePublished":"2020-08-17T23:28:12+00:00","dateModified":"2026-04-23T17:23:00+00:00","breadcrumb":{"@id":"https:\/\/www.salk.edu\/about\/our-community\/#breadcrumb"},"inLanguage":"de-DE","potentialAction":[{"@type":"ReadAction","target":["https:\/\/www.salk.edu\/about\/our-community\/"]}]},{"@type":"ImageObject","inLanguage":"de-DE","@id":"https:\/\/www.salk.edu\/about\/our-community\/#primaryimage","url":"https:\/\/www.salk.edu\/wp-content\/uploads\/2023\/06\/20230307-0X8C7925-dei.jpg","contentUrl":"https:\/\/www.salk.edu\/wp-content\/uploads\/2023\/06\/20230307-0X8C7925-dei.jpg"},{"@type":"BreadcrumbList","@id":"https:\/\/www.salk.edu\/about\/our-community\/#breadcrumb","itemListElement":[{"@type":"ListItem","position":1,"name":"Home","item":"https:\/\/www.salk.edu\/"},{"@type":"ListItem","position":2,"name":"About","item":"https:\/\/www.salk.edu\/about\/"},{"@type":"ListItem","position":3,"name":"Community &#038; Engagement"}]},{"@type":"WebSite","@id":"https:\/\/www.salk.edu\/#website","url":"https:\/\/www.salk.edu\/","name":"Salk-Institut f\u00fcr biologische Studien","description":"Die Macht der Wissenschaft","publisher":{"@id":"https:\/\/www.salk.edu\/#organization"},"potentialAction":[{"@type":"SearchAction","target":{"@type":"EntryPoint","urlTemplate":"https:\/\/www.salk.edu\/?s={search_term_string}"},"query-input":{"@type":"PropertyValueSpecification","valueRequired":true,"valueName":"search_term_string"}}],"inLanguage":"de-DE"},{"@type":"Organization","@id":"https:\/\/www.salk.edu\/#organization","name":"Salk-Institut f\u00fcr biologische Studien","url":"https:\/\/www.salk.edu\/","logo":{"@type":"ImageObject","inLanguage":"de-DE","@id":"https:\/\/www.salk.edu\/#\/schema\/logo\/image\/","url":"http:\/\/www.salk.edu\/wp-content\/uploads\/2023\/03\/salk_logo_696.jpg","contentUrl":"http:\/\/www.salk.edu\/wp-content\/uploads\/2023\/03\/salk_logo_696.jpg","width":696,"height":696,"caption":"Salk Institute for Biological Studies"},"image":{"@id":"https:\/\/www.salk.edu\/#\/schema\/logo\/image\/"}}]}},"ACF":{"hero":"https:\/\/www.salk.edu\/wp-content\/uploads\/2025\/04\/25-our-community-collage-header.jpg","line_1":"Community & Engagement","line_2":"Overview","poster_quote":"","salk_custom_body_class":"","gallery":false,"secondary_navigation":"<div class=\"menu-office-of-community-and-engagement-container\"><ul id=\"menu-office-of-community-and-engagement\" class=\"menu\"><li class=\"menu-item menu-item-type-post_type menu-item-object-page menu-item-41239\"><a href=\"https:\/\/www.salk.edu\/de\/about\/our-community\/\">Overview<\/a><\/li>\n<li class=\"menu-item menu-item-type-post_type menu-item-object-page menu-item-51256\"><a href=\"https:\/\/www.salk.edu\/de\/about\/our-community\/research-and-training-opportunities\/\">Research and Training Opportunities<\/a><\/li>\n<li class=\"menu-item menu-item-type-post_type menu-item-object-page menu-item-41198\"><a href=\"https:\/\/www.salk.edu\/de\/about\/our-community\/salk-culture\/\">Salk Culture<\/a><\/li>\n<li class=\"menu-item menu-item-type-custom menu-item-object-custom menu-item-56605\"><a href=\"\/about\/education-outreach\/\">Education Outreach<\/a><\/li>\n<\/ul><\/div>"},"_links":{"self":[{"href":"https:\/\/www.salk.edu\/de\/wp-json\/wp\/v2\/pages\/27922","targetHints":{"allow":["GET"]}}],"collection":[{"href":"https:\/\/www.salk.edu\/de\/wp-json\/wp\/v2\/pages"}],"about":[{"href":"https:\/\/www.salk.edu\/de\/wp-json\/wp\/v2\/types\/page"}],"author":[{"embeddable":true,"href":"https:\/\/www.salk.edu\/de\/wp-json\/wp\/v2\/users\/3"}],"replies":[{"embeddable":true,"href":"https:\/\/www.salk.edu\/de\/wp-json\/wp\/v2\/comments?post=27922"}],"version-history":[{"count":68,"href":"https:\/\/www.salk.edu\/de\/wp-json\/wp\/v2\/pages\/27922\/revisions"}],"predecessor-version":[{"id":56604,"href":"https:\/\/www.salk.edu\/de\/wp-json\/wp\/v2\/pages\/27922\/revisions\/56604"}],"up":[{"embeddable":true,"href":"https:\/\/www.salk.edu\/de\/wp-json\/wp\/v2\/pages\/5"}],"wp:attachment":[{"href":"https:\/\/www.salk.edu\/de\/wp-json\/wp\/v2\/media?parent=27922"}],"wp:term":[{"taxonomy":"folder","embeddable":true,"href":"https:\/\/www.salk.edu\/de\/wp-json\/wp\/v2\/folder?post=27922"}],"curies":[{"name":"WP","href":"https:\/\/api.w.org\/{rel}","templated":true}]}}