{"id":21344,"date":"2019-01-11T10:13:32","date_gmt":"2019-01-11T18:13:32","guid":{"rendered":"https:\/\/vermont.salk.edu\/?page_id=21344"},"modified":"2025-12-02T11:05:34","modified_gmt":"2025-12-02T19:05:34","slug":"salk-press-office","status":"publish","type":"page","link":"https:\/\/www.salk.edu\/de\/news\/salk-press-office\/","title":{"rendered":"Salk-Pressestelle"},"content":{"rendered":"<p>Das Kommunikationsb\u00fcro des Salk-Instituts arbeitet mit lokalen, nationalen und internationalen Medien zusammen, um Journalisten mit genauen Informationen \u00fcber die neuesten Entdeckungen des Salk-Instituts zu versorgen. Wir stehen zur Verf\u00fcgung, um Interviews mit unseren Wissenschaftlern zu arrangieren und helfen bei der Entwicklung von Story-Ideen \u00fcber ihre Forschung. F\u00fcr Medienanfragen wenden Sie sich bitte an <a href=\"mailto:press@salk.edu\">press@salk.edu<\/a>.<\/p>\n<hr \/>\n<section class=\"content\">\n<div class=\"row\">\n<div class=\"entry col-sm-6\">\n<h2>Heather Buschman, PhD<\/h2>\n<p>Leiterin der Abteilung Kommunikation<br \/>\n(858) 453-4100 x1403<br \/>\n<a href=\"mailto:press@salk.edu\">press@salk.edu<\/a><\/p>\n<\/div>\n<div class=\"entry col-sm-4\">\n<h2>Victoria Johnson<\/h2>\n<p>Pressebeauftragter<br \/>\n(858) 453-4100 x1547<br \/>\n<a href=\"mailto:press@salk.edu\">press@salk.edu<\/a><\/p>\n<\/div>\n<div class=\"entry col-sm-6\"><\/div>\n<\/div>\n<\/section>\n<hr \/>\n<section class=\"content\">\n<div class=\"row\">\n<div class=\"entry col-sm-4\">\n<h3>N\u00fctzliche Links<\/h3>\n<p><a class=\"btn -expand\" href=\"https:\/\/www.salk.edu\/de\/news\/salk-news\/\">Salk Nachrichten<\/a><\/p>\n<p><a class=\"btn -expand\" href=\"https:\/\/www.salk.edu\/de\/science\/directory\/faculty\/\">Fakult\u00e4tsverzeichnis<\/a><\/p>\n<p><a class=\"btn -expand\" href=\"https:\/\/www.salk.edu\/de\/science\/research\/\">Salk Forschungsgebiete<\/a><\/p>\n<p><a class=\"btn -expand\" href=\"https:\/\/www.salk.edu\/wp-content\/uploads\/2023\/12\/23-Salk-by-the-numbers-231201.pdf\">Salk Faktenblatt<\/a><\/p>\n<p><a class=\"btn -expand\" href=\"https:\/\/www.salk.edu\/de\/about\/management-team\/\">Bios von F\u00fchrungskr\u00e4ften<\/a><\/p>\n<p><a class=\"btn -expand\" href=\"https:\/\/www.salk.edu\/de\/about\/\">\u00dcber das Salk Institute<\/a><\/p>\n<\/div>\n<div class=\"entry col-sm-4\">\n<h3>Medien-Ressourcen<\/h3>\n<p><a class=\"btn -expand\" href=\"https:\/\/salk.canto.com\/v\/MediaAssets\/landing?viewIndex=0\" target=\"_blank\" rel=\"noopener\">Logos, Bilder und Videos des Salk Instituts<\/a><\/p>\n<p><a class=\"btn -expand\" href=\"https:\/\/www.salk.edu\/de\/news\/film-guidelines\/\">Filmrichtlinien<\/a><\/p>\n<p><a class=\"btn -expand\" href=\"https:\/\/www.salk.edu\/de\/news\/media-guidelines\/\">Fotografierichtlinien<\/a><\/p>\n<\/div>\n<\/div>\n<\/section>\n<hr \/>\n<section class=\"content\">\n<div class=\"row\">\n<div class=\"entry col-sm-5\">\n<h3>Nachrichten nach Forschungsgebiet<\/h3>\n<p><a class=\"btn -expand\" href=\"https:\/\/www.salk.edu\/de\/science\/research\/aging-and-regenerative-medicine\/news\/\">Gesundes Altern<\/a><\/p>\n<p><a class=\"btn -expand\" href=\"https:\/\/www.salk.edu\/de\/science\/research\/biochemistry-and-biophysics\/news\/\">Biochemie und Biophysik<\/a><\/p>\n<p><a class=\"btn -expand\" href=\"https:\/\/www.salk.edu\/de\/science\/research\/cancer-biology\/news\/\">Krebs<\/a><\/p>\n<p><a class=\"btn -expand\" href=\"https:\/\/www.salk.edu\/de\/science\/research\/computational-biology\/news\/\">Computergest\u00fctzte Biologie<\/a><\/p>\n<p><!-- <a class=\"btn -expand\" href=\"https:\/\/www.salk.edu\/science\/research\/genetics\/news\/\">Genetics<\/a> --><\/p>\n<p><!-- <a class=\"btn -expand\" href=\"https:\/\/www.salk.edu\/science\/research\/infectious-disease\/news\/\">Infectious Disease<\/a> --><\/p>\n<\/div>\n<style>.button-spacer{margin-top: 54px;}<br \/>@media (max-width:767px){.button-spacer{margin-top: 15.4px;}}<\/style>\n<div class=\"entry col-sm-7\">\n<div class=\"button-spacer\"><\/div>\n<p><a class=\"btn -expand\" href=\"https:\/\/www.salk.edu\/de\/science\/research\/immune-system-biology\/news\/\">Immunbiologie<\/a><\/p>\n<p><a class=\"btn -expand\" href=\"https:\/\/www.salk.edu\/de\/science\/research\/metabolism-and-diabetes\/news\/\">Stoffwechsel<\/a><\/p>\n<p><a class=\"btn -expand\" href=\"https:\/\/www.salk.edu\/de\/science\/research\/neuroscience-and-neurological-disorders\/news\/\">Neurowissenschaft<\/a><\/p>\n<p><a class=\"btn -expand\" href=\"https:\/\/www.salk.edu\/de\/science\/research\/plant-biology\/news\/\">Pflanzenbiologie<\/a><\/p>\n<p><!-- <a class=\"btn -expand\" href=\"https:\/\/www.salk.edu\/science\/research\/protein-interactions\/news\/\">Protein Interactions<\/a>\n\n<a class=\"btn -expand\" href=\"https:\/\/www.salk.edu\/science\/research\/regeneration\/news\/\">Regeneration<\/a> --><\/p>\n<\/div>\n<\/div>\n<\/section>","protected":false},"excerpt":{"rendered":"<p>Das Kommunikationsb\u00fcro des Salk-Instituts arbeitet mit lokalen, nationalen und internationalen Medien zusammen, um Journalisten mit genauen Informationen \u00fcber die neuesten Entdeckungen des Salk-Instituts zu versorgen. Wir stehen zur Verf\u00fcgung, um Interviews mit unseren Wissenschaftlern zu arrangieren und helfen bei der Entwicklung von Story-Ideen \u00fcber ihre Forschung. F\u00fcr Medienanfragen wenden Sie sich bitte an <a href=\"mailto:press@salk.edu\">press@salk.edu<\/a>.<\/p>","protected":false},"author":91,"featured_media":0,"parent":54,"menu_order":0,"comment_status":"closed","ping_status":"closed","template":"template-sidebar-right.php","meta":{"_acf_changed":false,"footnotes":""},"folder":[532],"class_list":["post-21344","page","type-page","status-publish","hentry"],"acf":[],"yoast_head":"<!-- This site is optimized with the Yoast SEO plugin v27.3 - https:\/\/yoast.com\/product\/yoast-seo-wordpress\/ -->\n<title>Salk Press Office - Salk Institute for Biological Studies<\/title>\n<meta name=\"robots\" content=\"index, follow, max-snippet:-1, max-image-preview:large, max-video-preview:-1\" \/>\n<link rel=\"canonical\" href=\"https:\/\/www.salk.edu\/de\/news\/salk-press-office\/\" \/>\n<meta property=\"og:locale\" content=\"de_DE\" \/>\n<meta property=\"og:type\" content=\"article\" \/>\n<meta property=\"og:title\" content=\"Salk Press Office - Salk Institute for Biological Studies\" \/>\n<meta property=\"og:description\" content=\"The Salk Institute Office of Communications works with local, national and international media to provide journalists with accurate information about Salk&#8217;s latest discoveries. We are available to set up interviews with our scientists and assist in developing story ideas on their research. For media inquiries, please email press@salk.edu.\" \/>\n<meta property=\"og:url\" content=\"https:\/\/www.salk.edu\/de\/news\/salk-press-office\/\" \/>\n<meta property=\"og:site_name\" content=\"Salk Institute for Biological Studies\" \/>\n<meta property=\"article:modified_time\" content=\"2025-12-02T19:05:34+00:00\" \/>\n<meta property=\"og:image\" content=\"https:\/\/www.salk.edu\/wp-content\/uploads\/2023\/03\/salk-institute-preview-image.jpg\" \/>\n\t<meta property=\"og:image:width\" content=\"628\" \/>\n\t<meta property=\"og:image:height\" content=\"329\" \/>\n\t<meta property=\"og:image:type\" content=\"image\/jpeg\" \/>\n<meta name=\"twitter:card\" content=\"summary_large_image\" \/>\n<meta name=\"twitter:label1\" content=\"Est. reading time\" \/>\n\t<meta name=\"twitter:data1\" content=\"1 minute\" \/>\n<script type=\"application\/ld+json\" class=\"yoast-schema-graph\">{\"@context\":\"https:\\\/\\\/schema.org\",\"@graph\":[{\"@type\":\"WebPage\",\"@id\":\"https:\\\/\\\/www.salk.edu\\\/news\\\/salk-press-office\\\/\",\"url\":\"https:\\\/\\\/www.salk.edu\\\/news\\\/salk-press-office\\\/\",\"name\":\"Salk Press Office - Salk Institute for Biological Studies\",\"isPartOf\":{\"@id\":\"https:\\\/\\\/www.salk.edu\\\/#website\"},\"datePublished\":\"2019-01-11T18:13:32+00:00\",\"dateModified\":\"2025-12-02T19:05:34+00:00\",\"breadcrumb\":{\"@id\":\"https:\\\/\\\/www.salk.edu\\\/news\\\/salk-press-office\\\/#breadcrumb\"},\"inLanguage\":\"de-DE\",\"potentialAction\":[{\"@type\":\"ReadAction\",\"target\":[\"https:\\\/\\\/www.salk.edu\\\/news\\\/salk-press-office\\\/\"]}]},{\"@type\":\"BreadcrumbList\",\"@id\":\"https:\\\/\\\/www.salk.edu\\\/news\\\/salk-press-office\\\/#breadcrumb\",\"itemListElement\":[{\"@type\":\"ListItem\",\"position\":1,\"name\":\"Home\",\"item\":\"https:\\\/\\\/www.salk.edu\\\/\"},{\"@type\":\"ListItem\",\"position\":2,\"name\":\"News\",\"item\":\"https:\\\/\\\/www.salk.edu\\\/news\\\/\"},{\"@type\":\"ListItem\",\"position\":3,\"name\":\"Salk Press Office\"}]},{\"@type\":\"WebSite\",\"@id\":\"https:\\\/\\\/www.salk.edu\\\/#website\",\"url\":\"https:\\\/\\\/www.salk.edu\\\/\",\"name\":\"Salk Institute for Biological Studies\",\"description\":\"The Power of Science\",\"publisher\":{\"@id\":\"https:\\\/\\\/www.salk.edu\\\/#organization\"},\"potentialAction\":[{\"@type\":\"SearchAction\",\"target\":{\"@type\":\"EntryPoint\",\"urlTemplate\":\"https:\\\/\\\/www.salk.edu\\\/?s={search_term_string}\"},\"query-input\":{\"@type\":\"PropertyValueSpecification\",\"valueRequired\":true,\"valueName\":\"search_term_string\"}}],\"inLanguage\":\"de-DE\"},{\"@type\":\"Organization\",\"@id\":\"https:\\\/\\\/www.salk.edu\\\/#organization\",\"name\":\"Salk Institute for Biological Studies\",\"url\":\"https:\\\/\\\/www.salk.edu\\\/\",\"logo\":{\"@type\":\"ImageObject\",\"inLanguage\":\"de-DE\",\"@id\":\"https:\\\/\\\/www.salk.edu\\\/#\\\/schema\\\/logo\\\/image\\\/\",\"url\":\"http:\\\/\\\/www.salk.edu\\\/wp-content\\\/uploads\\\/2023\\\/03\\\/salk_logo_696.jpg\",\"contentUrl\":\"http:\\\/\\\/www.salk.edu\\\/wp-content\\\/uploads\\\/2023\\\/03\\\/salk_logo_696.jpg\",\"width\":696,\"height\":696,\"caption\":\"Salk Institute for Biological Studies\"},\"image\":{\"@id\":\"https:\\\/\\\/www.salk.edu\\\/#\\\/schema\\\/logo\\\/image\\\/\"}}]}<\/script>\n<!-- \/ Yoast SEO plugin. -->","yoast_head_json":{"title":"Salk Press Office - Salk Institute for Biological Studies","robots":{"index":"index","follow":"follow","max-snippet":"max-snippet:-1","max-image-preview":"max-image-preview:large","max-video-preview":"max-video-preview:-1"},"canonical":"https:\/\/www.salk.edu\/de\/news\/salk-press-office\/","og_locale":"de_DE","og_type":"article","og_title":"Salk Press Office - Salk Institute for Biological Studies","og_description":"The Salk Institute Office of Communications works with local, national and international media to provide journalists with accurate information about Salk&#8217;s latest discoveries. We are available to set up interviews with our scientists and assist in developing story ideas on their research. For media inquiries, please email press@salk.edu.","og_url":"https:\/\/www.salk.edu\/de\/news\/salk-press-office\/","og_site_name":"Salk Institute for Biological Studies","article_modified_time":"2025-12-02T19:05:34+00:00","og_image":[{"width":628,"height":329,"url":"https:\/\/www.salk.edu\/wp-content\/uploads\/2023\/03\/salk-institute-preview-image.jpg","type":"image\/jpeg"}],"twitter_card":"summary_large_image","twitter_misc":{"Est. reading time":"1 minute"},"schema":{"@context":"https:\/\/schema.org","@graph":[{"@type":"WebPage","@id":"https:\/\/www.salk.edu\/news\/salk-press-office\/","url":"https:\/\/www.salk.edu\/news\/salk-press-office\/","name":"Salk Press Office - Salk Institute for Biological Studies","isPartOf":{"@id":"https:\/\/www.salk.edu\/#website"},"datePublished":"2019-01-11T18:13:32+00:00","dateModified":"2025-12-02T19:05:34+00:00","breadcrumb":{"@id":"https:\/\/www.salk.edu\/news\/salk-press-office\/#breadcrumb"},"inLanguage":"de-DE","potentialAction":[{"@type":"ReadAction","target":["https:\/\/www.salk.edu\/news\/salk-press-office\/"]}]},{"@type":"BreadcrumbList","@id":"https:\/\/www.salk.edu\/news\/salk-press-office\/#breadcrumb","itemListElement":[{"@type":"ListItem","position":1,"name":"Home","item":"https:\/\/www.salk.edu\/"},{"@type":"ListItem","position":2,"name":"News","item":"https:\/\/www.salk.edu\/news\/"},{"@type":"ListItem","position":3,"name":"Salk Press Office"}]},{"@type":"WebSite","@id":"https:\/\/www.salk.edu\/#website","url":"https:\/\/www.salk.edu\/","name":"Salk-Institut f\u00fcr biologische Studien","description":"Die Macht der Wissenschaft","publisher":{"@id":"https:\/\/www.salk.edu\/#organization"},"potentialAction":[{"@type":"SearchAction","target":{"@type":"EntryPoint","urlTemplate":"https:\/\/www.salk.edu\/?s={search_term_string}"},"query-input":{"@type":"PropertyValueSpecification","valueRequired":true,"valueName":"search_term_string"}}],"inLanguage":"de-DE"},{"@type":"Organization","@id":"https:\/\/www.salk.edu\/#organization","name":"Salk-Institut f\u00fcr biologische Studien","url":"https:\/\/www.salk.edu\/","logo":{"@type":"ImageObject","inLanguage":"de-DE","@id":"https:\/\/www.salk.edu\/#\/schema\/logo\/image\/","url":"http:\/\/www.salk.edu\/wp-content\/uploads\/2023\/03\/salk_logo_696.jpg","contentUrl":"http:\/\/www.salk.edu\/wp-content\/uploads\/2023\/03\/salk_logo_696.jpg","width":696,"height":696,"caption":"Salk Institute for Biological Studies"},"image":{"@id":"https:\/\/www.salk.edu\/#\/schema\/logo\/image\/"}}]}},"ACF":{"hero":"https:\/\/www.salk.edu\/wp-content\/uploads\/2020\/01\/Salk_Institute_Courtyard_Sunset_Drone_0031bweb.jpg","line_1":"Press Office","line_2":"","secondary_navigation":"<div class=\"menu-news-container\"><ul id=\"menu-news\" class=\"menu\"><li class=\"menu-item menu-item-type-post_type menu-item-object-page menu-item-6201\"><a href=\"https:\/\/www.salk.edu\/de\/news\/\">Overview<\/a><\/li>\n<li class=\"menu-item menu-item-type-post_type menu-item-object-page menu-item-6202\"><a href=\"https:\/\/www.salk.edu\/de\/news\/salk-news\/\">Recent News<\/a><\/li>\n<li class=\"menu-item menu-item-type-post_type menu-item-object-page menu-item-6203\"><a href=\"https:\/\/www.salk.edu\/de\/news\/salk-publications\/\">Publications<\/a><\/li>\n<li class=\"menu-item menu-item-type-post_type menu-item-object-page menu-item-6205\"><a href=\"https:\/\/www.salk.edu\/de\/news\/photography-policy\/\">Photography Policy<\/a><\/li>\n<li class=\"menu-item menu-item-type-post_type menu-item-object-page menu-item-21706\"><a href=\"https:\/\/www.salk.edu\/de\/news\/salk-press-office\/\">Salk Press Office<\/a><\/li>\n<\/ul><\/div>","gallery":false,"salk_custom_body_class":"","poster_quote":"","salk_sidebar":"<h2>Sign up to receive press releases:<\/h2>\n<p><a class=\"btn -expand\" href=\"https:\/\/www.salk.edu\/news\/salk-press-office\/sign-up-to-receive-press-releases\/\">Sign Up<\/a><\/p>\n<p><!--\n\n\n<hr \/>\n\n\n\n\n\n<h2>Submit a media request:<\/h2>\n\n\n<a class=\"btn -expand\" href=\"https:\/\/www.salk.edu\/news\/salk-press-office\/submit-a-media-request\/\">Submit<\/a>\n--><\/p>\n<hr \/>\n<h2>Subscribe to our tri-annual magazine, Inside Salk:<\/h2>\n<p><a class=\"btn -expand\" href=\"https:\/\/www.salk.edu\/news\/salk-publications\/salk-newsletter\/sign-up-for-inside-salk\/\">Subscribe<\/a><br \/>\n<img decoding=\"async\" style=\"width: 300px; margin-top: 20px;\" src=\"http:\/\/www.salk.edu\/wp-content\/uploads\/2019\/04\/inside-salk-spring-2019-cover-1-767x994.jpg\" \/><\/p>\n"},"_links":{"self":[{"href":"https:\/\/www.salk.edu\/de\/wp-json\/wp\/v2\/pages\/21344","targetHints":{"allow":["GET"]}}],"collection":[{"href":"https:\/\/www.salk.edu\/de\/wp-json\/wp\/v2\/pages"}],"about":[{"href":"https:\/\/www.salk.edu\/de\/wp-json\/wp\/v2\/types\/page"}],"author":[{"embeddable":true,"href":"https:\/\/www.salk.edu\/de\/wp-json\/wp\/v2\/users\/91"}],"replies":[{"embeddable":true,"href":"https:\/\/www.salk.edu\/de\/wp-json\/wp\/v2\/comments?post=21344"}],"version-history":[{"count":54,"href":"https:\/\/www.salk.edu\/de\/wp-json\/wp\/v2\/pages\/21344\/revisions"}],"predecessor-version":[{"id":55363,"href":"https:\/\/www.salk.edu\/de\/wp-json\/wp\/v2\/pages\/21344\/revisions\/55363"}],"up":[{"embeddable":true,"href":"https:\/\/www.salk.edu\/de\/wp-json\/wp\/v2\/pages\/54"}],"wp:attachment":[{"href":"https:\/\/www.salk.edu\/de\/wp-json\/wp\/v2\/media?parent=21344"}],"wp:term":[{"taxonomy":"folder","embeddable":true,"href":"https:\/\/www.salk.edu\/de\/wp-json\/wp\/v2\/folder?post=21344"}],"curies":[{"name":"wp","href":"https:\/\/api.w.org\/{rel}","templated":true}]}}