{"id":16539,"date":"2018-02-14T13:13:49","date_gmt":"2018-02-14T21:13:49","guid":{"rendered":"https:\/\/vermont.salk.edu\/?page_id=16539"},"modified":"2018-02-16T09:40:27","modified_gmt":"2018-02-16T17:40:27","slug":"2018-february-wallpaper","status":"publish","type":"page","link":"https:\/\/www.salk.edu\/de\/2018-february-wallpaper\/","title":{"rendered":"2018 February Wallpaper"},"content":{"rendered":"<p>Jeden Monat endet der Salk-Newsletter mit einem beeindruckenden Foto, das Ihren Desktop auf eine Reise in wissenschaftliche Entdeckungen entf\u00fchrt. W\u00e4hlen Sie Ihre Lieblingsbilder aus und laden Sie sie als Desktop-Hintergrund herunter.<\/p>\n<p>Lucky sky-watchers got a treat on January 31 as the seemingly super-sized full moon passed through Earth&#8217;s shadow and underwent a dramatic total lunar eclipse. Based on this unusual cosmic combination, the lunar sky show was termed a &#8220;super blue blood moon.&#8221;<\/p>\n<p>W\u00e4hlen Sie einfach ein Bild aus und klicken Sie mit der rechten Maustaste auf einen Link, um das richtige Bild f\u00fcr Ihre Bildschirmgr\u00f6\u00dfe herunterzuladen.<\/p>\n<div class=\"tabbable tabs\">\n<ul class=\"nav nav-tabs\">\n<li class=\"active\"><a href=\"#desktop\" data-toggle=\"tab\">Schreibtisch<\/a><\/li>\n<li><a href=\"#tablet\" data-toggle=\"tab\">Tablette<\/a><\/li>\n<li><a href=\"#facebook\" data-toggle=\"tab\">Facebook<\/a><\/li>\n<li><a href=\"#phone\" data-toggle=\"tab\">Telefon<\/a><\/li>\n<\/ul>\n<p><!-- nav nav-tabs --><\/p>\n<\/div>\n<p><!-- tabbable tabs --><\/p>\n<section class=\"tab-content\">\n<div id=\"desktop\" class=\"tab-pane active\">\n<h2>Desktop Hintergrund<\/h2>\n<p>Das Anbringen Ihrer Tapete ist einfach:<\/p>\n<ul class=\"indent\">\n<li>Klicken Sie auf den unten stehenden Link.<\/li>\n<li>Klicken Sie mit der rechten Maustaste auf das Bild, um das Men\u00fc mit den Optionen anzuzeigen.<\/li>\n<li>W\u00e4hlen Sie \u201cAls Hintergrund festlegen\u201d oder \u201cAls Desktop-Hintergrund festlegen\u201d.<\/li>\n<\/ul>\n<ul>\n<li><a href=\"https:\/\/www.salk.edu\/wp-content\/uploads\/2018\/02\/bloodmoon-wallpaper-desktop.jpg\" target=\"_blank\">2000 x 1600\u00bb<\/a><\/li>\n<\/ul>\n<\/div>\n<p><!-- desktop --><\/p>\n<div id=\"tablet\" class=\"tab-pane\">\n<h2>Tablet-Hintergrundbild<\/h2>\n<p>Das Anbringen Ihrer Tapete ist einfach:<\/p>\n<ul class=\"indent\">\n<li>Klicken Sie auf den untenstehenden Link \u201ciPad-Titelbild\u201d.<\/li>\n<li>Ber\u00fchren und halten Sie das Bild und w\u00e4hlen Sie \u201cBild speichern\u201d.<\/li>\n<li>Navigieren Sie zu dem Foto in Ihrem Fotoalbum.<\/li>\n<li>W\u00e4hlen Sie im Men\u00fc \u201cOptionen\u201d die Option \u201cAls Hintergrundbild verwenden\u201d.\u201d<\/li>\n<\/ul>\n<ul>\n<li><a href=\"https:\/\/www.salk.edu\/wp-content\/uploads\/2018\/02\/bloodmoon-wallpaper-tablet.jpg\" target=\"_blank\">iPad Schutzh\u00fclle\u00bb<\/a><\/li>\n<\/ul>\n<\/div>\n<p><!-- tablet --><\/p>\n<div id=\"facebook\" class=\"tab-pane\">\n<h2>Facebook-Cover-Fotos<\/h2>\n<p>Das Einrichten Ihres Titelbildes ist einfach:<\/p>\n<ul class=\"indent\">\n<li>Klicken Sie auf den untenstehenden Link, um die Version in voller Gr\u00f6\u00dfe zu sehen.<\/li>\n<li>Klicken Sie mit der rechten Maustaste, laden Sie das Bild herunter und laden Sie es dann auf Facebook hoch.<\/li>\n<li>W\u00e4hlen Sie die Option \u201cAls Titelfoto verwenden\u201d.<\/li>\n<\/ul>\n<ul>\n<li><a href=\"https:\/\/www.salk.edu\/wp-content\/uploads\/2018\/02\/bloodmoon-wallpaper-facebook.jpg\" target=\"_blank\">Facebook-Titelbild <\/a>\u00bb<\/li>\n<\/ul>\n<\/div>\n<p><!-- facebook --><\/p>\n<div id=\"phone\" class=\"tab-pane\">\n<h2>Smartphone-Hintergrundbild<\/h2>\n<p>Das Anbringen Ihrer Tapete ist einfach:<\/p>\n<ul class=\"indent\">\n<li>Ber\u00fchren Sie das Foto, das Sie als Hintergrundbild verwenden m\u00f6chten.<\/li>\n<li>Ber\u00fchren und halten Sie das Bild und w\u00e4hlen Sie \u201cBild speichern\u201d.<\/li>\n<li>Navigieren Sie zu dem Foto in Ihrem Fotoalbum.<\/li>\n<li>W\u00e4hlen Sie im Men\u00fc \u201cOptionen\u201d die Option \u201cAls Hintergrundbild verwenden\u201d.\u201d<\/li>\n<\/ul>\n<ul>\n<li><a href=\"https:\/\/www.salk.edu\/wp-content\/uploads\/2018\/02\/bloodmoon-wallpaper-tablet.jpg\" target=\"_blank\">Smartphone-Titelbild \u00bb<\/a><\/li>\n<\/ul>\n<\/div>\n<\/section>","protected":false},"excerpt":{"rendered":"<p>Jeden Monat endet der Salk-Newsletter mit einem beeindruckenden Foto, das Ihren Desktop auf eine Reise in wissenschaftliche Entdeckungen entf\u00fchrt. W\u00e4hlen Sie Ihre Lieblingsbilder aus und laden Sie sie als Desktop-Hintergrund herunter.<\/p>","protected":false},"author":91,"featured_media":0,"parent":0,"menu_order":0,"comment_status":"closed","ping_status":"closed","template":"","meta":{"_acf_changed":false,"footnotes":""},"folder":[592],"class_list":["post-16539","page","type-page","status-publish","hentry"],"acf":[],"yoast_head":"<!-- This site is optimized with the Yoast SEO plugin v27.3 - https:\/\/yoast.com\/product\/yoast-seo-wordpress\/ -->\n<title>2018 February Wallpaper - Salk Institute for Biological Studies<\/title>\n<meta name=\"robots\" content=\"index, follow, max-snippet:-1, max-image-preview:large, max-video-preview:-1\" \/>\n<link rel=\"canonical\" href=\"https:\/\/www.salk.edu\/de\/2018-february-wallpaper\/\" \/>\n<meta property=\"og:locale\" content=\"de_DE\" \/>\n<meta property=\"og:type\" content=\"article\" \/>\n<meta property=\"og:title\" content=\"2018 February Wallpaper - Salk Institute for Biological Studies\" \/>\n<meta property=\"og:description\" content=\"Each month the Salk e-newsletter ends with a stunning photo to take your desktop on a journey into scientific discoveries. Pick your favorite images, and download them as your desktop wallpaper.\" \/>\n<meta property=\"og:url\" content=\"https:\/\/www.salk.edu\/de\/2018-february-wallpaper\/\" \/>\n<meta property=\"og:site_name\" content=\"Salk Institute for Biological Studies\" \/>\n<meta property=\"article:modified_time\" content=\"2018-02-16T17:40:27+00:00\" \/>\n<meta property=\"og:image\" content=\"https:\/\/www.salk.edu\/wp-content\/uploads\/2023\/03\/salk-institute-preview-image.jpg\" \/>\n\t<meta property=\"og:image:width\" content=\"628\" \/>\n\t<meta property=\"og:image:height\" content=\"329\" \/>\n\t<meta property=\"og:image:type\" content=\"image\/jpeg\" \/>\n<meta name=\"twitter:card\" content=\"summary_large_image\" \/>\n<meta name=\"twitter:label1\" content=\"Est. reading time\" \/>\n\t<meta name=\"twitter:data1\" content=\"1 minute\" \/>\n<script type=\"application\/ld+json\" class=\"yoast-schema-graph\">{\"@context\":\"https:\\\/\\\/schema.org\",\"@graph\":[{\"@type\":\"WebPage\",\"@id\":\"https:\\\/\\\/www.salk.edu\\\/2018-february-wallpaper\\\/\",\"url\":\"https:\\\/\\\/www.salk.edu\\\/2018-february-wallpaper\\\/\",\"name\":\"2018 February Wallpaper - Salk Institute for Biological Studies\",\"isPartOf\":{\"@id\":\"https:\\\/\\\/www.salk.edu\\\/#website\"},\"datePublished\":\"2018-02-14T21:13:49+00:00\",\"dateModified\":\"2018-02-16T17:40:27+00:00\",\"breadcrumb\":{\"@id\":\"https:\\\/\\\/www.salk.edu\\\/2018-february-wallpaper\\\/#breadcrumb\"},\"inLanguage\":\"de-DE\",\"potentialAction\":[{\"@type\":\"ReadAction\",\"target\":[\"https:\\\/\\\/www.salk.edu\\\/2018-february-wallpaper\\\/\"]}]},{\"@type\":\"BreadcrumbList\",\"@id\":\"https:\\\/\\\/www.salk.edu\\\/2018-february-wallpaper\\\/#breadcrumb\",\"itemListElement\":[{\"@type\":\"ListItem\",\"position\":1,\"name\":\"Home\",\"item\":\"https:\\\/\\\/www.salk.edu\\\/\"},{\"@type\":\"ListItem\",\"position\":2,\"name\":\"2018 February Wallpaper\"}]},{\"@type\":\"WebSite\",\"@id\":\"https:\\\/\\\/www.salk.edu\\\/#website\",\"url\":\"https:\\\/\\\/www.salk.edu\\\/\",\"name\":\"Salk Institute for Biological Studies\",\"description\":\"The Power of Science\",\"publisher\":{\"@id\":\"https:\\\/\\\/www.salk.edu\\\/#organization\"},\"potentialAction\":[{\"@type\":\"SearchAction\",\"target\":{\"@type\":\"EntryPoint\",\"urlTemplate\":\"https:\\\/\\\/www.salk.edu\\\/?s={search_term_string}\"},\"query-input\":{\"@type\":\"PropertyValueSpecification\",\"valueRequired\":true,\"valueName\":\"search_term_string\"}}],\"inLanguage\":\"de-DE\"},{\"@type\":\"Organization\",\"@id\":\"https:\\\/\\\/www.salk.edu\\\/#organization\",\"name\":\"Salk Institute for Biological Studies\",\"url\":\"https:\\\/\\\/www.salk.edu\\\/\",\"logo\":{\"@type\":\"ImageObject\",\"inLanguage\":\"de-DE\",\"@id\":\"https:\\\/\\\/www.salk.edu\\\/#\\\/schema\\\/logo\\\/image\\\/\",\"url\":\"http:\\\/\\\/www.salk.edu\\\/wp-content\\\/uploads\\\/2023\\\/03\\\/salk_logo_696.jpg\",\"contentUrl\":\"http:\\\/\\\/www.salk.edu\\\/wp-content\\\/uploads\\\/2023\\\/03\\\/salk_logo_696.jpg\",\"width\":696,\"height\":696,\"caption\":\"Salk Institute for Biological Studies\"},\"image\":{\"@id\":\"https:\\\/\\\/www.salk.edu\\\/#\\\/schema\\\/logo\\\/image\\\/\"}}]}<\/script>\n<!-- \/ Yoast SEO plugin. -->","yoast_head_json":{"title":"2018 February Wallpaper - Salk Institute for Biological Studies","robots":{"index":"index","follow":"follow","max-snippet":"max-snippet:-1","max-image-preview":"max-image-preview:large","max-video-preview":"max-video-preview:-1"},"canonical":"https:\/\/www.salk.edu\/de\/2018-february-wallpaper\/","og_locale":"de_DE","og_type":"article","og_title":"2018 February Wallpaper - Salk Institute for Biological Studies","og_description":"Each month the Salk e-newsletter ends with a stunning photo to take your desktop on a journey into scientific discoveries. Pick your favorite images, and download them as your desktop wallpaper.","og_url":"https:\/\/www.salk.edu\/de\/2018-february-wallpaper\/","og_site_name":"Salk Institute for Biological Studies","article_modified_time":"2018-02-16T17:40:27+00:00","og_image":[{"width":628,"height":329,"url":"https:\/\/www.salk.edu\/wp-content\/uploads\/2023\/03\/salk-institute-preview-image.jpg","type":"image\/jpeg"}],"twitter_card":"summary_large_image","twitter_misc":{"Est. reading time":"1 minute"},"schema":{"@context":"https:\/\/schema.org","@graph":[{"@type":"WebPage","@id":"https:\/\/www.salk.edu\/2018-february-wallpaper\/","url":"https:\/\/www.salk.edu\/2018-february-wallpaper\/","name":"2018 February Wallpaper - Salk Institute for Biological Studies","isPartOf":{"@id":"https:\/\/www.salk.edu\/#website"},"datePublished":"2018-02-14T21:13:49+00:00","dateModified":"2018-02-16T17:40:27+00:00","breadcrumb":{"@id":"https:\/\/www.salk.edu\/2018-february-wallpaper\/#breadcrumb"},"inLanguage":"de-DE","potentialAction":[{"@type":"ReadAction","target":["https:\/\/www.salk.edu\/2018-february-wallpaper\/"]}]},{"@type":"BreadcrumbList","@id":"https:\/\/www.salk.edu\/2018-february-wallpaper\/#breadcrumb","itemListElement":[{"@type":"ListItem","position":1,"name":"Home","item":"https:\/\/www.salk.edu\/"},{"@type":"ListItem","position":2,"name":"2018 February Wallpaper"}]},{"@type":"WebSite","@id":"https:\/\/www.salk.edu\/#website","url":"https:\/\/www.salk.edu\/","name":"Salk-Institut f\u00fcr biologische Studien","description":"Die Macht der Wissenschaft","publisher":{"@id":"https:\/\/www.salk.edu\/#organization"},"potentialAction":[{"@type":"SearchAction","target":{"@type":"EntryPoint","urlTemplate":"https:\/\/www.salk.edu\/?s={search_term_string}"},"query-input":{"@type":"PropertyValueSpecification","valueRequired":true,"valueName":"search_term_string"}}],"inLanguage":"de-DE"},{"@type":"Organization","@id":"https:\/\/www.salk.edu\/#organization","name":"Salk-Institut f\u00fcr biologische Studien","url":"https:\/\/www.salk.edu\/","logo":{"@type":"ImageObject","inLanguage":"de-DE","@id":"https:\/\/www.salk.edu\/#\/schema\/logo\/image\/","url":"http:\/\/www.salk.edu\/wp-content\/uploads\/2023\/03\/salk_logo_696.jpg","contentUrl":"http:\/\/www.salk.edu\/wp-content\/uploads\/2023\/03\/salk_logo_696.jpg","width":696,"height":696,"caption":"Salk Institute for Biological Studies"},"image":{"@id":"https:\/\/www.salk.edu\/#\/schema\/logo\/image\/"}}]}},"ACF":{"gallery":false,"salk_custom_body_class":"","secondary_navigation":false},"_links":{"self":[{"href":"https:\/\/www.salk.edu\/de\/wp-json\/wp\/v2\/pages\/16539","targetHints":{"allow":["GET"]}}],"collection":[{"href":"https:\/\/www.salk.edu\/de\/wp-json\/wp\/v2\/pages"}],"about":[{"href":"https:\/\/www.salk.edu\/de\/wp-json\/wp\/v2\/types\/page"}],"author":[{"embeddable":true,"href":"https:\/\/www.salk.edu\/de\/wp-json\/wp\/v2\/users\/91"}],"replies":[{"embeddable":true,"href":"https:\/\/www.salk.edu\/de\/wp-json\/wp\/v2\/comments?post=16539"}],"version-history":[{"count":9,"href":"https:\/\/www.salk.edu\/de\/wp-json\/wp\/v2\/pages\/16539\/revisions"}],"predecessor-version":[{"id":16587,"href":"https:\/\/www.salk.edu\/de\/wp-json\/wp\/v2\/pages\/16539\/revisions\/16587"}],"wp:attachment":[{"href":"https:\/\/www.salk.edu\/de\/wp-json\/wp\/v2\/media?parent=16539"}],"wp:term":[{"taxonomy":"folder","embeddable":true,"href":"https:\/\/www.salk.edu\/de\/wp-json\/wp\/v2\/folder?post=16539"}],"curies":[{"name":"wp","href":"https:\/\/api.w.org\/{rel}","templated":true}]}}